{"id":266736,"date":"2024-03-01T16:57:25","date_gmt":"2024-03-01T15:57:25","guid":{"rendered":"https:\/\/www.csj-emballages.com\/produit\/piatto-quadrato-da-dessert-biodegradabile-20-cm-da-50\/"},"modified":"2026-04-03T02:13:07","modified_gmt":"2026-04-03T00:13:07","slug":"piatto-quadrato-da-dessert-biodegradabile-20-cm-da-50","status":"publish","type":"product","link":"https:\/\/www.csj-emballages.com\/it\/produit\/piatto-quadrato-da-dessert-biodegradabile-20-cm-da-50\/","title":{"rendered":"Piatto quadrato da dessert biodegradabile 20 cm da 50"},"content":{"rendered":"<div style=\"text-align: left;\">\n<div style=\"text-align: left;\">\n<div style=\"text-align: left;\">\n<div style=\"text-align: left;\">\n<div style=\"text-align: left;\">\n<h2>Piatto quadrato<\/h2>\n<hr>\n<h3>Descrizione del nostro piatto quadrato da dessert biodegradabile 20 cm da 50<\/h3>\n<p><!--more--><\/p>\n<p data-start=\"235\" data-end=\"693\">Il <strong>piatto quadrato da dessert biodegradabile di 20 cm<\/strong> \u00e8 la soluzione ideale per unire <strong data-start=\"321\" data-end=\"371\">estetica, praticit\u00e0 e impegno ecologico<\/strong>. Realizzato con materiali naturali come la <strong>polpa di canna da zucchero (bagassa)<\/strong>, \u00e8 <strong>100% compostabile e biodegradabile<\/strong>, il che lo rende una scelta sempre pi\u00f9 apprezzata da catering, ristoratori, organizzatori di eventi, ma anche da privati attenti al proprio impatto ambientale. <\/p>\n<p data-start=\"695\" data-end=\"1105\">Con il suo <strong data-start=\"704\" data-end=\"739\">formato quadrato elegante e moderno<\/strong>, questo <strong>piatto quadrato da 20 cm<\/strong> \u00e8 perfetto per presentare dessert, mignon, formaggi o anche antipasti durante i buffet. Combina leggerezza e solidit\u00e0, resistendo perfettamente all&#8217;umidit\u00e0, al calore e agli alimenti grassi. Puoi quindi servirci sia un tortino al cioccolato che una macedonia, senza rischio di deformazioni o perdite.  <\/p>\n<p data-start=\"1107\" data-end=\"1444\">Confezionato in <strong data-start=\"1124\" data-end=\"1137\">lotto da 50<\/strong>, questo <strong>piatto quadrato bio<\/strong> \u00e8 ideale per eventi di medie dimensioni come compleanni, matrimoni, pranzi aziendali o take-away eco-responsabili. Niente pi\u00f9 compromessi tra estetica ed ecologia: questo <strong>piatto biodegradabile<\/strong> offre un risultato professionale pur essendo un&#8217;alternativa sostenibile ai prodotti in plastica. <\/p>\n<p data-start=\"1446\" data-end=\"1583\">Grazie a questo prodotto, valorizzi il tuo impegno ambientale garantendo al contempo una presentazione curata e di qualit\u00e0 dei tuoi piatti.<\/p>\n<p data-start=\"1377\" data-end=\"1659\"><!--more--><\/p>\n<h4 data-start=\"1377\" data-end=\"1659\">Vantaggi:<\/h4>\n<ul>\n<li><strong>Realizzati in bagassa<\/strong>: materiale naturale e compostabile.<\/li>\n<li>Resistenti al calore, all&#8217;umidit\u00e0 e agli alimenti con salse.<\/li>\n<li>Adatti per usi professionali e privati.<\/li>\n<li>Design sobrio ed elegante per tutte le presentazioni.<\/li>\n<li>Alternativa ecologica alla plastica usa e getta.<\/li>\n<li><strong>Venduti in confezione da 50<\/strong>: economici e pratici.<\/li>\n<\/ul>\n<p>&nbsp;<\/p>\n<p><!--more--><\/p>\n<h4>Altre informazioni:<\/h4>\n<ul>\n<li><strong>Confezionamento<\/strong>: Pacchetto da 50<\/li>\n<li><b>Dimensioni<\/b>: 200 x 200 x 170 (L x l x h in mm)<\/li>\n<li><strong>Materiale<\/strong>: Polpa di canna da zucchero \/ bagassa<\/li>\n<li><strong>Colore<\/strong>: Bianco<\/li>\n<li><strong>Temperatura d&#8217;uso<\/strong>: -4\u00b0C \/ +100\u00b0C<\/li>\n<\/ul>\n<p>&nbsp;<\/p>\n<p><!--more--><\/p>\n<p>Trova qui tutti i nostri piatti quadrati in bagassa disponibili in diverse misure: <span style=\"color: #d12727;\"><a style=\"color: #d12727;\" href=\"https:\/\/www.csj-emballages.com\/produit\/50-assiettes-a-dessert-carree-biodegradables-16-cm\/\">16 cm<\/a><\/span> \/ <span style=\"color: #d12727;\"><a style=\"color: #d12727;\" href=\"https:\/\/www.csj-emballages.com\/produit\/50-assiettes-carrees-biodegradables-26-cm\/\">26 cm<\/a><\/span><\/p>\n<div style=\"text-align: center;\">\n<div style=\"text-align: center;\">\n<div style=\"text-align: center;\">\n<div style=\"text-align: center;\">\n<div style=\"text-align: center;\">\n<div style=\"text-align: center;\">\n<div style=\"text-align: center;\">\n<div style=\"text-align: center;\"><\/div>\n<\/div>\n<\/div>\n<\/div>\n<\/div>\n<\/div>\n<\/div>\n<\/div>\n<p><!--more--><\/p>\n<p><a href=\"https:\/\/www.csj-emballages.com\/it\/categorie-produit\/piatti-bio\/\">Consulta il resto della nostra gamma di piatti biodegradabili<\/a><\/p>\n<\/div>\n<\/div>\n<\/div>\n<\/div>\n<\/div>\n","protected":false},"excerpt":{"rendered":"<p>Piatto quadrato Descrizione del nostro piatto quadrato da dessert biodegradabile 20 cm da 50<\/p>\n","protected":false},"featured_media":266737,"template":"","meta":{"_acf_changed":false},"product_brand":[],"product_cat":[10350,10351],"product_tag":[],"class_list":{"0":"post-266736","1":"product","2":"type-product","3":"status-publish","4":"has-post-thumbnail","6":"product_cat-gamma-bio","7":"product_cat-piatti-bio","9":"first","10":"instock","11":"taxable","12":"shipping-taxable","13":"purchasable","14":"product-type-simple"},"acf":[],"yoast_head":"<!-- This site is optimized with the Yoast SEO Premium plugin v26.6 (Yoast SEO v26.6) - https:\/\/yoast.com\/wordpress\/plugins\/seo\/ -->\n<title>Piatto Quadrato da Dessert Biodegradabile 20 cm da 50<\/title>\n<meta name=\"description\" content=\"Piatto quadrato biodegradabile 20 cm, ideale per dessert o antipasti. Elegante, resistente e compostabile. Confezione da 50 per professionisti o privati.\" \/>\n<meta name=\"robots\" content=\"index, follow, max-snippet:-1, max-image-preview:large, max-video-preview:-1\" \/>\n<link rel=\"canonical\" href=\"https:\/\/www.csj-emballages.com\/it\/produit\/piatto-quadrato-da-dessert-biodegradabile-20-cm-da-50\/\" \/>\n<meta property=\"og:locale\" content=\"it_IT\" \/>\n<meta property=\"og:type\" content=\"article\" \/>\n<meta property=\"og:title\" content=\"Piatto quadrato da dessert biodegradabile 20 cm da 50\" \/>\n<meta property=\"og:description\" content=\"Piatto quadrato biodegradabile 20 cm, ideale per dessert o antipasti. Elegante, resistente e compostabile. Confezione da 50 per professionisti o privati.\" \/>\n<meta property=\"og:url\" content=\"https:\/\/www.csj-emballages.com\/it\/produit\/piatto-quadrato-da-dessert-biodegradabile-20-cm-da-50\/\" \/>\n<meta property=\"og:site_name\" content=\"CSJ Emballages\" \/>\n<meta property=\"article:publisher\" content=\"https:\/\/www.facebook.com\/csjemballages\" \/>\n<meta property=\"article:modified_time\" content=\"2026-04-03T00:13:07+00:00\" \/>\n<meta property=\"og:image\" content=\"https:\/\/www.csj-emballages.com\/wp-content\/uploads\/2024\/03\/ATC200BIO.webp\" \/>\n\t<meta property=\"og:image:width\" content=\"800\" \/>\n\t<meta property=\"og:image:height\" content=\"800\" \/>\n\t<meta property=\"og:image:type\" content=\"image\/webp\" \/>\n<meta name=\"twitter:card\" content=\"summary_large_image\" \/>\n<meta name=\"twitter:label1\" content=\"Dur\u00e9e de lecture estim\u00e9e\" \/>\n\t<meta name=\"twitter:data1\" content=\"1 minuto\" \/>\n<script type=\"application\/ld+json\" class=\"yoast-schema-graph\">{\"@context\":\"https:\/\/schema.org\",\"@graph\":[{\"@type\":\"WebPage\",\"@id\":\"https:\/\/www.csj-emballages.com\/it\/produit\/piatto-quadrato-da-dessert-biodegradabile-20-cm-da-50\/\",\"url\":\"https:\/\/www.csj-emballages.com\/it\/produit\/piatto-quadrato-da-dessert-biodegradabile-20-cm-da-50\/\",\"name\":\"Piatto Quadrato da Dessert Biodegradabile 20 cm da 50\",\"isPartOf\":{\"@id\":\"https:\/\/www.csj-emballages.com\/it\/#website\"},\"primaryImageOfPage\":{\"@id\":\"https:\/\/www.csj-emballages.com\/it\/produit\/piatto-quadrato-da-dessert-biodegradabile-20-cm-da-50\/#primaryimage\"},\"image\":{\"@id\":\"https:\/\/www.csj-emballages.com\/it\/produit\/piatto-quadrato-da-dessert-biodegradabile-20-cm-da-50\/#primaryimage\"},\"thumbnailUrl\":\"https:\/\/www.csj-emballages.com\/wp-content\/uploads\/2024\/03\/ATC200BIO.webp\",\"datePublished\":\"2024-03-01T15:57:25+00:00\",\"dateModified\":\"2026-04-03T00:13:07+00:00\",\"description\":\"Piatto quadrato biodegradabile 20 cm, ideale per dessert o antipasti. Elegante, resistente e compostabile. Confezione da 50 per professionisti o privati.\",\"breadcrumb\":{\"@id\":\"https:\/\/www.csj-emballages.com\/it\/produit\/piatto-quadrato-da-dessert-biodegradabile-20-cm-da-50\/#breadcrumb\"},\"inLanguage\":\"it-IT\",\"potentialAction\":[{\"@type\":\"ReadAction\",\"target\":[\"https:\/\/www.csj-emballages.com\/it\/produit\/piatto-quadrato-da-dessert-biodegradabile-20-cm-da-50\/\"]}]},{\"@type\":\"ImageObject\",\"inLanguage\":\"it-IT\",\"@id\":\"https:\/\/www.csj-emballages.com\/it\/produit\/piatto-quadrato-da-dessert-biodegradabile-20-cm-da-50\/#primaryimage\",\"url\":\"https:\/\/www.csj-emballages.com\/wp-content\/uploads\/2024\/03\/ATC200BIO.webp\",\"contentUrl\":\"https:\/\/www.csj-emballages.com\/wp-content\/uploads\/2024\/03\/ATC200BIO.webp\",\"width\":800,\"height\":800,\"caption\":\"Assiette carr\u00e9\"},{\"@type\":\"BreadcrumbList\",\"@id\":\"https:\/\/www.csj-emballages.com\/it\/produit\/piatto-quadrato-da-dessert-biodegradabile-20-cm-da-50\/#breadcrumb\",\"itemListElement\":[{\"@type\":\"ListItem\",\"position\":1,\"name\":\"Home\",\"item\":\"https:\/\/www.csj-emballages.com\/it\/universo-imballaggi-alimentari\/\"},{\"@type\":\"ListItem\",\"position\":2,\"name\":\"Negozio\",\"item\":\"https:\/\/www.csj-emballages.com\/it\/negozio\/\"},{\"@type\":\"ListItem\",\"position\":3,\"name\":\"Piatto quadrato da dessert biodegradabile 20 cm da 50\"}]},{\"@type\":\"WebSite\",\"@id\":\"https:\/\/www.csj-emballages.com\/it\/#website\",\"url\":\"https:\/\/www.csj-emballages.com\/it\/\",\"name\":\"CSJ Emballages\",\"description\":\"\",\"publisher\":{\"@id\":\"https:\/\/www.csj-emballages.com\/it\/#organization\"},\"potentialAction\":[{\"@type\":\"SearchAction\",\"target\":{\"@type\":\"EntryPoint\",\"urlTemplate\":\"https:\/\/www.csj-emballages.com\/it\/?s={search_term_string}\"},\"query-input\":{\"@type\":\"PropertyValueSpecification\",\"valueRequired\":true,\"valueName\":\"search_term_string\"}}],\"inLanguage\":\"it-IT\"},{\"@type\":\"Organization\",\"@id\":\"https:\/\/www.csj-emballages.com\/it\/#Organization\/\",\"name\":\"CSJ Emballages\",\"url\":\"https:\/\/www.csj-emballages.com\/it\/\",\"logo\":{\"@type\":\"ImageObject\",\"inLanguage\":\"it-IT\",\"@id\":\"https:\/\/www.csj-emballages.com\/it\/#\/schema\/logo\/image\/\",\"url\":\"https:\/\/www.csj-emballages.com\/wp-content\/uploads\/2023\/10\/logo_csj.webp\",\"contentUrl\":\"https:\/\/www.csj-emballages.com\/wp-content\/uploads\/2023\/10\/logo_csj.webp\",\"width\":250,\"height\":95,\"caption\":\"CSJ Emballages\"},\"image\":{\"@id\":\"https:\/\/www.csj-emballages.com\/it\/#\/schema\/logo\/image\/\"},\"sameAs\":[\"https:\/\/www.facebook.com\/csjemballages\"],\"address\":{\"@type\":\"PostalAddress\",\"streetAddress\":\"ZI La Lechere\",\"addressLocality\":\"Patornay\",\"postalCode\":\"39130\",\"addressCountry\":\"FR\"},\"contactPoint\":[{\"@type\":\"ContactPoint\",\"contactType\":\"Service client\",\"telephone\":\"0384254272\",\"email\":\"contact@csj-emballages.com\"}]}]}<\/script>\n<!-- \/ Yoast SEO Premium plugin. -->","yoast_head_json":{"title":"Piatto Quadrato da Dessert Biodegradabile 20 cm da 50","description":"Piatto quadrato biodegradabile 20 cm, ideale per dessert o antipasti. Elegante, resistente e compostabile. Confezione da 50 per professionisti o privati.","robots":{"index":"index","follow":"follow","max-snippet":"max-snippet:-1","max-image-preview":"max-image-preview:large","max-video-preview":"max-video-preview:-1"},"canonical":"https:\/\/www.csj-emballages.com\/it\/produit\/piatto-quadrato-da-dessert-biodegradabile-20-cm-da-50\/","og_locale":"it_IT","og_type":"article","og_title":"Piatto quadrato da dessert biodegradabile 20 cm da 50","og_description":"Piatto quadrato biodegradabile 20 cm, ideale per dessert o antipasti. Elegante, resistente e compostabile. Confezione da 50 per professionisti o privati.","og_url":"https:\/\/www.csj-emballages.com\/it\/produit\/piatto-quadrato-da-dessert-biodegradabile-20-cm-da-50\/","og_site_name":"CSJ Emballages","article_publisher":"https:\/\/www.facebook.com\/csjemballages","article_modified_time":"2026-04-03T00:13:07+00:00","og_image":[{"width":800,"height":800,"url":"https:\/\/www.csj-emballages.com\/wp-content\/uploads\/2024\/03\/ATC200BIO.webp","type":"image\/webp"}],"twitter_card":"summary_large_image","twitter_misc":{"Dur\u00e9e de lecture estim\u00e9e":"1 minuto"},"schema":{"@context":"https:\/\/schema.org","@graph":[{"@type":"WebPage","@id":"https:\/\/www.csj-emballages.com\/it\/produit\/piatto-quadrato-da-dessert-biodegradabile-20-cm-da-50\/","url":"https:\/\/www.csj-emballages.com\/it\/produit\/piatto-quadrato-da-dessert-biodegradabile-20-cm-da-50\/","name":"Piatto Quadrato da Dessert Biodegradabile 20 cm da 50","isPartOf":{"@id":"https:\/\/www.csj-emballages.com\/it\/#website"},"primaryImageOfPage":{"@id":"https:\/\/www.csj-emballages.com\/it\/produit\/piatto-quadrato-da-dessert-biodegradabile-20-cm-da-50\/#primaryimage"},"image":{"@id":"https:\/\/www.csj-emballages.com\/it\/produit\/piatto-quadrato-da-dessert-biodegradabile-20-cm-da-50\/#primaryimage"},"thumbnailUrl":"https:\/\/www.csj-emballages.com\/wp-content\/uploads\/2024\/03\/ATC200BIO.webp","datePublished":"2024-03-01T15:57:25+00:00","dateModified":"2026-04-03T00:13:07+00:00","description":"Piatto quadrato biodegradabile 20 cm, ideale per dessert o antipasti. Elegante, resistente e compostabile. Confezione da 50 per professionisti o privati.","breadcrumb":{"@id":"https:\/\/www.csj-emballages.com\/it\/produit\/piatto-quadrato-da-dessert-biodegradabile-20-cm-da-50\/#breadcrumb"},"inLanguage":"it-IT","potentialAction":[{"@type":"ReadAction","target":["https:\/\/www.csj-emballages.com\/it\/produit\/piatto-quadrato-da-dessert-biodegradabile-20-cm-da-50\/"]}]},{"@type":"ImageObject","inLanguage":"it-IT","@id":"https:\/\/www.csj-emballages.com\/it\/produit\/piatto-quadrato-da-dessert-biodegradabile-20-cm-da-50\/#primaryimage","url":"https:\/\/www.csj-emballages.com\/wp-content\/uploads\/2024\/03\/ATC200BIO.webp","contentUrl":"https:\/\/www.csj-emballages.com\/wp-content\/uploads\/2024\/03\/ATC200BIO.webp","width":800,"height":800,"caption":"Assiette carr\u00e9"},{"@type":"BreadcrumbList","@id":"https:\/\/www.csj-emballages.com\/it\/produit\/piatto-quadrato-da-dessert-biodegradabile-20-cm-da-50\/#breadcrumb","itemListElement":[{"@type":"ListItem","position":1,"name":"Home","item":"https:\/\/www.csj-emballages.com\/it\/universo-imballaggi-alimentari\/"},{"@type":"ListItem","position":2,"name":"Negozio","item":"https:\/\/www.csj-emballages.com\/it\/negozio\/"},{"@type":"ListItem","position":3,"name":"Piatto quadrato da dessert biodegradabile 20 cm da 50"}]},{"@type":"WebSite","@id":"https:\/\/www.csj-emballages.com\/it\/#website","url":"https:\/\/www.csj-emballages.com\/it\/","name":"CSJ Emballages","description":"","publisher":{"@id":"https:\/\/www.csj-emballages.com\/it\/#organization"},"potentialAction":[{"@type":"SearchAction","target":{"@type":"EntryPoint","urlTemplate":"https:\/\/www.csj-emballages.com\/it\/?s={search_term_string}"},"query-input":{"@type":"PropertyValueSpecification","valueRequired":true,"valueName":"search_term_string"}}],"inLanguage":"it-IT"},{"@type":"Organization","@id":"https:\/\/www.csj-emballages.com\/it\/#Organization\/","name":"CSJ Emballages","url":"https:\/\/www.csj-emballages.com\/it\/","logo":{"@type":"ImageObject","inLanguage":"it-IT","@id":"https:\/\/www.csj-emballages.com\/it\/#\/schema\/logo\/image\/","url":"https:\/\/www.csj-emballages.com\/wp-content\/uploads\/2023\/10\/logo_csj.webp","contentUrl":"https:\/\/www.csj-emballages.com\/wp-content\/uploads\/2023\/10\/logo_csj.webp","width":250,"height":95,"caption":"CSJ Emballages"},"image":{"@id":"https:\/\/www.csj-emballages.com\/it\/#\/schema\/logo\/image\/"},"sameAs":["https:\/\/www.facebook.com\/csjemballages"],"address":{"@type":"PostalAddress","streetAddress":"ZI La Lechere","addressLocality":"Patornay","postalCode":"39130","addressCountry":"FR"},"contactPoint":[{"@type":"ContactPoint","contactType":"Service client","telephone":"0384254272","email":"contact@csj-emballages.com"}]}]}},"df_price":4.46,"df_sale_price":"","df_regular_price":4.46,"df_image_link":"https:\/\/www.csj-emballages.com\/wp-content\/uploads\/2024\/03\/ATC200BIO-300x300.webp","tiered_pricing_type":"fixed","tiered_pricing_fixed_rules":[],"tiered_pricing_percentage_rules":[],"tiered_pricing_minimum":1,"tiered_pricing_roles_data":[],"_links":{"self":[{"href":"https:\/\/www.csj-emballages.com\/it\/wp-json\/wp\/v2\/product\/266736","targetHints":{"allow":["GET"]}}],"collection":[{"href":"https:\/\/www.csj-emballages.com\/it\/wp-json\/wp\/v2\/product"}],"about":[{"href":"https:\/\/www.csj-emballages.com\/it\/wp-json\/wp\/v2\/types\/product"}],"wp:featuredmedia":[{"embeddable":true,"href":"https:\/\/www.csj-emballages.com\/it\/wp-json\/wp\/v2\/media\/266737"}],"wp:attachment":[{"href":"https:\/\/www.csj-emballages.com\/it\/wp-json\/wp\/v2\/media?parent=266736"}],"wp:term":[{"taxonomy":"product_brand","embeddable":true,"href":"https:\/\/www.csj-emballages.com\/it\/wp-json\/wp\/v2\/product_brand?post=266736"},{"taxonomy":"product_cat","embeddable":true,"href":"https:\/\/www.csj-emballages.com\/it\/wp-json\/wp\/v2\/product_cat?post=266736"},{"taxonomy":"product_tag","embeddable":true,"href":"https:\/\/www.csj-emballages.com\/it\/wp-json\/wp\/v2\/product_tag?post=266736"}],"curies":[{"name":"wp","href":"https:\/\/api.w.org\/{rel}","templated":true}]}}