{"id":29453,"date":"2024-03-01T16:55:46","date_gmt":"2024-03-01T15:55:46","guid":{"rendered":"https:\/\/www.csj-emballages.com\/produit\/carton-ondulado-doble-560-x-360-x-360-mm\/"},"modified":"2026-04-17T10:31:13","modified_gmt":"2026-04-17T08:31:13","slug":"carton-ondulado-doble-560-x-360-x-360-mm","status":"publish","type":"product","link":"https:\/\/www.csj-emballages.com\/es\/produit\/carton-ondulado-doble-560-x-360-x-360-mm\/","title":{"rendered":"Cart\u00f3n ondulado doble 560 x 360 x 360 mm"},"content":{"rendered":"<h2>Cart\u00f3n<\/h2>\n<hr>\n<h3>Descubra nuestra caja de cart\u00f3n de doble canal de 560 x 360 x 360 mm<\/h3>\n<p><!--more--><\/p>\n<p data-start=\"192\" data-end=\"564\">Esta <strong data-start=\"195\" data-end=\"248\">caja de cart\u00f3n de doble canal de 560 x 360 x 360 mm<\/strong> es la soluci\u00f3n ideal para <strong>enviar, almacenar o proteger<\/strong> sus productos con total tranquilidad. Gracias a su estructura reforzada, ofrece una excelente resistencia a los golpes, al aplastamiento y a las manipulaciones repetidas. Es el tipo de cart\u00f3n con el que realmente se puede contar cuando el contenido debe llegar intacto.  <\/p>\n<p data-start=\"566\" data-end=\"901\">Su formato compacto es perfecto para objetos peque\u00f1os, piezas de repuesto, productos fr\u00e1giles o pedidos de comercio electr\u00f3nico. Permite optimizar el espacio, tanto durante el almacenamiento como durante el transporte, al tiempo que limita el uso de calzos adicionales. Resultado: un paquete bien ajustado, m\u00e1s limpio y m\u00e1s econ\u00f3mico.  <\/p>\n<p data-start=\"903\" data-end=\"1213\">El <strong data-start=\"906\" data-end=\"926\">doble canal<\/strong> aporta una verdadera ganancia de solidez. Protege eficazmente el contenido contra las variaciones de temperatura, las vibraciones y los golpes relacionados con la entrega. Adem\u00e1s, esta <strong>caja de cart\u00f3n<\/strong> se monta f\u00e1cilmente y se cierra r\u00e1pidamente, lo que ahorra tiempo al preparar los pedidos.  <\/p>\n<p data-start=\"1215\" data-end=\"1476\">Ya sea para un <strong>almac\u00e9n, una tienda en l\u00ednea, un servicio de log\u00edstica o un uso puntual<\/strong>, esta <strong>caja de cart\u00f3n<\/strong> se adapta a muchas necesidades. Es adecuada tanto para el almacenamiento como para el env\u00edo, a la vez que transmite una imagen seria y profesional. <\/p>\n<p data-start=\"1478\" data-end=\"1640\">En resumen, esta <strong>caja de cart\u00f3n<\/strong> combina robustez, practicidad y formato inteligente. Un elemento indispensable para asegurar sus env\u00edos y trabajar con m\u00e1s tranquilidad en el d\u00eda a d\u00eda. <\/p>\n<p data-start=\"1478\" data-end=\"1640\"><!--more--><\/p>\n<h4 data-start=\"1478\" data-end=\"1640\">Ventajas :<\/h4>\n<ul>\n<li data-start=\"1668\" data-end=\"1713\">Estructura de <strong>doble canal<\/strong> muy resistente.<\/li>\n<li data-start=\"1716\" data-end=\"1745\">Formato compacto y pr\u00e1ctico.<\/li>\n<li data-start=\"1748\" data-end=\"1784\">Protege eficazmente los productos.<\/li>\n<li data-start=\"1787\" data-end=\"1814\"><span dir=\"auto\">R\u00e1pido y f\u00e1cil de colocar.<\/span><\/li>\n<li data-start=\"1817\" data-end=\"1856\">Adaptado al almacenamiento y al env\u00edo.<\/li>\n<\/ul>\n<p>&nbsp;<\/p>\n<p><!--more--><\/p>\n<h4>Informaci\u00f3n adicional :<\/h4>\n<ul>\n<li><strong>Embalaje<\/strong>: Por unidad<\/li>\n<li><strong>Dimensiones<\/strong>: 560 x 360 x 360 mm<\/li>\n<\/ul>\n<p>&nbsp;<\/p>\n<p><!--more--><\/p>\n<p><a href=\"https:\/\/www.csj-emballages.com\/es\/categorie-produit\/envases-industriales\/carton\/cajas-de-carton\/\">Consulte el resto de nuestra gama de cajas de cart\u00f3n<\/a><\/p>\n","protected":false},"excerpt":{"rendered":"<p>Cart\u00f3n Descubra nuestra caja de cart\u00f3n de doble canal de 560 x 360 x 360 mm<\/p>\n","protected":false},"featured_media":263283,"template":"","meta":{"_acf_changed":false},"product_brand":[],"product_cat":[1150,2682,3842],"product_tag":[],"class_list":{"0":"post-29453","1":"product","2":"type-product","3":"status-publish","4":"has-post-thumbnail","6":"product_cat-envasado-de-alimentos","7":"product_cat-carton","8":"product_cat-cajas-de-carton","9":"product_shipping_class-no-permitido-en-reles","11":"first","12":"instock","13":"taxable","14":"shipping-taxable","15":"purchasable","16":"product-type-simple"},"acf":[],"yoast_head":"<!-- This site is optimized with the Yoast SEO Premium plugin v26.6 (Yoast SEO v26.6) - https:\/\/yoast.com\/wordpress\/plugins\/seo\/ -->\n<title>Caja de cart\u00f3n de doble canal 560 x 360 x 360 mm<\/title>\n<meta name=\"description\" content=\"Caja de cart\u00f3n de doble canal de 560 x 360 x 360 mm. S\u00f3lida y compacta, ideal para el env\u00edo y la protecci\u00f3n de peque\u00f1os productos.\" \/>\n<meta name=\"robots\" content=\"index, follow, max-snippet:-1, max-image-preview:large, max-video-preview:-1\" \/>\n<link rel=\"canonical\" href=\"https:\/\/www.csj-emballages.com\/es\/produit\/carton-ondulado-doble-560-x-360-x-360-mm\/\" \/>\n<meta property=\"og:locale\" content=\"es_ES\" \/>\n<meta property=\"og:type\" content=\"article\" \/>\n<meta property=\"og:title\" content=\"Cart\u00f3n ondulado doble 560 x 360 x 360 mm\" \/>\n<meta property=\"og:description\" content=\"Caja de cart\u00f3n de doble canal de 560 x 360 x 360 mm. S\u00f3lida y compacta, ideal para el env\u00edo y la protecci\u00f3n de peque\u00f1os productos.\" \/>\n<meta property=\"og:url\" content=\"https:\/\/www.csj-emballages.com\/es\/produit\/carton-ondulado-doble-560-x-360-x-360-mm\/\" \/>\n<meta property=\"og:site_name\" content=\"CSJ Emballages\" \/>\n<meta property=\"article:publisher\" content=\"https:\/\/www.facebook.com\/csjemballages\" \/>\n<meta property=\"article:modified_time\" content=\"2026-04-17T08:31:13+00:00\" \/>\n<meta property=\"og:image\" content=\"https:\/\/www.csj-emballages.com\/wp-content\/uploads\/2024\/03\/Carton-caisse.webp\" \/>\n\t<meta property=\"og:image:width\" content=\"800\" \/>\n\t<meta property=\"og:image:height\" content=\"800\" \/>\n\t<meta property=\"og:image:type\" content=\"image\/webp\" \/>\n<meta name=\"twitter:card\" content=\"summary_large_image\" \/>\n<meta name=\"twitter:label1\" content=\"Tiempo de lectura\" \/>\n\t<meta name=\"twitter:data1\" content=\"2 minutos\" \/>\n<script type=\"application\/ld+json\" class=\"yoast-schema-graph\">{\"@context\":\"https:\/\/schema.org\",\"@graph\":[{\"@type\":\"WebPage\",\"@id\":\"https:\/\/www.csj-emballages.com\/es\/produit\/carton-ondulado-doble-560-x-360-x-360-mm\/\",\"url\":\"https:\/\/www.csj-emballages.com\/es\/produit\/carton-ondulado-doble-560-x-360-x-360-mm\/\",\"name\":\"Caja de cart\u00f3n de doble canal 560 x 360 x 360 mm\",\"isPartOf\":{\"@id\":\"https:\/\/www.csj-emballages.com\/es\/#website\"},\"primaryImageOfPage\":{\"@id\":\"https:\/\/www.csj-emballages.com\/es\/produit\/carton-ondulado-doble-560-x-360-x-360-mm\/#primaryimage\"},\"image\":{\"@id\":\"https:\/\/www.csj-emballages.com\/es\/produit\/carton-ondulado-doble-560-x-360-x-360-mm\/#primaryimage\"},\"thumbnailUrl\":\"https:\/\/www.csj-emballages.com\/wp-content\/uploads\/2024\/03\/Carton-caisse.webp\",\"datePublished\":\"2024-03-01T15:55:46+00:00\",\"dateModified\":\"2026-04-17T08:31:13+00:00\",\"description\":\"Caja de cart\u00f3n de doble canal de 560 x 360 x 360 mm. S\u00f3lida y compacta, ideal para el env\u00edo y la protecci\u00f3n de peque\u00f1os productos.\",\"breadcrumb\":{\"@id\":\"https:\/\/www.csj-emballages.com\/es\/produit\/carton-ondulado-doble-560-x-360-x-360-mm\/#breadcrumb\"},\"inLanguage\":\"es\",\"potentialAction\":[{\"@type\":\"ReadAction\",\"target\":[\"https:\/\/www.csj-emballages.com\/es\/produit\/carton-ondulado-doble-560-x-360-x-360-mm\/\"]}]},{\"@type\":\"ImageObject\",\"inLanguage\":\"es\",\"@id\":\"https:\/\/www.csj-emballages.com\/es\/produit\/carton-ondulado-doble-560-x-360-x-360-mm\/#primaryimage\",\"url\":\"https:\/\/www.csj-emballages.com\/wp-content\/uploads\/2024\/03\/Carton-caisse.webp\",\"contentUrl\":\"https:\/\/www.csj-emballages.com\/wp-content\/uploads\/2024\/03\/Carton-caisse.webp\",\"width\":800,\"height\":800,\"caption\":\"Carton caisse\"},{\"@type\":\"BreadcrumbList\",\"@id\":\"https:\/\/www.csj-emballages.com\/es\/produit\/carton-ondulado-doble-560-x-360-x-360-mm\/#breadcrumb\",\"itemListElement\":[{\"@type\":\"ListItem\",\"position\":1,\"name\":\"Accueil\",\"item\":\"https:\/\/www.csj-emballages.com\/es\/universo-del-envasado-alimentario\/\"},{\"@type\":\"ListItem\",\"position\":2,\"name\":\"Tienda\",\"item\":\"https:\/\/www.csj-emballages.com\/tienda\/\"},{\"@type\":\"ListItem\",\"position\":3,\"name\":\"Cart\u00f3n ondulado doble 560 x 360 x 360 mm\"}]},{\"@type\":\"WebSite\",\"@id\":\"https:\/\/www.csj-emballages.com\/es\/#website\",\"url\":\"https:\/\/www.csj-emballages.com\/es\/\",\"name\":\"CSJ Emballages\",\"description\":\"\",\"publisher\":{\"@id\":\"https:\/\/www.csj-emballages.com\/es\/#organization\"},\"potentialAction\":[{\"@type\":\"SearchAction\",\"target\":{\"@type\":\"EntryPoint\",\"urlTemplate\":\"https:\/\/www.csj-emballages.com\/es\/?s={search_term_string}\"},\"query-input\":{\"@type\":\"PropertyValueSpecification\",\"valueRequired\":true,\"valueName\":\"search_term_string\"}}],\"inLanguage\":\"es\"},{\"@type\":\"Organization\",\"@id\":\"https:\/\/www.csj-emballages.com\/es\/#Organization\/\",\"name\":\"CSJ Emballages\",\"url\":\"https:\/\/www.csj-emballages.com\/es\/\",\"logo\":{\"@type\":\"ImageObject\",\"inLanguage\":\"es\",\"@id\":\"https:\/\/www.csj-emballages.com\/es\/#\/schema\/logo\/image\/\",\"url\":\"https:\/\/www.csj-emballages.com\/wp-content\/uploads\/2023\/10\/logo_csj.webp\",\"contentUrl\":\"https:\/\/www.csj-emballages.com\/wp-content\/uploads\/2023\/10\/logo_csj.webp\",\"width\":250,\"height\":95,\"caption\":\"CSJ Emballages\"},\"image\":{\"@id\":\"https:\/\/www.csj-emballages.com\/es\/#\/schema\/logo\/image\/\"},\"sameAs\":[\"https:\/\/www.facebook.com\/csjemballages\"],\"address\":{\"@type\":\"PostalAddress\",\"streetAddress\":\"ZI La Lechere\",\"addressLocality\":\"Patornay\",\"postalCode\":\"39130\",\"addressCountry\":\"FR\"},\"contactPoint\":[{\"@type\":\"ContactPoint\",\"contactType\":\"Service client\",\"telephone\":\"0384254272\",\"email\":\"contact@csj-emballages.com\"}]}]}<\/script>\n<!-- \/ Yoast SEO Premium plugin. -->","yoast_head_json":{"title":"Caja de cart\u00f3n de doble canal 560 x 360 x 360 mm","description":"Caja de cart\u00f3n de doble canal de 560 x 360 x 360 mm. S\u00f3lida y compacta, ideal para el env\u00edo y la protecci\u00f3n de peque\u00f1os productos.","robots":{"index":"index","follow":"follow","max-snippet":"max-snippet:-1","max-image-preview":"max-image-preview:large","max-video-preview":"max-video-preview:-1"},"canonical":"https:\/\/www.csj-emballages.com\/es\/produit\/carton-ondulado-doble-560-x-360-x-360-mm\/","og_locale":"es_ES","og_type":"article","og_title":"Cart\u00f3n ondulado doble 560 x 360 x 360 mm","og_description":"Caja de cart\u00f3n de doble canal de 560 x 360 x 360 mm. S\u00f3lida y compacta, ideal para el env\u00edo y la protecci\u00f3n de peque\u00f1os productos.","og_url":"https:\/\/www.csj-emballages.com\/es\/produit\/carton-ondulado-doble-560-x-360-x-360-mm\/","og_site_name":"CSJ Emballages","article_publisher":"https:\/\/www.facebook.com\/csjemballages","article_modified_time":"2026-04-17T08:31:13+00:00","og_image":[{"width":800,"height":800,"url":"https:\/\/www.csj-emballages.com\/wp-content\/uploads\/2024\/03\/Carton-caisse.webp","type":"image\/webp"}],"twitter_card":"summary_large_image","twitter_misc":{"Tiempo de lectura":"2 minutos"},"schema":{"@context":"https:\/\/schema.org","@graph":[{"@type":"WebPage","@id":"https:\/\/www.csj-emballages.com\/es\/produit\/carton-ondulado-doble-560-x-360-x-360-mm\/","url":"https:\/\/www.csj-emballages.com\/es\/produit\/carton-ondulado-doble-560-x-360-x-360-mm\/","name":"Caja de cart\u00f3n de doble canal 560 x 360 x 360 mm","isPartOf":{"@id":"https:\/\/www.csj-emballages.com\/es\/#website"},"primaryImageOfPage":{"@id":"https:\/\/www.csj-emballages.com\/es\/produit\/carton-ondulado-doble-560-x-360-x-360-mm\/#primaryimage"},"image":{"@id":"https:\/\/www.csj-emballages.com\/es\/produit\/carton-ondulado-doble-560-x-360-x-360-mm\/#primaryimage"},"thumbnailUrl":"https:\/\/www.csj-emballages.com\/wp-content\/uploads\/2024\/03\/Carton-caisse.webp","datePublished":"2024-03-01T15:55:46+00:00","dateModified":"2026-04-17T08:31:13+00:00","description":"Caja de cart\u00f3n de doble canal de 560 x 360 x 360 mm. S\u00f3lida y compacta, ideal para el env\u00edo y la protecci\u00f3n de peque\u00f1os productos.","breadcrumb":{"@id":"https:\/\/www.csj-emballages.com\/es\/produit\/carton-ondulado-doble-560-x-360-x-360-mm\/#breadcrumb"},"inLanguage":"es","potentialAction":[{"@type":"ReadAction","target":["https:\/\/www.csj-emballages.com\/es\/produit\/carton-ondulado-doble-560-x-360-x-360-mm\/"]}]},{"@type":"ImageObject","inLanguage":"es","@id":"https:\/\/www.csj-emballages.com\/es\/produit\/carton-ondulado-doble-560-x-360-x-360-mm\/#primaryimage","url":"https:\/\/www.csj-emballages.com\/wp-content\/uploads\/2024\/03\/Carton-caisse.webp","contentUrl":"https:\/\/www.csj-emballages.com\/wp-content\/uploads\/2024\/03\/Carton-caisse.webp","width":800,"height":800,"caption":"Carton caisse"},{"@type":"BreadcrumbList","@id":"https:\/\/www.csj-emballages.com\/es\/produit\/carton-ondulado-doble-560-x-360-x-360-mm\/#breadcrumb","itemListElement":[{"@type":"ListItem","position":1,"name":"Accueil","item":"https:\/\/www.csj-emballages.com\/es\/universo-del-envasado-alimentario\/"},{"@type":"ListItem","position":2,"name":"Tienda","item":"https:\/\/www.csj-emballages.com\/tienda\/"},{"@type":"ListItem","position":3,"name":"Cart\u00f3n ondulado doble 560 x 360 x 360 mm"}]},{"@type":"WebSite","@id":"https:\/\/www.csj-emballages.com\/es\/#website","url":"https:\/\/www.csj-emballages.com\/es\/","name":"CSJ Emballages","description":"","publisher":{"@id":"https:\/\/www.csj-emballages.com\/es\/#organization"},"potentialAction":[{"@type":"SearchAction","target":{"@type":"EntryPoint","urlTemplate":"https:\/\/www.csj-emballages.com\/es\/?s={search_term_string}"},"query-input":{"@type":"PropertyValueSpecification","valueRequired":true,"valueName":"search_term_string"}}],"inLanguage":"es"},{"@type":"Organization","@id":"https:\/\/www.csj-emballages.com\/es\/#Organization\/","name":"CSJ Emballages","url":"https:\/\/www.csj-emballages.com\/es\/","logo":{"@type":"ImageObject","inLanguage":"es","@id":"https:\/\/www.csj-emballages.com\/es\/#\/schema\/logo\/image\/","url":"https:\/\/www.csj-emballages.com\/wp-content\/uploads\/2023\/10\/logo_csj.webp","contentUrl":"https:\/\/www.csj-emballages.com\/wp-content\/uploads\/2023\/10\/logo_csj.webp","width":250,"height":95,"caption":"CSJ Emballages"},"image":{"@id":"https:\/\/www.csj-emballages.com\/es\/#\/schema\/logo\/image\/"},"sameAs":["https:\/\/www.facebook.com\/csjemballages"],"address":{"@type":"PostalAddress","streetAddress":"ZI La Lechere","addressLocality":"Patornay","postalCode":"39130","addressCountry":"FR"},"contactPoint":[{"@type":"ContactPoint","contactType":"Service client","telephone":"0384254272","email":"contact@csj-emballages.com"}]}]}},"df_price":3.12,"df_sale_price":"","df_regular_price":3.12,"df_image_link":"https:\/\/www.csj-emballages.com\/wp-content\/uploads\/2024\/03\/Carton-caisse-300x300.webp","tiered_pricing_type":"fixed","tiered_pricing_fixed_rules":[],"tiered_pricing_percentage_rules":[],"tiered_pricing_minimum":1,"tiered_pricing_roles_data":[],"_links":{"self":[{"href":"https:\/\/www.csj-emballages.com\/es\/wp-json\/wp\/v2\/product\/29453","targetHints":{"allow":["GET"]}}],"collection":[{"href":"https:\/\/www.csj-emballages.com\/es\/wp-json\/wp\/v2\/product"}],"about":[{"href":"https:\/\/www.csj-emballages.com\/es\/wp-json\/wp\/v2\/types\/product"}],"wp:featuredmedia":[{"embeddable":true,"href":"https:\/\/www.csj-emballages.com\/es\/wp-json\/wp\/v2\/media\/263283"}],"wp:attachment":[{"href":"https:\/\/www.csj-emballages.com\/es\/wp-json\/wp\/v2\/media?parent=29453"}],"wp:term":[{"taxonomy":"product_brand","embeddable":true,"href":"https:\/\/www.csj-emballages.com\/es\/wp-json\/wp\/v2\/product_brand?post=29453"},{"taxonomy":"product_cat","embeddable":true,"href":"https:\/\/www.csj-emballages.com\/es\/wp-json\/wp\/v2\/product_cat?post=29453"},{"taxonomy":"product_tag","embeddable":true,"href":"https:\/\/www.csj-emballages.com\/es\/wp-json\/wp\/v2\/product_tag?post=29453"}],"curies":[{"name":"wp","href":"https:\/\/api.w.org\/{rel}","templated":true}]}}