{"id":29421,"date":"2024-03-01T16:54:57","date_gmt":"2024-03-01T15:54:57","guid":{"rendered":"https:\/\/www.csj-emballages.com\/produit\/250-bandejas-de-patatas-fritas-charcuteria-1000-ml\/"},"modified":"2026-04-30T02:12:17","modified_gmt":"2026-04-30T00:12:17","slug":"250-bandejas-de-patatas-fritas-charcuteria-1000-ml","status":"publish","type":"product","link":"https:\/\/www.csj-emballages.com\/es\/produit\/250-bandejas-de-patatas-fritas-charcuteria-1000-ml\/","title":{"rendered":"Bandeja de pl\u00e1stico para virutas 1000 ml por 250"},"content":{"rendered":"<h2>Bandeja de patatas fritas<\/h2>\n<hr>\n<h3>Descubra nuestra bandeja de pl\u00e1stico para patatas fritas de 1000 ml, paquete de 250<\/h3>\n<p><!--more--><\/p>\n<p data-start=\"208\" data-end=\"512\">Si sirve patatas fritas, tapas o peque\u00f1os aperitivos, esta <strong data-start=\"273\" data-end=\"293\">bandeja para patatas fritas<\/strong> <strong>de 1000 ml<\/strong> le har\u00e1 la vida m\u00e1s f\u00e1cil. Pr\u00e1ctica, ligera y sobre todo f\u00e1cil de usar, ha sido dise\u00f1ada para profesionales que necesitan servir r\u00e1pido, bien y sin complicaciones. En primer lugar, su tama\u00f1o de <strong>1000<\/strong><strong> ml<\/strong> es realmente ideal: ni demasiado peque\u00f1o, ni demasiado grande. Le permite ofrecer una raci\u00f3n agradable y generosa que agrade al cliente. Y como es transparente, sus patatas fritas doradas o sus guarniciones resaltar\u00e1n enseguida. Como todos sabemos, lo visual cuenta mucho, sobre todo cuando se trata de comida para llevar.     <\/p>\n<p data-start=\"860\" data-end=\"1150\">Esta <strong data-start=\"901\" data-end=\"924\">bandeja de pl\u00e1stico<\/strong> soporta muy bien los alimentos calientes y ligeramente aceitosos. No se deforma, no hay riesgo de fugas: se mantiene firme en su sitio, incluso durante el servicio. Es tranquilizador para usted y c\u00f3modo para sus clientes.  <\/p>\n<p data-start=\"1152\" data-end=\"1460\">Adem\u00e1s, se vende en paquetes <strong>de 250 unidades<\/strong>, lo que es perfecto para evitar que se agoten las existencias. Usted llena sus existencias, as\u00ed que no tiene que preocuparse. Adem\u00e1s, las bandejas se apilan f\u00e1cilmente, liberando espacio en la zona de preparaci\u00f3n.  <\/p>\n<p data-start=\"1462\" data-end=\"1651\">Adem\u00e1s, <strong data-start=\"1482\" data-end=\"1502\">esta bandeja para patatas fritas<\/strong> es adecuada para todo tipo de establecimientos: food-truck, restaurante, snack-bar, barbacoa de verano, evento&#8230; Cabe en cualquier sitio sin ning\u00fan esfuerzo.<\/p>\n<p data-start=\"1653\" data-end=\"1926\">En definitiva, se trata de un producto sencillo pero eficaz. Una <strong>bandeja para patatas fritas<\/strong> que realza sus platos y hace que su organizaci\u00f3n funcione mejor. En resumen, un elemento esencial para el d\u00eda a d\u00eda de cualquiera que desee ofrecer un servicio r\u00e1pido, limpio y agradable.  <\/p>\n<p data-start=\"1610\" data-end=\"1809\"><!--more--><\/p>\n<h4 data-start=\"1610\" data-end=\"1809\">Ventajas :<\/h4>\n<ul>\n<li data-start=\"2118\" data-end=\"2171\">Capacidad de <strong>1000<\/strong><strong> ml<\/strong>, perfecta para una raci\u00f3n de patatas fritas.<\/li>\n<li data-start=\"2174\" data-end=\"2218\">Transparente para un bonito aspecto.<\/li>\n<li data-start=\"2221\" data-end=\"2258\">Un solo uso: higi\u00e9nico y r\u00e1pido.<\/li>\n<li data-start=\"2261\" data-end=\"2293\">Ligero y f\u00e1cil de apilar.<\/li>\n<li data-start=\"2296\" data-end=\"2348\">Envasado en paquetes de <strong>250 unidades<\/strong> para una gesti\u00f3n \u00f3ptima.<\/li>\n<\/ul>\n<p>&nbsp;<\/p>\n<p><!--more--><\/p>\n<h4>Informaci\u00f3n adicional :<\/h4>\n<ul>\n<li><strong>Envase<\/strong>: Paquete de 250<\/li>\n<li><strong>Dimensiones<\/strong>: 189 x 144 x 54 mm (L x A x A)<\/li>\n<li><strong>Material<\/strong>: poliestireno PS<\/li>\n<li><strong>Volumen<\/strong>: 1000 ml<\/li>\n<li><strong>Temperatura<\/strong>: -5\u00b0C\/+80\u00b0C<\/li>\n<li><strong>Color<\/strong>: Transparente<\/li>\n<\/ul>\n<p>&nbsp;<\/p>\n<p><!--more--><\/p>\n<p>Este soporte para tartas cuadrado blanco\/negro est\u00e1 disponible en diferentes tama\u00f1os: <span style=\"color: #d12727;\"><a style=\"color: #d12727;\" href=\"https:\/\/www.csj-emballages.com\/es\/produit\/bandeja-de-plastico-para-virutas-125-ml-por-500\/\">125 ml<\/a><\/span> \/ <span style=\"color: #d12727;\"><a style=\"color: #d12727;\" href=\"https:\/\/www.csj-emballages.com\/es\/produit\/bandeja-de-plastico-para-virutas-250-ml-por-500\/\">250 ml<\/a><\/span> \/ <span style=\"color: #d12727;\"><a style=\"color: #d12727;\" href=\"https:\/\/www.csj-emballages.com\/es\/produit\/bandeja-de-plastico-para-patatas-fritas-375ml-a-250\/\">375 ml<\/a><\/span> \/ <span style=\"color: #d12727;\"><a style=\"color: #d12727;\" href=\"https:\/\/www.csj-emballages.com\/es\/produit\/bandeja-de-plastico-para-virutas-500-ml-por-250\/\">500 ml<\/a> <\/span>\/ <span style=\"color: #d12727;\"><a style=\"color: #d12727;\" href=\"https:\/\/www.csj-emballages.com\/es\/produit\/bandeja-de-plastico-para-virutas-750-ml-por-250\/\">700 ml<\/a> <\/span>\/ <span style=\"color: #d12727;\"><a style=\"color: #d12727;\" href=\"https:\/\/www.csj-emballages.com\/es\/produit\/bandeja-de-plastico-para-patatas-fritas-y-salchichas-1500-ml-por-250\/\">1500 ml<\/a><\/span><\/p>\n<p>&nbsp;<\/p>\n<p><!--more--><\/p>\n<p><a href=\"\/?product_cat=barquette-frites-plastique\">Ver el resto de nuestra gama de bandejas de pl\u00e1stico para patatas fritas<\/a><\/p>\n","protected":false},"excerpt":{"rendered":"<p>Bandeja de patatas fritas Descubra nuestra bandeja de pl\u00e1stico para patatas fritas de 1000 ml, paquete de 250<\/p>\n","protected":false},"featured_media":159038,"template":"","meta":{"_acf_changed":false},"product_brand":[],"product_cat":[1150,1179,3878,3864,3848,1478],"product_tag":[],"class_list":{"0":"post-29421","1":"product","2":"type-product","3":"status-publish","4":"has-post-thumbnail","6":"product_cat-envasado-de-alimentos","7":"product_cat-catering-es","8":"product_cat-cajas-bandejas-bolsas-conos","9":"product_cat-bandejas-de-plastico","10":"product_cat-bandejas-de-plastico-para-virutas-caissipack","11":"product_cat-bandejas-cajas-de-carton","13":"first","14":"instock","15":"taxable","16":"shipping-taxable","17":"purchasable","18":"product-type-simple"},"acf":[],"yoast_head":"<!-- This site is optimized with the Yoast SEO Premium plugin v26.6 (Yoast SEO v26.6) - https:\/\/yoast.com\/wordpress\/plugins\/seo\/ -->\n<title>Bandeja de pl\u00e1stico para patatas fritas 1000 ml por 250<\/title>\n<meta name=\"description\" content=\"Bandeja de pl\u00e1stico para patatas fritas, 1000 ml por 250: resistente, pr\u00e1ctica y perfecta para la venta para llevar. Ideal para porciones de patatas fritas y aperitivos.\" \/>\n<meta name=\"robots\" content=\"index, follow, max-snippet:-1, max-image-preview:large, max-video-preview:-1\" \/>\n<link rel=\"canonical\" href=\"https:\/\/www.csj-emballages.com\/es\/produit\/250-bandejas-de-patatas-fritas-charcuteria-1000-ml\/\" \/>\n<meta property=\"og:locale\" content=\"es_ES\" \/>\n<meta property=\"og:type\" content=\"article\" \/>\n<meta property=\"og:title\" content=\"Bandeja de pl\u00e1stico para virutas 1000 ml por 250\" \/>\n<meta property=\"og:description\" content=\"Bandeja de pl\u00e1stico para patatas fritas, 1000 ml por 250: resistente, pr\u00e1ctica y perfecta para la venta para llevar. Ideal para porciones de patatas fritas y aperitivos.\" \/>\n<meta property=\"og:url\" content=\"https:\/\/www.csj-emballages.com\/es\/produit\/250-bandejas-de-patatas-fritas-charcuteria-1000-ml\/\" \/>\n<meta property=\"og:site_name\" content=\"CSJ Emballages\" \/>\n<meta property=\"article:publisher\" content=\"https:\/\/www.facebook.com\/csjemballages\" \/>\n<meta property=\"article:modified_time\" content=\"2026-04-30T00:12:17+00:00\" \/>\n<meta property=\"og:image\" content=\"https:\/\/www.csj-emballages.com\/wp-content\/uploads\/2024\/03\/produit-5.png\" \/>\n\t<meta property=\"og:image:width\" content=\"300\" \/>\n\t<meta property=\"og:image:height\" content=\"300\" \/>\n\t<meta property=\"og:image:type\" content=\"image\/png\" \/>\n<meta name=\"twitter:card\" content=\"summary_large_image\" \/>\n<meta name=\"twitter:label1\" content=\"Tiempo de lectura\" \/>\n\t<meta name=\"twitter:data1\" content=\"2 minutos\" \/>\n<script type=\"application\/ld+json\" class=\"yoast-schema-graph\">{\"@context\":\"https:\/\/schema.org\",\"@graph\":[{\"@type\":\"WebPage\",\"@id\":\"https:\/\/www.csj-emballages.com\/es\/produit\/250-bandejas-de-patatas-fritas-charcuteria-1000-ml\/\",\"url\":\"https:\/\/www.csj-emballages.com\/es\/produit\/250-bandejas-de-patatas-fritas-charcuteria-1000-ml\/\",\"name\":\"Bandeja de pl\u00e1stico para patatas fritas 1000 ml por 250\",\"isPartOf\":{\"@id\":\"https:\/\/www.csj-emballages.com\/es\/#website\"},\"primaryImageOfPage\":{\"@id\":\"https:\/\/www.csj-emballages.com\/es\/produit\/250-bandejas-de-patatas-fritas-charcuteria-1000-ml\/#primaryimage\"},\"image\":{\"@id\":\"https:\/\/www.csj-emballages.com\/es\/produit\/250-bandejas-de-patatas-fritas-charcuteria-1000-ml\/#primaryimage\"},\"thumbnailUrl\":\"https:\/\/www.csj-emballages.com\/wp-content\/uploads\/2024\/03\/produit-5.png\",\"datePublished\":\"2024-03-01T15:54:57+00:00\",\"dateModified\":\"2026-04-30T00:12:17+00:00\",\"description\":\"Bandeja de pl\u00e1stico para patatas fritas, 1000 ml por 250: resistente, pr\u00e1ctica y perfecta para la venta para llevar. Ideal para porciones de patatas fritas y aperitivos.\",\"breadcrumb\":{\"@id\":\"https:\/\/www.csj-emballages.com\/es\/produit\/250-bandejas-de-patatas-fritas-charcuteria-1000-ml\/#breadcrumb\"},\"inLanguage\":\"es\",\"potentialAction\":[{\"@type\":\"ReadAction\",\"target\":[\"https:\/\/www.csj-emballages.com\/es\/produit\/250-bandejas-de-patatas-fritas-charcuteria-1000-ml\/\"]}]},{\"@type\":\"ImageObject\",\"inLanguage\":\"es\",\"@id\":\"https:\/\/www.csj-emballages.com\/es\/produit\/250-bandejas-de-patatas-fritas-charcuteria-1000-ml\/#primaryimage\",\"url\":\"https:\/\/www.csj-emballages.com\/wp-content\/uploads\/2024\/03\/produit-5.png\",\"contentUrl\":\"https:\/\/www.csj-emballages.com\/wp-content\/uploads\/2024\/03\/produit-5.png\",\"width\":300,\"height\":300,\"caption\":\"barquette plastique\"},{\"@type\":\"BreadcrumbList\",\"@id\":\"https:\/\/www.csj-emballages.com\/es\/produit\/250-bandejas-de-patatas-fritas-charcuteria-1000-ml\/#breadcrumb\",\"itemListElement\":[{\"@type\":\"ListItem\",\"position\":1,\"name\":\"Accueil\",\"item\":\"https:\/\/www.csj-emballages.com\/es\/universo-del-envasado-alimentario\/\"},{\"@type\":\"ListItem\",\"position\":2,\"name\":\"Tienda\",\"item\":\"https:\/\/www.csj-emballages.com\/tienda\/\"},{\"@type\":\"ListItem\",\"position\":3,\"name\":\"Bandeja de pl\u00e1stico para virutas 1000 ml por 250\"}]},{\"@type\":\"WebSite\",\"@id\":\"https:\/\/www.csj-emballages.com\/es\/#website\",\"url\":\"https:\/\/www.csj-emballages.com\/es\/\",\"name\":\"CSJ Emballages\",\"description\":\"\",\"publisher\":{\"@id\":\"https:\/\/www.csj-emballages.com\/es\/#organization\"},\"potentialAction\":[{\"@type\":\"SearchAction\",\"target\":{\"@type\":\"EntryPoint\",\"urlTemplate\":\"https:\/\/www.csj-emballages.com\/es\/?s={search_term_string}\"},\"query-input\":{\"@type\":\"PropertyValueSpecification\",\"valueRequired\":true,\"valueName\":\"search_term_string\"}}],\"inLanguage\":\"es\"},{\"@type\":\"Organization\",\"@id\":\"https:\/\/www.csj-emballages.com\/es\/#Organization\/\",\"name\":\"CSJ Emballages\",\"url\":\"https:\/\/www.csj-emballages.com\/es\/\",\"logo\":{\"@type\":\"ImageObject\",\"inLanguage\":\"es\",\"@id\":\"https:\/\/www.csj-emballages.com\/es\/#\/schema\/logo\/image\/\",\"url\":\"https:\/\/www.csj-emballages.com\/wp-content\/uploads\/2023\/10\/logo_csj.webp\",\"contentUrl\":\"https:\/\/www.csj-emballages.com\/wp-content\/uploads\/2023\/10\/logo_csj.webp\",\"width\":250,\"height\":95,\"caption\":\"CSJ Emballages\"},\"image\":{\"@id\":\"https:\/\/www.csj-emballages.com\/es\/#\/schema\/logo\/image\/\"},\"sameAs\":[\"https:\/\/www.facebook.com\/csjemballages\"],\"address\":{\"@type\":\"PostalAddress\",\"streetAddress\":\"ZI La Lechere\",\"addressLocality\":\"Patornay\",\"postalCode\":\"39130\",\"addressCountry\":\"FR\"},\"contactPoint\":[{\"@type\":\"ContactPoint\",\"contactType\":\"Service client\",\"telephone\":\"0384254272\",\"email\":\"contact@csj-emballages.com\"}]}]}<\/script>\n<!-- \/ Yoast SEO Premium plugin. -->","yoast_head_json":{"title":"Bandeja de pl\u00e1stico para patatas fritas 1000 ml por 250","description":"Bandeja de pl\u00e1stico para patatas fritas, 1000 ml por 250: resistente, pr\u00e1ctica y perfecta para la venta para llevar. Ideal para porciones de patatas fritas y aperitivos.","robots":{"index":"index","follow":"follow","max-snippet":"max-snippet:-1","max-image-preview":"max-image-preview:large","max-video-preview":"max-video-preview:-1"},"canonical":"https:\/\/www.csj-emballages.com\/es\/produit\/250-bandejas-de-patatas-fritas-charcuteria-1000-ml\/","og_locale":"es_ES","og_type":"article","og_title":"Bandeja de pl\u00e1stico para virutas 1000 ml por 250","og_description":"Bandeja de pl\u00e1stico para patatas fritas, 1000 ml por 250: resistente, pr\u00e1ctica y perfecta para la venta para llevar. Ideal para porciones de patatas fritas y aperitivos.","og_url":"https:\/\/www.csj-emballages.com\/es\/produit\/250-bandejas-de-patatas-fritas-charcuteria-1000-ml\/","og_site_name":"CSJ Emballages","article_publisher":"https:\/\/www.facebook.com\/csjemballages","article_modified_time":"2026-04-30T00:12:17+00:00","og_image":[{"width":300,"height":300,"url":"https:\/\/www.csj-emballages.com\/wp-content\/uploads\/2024\/03\/produit-5.png","type":"image\/png"}],"twitter_card":"summary_large_image","twitter_misc":{"Tiempo de lectura":"2 minutos"},"schema":{"@context":"https:\/\/schema.org","@graph":[{"@type":"WebPage","@id":"https:\/\/www.csj-emballages.com\/es\/produit\/250-bandejas-de-patatas-fritas-charcuteria-1000-ml\/","url":"https:\/\/www.csj-emballages.com\/es\/produit\/250-bandejas-de-patatas-fritas-charcuteria-1000-ml\/","name":"Bandeja de pl\u00e1stico para patatas fritas 1000 ml por 250","isPartOf":{"@id":"https:\/\/www.csj-emballages.com\/es\/#website"},"primaryImageOfPage":{"@id":"https:\/\/www.csj-emballages.com\/es\/produit\/250-bandejas-de-patatas-fritas-charcuteria-1000-ml\/#primaryimage"},"image":{"@id":"https:\/\/www.csj-emballages.com\/es\/produit\/250-bandejas-de-patatas-fritas-charcuteria-1000-ml\/#primaryimage"},"thumbnailUrl":"https:\/\/www.csj-emballages.com\/wp-content\/uploads\/2024\/03\/produit-5.png","datePublished":"2024-03-01T15:54:57+00:00","dateModified":"2026-04-30T00:12:17+00:00","description":"Bandeja de pl\u00e1stico para patatas fritas, 1000 ml por 250: resistente, pr\u00e1ctica y perfecta para la venta para llevar. Ideal para porciones de patatas fritas y aperitivos.","breadcrumb":{"@id":"https:\/\/www.csj-emballages.com\/es\/produit\/250-bandejas-de-patatas-fritas-charcuteria-1000-ml\/#breadcrumb"},"inLanguage":"es","potentialAction":[{"@type":"ReadAction","target":["https:\/\/www.csj-emballages.com\/es\/produit\/250-bandejas-de-patatas-fritas-charcuteria-1000-ml\/"]}]},{"@type":"ImageObject","inLanguage":"es","@id":"https:\/\/www.csj-emballages.com\/es\/produit\/250-bandejas-de-patatas-fritas-charcuteria-1000-ml\/#primaryimage","url":"https:\/\/www.csj-emballages.com\/wp-content\/uploads\/2024\/03\/produit-5.png","contentUrl":"https:\/\/www.csj-emballages.com\/wp-content\/uploads\/2024\/03\/produit-5.png","width":300,"height":300,"caption":"barquette plastique"},{"@type":"BreadcrumbList","@id":"https:\/\/www.csj-emballages.com\/es\/produit\/250-bandejas-de-patatas-fritas-charcuteria-1000-ml\/#breadcrumb","itemListElement":[{"@type":"ListItem","position":1,"name":"Accueil","item":"https:\/\/www.csj-emballages.com\/es\/universo-del-envasado-alimentario\/"},{"@type":"ListItem","position":2,"name":"Tienda","item":"https:\/\/www.csj-emballages.com\/tienda\/"},{"@type":"ListItem","position":3,"name":"Bandeja de pl\u00e1stico para virutas 1000 ml por 250"}]},{"@type":"WebSite","@id":"https:\/\/www.csj-emballages.com\/es\/#website","url":"https:\/\/www.csj-emballages.com\/es\/","name":"CSJ Emballages","description":"","publisher":{"@id":"https:\/\/www.csj-emballages.com\/es\/#organization"},"potentialAction":[{"@type":"SearchAction","target":{"@type":"EntryPoint","urlTemplate":"https:\/\/www.csj-emballages.com\/es\/?s={search_term_string}"},"query-input":{"@type":"PropertyValueSpecification","valueRequired":true,"valueName":"search_term_string"}}],"inLanguage":"es"},{"@type":"Organization","@id":"https:\/\/www.csj-emballages.com\/es\/#Organization\/","name":"CSJ Emballages","url":"https:\/\/www.csj-emballages.com\/es\/","logo":{"@type":"ImageObject","inLanguage":"es","@id":"https:\/\/www.csj-emballages.com\/es\/#\/schema\/logo\/image\/","url":"https:\/\/www.csj-emballages.com\/wp-content\/uploads\/2023\/10\/logo_csj.webp","contentUrl":"https:\/\/www.csj-emballages.com\/wp-content\/uploads\/2023\/10\/logo_csj.webp","width":250,"height":95,"caption":"CSJ Emballages"},"image":{"@id":"https:\/\/www.csj-emballages.com\/es\/#\/schema\/logo\/image\/"},"sameAs":["https:\/\/www.facebook.com\/csjemballages"],"address":{"@type":"PostalAddress","streetAddress":"ZI La Lechere","addressLocality":"Patornay","postalCode":"39130","addressCountry":"FR"},"contactPoint":[{"@type":"ContactPoint","contactType":"Service client","telephone":"0384254272","email":"contact@csj-emballages.com"}]}]}},"df_price":28.4,"df_sale_price":"","df_regular_price":28.4,"df_image_link":"https:\/\/www.csj-emballages.com\/wp-content\/uploads\/2024\/03\/produit-5.png","tiered_pricing_type":"fixed","tiered_pricing_fixed_rules":[],"tiered_pricing_percentage_rules":[],"tiered_pricing_minimum":1,"tiered_pricing_roles_data":[],"_links":{"self":[{"href":"https:\/\/www.csj-emballages.com\/es\/wp-json\/wp\/v2\/product\/29421","targetHints":{"allow":["GET"]}}],"collection":[{"href":"https:\/\/www.csj-emballages.com\/es\/wp-json\/wp\/v2\/product"}],"about":[{"href":"https:\/\/www.csj-emballages.com\/es\/wp-json\/wp\/v2\/types\/product"}],"wp:featuredmedia":[{"embeddable":true,"href":"https:\/\/www.csj-emballages.com\/es\/wp-json\/wp\/v2\/media\/159038"}],"wp:attachment":[{"href":"https:\/\/www.csj-emballages.com\/es\/wp-json\/wp\/v2\/media?parent=29421"}],"wp:term":[{"taxonomy":"product_brand","embeddable":true,"href":"https:\/\/www.csj-emballages.com\/es\/wp-json\/wp\/v2\/product_brand?post=29421"},{"taxonomy":"product_cat","embeddable":true,"href":"https:\/\/www.csj-emballages.com\/es\/wp-json\/wp\/v2\/product_cat?post=29421"},{"taxonomy":"product_tag","embeddable":true,"href":"https:\/\/www.csj-emballages.com\/es\/wp-json\/wp\/v2\/product_tag?post=29421"}],"curies":[{"name":"wp","href":"https:\/\/api.w.org\/{rel}","templated":true}]}}