{"id":29419,"date":"2024-03-01T16:54:58","date_gmt":"2024-03-01T15:54:58","guid":{"rendered":"https:\/\/www.csj-emballages.com\/produit\/100-cucharas-de-madera-165-mm\/"},"modified":"2026-04-11T02:12:08","modified_gmt":"2026-04-11T00:12:08","slug":"100-cucharas-de-madera-165-mm","status":"publish","type":"product","link":"https:\/\/www.csj-emballages.com\/es\/produit\/100-cucharas-de-madera-165-mm\/","title":{"rendered":"Cuchara de madera 165 mm por 100"},"content":{"rendered":"<h2>Cuchara de madera<\/h2>\n<hr>\n<h3>Descubra nuestra cuchara de madera 165 mm por 100<\/h3>\n<p><!--more--><\/p>\n<p data-start=\"197\" data-end=\"651\">Si busca una alternativa sencilla, elegante y realmente divertida de usar, estas <strong data-start=\"284\" data-end=\"312\">cucharas de madera de 165 mm<\/strong> se convertir\u00e1n r\u00e1pidamente en imprescindibles. Su aspecto natural a\u00f1ade al instante un poco de calidez, ya sea para un postre, comida para llevar, degustaci\u00f3n o evento. Y a diferencia del pl\u00e1stico, son mucho m\u00e1s suaves al tacto. La diferencia se nota enseguida.   <\/p>\n<p data-start=\"653\" data-end=\"993\">Su formato <strong data-start=\"668\" data-end=\"678\">de 165 mm<\/strong> logra el equilibrio adecuado: lo suficientemente largos para ser pr\u00e1cticos, pero lo bastante compactos para ser f\u00e1ciles de transportar y almacenar. Son tan adecuados para los profesionales de la restauraci\u00f3n como para los consumidores que quieren ofrecer una presentaci\u00f3n cuidada sin recurrir al cl\u00e1sico desechable. <\/p>\n<p data-start=\"995\" data-end=\"1282\">Y como est\u00e1n hechos de <strong>madera lisa<\/strong>, no dejan un sabor extra\u00f1o y aguantan muy bien tanto las preparaciones calientes como las fr\u00edas. Tanto si sirves helado, macedonia, sopa o incluso arroz tailand\u00e9s aromatizado, aguantan perfectamente. <\/p>\n<p data-start=\"1284\" data-end=\"1575\">El <strong data-start=\"1287\" data-end=\"1301\">paquete de 100<\/strong> facilita la gesti\u00f3n de un servicio completo, un buf\u00e9 o un evento sin estr\u00e9s. Tendr\u00e1 m\u00e1s que suficientes para seguir el ritmo y mantener al mismo tiempo un aspecto uniforme. Y, por supuesto, <strong>la madera<\/strong> a\u00f1ade ese toque extra de responsabilidad que atrae cada vez m\u00e1s a los clientes.  <\/p>\n<p data-start=\"1577\" data-end=\"1754\">En resumen, estas <strong>cucharas de madera<\/strong> combinan sencillez, solidez y est\u00e9tica natural. Cumplen su funci\u00f3n sin esfuerzo y a\u00f1aden un discreto encanto a cualquier mesa o envase. <\/p>\n<p data-start=\"1577\" data-end=\"1754\"><!--more--><\/p>\n<h4>Ventajas :<\/h4>\n<ul>\n<li data-start=\"1782\" data-end=\"1812\">Tacto natural y agradable.<\/li>\n<li data-start=\"1815\" data-end=\"1842\">Longitud ideal: <strong>165 mm<\/strong>.<\/li>\n<li data-start=\"1845\" data-end=\"1883\">Adecuado para platos fr\u00edos y calientes.<\/li>\n<li data-start=\"1886\" data-end=\"1917\"><strong>Madera suave<\/strong> sin regusto.<\/li>\n<li data-start=\"1920\" data-end=\"1949\">Pr\u00e1ctico paquete de <strong>100<\/strong>.<\/li>\n<li data-start=\"1952\" data-end=\"1996\">Una opci\u00f3n m\u00e1s respetuosa con el medio ambiente.<\/li>\n<\/ul>\n<p>&nbsp;<\/p>\n<p><!--more--><\/p>\n<h4>Informaci\u00f3n adicional :<\/h4>\n<ul>\n<li><strong>Embalaje<\/strong>: Paquete de 100<\/li>\n<li><strong>Tama\u00f1o<\/strong>: 165 mm (longitud)<\/li>\n<li><strong>Material<\/strong>: Madera<\/li>\n<\/ul>\n<p>&nbsp;<\/p>\n<p><!--more--><\/p>\n<p><a href=\"https:\/\/www.csj-emballages.com\/es\/categorie-produit\/envasado-de-alimentos\/catering-es\/platos-cubiertos-desechables-pajitas\/tenedores-cuchillos-cucharas\/cubiertos-biodegradables\/\">Ver el resto de nuestra gama de cubiertos biodegradables<\/a><\/p>\n","protected":false},"excerpt":{"rendered":"<p>Cuchara de madera Descubra nuestra cuchara de madera 165 mm por 100<\/p>\n","protected":false},"featured_media":167494,"template":"","meta":{"_acf_changed":false},"product_brand":[],"product_cat":[1150,1179,2609,2610,1163,2598],"product_tag":[],"class_list":{"0":"post-29419","1":"product","2":"type-product","3":"status-publish","4":"has-post-thumbnail","6":"product_cat-envasado-de-alimentos","7":"product_cat-catering-es","8":"product_cat-tenedores-cuchillos-cucharas","9":"product_cat-cubiertos-biodegradables","10":"product_cat-gama-ecologica","11":"product_cat-cubiertos-ecologicos","13":"first","14":"instock","15":"taxable","16":"shipping-taxable","17":"purchasable","18":"product-type-simple"},"acf":[],"yoast_head":"<!-- This site is optimized with the Yoast SEO Premium plugin v26.6 (Yoast SEO v26.6) - https:\/\/yoast.com\/wordpress\/plugins\/seo\/ -->\n<title>Cuchara de madera biodegradable - 165 mm<\/title>\n<meta name=\"description\" content=\"Cuchara de madera de 165 mm vendida en paquetes de 100. Natural, resistente e ideal como alternativa ecol\u00f3gica a los cubiertos desechables tradicionales.\" \/>\n<meta name=\"robots\" content=\"index, follow, max-snippet:-1, max-image-preview:large, max-video-preview:-1\" \/>\n<link rel=\"canonical\" href=\"https:\/\/www.csj-emballages.com\/es\/produit\/100-cucharas-de-madera-165-mm\/\" \/>\n<meta property=\"og:locale\" content=\"es_ES\" \/>\n<meta property=\"og:type\" content=\"article\" \/>\n<meta property=\"og:title\" content=\"Cuchara de madera 165 mm por 100\" \/>\n<meta property=\"og:description\" content=\"Cuchara de madera de 165 mm vendida en paquetes de 100. Natural, resistente e ideal como alternativa ecol\u00f3gica a los cubiertos desechables tradicionales.\" \/>\n<meta property=\"og:url\" content=\"https:\/\/www.csj-emballages.com\/es\/produit\/100-cucharas-de-madera-165-mm\/\" \/>\n<meta property=\"og:site_name\" content=\"CSJ Emballages\" \/>\n<meta property=\"article:publisher\" content=\"https:\/\/www.facebook.com\/csjemballages\" \/>\n<meta property=\"article:modified_time\" content=\"2026-04-11T00:12:08+00:00\" \/>\n<meta property=\"og:image\" content=\"https:\/\/www.csj-emballages.com\/wp-content\/uploads\/2024\/03\/CU-165-BOIS-scaled.webp\" \/>\n\t<meta property=\"og:image:width\" content=\"2048\" \/>\n\t<meta property=\"og:image:height\" content=\"2046\" \/>\n\t<meta property=\"og:image:type\" content=\"image\/webp\" \/>\n<meta name=\"twitter:card\" content=\"summary_large_image\" \/>\n<meta name=\"twitter:label1\" content=\"Tiempo de lectura\" \/>\n\t<meta name=\"twitter:data1\" content=\"2 minutos\" \/>\n<script type=\"application\/ld+json\" class=\"yoast-schema-graph\">{\"@context\":\"https:\/\/schema.org\",\"@graph\":[{\"@type\":\"WebPage\",\"@id\":\"https:\/\/www.csj-emballages.com\/es\/produit\/100-cucharas-de-madera-165-mm\/\",\"url\":\"https:\/\/www.csj-emballages.com\/es\/produit\/100-cucharas-de-madera-165-mm\/\",\"name\":\"Cuchara de madera biodegradable - 165 mm\",\"isPartOf\":{\"@id\":\"https:\/\/www.csj-emballages.com\/es\/#website\"},\"primaryImageOfPage\":{\"@id\":\"https:\/\/www.csj-emballages.com\/es\/produit\/100-cucharas-de-madera-165-mm\/#primaryimage\"},\"image\":{\"@id\":\"https:\/\/www.csj-emballages.com\/es\/produit\/100-cucharas-de-madera-165-mm\/#primaryimage\"},\"thumbnailUrl\":\"https:\/\/www.csj-emballages.com\/wp-content\/uploads\/2024\/03\/CU-165-BOIS-scaled.webp\",\"datePublished\":\"2024-03-01T15:54:58+00:00\",\"dateModified\":\"2026-04-11T00:12:08+00:00\",\"description\":\"Cuchara de madera de 165 mm vendida en paquetes de 100. Natural, resistente e ideal como alternativa ecol\u00f3gica a los cubiertos desechables tradicionales.\",\"breadcrumb\":{\"@id\":\"https:\/\/www.csj-emballages.com\/es\/produit\/100-cucharas-de-madera-165-mm\/#breadcrumb\"},\"inLanguage\":\"es\",\"potentialAction\":[{\"@type\":\"ReadAction\",\"target\":[\"https:\/\/www.csj-emballages.com\/es\/produit\/100-cucharas-de-madera-165-mm\/\"]}]},{\"@type\":\"ImageObject\",\"inLanguage\":\"es\",\"@id\":\"https:\/\/www.csj-emballages.com\/es\/produit\/100-cucharas-de-madera-165-mm\/#primaryimage\",\"url\":\"https:\/\/www.csj-emballages.com\/wp-content\/uploads\/2024\/03\/CU-165-BOIS-scaled.webp\",\"contentUrl\":\"https:\/\/www.csj-emballages.com\/wp-content\/uploads\/2024\/03\/CU-165-BOIS-scaled.webp\",\"width\":2048,\"height\":2046,\"caption\":\"cuill\u00e8re bois\"},{\"@type\":\"BreadcrumbList\",\"@id\":\"https:\/\/www.csj-emballages.com\/es\/produit\/100-cucharas-de-madera-165-mm\/#breadcrumb\",\"itemListElement\":[{\"@type\":\"ListItem\",\"position\":1,\"name\":\"Accueil\",\"item\":\"https:\/\/www.csj-emballages.com\/es\/universo-del-envasado-alimentario\/\"},{\"@type\":\"ListItem\",\"position\":2,\"name\":\"Tienda\",\"item\":\"https:\/\/www.csj-emballages.com\/tienda\/\"},{\"@type\":\"ListItem\",\"position\":3,\"name\":\"Cuchara de madera 165 mm por 100\"}]},{\"@type\":\"WebSite\",\"@id\":\"https:\/\/www.csj-emballages.com\/es\/#website\",\"url\":\"https:\/\/www.csj-emballages.com\/es\/\",\"name\":\"CSJ Emballages\",\"description\":\"\",\"publisher\":{\"@id\":\"https:\/\/www.csj-emballages.com\/es\/#organization\"},\"potentialAction\":[{\"@type\":\"SearchAction\",\"target\":{\"@type\":\"EntryPoint\",\"urlTemplate\":\"https:\/\/www.csj-emballages.com\/es\/?s={search_term_string}\"},\"query-input\":{\"@type\":\"PropertyValueSpecification\",\"valueRequired\":true,\"valueName\":\"search_term_string\"}}],\"inLanguage\":\"es\"},{\"@type\":\"Organization\",\"@id\":\"https:\/\/www.csj-emballages.com\/es\/#Organization\/\",\"name\":\"CSJ Emballages\",\"url\":\"https:\/\/www.csj-emballages.com\/es\/\",\"logo\":{\"@type\":\"ImageObject\",\"inLanguage\":\"es\",\"@id\":\"https:\/\/www.csj-emballages.com\/es\/#\/schema\/logo\/image\/\",\"url\":\"https:\/\/www.csj-emballages.com\/wp-content\/uploads\/2023\/10\/logo_csj.webp\",\"contentUrl\":\"https:\/\/www.csj-emballages.com\/wp-content\/uploads\/2023\/10\/logo_csj.webp\",\"width\":250,\"height\":95,\"caption\":\"CSJ Emballages\"},\"image\":{\"@id\":\"https:\/\/www.csj-emballages.com\/es\/#\/schema\/logo\/image\/\"},\"sameAs\":[\"https:\/\/www.facebook.com\/csjemballages\"],\"address\":{\"@type\":\"PostalAddress\",\"streetAddress\":\"ZI La Lechere\",\"addressLocality\":\"Patornay\",\"postalCode\":\"39130\",\"addressCountry\":\"FR\"},\"contactPoint\":[{\"@type\":\"ContactPoint\",\"contactType\":\"Service client\",\"telephone\":\"0384254272\",\"email\":\"contact@csj-emballages.com\"}]}]}<\/script>\n<!-- \/ Yoast SEO Premium plugin. -->","yoast_head_json":{"title":"Cuchara de madera biodegradable - 165 mm","description":"Cuchara de madera de 165 mm vendida en paquetes de 100. Natural, resistente e ideal como alternativa ecol\u00f3gica a los cubiertos desechables tradicionales.","robots":{"index":"index","follow":"follow","max-snippet":"max-snippet:-1","max-image-preview":"max-image-preview:large","max-video-preview":"max-video-preview:-1"},"canonical":"https:\/\/www.csj-emballages.com\/es\/produit\/100-cucharas-de-madera-165-mm\/","og_locale":"es_ES","og_type":"article","og_title":"Cuchara de madera 165 mm por 100","og_description":"Cuchara de madera de 165 mm vendida en paquetes de 100. Natural, resistente e ideal como alternativa ecol\u00f3gica a los cubiertos desechables tradicionales.","og_url":"https:\/\/www.csj-emballages.com\/es\/produit\/100-cucharas-de-madera-165-mm\/","og_site_name":"CSJ Emballages","article_publisher":"https:\/\/www.facebook.com\/csjemballages","article_modified_time":"2026-04-11T00:12:08+00:00","og_image":[{"width":2048,"height":2046,"url":"https:\/\/www.csj-emballages.com\/wp-content\/uploads\/2024\/03\/CU-165-BOIS-scaled.webp","type":"image\/webp"}],"twitter_card":"summary_large_image","twitter_misc":{"Tiempo de lectura":"2 minutos"},"schema":{"@context":"https:\/\/schema.org","@graph":[{"@type":"WebPage","@id":"https:\/\/www.csj-emballages.com\/es\/produit\/100-cucharas-de-madera-165-mm\/","url":"https:\/\/www.csj-emballages.com\/es\/produit\/100-cucharas-de-madera-165-mm\/","name":"Cuchara de madera biodegradable - 165 mm","isPartOf":{"@id":"https:\/\/www.csj-emballages.com\/es\/#website"},"primaryImageOfPage":{"@id":"https:\/\/www.csj-emballages.com\/es\/produit\/100-cucharas-de-madera-165-mm\/#primaryimage"},"image":{"@id":"https:\/\/www.csj-emballages.com\/es\/produit\/100-cucharas-de-madera-165-mm\/#primaryimage"},"thumbnailUrl":"https:\/\/www.csj-emballages.com\/wp-content\/uploads\/2024\/03\/CU-165-BOIS-scaled.webp","datePublished":"2024-03-01T15:54:58+00:00","dateModified":"2026-04-11T00:12:08+00:00","description":"Cuchara de madera de 165 mm vendida en paquetes de 100. Natural, resistente e ideal como alternativa ecol\u00f3gica a los cubiertos desechables tradicionales.","breadcrumb":{"@id":"https:\/\/www.csj-emballages.com\/es\/produit\/100-cucharas-de-madera-165-mm\/#breadcrumb"},"inLanguage":"es","potentialAction":[{"@type":"ReadAction","target":["https:\/\/www.csj-emballages.com\/es\/produit\/100-cucharas-de-madera-165-mm\/"]}]},{"@type":"ImageObject","inLanguage":"es","@id":"https:\/\/www.csj-emballages.com\/es\/produit\/100-cucharas-de-madera-165-mm\/#primaryimage","url":"https:\/\/www.csj-emballages.com\/wp-content\/uploads\/2024\/03\/CU-165-BOIS-scaled.webp","contentUrl":"https:\/\/www.csj-emballages.com\/wp-content\/uploads\/2024\/03\/CU-165-BOIS-scaled.webp","width":2048,"height":2046,"caption":"cuill\u00e8re bois"},{"@type":"BreadcrumbList","@id":"https:\/\/www.csj-emballages.com\/es\/produit\/100-cucharas-de-madera-165-mm\/#breadcrumb","itemListElement":[{"@type":"ListItem","position":1,"name":"Accueil","item":"https:\/\/www.csj-emballages.com\/es\/universo-del-envasado-alimentario\/"},{"@type":"ListItem","position":2,"name":"Tienda","item":"https:\/\/www.csj-emballages.com\/tienda\/"},{"@type":"ListItem","position":3,"name":"Cuchara de madera 165 mm por 100"}]},{"@type":"WebSite","@id":"https:\/\/www.csj-emballages.com\/es\/#website","url":"https:\/\/www.csj-emballages.com\/es\/","name":"CSJ Emballages","description":"","publisher":{"@id":"https:\/\/www.csj-emballages.com\/es\/#organization"},"potentialAction":[{"@type":"SearchAction","target":{"@type":"EntryPoint","urlTemplate":"https:\/\/www.csj-emballages.com\/es\/?s={search_term_string}"},"query-input":{"@type":"PropertyValueSpecification","valueRequired":true,"valueName":"search_term_string"}}],"inLanguage":"es"},{"@type":"Organization","@id":"https:\/\/www.csj-emballages.com\/es\/#Organization\/","name":"CSJ Emballages","url":"https:\/\/www.csj-emballages.com\/es\/","logo":{"@type":"ImageObject","inLanguage":"es","@id":"https:\/\/www.csj-emballages.com\/es\/#\/schema\/logo\/image\/","url":"https:\/\/www.csj-emballages.com\/wp-content\/uploads\/2023\/10\/logo_csj.webp","contentUrl":"https:\/\/www.csj-emballages.com\/wp-content\/uploads\/2023\/10\/logo_csj.webp","width":250,"height":95,"caption":"CSJ Emballages"},"image":{"@id":"https:\/\/www.csj-emballages.com\/es\/#\/schema\/logo\/image\/"},"sameAs":["https:\/\/www.facebook.com\/csjemballages"],"address":{"@type":"PostalAddress","streetAddress":"ZI La Lechere","addressLocality":"Patornay","postalCode":"39130","addressCountry":"FR"},"contactPoint":[{"@type":"ContactPoint","contactType":"Service client","telephone":"0384254272","email":"contact@csj-emballages.com"}]}]}},"df_price":2.02,"df_sale_price":"","df_regular_price":2.02,"df_image_link":"https:\/\/www.csj-emballages.com\/wp-content\/uploads\/2024\/03\/CU-165-BOIS-300x300.webp","tiered_pricing_type":"fixed","tiered_pricing_fixed_rules":[],"tiered_pricing_percentage_rules":[],"tiered_pricing_minimum":1,"tiered_pricing_roles_data":[],"_links":{"self":[{"href":"https:\/\/www.csj-emballages.com\/es\/wp-json\/wp\/v2\/product\/29419","targetHints":{"allow":["GET"]}}],"collection":[{"href":"https:\/\/www.csj-emballages.com\/es\/wp-json\/wp\/v2\/product"}],"about":[{"href":"https:\/\/www.csj-emballages.com\/es\/wp-json\/wp\/v2\/types\/product"}],"wp:featuredmedia":[{"embeddable":true,"href":"https:\/\/www.csj-emballages.com\/es\/wp-json\/wp\/v2\/media\/167494"}],"wp:attachment":[{"href":"https:\/\/www.csj-emballages.com\/es\/wp-json\/wp\/v2\/media?parent=29419"}],"wp:term":[{"taxonomy":"product_brand","embeddable":true,"href":"https:\/\/www.csj-emballages.com\/es\/wp-json\/wp\/v2\/product_brand?post=29419"},{"taxonomy":"product_cat","embeddable":true,"href":"https:\/\/www.csj-emballages.com\/es\/wp-json\/wp\/v2\/product_cat?post=29419"},{"taxonomy":"product_tag","embeddable":true,"href":"https:\/\/www.csj-emballages.com\/es\/wp-json\/wp\/v2\/product_tag?post=29419"}],"curies":[{"name":"wp","href":"https:\/\/api.w.org\/{rel}","templated":true}]}}