{"id":29301,"date":"2024-06-20T15:34:36","date_gmt":"2024-06-20T13:34:36","guid":{"rendered":"https:\/\/www.csj-emballages.com\/produit\/25-botes-de-palomitas-1380-ml-2\/"},"modified":"2026-03-21T02:14:01","modified_gmt":"2026-03-21T01:14:01","slug":"25-botes-de-palomitas-1380-ml-2","status":"publish","type":"product","link":"https:\/\/www.csj-emballages.com\/es\/produit\/25-botes-de-palomitas-1380-ml-2\/","title":{"rendered":"Pote de palomitas 1380 ml por 25"},"content":{"rendered":"<div class=\"flex flex-grow flex-col max-w-full\">\n<div class=\"min-h-[20px] text-message flex flex-col items-start whitespace-pre-wrap break-words [.text-message+&amp;]:mt-5 juice:w-full juice:items-end overflow-x-auto gap-2\" dir=\"auto\" data-message-author-role=\"assistant\" data-message-id=\"4b7216c5-b9d0-46bf-8edf-2f0c4d2c9597\">\n<div class=\"flex w-full flex-col gap-1 juice:empty:hidden juice:first:pt-[3px]\">\n<div class=\"markdown prose w-full break-words dark:prose-invert light\">\n<h2>Olla de palomitas<\/h2>\n<div style=\"box-sizing: inherit; font-family: Roboto, sans-serif;\">\n<div style=\"box-sizing: inherit; font-family: Roboto, sans-serif;\">\n<div style=\"box-sizing: inherit; font-family: Roboto, sans-serif;\">\n<div style=\"box-sizing: inherit; font-family: Roboto, sans-serif;\">\n<div style=\"box-sizing: inherit; font-family: Roboto, sans-serif;\">\n<div style=\"box-sizing: inherit; font-family: Roboto, sans-serif;\">\n<hr>\n<h3>Descripci\u00f3n de nuestro pote de palomitas 1380 ml por 25<\/h3>\n<p><!--more--><\/p>\n<p data-start=\"220\" data-end=\"662\">\u00bfQuiere ofrecer a sus clientes un aut\u00e9ntico ambiente de \u00abcine\u00bb? Este <strong>bote de palomitas de<\/strong> <strong data-start=\"301\" data-end=\"312\">1380<\/strong> ml es justo lo que necesita. Con su dise\u00f1o <strong>amarillo ultradin\u00e1mico<\/strong> y <strong>sus motivos de palomitas<\/strong> al estilo de los carteles retro, te pone a tono enseguida, incluso antes del primer bocado. S\u00f3lo tiene que llenarlo para que empiece la experiencia: pensar\u00e1 en cines oscuros, buen humor, pel\u00edculas con amigos&#8230; en resumen, crea instant\u00e1neamente un peque\u00f1o momento de placer.   <\/p>\n<p data-start=\"664\" data-end=\"1102\">Gracias a su gran capacidad, puede contener una generosa raci\u00f3n sin riesgo de desbordarse. Es ideal para cines, parques de atracciones, noches tem\u00e1ticas, eventos corporativos o incluso bares que quieran ofrecer un producto divertido y f\u00e1cil de servir. Adem\u00e1s, su rigidez hace que no se deforme entre dos manos demasiado entusiastas. As\u00ed que puede sostenerlo, pasarlo de mano en mano, agitarlo&#8230; sin que pierda su forma.   <\/p>\n<p data-start=\"1104\" data-end=\"1338\">El <strong>recipiente es ligero<\/strong>, agradable de sujetar y, sobre todo, limpio: se acabaron las astillas de palomitas volando por todas partes. Usted sirve de forma r\u00e1pida y limpia, y sus clientes disfrutan de un recipiente que les hace querer seguir mordisqueando. <\/p>\n<p data-start=\"1340\" data-end=\"1620\">Vendido <strong data-start=\"1359\" data-end=\"1376\">en paquetes de 25 unidades<\/strong>, dispondr\u00e1 de la cantidad exacta para probar un nuevo stand, organizar un evento o completar sus existencias sin sobrecargar sus reservas. Es el formato inteligente para quienes desean ofrecer un producto gourmet sin complicaciones. <\/p>\n<p data-start=\"1622\" data-end=\"1804\">En resumen, este <strong>bote de palomitas<\/strong> no es s\u00f3lo un recipiente: forma parte del ambiente. Es llamativo, realza su oferta y a\u00f1ade un toque festivo a cada servicio. <\/p>\n<p data-start=\"1622\" data-end=\"1804\">\n<\/div>\n<\/div>\n<p data-start=\"1622\" data-end=\"1804\"><!--more--><\/p>\n<div style=\"box-sizing: inherit; font-family: Roboto, sans-serif;\">\n<div style=\"box-sizing: inherit; font-family: Roboto, sans-serif;\">\n<h4>Ventajas :<\/h4>\n<ul>\n<li data-start=\"1832\" data-end=\"1881\"><strong>Estilo retro<\/strong> y colores vivos y llamativos.<\/li>\n<li data-start=\"1884\" data-end=\"1913\">Gran capacidad de <strong>1380 ml<\/strong>.<\/li>\n<li data-start=\"1916\" data-end=\"1952\">Una olla resistente y c\u00f3moda de sujetar.<\/li>\n<li data-start=\"1955\" data-end=\"2000\">Perfecto para eventos, cines y bares.<\/li>\n<li data-start=\"2003\" data-end=\"2029\">Pr\u00e1ctico envase de<strong> 25 unidades<\/strong>.<\/li>\n<\/ul>\n<p>&nbsp;<\/p>\n<p><!--more--><\/p>\n<\/div>\n<h4>Informaci\u00f3n adicional :<\/h4>\n<ul>\n<li><strong>Envase<\/strong>: Paquete de 25<\/li>\n<li><strong>Dimensiones<\/strong>: \u00d812,4 <span class=\"measures-light\">x 17 cm <\/span><\/li>\n<li><strong>Volumen<\/strong>: 1380 ml<\/li>\n<li><strong>Gramaje<\/strong>: 230 + 20 g\/m\u00b2 PE<\/li>\n<li><strong>Material<\/strong>: Cart\u00f3n<\/li>\n<li><strong>Temperatura de funcionamiento<\/strong>: -15\u00baC \/ +85\u00baC<\/li>\n<\/ul>\n<p>&nbsp;<\/p>\n<p><!--more--><\/p>\n<\/div>\n<\/div>\n<p>Encuentre aqu\u00ed nuestros cubos, palomiteros y pollos: <span style=\"color: #d12727;\"><a style=\"color: #d12727;\" href=\"https:\/\/www.csj-emballages.com\/es\/produit\/50-cubos-de-carton-desechables-cubos-alas-de-pollo-250-litros\/\">BUCK85<\/a><\/span> \/ <span style=\"color: #d12727;\"><a style=\"color: #d12727;\" href=\"https:\/\/www.csj-emballages.com\/es\/produit\/50-cubos-de-carton-desechables-seaux-alas-de-pollo-450-litros\/\">BUCK150<\/a><\/span><\/p>\n<div style=\"box-sizing: inherit; font-family: Roboto, sans-serif;\">\n<div style=\"box-sizing: inherit; font-family: Roboto, sans-serif;\">\n<p>&nbsp;<\/p>\n<div style=\"box-sizing: inherit; font-family: Roboto, sans-serif;\">\n<p><!--more--><\/p>\n<p><a href=\"https:\/\/www.csj-emballages.com\/es\/categorie-produit\/envasado-de-alimentos\/catering-es\/cajas-bandejas-bolsas-conos\/conos-y-ollas-de-pasta-envoltura-maiz\/\">Ver el resto de nuestra gama de conos y ollas para pasta\/envolver\/ma\u00edz<\/a><\/p>\n<\/div>\n<\/div>\n<\/div>\n<\/div>\n<\/div>\n<\/div>\n<\/div>\n<\/div>\n<\/div>\n<\/div>\n","protected":false},"excerpt":{"rendered":"<p>Olla de palomitas Descripci\u00f3n de nuestro pote de palomitas 1380 ml por 25<\/p>\n","protected":false},"featured_media":256644,"template":"","meta":{"_acf_changed":false},"product_brand":[],"product_cat":[1150,1179,3878,2429,2430],"product_tag":[],"class_list":{"0":"post-29301","1":"product","2":"type-product","3":"status-publish","4":"has-post-thumbnail","6":"product_cat-envasado-de-alimentos","7":"product_cat-catering-es","8":"product_cat-cajas-bandejas-bolsas-conos","9":"product_cat-conos-y-ollas-de-pasta-envoltura-maiz","10":"product_cat-ollas-para-palomitas","12":"first","13":"instock","14":"taxable","15":"shipping-taxable","16":"purchasable","17":"product-type-simple"},"acf":[],"yoast_head":"<!-- This site is optimized with the Yoast SEO Premium plugin v26.6 (Yoast SEO v26.6) - https:\/\/yoast.com\/wordpress\/plugins\/seo\/ -->\n<title>Olla Pop Corn - 1380 ml<\/title>\n<meta name=\"description\" content=\"\u00a1Pote de palomitas en 1380 ml! Dimensiones: \u00a1120 x 90 mm! \u00a1Elige ya las macetas de palomitas en paquetes de 25!\" \/>\n<meta name=\"robots\" content=\"index, follow, max-snippet:-1, max-image-preview:large, max-video-preview:-1\" \/>\n<link rel=\"canonical\" href=\"https:\/\/www.csj-emballages.com\/es\/produit\/25-botes-de-palomitas-1380-ml-2\/\" \/>\n<meta property=\"og:locale\" content=\"es_ES\" \/>\n<meta property=\"og:type\" content=\"article\" \/>\n<meta property=\"og:title\" content=\"Pote de palomitas 1380 ml por 25\" \/>\n<meta property=\"og:description\" content=\"\u00a1Pote de palomitas en 1380 ml! Dimensiones: \u00a1120 x 90 mm! \u00a1Elige ya las macetas de palomitas en paquetes de 25!\" \/>\n<meta property=\"og:url\" content=\"https:\/\/www.csj-emballages.com\/es\/produit\/25-botes-de-palomitas-1380-ml-2\/\" \/>\n<meta property=\"og:site_name\" content=\"CSJ Emballages\" \/>\n<meta property=\"article:publisher\" content=\"https:\/\/www.facebook.com\/csjemballages\" \/>\n<meta property=\"article:modified_time\" content=\"2026-03-21T01:14:01+00:00\" \/>\n<meta property=\"og:image\" content=\"https:\/\/www.csj-emballages.com\/wp-content\/uploads\/2024\/06\/POPCORN1.webp\" \/>\n\t<meta property=\"og:image:width\" content=\"800\" \/>\n\t<meta property=\"og:image:height\" content=\"800\" \/>\n\t<meta property=\"og:image:type\" content=\"image\/webp\" \/>\n<meta name=\"twitter:card\" content=\"summary_large_image\" \/>\n<meta name=\"twitter:label1\" content=\"Tiempo de lectura\" \/>\n\t<meta name=\"twitter:data1\" content=\"2 minutos\" \/>\n<script type=\"application\/ld+json\" class=\"yoast-schema-graph\">{\"@context\":\"https:\/\/schema.org\",\"@graph\":[{\"@type\":\"WebPage\",\"@id\":\"https:\/\/www.csj-emballages.com\/es\/produit\/25-botes-de-palomitas-1380-ml-2\/\",\"url\":\"https:\/\/www.csj-emballages.com\/es\/produit\/25-botes-de-palomitas-1380-ml-2\/\",\"name\":\"Olla Pop Corn - 1380 ml\",\"isPartOf\":{\"@id\":\"https:\/\/www.csj-emballages.com\/es\/#website\"},\"primaryImageOfPage\":{\"@id\":\"https:\/\/www.csj-emballages.com\/es\/produit\/25-botes-de-palomitas-1380-ml-2\/#primaryimage\"},\"image\":{\"@id\":\"https:\/\/www.csj-emballages.com\/es\/produit\/25-botes-de-palomitas-1380-ml-2\/#primaryimage\"},\"thumbnailUrl\":\"https:\/\/www.csj-emballages.com\/wp-content\/uploads\/2024\/06\/POPCORN1.webp\",\"datePublished\":\"2024-06-20T13:34:36+00:00\",\"dateModified\":\"2026-03-21T01:14:01+00:00\",\"description\":\"\u00a1Pote de palomitas en 1380 ml! Dimensiones: \u00a1120 x 90 mm! \u00a1Elige ya las macetas de palomitas en paquetes de 25!\",\"breadcrumb\":{\"@id\":\"https:\/\/www.csj-emballages.com\/es\/produit\/25-botes-de-palomitas-1380-ml-2\/#breadcrumb\"},\"inLanguage\":\"es\",\"potentialAction\":[{\"@type\":\"ReadAction\",\"target\":[\"https:\/\/www.csj-emballages.com\/es\/produit\/25-botes-de-palomitas-1380-ml-2\/\"]}]},{\"@type\":\"ImageObject\",\"inLanguage\":\"es\",\"@id\":\"https:\/\/www.csj-emballages.com\/es\/produit\/25-botes-de-palomitas-1380-ml-2\/#primaryimage\",\"url\":\"https:\/\/www.csj-emballages.com\/wp-content\/uploads\/2024\/06\/POPCORN1.webp\",\"contentUrl\":\"https:\/\/www.csj-emballages.com\/wp-content\/uploads\/2024\/06\/POPCORN1.webp\",\"width\":800,\"height\":800,\"caption\":\"Pot pop corn\"},{\"@type\":\"BreadcrumbList\",\"@id\":\"https:\/\/www.csj-emballages.com\/es\/produit\/25-botes-de-palomitas-1380-ml-2\/#breadcrumb\",\"itemListElement\":[{\"@type\":\"ListItem\",\"position\":1,\"name\":\"Accueil\",\"item\":\"https:\/\/www.csj-emballages.com\/es\/universo-del-envasado-alimentario\/\"},{\"@type\":\"ListItem\",\"position\":2,\"name\":\"Tienda\",\"item\":\"https:\/\/www.csj-emballages.com\/tienda\/\"},{\"@type\":\"ListItem\",\"position\":3,\"name\":\"Pote de palomitas 1380 ml por 25\"}]},{\"@type\":\"WebSite\",\"@id\":\"https:\/\/www.csj-emballages.com\/es\/#website\",\"url\":\"https:\/\/www.csj-emballages.com\/es\/\",\"name\":\"CSJ Emballages\",\"description\":\"\",\"publisher\":{\"@id\":\"https:\/\/www.csj-emballages.com\/es\/#organization\"},\"potentialAction\":[{\"@type\":\"SearchAction\",\"target\":{\"@type\":\"EntryPoint\",\"urlTemplate\":\"https:\/\/www.csj-emballages.com\/es\/?s={search_term_string}\"},\"query-input\":{\"@type\":\"PropertyValueSpecification\",\"valueRequired\":true,\"valueName\":\"search_term_string\"}}],\"inLanguage\":\"es\"},{\"@type\":\"Organization\",\"@id\":\"https:\/\/www.csj-emballages.com\/es\/#Organization\/\",\"name\":\"CSJ Emballages\",\"url\":\"https:\/\/www.csj-emballages.com\/es\/\",\"logo\":{\"@type\":\"ImageObject\",\"inLanguage\":\"es\",\"@id\":\"https:\/\/www.csj-emballages.com\/es\/#\/schema\/logo\/image\/\",\"url\":\"https:\/\/www.csj-emballages.com\/wp-content\/uploads\/2023\/10\/logo_csj.webp\",\"contentUrl\":\"https:\/\/www.csj-emballages.com\/wp-content\/uploads\/2023\/10\/logo_csj.webp\",\"width\":250,\"height\":95,\"caption\":\"CSJ Emballages\"},\"image\":{\"@id\":\"https:\/\/www.csj-emballages.com\/es\/#\/schema\/logo\/image\/\"},\"sameAs\":[\"https:\/\/www.facebook.com\/csjemballages\"],\"address\":{\"@type\":\"PostalAddress\",\"streetAddress\":\"ZI La Lechere\",\"addressLocality\":\"Patornay\",\"postalCode\":\"39130\",\"addressCountry\":\"FR\"},\"contactPoint\":[{\"@type\":\"ContactPoint\",\"contactType\":\"Service client\",\"telephone\":\"0384254272\",\"email\":\"contact@csj-emballages.com\"}]}]}<\/script>\n<!-- \/ Yoast SEO Premium plugin. -->","yoast_head_json":{"title":"Olla Pop Corn - 1380 ml","description":"\u00a1Pote de palomitas en 1380 ml! Dimensiones: \u00a1120 x 90 mm! \u00a1Elige ya las macetas de palomitas en paquetes de 25!","robots":{"index":"index","follow":"follow","max-snippet":"max-snippet:-1","max-image-preview":"max-image-preview:large","max-video-preview":"max-video-preview:-1"},"canonical":"https:\/\/www.csj-emballages.com\/es\/produit\/25-botes-de-palomitas-1380-ml-2\/","og_locale":"es_ES","og_type":"article","og_title":"Pote de palomitas 1380 ml por 25","og_description":"\u00a1Pote de palomitas en 1380 ml! Dimensiones: \u00a1120 x 90 mm! \u00a1Elige ya las macetas de palomitas en paquetes de 25!","og_url":"https:\/\/www.csj-emballages.com\/es\/produit\/25-botes-de-palomitas-1380-ml-2\/","og_site_name":"CSJ Emballages","article_publisher":"https:\/\/www.facebook.com\/csjemballages","article_modified_time":"2026-03-21T01:14:01+00:00","og_image":[{"width":800,"height":800,"url":"https:\/\/www.csj-emballages.com\/wp-content\/uploads\/2024\/06\/POPCORN1.webp","type":"image\/webp"}],"twitter_card":"summary_large_image","twitter_misc":{"Tiempo de lectura":"2 minutos"},"schema":{"@context":"https:\/\/schema.org","@graph":[{"@type":"WebPage","@id":"https:\/\/www.csj-emballages.com\/es\/produit\/25-botes-de-palomitas-1380-ml-2\/","url":"https:\/\/www.csj-emballages.com\/es\/produit\/25-botes-de-palomitas-1380-ml-2\/","name":"Olla Pop Corn - 1380 ml","isPartOf":{"@id":"https:\/\/www.csj-emballages.com\/es\/#website"},"primaryImageOfPage":{"@id":"https:\/\/www.csj-emballages.com\/es\/produit\/25-botes-de-palomitas-1380-ml-2\/#primaryimage"},"image":{"@id":"https:\/\/www.csj-emballages.com\/es\/produit\/25-botes-de-palomitas-1380-ml-2\/#primaryimage"},"thumbnailUrl":"https:\/\/www.csj-emballages.com\/wp-content\/uploads\/2024\/06\/POPCORN1.webp","datePublished":"2024-06-20T13:34:36+00:00","dateModified":"2026-03-21T01:14:01+00:00","description":"\u00a1Pote de palomitas en 1380 ml! Dimensiones: \u00a1120 x 90 mm! \u00a1Elige ya las macetas de palomitas en paquetes de 25!","breadcrumb":{"@id":"https:\/\/www.csj-emballages.com\/es\/produit\/25-botes-de-palomitas-1380-ml-2\/#breadcrumb"},"inLanguage":"es","potentialAction":[{"@type":"ReadAction","target":["https:\/\/www.csj-emballages.com\/es\/produit\/25-botes-de-palomitas-1380-ml-2\/"]}]},{"@type":"ImageObject","inLanguage":"es","@id":"https:\/\/www.csj-emballages.com\/es\/produit\/25-botes-de-palomitas-1380-ml-2\/#primaryimage","url":"https:\/\/www.csj-emballages.com\/wp-content\/uploads\/2024\/06\/POPCORN1.webp","contentUrl":"https:\/\/www.csj-emballages.com\/wp-content\/uploads\/2024\/06\/POPCORN1.webp","width":800,"height":800,"caption":"Pot pop corn"},{"@type":"BreadcrumbList","@id":"https:\/\/www.csj-emballages.com\/es\/produit\/25-botes-de-palomitas-1380-ml-2\/#breadcrumb","itemListElement":[{"@type":"ListItem","position":1,"name":"Accueil","item":"https:\/\/www.csj-emballages.com\/es\/universo-del-envasado-alimentario\/"},{"@type":"ListItem","position":2,"name":"Tienda","item":"https:\/\/www.csj-emballages.com\/tienda\/"},{"@type":"ListItem","position":3,"name":"Pote de palomitas 1380 ml por 25"}]},{"@type":"WebSite","@id":"https:\/\/www.csj-emballages.com\/es\/#website","url":"https:\/\/www.csj-emballages.com\/es\/","name":"CSJ Emballages","description":"","publisher":{"@id":"https:\/\/www.csj-emballages.com\/es\/#organization"},"potentialAction":[{"@type":"SearchAction","target":{"@type":"EntryPoint","urlTemplate":"https:\/\/www.csj-emballages.com\/es\/?s={search_term_string}"},"query-input":{"@type":"PropertyValueSpecification","valueRequired":true,"valueName":"search_term_string"}}],"inLanguage":"es"},{"@type":"Organization","@id":"https:\/\/www.csj-emballages.com\/es\/#Organization\/","name":"CSJ Emballages","url":"https:\/\/www.csj-emballages.com\/es\/","logo":{"@type":"ImageObject","inLanguage":"es","@id":"https:\/\/www.csj-emballages.com\/es\/#\/schema\/logo\/image\/","url":"https:\/\/www.csj-emballages.com\/wp-content\/uploads\/2023\/10\/logo_csj.webp","contentUrl":"https:\/\/www.csj-emballages.com\/wp-content\/uploads\/2023\/10\/logo_csj.webp","width":250,"height":95,"caption":"CSJ Emballages"},"image":{"@id":"https:\/\/www.csj-emballages.com\/es\/#\/schema\/logo\/image\/"},"sameAs":["https:\/\/www.facebook.com\/csjemballages"],"address":{"@type":"PostalAddress","streetAddress":"ZI La Lechere","addressLocality":"Patornay","postalCode":"39130","addressCountry":"FR"},"contactPoint":[{"@type":"ContactPoint","contactType":"Service client","telephone":"0384254272","email":"contact@csj-emballages.com"}]}]}},"df_price":6.23,"df_sale_price":"","df_regular_price":6.23,"df_image_link":"https:\/\/www.csj-emballages.com\/wp-content\/uploads\/2024\/06\/POPCORN1-300x300.webp","tiered_pricing_type":"fixed","tiered_pricing_fixed_rules":[],"tiered_pricing_percentage_rules":[],"tiered_pricing_minimum":1,"tiered_pricing_roles_data":[],"_links":{"self":[{"href":"https:\/\/www.csj-emballages.com\/es\/wp-json\/wp\/v2\/product\/29301","targetHints":{"allow":["GET"]}}],"collection":[{"href":"https:\/\/www.csj-emballages.com\/es\/wp-json\/wp\/v2\/product"}],"about":[{"href":"https:\/\/www.csj-emballages.com\/es\/wp-json\/wp\/v2\/types\/product"}],"wp:featuredmedia":[{"embeddable":true,"href":"https:\/\/www.csj-emballages.com\/es\/wp-json\/wp\/v2\/media\/256644"}],"wp:attachment":[{"href":"https:\/\/www.csj-emballages.com\/es\/wp-json\/wp\/v2\/media?parent=29301"}],"wp:term":[{"taxonomy":"product_brand","embeddable":true,"href":"https:\/\/www.csj-emballages.com\/es\/wp-json\/wp\/v2\/product_brand?post=29301"},{"taxonomy":"product_cat","embeddable":true,"href":"https:\/\/www.csj-emballages.com\/es\/wp-json\/wp\/v2\/product_cat?post=29301"},{"taxonomy":"product_tag","embeddable":true,"href":"https:\/\/www.csj-emballages.com\/es\/wp-json\/wp\/v2\/product_tag?post=29301"}],"curies":[{"name":"wp","href":"https:\/\/api.w.org\/{rel}","templated":true}]}}