{"id":29292,"date":"2024-06-20T15:26:55","date_gmt":"2024-06-20T13:26:55","guid":{"rendered":"https:\/\/www.csj-emballages.com\/produit\/rollo-de-aluminio-termo-no-impreso-de-92-g-y-35-cm-de-ancho-10-kg\/"},"modified":"2026-03-26T02:13:39","modified_gmt":"2026-03-26T01:13:39","slug":"rollo-de-aluminio-termo-no-impreso-de-92-g-y-35-cm-de-ancho-10-kg","status":"publish","type":"product","link":"https:\/\/www.csj-emballages.com\/es\/produit\/rollo-de-aluminio-termo-no-impreso-de-92-g-y-35-cm-de-ancho-10-kg\/","title":{"rendered":"Rollo termosellable de aluminio sin imprimir de 92 g y 35 cm de ancho 10 kg"},"content":{"rendered":"<h2><strong>Rollo termosellable de aluminio no impreso de 92 g &#8211; 10 kg<\/strong><\/h2>\n<div style=\"font-family: Roboto, sans-serif\">\n<div style=\"font-family: Roboto, sans-serif\">\n<div style=\"font-family: Roboto, sans-serif\">\n<div style=\"font-family: Roboto, sans-serif\">\n<div style=\"font-family: Roboto, sans-serif\">\n<div style=\"font-family: Roboto, sans-serif\">\n<hr>\n<h3>Descripci\u00f3n del producto<\/h3>\n<div class=\"flex flex-grow flex-col max-w-full\">\n<div class=\"min-h-[20px] text-message flex flex-col items-start whitespace-pre-wrap break-words [.text-message+&amp;]:mt-5 juice:w-full juice:items-end overflow-x-auto gap-2\" dir=\"auto\" data-message-author-role=\"assistant\" data-message-id=\"1f0c3cb2-e885-433d-b1c5-b4dc35f163e4\">\n<div class=\"flex w-full flex-col gap-1 juice:empty:hidden juice:first:pt-[3px]\">\n<div class=\"markdown prose w-full break-words dark:prose-invert light\">\n<p>El rollo termosellable de aluminio sin imprimir de 10 kg es ideal para envasar queso, garantizando una conservaci\u00f3n \u00f3ptima. Adem\u00e1s, gracias a su barrera antiox\u00edgeno, conserva la frescura y el sabor del queso. Este rodillo proporciona un sellado perfecto contra la humedad, alargando la vida del producto. Es adecuado para una gran variedad de quesos, desde los m\u00e1s suaves hasta los m\u00e1s curados.<\/p>\n<p>El rollo termosellable de aluminio sin imprimir de 10 kg est\u00e1 dise\u00f1ado para facilitar su uso, ideal para termoselladoras. Su \u00f3ptima compatibilidad permite una aplicaci\u00f3n r\u00e1pida y eficaz, simplificando el proceso de envasado. Y por \u00faltimo, con un gramaje de 92 g\/m2, este rollo es especialmente adecuado para envolver y almacenar quesos, garantizando su frescura y protecci\u00f3n.<\/p>\n<div class=\"group\/conversation-turn relative flex w-full min-w-0 flex-col agent-turn\">\n<div class=\"flex-col gap-1 md:gap-3\">\n<div class=\"flex flex-grow flex-col max-w-full\">\n<div class=\"min-h-[20px] text-message flex flex-col items-start whitespace-pre-wrap break-words [.text-message+&amp;]:mt-5 juice:w-full juice:items-end overflow-x-auto gap-2\" dir=\"auto\" data-message-author-role=\"assistant\" data-message-id=\"31cbdc1b-add2-4b03-8a61-e709407a54e5\">\n<div class=\"flex w-full flex-col gap-1 juice:empty:hidden juice:first:pt-[3px]\">\n<div class=\"markdown prose w-full break-words dark:prose-invert light\">\n<p><strong>Ventajas:<\/strong><\/p>\n<\/div>\n<\/div>\n<\/div>\n<\/div>\n<\/div>\n<\/div>\n<\/div>\n<\/div>\n<\/div>\n<\/div>\n<ul>\n<li><strong>Personalizable<\/strong>: Dale a tu envase un toque \u00fanico con opciones de personalizaci\u00f3n como la impresi\u00f3n de tu logotipo, motivos especiales, etc. Perfecto para mejorar la imagen de tu marca.<\/li>\n<li><strong>Versatilidad<\/strong>: Este rodillo es adecuado para una gran variedad de formas, desde las m\u00e1s suaves hasta las m\u00e1s refinadas.<\/li>\n<\/ul>\n<p><strong>Para m\u00e1s informaci\u00f3n:<\/strong><\/p>\n<ul>\n<li>Termosellable: S\u00ed<\/li>\n<li>Papel laminado de aluminio + revestimiento de LDPE<\/li>\n<li>Envase herm\u00e9tico higi\u00e9nico y excelente resistencia mec\u00e1nica<\/li>\n<\/ul>\n<p>&nbsp;<\/p>\n<p><!--more--><\/p>\n<p><a href=\"https:\/\/www.csj-emballages.com\/es\/categorie-produit\/envasado-de-alimentos\/carniceria-y-charcuteria\/papel-alimentario\/papel-laminado-de-aluminio\/\">Ver el resto de nuestra gama de papel laminado de aluminio<\/a><\/p>\n<\/div>\n<\/div>\n<\/div>\n<\/div>\n<\/div>\n<\/div>\n","protected":false},"excerpt":{"rendered":"<p>Rollo termosellable de aluminio no impreso de 92 g &#8211; 10 kg Descripci\u00f3n del producto El rollo termosellable de aluminio sin imprimir de 10 kg es ideal para envasar queso, garantizando una conservaci\u00f3n \u00f3ptima. Adem\u00e1s, gracias a su barrera antiox\u00edgeno, conserva la frescura y el sabor del queso. Este rodillo proporciona un sellado perfecto contra [&hellip;]<\/p>\n","protected":false},"featured_media":224955,"template":"","meta":{"_acf_changed":false},"product_brand":[],"product_cat":[1150,1143,2572,5669],"product_tag":[],"class_list":{"0":"post-29292","1":"product","2":"type-product","3":"status-publish","4":"has-post-thumbnail","6":"product_cat-envasado-de-alimentos","7":"product_cat-carniceria-y-charcuteria","8":"product_cat-papel-alimentario","9":"product_cat-papel-laminado-de-aluminio","11":"first","12":"instock","13":"taxable","14":"shipping-taxable","15":"purchasable","16":"product-type-simple"},"acf":[],"yoast_head":"<!-- This site is optimized with the Yoast SEO Premium plugin v26.6 (Yoast SEO v26.6) - https:\/\/yoast.com\/wordpress\/plugins\/seo\/ -->\n<title>Rollo termosellable de aluminio sin imprimir 92g\/m2 10kg<\/title>\n<meta name=\"description\" content=\"Rollo de aluminio termosellable \u00a1sin impresi\u00f3n! Tama\u00f1o: 350 mm Opta por un Rollo de Papel Resistente, de Calidad, Barato y a Precio DESCUENTO\" \/>\n<meta name=\"robots\" content=\"index, follow, max-snippet:-1, max-image-preview:large, max-video-preview:-1\" \/>\n<link rel=\"canonical\" href=\"https:\/\/www.csj-emballages.com\/es\/produit\/rollo-de-aluminio-termo-no-impreso-de-92-g-y-35-cm-de-ancho-10-kg\/\" \/>\n<meta property=\"og:locale\" content=\"es_ES\" \/>\n<meta property=\"og:type\" content=\"article\" \/>\n<meta property=\"og:title\" content=\"Rollo termosellable de aluminio sin imprimir de 92 g y 35 cm de ancho 10 kg\" \/>\n<meta property=\"og:description\" content=\"Rollo de aluminio termosellable \u00a1sin impresi\u00f3n! Tama\u00f1o: 350 mm Opta por un Rollo de Papel Resistente, de Calidad, Barato y a Precio DESCUENTO\" \/>\n<meta property=\"og:url\" content=\"https:\/\/www.csj-emballages.com\/es\/produit\/rollo-de-aluminio-termo-no-impreso-de-92-g-y-35-cm-de-ancho-10-kg\/\" \/>\n<meta property=\"og:site_name\" content=\"CSJ Emballages\" \/>\n<meta property=\"article:publisher\" content=\"https:\/\/www.facebook.com\/csjemballages\" \/>\n<meta property=\"article:modified_time\" content=\"2026-03-26T01:13:39+00:00\" \/>\n<meta property=\"og:image\" content=\"https:\/\/www.csj-emballages.com\/wp-content\/uploads\/2024\/06\/papier-thermoscellable-aluminium-1.webp\" \/>\n\t<meta property=\"og:image:width\" content=\"800\" \/>\n\t<meta property=\"og:image:height\" content=\"800\" \/>\n\t<meta property=\"og:image:type\" content=\"image\/jpeg\" \/>\n<meta name=\"twitter:card\" content=\"summary_large_image\" \/>\n<meta name=\"twitter:label1\" content=\"Tiempo de lectura\" \/>\n\t<meta name=\"twitter:data1\" content=\"1 minuto\" \/>\n<script type=\"application\/ld+json\" class=\"yoast-schema-graph\">{\"@context\":\"https:\/\/schema.org\",\"@graph\":[{\"@type\":\"WebPage\",\"@id\":\"https:\/\/www.csj-emballages.com\/es\/produit\/rollo-de-aluminio-termo-no-impreso-de-92-g-y-35-cm-de-ancho-10-kg\/\",\"url\":\"https:\/\/www.csj-emballages.com\/es\/produit\/rollo-de-aluminio-termo-no-impreso-de-92-g-y-35-cm-de-ancho-10-kg\/\",\"name\":\"Rollo termosellable de aluminio sin imprimir 92g\/m2 10kg\",\"isPartOf\":{\"@id\":\"https:\/\/www.csj-emballages.com\/es\/#website\"},\"primaryImageOfPage\":{\"@id\":\"https:\/\/www.csj-emballages.com\/es\/produit\/rollo-de-aluminio-termo-no-impreso-de-92-g-y-35-cm-de-ancho-10-kg\/#primaryimage\"},\"image\":{\"@id\":\"https:\/\/www.csj-emballages.com\/es\/produit\/rollo-de-aluminio-termo-no-impreso-de-92-g-y-35-cm-de-ancho-10-kg\/#primaryimage\"},\"thumbnailUrl\":\"https:\/\/www.csj-emballages.com\/wp-content\/uploads\/2024\/06\/papier-thermoscellable-aluminium-1.webp\",\"datePublished\":\"2024-06-20T13:26:55+00:00\",\"dateModified\":\"2026-03-26T01:13:39+00:00\",\"description\":\"Rollo de aluminio termosellable \u00a1sin impresi\u00f3n! Tama\u00f1o: 350 mm Opta por un Rollo de Papel Resistente, de Calidad, Barato y a Precio DESCUENTO\",\"breadcrumb\":{\"@id\":\"https:\/\/www.csj-emballages.com\/es\/produit\/rollo-de-aluminio-termo-no-impreso-de-92-g-y-35-cm-de-ancho-10-kg\/#breadcrumb\"},\"inLanguage\":\"es\",\"potentialAction\":[{\"@type\":\"ReadAction\",\"target\":[\"https:\/\/www.csj-emballages.com\/es\/produit\/rollo-de-aluminio-termo-no-impreso-de-92-g-y-35-cm-de-ancho-10-kg\/\"]}]},{\"@type\":\"ImageObject\",\"inLanguage\":\"es\",\"@id\":\"https:\/\/www.csj-emballages.com\/es\/produit\/rollo-de-aluminio-termo-no-impreso-de-92-g-y-35-cm-de-ancho-10-kg\/#primaryimage\",\"url\":\"https:\/\/www.csj-emballages.com\/wp-content\/uploads\/2024\/06\/papier-thermoscellable-aluminium-1.webp\",\"contentUrl\":\"https:\/\/www.csj-emballages.com\/wp-content\/uploads\/2024\/06\/papier-thermoscellable-aluminium-1.webp\",\"width\":800,\"height\":800,\"caption\":\"Rouleau thermoscellable aluminium sans impression 92g 35 cm de laize 10 kg\"},{\"@type\":\"BreadcrumbList\",\"@id\":\"https:\/\/www.csj-emballages.com\/es\/produit\/rollo-de-aluminio-termo-no-impreso-de-92-g-y-35-cm-de-ancho-10-kg\/#breadcrumb\",\"itemListElement\":[{\"@type\":\"ListItem\",\"position\":1,\"name\":\"Accueil\",\"item\":\"https:\/\/www.csj-emballages.com\/es\/universo-del-envasado-alimentario\/\"},{\"@type\":\"ListItem\",\"position\":2,\"name\":\"Tienda\",\"item\":\"https:\/\/www.csj-emballages.com\/tienda\/\"},{\"@type\":\"ListItem\",\"position\":3,\"name\":\"Rollo termosellable de aluminio sin imprimir de 92 g y 35 cm de ancho 10 kg\"}]},{\"@type\":\"WebSite\",\"@id\":\"https:\/\/www.csj-emballages.com\/es\/#website\",\"url\":\"https:\/\/www.csj-emballages.com\/es\/\",\"name\":\"CSJ Emballages\",\"description\":\"\",\"publisher\":{\"@id\":\"https:\/\/www.csj-emballages.com\/es\/#organization\"},\"potentialAction\":[{\"@type\":\"SearchAction\",\"target\":{\"@type\":\"EntryPoint\",\"urlTemplate\":\"https:\/\/www.csj-emballages.com\/es\/?s={search_term_string}\"},\"query-input\":{\"@type\":\"PropertyValueSpecification\",\"valueRequired\":true,\"valueName\":\"search_term_string\"}}],\"inLanguage\":\"es\"},{\"@type\":\"Organization\",\"@id\":\"https:\/\/www.csj-emballages.com\/es\/#Organization\/\",\"name\":\"CSJ Emballages\",\"url\":\"https:\/\/www.csj-emballages.com\/es\/\",\"logo\":{\"@type\":\"ImageObject\",\"inLanguage\":\"es\",\"@id\":\"https:\/\/www.csj-emballages.com\/es\/#\/schema\/logo\/image\/\",\"url\":\"https:\/\/www.csj-emballages.com\/wp-content\/uploads\/2023\/10\/logo_csj.webp\",\"contentUrl\":\"https:\/\/www.csj-emballages.com\/wp-content\/uploads\/2023\/10\/logo_csj.webp\",\"width\":250,\"height\":95,\"caption\":\"CSJ Emballages\"},\"image\":{\"@id\":\"https:\/\/www.csj-emballages.com\/es\/#\/schema\/logo\/image\/\"},\"sameAs\":[\"https:\/\/www.facebook.com\/csjemballages\"],\"address\":{\"@type\":\"PostalAddress\",\"streetAddress\":\"ZI La Lechere\",\"addressLocality\":\"Patornay\",\"postalCode\":\"39130\",\"addressCountry\":\"FR\"},\"contactPoint\":[{\"@type\":\"ContactPoint\",\"contactType\":\"Service client\",\"telephone\":\"0384254272\",\"email\":\"contact@csj-emballages.com\"}]}]}<\/script>\n<!-- \/ Yoast SEO Premium plugin. -->","yoast_head_json":{"title":"Rollo termosellable de aluminio sin imprimir 92g\/m2 10kg","description":"Rollo de aluminio termosellable \u00a1sin impresi\u00f3n! Tama\u00f1o: 350 mm Opta por un Rollo de Papel Resistente, de Calidad, Barato y a Precio DESCUENTO","robots":{"index":"index","follow":"follow","max-snippet":"max-snippet:-1","max-image-preview":"max-image-preview:large","max-video-preview":"max-video-preview:-1"},"canonical":"https:\/\/www.csj-emballages.com\/es\/produit\/rollo-de-aluminio-termo-no-impreso-de-92-g-y-35-cm-de-ancho-10-kg\/","og_locale":"es_ES","og_type":"article","og_title":"Rollo termosellable de aluminio sin imprimir de 92 g y 35 cm de ancho 10 kg","og_description":"Rollo de aluminio termosellable \u00a1sin impresi\u00f3n! Tama\u00f1o: 350 mm Opta por un Rollo de Papel Resistente, de Calidad, Barato y a Precio DESCUENTO","og_url":"https:\/\/www.csj-emballages.com\/es\/produit\/rollo-de-aluminio-termo-no-impreso-de-92-g-y-35-cm-de-ancho-10-kg\/","og_site_name":"CSJ Emballages","article_publisher":"https:\/\/www.facebook.com\/csjemballages","article_modified_time":"2026-03-26T01:13:39+00:00","og_image":[{"width":800,"height":800,"url":"https:\/\/www.csj-emballages.com\/wp-content\/uploads\/2024\/06\/papier-thermoscellable-aluminium-1.webp","type":"image\/jpeg"}],"twitter_card":"summary_large_image","twitter_misc":{"Tiempo de lectura":"1 minuto"},"schema":{"@context":"https:\/\/schema.org","@graph":[{"@type":"WebPage","@id":"https:\/\/www.csj-emballages.com\/es\/produit\/rollo-de-aluminio-termo-no-impreso-de-92-g-y-35-cm-de-ancho-10-kg\/","url":"https:\/\/www.csj-emballages.com\/es\/produit\/rollo-de-aluminio-termo-no-impreso-de-92-g-y-35-cm-de-ancho-10-kg\/","name":"Rollo termosellable de aluminio sin imprimir 92g\/m2 10kg","isPartOf":{"@id":"https:\/\/www.csj-emballages.com\/es\/#website"},"primaryImageOfPage":{"@id":"https:\/\/www.csj-emballages.com\/es\/produit\/rollo-de-aluminio-termo-no-impreso-de-92-g-y-35-cm-de-ancho-10-kg\/#primaryimage"},"image":{"@id":"https:\/\/www.csj-emballages.com\/es\/produit\/rollo-de-aluminio-termo-no-impreso-de-92-g-y-35-cm-de-ancho-10-kg\/#primaryimage"},"thumbnailUrl":"https:\/\/www.csj-emballages.com\/wp-content\/uploads\/2024\/06\/papier-thermoscellable-aluminium-1.webp","datePublished":"2024-06-20T13:26:55+00:00","dateModified":"2026-03-26T01:13:39+00:00","description":"Rollo de aluminio termosellable \u00a1sin impresi\u00f3n! Tama\u00f1o: 350 mm Opta por un Rollo de Papel Resistente, de Calidad, Barato y a Precio DESCUENTO","breadcrumb":{"@id":"https:\/\/www.csj-emballages.com\/es\/produit\/rollo-de-aluminio-termo-no-impreso-de-92-g-y-35-cm-de-ancho-10-kg\/#breadcrumb"},"inLanguage":"es","potentialAction":[{"@type":"ReadAction","target":["https:\/\/www.csj-emballages.com\/es\/produit\/rollo-de-aluminio-termo-no-impreso-de-92-g-y-35-cm-de-ancho-10-kg\/"]}]},{"@type":"ImageObject","inLanguage":"es","@id":"https:\/\/www.csj-emballages.com\/es\/produit\/rollo-de-aluminio-termo-no-impreso-de-92-g-y-35-cm-de-ancho-10-kg\/#primaryimage","url":"https:\/\/www.csj-emballages.com\/wp-content\/uploads\/2024\/06\/papier-thermoscellable-aluminium-1.webp","contentUrl":"https:\/\/www.csj-emballages.com\/wp-content\/uploads\/2024\/06\/papier-thermoscellable-aluminium-1.webp","width":800,"height":800,"caption":"Rouleau thermoscellable aluminium sans impression 92g 35 cm de laize 10 kg"},{"@type":"BreadcrumbList","@id":"https:\/\/www.csj-emballages.com\/es\/produit\/rollo-de-aluminio-termo-no-impreso-de-92-g-y-35-cm-de-ancho-10-kg\/#breadcrumb","itemListElement":[{"@type":"ListItem","position":1,"name":"Accueil","item":"https:\/\/www.csj-emballages.com\/es\/universo-del-envasado-alimentario\/"},{"@type":"ListItem","position":2,"name":"Tienda","item":"https:\/\/www.csj-emballages.com\/tienda\/"},{"@type":"ListItem","position":3,"name":"Rollo termosellable de aluminio sin imprimir de 92 g y 35 cm de ancho 10 kg"}]},{"@type":"WebSite","@id":"https:\/\/www.csj-emballages.com\/es\/#website","url":"https:\/\/www.csj-emballages.com\/es\/","name":"CSJ Emballages","description":"","publisher":{"@id":"https:\/\/www.csj-emballages.com\/es\/#organization"},"potentialAction":[{"@type":"SearchAction","target":{"@type":"EntryPoint","urlTemplate":"https:\/\/www.csj-emballages.com\/es\/?s={search_term_string}"},"query-input":{"@type":"PropertyValueSpecification","valueRequired":true,"valueName":"search_term_string"}}],"inLanguage":"es"},{"@type":"Organization","@id":"https:\/\/www.csj-emballages.com\/es\/#Organization\/","name":"CSJ Emballages","url":"https:\/\/www.csj-emballages.com\/es\/","logo":{"@type":"ImageObject","inLanguage":"es","@id":"https:\/\/www.csj-emballages.com\/es\/#\/schema\/logo\/image\/","url":"https:\/\/www.csj-emballages.com\/wp-content\/uploads\/2023\/10\/logo_csj.webp","contentUrl":"https:\/\/www.csj-emballages.com\/wp-content\/uploads\/2023\/10\/logo_csj.webp","width":250,"height":95,"caption":"CSJ Emballages"},"image":{"@id":"https:\/\/www.csj-emballages.com\/es\/#\/schema\/logo\/image\/"},"sameAs":["https:\/\/www.facebook.com\/csjemballages"],"address":{"@type":"PostalAddress","streetAddress":"ZI La Lechere","addressLocality":"Patornay","postalCode":"39130","addressCountry":"FR"},"contactPoint":[{"@type":"ContactPoint","contactType":"Service client","telephone":"0384254272","email":"contact@csj-emballages.com"}]}]}},"df_price":99.04,"df_sale_price":"","df_regular_price":99.04,"df_image_link":"https:\/\/www.csj-emballages.com\/wp-content\/uploads\/2024\/06\/papier-thermoscellable-aluminium-1-300x300.webp","tiered_pricing_type":"fixed","tiered_pricing_fixed_rules":[],"tiered_pricing_percentage_rules":[],"tiered_pricing_minimum":1,"tiered_pricing_roles_data":[],"_links":{"self":[{"href":"https:\/\/www.csj-emballages.com\/es\/wp-json\/wp\/v2\/product\/29292","targetHints":{"allow":["GET"]}}],"collection":[{"href":"https:\/\/www.csj-emballages.com\/es\/wp-json\/wp\/v2\/product"}],"about":[{"href":"https:\/\/www.csj-emballages.com\/es\/wp-json\/wp\/v2\/types\/product"}],"wp:featuredmedia":[{"embeddable":true,"href":"https:\/\/www.csj-emballages.com\/es\/wp-json\/wp\/v2\/media\/224955"}],"wp:attachment":[{"href":"https:\/\/www.csj-emballages.com\/es\/wp-json\/wp\/v2\/media?parent=29292"}],"wp:term":[{"taxonomy":"product_brand","embeddable":true,"href":"https:\/\/www.csj-emballages.com\/es\/wp-json\/wp\/v2\/product_brand?post=29292"},{"taxonomy":"product_cat","embeddable":true,"href":"https:\/\/www.csj-emballages.com\/es\/wp-json\/wp\/v2\/product_cat?post=29292"},{"taxonomy":"product_tag","embeddable":true,"href":"https:\/\/www.csj-emballages.com\/es\/wp-json\/wp\/v2\/product_tag?post=29292"}],"curies":[{"name":"wp","href":"https:\/\/api.w.org\/{rel}","templated":true}]}}