{"id":29291,"date":"2024-06-20T15:30:38","date_gmt":"2024-06-20T13:30:38","guid":{"rendered":"https:\/\/www.csj-emballages.com\/produit\/50-cajas-de-carton-225-x-180-x-90-mm\/"},"modified":"2026-04-17T02:14:04","modified_gmt":"2026-04-17T00:14:04","slug":"50-cajas-de-carton-225-x-180-x-90-mm","status":"publish","type":"product","link":"https:\/\/www.csj-emballages.com\/es\/produit\/50-cajas-de-carton-225-x-180-x-90-mm\/","title":{"rendered":"Fiambrera de cart\u00f3n de 225 x 180 x 90 mm, paquete de 50"},"content":{"rendered":"<div style=\"font-family: Roboto, sans-serif;\">\n<div style=\"font-family: Roboto, sans-serif;\">\n<div style=\"font-family: Roboto, sans-serif;\">\n<div style=\"font-family: Roboto, sans-serif;\">\n<div style=\"font-family: Roboto, sans-serif;\">\n<div style=\"font-family: Roboto, sans-serif;\">\n<h2>Fiambrera de cart\u00f3n<\/h2>\n<div style=\"text-align: center;\">\n<hr>\n<h3 style=\"text-align: left;\">Descripci\u00f3n de nuestra fiambrera de cart\u00f3n de 225 x 180 x 90 mm, paquete de 50<!--more--><\/h3>\n<p style=\"text-align: left;\" data-start=\"161\" data-end=\"583\">La <strong data-start=\"164\" data-end=\"207\">fiambrera de cart\u00f3n de 225 x 180 x 90 mm<\/strong> est\u00e1 dise\u00f1ada para simplificar el servicio de comidas para llevar, al tiempo que ofrece una presentaci\u00f3n limpia y profesional. Gracias a su generoso formato, puede contener f\u00e1cilmente <g id=\"gid_1\">comidas completas<\/g> como <g id=\"gid_2\">ensaladas mixtas<\/g>, <g id=\"gid_3\">pasta<\/g>, <g id=\"gid_4\">platos calientes<\/g> o incluso <g id=\"gid_5\">postres<\/g>. Adem\u00e1s, su <strong>grueso cart\u00f3n<\/strong> garantiza que se mantenga en su sitio, evitando que se deforme durante el transporte.  <\/p>\n<p style=\"text-align: left;\" data-start=\"585\" data-end=\"937\">Por un lado, su <strong>sistema de cierre integrado<\/strong> le permite asegurar r\u00e1pidamente sus preparaciones. Por otro, su superficie lisa le permite a\u00f1adir una <g id=\"gid_1\">etiqueta<\/g>, un <g id=\"gid_2\">logotipo<\/g> o cualquier otra informaci\u00f3n \u00fatil para <g id=\"gid_3\">personalizar<\/g> el pedido. De este modo, esta <strong data-start=\"164\" data-end=\"207\">fiambrera<\/strong> se convierte no s\u00f3lo en pr\u00e1ctica, sino tambi\u00e9n en un soporte visual para su negocio.  <\/p>\n<p style=\"text-align: left;\" data-start=\"939\" data-end=\"1321\">Al estar hecho de cart\u00f3n, es una alternativa m\u00e1s responsable a los envases de pl\u00e1stico tradicionales. Es ideal para food-trucks, restaurantes de comida r\u00e1pida, empresas de catering, bares de aperitivos y comida para llevar. Adem\u00e1s, es perfectamente resistente <strong>tanto a los alimentos fr\u00edos como a los calientes<\/strong>, por lo que puedes utilizarlo de muchas maneras todos los d\u00edas.  <\/p>\n<p style=\"text-align: left;\" data-start=\"1323\" data-end=\"1579\">En resumen, esta <strong data-start=\"164\" data-end=\"207\">fiambrera<\/strong> combina <strong data-start=\"1359\" data-end=\"1371\">solidez<\/strong>, <strong data-start=\"1373\" data-end=\"1386\">practicidad<\/strong> y <strong data-start=\"1390\" data-end=\"1404\">est\u00e9tica<\/strong>, sin dejar de ser f\u00e1cil de guardar y sencilla de manejar. Responde a las necesidades de los profesionales que buscan un envase fiable y f\u00e1cil de presentar a sus clientes. <\/p>\n<p style=\"text-align: left;\" data-start=\"1323\" data-end=\"1579\">\n<p style=\"text-align: left;\"><!--more--><\/p>\n<p style=\"text-align: left;\"><strong>Ventajas :<\/strong><\/p>\n<ul>\n<li style=\"text-align: left;\" data-start=\"1608\" data-end=\"1646\">Formato ideal para <strong>men\u00fas completos<\/strong>.<\/li>\n<li style=\"text-align: left;\" data-start=\"1649\" data-end=\"1694\"><strong>Cart\u00f3n s\u00f3lido<\/strong>, resistente a los alimentos calientes.<\/li>\n<li style=\"text-align: left;\" data-start=\"1697\" data-end=\"1744\"><strong>Cierre integrado<\/strong> para un transporte seguro.<\/li>\n<li style=\"text-align: left;\" data-start=\"1747\" data-end=\"1801\">Superficie personalizable (etiquetas, logotipo, texto).<\/li>\n<li style=\"text-align: left;\" data-start=\"1804\" data-end=\"1847\">Una alternativa m\u00e1s responsable al pl\u00e1stico.<\/li>\n<li style=\"text-align: left;\" data-start=\"1850\" data-end=\"1908\">Pr\u00e1ctico para todo tipo de comida para llevar.<\/li>\n<\/ul>\n<\/div>\n<p>&nbsp;<\/p>\n<p><!--more--><\/p>\n<h4>Informaci\u00f3n adicional :<\/h4>\n<ul>\n<li><strong>Envase<\/strong>: Paquete de 50<\/li>\n<li><strong>Dimensiones<\/strong>: 225 x 180 x 90 mm<\/li>\n<li><strong>Material<\/strong>: Cart\u00f3n<\/li>\n<li><strong>Tipo de tapa<\/strong>: Tapa abatible<\/li>\n<\/ul>\n<p>&nbsp;<\/p>\n<p><!--more--><\/p>\n<p>Producto disponible en varios tama\u00f1os:  <span style=\"color: #d12727;\"><a style=\"color: #d12727;\" href=\"https:\/\/www.csj-emballages.com\/es\/produit\/100-cajas-dobles-desechables-para-hamburguesas-120-x-130-x-70-mm\/\">HP1K<\/a><\/span> \/ <span style=\"color: #d12727;\"><a style=\"color: #d12727;\" href=\"https:\/\/www.csj-emballages.com\/es\/produit\/100-cajas-de-chips-desechables-175-x-120-x-70-mm\/\">HP2K<\/a><\/span> \/ <span style=\"color: #d12727;\"><a style=\"color: #d12727;\" href=\"https:\/\/www.csj-emballages.com\/es\/produit\/100-cajas-de-carton-kraft-para-tacos-240-x-137-x-70-mm\/\">HP3K<\/a><\/span> \/ <span style=\"color: #d12727;\"><a style=\"color: #d12727;\" href=\"https:\/\/www.csj-emballages.com\/produit\/100-boite-carton-a-panini-208-x-70-x-75-mm-restauration-snack-hot-dog-emporter\/\">HP5K<\/a><\/span> \/ <span style=\"color: #d12727;\"><a style=\"color: #d12727;\" href=\"https:\/\/www.csj-emballages.com\/produit\/boite-carton-burger-jetable-carton-150-x-150-x-70-mm\/\">HP6K<\/a><\/span> \/ <span style=\"color: #d12727;\"><a style=\"color: #d12727;\" href=\"https:\/\/www.csj-emballages.com\/es\/produit\/caja-de-carton-para-hamburguesas-165-x-150-x-110-mm-por-100\/\">HP6KH<\/a><\/span> \/ <span style=\"color: #d12727;\"><a style=\"color: #d12727;\" href=\"https:\/\/www.csj-emballages.com\/produit\/50-boite-carton-burgers-jetables-carton-150-x-150-x-70-mm\/\">HP6KGE<\/a><\/span> \/        <span style=\"color: #d12727;\"><a style=\"color: #d12727;\" href=\"https:\/\/www.csj-emballages.com\/produit\/50-boites-doubles-burgers-xl-jetables-carton-170-x-170-x-80-mm\/\">HP6KXL<\/a> <span style=\"color: #000000;\">\/<\/span> <a style=\"color: #d12727;\" href=\"https:\/\/www.csj-emballages.com\/produit\/50-boite-carton-hot-dog-carton-kraft-23-2-x-9-x-6-3-cm-restauration-snack-emporter\/\">HP8K<\/a><\/span><\/p>\n<p>&nbsp;<\/p>\n<p><!--more--><\/p>\n<p><a href=\"https:\/\/www.csj-emballages.com\/es\/categorie-produit\/envasado-de-alimentos\/catering-es\/cajas-bandejas-bolsas-conos\/bandejas-cajas-de-carton\/fiambreras\/\">Ver el resto de nuestra gama de cajas para hamburguesas<\/a><\/p>\n<\/div>\n<\/div>\n<\/div>\n<\/div>\n<\/div>\n<\/div>\n","protected":false},"excerpt":{"rendered":"<p>Fiambrera de cart\u00f3n Descripci\u00f3n de nuestra fiambrera de cart\u00f3n de 225 x 180 x 90 mm, paquete de 50<\/p>\n","protected":false},"featured_media":224571,"template":"","meta":{"_acf_changed":false},"product_brand":[],"product_cat":[1150,1179,3878,1478,2796],"product_tag":[],"class_list":{"0":"post-29291","1":"product","2":"type-product","3":"status-publish","4":"has-post-thumbnail","6":"product_cat-envasado-de-alimentos","7":"product_cat-catering-es","8":"product_cat-cajas-bandejas-bolsas-conos","9":"product_cat-bandejas-cajas-de-carton","10":"product_cat-fiambreras","12":"first","13":"instock","14":"taxable","15":"shipping-taxable","16":"purchasable","17":"product-type-simple"},"acf":[],"yoast_head":"<!-- This site is optimized with the Yoast SEO Premium plugin v26.6 (Yoast SEO v26.6) - https:\/\/yoast.com\/wordpress\/plugins\/seo\/ -->\n<title>Caja de comida 225 x 180 x 90 mm por 50<\/title>\n<meta name=\"description\" content=\"Descubra nuestra fiambrera de cart\u00f3n de 225 x 180 x 90 mm: resistente, pr\u00e1ctica y ecol\u00f3gica, perfecta para transportar sus comidas y tentempi\u00e9s.\" \/>\n<meta name=\"robots\" content=\"index, follow, max-snippet:-1, max-image-preview:large, max-video-preview:-1\" \/>\n<link rel=\"canonical\" href=\"https:\/\/www.csj-emballages.com\/es\/produit\/50-cajas-de-carton-225-x-180-x-90-mm\/\" \/>\n<meta property=\"og:locale\" content=\"es_ES\" \/>\n<meta property=\"og:type\" content=\"article\" \/>\n<meta property=\"og:title\" content=\"Fiambrera de cart\u00f3n de 225 x 180 x 90 mm, paquete de 50\" \/>\n<meta property=\"og:description\" content=\"Descubra nuestra fiambrera de cart\u00f3n de 225 x 180 x 90 mm: resistente, pr\u00e1ctica y ecol\u00f3gica, perfecta para transportar sus comidas y tentempi\u00e9s.\" \/>\n<meta property=\"og:url\" content=\"https:\/\/www.csj-emballages.com\/es\/produit\/50-cajas-de-carton-225-x-180-x-90-mm\/\" \/>\n<meta property=\"og:site_name\" content=\"CSJ Emballages\" \/>\n<meta property=\"article:publisher\" content=\"https:\/\/www.facebook.com\/csjemballages\" \/>\n<meta property=\"article:modified_time\" content=\"2026-04-17T00:14:04+00:00\" \/>\n<meta property=\"og:image\" content=\"https:\/\/www.csj-emballages.com\/wp-content\/uploads\/2024\/06\/HP4K.webp\" \/>\n\t<meta property=\"og:image:width\" content=\"800\" \/>\n\t<meta property=\"og:image:height\" content=\"800\" \/>\n\t<meta property=\"og:image:type\" content=\"image\/webp\" \/>\n<meta name=\"twitter:card\" content=\"summary_large_image\" \/>\n<meta name=\"twitter:label1\" content=\"Tiempo de lectura\" \/>\n\t<meta name=\"twitter:data1\" content=\"2 minutos\" \/>\n<script type=\"application\/ld+json\" class=\"yoast-schema-graph\">{\"@context\":\"https:\/\/schema.org\",\"@graph\":[{\"@type\":\"WebPage\",\"@id\":\"https:\/\/www.csj-emballages.com\/es\/produit\/50-cajas-de-carton-225-x-180-x-90-mm\/\",\"url\":\"https:\/\/www.csj-emballages.com\/es\/produit\/50-cajas-de-carton-225-x-180-x-90-mm\/\",\"name\":\"Caja de comida 225 x 180 x 90 mm por 50\",\"isPartOf\":{\"@id\":\"https:\/\/www.csj-emballages.com\/es\/#website\"},\"primaryImageOfPage\":{\"@id\":\"https:\/\/www.csj-emballages.com\/es\/produit\/50-cajas-de-carton-225-x-180-x-90-mm\/#primaryimage\"},\"image\":{\"@id\":\"https:\/\/www.csj-emballages.com\/es\/produit\/50-cajas-de-carton-225-x-180-x-90-mm\/#primaryimage\"},\"thumbnailUrl\":\"https:\/\/www.csj-emballages.com\/wp-content\/uploads\/2024\/06\/HP4K.webp\",\"datePublished\":\"2024-06-20T13:30:38+00:00\",\"dateModified\":\"2026-04-17T00:14:04+00:00\",\"description\":\"Descubra nuestra fiambrera de cart\u00f3n de 225 x 180 x 90 mm: resistente, pr\u00e1ctica y ecol\u00f3gica, perfecta para transportar sus comidas y tentempi\u00e9s.\",\"breadcrumb\":{\"@id\":\"https:\/\/www.csj-emballages.com\/es\/produit\/50-cajas-de-carton-225-x-180-x-90-mm\/#breadcrumb\"},\"inLanguage\":\"es\",\"potentialAction\":[{\"@type\":\"ReadAction\",\"target\":[\"https:\/\/www.csj-emballages.com\/es\/produit\/50-cajas-de-carton-225-x-180-x-90-mm\/\"]}]},{\"@type\":\"ImageObject\",\"inLanguage\":\"es\",\"@id\":\"https:\/\/www.csj-emballages.com\/es\/produit\/50-cajas-de-carton-225-x-180-x-90-mm\/#primaryimage\",\"url\":\"https:\/\/www.csj-emballages.com\/wp-content\/uploads\/2024\/06\/HP4K.webp\",\"contentUrl\":\"https:\/\/www.csj-emballages.com\/wp-content\/uploads\/2024\/06\/HP4K.webp\",\"width\":800,\"height\":800,\"caption\":\"Boite repas carton\"},{\"@type\":\"BreadcrumbList\",\"@id\":\"https:\/\/www.csj-emballages.com\/es\/produit\/50-cajas-de-carton-225-x-180-x-90-mm\/#breadcrumb\",\"itemListElement\":[{\"@type\":\"ListItem\",\"position\":1,\"name\":\"Accueil\",\"item\":\"https:\/\/www.csj-emballages.com\/es\/universo-del-envasado-alimentario\/\"},{\"@type\":\"ListItem\",\"position\":2,\"name\":\"Tienda\",\"item\":\"https:\/\/www.csj-emballages.com\/tienda\/\"},{\"@type\":\"ListItem\",\"position\":3,\"name\":\"Fiambrera de cart\u00f3n de 225 x 180 x 90 mm, paquete de 50\"}]},{\"@type\":\"WebSite\",\"@id\":\"https:\/\/www.csj-emballages.com\/es\/#website\",\"url\":\"https:\/\/www.csj-emballages.com\/es\/\",\"name\":\"CSJ Emballages\",\"description\":\"\",\"publisher\":{\"@id\":\"https:\/\/www.csj-emballages.com\/es\/#organization\"},\"potentialAction\":[{\"@type\":\"SearchAction\",\"target\":{\"@type\":\"EntryPoint\",\"urlTemplate\":\"https:\/\/www.csj-emballages.com\/es\/?s={search_term_string}\"},\"query-input\":{\"@type\":\"PropertyValueSpecification\",\"valueRequired\":true,\"valueName\":\"search_term_string\"}}],\"inLanguage\":\"es\"},{\"@type\":\"Organization\",\"@id\":\"https:\/\/www.csj-emballages.com\/es\/#Organization\/\",\"name\":\"CSJ Emballages\",\"url\":\"https:\/\/www.csj-emballages.com\/es\/\",\"logo\":{\"@type\":\"ImageObject\",\"inLanguage\":\"es\",\"@id\":\"https:\/\/www.csj-emballages.com\/es\/#\/schema\/logo\/image\/\",\"url\":\"https:\/\/www.csj-emballages.com\/wp-content\/uploads\/2023\/10\/logo_csj.webp\",\"contentUrl\":\"https:\/\/www.csj-emballages.com\/wp-content\/uploads\/2023\/10\/logo_csj.webp\",\"width\":250,\"height\":95,\"caption\":\"CSJ Emballages\"},\"image\":{\"@id\":\"https:\/\/www.csj-emballages.com\/es\/#\/schema\/logo\/image\/\"},\"sameAs\":[\"https:\/\/www.facebook.com\/csjemballages\"],\"address\":{\"@type\":\"PostalAddress\",\"streetAddress\":\"ZI La Lechere\",\"addressLocality\":\"Patornay\",\"postalCode\":\"39130\",\"addressCountry\":\"FR\"},\"contactPoint\":[{\"@type\":\"ContactPoint\",\"contactType\":\"Service client\",\"telephone\":\"0384254272\",\"email\":\"contact@csj-emballages.com\"}]}]}<\/script>\n<!-- \/ Yoast SEO Premium plugin. -->","yoast_head_json":{"title":"Caja de comida 225 x 180 x 90 mm por 50","description":"Descubra nuestra fiambrera de cart\u00f3n de 225 x 180 x 90 mm: resistente, pr\u00e1ctica y ecol\u00f3gica, perfecta para transportar sus comidas y tentempi\u00e9s.","robots":{"index":"index","follow":"follow","max-snippet":"max-snippet:-1","max-image-preview":"max-image-preview:large","max-video-preview":"max-video-preview:-1"},"canonical":"https:\/\/www.csj-emballages.com\/es\/produit\/50-cajas-de-carton-225-x-180-x-90-mm\/","og_locale":"es_ES","og_type":"article","og_title":"Fiambrera de cart\u00f3n de 225 x 180 x 90 mm, paquete de 50","og_description":"Descubra nuestra fiambrera de cart\u00f3n de 225 x 180 x 90 mm: resistente, pr\u00e1ctica y ecol\u00f3gica, perfecta para transportar sus comidas y tentempi\u00e9s.","og_url":"https:\/\/www.csj-emballages.com\/es\/produit\/50-cajas-de-carton-225-x-180-x-90-mm\/","og_site_name":"CSJ Emballages","article_publisher":"https:\/\/www.facebook.com\/csjemballages","article_modified_time":"2026-04-17T00:14:04+00:00","og_image":[{"width":800,"height":800,"url":"https:\/\/www.csj-emballages.com\/wp-content\/uploads\/2024\/06\/HP4K.webp","type":"image\/webp"}],"twitter_card":"summary_large_image","twitter_misc":{"Tiempo de lectura":"2 minutos"},"schema":{"@context":"https:\/\/schema.org","@graph":[{"@type":"WebPage","@id":"https:\/\/www.csj-emballages.com\/es\/produit\/50-cajas-de-carton-225-x-180-x-90-mm\/","url":"https:\/\/www.csj-emballages.com\/es\/produit\/50-cajas-de-carton-225-x-180-x-90-mm\/","name":"Caja de comida 225 x 180 x 90 mm por 50","isPartOf":{"@id":"https:\/\/www.csj-emballages.com\/es\/#website"},"primaryImageOfPage":{"@id":"https:\/\/www.csj-emballages.com\/es\/produit\/50-cajas-de-carton-225-x-180-x-90-mm\/#primaryimage"},"image":{"@id":"https:\/\/www.csj-emballages.com\/es\/produit\/50-cajas-de-carton-225-x-180-x-90-mm\/#primaryimage"},"thumbnailUrl":"https:\/\/www.csj-emballages.com\/wp-content\/uploads\/2024\/06\/HP4K.webp","datePublished":"2024-06-20T13:30:38+00:00","dateModified":"2026-04-17T00:14:04+00:00","description":"Descubra nuestra fiambrera de cart\u00f3n de 225 x 180 x 90 mm: resistente, pr\u00e1ctica y ecol\u00f3gica, perfecta para transportar sus comidas y tentempi\u00e9s.","breadcrumb":{"@id":"https:\/\/www.csj-emballages.com\/es\/produit\/50-cajas-de-carton-225-x-180-x-90-mm\/#breadcrumb"},"inLanguage":"es","potentialAction":[{"@type":"ReadAction","target":["https:\/\/www.csj-emballages.com\/es\/produit\/50-cajas-de-carton-225-x-180-x-90-mm\/"]}]},{"@type":"ImageObject","inLanguage":"es","@id":"https:\/\/www.csj-emballages.com\/es\/produit\/50-cajas-de-carton-225-x-180-x-90-mm\/#primaryimage","url":"https:\/\/www.csj-emballages.com\/wp-content\/uploads\/2024\/06\/HP4K.webp","contentUrl":"https:\/\/www.csj-emballages.com\/wp-content\/uploads\/2024\/06\/HP4K.webp","width":800,"height":800,"caption":"Boite repas carton"},{"@type":"BreadcrumbList","@id":"https:\/\/www.csj-emballages.com\/es\/produit\/50-cajas-de-carton-225-x-180-x-90-mm\/#breadcrumb","itemListElement":[{"@type":"ListItem","position":1,"name":"Accueil","item":"https:\/\/www.csj-emballages.com\/es\/universo-del-envasado-alimentario\/"},{"@type":"ListItem","position":2,"name":"Tienda","item":"https:\/\/www.csj-emballages.com\/tienda\/"},{"@type":"ListItem","position":3,"name":"Fiambrera de cart\u00f3n de 225 x 180 x 90 mm, paquete de 50"}]},{"@type":"WebSite","@id":"https:\/\/www.csj-emballages.com\/es\/#website","url":"https:\/\/www.csj-emballages.com\/es\/","name":"CSJ Emballages","description":"","publisher":{"@id":"https:\/\/www.csj-emballages.com\/es\/#organization"},"potentialAction":[{"@type":"SearchAction","target":{"@type":"EntryPoint","urlTemplate":"https:\/\/www.csj-emballages.com\/es\/?s={search_term_string}"},"query-input":{"@type":"PropertyValueSpecification","valueRequired":true,"valueName":"search_term_string"}}],"inLanguage":"es"},{"@type":"Organization","@id":"https:\/\/www.csj-emballages.com\/es\/#Organization\/","name":"CSJ Emballages","url":"https:\/\/www.csj-emballages.com\/es\/","logo":{"@type":"ImageObject","inLanguage":"es","@id":"https:\/\/www.csj-emballages.com\/es\/#\/schema\/logo\/image\/","url":"https:\/\/www.csj-emballages.com\/wp-content\/uploads\/2023\/10\/logo_csj.webp","contentUrl":"https:\/\/www.csj-emballages.com\/wp-content\/uploads\/2023\/10\/logo_csj.webp","width":250,"height":95,"caption":"CSJ Emballages"},"image":{"@id":"https:\/\/www.csj-emballages.com\/es\/#\/schema\/logo\/image\/"},"sameAs":["https:\/\/www.facebook.com\/csjemballages"],"address":{"@type":"PostalAddress","streetAddress":"ZI La Lechere","addressLocality":"Patornay","postalCode":"39130","addressCountry":"FR"},"contactPoint":[{"@type":"ContactPoint","contactType":"Service client","telephone":"0384254272","email":"contact@csj-emballages.com"}]}]}},"df_price":14.47,"df_sale_price":"","df_regular_price":14.47,"df_image_link":"https:\/\/www.csj-emballages.com\/wp-content\/uploads\/2024\/06\/HP4K-300x300.webp","tiered_pricing_type":"fixed","tiered_pricing_fixed_rules":[],"tiered_pricing_percentage_rules":[],"tiered_pricing_minimum":1,"tiered_pricing_roles_data":[],"_links":{"self":[{"href":"https:\/\/www.csj-emballages.com\/es\/wp-json\/wp\/v2\/product\/29291","targetHints":{"allow":["GET"]}}],"collection":[{"href":"https:\/\/www.csj-emballages.com\/es\/wp-json\/wp\/v2\/product"}],"about":[{"href":"https:\/\/www.csj-emballages.com\/es\/wp-json\/wp\/v2\/types\/product"}],"wp:featuredmedia":[{"embeddable":true,"href":"https:\/\/www.csj-emballages.com\/es\/wp-json\/wp\/v2\/media\/224571"}],"wp:attachment":[{"href":"https:\/\/www.csj-emballages.com\/es\/wp-json\/wp\/v2\/media?parent=29291"}],"wp:term":[{"taxonomy":"product_brand","embeddable":true,"href":"https:\/\/www.csj-emballages.com\/es\/wp-json\/wp\/v2\/product_brand?post=29291"},{"taxonomy":"product_cat","embeddable":true,"href":"https:\/\/www.csj-emballages.com\/es\/wp-json\/wp\/v2\/product_cat?post=29291"},{"taxonomy":"product_tag","embeddable":true,"href":"https:\/\/www.csj-emballages.com\/es\/wp-json\/wp\/v2\/product_tag?post=29291"}],"curies":[{"name":"wp","href":"https:\/\/api.w.org\/{rel}","templated":true}]}}