{"id":29277,"date":"2024-06-20T15:19:08","date_gmt":"2024-06-20T13:19:08","guid":{"rendered":"https:\/\/www.csj-emballages.com\/?post_type=product&#038;p=29277"},"modified":"2026-03-12T16:09:48","modified_gmt":"2026-03-12T15:09:48","slug":"100-agitadores-de-madera-18-cm","status":"publish","type":"product","link":"https:\/\/www.csj-emballages.com\/es\/produit\/100-agitadores-de-madera-18-cm\/","title":{"rendered":"Agitador de madera 16 cm por 100"},"content":{"rendered":"<h2 class=\"p1\">Coctelera de madera<\/h2>\n<hr>\n<h3>Descripci\u00f3n de nuestro agitador de madera 16 cm por 100<\/h3>\n<p><!--more--><\/p>\n<p data-start=\"231\" data-end=\"592\">He aqu\u00ed el accesorio sencillo pero esencial que marca la diferencia durante una pausa para el caf\u00e9: el<strong data-start=\"331\" data-end=\"358\">agitador de madera de 16 cm.<\/strong> Con su <strong>forma esbelta<\/strong> y su peque\u00f1a <strong>pala redonda<\/strong>, permite remover una bebida caliente en pocos movimientos, sin salpicar ni interferir en el sabor. Lo usas, te olvidas de \u00e9l, pero contribuye claramente a una experiencia m\u00e1s agradable.  <\/p>\n<p data-start=\"594\" data-end=\"970\">Su <strong>longitud de 16 cm<\/strong> es ideal para tazas medianas y grandes: llega f\u00e1cilmente al fondo, por lo que no hay que girar fren\u00e9ticamente para derretir el az\u00facar. La <g id=\"gid_1\">madera<\/g> utilizada es <g id=\"gid_2\">lisa<\/g>, sin astillas, agradable de sostener y, sobre todo, de sabor completamente neutro. Tanto si preparas un caf\u00e9 fuerte como un capuchino o una bebida de chocolate, cumple su funci\u00f3n sin problemas.  <\/p>\n<p data-start=\"972\" data-end=\"1284\">Al estar fabricado \u00edntegramente en <strong>madera<\/strong>, ofrece una alternativa natural a los agitadores de pl\u00e1stico. Ganas en sencillez a la vez que das a tu servicio de caf\u00e9 una imagen m\u00e1s responsable. Es un peque\u00f1o detalle, pero tus clientes lo notar\u00e1n, sobre todo en oficinas, cafeter\u00edas, food trucks o espacios para eventos.  <\/p>\n<p data-start=\"1286\" data-end=\"1581\">El paquete <strong data-start=\"1296\" data-end=\"1310\">de 100 unidades<\/strong> facilita la gesti\u00f3n de sus existencias sin quebraderos de cabeza. Siempre las tendr\u00e1 a mano, listas para usar con cada taza que sirva. No es necesario contarlas, clasificarlas ni limpiarlas: son limpias, higi\u00e9nicas y desechables despu\u00e9s de su uso.  <\/p>\n<p data-start=\"1583\" data-end=\"1716\">En resumen, es la herramienta discreta pero esencial que mejorar\u00e1 dr\u00e1sticamente su servicio de bebidas, sin esfuerzo y con un toque natural.<\/p>\n<p data-start=\"100\" data-end=\"556\"><!--more--><\/p>\n<h4 data-start=\"100\" data-end=\"556\">Ventajas :<\/h4>\n<ul>\n<li data-start=\"1744\" data-end=\"1796\"><strong>Madera<\/strong> <strong>suave<\/strong>, de sabor neutro y agradable de usar.<\/li>\n<li data-start=\"1799\" data-end=\"1867\"><strong>Longitud 16 cm<\/strong> perfecta para copas medianas y grandes.<\/li>\n<li data-start=\"1870\" data-end=\"1908\">Alternativa ecol\u00f3gica al pl\u00e1stico.<\/li>\n<li data-start=\"1911\" data-end=\"1940\">Pr\u00e1ctico envase de <strong>100 unidades<\/strong>.<\/li>\n<li data-start=\"1943\" data-end=\"1996\">Ideal para cafeter\u00edas, oficinas, food trucks y eventos.<\/li>\n<\/ul>\n<p>&nbsp;<\/p>\n<p><!--more--><\/p>\n<h4 data-start=\"558\" data-end=\"575\">Informaci\u00f3n adicional :<\/h4>\n<ul>\n<li><strong>Embalaje<\/strong>: Paquete de 100<\/li>\n<li><strong>Longitud<\/strong>: 16 cm<\/li>\n<li><strong>Di\u00e1metro de la cabeza redonda<\/strong>: 2,8 cm<\/li>\n<li><strong>Material<\/strong>: Madera<\/li>\n<li><strong>Color<\/strong>: Natural<\/li>\n<\/ul>\n<p>&nbsp;<\/p>\n<p><!--more--><\/p>\n<p>Tambi\u00e9n puede encontrar nuestras cucharas de madera 100 mm por 1000 : <span style=\"color: #d12727;\"><a style=\"color: #d12727;\" href=\"https:\/\/www.csj-emballages.com\/es\/produit\/1000-espatulas-de-madera-100-mm\/\"><span style=\"color: #d12727;\">SPAT<\/span><\/a><\/span><\/p>\n<p>&nbsp;<\/p>\n<p><!--more--><\/p>\n<p><a href=\"https:\/\/www.csj-emballages.com\/es\/categorie-produit\/envasado-de-alimentos\/catering-es\/tazas-vasos-cubos-botellas\/accesorios-es\/\">Ver el resto de nuestra gama de accesorios para tazas<\/a><\/p>\n","protected":false},"excerpt":{"rendered":"<p>Coctelera de madera Descripci\u00f3n de nuestro agitador de madera 16 cm por 100<\/p>\n","protected":false},"featured_media":236206,"template":"","meta":{"_acf_changed":false},"product_brand":[],"product_cat":[1150,1179,1462,3545],"product_tag":[],"class_list":{"0":"post-29277","1":"product","2":"type-product","3":"status-publish","4":"has-post-thumbnail","6":"product_cat-envasado-de-alimentos","7":"product_cat-catering-es","8":"product_cat-tazas-vasos-cubos-botellas","9":"product_cat-accesorios-es","11":"first","12":"instock","13":"taxable","14":"shipping-taxable","15":"purchasable","16":"product-type-simple"},"acf":[],"yoast_head":"<!-- This site is optimized with the Yoast SEO Premium plugin v26.6 (Yoast SEO v26.6) - https:\/\/yoast.com\/wordpress\/plugins\/seo\/ -->\n<title>Agitador de madera 16 cm por 100<\/title>\n<meta name=\"description\" content=\"Agitador de madera de 16 cm, natural y pr\u00e1ctico, vendido en paquetes de 100 unidades. Perfecto para remover caf\u00e9 y bebidas calientes. Una alternativa ecol\u00f3gica y divertida de usar.\" \/>\n<meta name=\"robots\" content=\"index, follow, max-snippet:-1, max-image-preview:large, max-video-preview:-1\" \/>\n<link rel=\"canonical\" href=\"https:\/\/www.csj-emballages.com\/es\/produit\/100-agitadores-de-madera-18-cm\/\" \/>\n<meta property=\"og:locale\" content=\"es_ES\" \/>\n<meta property=\"og:type\" content=\"article\" \/>\n<meta property=\"og:title\" content=\"Agitador de madera 16 cm por 100\" \/>\n<meta property=\"og:description\" content=\"Agitador de madera de 16 cm, natural y pr\u00e1ctico, vendido en paquetes de 100 unidades. Perfecto para remover caf\u00e9 y bebidas calientes. Una alternativa ecol\u00f3gica y divertida de usar.\" \/>\n<meta property=\"og:url\" content=\"https:\/\/www.csj-emballages.com\/es\/produit\/100-agitadores-de-madera-18-cm\/\" \/>\n<meta property=\"og:site_name\" content=\"CSJ Emballages\" \/>\n<meta property=\"article:publisher\" content=\"https:\/\/www.facebook.com\/csjemballages\" \/>\n<meta property=\"article:modified_time\" content=\"2026-03-12T15:09:48+00:00\" \/>\n<meta property=\"og:image\" content=\"https:\/\/www.csj-emballages.com\/wp-content\/uploads\/2024\/06\/AGITBOIS.webp\" \/>\n\t<meta property=\"og:image:width\" content=\"800\" \/>\n\t<meta property=\"og:image:height\" content=\"800\" \/>\n\t<meta property=\"og:image:type\" content=\"image\/png\" \/>\n<meta name=\"twitter:card\" content=\"summary_large_image\" \/>\n<meta name=\"twitter:label1\" content=\"Tiempo de lectura\" \/>\n\t<meta name=\"twitter:data1\" content=\"2 minutos\" \/>\n<script type=\"application\/ld+json\" class=\"yoast-schema-graph\">{\"@context\":\"https:\/\/schema.org\",\"@graph\":[{\"@type\":\"WebPage\",\"@id\":\"https:\/\/www.csj-emballages.com\/es\/produit\/100-agitadores-de-madera-18-cm\/\",\"url\":\"https:\/\/www.csj-emballages.com\/es\/produit\/100-agitadores-de-madera-18-cm\/\",\"name\":\"Agitador de madera 16 cm por 100\",\"isPartOf\":{\"@id\":\"https:\/\/www.csj-emballages.com\/es\/#website\"},\"primaryImageOfPage\":{\"@id\":\"https:\/\/www.csj-emballages.com\/es\/produit\/100-agitadores-de-madera-18-cm\/#primaryimage\"},\"image\":{\"@id\":\"https:\/\/www.csj-emballages.com\/es\/produit\/100-agitadores-de-madera-18-cm\/#primaryimage\"},\"thumbnailUrl\":\"https:\/\/www.csj-emballages.com\/wp-content\/uploads\/2024\/06\/AGITBOIS.webp\",\"datePublished\":\"2024-06-20T13:19:08+00:00\",\"dateModified\":\"2026-03-12T15:09:48+00:00\",\"description\":\"Agitador de madera de 16 cm, natural y pr\u00e1ctico, vendido en paquetes de 100 unidades. Perfecto para remover caf\u00e9 y bebidas calientes. Una alternativa ecol\u00f3gica y divertida de usar.\",\"breadcrumb\":{\"@id\":\"https:\/\/www.csj-emballages.com\/es\/produit\/100-agitadores-de-madera-18-cm\/#breadcrumb\"},\"inLanguage\":\"es\",\"potentialAction\":[{\"@type\":\"ReadAction\",\"target\":[\"https:\/\/www.csj-emballages.com\/es\/produit\/100-agitadores-de-madera-18-cm\/\"]}]},{\"@type\":\"ImageObject\",\"inLanguage\":\"es\",\"@id\":\"https:\/\/www.csj-emballages.com\/es\/produit\/100-agitadores-de-madera-18-cm\/#primaryimage\",\"url\":\"https:\/\/www.csj-emballages.com\/wp-content\/uploads\/2024\/06\/AGITBOIS.webp\",\"contentUrl\":\"https:\/\/www.csj-emballages.com\/wp-content\/uploads\/2024\/06\/AGITBOIS.webp\",\"width\":800,\"height\":800,\"caption\":\"Agitateur bois\"},{\"@type\":\"BreadcrumbList\",\"@id\":\"https:\/\/www.csj-emballages.com\/es\/produit\/100-agitadores-de-madera-18-cm\/#breadcrumb\",\"itemListElement\":[{\"@type\":\"ListItem\",\"position\":1,\"name\":\"Accueil\",\"item\":\"https:\/\/www.csj-emballages.com\/es\/universo-del-envasado-alimentario\/\"},{\"@type\":\"ListItem\",\"position\":2,\"name\":\"Tienda\",\"item\":\"https:\/\/www.csj-emballages.com\/tienda\/\"},{\"@type\":\"ListItem\",\"position\":3,\"name\":\"Agitador de madera 16 cm por 100\"}]},{\"@type\":\"WebSite\",\"@id\":\"https:\/\/www.csj-emballages.com\/es\/#website\",\"url\":\"https:\/\/www.csj-emballages.com\/es\/\",\"name\":\"CSJ Emballages\",\"description\":\"\",\"publisher\":{\"@id\":\"https:\/\/www.csj-emballages.com\/es\/#organization\"},\"potentialAction\":[{\"@type\":\"SearchAction\",\"target\":{\"@type\":\"EntryPoint\",\"urlTemplate\":\"https:\/\/www.csj-emballages.com\/es\/?s={search_term_string}\"},\"query-input\":{\"@type\":\"PropertyValueSpecification\",\"valueRequired\":true,\"valueName\":\"search_term_string\"}}],\"inLanguage\":\"es\"},{\"@type\":\"Organization\",\"@id\":\"https:\/\/www.csj-emballages.com\/es\/#Organization\/\",\"name\":\"CSJ Emballages\",\"url\":\"https:\/\/www.csj-emballages.com\/es\/\",\"logo\":{\"@type\":\"ImageObject\",\"inLanguage\":\"es\",\"@id\":\"https:\/\/www.csj-emballages.com\/es\/#\/schema\/logo\/image\/\",\"url\":\"https:\/\/www.csj-emballages.com\/wp-content\/uploads\/2023\/10\/logo_csj.webp\",\"contentUrl\":\"https:\/\/www.csj-emballages.com\/wp-content\/uploads\/2023\/10\/logo_csj.webp\",\"width\":250,\"height\":95,\"caption\":\"CSJ Emballages\"},\"image\":{\"@id\":\"https:\/\/www.csj-emballages.com\/es\/#\/schema\/logo\/image\/\"},\"sameAs\":[\"https:\/\/www.facebook.com\/csjemballages\"],\"address\":{\"@type\":\"PostalAddress\",\"streetAddress\":\"ZI La Lechere\",\"addressLocality\":\"Patornay\",\"postalCode\":\"39130\",\"addressCountry\":\"FR\"},\"contactPoint\":[{\"@type\":\"ContactPoint\",\"contactType\":\"Service client\",\"telephone\":\"0384254272\",\"email\":\"contact@csj-emballages.com\"}]}]}<\/script>\n<!-- \/ Yoast SEO Premium plugin. -->","yoast_head_json":{"title":"Agitador de madera 16 cm por 100","description":"Agitador de madera de 16 cm, natural y pr\u00e1ctico, vendido en paquetes de 100 unidades. Perfecto para remover caf\u00e9 y bebidas calientes. Una alternativa ecol\u00f3gica y divertida de usar.","robots":{"index":"index","follow":"follow","max-snippet":"max-snippet:-1","max-image-preview":"max-image-preview:large","max-video-preview":"max-video-preview:-1"},"canonical":"https:\/\/www.csj-emballages.com\/es\/produit\/100-agitadores-de-madera-18-cm\/","og_locale":"es_ES","og_type":"article","og_title":"Agitador de madera 16 cm por 100","og_description":"Agitador de madera de 16 cm, natural y pr\u00e1ctico, vendido en paquetes de 100 unidades. Perfecto para remover caf\u00e9 y bebidas calientes. Una alternativa ecol\u00f3gica y divertida de usar.","og_url":"https:\/\/www.csj-emballages.com\/es\/produit\/100-agitadores-de-madera-18-cm\/","og_site_name":"CSJ Emballages","article_publisher":"https:\/\/www.facebook.com\/csjemballages","article_modified_time":"2026-03-12T15:09:48+00:00","og_image":[{"width":800,"height":800,"url":"https:\/\/www.csj-emballages.com\/wp-content\/uploads\/2024\/06\/AGITBOIS.webp","type":"image\/png"}],"twitter_card":"summary_large_image","twitter_misc":{"Tiempo de lectura":"2 minutos"},"schema":{"@context":"https:\/\/schema.org","@graph":[{"@type":"WebPage","@id":"https:\/\/www.csj-emballages.com\/es\/produit\/100-agitadores-de-madera-18-cm\/","url":"https:\/\/www.csj-emballages.com\/es\/produit\/100-agitadores-de-madera-18-cm\/","name":"Agitador de madera 16 cm por 100","isPartOf":{"@id":"https:\/\/www.csj-emballages.com\/es\/#website"},"primaryImageOfPage":{"@id":"https:\/\/www.csj-emballages.com\/es\/produit\/100-agitadores-de-madera-18-cm\/#primaryimage"},"image":{"@id":"https:\/\/www.csj-emballages.com\/es\/produit\/100-agitadores-de-madera-18-cm\/#primaryimage"},"thumbnailUrl":"https:\/\/www.csj-emballages.com\/wp-content\/uploads\/2024\/06\/AGITBOIS.webp","datePublished":"2024-06-20T13:19:08+00:00","dateModified":"2026-03-12T15:09:48+00:00","description":"Agitador de madera de 16 cm, natural y pr\u00e1ctico, vendido en paquetes de 100 unidades. Perfecto para remover caf\u00e9 y bebidas calientes. Una alternativa ecol\u00f3gica y divertida de usar.","breadcrumb":{"@id":"https:\/\/www.csj-emballages.com\/es\/produit\/100-agitadores-de-madera-18-cm\/#breadcrumb"},"inLanguage":"es","potentialAction":[{"@type":"ReadAction","target":["https:\/\/www.csj-emballages.com\/es\/produit\/100-agitadores-de-madera-18-cm\/"]}]},{"@type":"ImageObject","inLanguage":"es","@id":"https:\/\/www.csj-emballages.com\/es\/produit\/100-agitadores-de-madera-18-cm\/#primaryimage","url":"https:\/\/www.csj-emballages.com\/wp-content\/uploads\/2024\/06\/AGITBOIS.webp","contentUrl":"https:\/\/www.csj-emballages.com\/wp-content\/uploads\/2024\/06\/AGITBOIS.webp","width":800,"height":800,"caption":"Agitateur bois"},{"@type":"BreadcrumbList","@id":"https:\/\/www.csj-emballages.com\/es\/produit\/100-agitadores-de-madera-18-cm\/#breadcrumb","itemListElement":[{"@type":"ListItem","position":1,"name":"Accueil","item":"https:\/\/www.csj-emballages.com\/es\/universo-del-envasado-alimentario\/"},{"@type":"ListItem","position":2,"name":"Tienda","item":"https:\/\/www.csj-emballages.com\/tienda\/"},{"@type":"ListItem","position":3,"name":"Agitador de madera 16 cm por 100"}]},{"@type":"WebSite","@id":"https:\/\/www.csj-emballages.com\/es\/#website","url":"https:\/\/www.csj-emballages.com\/es\/","name":"CSJ Emballages","description":"","publisher":{"@id":"https:\/\/www.csj-emballages.com\/es\/#organization"},"potentialAction":[{"@type":"SearchAction","target":{"@type":"EntryPoint","urlTemplate":"https:\/\/www.csj-emballages.com\/es\/?s={search_term_string}"},"query-input":{"@type":"PropertyValueSpecification","valueRequired":true,"valueName":"search_term_string"}}],"inLanguage":"es"},{"@type":"Organization","@id":"https:\/\/www.csj-emballages.com\/es\/#Organization\/","name":"CSJ Emballages","url":"https:\/\/www.csj-emballages.com\/es\/","logo":{"@type":"ImageObject","inLanguage":"es","@id":"https:\/\/www.csj-emballages.com\/es\/#\/schema\/logo\/image\/","url":"https:\/\/www.csj-emballages.com\/wp-content\/uploads\/2023\/10\/logo_csj.webp","contentUrl":"https:\/\/www.csj-emballages.com\/wp-content\/uploads\/2023\/10\/logo_csj.webp","width":250,"height":95,"caption":"CSJ Emballages"},"image":{"@id":"https:\/\/www.csj-emballages.com\/es\/#\/schema\/logo\/image\/"},"sameAs":["https:\/\/www.facebook.com\/csjemballages"],"address":{"@type":"PostalAddress","streetAddress":"ZI La Lechere","addressLocality":"Patornay","postalCode":"39130","addressCountry":"FR"},"contactPoint":[{"@type":"ContactPoint","contactType":"Service client","telephone":"0384254272","email":"contact@csj-emballages.com"}]}]}},"df_price":4.32,"df_sale_price":"","df_regular_price":4.32,"df_image_link":"https:\/\/www.csj-emballages.com\/wp-content\/uploads\/2024\/06\/AGITBOIS-300x300.webp","tiered_pricing_type":"fixed","tiered_pricing_fixed_rules":[],"tiered_pricing_percentage_rules":[],"tiered_pricing_minimum":1,"tiered_pricing_roles_data":[],"_links":{"self":[{"href":"https:\/\/www.csj-emballages.com\/es\/wp-json\/wp\/v2\/product\/29277","targetHints":{"allow":["GET"]}}],"collection":[{"href":"https:\/\/www.csj-emballages.com\/es\/wp-json\/wp\/v2\/product"}],"about":[{"href":"https:\/\/www.csj-emballages.com\/es\/wp-json\/wp\/v2\/types\/product"}],"wp:featuredmedia":[{"embeddable":true,"href":"https:\/\/www.csj-emballages.com\/es\/wp-json\/wp\/v2\/media\/236206"}],"wp:attachment":[{"href":"https:\/\/www.csj-emballages.com\/es\/wp-json\/wp\/v2\/media?parent=29277"}],"wp:term":[{"taxonomy":"product_brand","embeddable":true,"href":"https:\/\/www.csj-emballages.com\/es\/wp-json\/wp\/v2\/product_brand?post=29277"},{"taxonomy":"product_cat","embeddable":true,"href":"https:\/\/www.csj-emballages.com\/es\/wp-json\/wp\/v2\/product_cat?post=29277"},{"taxonomy":"product_tag","embeddable":true,"href":"https:\/\/www.csj-emballages.com\/es\/wp-json\/wp\/v2\/product_tag?post=29277"}],"curies":[{"name":"wp","href":"https:\/\/api.w.org\/{rel}","templated":true}]}}