{"id":29271,"date":"2024-06-20T15:15:21","date_gmt":"2024-06-20T13:15:21","guid":{"rendered":"https:\/\/www.csj-emballages.com\/produit\/3d-detergente-desinfectante-antical-5-litros-2\/"},"modified":"2026-05-09T02:10:18","modified_gmt":"2026-05-09T00:10:18","slug":"3d-detergente-desinfectante-antical-5-litros-2","status":"publish","type":"product","link":"https:\/\/www.csj-emballages.com\/es\/produit\/3d-detergente-desinfectante-antical-5-litros-2\/","title":{"rendered":"3D detergente desinfectante antical 5 litros"},"content":{"rendered":"<h2>Detergente desinfectante antical<\/h2>\n<hr>\n<h3>Descripci\u00f3n de nuestro detergente desinfectante antical 3D 5 litros<\/h3>\n<p><!--more--><\/p>\n<p data-start=\"124\" data-end=\"627\">Este <strong data-start=\"154\" data-end=\"188\">perfumado detergente antical<\/strong> es su aliado indispensable para el mantenimiento regular de todas las superficies expuestas a la humedad. Dise\u00f1ado para el uso diario, es ideal para la <strong data-start=\"351\" data-end=\"384\">limpieza de ba\u00f1os<\/strong>, <strong data-start=\"390\" data-end=\"407\">grifos<\/strong>, <strong data-start=\"413\" data-end=\"430\">suelos de baldosas<\/strong> y <strong data-start=\"434\" data-end=\"456\">revestimientos<\/strong> en general. Gracias a su f\u00f3rmula equilibrada, elimina eficazmente los restos de jab\u00f3n, agua y sarro sin da\u00f1ar los materiales sensibles.<\/p>\n<p data-start=\"629\" data-end=\"951\">Este producto hace algo m\u00e1s que limpiar: act\u00faa <strong data-start=\"684\" data-end=\"697\">de forma preventiva<\/strong> retrasando la aparici\u00f3n de la <strong data-start=\"727\" data-end=\"739\">cal<\/strong> y <strong data-start=\"746\" data-end=\"782\">evitando la formaci\u00f3n de dep\u00f3sitos<\/strong> minerales, lo que facilita mucho el mantenimiento a lo largo del tiempo. Un aut\u00e9ntico ahorro de tiempo tanto para profesionales de la limpieza como para particulares meticulosos.<\/p>\n<p data-start=\"953\" data-end=\"1253\">Su <strong data-start=\"956\" data-end=\"973\">f\u00f3rmula suave<\/strong> tambi\u00e9n respeta las superficies cromadas (grifos, duchas, tiradores, etc.) al tiempo que les proporciona un <strong data-start=\"1062\" data-end=\"1083\">brillo resplandeciente<\/strong>, sin rayas ni deslustres. Y por si fuera poco, deja una <strong data-start=\"1163\" data-end=\"1191\">fragancia fresca y agradable<\/strong> que extiende la sensaci\u00f3n de limpieza por toda la habitaci\u00f3n.<\/p>\n<p data-start=\"1255\" data-end=\"1458\">En resumen, ideal para hoteles, restaurantes, oficinas o simplemente para el cuarto de ba\u00f1o de su casa, este <strong>detergente antical<\/strong> combina <strong data-start=\"1394\" data-end=\"1457\">eficacia, seguridad del material y placer de uso<\/strong>.<\/p>\n<p data-start=\"1248\" data-end=\"1443\"><!--more--><\/p>\n<h4 data-start=\"1248\" data-end=\"1443\">Ventajas :<\/h4>\n<ul>\n<li>Previene la formaci\u00f3n de cal y sarro.<\/li>\n<li>No ataca las superficies cromadas.<\/li>\n<li>Deja una fragancia fresca y duradera.<\/li>\n<li>Da brillo a las superficies.<\/li>\n<li>Adecuado para el uso diario.<\/li>\n<li>Ideal para grifos, suelos, paredes y sanitarios.<\/li>\n<\/ul>\n<p>&nbsp;<\/p>\n<p><!--more--><\/p>\n<h4>Informaci\u00f3n adicional :<\/h4>\n<ul>\n<li><strong>Embalaje<\/strong>: Por unidad<\/li>\n<li><strong>Uso<\/strong>: Desinfectante anticalc\u00e1reo<\/li>\n<li><strong>Volumen<\/strong>: 5 litros<\/li>\n<\/ul>\n<p>&nbsp;<\/p>\n<p><!--more--><\/p>\n<p>Descubra tambi\u00e9n nuestro spray detergente desinfectante antical de 750 ml: <span style=\"color: #d12727;\"><a style=\"color: #d12727;\" href=\"https:\/\/www.csj-emballages.com\/es\/produit\/3d-spray-detergente-desinfectante-antical-750ml\/\">0504750<\/a><\/span><\/p>\n<p>&nbsp;<\/p>\n<p><!--more--><\/p>\n<p><a href=\"https:\/\/www.csj-emballages.com\/es\/categorie-produit\/higiene-y-mantenimiento\/productos-de-limpieza\/sanitario-es\/\">Ver el resto de nuestra gama de productos de limpieza sanitaria  <\/a><\/p>\n","protected":false},"excerpt":{"rendered":"<p>Detergente desinfectante antical Descripci\u00f3n de nuestro detergente desinfectante antical 3D 5 litros<\/p>\n","protected":false},"featured_media":239258,"template":"","meta":{"_acf_changed":false},"product_brand":[],"product_cat":[1226,1227,1295,1379],"product_tag":[],"class_list":{"0":"post-29271","1":"product","2":"type-product","3":"status-publish","4":"has-post-thumbnail","6":"product_cat-higiene-y-mantenimiento","7":"product_cat-productos-de-limpieza","8":"product_cat-sanitario-es","9":"product_cat-suelo","11":"first","12":"instock","13":"taxable","14":"shipping-taxable","15":"purchasable","16":"product-type-simple"},"acf":[],"yoast_head":"<!-- This site is optimized with the Yoast SEO Premium plugin v26.6 (Yoast SEO v26.6) - https:\/\/yoast.com\/wordpress\/plugins\/seo\/ -->\n<title>3D Detergente Desinfectante Antical 5 litros<\/title>\n<meta name=\"description\" content=\"Detergente antical perfumado para cuartos de ba\u00f1o. Limpia, previene la cal y abrillanta sin da\u00f1ar las superficies cromadas. 5 litros\" \/>\n<meta name=\"robots\" content=\"index, follow, max-snippet:-1, max-image-preview:large, max-video-preview:-1\" \/>\n<link rel=\"canonical\" href=\"https:\/\/www.csj-emballages.com\/es\/produit\/3d-detergente-desinfectante-antical-5-litros-2\/\" \/>\n<meta property=\"og:locale\" content=\"es_ES\" \/>\n<meta property=\"og:type\" content=\"article\" \/>\n<meta property=\"og:title\" content=\"3D detergente desinfectante antical 5 litros\" \/>\n<meta property=\"og:description\" content=\"Detergente antical perfumado para cuartos de ba\u00f1o. Limpia, previene la cal y abrillanta sin da\u00f1ar las superficies cromadas. 5 litros\" \/>\n<meta property=\"og:url\" content=\"https:\/\/www.csj-emballages.com\/es\/produit\/3d-detergente-desinfectante-antical-5-litros-2\/\" \/>\n<meta property=\"og:site_name\" content=\"CSJ Emballages\" \/>\n<meta property=\"article:publisher\" content=\"https:\/\/www.facebook.com\/csjemballages\" \/>\n<meta property=\"article:modified_time\" content=\"2026-05-09T00:10:18+00:00\" \/>\n<meta property=\"og:image\" content=\"https:\/\/www.csj-emballages.com\/wp-content\/uploads\/2024\/06\/05045-1.webp\" \/>\n\t<meta property=\"og:image:width\" content=\"800\" \/>\n\t<meta property=\"og:image:height\" content=\"800\" \/>\n\t<meta property=\"og:image:type\" content=\"image\/webp\" \/>\n<meta name=\"twitter:card\" content=\"summary_large_image\" \/>\n<meta name=\"twitter:label1\" content=\"Tiempo de lectura\" \/>\n\t<meta name=\"twitter:data1\" content=\"1 minuto\" \/>\n<script type=\"application\/ld+json\" class=\"yoast-schema-graph\">{\"@context\":\"https:\/\/schema.org\",\"@graph\":[{\"@type\":\"WebPage\",\"@id\":\"https:\/\/www.csj-emballages.com\/es\/produit\/3d-detergente-desinfectante-antical-5-litros-2\/\",\"url\":\"https:\/\/www.csj-emballages.com\/es\/produit\/3d-detergente-desinfectante-antical-5-litros-2\/\",\"name\":\"3D Detergente Desinfectante Antical 5 litros\",\"isPartOf\":{\"@id\":\"https:\/\/www.csj-emballages.com\/es\/#website\"},\"primaryImageOfPage\":{\"@id\":\"https:\/\/www.csj-emballages.com\/es\/produit\/3d-detergente-desinfectante-antical-5-litros-2\/#primaryimage\"},\"image\":{\"@id\":\"https:\/\/www.csj-emballages.com\/es\/produit\/3d-detergente-desinfectante-antical-5-litros-2\/#primaryimage\"},\"thumbnailUrl\":\"https:\/\/www.csj-emballages.com\/wp-content\/uploads\/2024\/06\/05045-1.webp\",\"datePublished\":\"2024-06-20T13:15:21+00:00\",\"dateModified\":\"2026-05-09T00:10:18+00:00\",\"description\":\"Detergente antical perfumado para cuartos de ba\u00f1o. Limpia, previene la cal y abrillanta sin da\u00f1ar las superficies cromadas. 5 litros\",\"breadcrumb\":{\"@id\":\"https:\/\/www.csj-emballages.com\/es\/produit\/3d-detergente-desinfectante-antical-5-litros-2\/#breadcrumb\"},\"inLanguage\":\"es\",\"potentialAction\":[{\"@type\":\"ReadAction\",\"target\":[\"https:\/\/www.csj-emballages.com\/es\/produit\/3d-detergente-desinfectante-antical-5-litros-2\/\"]}]},{\"@type\":\"ImageObject\",\"inLanguage\":\"es\",\"@id\":\"https:\/\/www.csj-emballages.com\/es\/produit\/3d-detergente-desinfectante-antical-5-litros-2\/#primaryimage\",\"url\":\"https:\/\/www.csj-emballages.com\/wp-content\/uploads\/2024\/06\/05045-1.webp\",\"contentUrl\":\"https:\/\/www.csj-emballages.com\/wp-content\/uploads\/2024\/06\/05045-1.webp\",\"width\":800,\"height\":800,\"caption\":\"D\u00e9tergent d\u00e9sinfectant anticalcaire\"},{\"@type\":\"BreadcrumbList\",\"@id\":\"https:\/\/www.csj-emballages.com\/es\/produit\/3d-detergente-desinfectante-antical-5-litros-2\/#breadcrumb\",\"itemListElement\":[{\"@type\":\"ListItem\",\"position\":1,\"name\":\"Accueil\",\"item\":\"https:\/\/www.csj-emballages.com\/es\/universo-del-envasado-alimentario\/\"},{\"@type\":\"ListItem\",\"position\":2,\"name\":\"Tienda\",\"item\":\"https:\/\/www.csj-emballages.com\/tienda\/\"},{\"@type\":\"ListItem\",\"position\":3,\"name\":\"3D detergente desinfectante antical 5 litros\"}]},{\"@type\":\"WebSite\",\"@id\":\"https:\/\/www.csj-emballages.com\/es\/#website\",\"url\":\"https:\/\/www.csj-emballages.com\/es\/\",\"name\":\"CSJ Emballages\",\"description\":\"\",\"publisher\":{\"@id\":\"https:\/\/www.csj-emballages.com\/es\/#organization\"},\"potentialAction\":[{\"@type\":\"SearchAction\",\"target\":{\"@type\":\"EntryPoint\",\"urlTemplate\":\"https:\/\/www.csj-emballages.com\/es\/?s={search_term_string}\"},\"query-input\":{\"@type\":\"PropertyValueSpecification\",\"valueRequired\":true,\"valueName\":\"search_term_string\"}}],\"inLanguage\":\"es\"},{\"@type\":\"Organization\",\"@id\":\"https:\/\/www.csj-emballages.com\/es\/#Organization\/\",\"name\":\"CSJ Emballages\",\"url\":\"https:\/\/www.csj-emballages.com\/es\/\",\"logo\":{\"@type\":\"ImageObject\",\"inLanguage\":\"es\",\"@id\":\"https:\/\/www.csj-emballages.com\/es\/#\/schema\/logo\/image\/\",\"url\":\"https:\/\/www.csj-emballages.com\/wp-content\/uploads\/2023\/10\/logo_csj.webp\",\"contentUrl\":\"https:\/\/www.csj-emballages.com\/wp-content\/uploads\/2023\/10\/logo_csj.webp\",\"width\":250,\"height\":95,\"caption\":\"CSJ Emballages\"},\"image\":{\"@id\":\"https:\/\/www.csj-emballages.com\/es\/#\/schema\/logo\/image\/\"},\"sameAs\":[\"https:\/\/www.facebook.com\/csjemballages\"],\"address\":{\"@type\":\"PostalAddress\",\"streetAddress\":\"ZI La Lechere\",\"addressLocality\":\"Patornay\",\"postalCode\":\"39130\",\"addressCountry\":\"FR\"},\"contactPoint\":[{\"@type\":\"ContactPoint\",\"contactType\":\"Service client\",\"telephone\":\"0384254272\",\"email\":\"contact@csj-emballages.com\"}]}]}<\/script>\n<!-- \/ Yoast SEO Premium plugin. -->","yoast_head_json":{"title":"3D Detergente Desinfectante Antical 5 litros","description":"Detergente antical perfumado para cuartos de ba\u00f1o. Limpia, previene la cal y abrillanta sin da\u00f1ar las superficies cromadas. 5 litros","robots":{"index":"index","follow":"follow","max-snippet":"max-snippet:-1","max-image-preview":"max-image-preview:large","max-video-preview":"max-video-preview:-1"},"canonical":"https:\/\/www.csj-emballages.com\/es\/produit\/3d-detergente-desinfectante-antical-5-litros-2\/","og_locale":"es_ES","og_type":"article","og_title":"3D detergente desinfectante antical 5 litros","og_description":"Detergente antical perfumado para cuartos de ba\u00f1o. Limpia, previene la cal y abrillanta sin da\u00f1ar las superficies cromadas. 5 litros","og_url":"https:\/\/www.csj-emballages.com\/es\/produit\/3d-detergente-desinfectante-antical-5-litros-2\/","og_site_name":"CSJ Emballages","article_publisher":"https:\/\/www.facebook.com\/csjemballages","article_modified_time":"2026-05-09T00:10:18+00:00","og_image":[{"width":800,"height":800,"url":"https:\/\/www.csj-emballages.com\/wp-content\/uploads\/2024\/06\/05045-1.webp","type":"image\/webp"}],"twitter_card":"summary_large_image","twitter_misc":{"Tiempo de lectura":"1 minuto"},"schema":{"@context":"https:\/\/schema.org","@graph":[{"@type":"WebPage","@id":"https:\/\/www.csj-emballages.com\/es\/produit\/3d-detergente-desinfectante-antical-5-litros-2\/","url":"https:\/\/www.csj-emballages.com\/es\/produit\/3d-detergente-desinfectante-antical-5-litros-2\/","name":"3D Detergente Desinfectante Antical 5 litros","isPartOf":{"@id":"https:\/\/www.csj-emballages.com\/es\/#website"},"primaryImageOfPage":{"@id":"https:\/\/www.csj-emballages.com\/es\/produit\/3d-detergente-desinfectante-antical-5-litros-2\/#primaryimage"},"image":{"@id":"https:\/\/www.csj-emballages.com\/es\/produit\/3d-detergente-desinfectante-antical-5-litros-2\/#primaryimage"},"thumbnailUrl":"https:\/\/www.csj-emballages.com\/wp-content\/uploads\/2024\/06\/05045-1.webp","datePublished":"2024-06-20T13:15:21+00:00","dateModified":"2026-05-09T00:10:18+00:00","description":"Detergente antical perfumado para cuartos de ba\u00f1o. Limpia, previene la cal y abrillanta sin da\u00f1ar las superficies cromadas. 5 litros","breadcrumb":{"@id":"https:\/\/www.csj-emballages.com\/es\/produit\/3d-detergente-desinfectante-antical-5-litros-2\/#breadcrumb"},"inLanguage":"es","potentialAction":[{"@type":"ReadAction","target":["https:\/\/www.csj-emballages.com\/es\/produit\/3d-detergente-desinfectante-antical-5-litros-2\/"]}]},{"@type":"ImageObject","inLanguage":"es","@id":"https:\/\/www.csj-emballages.com\/es\/produit\/3d-detergente-desinfectante-antical-5-litros-2\/#primaryimage","url":"https:\/\/www.csj-emballages.com\/wp-content\/uploads\/2024\/06\/05045-1.webp","contentUrl":"https:\/\/www.csj-emballages.com\/wp-content\/uploads\/2024\/06\/05045-1.webp","width":800,"height":800,"caption":"D\u00e9tergent d\u00e9sinfectant anticalcaire"},{"@type":"BreadcrumbList","@id":"https:\/\/www.csj-emballages.com\/es\/produit\/3d-detergente-desinfectante-antical-5-litros-2\/#breadcrumb","itemListElement":[{"@type":"ListItem","position":1,"name":"Accueil","item":"https:\/\/www.csj-emballages.com\/es\/universo-del-envasado-alimentario\/"},{"@type":"ListItem","position":2,"name":"Tienda","item":"https:\/\/www.csj-emballages.com\/tienda\/"},{"@type":"ListItem","position":3,"name":"3D detergente desinfectante antical 5 litros"}]},{"@type":"WebSite","@id":"https:\/\/www.csj-emballages.com\/es\/#website","url":"https:\/\/www.csj-emballages.com\/es\/","name":"CSJ Emballages","description":"","publisher":{"@id":"https:\/\/www.csj-emballages.com\/es\/#organization"},"potentialAction":[{"@type":"SearchAction","target":{"@type":"EntryPoint","urlTemplate":"https:\/\/www.csj-emballages.com\/es\/?s={search_term_string}"},"query-input":{"@type":"PropertyValueSpecification","valueRequired":true,"valueName":"search_term_string"}}],"inLanguage":"es"},{"@type":"Organization","@id":"https:\/\/www.csj-emballages.com\/es\/#Organization\/","name":"CSJ Emballages","url":"https:\/\/www.csj-emballages.com\/es\/","logo":{"@type":"ImageObject","inLanguage":"es","@id":"https:\/\/www.csj-emballages.com\/es\/#\/schema\/logo\/image\/","url":"https:\/\/www.csj-emballages.com\/wp-content\/uploads\/2023\/10\/logo_csj.webp","contentUrl":"https:\/\/www.csj-emballages.com\/wp-content\/uploads\/2023\/10\/logo_csj.webp","width":250,"height":95,"caption":"CSJ Emballages"},"image":{"@id":"https:\/\/www.csj-emballages.com\/es\/#\/schema\/logo\/image\/"},"sameAs":["https:\/\/www.facebook.com\/csjemballages"],"address":{"@type":"PostalAddress","streetAddress":"ZI La Lechere","addressLocality":"Patornay","postalCode":"39130","addressCountry":"FR"},"contactPoint":[{"@type":"ContactPoint","contactType":"Service client","telephone":"0384254272","email":"contact@csj-emballages.com"}]}]}},"df_price":13.42,"df_sale_price":"","df_regular_price":13.42,"df_image_link":"https:\/\/www.csj-emballages.com\/wp-content\/uploads\/2024\/06\/05045-1-300x300.webp","tiered_pricing_type":"fixed","tiered_pricing_fixed_rules":[],"tiered_pricing_percentage_rules":[],"tiered_pricing_minimum":1,"tiered_pricing_roles_data":[],"_links":{"self":[{"href":"https:\/\/www.csj-emballages.com\/es\/wp-json\/wp\/v2\/product\/29271","targetHints":{"allow":["GET"]}}],"collection":[{"href":"https:\/\/www.csj-emballages.com\/es\/wp-json\/wp\/v2\/product"}],"about":[{"href":"https:\/\/www.csj-emballages.com\/es\/wp-json\/wp\/v2\/types\/product"}],"wp:featuredmedia":[{"embeddable":true,"href":"https:\/\/www.csj-emballages.com\/es\/wp-json\/wp\/v2\/media\/239258"}],"wp:attachment":[{"href":"https:\/\/www.csj-emballages.com\/es\/wp-json\/wp\/v2\/media?parent=29271"}],"wp:term":[{"taxonomy":"product_brand","embeddable":true,"href":"https:\/\/www.csj-emballages.com\/es\/wp-json\/wp\/v2\/product_brand?post=29271"},{"taxonomy":"product_cat","embeddable":true,"href":"https:\/\/www.csj-emballages.com\/es\/wp-json\/wp\/v2\/product_cat?post=29271"},{"taxonomy":"product_tag","embeddable":true,"href":"https:\/\/www.csj-emballages.com\/es\/wp-json\/wp\/v2\/product_tag?post=29271"}],"curies":[{"name":"wp","href":"https:\/\/api.w.org\/{rel}","templated":true}]}}