{"id":29266,"date":"2024-06-20T15:14:33","date_gmt":"2024-06-20T13:14:33","guid":{"rendered":"https:\/\/www.csj-emballages.com\/?post_type=product&#038;p=29266"},"modified":"2026-04-14T02:10:16","modified_gmt":"2026-04-14T00:10:16","slug":"jabon-de-manos-en-gel-ecologico-5-litros","status":"publish","type":"product","link":"https:\/\/www.csj-emballages.com\/es\/produit\/jabon-de-manos-en-gel-ecologico-5-litros\/","title":{"rendered":"Jab\u00f3n de manos en gel ecol\u00f3gico 5 litros"},"content":{"rendered":"<h2 class=\"ai-optimize-34\">Jab\u00f3n de manos en gel<\/h2>\n<hr>\n<h3 class=\"ai-optimize-34\">Descripci\u00f3n de nuestro jab\u00f3n de manos en gel ecol\u00f3gico de 5 litros<\/h3>\n<p><!--more--><\/p>\n<p class=\"ai-optimize-35 ai-optimize-introduction\">Descubra nuestro <strong>jab\u00f3n de manos en gel<\/strong> <strong>de 5 litros<\/strong> <strong>con etiqueta ecol\u00f3gica<\/strong>, concebido para un uso cotidiano y respetuoso con el medio ambiente. En primer lugar, este <strong>jab\u00f3n l\u00edquido<\/strong> combina eficacia y suavidad, ideal para toda la familia. Su f\u00f3rmula natural limpia en profundidad preservando el equilibrio de su piel. Sin colorantes ni perfumes artificiales, es apto incluso para las pieles m\u00e1s sensibles.   <\/p>\n<p class=\"ai-optimize-36\">Con su econ\u00f3mico formato <strong>de 5 litros<\/strong>, es perfecto para un uso prolongado y reduce los residuos pl\u00e1sticos. Adopte una higiene impecable respetando el planeta con nuestro <strong>gel jab\u00f3n de manos con etiqueta ecol\u00f3gica<\/strong>. Disfrute de un jab\u00f3n suave que deja las manos limpias y delicadamente perfumadas, sin comprometer la calidad del agua. Su f\u00f3rmula innovadora facilita y agiliza el aclarado, ahorr\u00e1ndole tiempo cada d\u00eda. Elegir nuestro <strong>jab\u00f3n de manos en gel con etiqueta ecol\u00f3gica<\/strong> es optar por una soluci\u00f3n sostenible y respetuosa con la naturaleza.    <\/p>\n<p class=\"ai-optimize-37\">Simplifica tu rutina de lavado de manos cuidando el medio ambiente. Nuestro jab\u00f3n de manos en gel de 5 litros es la soluci\u00f3n ideal para una higiene natural y responsable. <\/p>\n<p>&nbsp;<\/p>\n<p><!--more--><\/p>\n<p class=\"ai-optimize-38\">As\u00ed que aporta tu granito de arena al planeta con este producto ecol\u00f3gico y eficaz.<\/p>\n<p>&nbsp;<\/p>\n<p><!--more--><\/p>\n<p class=\"ai-optimize-39\"><strong>Sus ventajas:<\/strong><\/p>\n<ul>\n<li class=\"ai-optimize-40\"><strong>Respetuoso con el medio ambiente<\/strong>: f\u00f3rmula con certificado ecol\u00f3gico, que reduce el impacto ecol\u00f3gico.<\/li>\n<li class=\"ai-optimize-41\"><strong>Econ\u00f3mico<\/strong>: formato de 5 L para un uso prolongado, ideal para familias o lugares p\u00fablicos.<\/li>\n<li class=\"ai-optimize-42\"><strong>Ideal para lugares p\u00fablicos<\/strong>: Perfecto para colegios, oficinas y otras zonas que requieran una higiene frecuente.<\/li>\n<\/ul>\n<p>&nbsp;<\/p>\n<p><!--more--><\/p>\n<h4 class=\"ai-optimize-44\">Informaci\u00f3n adicional :<\/h4>\n<ul>\n<li class=\"ai-optimize-45\"><strong>Embalaje<\/strong>: Por unidad<\/li>\n<li class=\"ai-optimize-46\"><strong>Uso<\/strong>: Jab\u00f3n de manos<\/li>\n<li class=\"ai-optimize-47\"><strong>Volumen<\/strong>: 5 litros<\/li>\n<\/ul>\n<h5><\/h5>\n<p><!--more--><\/p>\n<p class=\"ai-optimize-48\">Vea tambi\u00e9n nuestro cartucho de jab\u00f3n para manos y caballos de 900 ml: <span style=\"color: #d12727;\"><a style=\"color: #d12727;\" href=\"https:\/\/www.csj-emballages.com\/es\/produit\/dispensador-de-cartucho-de-jabon-de-900-ml-03ds080001\/\">03HAIRBODY<\/a><\/span><\/p>\n<p>&nbsp;<\/p>\n<p><!--more--><\/p>\n<p class=\"ai-optimize-43\"><a href=\"https:\/\/www.csj-emballages.com\/es\/categorie-produit\/envasado-de-alimentos\/gama-ecologica\/productos-ecologicos-es\/\">Consulte el resto de nuestra gama de productos de limpieza ecol\u00f3gicos aqu\u00ed<\/a><\/p>\n","protected":false},"excerpt":{"rendered":"<p>Jab\u00f3n de manos en gel Descripci\u00f3n de nuestro jab\u00f3n de manos en gel ecol\u00f3gico de 5 litros<\/p>\n","protected":false},"featured_media":235474,"template":"","meta":{"_acf_changed":false},"product_brand":[],"product_cat":[1150,1163,6981,1226,1227,1417,1359,1360],"product_tag":[],"class_list":{"0":"post-29266","1":"product","2":"type-product","3":"status-publish","4":"has-post-thumbnail","6":"product_cat-envasado-de-alimentos","7":"product_cat-gama-ecologica","8":"product_cat-productos-ecologicos-es","9":"product_cat-higiene-y-mantenimiento","10":"product_cat-productos-de-limpieza","11":"product_cat-area-de-distribucion-ecologica","12":"product_cat-higiene-personal","13":"product_cat-jabon-de-manos","14":"product_shipping_class-no-permitido-en-reles","16":"first","17":"instock","18":"taxable","19":"shipping-taxable","20":"purchasable","21":"product-type-simple"},"acf":[],"yoast_head":"<!-- This site is optimized with the Yoast SEO Premium plugin v26.6 (Yoast SEO v26.6) - https:\/\/yoast.com\/wordpress\/plugins\/seo\/ -->\n<title>Jab\u00f3n de manos en gel 5L ecoetiqueta \/ CSJ Emballages<\/title>\n<meta name=\"description\" content=\"Descubre el jab\u00f3n de manos en gel ecol\u00f3gico de 5 litros, respetuoso con el medio ambiente y suave con las pieles sensibles. \u00a1Disfruta de una higiene duradera e impecable!\" \/>\n<meta name=\"robots\" content=\"index, follow, max-snippet:-1, max-image-preview:large, max-video-preview:-1\" \/>\n<link rel=\"canonical\" href=\"https:\/\/www.csj-emballages.com\/es\/produit\/jabon-de-manos-en-gel-ecologico-5-litros\/\" \/>\n<meta property=\"og:locale\" content=\"es_ES\" \/>\n<meta property=\"og:type\" content=\"article\" \/>\n<meta property=\"og:title\" content=\"Jab\u00f3n de manos en gel ecol\u00f3gico 5 litros\" \/>\n<meta property=\"og:description\" content=\"Descubre el jab\u00f3n de manos en gel ecol\u00f3gico de 5 litros, respetuoso con el medio ambiente y suave con las pieles sensibles. \u00a1Disfruta de una higiene duradera e impecable!\" \/>\n<meta property=\"og:url\" content=\"https:\/\/www.csj-emballages.com\/es\/produit\/jabon-de-manos-en-gel-ecologico-5-litros\/\" \/>\n<meta property=\"og:site_name\" content=\"CSJ Emballages\" \/>\n<meta property=\"article:publisher\" content=\"https:\/\/www.facebook.com\/csjemballages\" \/>\n<meta property=\"article:modified_time\" content=\"2026-04-14T00:10:16+00:00\" \/>\n<meta property=\"og:image\" content=\"https:\/\/www.csj-emballages.com\/wp-content\/uploads\/2024\/06\/00705.webp\" \/>\n\t<meta property=\"og:image:width\" content=\"800\" \/>\n\t<meta property=\"og:image:height\" content=\"800\" \/>\n\t<meta property=\"og:image:type\" content=\"image\/webp\" \/>\n<meta name=\"twitter:card\" content=\"summary_large_image\" \/>\n<meta name=\"twitter:label1\" content=\"Tiempo de lectura\" \/>\n\t<meta name=\"twitter:data1\" content=\"2 minutos\" \/>\n<script type=\"application\/ld+json\" class=\"yoast-schema-graph\">{\"@context\":\"https:\/\/schema.org\",\"@graph\":[{\"@type\":\"WebPage\",\"@id\":\"https:\/\/www.csj-emballages.com\/es\/produit\/jabon-de-manos-en-gel-ecologico-5-litros\/\",\"url\":\"https:\/\/www.csj-emballages.com\/es\/produit\/jabon-de-manos-en-gel-ecologico-5-litros\/\",\"name\":\"Jab\u00f3n de manos en gel 5L ecoetiqueta \/ CSJ Emballages\",\"isPartOf\":{\"@id\":\"https:\/\/www.csj-emballages.com\/es\/#website\"},\"primaryImageOfPage\":{\"@id\":\"https:\/\/www.csj-emballages.com\/es\/produit\/jabon-de-manos-en-gel-ecologico-5-litros\/#primaryimage\"},\"image\":{\"@id\":\"https:\/\/www.csj-emballages.com\/es\/produit\/jabon-de-manos-en-gel-ecologico-5-litros\/#primaryimage\"},\"thumbnailUrl\":\"https:\/\/www.csj-emballages.com\/wp-content\/uploads\/2024\/06\/00705.webp\",\"datePublished\":\"2024-06-20T13:14:33+00:00\",\"dateModified\":\"2026-04-14T00:10:16+00:00\",\"description\":\"Descubre el jab\u00f3n de manos en gel ecol\u00f3gico de 5 litros, respetuoso con el medio ambiente y suave con las pieles sensibles. \u00a1Disfruta de una higiene duradera e impecable!\",\"breadcrumb\":{\"@id\":\"https:\/\/www.csj-emballages.com\/es\/produit\/jabon-de-manos-en-gel-ecologico-5-litros\/#breadcrumb\"},\"inLanguage\":\"es\",\"potentialAction\":[{\"@type\":\"ReadAction\",\"target\":[\"https:\/\/www.csj-emballages.com\/es\/produit\/jabon-de-manos-en-gel-ecologico-5-litros\/\"]}]},{\"@type\":\"ImageObject\",\"inLanguage\":\"es\",\"@id\":\"https:\/\/www.csj-emballages.com\/es\/produit\/jabon-de-manos-en-gel-ecologico-5-litros\/#primaryimage\",\"url\":\"https:\/\/www.csj-emballages.com\/wp-content\/uploads\/2024\/06\/00705.webp\",\"contentUrl\":\"https:\/\/www.csj-emballages.com\/wp-content\/uploads\/2024\/06\/00705.webp\",\"width\":800,\"height\":800,\"caption\":\"Gel savon main\"},{\"@type\":\"BreadcrumbList\",\"@id\":\"https:\/\/www.csj-emballages.com\/es\/produit\/jabon-de-manos-en-gel-ecologico-5-litros\/#breadcrumb\",\"itemListElement\":[{\"@type\":\"ListItem\",\"position\":1,\"name\":\"Accueil\",\"item\":\"https:\/\/www.csj-emballages.com\/es\/universo-del-envasado-alimentario\/\"},{\"@type\":\"ListItem\",\"position\":2,\"name\":\"Tienda\",\"item\":\"https:\/\/www.csj-emballages.com\/tienda\/\"},{\"@type\":\"ListItem\",\"position\":3,\"name\":\"Jab\u00f3n de manos en gel ecol\u00f3gico 5 litros\"}]},{\"@type\":\"WebSite\",\"@id\":\"https:\/\/www.csj-emballages.com\/es\/#website\",\"url\":\"https:\/\/www.csj-emballages.com\/es\/\",\"name\":\"CSJ Emballages\",\"description\":\"\",\"publisher\":{\"@id\":\"https:\/\/www.csj-emballages.com\/es\/#organization\"},\"potentialAction\":[{\"@type\":\"SearchAction\",\"target\":{\"@type\":\"EntryPoint\",\"urlTemplate\":\"https:\/\/www.csj-emballages.com\/es\/?s={search_term_string}\"},\"query-input\":{\"@type\":\"PropertyValueSpecification\",\"valueRequired\":true,\"valueName\":\"search_term_string\"}}],\"inLanguage\":\"es\"},{\"@type\":\"Organization\",\"@id\":\"https:\/\/www.csj-emballages.com\/es\/#Organization\/\",\"name\":\"CSJ Emballages\",\"url\":\"https:\/\/www.csj-emballages.com\/es\/\",\"logo\":{\"@type\":\"ImageObject\",\"inLanguage\":\"es\",\"@id\":\"https:\/\/www.csj-emballages.com\/es\/#\/schema\/logo\/image\/\",\"url\":\"https:\/\/www.csj-emballages.com\/wp-content\/uploads\/2023\/10\/logo_csj.webp\",\"contentUrl\":\"https:\/\/www.csj-emballages.com\/wp-content\/uploads\/2023\/10\/logo_csj.webp\",\"width\":250,\"height\":95,\"caption\":\"CSJ Emballages\"},\"image\":{\"@id\":\"https:\/\/www.csj-emballages.com\/es\/#\/schema\/logo\/image\/\"},\"sameAs\":[\"https:\/\/www.facebook.com\/csjemballages\"],\"address\":{\"@type\":\"PostalAddress\",\"streetAddress\":\"ZI La Lechere\",\"addressLocality\":\"Patornay\",\"postalCode\":\"39130\",\"addressCountry\":\"FR\"},\"contactPoint\":[{\"@type\":\"ContactPoint\",\"contactType\":\"Service client\",\"telephone\":\"0384254272\",\"email\":\"contact@csj-emballages.com\"}]}]}<\/script>\n<!-- \/ Yoast SEO Premium plugin. -->","yoast_head_json":{"title":"Jab\u00f3n de manos en gel 5L ecoetiqueta \/ CSJ Emballages","description":"Descubre el jab\u00f3n de manos en gel ecol\u00f3gico de 5 litros, respetuoso con el medio ambiente y suave con las pieles sensibles. \u00a1Disfruta de una higiene duradera e impecable!","robots":{"index":"index","follow":"follow","max-snippet":"max-snippet:-1","max-image-preview":"max-image-preview:large","max-video-preview":"max-video-preview:-1"},"canonical":"https:\/\/www.csj-emballages.com\/es\/produit\/jabon-de-manos-en-gel-ecologico-5-litros\/","og_locale":"es_ES","og_type":"article","og_title":"Jab\u00f3n de manos en gel ecol\u00f3gico 5 litros","og_description":"Descubre el jab\u00f3n de manos en gel ecol\u00f3gico de 5 litros, respetuoso con el medio ambiente y suave con las pieles sensibles. \u00a1Disfruta de una higiene duradera e impecable!","og_url":"https:\/\/www.csj-emballages.com\/es\/produit\/jabon-de-manos-en-gel-ecologico-5-litros\/","og_site_name":"CSJ Emballages","article_publisher":"https:\/\/www.facebook.com\/csjemballages","article_modified_time":"2026-04-14T00:10:16+00:00","og_image":[{"width":800,"height":800,"url":"https:\/\/www.csj-emballages.com\/wp-content\/uploads\/2024\/06\/00705.webp","type":"image\/webp"}],"twitter_card":"summary_large_image","twitter_misc":{"Tiempo de lectura":"2 minutos"},"schema":{"@context":"https:\/\/schema.org","@graph":[{"@type":"WebPage","@id":"https:\/\/www.csj-emballages.com\/es\/produit\/jabon-de-manos-en-gel-ecologico-5-litros\/","url":"https:\/\/www.csj-emballages.com\/es\/produit\/jabon-de-manos-en-gel-ecologico-5-litros\/","name":"Jab\u00f3n de manos en gel 5L ecoetiqueta \/ CSJ Emballages","isPartOf":{"@id":"https:\/\/www.csj-emballages.com\/es\/#website"},"primaryImageOfPage":{"@id":"https:\/\/www.csj-emballages.com\/es\/produit\/jabon-de-manos-en-gel-ecologico-5-litros\/#primaryimage"},"image":{"@id":"https:\/\/www.csj-emballages.com\/es\/produit\/jabon-de-manos-en-gel-ecologico-5-litros\/#primaryimage"},"thumbnailUrl":"https:\/\/www.csj-emballages.com\/wp-content\/uploads\/2024\/06\/00705.webp","datePublished":"2024-06-20T13:14:33+00:00","dateModified":"2026-04-14T00:10:16+00:00","description":"Descubre el jab\u00f3n de manos en gel ecol\u00f3gico de 5 litros, respetuoso con el medio ambiente y suave con las pieles sensibles. \u00a1Disfruta de una higiene duradera e impecable!","breadcrumb":{"@id":"https:\/\/www.csj-emballages.com\/es\/produit\/jabon-de-manos-en-gel-ecologico-5-litros\/#breadcrumb"},"inLanguage":"es","potentialAction":[{"@type":"ReadAction","target":["https:\/\/www.csj-emballages.com\/es\/produit\/jabon-de-manos-en-gel-ecologico-5-litros\/"]}]},{"@type":"ImageObject","inLanguage":"es","@id":"https:\/\/www.csj-emballages.com\/es\/produit\/jabon-de-manos-en-gel-ecologico-5-litros\/#primaryimage","url":"https:\/\/www.csj-emballages.com\/wp-content\/uploads\/2024\/06\/00705.webp","contentUrl":"https:\/\/www.csj-emballages.com\/wp-content\/uploads\/2024\/06\/00705.webp","width":800,"height":800,"caption":"Gel savon main"},{"@type":"BreadcrumbList","@id":"https:\/\/www.csj-emballages.com\/es\/produit\/jabon-de-manos-en-gel-ecologico-5-litros\/#breadcrumb","itemListElement":[{"@type":"ListItem","position":1,"name":"Accueil","item":"https:\/\/www.csj-emballages.com\/es\/universo-del-envasado-alimentario\/"},{"@type":"ListItem","position":2,"name":"Tienda","item":"https:\/\/www.csj-emballages.com\/tienda\/"},{"@type":"ListItem","position":3,"name":"Jab\u00f3n de manos en gel ecol\u00f3gico 5 litros"}]},{"@type":"WebSite","@id":"https:\/\/www.csj-emballages.com\/es\/#website","url":"https:\/\/www.csj-emballages.com\/es\/","name":"CSJ Emballages","description":"","publisher":{"@id":"https:\/\/www.csj-emballages.com\/es\/#organization"},"potentialAction":[{"@type":"SearchAction","target":{"@type":"EntryPoint","urlTemplate":"https:\/\/www.csj-emballages.com\/es\/?s={search_term_string}"},"query-input":{"@type":"PropertyValueSpecification","valueRequired":true,"valueName":"search_term_string"}}],"inLanguage":"es"},{"@type":"Organization","@id":"https:\/\/www.csj-emballages.com\/es\/#Organization\/","name":"CSJ Emballages","url":"https:\/\/www.csj-emballages.com\/es\/","logo":{"@type":"ImageObject","inLanguage":"es","@id":"https:\/\/www.csj-emballages.com\/es\/#\/schema\/logo\/image\/","url":"https:\/\/www.csj-emballages.com\/wp-content\/uploads\/2023\/10\/logo_csj.webp","contentUrl":"https:\/\/www.csj-emballages.com\/wp-content\/uploads\/2023\/10\/logo_csj.webp","width":250,"height":95,"caption":"CSJ Emballages"},"image":{"@id":"https:\/\/www.csj-emballages.com\/es\/#\/schema\/logo\/image\/"},"sameAs":["https:\/\/www.facebook.com\/csjemballages"],"address":{"@type":"PostalAddress","streetAddress":"ZI La Lechere","addressLocality":"Patornay","postalCode":"39130","addressCountry":"FR"},"contactPoint":[{"@type":"ContactPoint","contactType":"Service client","telephone":"0384254272","email":"contact@csj-emballages.com"}]}]}},"df_price":12.96,"df_sale_price":"","df_regular_price":12.96,"df_image_link":"https:\/\/www.csj-emballages.com\/wp-content\/uploads\/2024\/06\/00705-300x300.webp","tiered_pricing_type":"fixed","tiered_pricing_fixed_rules":[],"tiered_pricing_percentage_rules":[],"tiered_pricing_minimum":1,"tiered_pricing_roles_data":[],"_links":{"self":[{"href":"https:\/\/www.csj-emballages.com\/es\/wp-json\/wp\/v2\/product\/29266","targetHints":{"allow":["GET"]}}],"collection":[{"href":"https:\/\/www.csj-emballages.com\/es\/wp-json\/wp\/v2\/product"}],"about":[{"href":"https:\/\/www.csj-emballages.com\/es\/wp-json\/wp\/v2\/types\/product"}],"wp:featuredmedia":[{"embeddable":true,"href":"https:\/\/www.csj-emballages.com\/es\/wp-json\/wp\/v2\/media\/235474"}],"wp:attachment":[{"href":"https:\/\/www.csj-emballages.com\/es\/wp-json\/wp\/v2\/media?parent=29266"}],"wp:term":[{"taxonomy":"product_brand","embeddable":true,"href":"https:\/\/www.csj-emballages.com\/es\/wp-json\/wp\/v2\/product_brand?post=29266"},{"taxonomy":"product_cat","embeddable":true,"href":"https:\/\/www.csj-emballages.com\/es\/wp-json\/wp\/v2\/product_cat?post=29266"},{"taxonomy":"product_tag","embeddable":true,"href":"https:\/\/www.csj-emballages.com\/es\/wp-json\/wp\/v2\/product_tag?post=29266"}],"curies":[{"name":"wp","href":"https:\/\/api.w.org\/{rel}","templated":true}]}}