{"id":29256,"date":"2024-07-04T15:56:29","date_gmt":"2024-07-04T13:56:29","guid":{"rendered":"https:\/\/www.csj-emballages.com\/?post_type=product&#038;p=29256"},"modified":"2026-03-20T02:14:18","modified_gmt":"2026-03-20T01:14:18","slug":"25-bandejas-de-comida-para-llevar-6-compartimentos-festivos","status":"publish","type":"product","link":"https:\/\/www.csj-emballages.com\/es\/produit\/25-bandejas-de-comida-para-llevar-6-compartimentos-festivos\/","title":{"rendered":"Bandeja festiva de 6 compartimentos para llevar, 25 uds."},"content":{"rendered":"<h2>Bandeja de comida<\/h2>\n<div style=\"box-sizing: inherit; font-family: Roboto, sans-serif;\">\n<div style=\"box-sizing: inherit; font-family: Roboto, sans-serif;\">\n<div style=\"box-sizing: inherit; font-family: Roboto, sans-serif;\">\n<div style=\"box-sizing: inherit; font-family: Roboto, sans-serif;\">\n<div style=\"box-sizing: inherit; font-family: Roboto, sans-serif;\">\n<div style=\"box-sizing: inherit; font-family: Roboto, sans-serif;\">\n<hr>\n<h3>Descripci\u00f3n de nuestra bandeja de comida festiva para llevar de 6 compartimentos, paquete de 25<\/h3>\n<p><!--more--><\/p>\n<p data-start=\"177\" data-end=\"529\">Ofrecer una comida pr\u00e1ctica y elegante nunca ha sido tan f\u00e1cil con la <strong data-start=\"249\" data-end=\"307\">bandeja festiva de 6 compartimentos para comida para llevar de 25<\/strong>. Especialmente dise\u00f1ada para <strong data-start=\"337\" data-end=\"350\">hosteleros<\/strong>, <strong data-start=\"352\" data-end=\"369\">restauradores<\/strong> y organizadores de eventos, esta <strong>bandeja<\/strong> es el aliado ideal para presentar sus platos de forma ordenada, garantizando al mismo tiempo la comodidad y la higiene de sus invitados. Gracias a sus <strong data-start=\"543\" data-end=\"562\">6 compartimentos<\/strong>, podr\u00e1 organizar f\u00e1cilmente un entrante, un plato principal, una guarnici\u00f3n, queso, postre e incluso pan o salsa, sin que los sabores se mezclen.  <\/p>\n<p data-start=\"889\" data-end=\"1184\">Robusta y dise\u00f1ada para resistir el transporte, esta <strong data-start=\"938\" data-end=\"966\">bandeja de comida para llevar<\/strong> ofrece un servicio pr\u00e1ctico a la vez que realza sus preparaciones culinarias. Es especialmente popular para comidas a domicilio o eventos que requieren una log\u00edstica sencilla pero profesional. <\/p>\n<p data-start=\"1186\" data-end=\"1472\">Envasado <strong data-start=\"1198\" data-end=\"1215\">en 25 unidades<\/strong>, este set es ideal para gestionar su gran n\u00famero de servicios, al tiempo que ofrece una soluci\u00f3n fiable y econ\u00f3mica. Adem\u00e1s de a\u00f1adir un verdadero toque de practicidad, ayuda a mejorar la presentaci\u00f3n de sus alimentos y a proporcionar una agradable experiencia al cliente. <\/p>\n<p data-start=\"1474\" data-end=\"1690\">Tanto si es un profesional que busca optimizar sus servicios como si es un particular que desea organizar un evento sin complicaciones, esta <strong>bandeja de comida con 6 compartimentos<\/strong> es el compromiso perfecto entre <strong data-start=\"1648\" data-end=\"1687\">est\u00e9tica, practicidad y durabilidad<\/strong>.<\/p>\n<p>&nbsp;<\/p>\n<\/div>\n<\/div>\n<\/div>\n<\/div>\n<\/div>\n<\/div>\n<p><!--more--><\/p>\n<h4>Ventajas :<\/h4>\n<ul>\n<li>6 compartimentos para una presentaci\u00f3n ordenada y equilibrada<\/li>\n<li>Un dise\u00f1o festivo para realzar sus platos.<\/li>\n<li>Pr\u00e1ctico y robusto para el transporte y la entrega.<\/li>\n<li>Envasados en paquetes de 25 unidades para una gesti\u00f3n f\u00e1cil y econ\u00f3mica.<\/li>\n<li>Adecuado tanto para profesionales como para particulares<\/li>\n<\/ul>\n<p>&nbsp;<\/p>\n<p><!--more--><\/p>\n<h4>Informaci\u00f3n adicional :<\/h4>\n<ul>\n<li><strong>Envase<\/strong>: Paquete de 25<\/li>\n<li><strong>Dimensiones<\/strong>: 370 x 275 x 70 mm<\/li>\n<li><strong>Material<\/strong>: Poliestireno<\/li>\n<li><strong>Color<\/strong>: blanco<\/li>\n<li><strong>Temperatura de funcionamiento <\/strong>: m\u00ednima \/ m\u00e1xima -5\u00b0C a + 80\u00b0C<\/li>\n<\/ul>\n<p>&nbsp;<\/p>\n<p><!--more--><\/p>\n<p>Aqu\u00ed encontrar\u00e1 nuestras diferentes bandejas festivas con distintos compartimentos: <span style=\"color: #d12727;\"><a style=\"color: #d12727;\" href=\"https:\/\/www.csj-emballages.com\/produit\/50-plateaux-repas-a-emporter-4-compartiments-festifs\/\">4 compartimentos<\/a><\/span> \/ <span style=\"color: #d12727;\"><a style=\"color: #d12727;\" href=\"https:\/\/www.csj-emballages.com\/produit\/50-plateaux-repas-a-emporter-5-compartiments-festifs\/\">5 compartimentos<\/a><\/span><\/p>\n<p>&nbsp;<\/p>\n<p><!--more--><\/p>\n<p><a href=\"https:\/\/www.csj-emballages.com\/es\/categorie-produit\/envasado-de-alimentos\/carniceria-y-charcuteria\/bandejas\/bandejas-de-comida\/bandejas-de-plastico-para-comida\/\">Consulte el resto de nuestra gama de bandejas de comida aqu\u00ed<\/a><\/p>\n","protected":false},"excerpt":{"rendered":"<p>Bandeja de comida Descripci\u00f3n de nuestra bandeja de comida festiva para llevar de 6 compartimentos, paquete de 25<\/p>\n","protected":false},"featured_media":240981,"template":"","meta":{"_acf_changed":false},"product_brand":[],"product_cat":[1150,1143,1288,1293,1298,6703,1179,1302,1305,1310],"product_tag":[],"class_list":{"0":"post-29256","1":"product","2":"type-product","3":"status-publish","4":"has-post-thumbnail","6":"product_cat-envasado-de-alimentos","7":"product_cat-carniceria-y-charcuteria","8":"product_cat-bandejas","9":"product_cat-bandejas-de-comida","10":"product_cat-bandejas-de-plastico-para-comida","11":"product_cat-bandejas-festivas","12":"product_cat-catering-es","13":"product_cat-bandejas-es","14":"product_cat-bandejas-de-comida-desechables","15":"product_cat-bandejas-de-plastico-para-comida-es","17":"first","18":"instock","19":"taxable","20":"shipping-taxable","21":"purchasable","22":"product-type-simple"},"acf":[],"yoast_head":"<!-- This site is optimized with the Yoast SEO Premium plugin v26.6 (Yoast SEO v26.6) - https:\/\/yoast.com\/wordpress\/plugins\/seo\/ -->\n<title>Bandeja festiva de 6 compartimentos para comida para llevar por 25<\/title>\n<meta name=\"description\" content=\"Descubra la bandeja festiva de 6 compartimentos para llevar de 25: pr\u00e1ctica, elegante e ideal para sus eventos y comidas a domicilio.\" \/>\n<meta name=\"robots\" content=\"index, follow, max-snippet:-1, max-image-preview:large, max-video-preview:-1\" \/>\n<link rel=\"canonical\" href=\"https:\/\/www.csj-emballages.com\/es\/produit\/25-bandejas-de-comida-para-llevar-6-compartimentos-festivos\/\" \/>\n<meta property=\"og:locale\" content=\"es_ES\" \/>\n<meta property=\"og:type\" content=\"article\" \/>\n<meta property=\"og:title\" content=\"Bandeja festiva de 6 compartimentos para llevar, 25 uds.\" \/>\n<meta property=\"og:description\" content=\"Descubra la bandeja festiva de 6 compartimentos para llevar de 25: pr\u00e1ctica, elegante e ideal para sus eventos y comidas a domicilio.\" \/>\n<meta property=\"og:url\" content=\"https:\/\/www.csj-emballages.com\/es\/produit\/25-bandejas-de-comida-para-llevar-6-compartimentos-festivos\/\" \/>\n<meta property=\"og:site_name\" content=\"CSJ Emballages\" \/>\n<meta property=\"article:publisher\" content=\"https:\/\/www.facebook.com\/csjemballages\" \/>\n<meta property=\"article:modified_time\" content=\"2026-03-20T01:14:18+00:00\" \/>\n<meta property=\"og:image\" content=\"https:\/\/www.csj-emballages.com\/wp-content\/uploads\/2024\/07\/PL6CFESTIF-1.webp\" \/>\n\t<meta property=\"og:image:width\" content=\"800\" \/>\n\t<meta property=\"og:image:height\" content=\"800\" \/>\n\t<meta property=\"og:image:type\" content=\"image\/webp\" \/>\n<meta name=\"twitter:card\" content=\"summary_large_image\" \/>\n<meta name=\"twitter:label1\" content=\"Tiempo de lectura\" \/>\n\t<meta name=\"twitter:data1\" content=\"2 minutos\" \/>\n<script type=\"application\/ld+json\" class=\"yoast-schema-graph\">{\"@context\":\"https:\/\/schema.org\",\"@graph\":[{\"@type\":\"WebPage\",\"@id\":\"https:\/\/www.csj-emballages.com\/es\/produit\/25-bandejas-de-comida-para-llevar-6-compartimentos-festivos\/\",\"url\":\"https:\/\/www.csj-emballages.com\/es\/produit\/25-bandejas-de-comida-para-llevar-6-compartimentos-festivos\/\",\"name\":\"Bandeja festiva de 6 compartimentos para comida para llevar por 25\",\"isPartOf\":{\"@id\":\"https:\/\/www.csj-emballages.com\/es\/#website\"},\"primaryImageOfPage\":{\"@id\":\"https:\/\/www.csj-emballages.com\/es\/produit\/25-bandejas-de-comida-para-llevar-6-compartimentos-festivos\/#primaryimage\"},\"image\":{\"@id\":\"https:\/\/www.csj-emballages.com\/es\/produit\/25-bandejas-de-comida-para-llevar-6-compartimentos-festivos\/#primaryimage\"},\"thumbnailUrl\":\"https:\/\/www.csj-emballages.com\/wp-content\/uploads\/2024\/07\/PL6CFESTIF-1.webp\",\"datePublished\":\"2024-07-04T13:56:29+00:00\",\"dateModified\":\"2026-03-20T01:14:18+00:00\",\"description\":\"Descubra la bandeja festiva de 6 compartimentos para llevar de 25: pr\u00e1ctica, elegante e ideal para sus eventos y comidas a domicilio.\",\"breadcrumb\":{\"@id\":\"https:\/\/www.csj-emballages.com\/es\/produit\/25-bandejas-de-comida-para-llevar-6-compartimentos-festivos\/#breadcrumb\"},\"inLanguage\":\"es\",\"potentialAction\":[{\"@type\":\"ReadAction\",\"target\":[\"https:\/\/www.csj-emballages.com\/es\/produit\/25-bandejas-de-comida-para-llevar-6-compartimentos-festivos\/\"]}]},{\"@type\":\"ImageObject\",\"inLanguage\":\"es\",\"@id\":\"https:\/\/www.csj-emballages.com\/es\/produit\/25-bandejas-de-comida-para-llevar-6-compartimentos-festivos\/#primaryimage\",\"url\":\"https:\/\/www.csj-emballages.com\/wp-content\/uploads\/2024\/07\/PL6CFESTIF-1.webp\",\"contentUrl\":\"https:\/\/www.csj-emballages.com\/wp-content\/uploads\/2024\/07\/PL6CFESTIF-1.webp\",\"width\":800,\"height\":800,\"caption\":\"Plateau repas\"},{\"@type\":\"BreadcrumbList\",\"@id\":\"https:\/\/www.csj-emballages.com\/es\/produit\/25-bandejas-de-comida-para-llevar-6-compartimentos-festivos\/#breadcrumb\",\"itemListElement\":[{\"@type\":\"ListItem\",\"position\":1,\"name\":\"Accueil\",\"item\":\"https:\/\/www.csj-emballages.com\/es\/universo-del-envasado-alimentario\/\"},{\"@type\":\"ListItem\",\"position\":2,\"name\":\"Tienda\",\"item\":\"https:\/\/www.csj-emballages.com\/tienda\/\"},{\"@type\":\"ListItem\",\"position\":3,\"name\":\"Bandeja festiva de 6 compartimentos para llevar, 25 uds.\"}]},{\"@type\":\"WebSite\",\"@id\":\"https:\/\/www.csj-emballages.com\/es\/#website\",\"url\":\"https:\/\/www.csj-emballages.com\/es\/\",\"name\":\"CSJ Emballages\",\"description\":\"\",\"publisher\":{\"@id\":\"https:\/\/www.csj-emballages.com\/es\/#organization\"},\"potentialAction\":[{\"@type\":\"SearchAction\",\"target\":{\"@type\":\"EntryPoint\",\"urlTemplate\":\"https:\/\/www.csj-emballages.com\/es\/?s={search_term_string}\"},\"query-input\":{\"@type\":\"PropertyValueSpecification\",\"valueRequired\":true,\"valueName\":\"search_term_string\"}}],\"inLanguage\":\"es\"},{\"@type\":\"Organization\",\"@id\":\"https:\/\/www.csj-emballages.com\/es\/#Organization\/\",\"name\":\"CSJ Emballages\",\"url\":\"https:\/\/www.csj-emballages.com\/es\/\",\"logo\":{\"@type\":\"ImageObject\",\"inLanguage\":\"es\",\"@id\":\"https:\/\/www.csj-emballages.com\/es\/#\/schema\/logo\/image\/\",\"url\":\"https:\/\/www.csj-emballages.com\/wp-content\/uploads\/2023\/10\/logo_csj.webp\",\"contentUrl\":\"https:\/\/www.csj-emballages.com\/wp-content\/uploads\/2023\/10\/logo_csj.webp\",\"width\":250,\"height\":95,\"caption\":\"CSJ Emballages\"},\"image\":{\"@id\":\"https:\/\/www.csj-emballages.com\/es\/#\/schema\/logo\/image\/\"},\"sameAs\":[\"https:\/\/www.facebook.com\/csjemballages\"],\"address\":{\"@type\":\"PostalAddress\",\"streetAddress\":\"ZI La Lechere\",\"addressLocality\":\"Patornay\",\"postalCode\":\"39130\",\"addressCountry\":\"FR\"},\"contactPoint\":[{\"@type\":\"ContactPoint\",\"contactType\":\"Service client\",\"telephone\":\"0384254272\",\"email\":\"contact@csj-emballages.com\"}]}]}<\/script>\n<!-- \/ Yoast SEO Premium plugin. -->","yoast_head_json":{"title":"Bandeja festiva de 6 compartimentos para comida para llevar por 25","description":"Descubra la bandeja festiva de 6 compartimentos para llevar de 25: pr\u00e1ctica, elegante e ideal para sus eventos y comidas a domicilio.","robots":{"index":"index","follow":"follow","max-snippet":"max-snippet:-1","max-image-preview":"max-image-preview:large","max-video-preview":"max-video-preview:-1"},"canonical":"https:\/\/www.csj-emballages.com\/es\/produit\/25-bandejas-de-comida-para-llevar-6-compartimentos-festivos\/","og_locale":"es_ES","og_type":"article","og_title":"Bandeja festiva de 6 compartimentos para llevar, 25 uds.","og_description":"Descubra la bandeja festiva de 6 compartimentos para llevar de 25: pr\u00e1ctica, elegante e ideal para sus eventos y comidas a domicilio.","og_url":"https:\/\/www.csj-emballages.com\/es\/produit\/25-bandejas-de-comida-para-llevar-6-compartimentos-festivos\/","og_site_name":"CSJ Emballages","article_publisher":"https:\/\/www.facebook.com\/csjemballages","article_modified_time":"2026-03-20T01:14:18+00:00","og_image":[{"width":800,"height":800,"url":"https:\/\/www.csj-emballages.com\/wp-content\/uploads\/2024\/07\/PL6CFESTIF-1.webp","type":"image\/webp"}],"twitter_card":"summary_large_image","twitter_misc":{"Tiempo de lectura":"2 minutos"},"schema":{"@context":"https:\/\/schema.org","@graph":[{"@type":"WebPage","@id":"https:\/\/www.csj-emballages.com\/es\/produit\/25-bandejas-de-comida-para-llevar-6-compartimentos-festivos\/","url":"https:\/\/www.csj-emballages.com\/es\/produit\/25-bandejas-de-comida-para-llevar-6-compartimentos-festivos\/","name":"Bandeja festiva de 6 compartimentos para comida para llevar por 25","isPartOf":{"@id":"https:\/\/www.csj-emballages.com\/es\/#website"},"primaryImageOfPage":{"@id":"https:\/\/www.csj-emballages.com\/es\/produit\/25-bandejas-de-comida-para-llevar-6-compartimentos-festivos\/#primaryimage"},"image":{"@id":"https:\/\/www.csj-emballages.com\/es\/produit\/25-bandejas-de-comida-para-llevar-6-compartimentos-festivos\/#primaryimage"},"thumbnailUrl":"https:\/\/www.csj-emballages.com\/wp-content\/uploads\/2024\/07\/PL6CFESTIF-1.webp","datePublished":"2024-07-04T13:56:29+00:00","dateModified":"2026-03-20T01:14:18+00:00","description":"Descubra la bandeja festiva de 6 compartimentos para llevar de 25: pr\u00e1ctica, elegante e ideal para sus eventos y comidas a domicilio.","breadcrumb":{"@id":"https:\/\/www.csj-emballages.com\/es\/produit\/25-bandejas-de-comida-para-llevar-6-compartimentos-festivos\/#breadcrumb"},"inLanguage":"es","potentialAction":[{"@type":"ReadAction","target":["https:\/\/www.csj-emballages.com\/es\/produit\/25-bandejas-de-comida-para-llevar-6-compartimentos-festivos\/"]}]},{"@type":"ImageObject","inLanguage":"es","@id":"https:\/\/www.csj-emballages.com\/es\/produit\/25-bandejas-de-comida-para-llevar-6-compartimentos-festivos\/#primaryimage","url":"https:\/\/www.csj-emballages.com\/wp-content\/uploads\/2024\/07\/PL6CFESTIF-1.webp","contentUrl":"https:\/\/www.csj-emballages.com\/wp-content\/uploads\/2024\/07\/PL6CFESTIF-1.webp","width":800,"height":800,"caption":"Plateau repas"},{"@type":"BreadcrumbList","@id":"https:\/\/www.csj-emballages.com\/es\/produit\/25-bandejas-de-comida-para-llevar-6-compartimentos-festivos\/#breadcrumb","itemListElement":[{"@type":"ListItem","position":1,"name":"Accueil","item":"https:\/\/www.csj-emballages.com\/es\/universo-del-envasado-alimentario\/"},{"@type":"ListItem","position":2,"name":"Tienda","item":"https:\/\/www.csj-emballages.com\/tienda\/"},{"@type":"ListItem","position":3,"name":"Bandeja festiva de 6 compartimentos para llevar, 25 uds."}]},{"@type":"WebSite","@id":"https:\/\/www.csj-emballages.com\/es\/#website","url":"https:\/\/www.csj-emballages.com\/es\/","name":"CSJ Emballages","description":"","publisher":{"@id":"https:\/\/www.csj-emballages.com\/es\/#organization"},"potentialAction":[{"@type":"SearchAction","target":{"@type":"EntryPoint","urlTemplate":"https:\/\/www.csj-emballages.com\/es\/?s={search_term_string}"},"query-input":{"@type":"PropertyValueSpecification","valueRequired":true,"valueName":"search_term_string"}}],"inLanguage":"es"},{"@type":"Organization","@id":"https:\/\/www.csj-emballages.com\/es\/#Organization\/","name":"CSJ Emballages","url":"https:\/\/www.csj-emballages.com\/es\/","logo":{"@type":"ImageObject","inLanguage":"es","@id":"https:\/\/www.csj-emballages.com\/es\/#\/schema\/logo\/image\/","url":"https:\/\/www.csj-emballages.com\/wp-content\/uploads\/2023\/10\/logo_csj.webp","contentUrl":"https:\/\/www.csj-emballages.com\/wp-content\/uploads\/2023\/10\/logo_csj.webp","width":250,"height":95,"caption":"CSJ Emballages"},"image":{"@id":"https:\/\/www.csj-emballages.com\/es\/#\/schema\/logo\/image\/"},"sameAs":["https:\/\/www.facebook.com\/csjemballages"],"address":{"@type":"PostalAddress","streetAddress":"ZI La Lechere","addressLocality":"Patornay","postalCode":"39130","addressCountry":"FR"},"contactPoint":[{"@type":"ContactPoint","contactType":"Service client","telephone":"0384254272","email":"contact@csj-emballages.com"}]}]}},"df_price":22.22,"df_sale_price":"","df_regular_price":22.22,"df_image_link":"https:\/\/www.csj-emballages.com\/wp-content\/uploads\/2024\/07\/PL6CFESTIF-1-300x300.webp","tiered_pricing_type":"fixed","tiered_pricing_fixed_rules":[],"tiered_pricing_percentage_rules":[],"tiered_pricing_minimum":1,"tiered_pricing_roles_data":[],"_links":{"self":[{"href":"https:\/\/www.csj-emballages.com\/es\/wp-json\/wp\/v2\/product\/29256","targetHints":{"allow":["GET"]}}],"collection":[{"href":"https:\/\/www.csj-emballages.com\/es\/wp-json\/wp\/v2\/product"}],"about":[{"href":"https:\/\/www.csj-emballages.com\/es\/wp-json\/wp\/v2\/types\/product"}],"wp:featuredmedia":[{"embeddable":true,"href":"https:\/\/www.csj-emballages.com\/es\/wp-json\/wp\/v2\/media\/240981"}],"wp:attachment":[{"href":"https:\/\/www.csj-emballages.com\/es\/wp-json\/wp\/v2\/media?parent=29256"}],"wp:term":[{"taxonomy":"product_brand","embeddable":true,"href":"https:\/\/www.csj-emballages.com\/es\/wp-json\/wp\/v2\/product_brand?post=29256"},{"taxonomy":"product_cat","embeddable":true,"href":"https:\/\/www.csj-emballages.com\/es\/wp-json\/wp\/v2\/product_cat?post=29256"},{"taxonomy":"product_tag","embeddable":true,"href":"https:\/\/www.csj-emballages.com\/es\/wp-json\/wp\/v2\/product_tag?post=29256"}],"curies":[{"name":"wp","href":"https:\/\/api.w.org\/{rel}","templated":true}]}}