{"id":278314,"date":"2026-04-03T17:18:22","date_gmt":"2026-04-03T15:18:22","guid":{"rendered":"https:\/\/www.csj-emballages.com\/produit\/caja-de-carton-con-ventana-17-x-10-x-5-cm-por-50\/"},"modified":"2026-04-24T02:12:52","modified_gmt":"2026-04-24T00:12:52","slug":"caja-de-carton-con-ventana-17-x-10-x-5-cm-por-50","status":"publish","type":"product","link":"https:\/\/www.csj-emballages.com\/es\/produit\/caja-de-carton-con-ventana-17-x-10-x-5-cm-por-50\/","title":{"rendered":"Caja de cart\u00f3n con ventana 17 x 10 x 5 cm por 50"},"content":{"rendered":"<h2>Caja de cart\u00f3n con ventana<\/h2>\n<hr>\n<h3>Descubra nuestra caja de pasteler\u00eda blanca con asa 17 x 10 x 5 cm por 50<\/h3>\n<p><!--more--><\/p>\n<p data-start=\"0\" data-end=\"298\">Porque tambi\u00e9n se come con los ojos, esta <strong>caja de cart\u00f3n kraft con ventana<\/strong> es perfecta para presentar sus creaciones desde la primera mirada. \u00bfSu peque\u00f1o plus? Una amplia <strong>apertura transparente<\/strong> que deja ver sus productos de pasteler\u00eda sin necesidad de abrirla\u2026 ideal para despertar el apetito de un vistazo.  <\/p>\n<p data-start=\"300\" data-end=\"550\">Con su <strong>formato de 17 x 10 x 5 cm<\/strong>, acoge f\u00e1cilmente <strong>pasteles individuales, porciones generosas o peque\u00f1os dulces<\/strong> <strong>para llevar<\/strong>. Su cart\u00f3n kraft aporta un toque natural y c\u00e1lido, perfecto para reforzar una imagen artesanal y aut\u00e9ntica. <\/p>\n<p data-start=\"552\" data-end=\"860\" data-is-last-node=\"\" data-is-only-node=\"\">Pr\u00e1ctica en el d\u00eda a d\u00eda, protege eficazmente sus productos sin dejar de ser f\u00e1cil de manipular. Ya sea para venta para llevar, escaparate o un regalo gourmet, siempre causa buena impresi\u00f3n. Y con su <strong>lote de 50,<\/strong> podr\u00e1 seguir el ritmo sin comprometer estilo ni practicidad.  <\/p>\n<p data-start=\"552\" data-end=\"860\" data-is-last-node=\"\" data-is-only-node=\"\"><!--more--><\/p>\n<h4 data-start=\"552\" data-end=\"860\">Ventajas :<\/h4>\n<ul>\n<li data-section-id=\"1abkbml\" data-start=\"53\" data-end=\"162\">La ventana transparente realza sus productos sin necesidad de abrir la caja<\/li>\n<li data-section-id=\"1l65enp\" data-start=\"163\" data-end=\"260\">El kraft refuerza una imagen artesanal, aut\u00e9ntica y cuidada<\/li>\n<li data-section-id=\"18m3j81\" data-start=\"261\" data-end=\"358\">Perfecta para productos de pasteler\u00eda, porciones de tartas, snacks o dulces para llevar<\/li>\n<li data-section-id=\"1bugrsq\" data-start=\"359\" data-end=\"459\">Estructura r\u00edgida que mantiene sus productos en su sitio durante el transporte<\/li>\n<li data-section-id=\"o7faa3\" data-start=\"460\" data-end=\"552\">F\u00e1cil de montar y manipular, ahorro de tiempo en la preparaci\u00f3n<\/li>\n<li data-section-id=\"110awgb\" data-start=\"553\" data-end=\"658\">Adaptada a panader\u00edas, pasteler\u00edas, servicios de catering o incluso para regalos gourmet<\/li>\n<\/ul>\n<p data-start=\"552\" data-end=\"860\" data-is-last-node=\"\" data-is-only-node=\"\"><!--more--><\/p>\n<h4 data-start=\"552\" data-end=\"860\">Otra informaci\u00f3n:<\/h4>\n<ul>\n<li><strong>Envase<\/strong>: Paquete de 50<\/li>\n<li><strong>Dimensiones<\/strong>: 17 x 10 x 5 cm<\/li>\n<li><strong>Color<\/strong>: Kraft<\/li>\n<li><strong>Material<\/strong>: Cart\u00f3n \/ PET<\/li>\n<\/ul>\n<p>&nbsp;<\/p>\n<p><!--more--><\/p>\n<p>Esta caja con ventana kraft est\u00e1 disponible en un tama\u00f1o superior: <span style=\"color: #d12727;\"><a style=\"color: #d12727;\" href=\"https:\/\/www.csj-emballages.com\/es\/produit\/caja-de-carton-con-ventana-17-x-10-x-9-cm-pack-de-50\/\">17 \u00d7 10 \u00d7 9 cm<\/a><\/span><\/p>\n<p>&nbsp;<\/p>\n<p><!--more--><\/p>\n<p><a href=\"https:\/\/www.csj-emballages.com\/es\/categorie-produit\/envasado-de-alimentos\/panaderia-y-pasteleria\/cajas-y-estuches\/jardineras\/\">Consulte el resto de nuestra gama de cajas con ventana<\/a><\/p>\n","protected":false},"excerpt":{"rendered":"<p>Caja de cart\u00f3n con ventana Descubra nuestra caja de pasteler\u00eda blanca con asa 17 x 10 x 5 cm por 50<\/p>\n","protected":false},"featured_media":278312,"template":"","meta":{"_acf_changed":false},"product_brand":[],"product_cat":[1150,1145,3868,1147,1270],"product_tag":[],"class_list":{"0":"post-278314","1":"product","2":"type-product","3":"status-publish","4":"has-post-thumbnail","6":"product_cat-envasado-de-alimentos","7":"product_cat-panaderia-y-pasteleria","8":"product_cat-cajas-y-estuches","9":"product_cat-jardineras","10":"product_cat-descuentos","12":"first","13":"instock","14":"sale","15":"taxable","16":"shipping-taxable","17":"purchasable","18":"product-type-simple"},"acf":[],"yoast_head":"<!-- This site is optimized with the Yoast SEO Premium plugin v26.6 (Yoast SEO v26.6) - https:\/\/yoast.com\/wordpress\/plugins\/seo\/ -->\n<title>Caja de cart\u00f3n con ventana 17 x 10 x 5 cm por 50<\/title>\n<meta name=\"description\" content=\"Caja de cart\u00f3n kraft con ventana 17 x 10 x 5 cm, ideal para realzar y transportar sus productos de pasteler\u00eda. Pr\u00e1ctica, elegante y vendida en lote de 50.\" \/>\n<meta name=\"robots\" content=\"index, follow, max-snippet:-1, max-image-preview:large, max-video-preview:-1\" \/>\n<link rel=\"canonical\" href=\"https:\/\/www.csj-emballages.com\/es\/produit\/caja-de-carton-con-ventana-17-x-10-x-5-cm-por-50\/\" \/>\n<meta property=\"og:locale\" content=\"es_ES\" \/>\n<meta property=\"og:type\" content=\"article\" \/>\n<meta property=\"og:title\" content=\"Caja de cart\u00f3n con ventana 17 x 10 x 5 cm por 50\" \/>\n<meta property=\"og:description\" content=\"Caja de cart\u00f3n kraft con ventana 17 x 10 x 5 cm, ideal para realzar y transportar sus productos de pasteler\u00eda. Pr\u00e1ctica, elegante y vendida en lote de 50.\" \/>\n<meta property=\"og:url\" content=\"https:\/\/www.csj-emballages.com\/es\/produit\/caja-de-carton-con-ventana-17-x-10-x-5-cm-por-50\/\" \/>\n<meta property=\"og:site_name\" content=\"CSJ Emballages\" \/>\n<meta property=\"article:publisher\" content=\"https:\/\/www.facebook.com\/csjemballages\" \/>\n<meta property=\"article:modified_time\" content=\"2026-04-24T00:12:52+00:00\" \/>\n<meta property=\"og:image\" content=\"https:\/\/www.csj-emballages.com\/wp-content\/uploads\/2026\/04\/BTPF17105.webp\" \/>\n\t<meta property=\"og:image:width\" content=\"800\" \/>\n\t<meta property=\"og:image:height\" content=\"799\" \/>\n\t<meta property=\"og:image:type\" content=\"image\/webp\" \/>\n<meta name=\"twitter:card\" content=\"summary_large_image\" \/>\n<meta name=\"twitter:label1\" content=\"Tiempo de lectura\" \/>\n\t<meta name=\"twitter:data1\" content=\"1 minuto\" \/>\n<script type=\"application\/ld+json\" class=\"yoast-schema-graph\">{\"@context\":\"https:\/\/schema.org\",\"@graph\":[{\"@type\":\"WebPage\",\"@id\":\"https:\/\/www.csj-emballages.com\/es\/produit\/caja-de-carton-con-ventana-17-x-10-x-5-cm-por-50\/\",\"url\":\"https:\/\/www.csj-emballages.com\/es\/produit\/caja-de-carton-con-ventana-17-x-10-x-5-cm-por-50\/\",\"name\":\"Caja de cart\u00f3n con ventana 17 x 10 x 5 cm por 50\",\"isPartOf\":{\"@id\":\"https:\/\/www.csj-emballages.com\/es\/#website\"},\"primaryImageOfPage\":{\"@id\":\"https:\/\/www.csj-emballages.com\/es\/produit\/caja-de-carton-con-ventana-17-x-10-x-5-cm-por-50\/#primaryimage\"},\"image\":{\"@id\":\"https:\/\/www.csj-emballages.com\/es\/produit\/caja-de-carton-con-ventana-17-x-10-x-5-cm-por-50\/#primaryimage\"},\"thumbnailUrl\":\"https:\/\/www.csj-emballages.com\/wp-content\/uploads\/2026\/04\/BTPF17105.webp\",\"datePublished\":\"2026-04-03T15:18:22+00:00\",\"dateModified\":\"2026-04-24T00:12:52+00:00\",\"description\":\"Caja de cart\u00f3n kraft con ventana 17 x 10 x 5 cm, ideal para realzar y transportar sus productos de pasteler\u00eda. Pr\u00e1ctica, elegante y vendida en lote de 50.\",\"breadcrumb\":{\"@id\":\"https:\/\/www.csj-emballages.com\/es\/produit\/caja-de-carton-con-ventana-17-x-10-x-5-cm-por-50\/#breadcrumb\"},\"inLanguage\":\"es\",\"potentialAction\":[{\"@type\":\"ReadAction\",\"target\":[\"https:\/\/www.csj-emballages.com\/es\/produit\/caja-de-carton-con-ventana-17-x-10-x-5-cm-por-50\/\"]}]},{\"@type\":\"ImageObject\",\"inLanguage\":\"es\",\"@id\":\"https:\/\/www.csj-emballages.com\/es\/produit\/caja-de-carton-con-ventana-17-x-10-x-5-cm-por-50\/#primaryimage\",\"url\":\"https:\/\/www.csj-emballages.com\/wp-content\/uploads\/2026\/04\/BTPF17105.webp\",\"contentUrl\":\"https:\/\/www.csj-emballages.com\/wp-content\/uploads\/2026\/04\/BTPF17105.webp\",\"width\":800,\"height\":799,\"caption\":\"Boite carton fen\u00eatre\"},{\"@type\":\"BreadcrumbList\",\"@id\":\"https:\/\/www.csj-emballages.com\/es\/produit\/caja-de-carton-con-ventana-17-x-10-x-5-cm-por-50\/#breadcrumb\",\"itemListElement\":[{\"@type\":\"ListItem\",\"position\":1,\"name\":\"Accueil\",\"item\":\"https:\/\/www.csj-emballages.com\/es\/universo-del-envasado-alimentario\/\"},{\"@type\":\"ListItem\",\"position\":2,\"name\":\"Tienda\",\"item\":\"https:\/\/www.csj-emballages.com\/tienda\/\"},{\"@type\":\"ListItem\",\"position\":3,\"name\":\"Caja de cart\u00f3n con ventana 17 x 10 x 5 cm por 50\"}]},{\"@type\":\"WebSite\",\"@id\":\"https:\/\/www.csj-emballages.com\/es\/#website\",\"url\":\"https:\/\/www.csj-emballages.com\/es\/\",\"name\":\"CSJ Emballages\",\"description\":\"\",\"publisher\":{\"@id\":\"https:\/\/www.csj-emballages.com\/es\/#organization\"},\"potentialAction\":[{\"@type\":\"SearchAction\",\"target\":{\"@type\":\"EntryPoint\",\"urlTemplate\":\"https:\/\/www.csj-emballages.com\/es\/?s={search_term_string}\"},\"query-input\":{\"@type\":\"PropertyValueSpecification\",\"valueRequired\":true,\"valueName\":\"search_term_string\"}}],\"inLanguage\":\"es\"},{\"@type\":\"Organization\",\"@id\":\"https:\/\/www.csj-emballages.com\/es\/#Organization\/\",\"name\":\"CSJ Emballages\",\"url\":\"https:\/\/www.csj-emballages.com\/es\/\",\"logo\":{\"@type\":\"ImageObject\",\"inLanguage\":\"es\",\"@id\":\"https:\/\/www.csj-emballages.com\/es\/#\/schema\/logo\/image\/\",\"url\":\"https:\/\/www.csj-emballages.com\/wp-content\/uploads\/2023\/10\/logo_csj.webp\",\"contentUrl\":\"https:\/\/www.csj-emballages.com\/wp-content\/uploads\/2023\/10\/logo_csj.webp\",\"width\":250,\"height\":95,\"caption\":\"CSJ Emballages\"},\"image\":{\"@id\":\"https:\/\/www.csj-emballages.com\/es\/#\/schema\/logo\/image\/\"},\"sameAs\":[\"https:\/\/www.facebook.com\/csjemballages\"],\"address\":{\"@type\":\"PostalAddress\",\"streetAddress\":\"ZI La Lechere\",\"addressLocality\":\"Patornay\",\"postalCode\":\"39130\",\"addressCountry\":\"FR\"},\"contactPoint\":[{\"@type\":\"ContactPoint\",\"contactType\":\"Service client\",\"telephone\":\"0384254272\",\"email\":\"contact@csj-emballages.com\"}]}]}<\/script>\n<!-- \/ Yoast SEO Premium plugin. -->","yoast_head_json":{"title":"Caja de cart\u00f3n con ventana 17 x 10 x 5 cm por 50","description":"Caja de cart\u00f3n kraft con ventana 17 x 10 x 5 cm, ideal para realzar y transportar sus productos de pasteler\u00eda. Pr\u00e1ctica, elegante y vendida en lote de 50.","robots":{"index":"index","follow":"follow","max-snippet":"max-snippet:-1","max-image-preview":"max-image-preview:large","max-video-preview":"max-video-preview:-1"},"canonical":"https:\/\/www.csj-emballages.com\/es\/produit\/caja-de-carton-con-ventana-17-x-10-x-5-cm-por-50\/","og_locale":"es_ES","og_type":"article","og_title":"Caja de cart\u00f3n con ventana 17 x 10 x 5 cm por 50","og_description":"Caja de cart\u00f3n kraft con ventana 17 x 10 x 5 cm, ideal para realzar y transportar sus productos de pasteler\u00eda. Pr\u00e1ctica, elegante y vendida en lote de 50.","og_url":"https:\/\/www.csj-emballages.com\/es\/produit\/caja-de-carton-con-ventana-17-x-10-x-5-cm-por-50\/","og_site_name":"CSJ Emballages","article_publisher":"https:\/\/www.facebook.com\/csjemballages","article_modified_time":"2026-04-24T00:12:52+00:00","og_image":[{"width":800,"height":799,"url":"https:\/\/www.csj-emballages.com\/wp-content\/uploads\/2026\/04\/BTPF17105.webp","type":"image\/webp"}],"twitter_card":"summary_large_image","twitter_misc":{"Tiempo de lectura":"1 minuto"},"schema":{"@context":"https:\/\/schema.org","@graph":[{"@type":"WebPage","@id":"https:\/\/www.csj-emballages.com\/es\/produit\/caja-de-carton-con-ventana-17-x-10-x-5-cm-por-50\/","url":"https:\/\/www.csj-emballages.com\/es\/produit\/caja-de-carton-con-ventana-17-x-10-x-5-cm-por-50\/","name":"Caja de cart\u00f3n con ventana 17 x 10 x 5 cm por 50","isPartOf":{"@id":"https:\/\/www.csj-emballages.com\/es\/#website"},"primaryImageOfPage":{"@id":"https:\/\/www.csj-emballages.com\/es\/produit\/caja-de-carton-con-ventana-17-x-10-x-5-cm-por-50\/#primaryimage"},"image":{"@id":"https:\/\/www.csj-emballages.com\/es\/produit\/caja-de-carton-con-ventana-17-x-10-x-5-cm-por-50\/#primaryimage"},"thumbnailUrl":"https:\/\/www.csj-emballages.com\/wp-content\/uploads\/2026\/04\/BTPF17105.webp","datePublished":"2026-04-03T15:18:22+00:00","dateModified":"2026-04-24T00:12:52+00:00","description":"Caja de cart\u00f3n kraft con ventana 17 x 10 x 5 cm, ideal para realzar y transportar sus productos de pasteler\u00eda. Pr\u00e1ctica, elegante y vendida en lote de 50.","breadcrumb":{"@id":"https:\/\/www.csj-emballages.com\/es\/produit\/caja-de-carton-con-ventana-17-x-10-x-5-cm-por-50\/#breadcrumb"},"inLanguage":"es","potentialAction":[{"@type":"ReadAction","target":["https:\/\/www.csj-emballages.com\/es\/produit\/caja-de-carton-con-ventana-17-x-10-x-5-cm-por-50\/"]}]},{"@type":"ImageObject","inLanguage":"es","@id":"https:\/\/www.csj-emballages.com\/es\/produit\/caja-de-carton-con-ventana-17-x-10-x-5-cm-por-50\/#primaryimage","url":"https:\/\/www.csj-emballages.com\/wp-content\/uploads\/2026\/04\/BTPF17105.webp","contentUrl":"https:\/\/www.csj-emballages.com\/wp-content\/uploads\/2026\/04\/BTPF17105.webp","width":800,"height":799,"caption":"Boite carton fen\u00eatre"},{"@type":"BreadcrumbList","@id":"https:\/\/www.csj-emballages.com\/es\/produit\/caja-de-carton-con-ventana-17-x-10-x-5-cm-por-50\/#breadcrumb","itemListElement":[{"@type":"ListItem","position":1,"name":"Accueil","item":"https:\/\/www.csj-emballages.com\/es\/universo-del-envasado-alimentario\/"},{"@type":"ListItem","position":2,"name":"Tienda","item":"https:\/\/www.csj-emballages.com\/tienda\/"},{"@type":"ListItem","position":3,"name":"Caja de cart\u00f3n con ventana 17 x 10 x 5 cm por 50"}]},{"@type":"WebSite","@id":"https:\/\/www.csj-emballages.com\/es\/#website","url":"https:\/\/www.csj-emballages.com\/es\/","name":"CSJ Emballages","description":"","publisher":{"@id":"https:\/\/www.csj-emballages.com\/es\/#organization"},"potentialAction":[{"@type":"SearchAction","target":{"@type":"EntryPoint","urlTemplate":"https:\/\/www.csj-emballages.com\/es\/?s={search_term_string}"},"query-input":{"@type":"PropertyValueSpecification","valueRequired":true,"valueName":"search_term_string"}}],"inLanguage":"es"},{"@type":"Organization","@id":"https:\/\/www.csj-emballages.com\/es\/#Organization\/","name":"CSJ Emballages","url":"https:\/\/www.csj-emballages.com\/es\/","logo":{"@type":"ImageObject","inLanguage":"es","@id":"https:\/\/www.csj-emballages.com\/es\/#\/schema\/logo\/image\/","url":"https:\/\/www.csj-emballages.com\/wp-content\/uploads\/2023\/10\/logo_csj.webp","contentUrl":"https:\/\/www.csj-emballages.com\/wp-content\/uploads\/2023\/10\/logo_csj.webp","width":250,"height":95,"caption":"CSJ Emballages"},"image":{"@id":"https:\/\/www.csj-emballages.com\/es\/#\/schema\/logo\/image\/"},"sameAs":["https:\/\/www.facebook.com\/csjemballages"],"address":{"@type":"PostalAddress","streetAddress":"ZI La Lechere","addressLocality":"Patornay","postalCode":"39130","addressCountry":"FR"},"contactPoint":[{"@type":"ContactPoint","contactType":"Service client","telephone":"0384254272","email":"contact@csj-emballages.com"}]}]}},"df_price":23.83,"df_sale_price":23.83,"df_regular_price":29.78,"df_image_link":"https:\/\/www.csj-emballages.com\/wp-content\/uploads\/2026\/04\/BTPF17105-300x300.webp","tiered_pricing_type":"fixed","tiered_pricing_fixed_rules":[],"tiered_pricing_percentage_rules":[],"tiered_pricing_minimum":1,"tiered_pricing_roles_data":[],"_links":{"self":[{"href":"https:\/\/www.csj-emballages.com\/es\/wp-json\/wp\/v2\/product\/278314","targetHints":{"allow":["GET"]}}],"collection":[{"href":"https:\/\/www.csj-emballages.com\/es\/wp-json\/wp\/v2\/product"}],"about":[{"href":"https:\/\/www.csj-emballages.com\/es\/wp-json\/wp\/v2\/types\/product"}],"wp:featuredmedia":[{"embeddable":true,"href":"https:\/\/www.csj-emballages.com\/es\/wp-json\/wp\/v2\/media\/278312"}],"wp:attachment":[{"href":"https:\/\/www.csj-emballages.com\/es\/wp-json\/wp\/v2\/media?parent=278314"}],"wp:term":[{"taxonomy":"product_brand","embeddable":true,"href":"https:\/\/www.csj-emballages.com\/es\/wp-json\/wp\/v2\/product_brand?post=278314"},{"taxonomy":"product_cat","embeddable":true,"href":"https:\/\/www.csj-emballages.com\/es\/wp-json\/wp\/v2\/product_cat?post=278314"},{"taxonomy":"product_tag","embeddable":true,"href":"https:\/\/www.csj-emballages.com\/es\/wp-json\/wp\/v2\/product_tag?post=278314"}],"curies":[{"name":"wp","href":"https:\/\/api.w.org\/{rel}","templated":true}]}}