{"id":277741,"date":"2026-03-02T13:55:54","date_gmt":"2026-03-02T12:55:54","guid":{"rendered":"https:\/\/www.csj-emballages.com\/produit\/mango-para-limpiacristales-25-35-45-cm\/"},"modified":"2026-04-18T02:12:12","modified_gmt":"2026-04-18T00:12:12","slug":"mango-para-limpiacristales-25-35-45-cm","status":"publish","type":"product","link":"https:\/\/www.csj-emballages.com\/es\/produit\/mango-para-limpiacristales-25-35-45-cm\/","title":{"rendered":"Mango para limpiacristales 25\/35\/45 cm"},"content":{"rendered":"<h2>Mango para limpiacristales<\/h2>\n<hr>\n<h3>Mango para limpiacristales 25\/35\/45 cm<\/h3>\n<p><!--more--><\/p>\n<div class=\"text-base my-auto mx-auto [--thread-content-margin:var(--thread-content-margin-xs,calc(var(--spacing)*4))] @w-sm\/main:[--thread-content-margin:var(--thread-content-margin-sm,calc(var(--spacing)*6))] @w-lg\/main:[--thread-content-margin:var(--thread-content-margin-lg,calc(var(--spacing)*16))] px-(--thread-content-margin)\">\n<div class=\"[--thread-content-max-width:40rem] @w-lg\/main:[--thread-content-max-width:48rem] mx-auto max-w-(--thread-content-max-width) flex-1 group\/turn-messages focus-visible:outline-hidden relative flex w-full min-w-0 flex-col agent-turn\">\n<div class=\"flex max-w-full flex-col gap-4 grow\">\n<div class=\"min-h-8 text-message relative flex w-full flex-col items-end gap-2 text-start break-words whitespace-normal outline-none keyboard-focused:focus-ring [.text-message+&amp;]:mt-1\" dir=\"auto\" data-message-author-role=\"assistant\" data-message-id=\"0512494d-57f5-4aae-bf80-5f9aef045bbb\" data-message-model-slug=\"gpt-5-3\">\n<div class=\"flex w-full flex-col gap-1 empty:hidden\">\n<div class=\"markdown prose dark:prose-invert w-full wrap-break-word dark markdown-new-styling\">\n<p data-start=\"108\" data-end=\"347\">Sencillo, eficaz y agradable de usar, este <strong>mango para limpiacristales<\/strong> es ideal para limpiar sus cristales sin complicaciones. Su cabezal met\u00e1lico asegura una buena sujeci\u00f3n de la goma, para un resultado limpio y sin marcas desde la primera pasada. <\/p>\n<p data-start=\"349\" data-end=\"542\">El <strong>mango<\/strong>, ligeramente estriado, se adapta bien a la mano y no resbala, incluso con humedad. Se siente c\u00f3modo desde el primer momento, tanto para un uso puntual como m\u00e1s regular. <\/p>\n<p data-start=\"544\" data-end=\"668\">Compatible con nuestras <strong>regletas de inox<\/strong> de <strong>25, 35 o 45<\/strong> <strong>cm<\/strong>, se adapta f\u00e1cilmente a cualquier situaci\u00f3n: cristales peque\u00f1os, grandes ventanales o escaparates.<\/p>\n<p data-start=\"670\" data-end=\"749\" data-is-last-node=\"\" data-is-only-node=\"\">Una herramienta sencilla, s\u00f3lida y eficaz, que cumple perfectamente en el d\u00eda a d\u00eda.<\/p>\n<\/div>\n<\/div>\n<\/div>\n<\/div>\n<\/div>\n<\/div>\n<div class=\"z-0 flex min-h-[46px] justify-start\"><\/div>\n<p><!--more--><\/p>\n<h4>Ventajas :<\/h4>\n<ul>\n<li data-section-id=\"86aqlc\" data-start=\"134\" data-end=\"191\">Agarre c\u00f3modo gracias al mango ergon\u00f3mico<\/li>\n<li data-section-id=\"1sicqxy\" data-start=\"192\" data-end=\"242\">Revestimiento antideslizante, incluso en ambientes h\u00famedos<\/li>\n<li data-section-id=\"1ns09jp\" data-start=\"243\" data-end=\"293\">Estructura s\u00f3lida con cabezal met\u00e1lico resistente<\/li>\n<li data-section-id=\"wsdlgm\" data-start=\"294\" data-end=\"350\">Compatible con diferentes anchos (25, 35, 45 cm)<\/li>\n<li data-section-id=\"1wgm5at\" data-start=\"351\" data-end=\"403\">Ideal para uso profesional o dom\u00e9stico<\/li>\n<\/ul>\n<p>&nbsp;<\/p>\n<p><!--more--><\/p>\n<h4>Informaci\u00f3n adicional :<\/h4>\n<ul>\n<li><strong>Embalaje<\/strong>: Por unidad<\/li>\n<li><strong>Material<\/strong>: inox<\/li>\n<li><strong>Longitud<\/strong>: 13 cm<\/li>\n<\/ul>\n<p>&nbsp;<\/p>\n<p><!--more--><\/p>\n<p>Encuentre aqu\u00ed todos los tama\u00f1os de nuestras regletas de inox: <span style=\"color: #d12727;\"><a style=\"color: #d12727;\" href=\"https:\/\/www.csj-emballages.com\/es\/produit\/rascavidrios-completo-de-acero-inoxidable-25-cm\/\">25 cm<\/a> <span style=\"color: #000000;\">\/<\/span><\/span> <span style=\"color: #d12727;\"><a style=\"color: #d12727;\" href=\"https:\/\/www.csj-emballages.com\/es\/produit\/rascavidrios-completo-de-acero-inoxidable-35-cm\/\">35 cm<\/a><\/span> \/ <span style=\"color: #d12727;\"><a style=\"color: #d12727;\" href=\"https:\/\/www.csj-emballages.com\/es\/produit\/rascavidrios-completo-de-acero-inoxidable-45-cm\/\">45 cm<\/a><\/span><\/p>\n<p>&nbsp;<\/p>\n<p><!--more--><\/p>\n<p><a href=\"https:\/\/www.csj-emballages.com\/es\/categorie-produit\/higiene-y-mantenimiento\/cepillos-y-escobas\/raclette-es\/\">Consulte el resto de nuestra gama de limpiacristales<\/a><\/p>\n<p>&nbsp;<\/p>\n","protected":false},"excerpt":{"rendered":"<p>Mango para limpiacristales Mango para limpiacristales 25\/35\/45 cm<\/p>\n","protected":false},"featured_media":277736,"template":"","meta":{"_acf_changed":false},"product_brand":[],"product_cat":[1226,1420,1843],"product_tag":[],"class_list":{"0":"post-277741","1":"product","2":"type-product","3":"status-publish","4":"has-post-thumbnail","6":"product_cat-higiene-y-mantenimiento","7":"product_cat-cepillos-y-escobas","8":"product_cat-raclette-es","10":"first","11":"instock","12":"taxable","13":"shipping-taxable","14":"purchasable","15":"product-type-simple"},"acf":[],"yoast_head":"<!-- This site is optimized with the Yoast SEO Premium plugin v26.6 (Yoast SEO v26.6) - https:\/\/yoast.com\/wordpress\/plugins\/seo\/ -->\n<title>Mango para Limpiacristales 25\/35\/45 cm<\/title>\n<meta name=\"description\" content=\"Mango para limpiacristales resistente y ergon\u00f3mico, ideal para una limpieza eficaz y sin marcas. Compatible con regleta de 25, 35 o 45 cm.\" \/>\n<meta name=\"robots\" content=\"index, follow, max-snippet:-1, max-image-preview:large, max-video-preview:-1\" \/>\n<link rel=\"canonical\" href=\"https:\/\/www.csj-emballages.com\/es\/produit\/mango-para-limpiacristales-25-35-45-cm\/\" \/>\n<meta property=\"og:locale\" content=\"es_ES\" \/>\n<meta property=\"og:type\" content=\"article\" \/>\n<meta property=\"og:title\" content=\"Mango para limpiacristales 25\/35\/45 cm\" \/>\n<meta property=\"og:description\" content=\"Mango para limpiacristales resistente y ergon\u00f3mico, ideal para una limpieza eficaz y sin marcas. Compatible con regleta de 25, 35 o 45 cm.\" \/>\n<meta property=\"og:url\" content=\"https:\/\/www.csj-emballages.com\/es\/produit\/mango-para-limpiacristales-25-35-45-cm\/\" \/>\n<meta property=\"og:site_name\" content=\"CSJ Emballages\" \/>\n<meta property=\"article:publisher\" content=\"https:\/\/www.facebook.com\/csjemballages\" \/>\n<meta property=\"article:modified_time\" content=\"2026-04-18T00:12:12+00:00\" \/>\n<meta property=\"og:image\" content=\"https:\/\/www.csj-emballages.com\/wp-content\/uploads\/2026\/03\/8524.webp\" \/>\n\t<meta property=\"og:image:width\" content=\"800\" \/>\n\t<meta property=\"og:image:height\" content=\"800\" \/>\n\t<meta property=\"og:image:type\" content=\"image\/webp\" \/>\n<meta name=\"twitter:card\" content=\"summary_large_image\" \/>\n<meta name=\"twitter:label1\" content=\"Tiempo de lectura\" \/>\n\t<meta name=\"twitter:data1\" content=\"1 minuto\" \/>\n<script type=\"application\/ld+json\" class=\"yoast-schema-graph\">{\"@context\":\"https:\/\/schema.org\",\"@graph\":[{\"@type\":\"WebPage\",\"@id\":\"https:\/\/www.csj-emballages.com\/es\/produit\/mango-para-limpiacristales-25-35-45-cm\/\",\"url\":\"https:\/\/www.csj-emballages.com\/es\/produit\/mango-para-limpiacristales-25-35-45-cm\/\",\"name\":\"Mango para Limpiacristales 25\/35\/45 cm\",\"isPartOf\":{\"@id\":\"https:\/\/www.csj-emballages.com\/es\/#website\"},\"primaryImageOfPage\":{\"@id\":\"https:\/\/www.csj-emballages.com\/es\/produit\/mango-para-limpiacristales-25-35-45-cm\/#primaryimage\"},\"image\":{\"@id\":\"https:\/\/www.csj-emballages.com\/es\/produit\/mango-para-limpiacristales-25-35-45-cm\/#primaryimage\"},\"thumbnailUrl\":\"https:\/\/www.csj-emballages.com\/wp-content\/uploads\/2026\/03\/8524.webp\",\"datePublished\":\"2026-03-02T12:55:54+00:00\",\"dateModified\":\"2026-04-18T00:12:12+00:00\",\"description\":\"Mango para limpiacristales resistente y ergon\u00f3mico, ideal para una limpieza eficaz y sin marcas. Compatible con regleta de 25, 35 o 45 cm.\",\"breadcrumb\":{\"@id\":\"https:\/\/www.csj-emballages.com\/es\/produit\/mango-para-limpiacristales-25-35-45-cm\/#breadcrumb\"},\"inLanguage\":\"es\",\"potentialAction\":[{\"@type\":\"ReadAction\",\"target\":[\"https:\/\/www.csj-emballages.com\/es\/produit\/mango-para-limpiacristales-25-35-45-cm\/\"]}]},{\"@type\":\"ImageObject\",\"inLanguage\":\"es\",\"@id\":\"https:\/\/www.csj-emballages.com\/es\/produit\/mango-para-limpiacristales-25-35-45-cm\/#primaryimage\",\"url\":\"https:\/\/www.csj-emballages.com\/wp-content\/uploads\/2026\/03\/8524.webp\",\"contentUrl\":\"https:\/\/www.csj-emballages.com\/wp-content\/uploads\/2026\/03\/8524.webp\",\"width\":800,\"height\":800,\"caption\":\"Poign\u00e9e pour raclette vitre\"},{\"@type\":\"BreadcrumbList\",\"@id\":\"https:\/\/www.csj-emballages.com\/es\/produit\/mango-para-limpiacristales-25-35-45-cm\/#breadcrumb\",\"itemListElement\":[{\"@type\":\"ListItem\",\"position\":1,\"name\":\"Accueil\",\"item\":\"https:\/\/www.csj-emballages.com\/es\/universo-del-envasado-alimentario\/\"},{\"@type\":\"ListItem\",\"position\":2,\"name\":\"Tienda\",\"item\":\"https:\/\/www.csj-emballages.com\/tienda\/\"},{\"@type\":\"ListItem\",\"position\":3,\"name\":\"Mango para limpiacristales 25\/35\/45 cm\"}]},{\"@type\":\"WebSite\",\"@id\":\"https:\/\/www.csj-emballages.com\/es\/#website\",\"url\":\"https:\/\/www.csj-emballages.com\/es\/\",\"name\":\"CSJ Emballages\",\"description\":\"\",\"publisher\":{\"@id\":\"https:\/\/www.csj-emballages.com\/es\/#organization\"},\"potentialAction\":[{\"@type\":\"SearchAction\",\"target\":{\"@type\":\"EntryPoint\",\"urlTemplate\":\"https:\/\/www.csj-emballages.com\/es\/?s={search_term_string}\"},\"query-input\":{\"@type\":\"PropertyValueSpecification\",\"valueRequired\":true,\"valueName\":\"search_term_string\"}}],\"inLanguage\":\"es\"},{\"@type\":\"Organization\",\"@id\":\"https:\/\/www.csj-emballages.com\/es\/#Organization\/\",\"name\":\"CSJ Emballages\",\"url\":\"https:\/\/www.csj-emballages.com\/es\/\",\"logo\":{\"@type\":\"ImageObject\",\"inLanguage\":\"es\",\"@id\":\"https:\/\/www.csj-emballages.com\/es\/#\/schema\/logo\/image\/\",\"url\":\"https:\/\/www.csj-emballages.com\/wp-content\/uploads\/2023\/10\/logo_csj.webp\",\"contentUrl\":\"https:\/\/www.csj-emballages.com\/wp-content\/uploads\/2023\/10\/logo_csj.webp\",\"width\":250,\"height\":95,\"caption\":\"CSJ Emballages\"},\"image\":{\"@id\":\"https:\/\/www.csj-emballages.com\/es\/#\/schema\/logo\/image\/\"},\"sameAs\":[\"https:\/\/www.facebook.com\/csjemballages\"],\"address\":{\"@type\":\"PostalAddress\",\"streetAddress\":\"ZI La Lechere\",\"addressLocality\":\"Patornay\",\"postalCode\":\"39130\",\"addressCountry\":\"FR\"},\"contactPoint\":[{\"@type\":\"ContactPoint\",\"contactType\":\"Service client\",\"telephone\":\"0384254272\",\"email\":\"contact@csj-emballages.com\"}]}]}<\/script>\n<!-- \/ Yoast SEO Premium plugin. -->","yoast_head_json":{"title":"Mango para Limpiacristales 25\/35\/45 cm","description":"Mango para limpiacristales resistente y ergon\u00f3mico, ideal para una limpieza eficaz y sin marcas. Compatible con regleta de 25, 35 o 45 cm.","robots":{"index":"index","follow":"follow","max-snippet":"max-snippet:-1","max-image-preview":"max-image-preview:large","max-video-preview":"max-video-preview:-1"},"canonical":"https:\/\/www.csj-emballages.com\/es\/produit\/mango-para-limpiacristales-25-35-45-cm\/","og_locale":"es_ES","og_type":"article","og_title":"Mango para limpiacristales 25\/35\/45 cm","og_description":"Mango para limpiacristales resistente y ergon\u00f3mico, ideal para una limpieza eficaz y sin marcas. Compatible con regleta de 25, 35 o 45 cm.","og_url":"https:\/\/www.csj-emballages.com\/es\/produit\/mango-para-limpiacristales-25-35-45-cm\/","og_site_name":"CSJ Emballages","article_publisher":"https:\/\/www.facebook.com\/csjemballages","article_modified_time":"2026-04-18T00:12:12+00:00","og_image":[{"width":800,"height":800,"url":"https:\/\/www.csj-emballages.com\/wp-content\/uploads\/2026\/03\/8524.webp","type":"image\/webp"}],"twitter_card":"summary_large_image","twitter_misc":{"Tiempo de lectura":"1 minuto"},"schema":{"@context":"https:\/\/schema.org","@graph":[{"@type":"WebPage","@id":"https:\/\/www.csj-emballages.com\/es\/produit\/mango-para-limpiacristales-25-35-45-cm\/","url":"https:\/\/www.csj-emballages.com\/es\/produit\/mango-para-limpiacristales-25-35-45-cm\/","name":"Mango para Limpiacristales 25\/35\/45 cm","isPartOf":{"@id":"https:\/\/www.csj-emballages.com\/es\/#website"},"primaryImageOfPage":{"@id":"https:\/\/www.csj-emballages.com\/es\/produit\/mango-para-limpiacristales-25-35-45-cm\/#primaryimage"},"image":{"@id":"https:\/\/www.csj-emballages.com\/es\/produit\/mango-para-limpiacristales-25-35-45-cm\/#primaryimage"},"thumbnailUrl":"https:\/\/www.csj-emballages.com\/wp-content\/uploads\/2026\/03\/8524.webp","datePublished":"2026-03-02T12:55:54+00:00","dateModified":"2026-04-18T00:12:12+00:00","description":"Mango para limpiacristales resistente y ergon\u00f3mico, ideal para una limpieza eficaz y sin marcas. Compatible con regleta de 25, 35 o 45 cm.","breadcrumb":{"@id":"https:\/\/www.csj-emballages.com\/es\/produit\/mango-para-limpiacristales-25-35-45-cm\/#breadcrumb"},"inLanguage":"es","potentialAction":[{"@type":"ReadAction","target":["https:\/\/www.csj-emballages.com\/es\/produit\/mango-para-limpiacristales-25-35-45-cm\/"]}]},{"@type":"ImageObject","inLanguage":"es","@id":"https:\/\/www.csj-emballages.com\/es\/produit\/mango-para-limpiacristales-25-35-45-cm\/#primaryimage","url":"https:\/\/www.csj-emballages.com\/wp-content\/uploads\/2026\/03\/8524.webp","contentUrl":"https:\/\/www.csj-emballages.com\/wp-content\/uploads\/2026\/03\/8524.webp","width":800,"height":800,"caption":"Poign\u00e9e pour raclette vitre"},{"@type":"BreadcrumbList","@id":"https:\/\/www.csj-emballages.com\/es\/produit\/mango-para-limpiacristales-25-35-45-cm\/#breadcrumb","itemListElement":[{"@type":"ListItem","position":1,"name":"Accueil","item":"https:\/\/www.csj-emballages.com\/es\/universo-del-envasado-alimentario\/"},{"@type":"ListItem","position":2,"name":"Tienda","item":"https:\/\/www.csj-emballages.com\/tienda\/"},{"@type":"ListItem","position":3,"name":"Mango para limpiacristales 25\/35\/45 cm"}]},{"@type":"WebSite","@id":"https:\/\/www.csj-emballages.com\/es\/#website","url":"https:\/\/www.csj-emballages.com\/es\/","name":"CSJ Emballages","description":"","publisher":{"@id":"https:\/\/www.csj-emballages.com\/es\/#organization"},"potentialAction":[{"@type":"SearchAction","target":{"@type":"EntryPoint","urlTemplate":"https:\/\/www.csj-emballages.com\/es\/?s={search_term_string}"},"query-input":{"@type":"PropertyValueSpecification","valueRequired":true,"valueName":"search_term_string"}}],"inLanguage":"es"},{"@type":"Organization","@id":"https:\/\/www.csj-emballages.com\/es\/#Organization\/","name":"CSJ Emballages","url":"https:\/\/www.csj-emballages.com\/es\/","logo":{"@type":"ImageObject","inLanguage":"es","@id":"https:\/\/www.csj-emballages.com\/es\/#\/schema\/logo\/image\/","url":"https:\/\/www.csj-emballages.com\/wp-content\/uploads\/2023\/10\/logo_csj.webp","contentUrl":"https:\/\/www.csj-emballages.com\/wp-content\/uploads\/2023\/10\/logo_csj.webp","width":250,"height":95,"caption":"CSJ Emballages"},"image":{"@id":"https:\/\/www.csj-emballages.com\/es\/#\/schema\/logo\/image\/"},"sameAs":["https:\/\/www.facebook.com\/csjemballages"],"address":{"@type":"PostalAddress","streetAddress":"ZI La Lechere","addressLocality":"Patornay","postalCode":"39130","addressCountry":"FR"},"contactPoint":[{"@type":"ContactPoint","contactType":"Service client","telephone":"0384254272","email":"contact@csj-emballages.com"}]}]}},"df_price":4.88,"df_sale_price":"","df_regular_price":4.88,"df_image_link":"https:\/\/www.csj-emballages.com\/wp-content\/uploads\/2026\/03\/8524-300x300.webp","tiered_pricing_type":"fixed","tiered_pricing_fixed_rules":[],"tiered_pricing_percentage_rules":[],"tiered_pricing_minimum":1,"tiered_pricing_roles_data":[],"_links":{"self":[{"href":"https:\/\/www.csj-emballages.com\/es\/wp-json\/wp\/v2\/product\/277741","targetHints":{"allow":["GET"]}}],"collection":[{"href":"https:\/\/www.csj-emballages.com\/es\/wp-json\/wp\/v2\/product"}],"about":[{"href":"https:\/\/www.csj-emballages.com\/es\/wp-json\/wp\/v2\/types\/product"}],"wp:featuredmedia":[{"embeddable":true,"href":"https:\/\/www.csj-emballages.com\/es\/wp-json\/wp\/v2\/media\/277736"}],"wp:attachment":[{"href":"https:\/\/www.csj-emballages.com\/es\/wp-json\/wp\/v2\/media?parent=277741"}],"wp:term":[{"taxonomy":"product_brand","embeddable":true,"href":"https:\/\/www.csj-emballages.com\/es\/wp-json\/wp\/v2\/product_brand?post=277741"},{"taxonomy":"product_cat","embeddable":true,"href":"https:\/\/www.csj-emballages.com\/es\/wp-json\/wp\/v2\/product_cat?post=277741"},{"taxonomy":"product_tag","embeddable":true,"href":"https:\/\/www.csj-emballages.com\/es\/wp-json\/wp\/v2\/product_tag?post=277741"}],"curies":[{"name":"wp","href":"https:\/\/api.w.org\/{rel}","templated":true}]}}