{"id":277567,"date":"2025-12-03T15:18:24","date_gmt":"2025-12-03T14:18:24","guid":{"rendered":"https:\/\/www.csj-emballages.com\/produit\/cesta-de-carton-negro-350-x-260-x-70-mm\/"},"modified":"2026-04-18T02:10:53","modified_gmt":"2026-04-18T00:10:53","slug":"cesta-de-carton-negro-350-x-260-x-70-mm","status":"publish","type":"product","link":"https:\/\/www.csj-emballages.com\/es\/produit\/cesta-de-carton-negro-350-x-260-x-70-mm\/","title":{"rendered":"Cesta de cart\u00f3n negro 350 x 260 x 70 mm"},"content":{"rendered":"<h2>Cesta de cart\u00f3n negro<\/h2>\n<hr>\n<h3>Cesta de cart\u00f3n negro 350 x 260 x 70 mm<\/h3>\n<p><!--more--><\/p>\n<div class=\"elementor-element elementor-element-6621759 e-no-lazyload e-flex e-con-boxed e-con e-parent e-lazyloaded\" data-id=\"6621759\" data-element_type=\"container\">\n<div class=\"e-con-inner\">\n<div class=\"elementor-element elementor-element-4756e65 e-con-full e-flex e-con e-child\" data-id=\"4756e65\" data-element_type=\"container\">\n<div class=\"elementor-element elementor-element-a25940d elementor-widget elementor-widget-woocommerce-product-data-tabs\" data-id=\"a25940d\" data-element_type=\"widget\" data-widget_type=\"woocommerce-product-data-tabs.default\">\n<div class=\"elementor-widget-container\">\n<div class=\"woocommerce-tabs wc-tabs-wrapper\">\n<div id=\"tab-description\" class=\"woocommerce-Tabs-panel woocommerce-Tabs-panel--description panel entry-content wc-tab\" role=\"tabpanel\" aria-labelledby=\"tab-title-description\">\n<p data-start=\"261\" data-end=\"615\">Esta <strong>cesta de cart\u00f3n<\/strong> negro a\u00f1ade instant\u00e1neamente un toque chic a cualquier cosa que presentes. Con su aspecto sobrio y moderno, realza con naturalidad su contenido, ya sean productos gourmet, surtidos de regalo o incluso art\u00edculos a granel. Su <strong>color negro<\/strong> ligeramente <strong>satinado<\/strong> da una impresi\u00f3n real de calidad sin esfuerzo.  <\/p>\n<p data-start=\"617\" data-end=\"983\">Gracias a su formato de <strong>350 x 260 x 70 mm<\/strong>, ofrece un espacio c\u00f3modo sin resultar voluminosa. Se pueden colocar frutas, panes, chocolates, productos locales o incluso composiciones m\u00e1s originales seg\u00fan sus necesidades. Se adapta f\u00e1cilmente, lo que la convierte en un <strong>soporte polivalente<\/strong> tanto para tiendas y artesanos como para restauradores.<\/p>\n<p data-start=\"985\" data-end=\"1290\">Sus <strong>asas laterales recortadas<\/strong> facilitan su transporte. Se puede sujetar con una sola mano, y se mantiene estable y sin doblarse. El <strong>grueso cart\u00f3n<\/strong> utilizado le proporciona una sujeci\u00f3n firme, por lo que es perfecto tanto para escaparates como para cestas de regalo.  <\/p>\n<p data-start=\"1292\" data-end=\"1621\">Adem\u00e1s de ser pr\u00e1ctica, esta <strong>cesta negra<\/strong> tambi\u00e9n tiene un verdadero papel est\u00e9tico: estructura la presentaci\u00f3n y aporta una bonita coherencia visual, especialmente si le gusta trabajar ambientes naturales o minimalistas. Basta con a\u00f1adir <a href=\"https:\/\/www.csj-emballages.com\/es\/categorie-produit\/envasado-de-alimentos\/tienda-y-almacen\/accesorios-y-equipamiento-es\/frizzled\/\">virutas<\/a>, algunos productos, y el conjunto toma forma en pocos segundos. <\/p>\n<p data-start=\"1623\" data-end=\"1811\">En resumen, esta <strong>cesta negra<\/strong> no es s\u00f3lo un contenedor: es una pieza de exposici\u00f3n que realza sus productos a la vez que facilita la organizaci\u00f3n de sus expositores y creaciones.<\/p>\n<p data-start=\"1623\" data-end=\"1811\">\n<p><!--more--><\/p>\n<h4 data-start=\"1623\" data-end=\"1811\">Ventajas :<\/h4>\n<ul>\n<li data-start=\"1839\" data-end=\"1872\"><strong>Dise\u00f1o<\/strong> moderno y elegante <strong>en negro<\/strong>.<\/li>\n<li data-start=\"1875\" data-end=\"1933\">Formato vers\u00e1til para presentaciones y cestas de regalo.<\/li>\n<li data-start=\"1936\" data-end=\"1982\"><strong>Asas integradas<\/strong> para facilitar el transporte.<\/li>\n<li data-start=\"1985\" data-end=\"2019\">Cart\u00f3n robusto con buena sujeci\u00f3n.<\/li>\n<li data-start=\"2022\" data-end=\"2085\">Ideal para tiendas, artesanos, charcuter\u00edas y eventos.<\/li>\n<\/ul>\n<p>&nbsp;<\/p>\n<p><!--more--><\/p>\n<h4>Informaci\u00f3n adicional :<\/h4>\n<ul>\n<li><strong>Presentaci\u00f3n<\/strong>: Por unidad<\/li>\n<li><strong>Dimensiones<\/strong>: 350 x 260 x 70 mm<\/li>\n<li><strong>Color<\/strong>: Negro<\/li>\n<li><strong>Material<\/strong>: Cart\u00f3n<\/li>\n<\/ul>\n<p>&nbsp;<\/p>\n<p><!--more--><\/p>\n<p>Esta cesta de cart\u00f3n negro est\u00e1 disponible en un tama\u00f1o inferior: <a href=\"https:\/\/www.csj-emballages.com\/es\/produit\/cesta-de-carton-negro-220-x-160-x-50-mm\/\">220 x 160 x 50 mm<\/a><\/p>\n<p>&nbsp;<\/p>\n<p><!--more--><\/p>\n<p><a href=\"https:\/\/www.csj-emballages.com\/es\/categorie-produit\/envasado-de-alimentos\/tienda-y-almacen\/accesorios-y-equipamiento-es\/cesta-de-mimbre\/\">Consulte el resto de nuestra gama de cestas<\/a><\/p>\n<\/div>\n<\/div>\n<\/div>\n<\/div>\n<\/div>\n<\/div>\n<\/div>\n","protected":false},"excerpt":{"rendered":"<p>Cesta de cart\u00f3n negro Cesta de cart\u00f3n negro 350 x 260 x 70 mm<\/p>\n","protected":false},"featured_media":277559,"template":"","meta":{"_acf_changed":false},"product_brand":[],"product_cat":[1150,1488,3874,3071],"product_tag":[],"class_list":{"0":"post-277567","1":"product","2":"type-product","3":"status-publish","4":"has-post-thumbnail","6":"product_cat-envasado-de-alimentos","7":"product_cat-tienda-y-almacen","8":"product_cat-accesorios-y-equipamiento-es","9":"product_cat-cesta-de-mimbre","11":"first","12":"instock","13":"taxable","14":"shipping-taxable","15":"purchasable","16":"product-type-simple"},"acf":[],"yoast_head":"<!-- This site is optimized with the Yoast SEO Premium plugin v26.6 (Yoast SEO v26.6) - https:\/\/yoast.com\/wordpress\/plugins\/seo\/ -->\n<title>Cesta de Cart\u00f3n Negro 350 x 260 x 70 mm<\/title>\n<meta name=\"description\" content=\"Cesta negra de cart\u00f3n 350 x 260 x 70 mm: elegante, resistente y f\u00e1cil de transportar. Perfecta para cestas de regalo, escaparates y presentaciones cuidadas.\" \/>\n<meta name=\"robots\" content=\"index, follow, max-snippet:-1, max-image-preview:large, max-video-preview:-1\" \/>\n<link rel=\"canonical\" href=\"https:\/\/www.csj-emballages.com\/es\/produit\/cesta-de-carton-negro-350-x-260-x-70-mm\/\" \/>\n<meta property=\"og:locale\" content=\"es_ES\" \/>\n<meta property=\"og:type\" content=\"article\" \/>\n<meta property=\"og:title\" content=\"Cesta de cart\u00f3n negro 350 x 260 x 70 mm\" \/>\n<meta property=\"og:description\" content=\"Cesta negra de cart\u00f3n 350 x 260 x 70 mm: elegante, resistente y f\u00e1cil de transportar. Perfecta para cestas de regalo, escaparates y presentaciones cuidadas.\" \/>\n<meta property=\"og:url\" content=\"https:\/\/www.csj-emballages.com\/es\/produit\/cesta-de-carton-negro-350-x-260-x-70-mm\/\" \/>\n<meta property=\"og:site_name\" content=\"CSJ Emballages\" \/>\n<meta property=\"article:publisher\" content=\"https:\/\/www.facebook.com\/csjemballages\" \/>\n<meta property=\"article:modified_time\" content=\"2026-04-18T00:10:53+00:00\" \/>\n<meta property=\"og:image\" content=\"https:\/\/www.csj-emballages.com\/wp-content\/uploads\/2025\/12\/117163S-1.webp\" \/>\n\t<meta property=\"og:image:width\" content=\"800\" \/>\n\t<meta property=\"og:image:height\" content=\"800\" \/>\n\t<meta property=\"og:image:type\" content=\"image\/webp\" \/>\n<meta name=\"twitter:card\" content=\"summary_large_image\" \/>\n<meta name=\"twitter:label1\" content=\"Tiempo de lectura\" \/>\n\t<meta name=\"twitter:data1\" content=\"2 minutos\" \/>\n<script type=\"application\/ld+json\" class=\"yoast-schema-graph\">{\"@context\":\"https:\/\/schema.org\",\"@graph\":[{\"@type\":\"WebPage\",\"@id\":\"https:\/\/www.csj-emballages.com\/es\/produit\/cesta-de-carton-negro-350-x-260-x-70-mm\/\",\"url\":\"https:\/\/www.csj-emballages.com\/es\/produit\/cesta-de-carton-negro-350-x-260-x-70-mm\/\",\"name\":\"Cesta de Cart\u00f3n Negro 350 x 260 x 70 mm\",\"isPartOf\":{\"@id\":\"https:\/\/www.csj-emballages.com\/es\/#website\"},\"primaryImageOfPage\":{\"@id\":\"https:\/\/www.csj-emballages.com\/es\/produit\/cesta-de-carton-negro-350-x-260-x-70-mm\/#primaryimage\"},\"image\":{\"@id\":\"https:\/\/www.csj-emballages.com\/es\/produit\/cesta-de-carton-negro-350-x-260-x-70-mm\/#primaryimage\"},\"thumbnailUrl\":\"https:\/\/www.csj-emballages.com\/wp-content\/uploads\/2025\/12\/117163S-1.webp\",\"datePublished\":\"2025-12-03T14:18:24+00:00\",\"dateModified\":\"2026-04-18T00:10:53+00:00\",\"description\":\"Cesta negra de cart\u00f3n 350 x 260 x 70 mm: elegante, resistente y f\u00e1cil de transportar. Perfecta para cestas de regalo, escaparates y presentaciones cuidadas.\",\"breadcrumb\":{\"@id\":\"https:\/\/www.csj-emballages.com\/es\/produit\/cesta-de-carton-negro-350-x-260-x-70-mm\/#breadcrumb\"},\"inLanguage\":\"es\",\"potentialAction\":[{\"@type\":\"ReadAction\",\"target\":[\"https:\/\/www.csj-emballages.com\/es\/produit\/cesta-de-carton-negro-350-x-260-x-70-mm\/\"]}]},{\"@type\":\"ImageObject\",\"inLanguage\":\"es\",\"@id\":\"https:\/\/www.csj-emballages.com\/es\/produit\/cesta-de-carton-negro-350-x-260-x-70-mm\/#primaryimage\",\"url\":\"https:\/\/www.csj-emballages.com\/wp-content\/uploads\/2025\/12\/117163S-1.webp\",\"contentUrl\":\"https:\/\/www.csj-emballages.com\/wp-content\/uploads\/2025\/12\/117163S-1.webp\",\"width\":800,\"height\":800,\"caption\":\"117164S\"},{\"@type\":\"BreadcrumbList\",\"@id\":\"https:\/\/www.csj-emballages.com\/es\/produit\/cesta-de-carton-negro-350-x-260-x-70-mm\/#breadcrumb\",\"itemListElement\":[{\"@type\":\"ListItem\",\"position\":1,\"name\":\"Accueil\",\"item\":\"https:\/\/www.csj-emballages.com\/es\/universo-del-envasado-alimentario\/\"},{\"@type\":\"ListItem\",\"position\":2,\"name\":\"Tienda\",\"item\":\"https:\/\/www.csj-emballages.com\/tienda\/\"},{\"@type\":\"ListItem\",\"position\":3,\"name\":\"Cesta de cart\u00f3n negro 350 x 260 x 70 mm\"}]},{\"@type\":\"WebSite\",\"@id\":\"https:\/\/www.csj-emballages.com\/es\/#website\",\"url\":\"https:\/\/www.csj-emballages.com\/es\/\",\"name\":\"CSJ Emballages\",\"description\":\"\",\"publisher\":{\"@id\":\"https:\/\/www.csj-emballages.com\/es\/#organization\"},\"potentialAction\":[{\"@type\":\"SearchAction\",\"target\":{\"@type\":\"EntryPoint\",\"urlTemplate\":\"https:\/\/www.csj-emballages.com\/es\/?s={search_term_string}\"},\"query-input\":{\"@type\":\"PropertyValueSpecification\",\"valueRequired\":true,\"valueName\":\"search_term_string\"}}],\"inLanguage\":\"es\"},{\"@type\":\"Organization\",\"@id\":\"https:\/\/www.csj-emballages.com\/es\/#Organization\/\",\"name\":\"CSJ Emballages\",\"url\":\"https:\/\/www.csj-emballages.com\/es\/\",\"logo\":{\"@type\":\"ImageObject\",\"inLanguage\":\"es\",\"@id\":\"https:\/\/www.csj-emballages.com\/es\/#\/schema\/logo\/image\/\",\"url\":\"https:\/\/www.csj-emballages.com\/wp-content\/uploads\/2023\/10\/logo_csj.webp\",\"contentUrl\":\"https:\/\/www.csj-emballages.com\/wp-content\/uploads\/2023\/10\/logo_csj.webp\",\"width\":250,\"height\":95,\"caption\":\"CSJ Emballages\"},\"image\":{\"@id\":\"https:\/\/www.csj-emballages.com\/es\/#\/schema\/logo\/image\/\"},\"sameAs\":[\"https:\/\/www.facebook.com\/csjemballages\"],\"address\":{\"@type\":\"PostalAddress\",\"streetAddress\":\"ZI La Lechere\",\"addressLocality\":\"Patornay\",\"postalCode\":\"39130\",\"addressCountry\":\"FR\"},\"contactPoint\":[{\"@type\":\"ContactPoint\",\"contactType\":\"Service client\",\"telephone\":\"0384254272\",\"email\":\"contact@csj-emballages.com\"}]}]}<\/script>\n<!-- \/ Yoast SEO Premium plugin. -->","yoast_head_json":{"title":"Cesta de Cart\u00f3n Negro 350 x 260 x 70 mm","description":"Cesta negra de cart\u00f3n 350 x 260 x 70 mm: elegante, resistente y f\u00e1cil de transportar. Perfecta para cestas de regalo, escaparates y presentaciones cuidadas.","robots":{"index":"index","follow":"follow","max-snippet":"max-snippet:-1","max-image-preview":"max-image-preview:large","max-video-preview":"max-video-preview:-1"},"canonical":"https:\/\/www.csj-emballages.com\/es\/produit\/cesta-de-carton-negro-350-x-260-x-70-mm\/","og_locale":"es_ES","og_type":"article","og_title":"Cesta de cart\u00f3n negro 350 x 260 x 70 mm","og_description":"Cesta negra de cart\u00f3n 350 x 260 x 70 mm: elegante, resistente y f\u00e1cil de transportar. Perfecta para cestas de regalo, escaparates y presentaciones cuidadas.","og_url":"https:\/\/www.csj-emballages.com\/es\/produit\/cesta-de-carton-negro-350-x-260-x-70-mm\/","og_site_name":"CSJ Emballages","article_publisher":"https:\/\/www.facebook.com\/csjemballages","article_modified_time":"2026-04-18T00:10:53+00:00","og_image":[{"width":800,"height":800,"url":"https:\/\/www.csj-emballages.com\/wp-content\/uploads\/2025\/12\/117163S-1.webp","type":"image\/webp"}],"twitter_card":"summary_large_image","twitter_misc":{"Tiempo de lectura":"2 minutos"},"schema":{"@context":"https:\/\/schema.org","@graph":[{"@type":"WebPage","@id":"https:\/\/www.csj-emballages.com\/es\/produit\/cesta-de-carton-negro-350-x-260-x-70-mm\/","url":"https:\/\/www.csj-emballages.com\/es\/produit\/cesta-de-carton-negro-350-x-260-x-70-mm\/","name":"Cesta de Cart\u00f3n Negro 350 x 260 x 70 mm","isPartOf":{"@id":"https:\/\/www.csj-emballages.com\/es\/#website"},"primaryImageOfPage":{"@id":"https:\/\/www.csj-emballages.com\/es\/produit\/cesta-de-carton-negro-350-x-260-x-70-mm\/#primaryimage"},"image":{"@id":"https:\/\/www.csj-emballages.com\/es\/produit\/cesta-de-carton-negro-350-x-260-x-70-mm\/#primaryimage"},"thumbnailUrl":"https:\/\/www.csj-emballages.com\/wp-content\/uploads\/2025\/12\/117163S-1.webp","datePublished":"2025-12-03T14:18:24+00:00","dateModified":"2026-04-18T00:10:53+00:00","description":"Cesta negra de cart\u00f3n 350 x 260 x 70 mm: elegante, resistente y f\u00e1cil de transportar. Perfecta para cestas de regalo, escaparates y presentaciones cuidadas.","breadcrumb":{"@id":"https:\/\/www.csj-emballages.com\/es\/produit\/cesta-de-carton-negro-350-x-260-x-70-mm\/#breadcrumb"},"inLanguage":"es","potentialAction":[{"@type":"ReadAction","target":["https:\/\/www.csj-emballages.com\/es\/produit\/cesta-de-carton-negro-350-x-260-x-70-mm\/"]}]},{"@type":"ImageObject","inLanguage":"es","@id":"https:\/\/www.csj-emballages.com\/es\/produit\/cesta-de-carton-negro-350-x-260-x-70-mm\/#primaryimage","url":"https:\/\/www.csj-emballages.com\/wp-content\/uploads\/2025\/12\/117163S-1.webp","contentUrl":"https:\/\/www.csj-emballages.com\/wp-content\/uploads\/2025\/12\/117163S-1.webp","width":800,"height":800,"caption":"117164S"},{"@type":"BreadcrumbList","@id":"https:\/\/www.csj-emballages.com\/es\/produit\/cesta-de-carton-negro-350-x-260-x-70-mm\/#breadcrumb","itemListElement":[{"@type":"ListItem","position":1,"name":"Accueil","item":"https:\/\/www.csj-emballages.com\/es\/universo-del-envasado-alimentario\/"},{"@type":"ListItem","position":2,"name":"Tienda","item":"https:\/\/www.csj-emballages.com\/tienda\/"},{"@type":"ListItem","position":3,"name":"Cesta de cart\u00f3n negro 350 x 260 x 70 mm"}]},{"@type":"WebSite","@id":"https:\/\/www.csj-emballages.com\/es\/#website","url":"https:\/\/www.csj-emballages.com\/es\/","name":"CSJ Emballages","description":"","publisher":{"@id":"https:\/\/www.csj-emballages.com\/es\/#organization"},"potentialAction":[{"@type":"SearchAction","target":{"@type":"EntryPoint","urlTemplate":"https:\/\/www.csj-emballages.com\/es\/?s={search_term_string}"},"query-input":{"@type":"PropertyValueSpecification","valueRequired":true,"valueName":"search_term_string"}}],"inLanguage":"es"},{"@type":"Organization","@id":"https:\/\/www.csj-emballages.com\/es\/#Organization\/","name":"CSJ Emballages","url":"https:\/\/www.csj-emballages.com\/es\/","logo":{"@type":"ImageObject","inLanguage":"es","@id":"https:\/\/www.csj-emballages.com\/es\/#\/schema\/logo\/image\/","url":"https:\/\/www.csj-emballages.com\/wp-content\/uploads\/2023\/10\/logo_csj.webp","contentUrl":"https:\/\/www.csj-emballages.com\/wp-content\/uploads\/2023\/10\/logo_csj.webp","width":250,"height":95,"caption":"CSJ Emballages"},"image":{"@id":"https:\/\/www.csj-emballages.com\/es\/#\/schema\/logo\/image\/"},"sameAs":["https:\/\/www.facebook.com\/csjemballages"],"address":{"@type":"PostalAddress","streetAddress":"ZI La Lechere","addressLocality":"Patornay","postalCode":"39130","addressCountry":"FR"},"contactPoint":[{"@type":"ContactPoint","contactType":"Service client","telephone":"0384254272","email":"contact@csj-emballages.com"}]}]}},"df_price":2.18,"df_sale_price":"","df_regular_price":2.18,"df_image_link":"https:\/\/www.csj-emballages.com\/wp-content\/uploads\/2025\/12\/117163S-1-300x300.webp","tiered_pricing_type":"fixed","tiered_pricing_fixed_rules":[],"tiered_pricing_percentage_rules":[],"tiered_pricing_minimum":1,"tiered_pricing_roles_data":[],"_links":{"self":[{"href":"https:\/\/www.csj-emballages.com\/es\/wp-json\/wp\/v2\/product\/277567","targetHints":{"allow":["GET"]}}],"collection":[{"href":"https:\/\/www.csj-emballages.com\/es\/wp-json\/wp\/v2\/product"}],"about":[{"href":"https:\/\/www.csj-emballages.com\/es\/wp-json\/wp\/v2\/types\/product"}],"wp:featuredmedia":[{"embeddable":true,"href":"https:\/\/www.csj-emballages.com\/es\/wp-json\/wp\/v2\/media\/277559"}],"wp:attachment":[{"href":"https:\/\/www.csj-emballages.com\/es\/wp-json\/wp\/v2\/media?parent=277567"}],"wp:term":[{"taxonomy":"product_brand","embeddable":true,"href":"https:\/\/www.csj-emballages.com\/es\/wp-json\/wp\/v2\/product_brand?post=277567"},{"taxonomy":"product_cat","embeddable":true,"href":"https:\/\/www.csj-emballages.com\/es\/wp-json\/wp\/v2\/product_cat?post=277567"},{"taxonomy":"product_tag","embeddable":true,"href":"https:\/\/www.csj-emballages.com\/es\/wp-json\/wp\/v2\/product_tag?post=277567"}],"curies":[{"name":"wp","href":"https:\/\/api.w.org\/{rel}","templated":true}]}}