{"id":277321,"date":"2025-09-15T09:49:58","date_gmt":"2025-09-15T07:49:58","guid":{"rendered":"https:\/\/www.csj-emballages.com\/produit\/bandeja-redonda-biodegradable-de-32-cm-por-50\/"},"modified":"2026-04-15T02:11:03","modified_gmt":"2026-04-15T00:11:03","slug":"bandeja-redonda-biodegradable-de-32-cm-por-50","status":"publish","type":"product","link":"https:\/\/www.csj-emballages.com\/es\/produit\/bandeja-redonda-biodegradable-de-32-cm-por-50\/","title":{"rendered":"Bandeja redonda biodegradable de 32 cm por 50"},"content":{"rendered":"<h2>Bandeja redonda<\/h2>\n<hr>\n<h3>Bandeja redonda biodegradable de 32 cm por 50<\/h3>\n<p><!--more--><\/p>\n<p data-start=\"73\" data-end=\"372\">Esta <strong>bandeja redonda biodegradable de 32 cm<\/strong> es la soluci\u00f3n ideal para servir sus preparaciones con total facilidad, a la vez que contribuye al cuidado del planeta. Ligera y resistente, le acompa\u00f1a tanto para una <strong>pizza<\/strong> bien guarnecida como para un <strong>surtido de aperitivos<\/strong> o un <strong>bufet gourmet<\/strong>. <\/p>\n<p data-start=\"374\" data-end=\"635\">Su <strong>gran formato<\/strong> permite presentar f\u00e1cilmente sus platos sin comprometer la comodidad. Ya sea en restauraci\u00f3n r\u00e1pida, en un evento o para comida para llevar, asegura una buena sujeci\u00f3n y un manejo f\u00e1cil, incluso con alimentos calientes. <\/p>\n<p data-start=\"674\" data-end=\"896\">Optar por esta <strong>bandeja<\/strong> es elegir una alternativa m\u00e1s responsable al pl\u00e1stico. Le permite ofrecer un servicio pr\u00e1ctico a la vez que responde a las expectativas actuales en materia de ecolog\u00eda, sin cambiar sus h\u00e1bitos. <\/p>\n<p data-start=\"674\" data-end=\"896\"><!--more--><\/p>\n<h4 data-start=\"674\" data-end=\"896\">Ventajas :<\/h4>\n<ul>\n<li data-section-id=\"1fv3rzm\" data-start=\"936\" data-end=\"1012\">Una soluci\u00f3n m\u00e1s respetuosa con el medio ambiente<\/li>\n<li data-section-id=\"jcc7bb\" data-start=\"1013\" data-end=\"1093\"><strong data-start=\"1018\" data-end=\"1040\">Gran formato de 32 cm<\/strong>: perfecto para pizzas, platos para compartir o bufets<\/li>\n<li data-section-id=\"dwoonj\" data-start=\"1094\" data-end=\"1165\">Buena sujeci\u00f3n incluso con alimentos calientes<\/li>\n<li data-section-id=\"jizm5y\" data-start=\"1166\" data-end=\"1239\">Apto para pizzas, tapas, aperitivos, postres<\/li>\n<li data-section-id=\"1lpnt7c\" data-start=\"1240\" data-end=\"1309\"><strong data-start=\"1245\" data-end=\"1258\">Pack de 50<\/strong>: pr\u00e1ctico para profesionales y eventos<\/li>\n<li data-section-id=\"1vftznh\" data-start=\"1310\" data-end=\"1366\">Ligero y agradable al tacto<\/li>\n<\/ul>\n<p>&nbsp;<\/p>\n<p><!--more--><\/p>\n<h4>Informaci\u00f3n adicional :<\/h4>\n<ul>\n<li><strong>Envase<\/strong>: Paquete de 50<\/li>\n<li><strong>Di\u00e1metro<\/strong>: 32 cm<\/li>\n<li><strong>Altura<\/strong>: 8 mm<\/li>\n<li><strong>Color<\/strong>: blanco<\/li>\n<li><strong>Material<\/strong>: Bagazo<\/li>\n<\/ul>\n<p>&nbsp;<\/p>\n<p><!--more--><\/p>\n<p><a href=\"https:\/\/www.csj-emballages.com\/es\/categorie-produit\/envasado-de-alimentos\/gama-ecologica\/bandejas-ecologicas-es-2\/\">Ver el resto de nuestra gama de bandejas biodegradables<\/a><\/p>\n","protected":false},"excerpt":{"rendered":"<p>Bandeja redonda Bandeja redonda biodegradable de 32 cm por 50<\/p>\n","protected":false},"featured_media":277299,"template":"","meta":{"_acf_changed":false},"product_brand":[],"product_cat":[1150,1163,7607,2029,6863],"product_tag":[],"class_list":{"0":"post-277321","1":"product","2":"type-product","3":"status-publish","4":"has-post-thumbnail","6":"product_cat-envasado-de-alimentos","7":"product_cat-gama-ecologica","8":"product_cat-platos-bandejas-cajas","9":"product_cat-placas-ecologicas","10":"product_cat-bandejas-ecologicas-es-2","12":"first","13":"instock","14":"taxable","15":"shipping-taxable","16":"purchasable","17":"product-type-simple"},"acf":[],"yoast_head":"<!-- This site is optimized with the Yoast SEO Premium plugin v26.6 (Yoast SEO v26.6) - https:\/\/yoast.com\/wordpress\/plugins\/seo\/ -->\n<title>Bandeja Redonda Biodegradable de 32 cm por 50<\/title>\n<meta name=\"description\" content=\"Bandeja redonda biodegradable de 32 cm por 50: ideal como plato de pizza, pr\u00e1ctica, s\u00f3lida y ecol\u00f3gica para platos para llevar y bufets.\" \/>\n<meta name=\"robots\" content=\"index, follow, max-snippet:-1, max-image-preview:large, max-video-preview:-1\" \/>\n<link rel=\"canonical\" href=\"https:\/\/www.csj-emballages.com\/es\/produit\/bandeja-redonda-biodegradable-de-32-cm-por-50\/\" \/>\n<meta property=\"og:locale\" content=\"es_ES\" \/>\n<meta property=\"og:type\" content=\"article\" \/>\n<meta property=\"og:title\" content=\"Bandeja redonda biodegradable de 32 cm por 50\" \/>\n<meta property=\"og:description\" content=\"Bandeja redonda biodegradable de 32 cm por 50: ideal como plato de pizza, pr\u00e1ctica, s\u00f3lida y ecol\u00f3gica para platos para llevar y bufets.\" \/>\n<meta property=\"og:url\" content=\"https:\/\/www.csj-emballages.com\/es\/produit\/bandeja-redonda-biodegradable-de-32-cm-por-50\/\" \/>\n<meta property=\"og:site_name\" content=\"CSJ Emballages\" \/>\n<meta property=\"article:publisher\" content=\"https:\/\/www.facebook.com\/csjemballages\" \/>\n<meta property=\"article:modified_time\" content=\"2026-04-15T00:11:03+00:00\" \/>\n<meta property=\"og:image\" content=\"https:\/\/www.csj-emballages.com\/wp-content\/uploads\/2025\/09\/AS32BIO.webp\" \/>\n\t<meta property=\"og:image:width\" content=\"801\" \/>\n\t<meta property=\"og:image:height\" content=\"800\" \/>\n\t<meta property=\"og:image:type\" content=\"image\/webp\" \/>\n<meta name=\"twitter:card\" content=\"summary_large_image\" \/>\n<meta name=\"twitter:label1\" content=\"Tiempo de lectura\" \/>\n\t<meta name=\"twitter:data1\" content=\"1 minuto\" \/>\n<script type=\"application\/ld+json\" class=\"yoast-schema-graph\">{\"@context\":\"https:\/\/schema.org\",\"@graph\":[{\"@type\":\"WebPage\",\"@id\":\"https:\/\/www.csj-emballages.com\/es\/produit\/bandeja-redonda-biodegradable-de-32-cm-por-50\/\",\"url\":\"https:\/\/www.csj-emballages.com\/es\/produit\/bandeja-redonda-biodegradable-de-32-cm-por-50\/\",\"name\":\"Bandeja Redonda Biodegradable de 32 cm por 50\",\"isPartOf\":{\"@id\":\"https:\/\/www.csj-emballages.com\/es\/#website\"},\"primaryImageOfPage\":{\"@id\":\"https:\/\/www.csj-emballages.com\/es\/produit\/bandeja-redonda-biodegradable-de-32-cm-por-50\/#primaryimage\"},\"image\":{\"@id\":\"https:\/\/www.csj-emballages.com\/es\/produit\/bandeja-redonda-biodegradable-de-32-cm-por-50\/#primaryimage\"},\"thumbnailUrl\":\"https:\/\/www.csj-emballages.com\/wp-content\/uploads\/2025\/09\/AS32BIO.webp\",\"datePublished\":\"2025-09-15T07:49:58+00:00\",\"dateModified\":\"2026-04-15T00:11:03+00:00\",\"description\":\"Bandeja redonda biodegradable de 32 cm por 50: ideal como plato de pizza, pr\u00e1ctica, s\u00f3lida y ecol\u00f3gica para platos para llevar y bufets.\",\"breadcrumb\":{\"@id\":\"https:\/\/www.csj-emballages.com\/es\/produit\/bandeja-redonda-biodegradable-de-32-cm-por-50\/#breadcrumb\"},\"inLanguage\":\"es\",\"potentialAction\":[{\"@type\":\"ReadAction\",\"target\":[\"https:\/\/www.csj-emballages.com\/es\/produit\/bandeja-redonda-biodegradable-de-32-cm-por-50\/\"]}]},{\"@type\":\"ImageObject\",\"inLanguage\":\"es\",\"@id\":\"https:\/\/www.csj-emballages.com\/es\/produit\/bandeja-redonda-biodegradable-de-32-cm-por-50\/#primaryimage\",\"url\":\"https:\/\/www.csj-emballages.com\/wp-content\/uploads\/2025\/09\/AS32BIO.webp\",\"contentUrl\":\"https:\/\/www.csj-emballages.com\/wp-content\/uploads\/2025\/09\/AS32BIO.webp\",\"width\":801,\"height\":800,\"caption\":\"Plateau rond\"},{\"@type\":\"BreadcrumbList\",\"@id\":\"https:\/\/www.csj-emballages.com\/es\/produit\/bandeja-redonda-biodegradable-de-32-cm-por-50\/#breadcrumb\",\"itemListElement\":[{\"@type\":\"ListItem\",\"position\":1,\"name\":\"Accueil\",\"item\":\"https:\/\/www.csj-emballages.com\/es\/universo-del-envasado-alimentario\/\"},{\"@type\":\"ListItem\",\"position\":2,\"name\":\"Tienda\",\"item\":\"https:\/\/www.csj-emballages.com\/tienda\/\"},{\"@type\":\"ListItem\",\"position\":3,\"name\":\"Bandeja redonda biodegradable de 32 cm por 50\"}]},{\"@type\":\"WebSite\",\"@id\":\"https:\/\/www.csj-emballages.com\/es\/#website\",\"url\":\"https:\/\/www.csj-emballages.com\/es\/\",\"name\":\"CSJ Emballages\",\"description\":\"\",\"publisher\":{\"@id\":\"https:\/\/www.csj-emballages.com\/es\/#organization\"},\"potentialAction\":[{\"@type\":\"SearchAction\",\"target\":{\"@type\":\"EntryPoint\",\"urlTemplate\":\"https:\/\/www.csj-emballages.com\/es\/?s={search_term_string}\"},\"query-input\":{\"@type\":\"PropertyValueSpecification\",\"valueRequired\":true,\"valueName\":\"search_term_string\"}}],\"inLanguage\":\"es\"},{\"@type\":\"Organization\",\"@id\":\"https:\/\/www.csj-emballages.com\/es\/#Organization\/\",\"name\":\"CSJ Emballages\",\"url\":\"https:\/\/www.csj-emballages.com\/es\/\",\"logo\":{\"@type\":\"ImageObject\",\"inLanguage\":\"es\",\"@id\":\"https:\/\/www.csj-emballages.com\/es\/#\/schema\/logo\/image\/\",\"url\":\"https:\/\/www.csj-emballages.com\/wp-content\/uploads\/2023\/10\/logo_csj.webp\",\"contentUrl\":\"https:\/\/www.csj-emballages.com\/wp-content\/uploads\/2023\/10\/logo_csj.webp\",\"width\":250,\"height\":95,\"caption\":\"CSJ Emballages\"},\"image\":{\"@id\":\"https:\/\/www.csj-emballages.com\/es\/#\/schema\/logo\/image\/\"},\"sameAs\":[\"https:\/\/www.facebook.com\/csjemballages\"],\"address\":{\"@type\":\"PostalAddress\",\"streetAddress\":\"ZI La Lechere\",\"addressLocality\":\"Patornay\",\"postalCode\":\"39130\",\"addressCountry\":\"FR\"},\"contactPoint\":[{\"@type\":\"ContactPoint\",\"contactType\":\"Service client\",\"telephone\":\"0384254272\",\"email\":\"contact@csj-emballages.com\"}]}]}<\/script>\n<!-- \/ Yoast SEO Premium plugin. -->","yoast_head_json":{"title":"Bandeja Redonda Biodegradable de 32 cm por 50","description":"Bandeja redonda biodegradable de 32 cm por 50: ideal como plato de pizza, pr\u00e1ctica, s\u00f3lida y ecol\u00f3gica para platos para llevar y bufets.","robots":{"index":"index","follow":"follow","max-snippet":"max-snippet:-1","max-image-preview":"max-image-preview:large","max-video-preview":"max-video-preview:-1"},"canonical":"https:\/\/www.csj-emballages.com\/es\/produit\/bandeja-redonda-biodegradable-de-32-cm-por-50\/","og_locale":"es_ES","og_type":"article","og_title":"Bandeja redonda biodegradable de 32 cm por 50","og_description":"Bandeja redonda biodegradable de 32 cm por 50: ideal como plato de pizza, pr\u00e1ctica, s\u00f3lida y ecol\u00f3gica para platos para llevar y bufets.","og_url":"https:\/\/www.csj-emballages.com\/es\/produit\/bandeja-redonda-biodegradable-de-32-cm-por-50\/","og_site_name":"CSJ Emballages","article_publisher":"https:\/\/www.facebook.com\/csjemballages","article_modified_time":"2026-04-15T00:11:03+00:00","og_image":[{"width":801,"height":800,"url":"https:\/\/www.csj-emballages.com\/wp-content\/uploads\/2025\/09\/AS32BIO.webp","type":"image\/webp"}],"twitter_card":"summary_large_image","twitter_misc":{"Tiempo de lectura":"1 minuto"},"schema":{"@context":"https:\/\/schema.org","@graph":[{"@type":"WebPage","@id":"https:\/\/www.csj-emballages.com\/es\/produit\/bandeja-redonda-biodegradable-de-32-cm-por-50\/","url":"https:\/\/www.csj-emballages.com\/es\/produit\/bandeja-redonda-biodegradable-de-32-cm-por-50\/","name":"Bandeja Redonda Biodegradable de 32 cm por 50","isPartOf":{"@id":"https:\/\/www.csj-emballages.com\/es\/#website"},"primaryImageOfPage":{"@id":"https:\/\/www.csj-emballages.com\/es\/produit\/bandeja-redonda-biodegradable-de-32-cm-por-50\/#primaryimage"},"image":{"@id":"https:\/\/www.csj-emballages.com\/es\/produit\/bandeja-redonda-biodegradable-de-32-cm-por-50\/#primaryimage"},"thumbnailUrl":"https:\/\/www.csj-emballages.com\/wp-content\/uploads\/2025\/09\/AS32BIO.webp","datePublished":"2025-09-15T07:49:58+00:00","dateModified":"2026-04-15T00:11:03+00:00","description":"Bandeja redonda biodegradable de 32 cm por 50: ideal como plato de pizza, pr\u00e1ctica, s\u00f3lida y ecol\u00f3gica para platos para llevar y bufets.","breadcrumb":{"@id":"https:\/\/www.csj-emballages.com\/es\/produit\/bandeja-redonda-biodegradable-de-32-cm-por-50\/#breadcrumb"},"inLanguage":"es","potentialAction":[{"@type":"ReadAction","target":["https:\/\/www.csj-emballages.com\/es\/produit\/bandeja-redonda-biodegradable-de-32-cm-por-50\/"]}]},{"@type":"ImageObject","inLanguage":"es","@id":"https:\/\/www.csj-emballages.com\/es\/produit\/bandeja-redonda-biodegradable-de-32-cm-por-50\/#primaryimage","url":"https:\/\/www.csj-emballages.com\/wp-content\/uploads\/2025\/09\/AS32BIO.webp","contentUrl":"https:\/\/www.csj-emballages.com\/wp-content\/uploads\/2025\/09\/AS32BIO.webp","width":801,"height":800,"caption":"Plateau rond"},{"@type":"BreadcrumbList","@id":"https:\/\/www.csj-emballages.com\/es\/produit\/bandeja-redonda-biodegradable-de-32-cm-por-50\/#breadcrumb","itemListElement":[{"@type":"ListItem","position":1,"name":"Accueil","item":"https:\/\/www.csj-emballages.com\/es\/universo-del-envasado-alimentario\/"},{"@type":"ListItem","position":2,"name":"Tienda","item":"https:\/\/www.csj-emballages.com\/tienda\/"},{"@type":"ListItem","position":3,"name":"Bandeja redonda biodegradable de 32 cm por 50"}]},{"@type":"WebSite","@id":"https:\/\/www.csj-emballages.com\/es\/#website","url":"https:\/\/www.csj-emballages.com\/es\/","name":"CSJ Emballages","description":"","publisher":{"@id":"https:\/\/www.csj-emballages.com\/es\/#organization"},"potentialAction":[{"@type":"SearchAction","target":{"@type":"EntryPoint","urlTemplate":"https:\/\/www.csj-emballages.com\/es\/?s={search_term_string}"},"query-input":{"@type":"PropertyValueSpecification","valueRequired":true,"valueName":"search_term_string"}}],"inLanguage":"es"},{"@type":"Organization","@id":"https:\/\/www.csj-emballages.com\/es\/#Organization\/","name":"CSJ Emballages","url":"https:\/\/www.csj-emballages.com\/es\/","logo":{"@type":"ImageObject","inLanguage":"es","@id":"https:\/\/www.csj-emballages.com\/es\/#\/schema\/logo\/image\/","url":"https:\/\/www.csj-emballages.com\/wp-content\/uploads\/2023\/10\/logo_csj.webp","contentUrl":"https:\/\/www.csj-emballages.com\/wp-content\/uploads\/2023\/10\/logo_csj.webp","width":250,"height":95,"caption":"CSJ Emballages"},"image":{"@id":"https:\/\/www.csj-emballages.com\/es\/#\/schema\/logo\/image\/"},"sameAs":["https:\/\/www.facebook.com\/csjemballages"],"address":{"@type":"PostalAddress","streetAddress":"ZI La Lechere","addressLocality":"Patornay","postalCode":"39130","addressCountry":"FR"},"contactPoint":[{"@type":"ContactPoint","contactType":"Service client","telephone":"0384254272","email":"contact@csj-emballages.com"}]}]}},"df_price":13.62,"df_sale_price":"","df_regular_price":13.62,"df_image_link":"https:\/\/www.csj-emballages.com\/wp-content\/uploads\/2025\/09\/AS32BIO-300x300.webp","tiered_pricing_type":"fixed","tiered_pricing_fixed_rules":[],"tiered_pricing_percentage_rules":[],"tiered_pricing_minimum":1,"tiered_pricing_roles_data":[],"_links":{"self":[{"href":"https:\/\/www.csj-emballages.com\/es\/wp-json\/wp\/v2\/product\/277321","targetHints":{"allow":["GET"]}}],"collection":[{"href":"https:\/\/www.csj-emballages.com\/es\/wp-json\/wp\/v2\/product"}],"about":[{"href":"https:\/\/www.csj-emballages.com\/es\/wp-json\/wp\/v2\/types\/product"}],"wp:featuredmedia":[{"embeddable":true,"href":"https:\/\/www.csj-emballages.com\/es\/wp-json\/wp\/v2\/media\/277299"}],"wp:attachment":[{"href":"https:\/\/www.csj-emballages.com\/es\/wp-json\/wp\/v2\/media?parent=277321"}],"wp:term":[{"taxonomy":"product_brand","embeddable":true,"href":"https:\/\/www.csj-emballages.com\/es\/wp-json\/wp\/v2\/product_brand?post=277321"},{"taxonomy":"product_cat","embeddable":true,"href":"https:\/\/www.csj-emballages.com\/es\/wp-json\/wp\/v2\/product_cat?post=277321"},{"taxonomy":"product_tag","embeddable":true,"href":"https:\/\/www.csj-emballages.com\/es\/wp-json\/wp\/v2\/product_tag?post=277321"}],"curies":[{"name":"wp","href":"https:\/\/api.w.org\/{rel}","templated":true}]}}