{"id":277274,"date":"2026-04-13T08:18:14","date_gmt":"2026-04-13T06:18:14","guid":{"rendered":"https:\/\/www.csj-emballages.com\/produit\/mitades-de-albaricoque-sin-pelar-en-conserva-lata-5-1\/"},"modified":"2026-04-15T02:10:14","modified_gmt":"2026-04-15T00:10:14","slug":"mitades-de-albaricoque-sin-pelar-en-conserva-lata-5-1","status":"publish","type":"product","link":"https:\/\/www.csj-emballages.com\/es\/produit\/mitades-de-albaricoque-sin-pelar-en-conserva-lata-5-1\/","title":{"rendered":"Mitades de albaricoque sin pelar en conserva, lata 5\/1"},"content":{"rendered":"<div class=\"elementor-element elementor-element-6621759 e-no-lazyload e-flex e-con-boxed e-con e-parent e-lazyloaded\" data-id=\"6621759\" data-element_type=\"container\">\n<div class=\"e-con-inner\">\n<div class=\"elementor-element elementor-element-4756e65 e-con-full e-flex e-con e-child\" data-id=\"4756e65\" data-element_type=\"container\">\n<div class=\"elementor-element elementor-element-a25940d elementor-widget elementor-widget-woocommerce-product-data-tabs\" data-id=\"a25940d\" data-element_type=\"widget\" data-widget_type=\"woocommerce-product-data-tabs.default\">\n<div class=\"elementor-widget-container\">\n<div class=\"woocommerce-tabs wc-tabs-wrapper\">\n<div id=\"tab-description\" class=\"woocommerce-Tabs-panel woocommerce-Tabs-panel--description panel entry-content wc-tab\" role=\"tabpanel\" aria-labelledby=\"tab-title-description\">\n<h2>Mitades de albaricoque<\/h2>\n<hr>\n<h3>Descubra nuestras mitades de albaricoque sin pelar en conserva, lata 5\/1<\/h3>\n<p><!--more--><\/p>\n<div class=\"flex flex-grow flex-col max-w-full\">\n<div class=\"min-h-[20px] text-message flex flex-col items-start whitespace-pre-wrap break-words [.text-message+&amp;]:mt-5 juice:w-full juice:items-end overflow-x-auto gap-2\" dir=\"auto\" data-message-author-role=\"assistant\" data-message-id=\"57798582-34e1-4470-b97b-0230ec037307\">\n<div class=\"flex w-full flex-col gap-1 juice:empty:hidden juice:first:pt-[3px]\">\n<div class=\"markdown prose w-full break-words dark:prose-invert light\">\n<p data-start=\"251\" data-end=\"626\">Estas <strong data-start=\"255\" data-end=\"308\">mitades de albaricoque sin pelar en conserva, lata 5\/1<\/strong> son una soluci\u00f3n pr\u00e1ctica para trabajar con una fruta sabrosa todo el a\u00f1o, sin restricciones estacionales. Seleccionados por su <strong>bonito color anaranjado<\/strong> y su <strong>pulpa tierna<\/strong>, los <strong>albaricoques<\/strong> se cortan en <strong>mitades uniformes<\/strong> y se pelan cuidadosamente para ofrecer una textura agradable y una presentaci\u00f3n impecable. <\/p>\n<p data-start=\"628\" data-end=\"993\">Desde la apertura, se encuentra una fruta tierna, bien formada y f\u00e1cil de usar. Ya sea para rellenar una <strong>tarta<\/strong>, preparar un <strong>clafoutis<\/strong>, acompa\u00f1ar un <strong>postre<\/strong> o integrar en una <strong>receta agridulce<\/strong>, estas <strong>mitades de albaricoque<\/strong> se adaptan a todas sus necesidades. Su resistencia a la cocci\u00f3n permite mantener una excelente presentaci\u00f3n, incluso tras el paso por el horno o en preparaciones calientes.  <\/p>\n<p data-start=\"995\" data-end=\"1296\">Gracias a su <strong data-start=\"1007\" data-end=\"1021\">formato 5\/1<\/strong>, esta <strong>lata<\/strong> es perfectamente adecuada para los profesionales de la restauraci\u00f3n, colectividades, pasteleros o empresas de catering. Permite trabajar en volumen manteniendo una calidad constante. Ahorrar\u00e1 tiempo en la cocina, al tiempo que limita las p\u00e9rdidas y las manipulaciones.  <\/p>\n<p data-start=\"1298\" data-end=\"1558\">Adem\u00e1s, estos <strong>albaricoques conservados<\/strong> ofrecen un sabor equilibrado, ni demasiado \u00e1cido ni demasiado dulce, lo que facilita su uso en numerosas recetas. Constituyen una base fiable tanto para postres cl\u00e1sicos como para creaciones m\u00e1s modernas. <\/p>\n<p data-start=\"1560\" data-end=\"1743\">En resumen, este producto combina practicidad, regularidad y exquisitez. Un indispensable para aquellos que quieren proponer preparaciones cuidadas, sin depender de la frescura del mercado. <\/p>\n<p data-start=\"1560\" data-end=\"1743\">\n<\/div>\n<\/div>\n<\/div>\n<\/div>\n<p><!--more--><\/p>\n<h4>Ventajas :<\/h4>\n<ul>\n<li data-start=\"1808\" data-end=\"1841\">Textura fundente y buena consistencia.<\/li>\n<li data-start=\"1844\" data-end=\"1863\">Sabor equilibrado.<\/li>\n<li data-start=\"1866\" data-end=\"1889\">Formato econ\u00f3mico <strong>5\/1<\/strong>.<\/li>\n<li data-start=\"1892\" data-end=\"1931\">Ideal para restauraci\u00f3n y pasteler\u00eda.<\/li>\n<\/ul>\n<p>&nbsp;<\/p>\n<p><!--more--><\/p>\n<h4>Informaci\u00f3n adicional :<\/h4>\n<ul>\n<li><strong>Presentaci\u00f3n<\/strong>: Lata de 5\/1<\/li>\n<li><strong>Formato<\/strong>: Mitades<\/li>\n<li><strong>Peso neto escurrido<\/strong>: 2400 gr<\/li>\n<\/ul>\n<p>&nbsp;<\/p>\n<p><!--more--><\/p>\n<p>Estos orejones de albaricoque tambi\u00e9n est\u00e1n disponibles en diferentes formatos: <span style=\"color: #d12727;\"><a style=\"color: #d12727;\" href=\"https:\/\/www.csj-emballages.com\/es\/produit\/4-4-latas-de-albaricoques-mumps-pelados-en-conserva\/\">Lata 4\/4<\/a><\/span> \/ <span style=\"color: #d12727;\"><a style=\"color: #d12727;\" href=\"https:\/\/www.csj-emballages.com\/es\/produit\/3-1-lata-de-albaricoques-sin-pelar-para-reposteria\/\">Lata 3\/1<\/a><\/span><\/p>\n<p>&nbsp;<\/p>\n<p><!--more--><\/p>\n<p><a href=\"https:\/\/www.csj-emballages.com\/es\/categorie-produit\/alimentacion-es\/alimentacion\/fruta-seca-y-fruta-en-almibar\/albaricoque\/\">Consulte el resto de nuestra gama de albaricoques<\/a><\/p>\n<\/div>\n<\/div>\n<\/div>\n<\/div>\n<\/div>\n<\/div>\n<\/div>\n<div id=\"dfd-widget-ztjp3rip\" class=\"dfd-widget\" data-dfd-view=\"Widget\" data-dfd-status=\"loading\">\n<div id=\"dfwidget-host-fcab42b2-fc1a-4b48-bcb7-1e7d3792ffcc\" class=\"dfwidget-host\"><\/div>\n<\/div>\n","protected":false},"excerpt":{"rendered":"<p>Mitades de albaricoque Descubra nuestras mitades de albaricoque sin pelar en conserva, lata 5\/1<\/p>\n","protected":false},"featured_media":260719,"template":"","meta":{"_acf_changed":false},"product_brand":[],"product_cat":[1162,1189,1200,5928],"product_tag":[],"class_list":{"0":"post-277274","1":"product","2":"type-product","3":"status-publish","4":"has-post-thumbnail","6":"product_cat-alimentacion-es","7":"product_cat-alimentacion","8":"product_cat-fruta-seca-y-fruta-en-almibar","9":"product_cat-albaricoque","11":"first","12":"instock","13":"taxable","14":"shipping-taxable","15":"purchasable","16":"product-type-simple"},"acf":[],"yoast_head":"<!-- This site is optimized with the Yoast SEO Premium plugin v26.6 (Yoast SEO v26.6) - https:\/\/yoast.com\/wordpress\/plugins\/seo\/ -->\n<title>Mitades de Albaricoque sin Pelar en Conserva, Lata 5\/1<\/title>\n<meta name=\"description\" content=\"Mitades de albaricoque sin pelar en conserva, lata 5\/1, ideales para pasteler\u00eda y restauraci\u00f3n. Pr\u00e1cticas, tiernas y uniformes.\" \/>\n<meta name=\"robots\" content=\"index, follow, max-snippet:-1, max-image-preview:large, max-video-preview:-1\" \/>\n<link rel=\"canonical\" href=\"https:\/\/www.csj-emballages.com\/es\/produit\/mitades-de-albaricoque-sin-pelar-en-conserva-lata-5-1\/\" \/>\n<meta property=\"og:locale\" content=\"es_ES\" \/>\n<meta property=\"og:type\" content=\"article\" \/>\n<meta property=\"og:title\" content=\"Mitades de albaricoque sin pelar en conserva, lata 5\/1\" \/>\n<meta property=\"og:description\" content=\"Mitades de albaricoque sin pelar en conserva, lata 5\/1, ideales para pasteler\u00eda y restauraci\u00f3n. Pr\u00e1cticas, tiernas y uniformes.\" \/>\n<meta property=\"og:url\" content=\"https:\/\/www.csj-emballages.com\/es\/produit\/mitades-de-albaricoque-sin-pelar-en-conserva-lata-5-1\/\" \/>\n<meta property=\"og:site_name\" content=\"CSJ Emballages\" \/>\n<meta property=\"article:publisher\" content=\"https:\/\/www.facebook.com\/csjemballages\" \/>\n<meta property=\"article:modified_time\" content=\"2026-04-15T00:10:14+00:00\" \/>\n<meta property=\"og:image\" content=\"https:\/\/www.csj-emballages.com\/wp-content\/uploads\/2024\/05\/010036-.webp\" \/>\n\t<meta property=\"og:image:width\" content=\"800\" \/>\n\t<meta property=\"og:image:height\" content=\"800\" \/>\n\t<meta property=\"og:image:type\" content=\"image\/webp\" \/>\n<meta name=\"twitter:card\" content=\"summary_large_image\" \/>\n<meta name=\"twitter:label1\" content=\"Tiempo de lectura\" \/>\n\t<meta name=\"twitter:data1\" content=\"2 minutos\" \/>\n<script type=\"application\/ld+json\" class=\"yoast-schema-graph\">{\"@context\":\"https:\/\/schema.org\",\"@graph\":[{\"@type\":\"WebPage\",\"@id\":\"https:\/\/www.csj-emballages.com\/es\/produit\/mitades-de-albaricoque-sin-pelar-en-conserva-lata-5-1\/\",\"url\":\"https:\/\/www.csj-emballages.com\/es\/produit\/mitades-de-albaricoque-sin-pelar-en-conserva-lata-5-1\/\",\"name\":\"Mitades de Albaricoque sin Pelar en Conserva, Lata 5\/1\",\"isPartOf\":{\"@id\":\"https:\/\/www.csj-emballages.com\/es\/#website\"},\"primaryImageOfPage\":{\"@id\":\"https:\/\/www.csj-emballages.com\/es\/produit\/mitades-de-albaricoque-sin-pelar-en-conserva-lata-5-1\/#primaryimage\"},\"image\":{\"@id\":\"https:\/\/www.csj-emballages.com\/es\/produit\/mitades-de-albaricoque-sin-pelar-en-conserva-lata-5-1\/#primaryimage\"},\"thumbnailUrl\":\"https:\/\/www.csj-emballages.com\/wp-content\/uploads\/2024\/05\/010036-.webp\",\"datePublished\":\"2026-04-13T06:18:14+00:00\",\"dateModified\":\"2026-04-15T00:10:14+00:00\",\"description\":\"Mitades de albaricoque sin pelar en conserva, lata 5\/1, ideales para pasteler\u00eda y restauraci\u00f3n. Pr\u00e1cticas, tiernas y uniformes.\",\"breadcrumb\":{\"@id\":\"https:\/\/www.csj-emballages.com\/es\/produit\/mitades-de-albaricoque-sin-pelar-en-conserva-lata-5-1\/#breadcrumb\"},\"inLanguage\":\"es\",\"potentialAction\":[{\"@type\":\"ReadAction\",\"target\":[\"https:\/\/www.csj-emballages.com\/es\/produit\/mitades-de-albaricoque-sin-pelar-en-conserva-lata-5-1\/\"]}]},{\"@type\":\"ImageObject\",\"inLanguage\":\"es\",\"@id\":\"https:\/\/www.csj-emballages.com\/es\/produit\/mitades-de-albaricoque-sin-pelar-en-conserva-lata-5-1\/#primaryimage\",\"url\":\"https:\/\/www.csj-emballages.com\/wp-content\/uploads\/2024\/05\/010036-.webp\",\"contentUrl\":\"https:\/\/www.csj-emballages.com\/wp-content\/uploads\/2024\/05\/010036-.webp\",\"width\":800,\"height\":800,\"caption\":\"Oreillons d'abricots\"},{\"@type\":\"BreadcrumbList\",\"@id\":\"https:\/\/www.csj-emballages.com\/es\/produit\/mitades-de-albaricoque-sin-pelar-en-conserva-lata-5-1\/#breadcrumb\",\"itemListElement\":[{\"@type\":\"ListItem\",\"position\":1,\"name\":\"Accueil\",\"item\":\"https:\/\/www.csj-emballages.com\/es\/universo-del-envasado-alimentario\/\"},{\"@type\":\"ListItem\",\"position\":2,\"name\":\"Tienda\",\"item\":\"https:\/\/www.csj-emballages.com\/tienda\/\"},{\"@type\":\"ListItem\",\"position\":3,\"name\":\"Mitades de albaricoque sin pelar en conserva, lata 5\/1\"}]},{\"@type\":\"WebSite\",\"@id\":\"https:\/\/www.csj-emballages.com\/es\/#website\",\"url\":\"https:\/\/www.csj-emballages.com\/es\/\",\"name\":\"CSJ Emballages\",\"description\":\"\",\"publisher\":{\"@id\":\"https:\/\/www.csj-emballages.com\/es\/#organization\"},\"potentialAction\":[{\"@type\":\"SearchAction\",\"target\":{\"@type\":\"EntryPoint\",\"urlTemplate\":\"https:\/\/www.csj-emballages.com\/es\/?s={search_term_string}\"},\"query-input\":{\"@type\":\"PropertyValueSpecification\",\"valueRequired\":true,\"valueName\":\"search_term_string\"}}],\"inLanguage\":\"es\"},{\"@type\":\"Organization\",\"@id\":\"https:\/\/www.csj-emballages.com\/es\/#Organization\/\",\"name\":\"CSJ Emballages\",\"url\":\"https:\/\/www.csj-emballages.com\/es\/\",\"logo\":{\"@type\":\"ImageObject\",\"inLanguage\":\"es\",\"@id\":\"https:\/\/www.csj-emballages.com\/es\/#\/schema\/logo\/image\/\",\"url\":\"https:\/\/www.csj-emballages.com\/wp-content\/uploads\/2023\/10\/logo_csj.webp\",\"contentUrl\":\"https:\/\/www.csj-emballages.com\/wp-content\/uploads\/2023\/10\/logo_csj.webp\",\"width\":250,\"height\":95,\"caption\":\"CSJ Emballages\"},\"image\":{\"@id\":\"https:\/\/www.csj-emballages.com\/es\/#\/schema\/logo\/image\/\"},\"sameAs\":[\"https:\/\/www.facebook.com\/csjemballages\"],\"address\":{\"@type\":\"PostalAddress\",\"streetAddress\":\"ZI La Lechere\",\"addressLocality\":\"Patornay\",\"postalCode\":\"39130\",\"addressCountry\":\"FR\"},\"contactPoint\":[{\"@type\":\"ContactPoint\",\"contactType\":\"Service client\",\"telephone\":\"0384254272\",\"email\":\"contact@csj-emballages.com\"}]}]}<\/script>\n<!-- \/ Yoast SEO Premium plugin. -->","yoast_head_json":{"title":"Mitades de Albaricoque sin Pelar en Conserva, Lata 5\/1","description":"Mitades de albaricoque sin pelar en conserva, lata 5\/1, ideales para pasteler\u00eda y restauraci\u00f3n. Pr\u00e1cticas, tiernas y uniformes.","robots":{"index":"index","follow":"follow","max-snippet":"max-snippet:-1","max-image-preview":"max-image-preview:large","max-video-preview":"max-video-preview:-1"},"canonical":"https:\/\/www.csj-emballages.com\/es\/produit\/mitades-de-albaricoque-sin-pelar-en-conserva-lata-5-1\/","og_locale":"es_ES","og_type":"article","og_title":"Mitades de albaricoque sin pelar en conserva, lata 5\/1","og_description":"Mitades de albaricoque sin pelar en conserva, lata 5\/1, ideales para pasteler\u00eda y restauraci\u00f3n. Pr\u00e1cticas, tiernas y uniformes.","og_url":"https:\/\/www.csj-emballages.com\/es\/produit\/mitades-de-albaricoque-sin-pelar-en-conserva-lata-5-1\/","og_site_name":"CSJ Emballages","article_publisher":"https:\/\/www.facebook.com\/csjemballages","article_modified_time":"2026-04-15T00:10:14+00:00","og_image":[{"width":800,"height":800,"url":"https:\/\/www.csj-emballages.com\/wp-content\/uploads\/2024\/05\/010036-.webp","type":"image\/webp"}],"twitter_card":"summary_large_image","twitter_misc":{"Tiempo de lectura":"2 minutos"},"schema":{"@context":"https:\/\/schema.org","@graph":[{"@type":"WebPage","@id":"https:\/\/www.csj-emballages.com\/es\/produit\/mitades-de-albaricoque-sin-pelar-en-conserva-lata-5-1\/","url":"https:\/\/www.csj-emballages.com\/es\/produit\/mitades-de-albaricoque-sin-pelar-en-conserva-lata-5-1\/","name":"Mitades de Albaricoque sin Pelar en Conserva, Lata 5\/1","isPartOf":{"@id":"https:\/\/www.csj-emballages.com\/es\/#website"},"primaryImageOfPage":{"@id":"https:\/\/www.csj-emballages.com\/es\/produit\/mitades-de-albaricoque-sin-pelar-en-conserva-lata-5-1\/#primaryimage"},"image":{"@id":"https:\/\/www.csj-emballages.com\/es\/produit\/mitades-de-albaricoque-sin-pelar-en-conserva-lata-5-1\/#primaryimage"},"thumbnailUrl":"https:\/\/www.csj-emballages.com\/wp-content\/uploads\/2024\/05\/010036-.webp","datePublished":"2026-04-13T06:18:14+00:00","dateModified":"2026-04-15T00:10:14+00:00","description":"Mitades de albaricoque sin pelar en conserva, lata 5\/1, ideales para pasteler\u00eda y restauraci\u00f3n. Pr\u00e1cticas, tiernas y uniformes.","breadcrumb":{"@id":"https:\/\/www.csj-emballages.com\/es\/produit\/mitades-de-albaricoque-sin-pelar-en-conserva-lata-5-1\/#breadcrumb"},"inLanguage":"es","potentialAction":[{"@type":"ReadAction","target":["https:\/\/www.csj-emballages.com\/es\/produit\/mitades-de-albaricoque-sin-pelar-en-conserva-lata-5-1\/"]}]},{"@type":"ImageObject","inLanguage":"es","@id":"https:\/\/www.csj-emballages.com\/es\/produit\/mitades-de-albaricoque-sin-pelar-en-conserva-lata-5-1\/#primaryimage","url":"https:\/\/www.csj-emballages.com\/wp-content\/uploads\/2024\/05\/010036-.webp","contentUrl":"https:\/\/www.csj-emballages.com\/wp-content\/uploads\/2024\/05\/010036-.webp","width":800,"height":800,"caption":"Oreillons d'abricots"},{"@type":"BreadcrumbList","@id":"https:\/\/www.csj-emballages.com\/es\/produit\/mitades-de-albaricoque-sin-pelar-en-conserva-lata-5-1\/#breadcrumb","itemListElement":[{"@type":"ListItem","position":1,"name":"Accueil","item":"https:\/\/www.csj-emballages.com\/es\/universo-del-envasado-alimentario\/"},{"@type":"ListItem","position":2,"name":"Tienda","item":"https:\/\/www.csj-emballages.com\/tienda\/"},{"@type":"ListItem","position":3,"name":"Mitades de albaricoque sin pelar en conserva, lata 5\/1"}]},{"@type":"WebSite","@id":"https:\/\/www.csj-emballages.com\/es\/#website","url":"https:\/\/www.csj-emballages.com\/es\/","name":"CSJ Emballages","description":"","publisher":{"@id":"https:\/\/www.csj-emballages.com\/es\/#organization"},"potentialAction":[{"@type":"SearchAction","target":{"@type":"EntryPoint","urlTemplate":"https:\/\/www.csj-emballages.com\/es\/?s={search_term_string}"},"query-input":{"@type":"PropertyValueSpecification","valueRequired":true,"valueName":"search_term_string"}}],"inLanguage":"es"},{"@type":"Organization","@id":"https:\/\/www.csj-emballages.com\/es\/#Organization\/","name":"CSJ Emballages","url":"https:\/\/www.csj-emballages.com\/es\/","logo":{"@type":"ImageObject","inLanguage":"es","@id":"https:\/\/www.csj-emballages.com\/es\/#\/schema\/logo\/image\/","url":"https:\/\/www.csj-emballages.com\/wp-content\/uploads\/2023\/10\/logo_csj.webp","contentUrl":"https:\/\/www.csj-emballages.com\/wp-content\/uploads\/2023\/10\/logo_csj.webp","width":250,"height":95,"caption":"CSJ Emballages"},"image":{"@id":"https:\/\/www.csj-emballages.com\/es\/#\/schema\/logo\/image\/"},"sameAs":["https:\/\/www.facebook.com\/csjemballages"],"address":{"@type":"PostalAddress","streetAddress":"ZI La Lechere","addressLocality":"Patornay","postalCode":"39130","addressCountry":"FR"},"contactPoint":[{"@type":"ContactPoint","contactType":"Service client","telephone":"0384254272","email":"contact@csj-emballages.com"}]}]}},"df_price":14.99,"df_sale_price":"","df_regular_price":14.99,"df_image_link":"https:\/\/www.csj-emballages.com\/wp-content\/uploads\/2024\/05\/010036--300x300.webp","tiered_pricing_type":"fixed","tiered_pricing_fixed_rules":[],"tiered_pricing_percentage_rules":[],"tiered_pricing_minimum":1,"tiered_pricing_roles_data":[],"_links":{"self":[{"href":"https:\/\/www.csj-emballages.com\/es\/wp-json\/wp\/v2\/product\/277274","targetHints":{"allow":["GET"]}}],"collection":[{"href":"https:\/\/www.csj-emballages.com\/es\/wp-json\/wp\/v2\/product"}],"about":[{"href":"https:\/\/www.csj-emballages.com\/es\/wp-json\/wp\/v2\/types\/product"}],"wp:featuredmedia":[{"embeddable":true,"href":"https:\/\/www.csj-emballages.com\/es\/wp-json\/wp\/v2\/media\/260719"}],"wp:attachment":[{"href":"https:\/\/www.csj-emballages.com\/es\/wp-json\/wp\/v2\/media?parent=277274"}],"wp:term":[{"taxonomy":"product_brand","embeddable":true,"href":"https:\/\/www.csj-emballages.com\/es\/wp-json\/wp\/v2\/product_brand?post=277274"},{"taxonomy":"product_cat","embeddable":true,"href":"https:\/\/www.csj-emballages.com\/es\/wp-json\/wp\/v2\/product_cat?post=277274"},{"taxonomy":"product_tag","embeddable":true,"href":"https:\/\/www.csj-emballages.com\/es\/wp-json\/wp\/v2\/product_tag?post=277274"}],"curies":[{"name":"wp","href":"https:\/\/api.w.org\/{rel}","templated":true}]}}