{"id":277226,"date":"2026-04-02T16:18:22","date_gmt":"2026-04-02T14:18:22","guid":{"rendered":"https:\/\/www.csj-emballages.com\/produit\/caja-de-pasteleria-con-asa-amaya-16-x-18-x-7-cm-50-uds\/"},"modified":"2026-04-14T08:00:36","modified_gmt":"2026-04-14T06:00:36","slug":"caja-de-pasteleria-con-asa-amaya-16-x-18-x-7-cm-50-uds","status":"publish","type":"product","link":"https:\/\/www.csj-emballages.com\/es\/produit\/caja-de-pasteleria-con-asa-amaya-16-x-18-x-7-cm-50-uds\/","title":{"rendered":"Caja de pasteler\u00eda con asa Amaya 16 x 18 x 7 cm, 50 uds."},"content":{"rendered":"<h2>Estuche para pasteles<\/h2>\n<hr>\n<h3>Descubra nuestra caja de pasteler\u00eda con asa Amaya 16 x 18 x 7 cm, 50 uds.<\/h3>\n<p><!--more--><\/p>\n<p data-start=\"88\" data-end=\"377\">Aporte un toque de frescura y delicadeza a sus dulces con esta <strong>caja de pasteler\u00eda<\/strong> de dise\u00f1o pastel moderno. Sus motivos de <strong>zigzag verde agua y beige<\/strong> crean una armon\u00eda visual <strong>suave y actual<\/strong>, ideal para realzar sus postres reflejando una imagen cuidada y profesional. <\/p>\n<p data-start=\"379\" data-end=\"639\">Dise\u00f1ada para combinar est\u00e9tica y practicidad, esta <strong>caja<\/strong> cuenta con un <strong>asa integrada<\/strong> que facilita el transporte. Es perfecta para sus clientes en sus compras para llevar, garantizando una protecci\u00f3n \u00f3ptima de sus creaciones. <\/p>\n<p data-start=\"379\" data-end=\"639\">Con sus colores relajantes y su estilo gr\u00e1fico, esta caja evoca de inmediato la exquisitez y la finura. Es ideal para poner en valor pasteler\u00eda artesanal, postres o surtidos dulces para regalo. <\/p>\n<p data-start=\"939\" data-end=\"1036\">Los dise\u00f1os apetitosos integrados refuerzan el efecto de escaparate y atraen desde la primera mirada.<\/p>\n<p data-start=\"404\" data-end=\"684\"><!--more--><\/p>\n<h4 data-start=\"404\" data-end=\"684\">Ventajas :<\/h4>\n<ul>\n<li data-section-id=\"1xc26zo\" data-start=\"1076\" data-end=\"1155\"><strong data-start=\"1081\" data-end=\"1106\">Dise\u00f1o pastel elegante<\/strong>: motivos de zigzag modernos en verde agua y beige<\/li>\n<li data-section-id=\"e0q14r\" data-start=\"1156\" data-end=\"1215\"><strong data-start=\"1162\" data-end=\"1182\">Asa integrada<\/strong>: transporte f\u00e1cil y seguro<\/li>\n<li data-section-id=\"lg5cim\" data-start=\"1216\" data-end=\"1296\">Estructura s\u00f3lida para proteger sus dulces<\/li>\n<li data-section-id=\"m5o0ey\" data-start=\"1297\" data-end=\"1372\">Dise\u00f1os apetitosos que realzan sus creaciones<\/li>\n<li data-section-id=\"1ip6yxb\" data-start=\"1373\" data-end=\"1443\"><strong data-start=\"1378\" data-end=\"1406\">Montaje sencillo y r\u00e1pido<\/strong>: pr\u00e1ctico para el uso diario<\/li>\n<li data-section-id=\"1a05r2c\" data-start=\"1508\" data-end=\"1572\">Apta para numerosos tipos de postres<\/li>\n<\/ul>\n<h4 data-start=\"404\" data-end=\"684\"><\/h4>\n<p><!--more--><\/p>\n<h4>Informaci\u00f3n adicional :<\/h4>\n<ul>\n<li><strong>Envase<\/strong>: Paquete de 50<\/li>\n<li><strong>Dimensiones<\/strong>: 16 x 18 x 7 cm<\/li>\n<li><strong>Color<\/strong>: Verde \/ Beige<\/li>\n<\/ul>\n<p>&nbsp;<\/p>\n<p><!--more--><\/p>\n<p><a href=\"https:\/\/www.csj-emballages.com\/es\/categorie-produit\/envasado-de-alimentos\/descuentos\/\">Ver el resto de nuestros productos en liquidaci\u00f3n de existencias<\/a><\/p>\n","protected":false},"excerpt":{"rendered":"<p>Estuche para pasteles Descubra nuestra caja de pasteler\u00eda con asa Amaya 16 x 18 x 7 cm, 50 uds.<\/p>\n","protected":false},"featured_media":277222,"template":"","meta":{"_acf_changed":false},"product_brand":[],"product_cat":[1150,1270],"product_tag":[],"class_list":{"0":"post-277226","1":"product","2":"type-product","3":"status-publish","4":"has-post-thumbnail","6":"product_cat-envasado-de-alimentos","7":"product_cat-descuentos","9":"first","10":"instock","11":"sale","12":"taxable","13":"shipping-taxable","14":"purchasable","15":"product-type-simple"},"acf":[],"yoast_head":"<!-- This site is optimized with the Yoast SEO Premium plugin v26.6 (Yoast SEO v26.6) - https:\/\/yoast.com\/wordpress\/plugins\/seo\/ -->\n<title>Caja de Pasteler\u00eda con Asa Amaya 16 x 18 x 7 cm, 50 uds.<\/title>\n<meta name=\"description\" content=\"Caja de pasteler\u00eda pastel con asa: elegante y pr\u00e1ctica para transportar y realzar sus tartas y postres con un dise\u00f1o suave y moderno.\" \/>\n<meta name=\"robots\" content=\"index, follow, max-snippet:-1, max-image-preview:large, max-video-preview:-1\" \/>\n<link rel=\"canonical\" href=\"https:\/\/www.csj-emballages.com\/es\/produit\/caja-de-pasteleria-con-asa-amaya-16-x-18-x-7-cm-50-uds\/\" \/>\n<meta property=\"og:locale\" content=\"es_ES\" \/>\n<meta property=\"og:type\" content=\"article\" \/>\n<meta property=\"og:title\" content=\"Caja de pasteler\u00eda con asa Amaya 16 x 18 x 7 cm, 50 uds.\" \/>\n<meta property=\"og:description\" content=\"Caja de pasteler\u00eda pastel con asa: elegante y pr\u00e1ctica para transportar y realzar sus tartas y postres con un dise\u00f1o suave y moderno.\" \/>\n<meta property=\"og:url\" content=\"https:\/\/www.csj-emballages.com\/es\/produit\/caja-de-pasteleria-con-asa-amaya-16-x-18-x-7-cm-50-uds\/\" \/>\n<meta property=\"og:site_name\" content=\"CSJ Emballages\" \/>\n<meta property=\"article:publisher\" content=\"https:\/\/www.facebook.com\/csjemballages\" \/>\n<meta property=\"article:modified_time\" content=\"2026-04-14T06:00:36+00:00\" \/>\n<meta property=\"og:image\" content=\"https:\/\/www.csj-emballages.com\/wp-content\/uploads\/2026\/04\/CPP1618AMA.webp\" \/>\n\t<meta property=\"og:image:width\" content=\"800\" \/>\n\t<meta property=\"og:image:height\" content=\"800\" \/>\n\t<meta property=\"og:image:type\" content=\"image\/webp\" \/>\n<meta name=\"twitter:card\" content=\"summary_large_image\" \/>\n<meta name=\"twitter:label1\" content=\"Tiempo de lectura\" \/>\n\t<meta name=\"twitter:data1\" content=\"1 minuto\" \/>\n<script type=\"application\/ld+json\" class=\"yoast-schema-graph\">{\"@context\":\"https:\/\/schema.org\",\"@graph\":[{\"@type\":\"WebPage\",\"@id\":\"https:\/\/www.csj-emballages.com\/es\/produit\/caja-de-pasteleria-con-asa-amaya-16-x-18-x-7-cm-50-uds\/\",\"url\":\"https:\/\/www.csj-emballages.com\/es\/produit\/caja-de-pasteleria-con-asa-amaya-16-x-18-x-7-cm-50-uds\/\",\"name\":\"Caja de Pasteler\u00eda con Asa Amaya 16 x 18 x 7 cm, 50 uds.\",\"isPartOf\":{\"@id\":\"https:\/\/www.csj-emballages.com\/es\/#website\"},\"primaryImageOfPage\":{\"@id\":\"https:\/\/www.csj-emballages.com\/es\/produit\/caja-de-pasteleria-con-asa-amaya-16-x-18-x-7-cm-50-uds\/#primaryimage\"},\"image\":{\"@id\":\"https:\/\/www.csj-emballages.com\/es\/produit\/caja-de-pasteleria-con-asa-amaya-16-x-18-x-7-cm-50-uds\/#primaryimage\"},\"thumbnailUrl\":\"https:\/\/www.csj-emballages.com\/wp-content\/uploads\/2026\/04\/CPP1618AMA.webp\",\"datePublished\":\"2026-04-02T14:18:22+00:00\",\"dateModified\":\"2026-04-14T06:00:36+00:00\",\"description\":\"Caja de pasteler\u00eda pastel con asa: elegante y pr\u00e1ctica para transportar y realzar sus tartas y postres con un dise\u00f1o suave y moderno.\",\"breadcrumb\":{\"@id\":\"https:\/\/www.csj-emballages.com\/es\/produit\/caja-de-pasteleria-con-asa-amaya-16-x-18-x-7-cm-50-uds\/#breadcrumb\"},\"inLanguage\":\"es\",\"potentialAction\":[{\"@type\":\"ReadAction\",\"target\":[\"https:\/\/www.csj-emballages.com\/es\/produit\/caja-de-pasteleria-con-asa-amaya-16-x-18-x-7-cm-50-uds\/\"]}]},{\"@type\":\"ImageObject\",\"inLanguage\":\"es\",\"@id\":\"https:\/\/www.csj-emballages.com\/es\/produit\/caja-de-pasteleria-con-asa-amaya-16-x-18-x-7-cm-50-uds\/#primaryimage\",\"url\":\"https:\/\/www.csj-emballages.com\/wp-content\/uploads\/2026\/04\/CPP1618AMA.webp\",\"contentUrl\":\"https:\/\/www.csj-emballages.com\/wp-content\/uploads\/2026\/04\/CPP1618AMA.webp\",\"width\":800,\"height\":800,\"caption\":\"Caissette p\u00e2tissi\u00e8re\"},{\"@type\":\"BreadcrumbList\",\"@id\":\"https:\/\/www.csj-emballages.com\/es\/produit\/caja-de-pasteleria-con-asa-amaya-16-x-18-x-7-cm-50-uds\/#breadcrumb\",\"itemListElement\":[{\"@type\":\"ListItem\",\"position\":1,\"name\":\"Accueil\",\"item\":\"https:\/\/www.csj-emballages.com\/es\/universo-del-envasado-alimentario\/\"},{\"@type\":\"ListItem\",\"position\":2,\"name\":\"Tienda\",\"item\":\"https:\/\/www.csj-emballages.com\/tienda\/\"},{\"@type\":\"ListItem\",\"position\":3,\"name\":\"Caja de pasteler\u00eda con asa Amaya 16 x 18 x 7 cm, 50 uds.\"}]},{\"@type\":\"WebSite\",\"@id\":\"https:\/\/www.csj-emballages.com\/es\/#website\",\"url\":\"https:\/\/www.csj-emballages.com\/es\/\",\"name\":\"CSJ Emballages\",\"description\":\"\",\"publisher\":{\"@id\":\"https:\/\/www.csj-emballages.com\/es\/#organization\"},\"potentialAction\":[{\"@type\":\"SearchAction\",\"target\":{\"@type\":\"EntryPoint\",\"urlTemplate\":\"https:\/\/www.csj-emballages.com\/es\/?s={search_term_string}\"},\"query-input\":{\"@type\":\"PropertyValueSpecification\",\"valueRequired\":true,\"valueName\":\"search_term_string\"}}],\"inLanguage\":\"es\"},{\"@type\":\"Organization\",\"@id\":\"https:\/\/www.csj-emballages.com\/es\/#Organization\/\",\"name\":\"CSJ Emballages\",\"url\":\"https:\/\/www.csj-emballages.com\/es\/\",\"logo\":{\"@type\":\"ImageObject\",\"inLanguage\":\"es\",\"@id\":\"https:\/\/www.csj-emballages.com\/es\/#\/schema\/logo\/image\/\",\"url\":\"https:\/\/www.csj-emballages.com\/wp-content\/uploads\/2023\/10\/logo_csj.webp\",\"contentUrl\":\"https:\/\/www.csj-emballages.com\/wp-content\/uploads\/2023\/10\/logo_csj.webp\",\"width\":250,\"height\":95,\"caption\":\"CSJ Emballages\"},\"image\":{\"@id\":\"https:\/\/www.csj-emballages.com\/es\/#\/schema\/logo\/image\/\"},\"sameAs\":[\"https:\/\/www.facebook.com\/csjemballages\"],\"address\":{\"@type\":\"PostalAddress\",\"streetAddress\":\"ZI La Lechere\",\"addressLocality\":\"Patornay\",\"postalCode\":\"39130\",\"addressCountry\":\"FR\"},\"contactPoint\":[{\"@type\":\"ContactPoint\",\"contactType\":\"Service client\",\"telephone\":\"0384254272\",\"email\":\"contact@csj-emballages.com\"}]}]}<\/script>\n<!-- \/ Yoast SEO Premium plugin. -->","yoast_head_json":{"title":"Caja de Pasteler\u00eda con Asa Amaya 16 x 18 x 7 cm, 50 uds.","description":"Caja de pasteler\u00eda pastel con asa: elegante y pr\u00e1ctica para transportar y realzar sus tartas y postres con un dise\u00f1o suave y moderno.","robots":{"index":"index","follow":"follow","max-snippet":"max-snippet:-1","max-image-preview":"max-image-preview:large","max-video-preview":"max-video-preview:-1"},"canonical":"https:\/\/www.csj-emballages.com\/es\/produit\/caja-de-pasteleria-con-asa-amaya-16-x-18-x-7-cm-50-uds\/","og_locale":"es_ES","og_type":"article","og_title":"Caja de pasteler\u00eda con asa Amaya 16 x 18 x 7 cm, 50 uds.","og_description":"Caja de pasteler\u00eda pastel con asa: elegante y pr\u00e1ctica para transportar y realzar sus tartas y postres con un dise\u00f1o suave y moderno.","og_url":"https:\/\/www.csj-emballages.com\/es\/produit\/caja-de-pasteleria-con-asa-amaya-16-x-18-x-7-cm-50-uds\/","og_site_name":"CSJ Emballages","article_publisher":"https:\/\/www.facebook.com\/csjemballages","article_modified_time":"2026-04-14T06:00:36+00:00","og_image":[{"width":800,"height":800,"url":"https:\/\/www.csj-emballages.com\/wp-content\/uploads\/2026\/04\/CPP1618AMA.webp","type":"image\/webp"}],"twitter_card":"summary_large_image","twitter_misc":{"Tiempo de lectura":"1 minuto"},"schema":{"@context":"https:\/\/schema.org","@graph":[{"@type":"WebPage","@id":"https:\/\/www.csj-emballages.com\/es\/produit\/caja-de-pasteleria-con-asa-amaya-16-x-18-x-7-cm-50-uds\/","url":"https:\/\/www.csj-emballages.com\/es\/produit\/caja-de-pasteleria-con-asa-amaya-16-x-18-x-7-cm-50-uds\/","name":"Caja de Pasteler\u00eda con Asa Amaya 16 x 18 x 7 cm, 50 uds.","isPartOf":{"@id":"https:\/\/www.csj-emballages.com\/es\/#website"},"primaryImageOfPage":{"@id":"https:\/\/www.csj-emballages.com\/es\/produit\/caja-de-pasteleria-con-asa-amaya-16-x-18-x-7-cm-50-uds\/#primaryimage"},"image":{"@id":"https:\/\/www.csj-emballages.com\/es\/produit\/caja-de-pasteleria-con-asa-amaya-16-x-18-x-7-cm-50-uds\/#primaryimage"},"thumbnailUrl":"https:\/\/www.csj-emballages.com\/wp-content\/uploads\/2026\/04\/CPP1618AMA.webp","datePublished":"2026-04-02T14:18:22+00:00","dateModified":"2026-04-14T06:00:36+00:00","description":"Caja de pasteler\u00eda pastel con asa: elegante y pr\u00e1ctica para transportar y realzar sus tartas y postres con un dise\u00f1o suave y moderno.","breadcrumb":{"@id":"https:\/\/www.csj-emballages.com\/es\/produit\/caja-de-pasteleria-con-asa-amaya-16-x-18-x-7-cm-50-uds\/#breadcrumb"},"inLanguage":"es","potentialAction":[{"@type":"ReadAction","target":["https:\/\/www.csj-emballages.com\/es\/produit\/caja-de-pasteleria-con-asa-amaya-16-x-18-x-7-cm-50-uds\/"]}]},{"@type":"ImageObject","inLanguage":"es","@id":"https:\/\/www.csj-emballages.com\/es\/produit\/caja-de-pasteleria-con-asa-amaya-16-x-18-x-7-cm-50-uds\/#primaryimage","url":"https:\/\/www.csj-emballages.com\/wp-content\/uploads\/2026\/04\/CPP1618AMA.webp","contentUrl":"https:\/\/www.csj-emballages.com\/wp-content\/uploads\/2026\/04\/CPP1618AMA.webp","width":800,"height":800,"caption":"Caissette p\u00e2tissi\u00e8re"},{"@type":"BreadcrumbList","@id":"https:\/\/www.csj-emballages.com\/es\/produit\/caja-de-pasteleria-con-asa-amaya-16-x-18-x-7-cm-50-uds\/#breadcrumb","itemListElement":[{"@type":"ListItem","position":1,"name":"Accueil","item":"https:\/\/www.csj-emballages.com\/es\/universo-del-envasado-alimentario\/"},{"@type":"ListItem","position":2,"name":"Tienda","item":"https:\/\/www.csj-emballages.com\/tienda\/"},{"@type":"ListItem","position":3,"name":"Caja de pasteler\u00eda con asa Amaya 16 x 18 x 7 cm, 50 uds."}]},{"@type":"WebSite","@id":"https:\/\/www.csj-emballages.com\/es\/#website","url":"https:\/\/www.csj-emballages.com\/es\/","name":"CSJ Emballages","description":"","publisher":{"@id":"https:\/\/www.csj-emballages.com\/es\/#organization"},"potentialAction":[{"@type":"SearchAction","target":{"@type":"EntryPoint","urlTemplate":"https:\/\/www.csj-emballages.com\/es\/?s={search_term_string}"},"query-input":{"@type":"PropertyValueSpecification","valueRequired":true,"valueName":"search_term_string"}}],"inLanguage":"es"},{"@type":"Organization","@id":"https:\/\/www.csj-emballages.com\/es\/#Organization\/","name":"CSJ Emballages","url":"https:\/\/www.csj-emballages.com\/es\/","logo":{"@type":"ImageObject","inLanguage":"es","@id":"https:\/\/www.csj-emballages.com\/es\/#\/schema\/logo\/image\/","url":"https:\/\/www.csj-emballages.com\/wp-content\/uploads\/2023\/10\/logo_csj.webp","contentUrl":"https:\/\/www.csj-emballages.com\/wp-content\/uploads\/2023\/10\/logo_csj.webp","width":250,"height":95,"caption":"CSJ Emballages"},"image":{"@id":"https:\/\/www.csj-emballages.com\/es\/#\/schema\/logo\/image\/"},"sameAs":["https:\/\/www.facebook.com\/csjemballages"],"address":{"@type":"PostalAddress","streetAddress":"ZI La Lechere","addressLocality":"Patornay","postalCode":"39130","addressCountry":"FR"},"contactPoint":[{"@type":"ContactPoint","contactType":"Service client","telephone":"0384254272","email":"contact@csj-emballages.com"}]}]}},"df_price":12.23,"df_sale_price":12.23,"df_regular_price":24.46,"df_image_link":"https:\/\/www.csj-emballages.com\/wp-content\/uploads\/2026\/04\/CPP1618AMA-300x300.webp","tiered_pricing_type":"fixed","tiered_pricing_fixed_rules":[],"tiered_pricing_percentage_rules":[],"tiered_pricing_minimum":1,"tiered_pricing_roles_data":[],"_links":{"self":[{"href":"https:\/\/www.csj-emballages.com\/es\/wp-json\/wp\/v2\/product\/277226","targetHints":{"allow":["GET"]}}],"collection":[{"href":"https:\/\/www.csj-emballages.com\/es\/wp-json\/wp\/v2\/product"}],"about":[{"href":"https:\/\/www.csj-emballages.com\/es\/wp-json\/wp\/v2\/types\/product"}],"wp:featuredmedia":[{"embeddable":true,"href":"https:\/\/www.csj-emballages.com\/es\/wp-json\/wp\/v2\/media\/277222"}],"wp:attachment":[{"href":"https:\/\/www.csj-emballages.com\/es\/wp-json\/wp\/v2\/media?parent=277226"}],"wp:term":[{"taxonomy":"product_brand","embeddable":true,"href":"https:\/\/www.csj-emballages.com\/es\/wp-json\/wp\/v2\/product_brand?post=277226"},{"taxonomy":"product_cat","embeddable":true,"href":"https:\/\/www.csj-emballages.com\/es\/wp-json\/wp\/v2\/product_cat?post=277226"},{"taxonomy":"product_tag","embeddable":true,"href":"https:\/\/www.csj-emballages.com\/es\/wp-json\/wp\/v2\/product_tag?post=277226"}],"curies":[{"name":"wp","href":"https:\/\/api.w.org\/{rel}","templated":true}]}}