{"id":277197,"date":"2026-04-02T16:18:13","date_gmt":"2026-04-02T14:18:13","guid":{"rendered":"https:\/\/www.csj-emballages.com\/produit\/caja-de-pasteleria-de-carton-decorada-arthur-20-x-8-cm-50-uds\/"},"modified":"2026-04-15T02:11:43","modified_gmt":"2026-04-15T00:11:43","slug":"caja-de-pasteleria-de-carton-decorada-arthur-20-x-8-cm-50-uds","status":"publish","type":"product","link":"https:\/\/www.csj-emballages.com\/es\/produit\/caja-de-pasteleria-de-carton-decorada-arthur-20-x-8-cm-50-uds\/","title":{"rendered":"Caja de pasteler\u00eda de cart\u00f3n decorada Arthur 20 x 8 cm, 50 uds."},"content":{"rendered":"<h2>Caja para pasteles<\/h2>\n<hr>\n<h3>Descubra nuestra caja de pasteler\u00eda de cart\u00f3n decorada Arthur 20 x 8 cm, 50 uds.<\/h3>\n<p><!--more--><\/p>\n<p data-start=\"84\" data-end=\"374\">Ofrezca a sus dulces un embalaje a la altura de su calidad con esta <strong>caja de pasteler\u00eda<\/strong> de dise\u00f1o moderno y refinado. Su combinaci\u00f3n de motivos <strong>geom\u00e9tricos verdes y acabados violetas<\/strong> crea un contraste elegante y original, perfecto para atraer la mirada y realzar sus postres. <\/p>\n<p data-start=\"376\" data-end=\"647\">Pensada tanto para profesionales exigentes como para particulares apasionados, esta <strong>caja para tartas<\/strong> combina est\u00e9tica y practicidad. Su amplio frontal decorado permite entrever sus creaciones protegi\u00e9ndolas eficazmente, ideal para despertar el deseo a primera vista. <\/p>\n<p data-start=\"376\" data-end=\"647\">\n<p data-start=\"404\" data-end=\"684\"><!--more--><\/p>\n<h4 data-start=\"404\" data-end=\"684\">Ventajas :<\/h4>\n<ul>\n<li data-section-id=\"7ro4cg\" data-start=\"961\" data-end=\"1059\">Motivos verdes combinados con elegantes acabados violetas<\/li>\n<li data-section-id=\"ditpxg\" data-start=\"1139\" data-end=\"1215\"><strong data-start=\"1144\" data-end=\"1167\">Protecci\u00f3n \u00f3ptima<\/strong>: estructura r\u00edgida para un transporte seguro<\/li>\n<li data-section-id=\"1dteysb\" data-start=\"1216\" data-end=\"1299\"><strong data-start=\"1221\" data-end=\"1239\">Montaje sencillo<\/strong>: r\u00e1pido y pr\u00e1ctico para ahorrar tiempo en la preparaci\u00f3n<\/li>\n<li data-section-id=\"1n3m2l5\" data-start=\"1300\" data-end=\"1376\">Ideal para tartas, entremeses y reposter\u00eda variada<\/li>\n<li data-section-id=\"1dwknk\" data-start=\"1377\" data-end=\"1440\"><strong data-start=\"1382\" data-end=\"1400\">Cart\u00f3n robusto<\/strong>: soluci\u00f3n fiable y m\u00e1s responsable<\/li>\n<\/ul>\n<h4 data-start=\"404\" data-end=\"684\"><\/h4>\n<p><!--more--><\/p>\n<h4>Informaci\u00f3n adicional :<\/h4>\n<ul>\n<li><strong>Envase<\/strong>: Paquete de 50<\/li>\n<li><strong>Dimensiones<\/strong>: 20 x 8 cm<\/li>\n<li><strong>Color<\/strong>: Verde \/ Violeta \/ Blanco<\/li>\n<\/ul>\n<p>&nbsp;<\/p>\n<p><!--more--><\/p>\n<p><a href=\"https:\/\/www.csj-emballages.com\/es\/categorie-produit\/envasado-de-alimentos\/descuentos\/\">Ver el resto de nuestros productos en liquidaci\u00f3n de existencias<\/a><\/p>\n","protected":false},"excerpt":{"rendered":"<p>Caja para pasteles Descubra nuestra caja de pasteler\u00eda de cart\u00f3n decorada Arthur 20 x 8 cm, 50 uds.<\/p>\n","protected":false},"featured_media":277190,"template":"","meta":{"_acf_changed":false},"product_brand":[],"product_cat":[1150,1270],"product_tag":[],"class_list":{"0":"post-277197","1":"product","2":"type-product","3":"status-publish","4":"has-post-thumbnail","6":"product_cat-envasado-de-alimentos","7":"product_cat-descuentos","9":"first","10":"instock","11":"sale","12":"taxable","13":"shipping-taxable","14":"purchasable","15":"product-type-simple"},"acf":[],"yoast_head":"<!-- This site is optimized with the Yoast SEO Premium plugin v26.6 (Yoast SEO v26.6) - https:\/\/yoast.com\/wordpress\/plugins\/seo\/ -->\n<title>Caja de Pasteler\u00eda de Cart\u00f3n Decorada Arthur 20 x 8 cm, 50 uds.<\/title>\n<meta name=\"description\" content=\"Caja de pasteler\u00eda de cart\u00f3n modelo Arthur: ideal para transportar y realzar sus pasteles y postres con elegancia.\" \/>\n<meta name=\"robots\" content=\"index, follow, max-snippet:-1, max-image-preview:large, max-video-preview:-1\" \/>\n<link rel=\"canonical\" href=\"https:\/\/www.csj-emballages.com\/es\/produit\/caja-de-pasteleria-de-carton-decorada-arthur-20-x-8-cm-50-uds\/\" \/>\n<meta property=\"og:locale\" content=\"es_ES\" \/>\n<meta property=\"og:type\" content=\"article\" \/>\n<meta property=\"og:title\" content=\"Caja de pasteler\u00eda de cart\u00f3n decorada Arthur 20 x 8 cm, 50 uds.\" \/>\n<meta property=\"og:description\" content=\"Caja de pasteler\u00eda de cart\u00f3n modelo Arthur: ideal para transportar y realzar sus pasteles y postres con elegancia.\" \/>\n<meta property=\"og:url\" content=\"https:\/\/www.csj-emballages.com\/es\/produit\/caja-de-pasteleria-de-carton-decorada-arthur-20-x-8-cm-50-uds\/\" \/>\n<meta property=\"og:site_name\" content=\"CSJ Emballages\" \/>\n<meta property=\"article:publisher\" content=\"https:\/\/www.facebook.com\/csjemballages\" \/>\n<meta property=\"article:modified_time\" content=\"2026-04-15T00:11:43+00:00\" \/>\n<meta property=\"og:image\" content=\"https:\/\/www.csj-emballages.com\/wp-content\/uploads\/2026\/04\/BTP208ART.webp\" \/>\n\t<meta property=\"og:image:width\" content=\"800\" \/>\n\t<meta property=\"og:image:height\" content=\"800\" \/>\n\t<meta property=\"og:image:type\" content=\"image\/webp\" \/>\n<meta name=\"twitter:card\" content=\"summary_large_image\" \/>\n<meta name=\"twitter:label1\" content=\"Tiempo de lectura\" \/>\n\t<meta name=\"twitter:data1\" content=\"1 minuto\" \/>\n<script type=\"application\/ld+json\" class=\"yoast-schema-graph\">{\"@context\":\"https:\/\/schema.org\",\"@graph\":[{\"@type\":\"WebPage\",\"@id\":\"https:\/\/www.csj-emballages.com\/es\/produit\/caja-de-pasteleria-de-carton-decorada-arthur-20-x-8-cm-50-uds\/\",\"url\":\"https:\/\/www.csj-emballages.com\/es\/produit\/caja-de-pasteleria-de-carton-decorada-arthur-20-x-8-cm-50-uds\/\",\"name\":\"Caja de Pasteler\u00eda de Cart\u00f3n Decorada Arthur 20 x 8 cm, 50 uds.\",\"isPartOf\":{\"@id\":\"https:\/\/www.csj-emballages.com\/es\/#website\"},\"primaryImageOfPage\":{\"@id\":\"https:\/\/www.csj-emballages.com\/es\/produit\/caja-de-pasteleria-de-carton-decorada-arthur-20-x-8-cm-50-uds\/#primaryimage\"},\"image\":{\"@id\":\"https:\/\/www.csj-emballages.com\/es\/produit\/caja-de-pasteleria-de-carton-decorada-arthur-20-x-8-cm-50-uds\/#primaryimage\"},\"thumbnailUrl\":\"https:\/\/www.csj-emballages.com\/wp-content\/uploads\/2026\/04\/BTP208ART.webp\",\"datePublished\":\"2026-04-02T14:18:13+00:00\",\"dateModified\":\"2026-04-15T00:11:43+00:00\",\"description\":\"Caja de pasteler\u00eda de cart\u00f3n modelo Arthur: ideal para transportar y realzar sus pasteles y postres con elegancia.\",\"breadcrumb\":{\"@id\":\"https:\/\/www.csj-emballages.com\/es\/produit\/caja-de-pasteleria-de-carton-decorada-arthur-20-x-8-cm-50-uds\/#breadcrumb\"},\"inLanguage\":\"es\",\"potentialAction\":[{\"@type\":\"ReadAction\",\"target\":[\"https:\/\/www.csj-emballages.com\/es\/produit\/caja-de-pasteleria-de-carton-decorada-arthur-20-x-8-cm-50-uds\/\"]}]},{\"@type\":\"ImageObject\",\"inLanguage\":\"es\",\"@id\":\"https:\/\/www.csj-emballages.com\/es\/produit\/caja-de-pasteleria-de-carton-decorada-arthur-20-x-8-cm-50-uds\/#primaryimage\",\"url\":\"https:\/\/www.csj-emballages.com\/wp-content\/uploads\/2026\/04\/BTP208ART.webp\",\"contentUrl\":\"https:\/\/www.csj-emballages.com\/wp-content\/uploads\/2026\/04\/BTP208ART.webp\",\"width\":800,\"height\":800,\"caption\":\"Boite p\u00e2tissi\u00e8re\"},{\"@type\":\"BreadcrumbList\",\"@id\":\"https:\/\/www.csj-emballages.com\/es\/produit\/caja-de-pasteleria-de-carton-decorada-arthur-20-x-8-cm-50-uds\/#breadcrumb\",\"itemListElement\":[{\"@type\":\"ListItem\",\"position\":1,\"name\":\"Accueil\",\"item\":\"https:\/\/www.csj-emballages.com\/es\/universo-del-envasado-alimentario\/\"},{\"@type\":\"ListItem\",\"position\":2,\"name\":\"Tienda\",\"item\":\"https:\/\/www.csj-emballages.com\/tienda\/\"},{\"@type\":\"ListItem\",\"position\":3,\"name\":\"Caja de pasteler\u00eda de cart\u00f3n decorada Arthur 20 x 8 cm, 50 uds.\"}]},{\"@type\":\"WebSite\",\"@id\":\"https:\/\/www.csj-emballages.com\/es\/#website\",\"url\":\"https:\/\/www.csj-emballages.com\/es\/\",\"name\":\"CSJ Emballages\",\"description\":\"\",\"publisher\":{\"@id\":\"https:\/\/www.csj-emballages.com\/es\/#organization\"},\"potentialAction\":[{\"@type\":\"SearchAction\",\"target\":{\"@type\":\"EntryPoint\",\"urlTemplate\":\"https:\/\/www.csj-emballages.com\/es\/?s={search_term_string}\"},\"query-input\":{\"@type\":\"PropertyValueSpecification\",\"valueRequired\":true,\"valueName\":\"search_term_string\"}}],\"inLanguage\":\"es\"},{\"@type\":\"Organization\",\"@id\":\"https:\/\/www.csj-emballages.com\/es\/#Organization\/\",\"name\":\"CSJ Emballages\",\"url\":\"https:\/\/www.csj-emballages.com\/es\/\",\"logo\":{\"@type\":\"ImageObject\",\"inLanguage\":\"es\",\"@id\":\"https:\/\/www.csj-emballages.com\/es\/#\/schema\/logo\/image\/\",\"url\":\"https:\/\/www.csj-emballages.com\/wp-content\/uploads\/2023\/10\/logo_csj.webp\",\"contentUrl\":\"https:\/\/www.csj-emballages.com\/wp-content\/uploads\/2023\/10\/logo_csj.webp\",\"width\":250,\"height\":95,\"caption\":\"CSJ Emballages\"},\"image\":{\"@id\":\"https:\/\/www.csj-emballages.com\/es\/#\/schema\/logo\/image\/\"},\"sameAs\":[\"https:\/\/www.facebook.com\/csjemballages\"],\"address\":{\"@type\":\"PostalAddress\",\"streetAddress\":\"ZI La Lechere\",\"addressLocality\":\"Patornay\",\"postalCode\":\"39130\",\"addressCountry\":\"FR\"},\"contactPoint\":[{\"@type\":\"ContactPoint\",\"contactType\":\"Service client\",\"telephone\":\"0384254272\",\"email\":\"contact@csj-emballages.com\"}]}]}<\/script>\n<!-- \/ Yoast SEO Premium plugin. -->","yoast_head_json":{"title":"Caja de Pasteler\u00eda de Cart\u00f3n Decorada Arthur 20 x 8 cm, 50 uds.","description":"Caja de pasteler\u00eda de cart\u00f3n modelo Arthur: ideal para transportar y realzar sus pasteles y postres con elegancia.","robots":{"index":"index","follow":"follow","max-snippet":"max-snippet:-1","max-image-preview":"max-image-preview:large","max-video-preview":"max-video-preview:-1"},"canonical":"https:\/\/www.csj-emballages.com\/es\/produit\/caja-de-pasteleria-de-carton-decorada-arthur-20-x-8-cm-50-uds\/","og_locale":"es_ES","og_type":"article","og_title":"Caja de pasteler\u00eda de cart\u00f3n decorada Arthur 20 x 8 cm, 50 uds.","og_description":"Caja de pasteler\u00eda de cart\u00f3n modelo Arthur: ideal para transportar y realzar sus pasteles y postres con elegancia.","og_url":"https:\/\/www.csj-emballages.com\/es\/produit\/caja-de-pasteleria-de-carton-decorada-arthur-20-x-8-cm-50-uds\/","og_site_name":"CSJ Emballages","article_publisher":"https:\/\/www.facebook.com\/csjemballages","article_modified_time":"2026-04-15T00:11:43+00:00","og_image":[{"width":800,"height":800,"url":"https:\/\/www.csj-emballages.com\/wp-content\/uploads\/2026\/04\/BTP208ART.webp","type":"image\/webp"}],"twitter_card":"summary_large_image","twitter_misc":{"Tiempo de lectura":"1 minuto"},"schema":{"@context":"https:\/\/schema.org","@graph":[{"@type":"WebPage","@id":"https:\/\/www.csj-emballages.com\/es\/produit\/caja-de-pasteleria-de-carton-decorada-arthur-20-x-8-cm-50-uds\/","url":"https:\/\/www.csj-emballages.com\/es\/produit\/caja-de-pasteleria-de-carton-decorada-arthur-20-x-8-cm-50-uds\/","name":"Caja de Pasteler\u00eda de Cart\u00f3n Decorada Arthur 20 x 8 cm, 50 uds.","isPartOf":{"@id":"https:\/\/www.csj-emballages.com\/es\/#website"},"primaryImageOfPage":{"@id":"https:\/\/www.csj-emballages.com\/es\/produit\/caja-de-pasteleria-de-carton-decorada-arthur-20-x-8-cm-50-uds\/#primaryimage"},"image":{"@id":"https:\/\/www.csj-emballages.com\/es\/produit\/caja-de-pasteleria-de-carton-decorada-arthur-20-x-8-cm-50-uds\/#primaryimage"},"thumbnailUrl":"https:\/\/www.csj-emballages.com\/wp-content\/uploads\/2026\/04\/BTP208ART.webp","datePublished":"2026-04-02T14:18:13+00:00","dateModified":"2026-04-15T00:11:43+00:00","description":"Caja de pasteler\u00eda de cart\u00f3n modelo Arthur: ideal para transportar y realzar sus pasteles y postres con elegancia.","breadcrumb":{"@id":"https:\/\/www.csj-emballages.com\/es\/produit\/caja-de-pasteleria-de-carton-decorada-arthur-20-x-8-cm-50-uds\/#breadcrumb"},"inLanguage":"es","potentialAction":[{"@type":"ReadAction","target":["https:\/\/www.csj-emballages.com\/es\/produit\/caja-de-pasteleria-de-carton-decorada-arthur-20-x-8-cm-50-uds\/"]}]},{"@type":"ImageObject","inLanguage":"es","@id":"https:\/\/www.csj-emballages.com\/es\/produit\/caja-de-pasteleria-de-carton-decorada-arthur-20-x-8-cm-50-uds\/#primaryimage","url":"https:\/\/www.csj-emballages.com\/wp-content\/uploads\/2026\/04\/BTP208ART.webp","contentUrl":"https:\/\/www.csj-emballages.com\/wp-content\/uploads\/2026\/04\/BTP208ART.webp","width":800,"height":800,"caption":"Boite p\u00e2tissi\u00e8re"},{"@type":"BreadcrumbList","@id":"https:\/\/www.csj-emballages.com\/es\/produit\/caja-de-pasteleria-de-carton-decorada-arthur-20-x-8-cm-50-uds\/#breadcrumb","itemListElement":[{"@type":"ListItem","position":1,"name":"Accueil","item":"https:\/\/www.csj-emballages.com\/es\/universo-del-envasado-alimentario\/"},{"@type":"ListItem","position":2,"name":"Tienda","item":"https:\/\/www.csj-emballages.com\/tienda\/"},{"@type":"ListItem","position":3,"name":"Caja de pasteler\u00eda de cart\u00f3n decorada Arthur 20 x 8 cm, 50 uds."}]},{"@type":"WebSite","@id":"https:\/\/www.csj-emballages.com\/es\/#website","url":"https:\/\/www.csj-emballages.com\/es\/","name":"CSJ Emballages","description":"","publisher":{"@id":"https:\/\/www.csj-emballages.com\/es\/#organization"},"potentialAction":[{"@type":"SearchAction","target":{"@type":"EntryPoint","urlTemplate":"https:\/\/www.csj-emballages.com\/es\/?s={search_term_string}"},"query-input":{"@type":"PropertyValueSpecification","valueRequired":true,"valueName":"search_term_string"}}],"inLanguage":"es"},{"@type":"Organization","@id":"https:\/\/www.csj-emballages.com\/es\/#Organization\/","name":"CSJ Emballages","url":"https:\/\/www.csj-emballages.com\/es\/","logo":{"@type":"ImageObject","inLanguage":"es","@id":"https:\/\/www.csj-emballages.com\/es\/#\/schema\/logo\/image\/","url":"https:\/\/www.csj-emballages.com\/wp-content\/uploads\/2023\/10\/logo_csj.webp","contentUrl":"https:\/\/www.csj-emballages.com\/wp-content\/uploads\/2023\/10\/logo_csj.webp","width":250,"height":95,"caption":"CSJ Emballages"},"image":{"@id":"https:\/\/www.csj-emballages.com\/es\/#\/schema\/logo\/image\/"},"sameAs":["https:\/\/www.facebook.com\/csjemballages"],"address":{"@type":"PostalAddress","streetAddress":"ZI La Lechere","addressLocality":"Patornay","postalCode":"39130","addressCountry":"FR"},"contactPoint":[{"@type":"ContactPoint","contactType":"Service client","telephone":"0384254272","email":"contact@csj-emballages.com"}]}]}},"df_price":7.91,"df_sale_price":7.91,"df_regular_price":15.82,"df_image_link":"https:\/\/www.csj-emballages.com\/wp-content\/uploads\/2026\/04\/BTP208ART-300x300.webp","tiered_pricing_type":"fixed","tiered_pricing_fixed_rules":[],"tiered_pricing_percentage_rules":[],"tiered_pricing_minimum":1,"tiered_pricing_roles_data":[],"_links":{"self":[{"href":"https:\/\/www.csj-emballages.com\/es\/wp-json\/wp\/v2\/product\/277197","targetHints":{"allow":["GET"]}}],"collection":[{"href":"https:\/\/www.csj-emballages.com\/es\/wp-json\/wp\/v2\/product"}],"about":[{"href":"https:\/\/www.csj-emballages.com\/es\/wp-json\/wp\/v2\/types\/product"}],"wp:featuredmedia":[{"embeddable":true,"href":"https:\/\/www.csj-emballages.com\/es\/wp-json\/wp\/v2\/media\/277190"}],"wp:attachment":[{"href":"https:\/\/www.csj-emballages.com\/es\/wp-json\/wp\/v2\/media?parent=277197"}],"wp:term":[{"taxonomy":"product_brand","embeddable":true,"href":"https:\/\/www.csj-emballages.com\/es\/wp-json\/wp\/v2\/product_brand?post=277197"},{"taxonomy":"product_cat","embeddable":true,"href":"https:\/\/www.csj-emballages.com\/es\/wp-json\/wp\/v2\/product_cat?post=277197"},{"taxonomy":"product_tag","embeddable":true,"href":"https:\/\/www.csj-emballages.com\/es\/wp-json\/wp\/v2\/product_tag?post=277197"}],"curies":[{"name":"wp","href":"https:\/\/api.w.org\/{rel}","templated":true}]}}