{"id":277172,"date":"2026-04-02T16:18:23","date_gmt":"2026-04-02T14:18:23","guid":{"rendered":"https:\/\/www.csj-emballages.com\/produit\/cajita-pastelera-con-asa-arthur-16-x-18-x-7-cm-pack-de-50\/"},"modified":"2026-04-14T08:00:39","modified_gmt":"2026-04-14T06:00:39","slug":"cajita-pastelera-con-asa-arthur-16-x-18-x-7-cm-pack-de-50","status":"publish","type":"product","link":"https:\/\/www.csj-emballages.com\/es\/produit\/cajita-pastelera-con-asa-arthur-16-x-18-x-7-cm-pack-de-50\/","title":{"rendered":"Cajita pastelera con asa Arthur 16 x 18 x 7 cm pack de 50"},"content":{"rendered":"<h2>Estuche para pasteles<\/h2>\n<hr>\n<h3>Cajita pastelera con asa Arthur 16 x 18 x 7 cm pack de 50<\/h3>\n<p><!--more--><\/p>\n<p data-start=\"88\" data-end=\"402\">Realce sus productos de pasteler\u00eda con esta <strong>cajita pastelera Arthur<\/strong> elegante y pr\u00e1ctica. Con su dise\u00f1o moderno de <strong>motivos geom\u00e9tricos azules<\/strong>, atrae inmediatamente la mirada dejando ver sus creaciones. <\/p>\n<p data-start=\"404\" data-end=\"684\">Ideal para profesionales y particulares, esta <strong>caja pastelera<\/strong> transforma cada postre en un aut\u00e9ntico escaparate. Tartas, porciones individuales, pastas o entremeses: sus elaboraciones son visibles sin abrir la caja, lo que refuerza el deseo y valoriza su saber hacer. <\/p>\n<p data-start=\"404\" data-end=\"684\"><!--more--><\/p>\n<h4 data-start=\"404\" data-end=\"684\">Ventajas :<\/h4>\n<ul>\n<li data-section-id=\"16fizph\" data-start=\"1144\" data-end=\"1235\">Protege eficazmente sus postres<\/li>\n<li data-section-id=\"psxbou\" data-start=\"1307\" data-end=\"1396\">Motivos azules originales para una bonita presentaci\u00f3n<\/li>\n<li data-section-id=\"e0q14r\" data-start=\"1397\" data-end=\"1456\"><strong data-start=\"1403\" data-end=\"1423\">Asa integrada<\/strong>: transporte f\u00e1cil y seguro<\/li>\n<li data-section-id=\"1an4l53\" data-start=\"1457\" data-end=\"1523\"><strong data-start=\"1462\" data-end=\"1490\">Montaje sencillo y r\u00e1pido<\/strong>: ahorro de tiempo en la preparaci\u00f3n<\/li>\n<\/ul>\n<h4 data-start=\"404\" data-end=\"684\"><\/h4>\n<p><!--more--><\/p>\n<h4>Informaci\u00f3n adicional :<\/h4>\n<ul>\n<li><strong>Envase<\/strong>: Paquete de 50<\/li>\n<li><strong>Dimensiones<\/strong>: 16 x 18 x 7 cm<\/li>\n<li><strong>Color<\/strong>: Azul \/ Negro \/ Blanco<\/li>\n<\/ul>\n<p>&nbsp;<\/p>\n<p><!--more--><\/p>\n<p><a href=\"https:\/\/www.csj-emballages.com\/es\/categorie-produit\/envasado-de-alimentos\/descuentos\/\">Ver el resto de nuestros productos en liquidaci\u00f3n de existencias<\/a><\/p>\n","protected":false},"excerpt":{"rendered":"<p>Estuche para pasteles Cajita pastelera con asa Arthur 16 x 18 x 7 cm pack de 50<\/p>\n","protected":false},"featured_media":277163,"template":"","meta":{"_acf_changed":false},"product_brand":[],"product_cat":[1150,1270],"product_tag":[],"class_list":{"0":"post-277172","1":"product","2":"type-product","3":"status-publish","4":"has-post-thumbnail","6":"product_cat-envasado-de-alimentos","7":"product_cat-descuentos","9":"first","10":"instock","11":"sale","12":"taxable","13":"shipping-taxable","14":"purchasable","15":"product-type-simple"},"acf":[],"yoast_head":"<!-- This site is optimized with the Yoast SEO Premium plugin v26.6 (Yoast SEO v26.6) - https:\/\/yoast.com\/wordpress\/plugins\/seo\/ -->\n<title>Cajita Pastelera con Asa Arthur 16 x 18 x 7 cm pack de 50<\/title>\n<meta name=\"description\" content=\"Cajita pastelera modelo Arthur con asa: ideal para transportar y realzar sus pasteles y postres con elegancia.\" \/>\n<meta name=\"robots\" content=\"index, follow, max-snippet:-1, max-image-preview:large, max-video-preview:-1\" \/>\n<link rel=\"canonical\" href=\"https:\/\/www.csj-emballages.com\/es\/produit\/cajita-pastelera-con-asa-arthur-16-x-18-x-7-cm-pack-de-50\/\" \/>\n<meta property=\"og:locale\" content=\"es_ES\" \/>\n<meta property=\"og:type\" content=\"article\" \/>\n<meta property=\"og:title\" content=\"Cajita pastelera con asa Arthur 16 x 18 x 7 cm pack de 50\" \/>\n<meta property=\"og:description\" content=\"Cajita pastelera modelo Arthur con asa: ideal para transportar y realzar sus pasteles y postres con elegancia.\" \/>\n<meta property=\"og:url\" content=\"https:\/\/www.csj-emballages.com\/es\/produit\/cajita-pastelera-con-asa-arthur-16-x-18-x-7-cm-pack-de-50\/\" \/>\n<meta property=\"og:site_name\" content=\"CSJ Emballages\" \/>\n<meta property=\"article:publisher\" content=\"https:\/\/www.facebook.com\/csjemballages\" \/>\n<meta property=\"article:modified_time\" content=\"2026-04-14T06:00:39+00:00\" \/>\n<meta property=\"og:image\" content=\"https:\/\/www.csj-emballages.com\/wp-content\/uploads\/2026\/04\/CPP1018ART.webp\" \/>\n\t<meta property=\"og:image:width\" content=\"800\" \/>\n\t<meta property=\"og:image:height\" content=\"800\" \/>\n\t<meta property=\"og:image:type\" content=\"image\/webp\" \/>\n<meta name=\"twitter:card\" content=\"summary_large_image\" \/>\n<meta name=\"twitter:label1\" content=\"Tiempo de lectura\" \/>\n\t<meta name=\"twitter:data1\" content=\"1 minuto\" \/>\n<script type=\"application\/ld+json\" class=\"yoast-schema-graph\">{\"@context\":\"https:\/\/schema.org\",\"@graph\":[{\"@type\":\"WebPage\",\"@id\":\"https:\/\/www.csj-emballages.com\/es\/produit\/cajita-pastelera-con-asa-arthur-16-x-18-x-7-cm-pack-de-50\/\",\"url\":\"https:\/\/www.csj-emballages.com\/es\/produit\/cajita-pastelera-con-asa-arthur-16-x-18-x-7-cm-pack-de-50\/\",\"name\":\"Cajita Pastelera con Asa Arthur 16 x 18 x 7 cm pack de 50\",\"isPartOf\":{\"@id\":\"https:\/\/www.csj-emballages.com\/es\/#website\"},\"primaryImageOfPage\":{\"@id\":\"https:\/\/www.csj-emballages.com\/es\/produit\/cajita-pastelera-con-asa-arthur-16-x-18-x-7-cm-pack-de-50\/#primaryimage\"},\"image\":{\"@id\":\"https:\/\/www.csj-emballages.com\/es\/produit\/cajita-pastelera-con-asa-arthur-16-x-18-x-7-cm-pack-de-50\/#primaryimage\"},\"thumbnailUrl\":\"https:\/\/www.csj-emballages.com\/wp-content\/uploads\/2026\/04\/CPP1018ART.webp\",\"datePublished\":\"2026-04-02T14:18:23+00:00\",\"dateModified\":\"2026-04-14T06:00:39+00:00\",\"description\":\"Cajita pastelera modelo Arthur con asa: ideal para transportar y realzar sus pasteles y postres con elegancia.\",\"breadcrumb\":{\"@id\":\"https:\/\/www.csj-emballages.com\/es\/produit\/cajita-pastelera-con-asa-arthur-16-x-18-x-7-cm-pack-de-50\/#breadcrumb\"},\"inLanguage\":\"es\",\"potentialAction\":[{\"@type\":\"ReadAction\",\"target\":[\"https:\/\/www.csj-emballages.com\/es\/produit\/cajita-pastelera-con-asa-arthur-16-x-18-x-7-cm-pack-de-50\/\"]}]},{\"@type\":\"ImageObject\",\"inLanguage\":\"es\",\"@id\":\"https:\/\/www.csj-emballages.com\/es\/produit\/cajita-pastelera-con-asa-arthur-16-x-18-x-7-cm-pack-de-50\/#primaryimage\",\"url\":\"https:\/\/www.csj-emballages.com\/wp-content\/uploads\/2026\/04\/CPP1018ART.webp\",\"contentUrl\":\"https:\/\/www.csj-emballages.com\/wp-content\/uploads\/2026\/04\/CPP1018ART.webp\",\"width\":800,\"height\":800,\"caption\":\"Caissette p\u00e2tissi\u00e8re\"},{\"@type\":\"BreadcrumbList\",\"@id\":\"https:\/\/www.csj-emballages.com\/es\/produit\/cajita-pastelera-con-asa-arthur-16-x-18-x-7-cm-pack-de-50\/#breadcrumb\",\"itemListElement\":[{\"@type\":\"ListItem\",\"position\":1,\"name\":\"Accueil\",\"item\":\"https:\/\/www.csj-emballages.com\/es\/universo-del-envasado-alimentario\/\"},{\"@type\":\"ListItem\",\"position\":2,\"name\":\"Tienda\",\"item\":\"https:\/\/www.csj-emballages.com\/tienda\/\"},{\"@type\":\"ListItem\",\"position\":3,\"name\":\"Cajita pastelera con asa Arthur 16 x 18 x 7 cm pack de 50\"}]},{\"@type\":\"WebSite\",\"@id\":\"https:\/\/www.csj-emballages.com\/es\/#website\",\"url\":\"https:\/\/www.csj-emballages.com\/es\/\",\"name\":\"CSJ Emballages\",\"description\":\"\",\"publisher\":{\"@id\":\"https:\/\/www.csj-emballages.com\/es\/#organization\"},\"potentialAction\":[{\"@type\":\"SearchAction\",\"target\":{\"@type\":\"EntryPoint\",\"urlTemplate\":\"https:\/\/www.csj-emballages.com\/es\/?s={search_term_string}\"},\"query-input\":{\"@type\":\"PropertyValueSpecification\",\"valueRequired\":true,\"valueName\":\"search_term_string\"}}],\"inLanguage\":\"es\"},{\"@type\":\"Organization\",\"@id\":\"https:\/\/www.csj-emballages.com\/es\/#Organization\/\",\"name\":\"CSJ Emballages\",\"url\":\"https:\/\/www.csj-emballages.com\/es\/\",\"logo\":{\"@type\":\"ImageObject\",\"inLanguage\":\"es\",\"@id\":\"https:\/\/www.csj-emballages.com\/es\/#\/schema\/logo\/image\/\",\"url\":\"https:\/\/www.csj-emballages.com\/wp-content\/uploads\/2023\/10\/logo_csj.webp\",\"contentUrl\":\"https:\/\/www.csj-emballages.com\/wp-content\/uploads\/2023\/10\/logo_csj.webp\",\"width\":250,\"height\":95,\"caption\":\"CSJ Emballages\"},\"image\":{\"@id\":\"https:\/\/www.csj-emballages.com\/es\/#\/schema\/logo\/image\/\"},\"sameAs\":[\"https:\/\/www.facebook.com\/csjemballages\"],\"address\":{\"@type\":\"PostalAddress\",\"streetAddress\":\"ZI La Lechere\",\"addressLocality\":\"Patornay\",\"postalCode\":\"39130\",\"addressCountry\":\"FR\"},\"contactPoint\":[{\"@type\":\"ContactPoint\",\"contactType\":\"Service client\",\"telephone\":\"0384254272\",\"email\":\"contact@csj-emballages.com\"}]}]}<\/script>\n<!-- \/ Yoast SEO Premium plugin. -->","yoast_head_json":{"title":"Cajita Pastelera con Asa Arthur 16 x 18 x 7 cm pack de 50","description":"Cajita pastelera modelo Arthur con asa: ideal para transportar y realzar sus pasteles y postres con elegancia.","robots":{"index":"index","follow":"follow","max-snippet":"max-snippet:-1","max-image-preview":"max-image-preview:large","max-video-preview":"max-video-preview:-1"},"canonical":"https:\/\/www.csj-emballages.com\/es\/produit\/cajita-pastelera-con-asa-arthur-16-x-18-x-7-cm-pack-de-50\/","og_locale":"es_ES","og_type":"article","og_title":"Cajita pastelera con asa Arthur 16 x 18 x 7 cm pack de 50","og_description":"Cajita pastelera modelo Arthur con asa: ideal para transportar y realzar sus pasteles y postres con elegancia.","og_url":"https:\/\/www.csj-emballages.com\/es\/produit\/cajita-pastelera-con-asa-arthur-16-x-18-x-7-cm-pack-de-50\/","og_site_name":"CSJ Emballages","article_publisher":"https:\/\/www.facebook.com\/csjemballages","article_modified_time":"2026-04-14T06:00:39+00:00","og_image":[{"width":800,"height":800,"url":"https:\/\/www.csj-emballages.com\/wp-content\/uploads\/2026\/04\/CPP1018ART.webp","type":"image\/webp"}],"twitter_card":"summary_large_image","twitter_misc":{"Tiempo de lectura":"1 minuto"},"schema":{"@context":"https:\/\/schema.org","@graph":[{"@type":"WebPage","@id":"https:\/\/www.csj-emballages.com\/es\/produit\/cajita-pastelera-con-asa-arthur-16-x-18-x-7-cm-pack-de-50\/","url":"https:\/\/www.csj-emballages.com\/es\/produit\/cajita-pastelera-con-asa-arthur-16-x-18-x-7-cm-pack-de-50\/","name":"Cajita Pastelera con Asa Arthur 16 x 18 x 7 cm pack de 50","isPartOf":{"@id":"https:\/\/www.csj-emballages.com\/es\/#website"},"primaryImageOfPage":{"@id":"https:\/\/www.csj-emballages.com\/es\/produit\/cajita-pastelera-con-asa-arthur-16-x-18-x-7-cm-pack-de-50\/#primaryimage"},"image":{"@id":"https:\/\/www.csj-emballages.com\/es\/produit\/cajita-pastelera-con-asa-arthur-16-x-18-x-7-cm-pack-de-50\/#primaryimage"},"thumbnailUrl":"https:\/\/www.csj-emballages.com\/wp-content\/uploads\/2026\/04\/CPP1018ART.webp","datePublished":"2026-04-02T14:18:23+00:00","dateModified":"2026-04-14T06:00:39+00:00","description":"Cajita pastelera modelo Arthur con asa: ideal para transportar y realzar sus pasteles y postres con elegancia.","breadcrumb":{"@id":"https:\/\/www.csj-emballages.com\/es\/produit\/cajita-pastelera-con-asa-arthur-16-x-18-x-7-cm-pack-de-50\/#breadcrumb"},"inLanguage":"es","potentialAction":[{"@type":"ReadAction","target":["https:\/\/www.csj-emballages.com\/es\/produit\/cajita-pastelera-con-asa-arthur-16-x-18-x-7-cm-pack-de-50\/"]}]},{"@type":"ImageObject","inLanguage":"es","@id":"https:\/\/www.csj-emballages.com\/es\/produit\/cajita-pastelera-con-asa-arthur-16-x-18-x-7-cm-pack-de-50\/#primaryimage","url":"https:\/\/www.csj-emballages.com\/wp-content\/uploads\/2026\/04\/CPP1018ART.webp","contentUrl":"https:\/\/www.csj-emballages.com\/wp-content\/uploads\/2026\/04\/CPP1018ART.webp","width":800,"height":800,"caption":"Caissette p\u00e2tissi\u00e8re"},{"@type":"BreadcrumbList","@id":"https:\/\/www.csj-emballages.com\/es\/produit\/cajita-pastelera-con-asa-arthur-16-x-18-x-7-cm-pack-de-50\/#breadcrumb","itemListElement":[{"@type":"ListItem","position":1,"name":"Accueil","item":"https:\/\/www.csj-emballages.com\/es\/universo-del-envasado-alimentario\/"},{"@type":"ListItem","position":2,"name":"Tienda","item":"https:\/\/www.csj-emballages.com\/tienda\/"},{"@type":"ListItem","position":3,"name":"Cajita pastelera con asa Arthur 16 x 18 x 7 cm pack de 50"}]},{"@type":"WebSite","@id":"https:\/\/www.csj-emballages.com\/es\/#website","url":"https:\/\/www.csj-emballages.com\/es\/","name":"CSJ Emballages","description":"","publisher":{"@id":"https:\/\/www.csj-emballages.com\/es\/#organization"},"potentialAction":[{"@type":"SearchAction","target":{"@type":"EntryPoint","urlTemplate":"https:\/\/www.csj-emballages.com\/es\/?s={search_term_string}"},"query-input":{"@type":"PropertyValueSpecification","valueRequired":true,"valueName":"search_term_string"}}],"inLanguage":"es"},{"@type":"Organization","@id":"https:\/\/www.csj-emballages.com\/es\/#Organization\/","name":"CSJ Emballages","url":"https:\/\/www.csj-emballages.com\/es\/","logo":{"@type":"ImageObject","inLanguage":"es","@id":"https:\/\/www.csj-emballages.com\/es\/#\/schema\/logo\/image\/","url":"https:\/\/www.csj-emballages.com\/wp-content\/uploads\/2023\/10\/logo_csj.webp","contentUrl":"https:\/\/www.csj-emballages.com\/wp-content\/uploads\/2023\/10\/logo_csj.webp","width":250,"height":95,"caption":"CSJ Emballages"},"image":{"@id":"https:\/\/www.csj-emballages.com\/es\/#\/schema\/logo\/image\/"},"sameAs":["https:\/\/www.facebook.com\/csjemballages"],"address":{"@type":"PostalAddress","streetAddress":"ZI La Lechere","addressLocality":"Patornay","postalCode":"39130","addressCountry":"FR"},"contactPoint":[{"@type":"ContactPoint","contactType":"Service client","telephone":"0384254272","email":"contact@csj-emballages.com"}]}]}},"df_price":12.23,"df_sale_price":12.23,"df_regular_price":24.46,"df_image_link":"https:\/\/www.csj-emballages.com\/wp-content\/uploads\/2026\/04\/CPP1018ART-300x300.webp","tiered_pricing_type":"fixed","tiered_pricing_fixed_rules":[],"tiered_pricing_percentage_rules":[],"tiered_pricing_minimum":1,"tiered_pricing_roles_data":[],"_links":{"self":[{"href":"https:\/\/www.csj-emballages.com\/es\/wp-json\/wp\/v2\/product\/277172","targetHints":{"allow":["GET"]}}],"collection":[{"href":"https:\/\/www.csj-emballages.com\/es\/wp-json\/wp\/v2\/product"}],"about":[{"href":"https:\/\/www.csj-emballages.com\/es\/wp-json\/wp\/v2\/types\/product"}],"wp:featuredmedia":[{"embeddable":true,"href":"https:\/\/www.csj-emballages.com\/es\/wp-json\/wp\/v2\/media\/277163"}],"wp:attachment":[{"href":"https:\/\/www.csj-emballages.com\/es\/wp-json\/wp\/v2\/media?parent=277172"}],"wp:term":[{"taxonomy":"product_brand","embeddable":true,"href":"https:\/\/www.csj-emballages.com\/es\/wp-json\/wp\/v2\/product_brand?post=277172"},{"taxonomy":"product_cat","embeddable":true,"href":"https:\/\/www.csj-emballages.com\/es\/wp-json\/wp\/v2\/product_cat?post=277172"},{"taxonomy":"product_tag","embeddable":true,"href":"https:\/\/www.csj-emballages.com\/es\/wp-json\/wp\/v2\/product_tag?post=277172"}],"curies":[{"name":"wp","href":"https:\/\/api.w.org\/{rel}","templated":true}]}}