{"id":275719,"date":"2025-09-15T09:50:21","date_gmt":"2025-09-15T07:50:21","guid":{"rendered":"https:\/\/www.csj-emballages.com\/produit\/tarrina-para-patatas-fritas-de-carton-400-ml-por-500\/"},"modified":"2026-04-04T02:12:06","modified_gmt":"2026-04-04T00:12:06","slug":"tarrina-para-patatas-fritas-de-carton-400-ml-por-500","status":"publish","type":"product","link":"https:\/\/www.csj-emballages.com\/es\/produit\/tarrina-para-patatas-fritas-de-carton-400-ml-por-500\/","title":{"rendered":"Barqueta de cart\u00f3n para patatas fritas 115 x 72 mm, pack de 500"},"content":{"rendered":"<h2>Barqueta de cart\u00f3n para patatas fritas<\/h2>\n<hr>\n<h3>Descubra nuestra tarrina para patatas fritas de cart\u00f3n 400 ml por 500<\/h3>\n<p><!--more--><\/p>\n<p data-start=\"128\" data-end=\"354\">Opte por una soluci\u00f3n de embalaje pr\u00e1ctica, econ\u00f3mica y ecol\u00f3gica con esta <strong data-start=\"220\" data-end=\"260\">tarrina para patatas fritas de cart\u00f3n de 400 ml<\/strong>, ideal para profesionales de la restauraci\u00f3n r\u00e1pida, food trucks, snacks o eventos.<\/p>\n<p data-start=\"356\" data-end=\"700\">Fabricada en cart\u00f3n kraft robusto, garantiza una excelente resistencia frente a alimentos calientes y grasos como <strong>patatas fritas, nuggets, aros de cebolla o tapas<\/strong>. Su tratamiento antigrasa permite preservar la calidad de sus preparaciones evitando fugas o manchas, asegurando as\u00ed una experiencia de cliente limpia y profesional. <\/p>\n<p data-start=\"702\" data-end=\"917\">Con su capacidad de <strong>400 ml<\/strong>, est\u00e1 perfectamente adaptada a las raciones individuales. Su forma ergon\u00f3mica facilita el agarre y el consumo para llevar, una aut\u00e9ntica ventaja para las ventas de snacking. <\/p>\n<p data-start=\"919\" data-end=\"1083\">Este lote de <strong data-start=\"929\" data-end=\"948\">500 tarrinas<\/strong> es ideal para establecimientos de alto volumen, permiti\u00e9ndole optimizar sus costes garantizando un aprovisionamiento constante.<\/p>\n<p data-start=\"919\" data-end=\"1083\"><!--more--><\/p>\n<h4 data-start=\"919\" data-end=\"1083\">Ventajas :<\/h4>\n<ul>\n<li data-section-id=\"1gpwhnm\" data-start=\"1107\" data-end=\"1147\">Cart\u00f3n kraft resistente y ecol\u00f3gico<\/li>\n<li data-section-id=\"nohe4h\" data-start=\"1148\" data-end=\"1186\">Tratamiento antigrasa antifugas<\/li>\n<li data-section-id=\"1jaunlr\" data-start=\"1187\" data-end=\"1231\">Ideal para patatas fritas, aperitivos y comida callejera<\/li>\n<li data-section-id=\"1njudw2\" data-start=\"1232\" data-end=\"1281\">Formato pr\u00e1ctico <strong>400 ml<\/strong> (raci\u00f3n individual)<\/li>\n<li data-section-id=\"2rjbc3\" data-start=\"1282\" data-end=\"1315\">Perfecto para comida para llevar<\/li>\n<li data-section-id=\"ecx8v6\" data-start=\"1316\" data-end=\"1349\">Lote econ\u00f3mico de <strong>500 unidades<\/strong><\/li>\n<\/ul>\n<p>&nbsp;<\/p>\n<p><!--more--><\/p>\n<h4>Informaci\u00f3n adicional :<\/h4>\n<ul>\n<li><strong>Embalaje<\/strong>: Caja de 500<\/li>\n<li><strong>Dimensiones interiores<\/strong>: 115 x 72 mm<\/li>\n<li><strong>Dimensiones exteriores<\/strong>: 168 x 127 mm<\/li>\n<li><strong>Altura<\/strong>: 45 mm<\/li>\n<li><strong>Volumen<\/strong>: 400 ml<\/li>\n<li><strong>Color<\/strong>: Marr\u00f3n<\/li>\n<li><strong>Material<\/strong>: Cart\u00f3n<\/li>\n<\/ul>\n<p>&nbsp;<\/p>\n<p><!--more--><\/p>\n<p>Esta tarrina para patatas fritas est\u00e1 disponible en diferentes tama\u00f1os: <span style=\"color: #d12727;\"><a style=\"color: #d12727;\" href=\"https:\/\/www.csj-emballages.com\/es\/produit\/barqueta-de-carton-para-patatas-fritas-300-ml-por-1000\/\">300 ml<\/a><\/span> \/ 1000 ml<\/p>\n<p>&nbsp;<\/p>\n<p>&nbsp;<\/p>\n<p><!--more--><\/p>\n<p><a href=\"https:\/\/www.csj-emballages.com\/es\/categorie-produit\/envasado-de-alimentos\/catering-es\/cajas-bandejas-bolsas-conos\/bandejas-cajas-de-carton\/bandejas-de-carton-para-virutas\/\">Consulte el resto de nuestra gama de barquetas de cart\u00f3n para patatas fritas<\/a><\/p>\n","protected":false},"excerpt":{"rendered":"<p>Barqueta de cart\u00f3n para patatas fritas Descubra nuestra tarrina para patatas fritas de cart\u00f3n 400 ml por 500<\/p>\n","protected":false},"featured_media":275716,"template":"","meta":{"_acf_changed":false},"product_brand":[],"product_cat":[1150,1179,3878,1478,3849],"product_tag":[],"class_list":{"0":"post-275719","1":"product","2":"type-product","3":"status-publish","4":"has-post-thumbnail","6":"product_cat-envasado-de-alimentos","7":"product_cat-catering-es","8":"product_cat-cajas-bandejas-bolsas-conos","9":"product_cat-bandejas-cajas-de-carton","10":"product_cat-bandejas-de-carton-para-virutas","12":"first","13":"instock","14":"taxable","15":"shipping-taxable","16":"purchasable","17":"product-type-simple"},"acf":[],"yoast_head":"<!-- This site is optimized with the Yoast SEO Premium plugin v26.6 (Yoast SEO v26.6) - https:\/\/yoast.com\/wordpress\/plugins\/seo\/ -->\n<title>Tarrina para Patatas Fritas de Cart\u00f3n 400 ml por 500<\/title>\n<meta name=\"description\" content=\"Tarrina para patatas fritas de cart\u00f3n 400 ml antigrasa, ideal para snacks y comida para llevar. Lote econ\u00f3mico de 500, resistente y ecol\u00f3gica.\" \/>\n<meta name=\"robots\" content=\"index, follow, max-snippet:-1, max-image-preview:large, max-video-preview:-1\" \/>\n<link rel=\"canonical\" href=\"https:\/\/www.csj-emballages.com\/es\/produit\/tarrina-para-patatas-fritas-de-carton-400-ml-por-500\/\" \/>\n<meta property=\"og:locale\" content=\"es_ES\" \/>\n<meta property=\"og:type\" content=\"article\" \/>\n<meta property=\"og:title\" content=\"Barqueta de cart\u00f3n para patatas fritas 115 x 72 mm, pack de 500\" \/>\n<meta property=\"og:description\" content=\"Tarrina para patatas fritas de cart\u00f3n 400 ml antigrasa, ideal para snacks y comida para llevar. Lote econ\u00f3mico de 500, resistente y ecol\u00f3gica.\" \/>\n<meta property=\"og:url\" content=\"https:\/\/www.csj-emballages.com\/es\/produit\/tarrina-para-patatas-fritas-de-carton-400-ml-por-500\/\" \/>\n<meta property=\"og:site_name\" content=\"CSJ Emballages\" \/>\n<meta property=\"article:publisher\" content=\"https:\/\/www.facebook.com\/csjemballages\" \/>\n<meta property=\"article:modified_time\" content=\"2026-04-04T00:12:06+00:00\" \/>\n<meta property=\"og:image\" content=\"https:\/\/www.csj-emballages.com\/wp-content\/uploads\/2025\/09\/CH400CARTAL.webp\" \/>\n\t<meta property=\"og:image:width\" content=\"800\" \/>\n\t<meta property=\"og:image:height\" content=\"800\" \/>\n\t<meta property=\"og:image:type\" content=\"image\/webp\" \/>\n<meta name=\"twitter:card\" content=\"summary_large_image\" \/>\n<meta name=\"twitter:label1\" content=\"Tiempo de lectura\" \/>\n\t<meta name=\"twitter:data1\" content=\"1 minuto\" \/>\n<script type=\"application\/ld+json\" class=\"yoast-schema-graph\">{\"@context\":\"https:\/\/schema.org\",\"@graph\":[{\"@type\":\"WebPage\",\"@id\":\"https:\/\/www.csj-emballages.com\/es\/produit\/tarrina-para-patatas-fritas-de-carton-400-ml-por-500\/\",\"url\":\"https:\/\/www.csj-emballages.com\/es\/produit\/tarrina-para-patatas-fritas-de-carton-400-ml-por-500\/\",\"name\":\"Tarrina para Patatas Fritas de Cart\u00f3n 400 ml por 500\",\"isPartOf\":{\"@id\":\"https:\/\/www.csj-emballages.com\/es\/#website\"},\"primaryImageOfPage\":{\"@id\":\"https:\/\/www.csj-emballages.com\/es\/produit\/tarrina-para-patatas-fritas-de-carton-400-ml-por-500\/#primaryimage\"},\"image\":{\"@id\":\"https:\/\/www.csj-emballages.com\/es\/produit\/tarrina-para-patatas-fritas-de-carton-400-ml-por-500\/#primaryimage\"},\"thumbnailUrl\":\"https:\/\/www.csj-emballages.com\/wp-content\/uploads\/2025\/09\/CH400CARTAL.webp\",\"datePublished\":\"2025-09-15T07:50:21+00:00\",\"dateModified\":\"2026-04-04T00:12:06+00:00\",\"description\":\"Tarrina para patatas fritas de cart\u00f3n 400 ml antigrasa, ideal para snacks y comida para llevar. Lote econ\u00f3mico de 500, resistente y ecol\u00f3gica.\",\"breadcrumb\":{\"@id\":\"https:\/\/www.csj-emballages.com\/es\/produit\/tarrina-para-patatas-fritas-de-carton-400-ml-por-500\/#breadcrumb\"},\"inLanguage\":\"es\",\"potentialAction\":[{\"@type\":\"ReadAction\",\"target\":[\"https:\/\/www.csj-emballages.com\/es\/produit\/tarrina-para-patatas-fritas-de-carton-400-ml-por-500\/\"]}]},{\"@type\":\"ImageObject\",\"inLanguage\":\"es\",\"@id\":\"https:\/\/www.csj-emballages.com\/es\/produit\/tarrina-para-patatas-fritas-de-carton-400-ml-por-500\/#primaryimage\",\"url\":\"https:\/\/www.csj-emballages.com\/wp-content\/uploads\/2025\/09\/CH400CARTAL.webp\",\"contentUrl\":\"https:\/\/www.csj-emballages.com\/wp-content\/uploads\/2025\/09\/CH400CARTAL.webp\",\"width\":800,\"height\":800,\"caption\":\"Barquette frite carton\"},{\"@type\":\"BreadcrumbList\",\"@id\":\"https:\/\/www.csj-emballages.com\/es\/produit\/tarrina-para-patatas-fritas-de-carton-400-ml-por-500\/#breadcrumb\",\"itemListElement\":[{\"@type\":\"ListItem\",\"position\":1,\"name\":\"Accueil\",\"item\":\"https:\/\/www.csj-emballages.com\/es\/universo-del-envasado-alimentario\/\"},{\"@type\":\"ListItem\",\"position\":2,\"name\":\"Tienda\",\"item\":\"https:\/\/www.csj-emballages.com\/tienda\/\"},{\"@type\":\"ListItem\",\"position\":3,\"name\":\"Barqueta de cart\u00f3n para patatas fritas 115 x 72 mm, pack de 500\"}]},{\"@type\":\"WebSite\",\"@id\":\"https:\/\/www.csj-emballages.com\/es\/#website\",\"url\":\"https:\/\/www.csj-emballages.com\/es\/\",\"name\":\"CSJ Emballages\",\"description\":\"\",\"publisher\":{\"@id\":\"https:\/\/www.csj-emballages.com\/es\/#organization\"},\"potentialAction\":[{\"@type\":\"SearchAction\",\"target\":{\"@type\":\"EntryPoint\",\"urlTemplate\":\"https:\/\/www.csj-emballages.com\/es\/?s={search_term_string}\"},\"query-input\":{\"@type\":\"PropertyValueSpecification\",\"valueRequired\":true,\"valueName\":\"search_term_string\"}}],\"inLanguage\":\"es\"},{\"@type\":\"Organization\",\"@id\":\"https:\/\/www.csj-emballages.com\/es\/#Organization\/\",\"name\":\"CSJ Emballages\",\"url\":\"https:\/\/www.csj-emballages.com\/es\/\",\"logo\":{\"@type\":\"ImageObject\",\"inLanguage\":\"es\",\"@id\":\"https:\/\/www.csj-emballages.com\/es\/#\/schema\/logo\/image\/\",\"url\":\"https:\/\/www.csj-emballages.com\/wp-content\/uploads\/2023\/10\/logo_csj.webp\",\"contentUrl\":\"https:\/\/www.csj-emballages.com\/wp-content\/uploads\/2023\/10\/logo_csj.webp\",\"width\":250,\"height\":95,\"caption\":\"CSJ Emballages\"},\"image\":{\"@id\":\"https:\/\/www.csj-emballages.com\/es\/#\/schema\/logo\/image\/\"},\"sameAs\":[\"https:\/\/www.facebook.com\/csjemballages\"],\"address\":{\"@type\":\"PostalAddress\",\"streetAddress\":\"ZI La Lechere\",\"addressLocality\":\"Patornay\",\"postalCode\":\"39130\",\"addressCountry\":\"FR\"},\"contactPoint\":[{\"@type\":\"ContactPoint\",\"contactType\":\"Service client\",\"telephone\":\"0384254272\",\"email\":\"contact@csj-emballages.com\"}]}]}<\/script>\n<!-- \/ Yoast SEO Premium plugin. -->","yoast_head_json":{"title":"Tarrina para Patatas Fritas de Cart\u00f3n 400 ml por 500","description":"Tarrina para patatas fritas de cart\u00f3n 400 ml antigrasa, ideal para snacks y comida para llevar. Lote econ\u00f3mico de 500, resistente y ecol\u00f3gica.","robots":{"index":"index","follow":"follow","max-snippet":"max-snippet:-1","max-image-preview":"max-image-preview:large","max-video-preview":"max-video-preview:-1"},"canonical":"https:\/\/www.csj-emballages.com\/es\/produit\/tarrina-para-patatas-fritas-de-carton-400-ml-por-500\/","og_locale":"es_ES","og_type":"article","og_title":"Barqueta de cart\u00f3n para patatas fritas 115 x 72 mm, pack de 500","og_description":"Tarrina para patatas fritas de cart\u00f3n 400 ml antigrasa, ideal para snacks y comida para llevar. Lote econ\u00f3mico de 500, resistente y ecol\u00f3gica.","og_url":"https:\/\/www.csj-emballages.com\/es\/produit\/tarrina-para-patatas-fritas-de-carton-400-ml-por-500\/","og_site_name":"CSJ Emballages","article_publisher":"https:\/\/www.facebook.com\/csjemballages","article_modified_time":"2026-04-04T00:12:06+00:00","og_image":[{"width":800,"height":800,"url":"https:\/\/www.csj-emballages.com\/wp-content\/uploads\/2025\/09\/CH400CARTAL.webp","type":"image\/webp"}],"twitter_card":"summary_large_image","twitter_misc":{"Tiempo de lectura":"1 minuto"},"schema":{"@context":"https:\/\/schema.org","@graph":[{"@type":"WebPage","@id":"https:\/\/www.csj-emballages.com\/es\/produit\/tarrina-para-patatas-fritas-de-carton-400-ml-por-500\/","url":"https:\/\/www.csj-emballages.com\/es\/produit\/tarrina-para-patatas-fritas-de-carton-400-ml-por-500\/","name":"Tarrina para Patatas Fritas de Cart\u00f3n 400 ml por 500","isPartOf":{"@id":"https:\/\/www.csj-emballages.com\/es\/#website"},"primaryImageOfPage":{"@id":"https:\/\/www.csj-emballages.com\/es\/produit\/tarrina-para-patatas-fritas-de-carton-400-ml-por-500\/#primaryimage"},"image":{"@id":"https:\/\/www.csj-emballages.com\/es\/produit\/tarrina-para-patatas-fritas-de-carton-400-ml-por-500\/#primaryimage"},"thumbnailUrl":"https:\/\/www.csj-emballages.com\/wp-content\/uploads\/2025\/09\/CH400CARTAL.webp","datePublished":"2025-09-15T07:50:21+00:00","dateModified":"2026-04-04T00:12:06+00:00","description":"Tarrina para patatas fritas de cart\u00f3n 400 ml antigrasa, ideal para snacks y comida para llevar. Lote econ\u00f3mico de 500, resistente y ecol\u00f3gica.","breadcrumb":{"@id":"https:\/\/www.csj-emballages.com\/es\/produit\/tarrina-para-patatas-fritas-de-carton-400-ml-por-500\/#breadcrumb"},"inLanguage":"es","potentialAction":[{"@type":"ReadAction","target":["https:\/\/www.csj-emballages.com\/es\/produit\/tarrina-para-patatas-fritas-de-carton-400-ml-por-500\/"]}]},{"@type":"ImageObject","inLanguage":"es","@id":"https:\/\/www.csj-emballages.com\/es\/produit\/tarrina-para-patatas-fritas-de-carton-400-ml-por-500\/#primaryimage","url":"https:\/\/www.csj-emballages.com\/wp-content\/uploads\/2025\/09\/CH400CARTAL.webp","contentUrl":"https:\/\/www.csj-emballages.com\/wp-content\/uploads\/2025\/09\/CH400CARTAL.webp","width":800,"height":800,"caption":"Barquette frite carton"},{"@type":"BreadcrumbList","@id":"https:\/\/www.csj-emballages.com\/es\/produit\/tarrina-para-patatas-fritas-de-carton-400-ml-por-500\/#breadcrumb","itemListElement":[{"@type":"ListItem","position":1,"name":"Accueil","item":"https:\/\/www.csj-emballages.com\/es\/universo-del-envasado-alimentario\/"},{"@type":"ListItem","position":2,"name":"Tienda","item":"https:\/\/www.csj-emballages.com\/tienda\/"},{"@type":"ListItem","position":3,"name":"Barqueta de cart\u00f3n para patatas fritas 115 x 72 mm, pack de 500"}]},{"@type":"WebSite","@id":"https:\/\/www.csj-emballages.com\/es\/#website","url":"https:\/\/www.csj-emballages.com\/es\/","name":"CSJ Emballages","description":"","publisher":{"@id":"https:\/\/www.csj-emballages.com\/es\/#organization"},"potentialAction":[{"@type":"SearchAction","target":{"@type":"EntryPoint","urlTemplate":"https:\/\/www.csj-emballages.com\/es\/?s={search_term_string}"},"query-input":{"@type":"PropertyValueSpecification","valueRequired":true,"valueName":"search_term_string"}}],"inLanguage":"es"},{"@type":"Organization","@id":"https:\/\/www.csj-emballages.com\/es\/#Organization\/","name":"CSJ Emballages","url":"https:\/\/www.csj-emballages.com\/es\/","logo":{"@type":"ImageObject","inLanguage":"es","@id":"https:\/\/www.csj-emballages.com\/es\/#\/schema\/logo\/image\/","url":"https:\/\/www.csj-emballages.com\/wp-content\/uploads\/2023\/10\/logo_csj.webp","contentUrl":"https:\/\/www.csj-emballages.com\/wp-content\/uploads\/2023\/10\/logo_csj.webp","width":250,"height":95,"caption":"CSJ Emballages"},"image":{"@id":"https:\/\/www.csj-emballages.com\/es\/#\/schema\/logo\/image\/"},"sameAs":["https:\/\/www.facebook.com\/csjemballages"],"address":{"@type":"PostalAddress","streetAddress":"ZI La Lechere","addressLocality":"Patornay","postalCode":"39130","addressCountry":"FR"},"contactPoint":[{"@type":"ContactPoint","contactType":"Service client","telephone":"0384254272","email":"contact@csj-emballages.com"}]}]}},"df_price":40.08,"df_sale_price":"","df_regular_price":40.08,"df_image_link":"https:\/\/www.csj-emballages.com\/wp-content\/uploads\/2025\/09\/CH400CARTAL-300x300.webp","tiered_pricing_type":"fixed","tiered_pricing_fixed_rules":[],"tiered_pricing_percentage_rules":[],"tiered_pricing_minimum":1,"tiered_pricing_roles_data":[],"_links":{"self":[{"href":"https:\/\/www.csj-emballages.com\/es\/wp-json\/wp\/v2\/product\/275719","targetHints":{"allow":["GET"]}}],"collection":[{"href":"https:\/\/www.csj-emballages.com\/es\/wp-json\/wp\/v2\/product"}],"about":[{"href":"https:\/\/www.csj-emballages.com\/es\/wp-json\/wp\/v2\/types\/product"}],"wp:featuredmedia":[{"embeddable":true,"href":"https:\/\/www.csj-emballages.com\/es\/wp-json\/wp\/v2\/media\/275716"}],"wp:attachment":[{"href":"https:\/\/www.csj-emballages.com\/es\/wp-json\/wp\/v2\/media?parent=275719"}],"wp:term":[{"taxonomy":"product_brand","embeddable":true,"href":"https:\/\/www.csj-emballages.com\/es\/wp-json\/wp\/v2\/product_brand?post=275719"},{"taxonomy":"product_cat","embeddable":true,"href":"https:\/\/www.csj-emballages.com\/es\/wp-json\/wp\/v2\/product_cat?post=275719"},{"taxonomy":"product_tag","embeddable":true,"href":"https:\/\/www.csj-emballages.com\/es\/wp-json\/wp\/v2\/product_tag?post=275719"}],"curies":[{"name":"wp","href":"https:\/\/api.w.org\/{rel}","templated":true}]}}