{"id":275450,"date":"2026-03-30T08:18:15","date_gmt":"2026-03-30T06:18:15","guid":{"rendered":"https:\/\/www.csj-emballages.com\/produit\/cafe-en-grano-selecao-68-arabica-32-robusta-en-1-kg\/"},"modified":"2026-03-31T02:10:52","modified_gmt":"2026-03-31T00:10:52","slug":"cafe-en-grano-selecao-68-arabica-32-robusta-en-1-kg","status":"publish","type":"product","link":"https:\/\/www.csj-emballages.com\/es\/produit\/cafe-en-grano-selecao-68-arabica-32-robusta-en-1-kg\/","title":{"rendered":"Caf\u00e9 en grano Sele\u00e7\u00e3o 68% ar\u00e1bica \/ 32% robusta en 1 kg"},"content":{"rendered":"<h2>Caf\u00e9 en grano<\/h2>\n<hr>\n<h3>Descubra nuestro caf\u00e9 en grano Sele\u00e7\u00e3o 68% ar\u00e1bica \/ 32% robusta en 1 kg<\/h3>\n<p><!--more--><\/p>\n<p data-start=\"152\" data-end=\"461\">Descubra el <strong>caf\u00e9 en grano Sele\u00e7\u00e3o<\/strong>, una mezcla sutilmente elaborada para ofrecer una experiencia rica y equilibrada en cada taza. Compuesto por un <strong>68% de ar\u00e1bica<\/strong> por sus notas arom\u00e1ticas delicadas y un <strong>32% de robusta<\/strong> por su potencia, este caf\u00e9 seduce por su intensidad controlada y su agradable persistencia en boca. <\/p>\n<p data-start=\"463\" data-end=\"700\">Su perfil gustativo revela un caf\u00e9 armonioso, a la vez redondo y ligeramente intenso, ideal para los amantes de los caf\u00e9s expresivos sin exceso de amargor. Perfecto para empezar el d\u00eda con energ\u00eda o acompa\u00f1ar una pausa de caf\u00e9 agradable. <\/p>\n<p data-start=\"702\" data-end=\"845\">Envasado en <strong>saco de 1 kg<\/strong>, es adecuado tanto para profesionales como para particulares que deseen combinar calidad y regularidad en el d\u00eda a d\u00eda.<\/p>\n<p data-start=\"702\" data-end=\"845\">\n<p data-start=\"702\" data-end=\"845\"><!--more--><\/p>\n<p><span style=\"color: #ff0000;\"><b>*Compatibles con las m\u00e1quinas NESCAFE &amp; DOLCE GUSTO.<\/b><\/span><\/p>\n<p>&nbsp;<\/p>\n<p data-start=\"667\" data-end=\"860\"><!--more--><\/p>\n<h4 data-start=\"715\" data-end=\"933\">Ventajas :<\/h4>\n<ul>\n<li data-section-id=\"tdkv14\" data-start=\"888\" data-end=\"978\">Predominio de ar\u00e1bica para la finura, robusta para el cuerpo<\/li>\n<li data-section-id=\"tdkv14\" data-start=\"888\" data-end=\"978\">  Intensidad agradable sin ser demasiado amargo<\/li>\n<li data-section-id=\"3i85g6\" data-start=\"1050\" data-end=\"1117\">  Una degustaci\u00f3n refinada<\/li>\n<li data-section-id=\"q8yimg\" data-start=\"1118\" data-end=\"1184\">Perfecto para un uso regular<\/li>\n<li data-section-id=\"7gyeqq\" data-start=\"1185\" data-end=\"1279\">Ideal para espresso, caf\u00e9 largo o m\u00e1quinas autom\u00e1ticas<\/li>\n<li data-section-id=\"1qu97yw\" data-start=\"1280\" data-end=\"1348\">Un caf\u00e9 que gustar\u00e1 a la mayor\u00eda<\/li>\n<\/ul>\n<p>&nbsp;<\/p>\n<p data-start=\"715\" data-end=\"933\"><!--more--><\/p>\n<h4 data-start=\"715\" data-end=\"933\">Informaci\u00f3n adicional :<\/h4>\n<ul>\n<li><strong>Envase<\/strong>: Envase de 1 kg<\/li>\n<li><b>Composici\u00f3n<\/b>: 68% ar\u00e1bica \/ 32% robusta<\/li>\n<\/ul>\n<p>&nbsp;<\/p>\n<p><!--more--><\/p>\n<p>Encuentre aqu\u00ed todos nuestros caf\u00e9s en grano: <span style=\"color: #d12727;\"><a style=\"color: #d12727;\" href=\"https:\/\/www.csj-emballages.com\/es\/produit\/cafe-en-grano-chavena-65-arabica-35-robusta-en-1-kg\/\">Caf\u00e9 Chavena<\/a><\/span> \/ <span style=\"color: #d12727;\"><a style=\"color: #d12727;\" href=\"https:\/\/www.csj-emballages.com\/es\/produit\/cafe-en-grano-las-vegas-70-arabica-30-robusta-en-1-kg\/\">Caf\u00e9 Las Vegas<\/a><\/span><\/p>\n<p>&nbsp;<\/p>\n<p><!--more--><\/p>\n<p><a href=\"https:\/\/www.csj-emballages.com\/es\/categorie-produit\/alimentacion-es\/cafes-en-grano\/\">Consulte el resto de nuestra gama de caf\u00e9s en grano<\/a><\/p>\n","protected":false},"excerpt":{"rendered":"<p>Caf\u00e9 en grano Descubra nuestro caf\u00e9 en grano Sele\u00e7\u00e3o 68% ar\u00e1bica \/ 32% robusta en 1 kg<\/p>\n","protected":false},"featured_media":275442,"template":"","meta":{"_acf_changed":false},"product_brand":[],"product_cat":[1162,11603],"product_tag":[],"class_list":{"0":"post-275450","1":"product","2":"type-product","3":"status-publish","4":"has-post-thumbnail","6":"product_cat-alimentacion-es","7":"product_cat-cafes-en-grano","9":"first","10":"instock","11":"taxable","12":"shipping-taxable","13":"purchasable","14":"product-type-simple"},"acf":[],"yoast_head":"<!-- This site is optimized with the Yoast SEO Premium plugin v26.6 (Yoast SEO v26.6) - https:\/\/yoast.com\/wordpress\/plugins\/seo\/ -->\n<title>Caf\u00e9 en Grano Sele\u00e7\u00e3o 68% Ar\u00e1bica \/ 32% Robusta en 1 kg<\/title>\n<meta name=\"description\" content=\"Caf\u00e9 en grano Sele\u00e7\u00e3o 1 kg - Mezcla 68% ar\u00e1bica \/ 32% robusta. Caf\u00e9 equilibrado, arom\u00e1tico y ligeramente intenso, ideal para espresso y uso diario.\" \/>\n<meta name=\"robots\" content=\"index, follow, max-snippet:-1, max-image-preview:large, max-video-preview:-1\" \/>\n<link rel=\"canonical\" href=\"https:\/\/www.csj-emballages.com\/es\/produit\/cafe-en-grano-selecao-68-arabica-32-robusta-en-1-kg\/\" \/>\n<meta property=\"og:locale\" content=\"es_ES\" \/>\n<meta property=\"og:type\" content=\"article\" \/>\n<meta property=\"og:title\" content=\"Caf\u00e9 en grano Sele\u00e7\u00e3o 68% ar\u00e1bica \/ 32% robusta en 1 kg\" \/>\n<meta property=\"og:description\" content=\"Caf\u00e9 en grano Sele\u00e7\u00e3o 1 kg - Mezcla 68% ar\u00e1bica \/ 32% robusta. Caf\u00e9 equilibrado, arom\u00e1tico y ligeramente intenso, ideal para espresso y uso diario.\" \/>\n<meta property=\"og:url\" content=\"https:\/\/www.csj-emballages.com\/es\/produit\/cafe-en-grano-selecao-68-arabica-32-robusta-en-1-kg\/\" \/>\n<meta property=\"og:site_name\" content=\"CSJ Emballages\" \/>\n<meta property=\"article:publisher\" content=\"https:\/\/www.facebook.com\/csjemballages\" \/>\n<meta property=\"article:modified_time\" content=\"2026-03-31T00:10:52+00:00\" \/>\n<meta property=\"og:image\" content=\"https:\/\/www.csj-emballages.com\/wp-content\/uploads\/2026\/03\/13002.webp\" \/>\n\t<meta property=\"og:image:width\" content=\"799\" \/>\n\t<meta property=\"og:image:height\" content=\"800\" \/>\n\t<meta property=\"og:image:type\" content=\"image\/webp\" \/>\n<meta name=\"twitter:card\" content=\"summary_large_image\" \/>\n<meta name=\"twitter:label1\" content=\"Tiempo de lectura\" \/>\n\t<meta name=\"twitter:data1\" content=\"1 minuto\" \/>\n<script type=\"application\/ld+json\" class=\"yoast-schema-graph\">{\"@context\":\"https:\/\/schema.org\",\"@graph\":[{\"@type\":\"WebPage\",\"@id\":\"https:\/\/www.csj-emballages.com\/es\/produit\/cafe-en-grano-selecao-68-arabica-32-robusta-en-1-kg\/\",\"url\":\"https:\/\/www.csj-emballages.com\/es\/produit\/cafe-en-grano-selecao-68-arabica-32-robusta-en-1-kg\/\",\"name\":\"Caf\u00e9 en Grano Sele\u00e7\u00e3o 68% Ar\u00e1bica \/ 32% Robusta en 1 kg\",\"isPartOf\":{\"@id\":\"https:\/\/www.csj-emballages.com\/es\/#website\"},\"primaryImageOfPage\":{\"@id\":\"https:\/\/www.csj-emballages.com\/es\/produit\/cafe-en-grano-selecao-68-arabica-32-robusta-en-1-kg\/#primaryimage\"},\"image\":{\"@id\":\"https:\/\/www.csj-emballages.com\/es\/produit\/cafe-en-grano-selecao-68-arabica-32-robusta-en-1-kg\/#primaryimage\"},\"thumbnailUrl\":\"https:\/\/www.csj-emballages.com\/wp-content\/uploads\/2026\/03\/13002.webp\",\"datePublished\":\"2026-03-30T06:18:15+00:00\",\"dateModified\":\"2026-03-31T00:10:52+00:00\",\"description\":\"Caf\u00e9 en grano Sele\u00e7\u00e3o 1 kg - Mezcla 68% ar\u00e1bica \/ 32% robusta. Caf\u00e9 equilibrado, arom\u00e1tico y ligeramente intenso, ideal para espresso y uso diario.\",\"breadcrumb\":{\"@id\":\"https:\/\/www.csj-emballages.com\/es\/produit\/cafe-en-grano-selecao-68-arabica-32-robusta-en-1-kg\/#breadcrumb\"},\"inLanguage\":\"es\",\"potentialAction\":[{\"@type\":\"ReadAction\",\"target\":[\"https:\/\/www.csj-emballages.com\/es\/produit\/cafe-en-grano-selecao-68-arabica-32-robusta-en-1-kg\/\"]}]},{\"@type\":\"ImageObject\",\"inLanguage\":\"es\",\"@id\":\"https:\/\/www.csj-emballages.com\/es\/produit\/cafe-en-grano-selecao-68-arabica-32-robusta-en-1-kg\/#primaryimage\",\"url\":\"https:\/\/www.csj-emballages.com\/wp-content\/uploads\/2026\/03\/13002.webp\",\"contentUrl\":\"https:\/\/www.csj-emballages.com\/wp-content\/uploads\/2026\/03\/13002.webp\",\"width\":799,\"height\":800,\"caption\":\"Caf\u00e9 en grains\"},{\"@type\":\"BreadcrumbList\",\"@id\":\"https:\/\/www.csj-emballages.com\/es\/produit\/cafe-en-grano-selecao-68-arabica-32-robusta-en-1-kg\/#breadcrumb\",\"itemListElement\":[{\"@type\":\"ListItem\",\"position\":1,\"name\":\"Accueil\",\"item\":\"https:\/\/www.csj-emballages.com\/es\/universo-del-envasado-alimentario\/\"},{\"@type\":\"ListItem\",\"position\":2,\"name\":\"Tienda\",\"item\":\"https:\/\/www.csj-emballages.com\/tienda\/\"},{\"@type\":\"ListItem\",\"position\":3,\"name\":\"Caf\u00e9 en grano Sele\u00e7\u00e3o 68% ar\u00e1bica \/ 32% robusta en 1 kg\"}]},{\"@type\":\"WebSite\",\"@id\":\"https:\/\/www.csj-emballages.com\/es\/#website\",\"url\":\"https:\/\/www.csj-emballages.com\/es\/\",\"name\":\"CSJ Emballages\",\"description\":\"\",\"publisher\":{\"@id\":\"https:\/\/www.csj-emballages.com\/es\/#organization\"},\"potentialAction\":[{\"@type\":\"SearchAction\",\"target\":{\"@type\":\"EntryPoint\",\"urlTemplate\":\"https:\/\/www.csj-emballages.com\/es\/?s={search_term_string}\"},\"query-input\":{\"@type\":\"PropertyValueSpecification\",\"valueRequired\":true,\"valueName\":\"search_term_string\"}}],\"inLanguage\":\"es\"},{\"@type\":\"Organization\",\"@id\":\"https:\/\/www.csj-emballages.com\/es\/#Organization\/\",\"name\":\"CSJ Emballages\",\"url\":\"https:\/\/www.csj-emballages.com\/es\/\",\"logo\":{\"@type\":\"ImageObject\",\"inLanguage\":\"es\",\"@id\":\"https:\/\/www.csj-emballages.com\/es\/#\/schema\/logo\/image\/\",\"url\":\"https:\/\/www.csj-emballages.com\/wp-content\/uploads\/2023\/10\/logo_csj.webp\",\"contentUrl\":\"https:\/\/www.csj-emballages.com\/wp-content\/uploads\/2023\/10\/logo_csj.webp\",\"width\":250,\"height\":95,\"caption\":\"CSJ Emballages\"},\"image\":{\"@id\":\"https:\/\/www.csj-emballages.com\/es\/#\/schema\/logo\/image\/\"},\"sameAs\":[\"https:\/\/www.facebook.com\/csjemballages\"],\"address\":{\"@type\":\"PostalAddress\",\"streetAddress\":\"ZI La Lechere\",\"addressLocality\":\"Patornay\",\"postalCode\":\"39130\",\"addressCountry\":\"FR\"},\"contactPoint\":[{\"@type\":\"ContactPoint\",\"contactType\":\"Service client\",\"telephone\":\"0384254272\",\"email\":\"contact@csj-emballages.com\"}]}]}<\/script>\n<!-- \/ Yoast SEO Premium plugin. -->","yoast_head_json":{"title":"Caf\u00e9 en Grano Sele\u00e7\u00e3o 68% Ar\u00e1bica \/ 32% Robusta en 1 kg","description":"Caf\u00e9 en grano Sele\u00e7\u00e3o 1 kg - Mezcla 68% ar\u00e1bica \/ 32% robusta. Caf\u00e9 equilibrado, arom\u00e1tico y ligeramente intenso, ideal para espresso y uso diario.","robots":{"index":"index","follow":"follow","max-snippet":"max-snippet:-1","max-image-preview":"max-image-preview:large","max-video-preview":"max-video-preview:-1"},"canonical":"https:\/\/www.csj-emballages.com\/es\/produit\/cafe-en-grano-selecao-68-arabica-32-robusta-en-1-kg\/","og_locale":"es_ES","og_type":"article","og_title":"Caf\u00e9 en grano Sele\u00e7\u00e3o 68% ar\u00e1bica \/ 32% robusta en 1 kg","og_description":"Caf\u00e9 en grano Sele\u00e7\u00e3o 1 kg - Mezcla 68% ar\u00e1bica \/ 32% robusta. Caf\u00e9 equilibrado, arom\u00e1tico y ligeramente intenso, ideal para espresso y uso diario.","og_url":"https:\/\/www.csj-emballages.com\/es\/produit\/cafe-en-grano-selecao-68-arabica-32-robusta-en-1-kg\/","og_site_name":"CSJ Emballages","article_publisher":"https:\/\/www.facebook.com\/csjemballages","article_modified_time":"2026-03-31T00:10:52+00:00","og_image":[{"width":799,"height":800,"url":"https:\/\/www.csj-emballages.com\/wp-content\/uploads\/2026\/03\/13002.webp","type":"image\/webp"}],"twitter_card":"summary_large_image","twitter_misc":{"Tiempo de lectura":"1 minuto"},"schema":{"@context":"https:\/\/schema.org","@graph":[{"@type":"WebPage","@id":"https:\/\/www.csj-emballages.com\/es\/produit\/cafe-en-grano-selecao-68-arabica-32-robusta-en-1-kg\/","url":"https:\/\/www.csj-emballages.com\/es\/produit\/cafe-en-grano-selecao-68-arabica-32-robusta-en-1-kg\/","name":"Caf\u00e9 en Grano Sele\u00e7\u00e3o 68% Ar\u00e1bica \/ 32% Robusta en 1 kg","isPartOf":{"@id":"https:\/\/www.csj-emballages.com\/es\/#website"},"primaryImageOfPage":{"@id":"https:\/\/www.csj-emballages.com\/es\/produit\/cafe-en-grano-selecao-68-arabica-32-robusta-en-1-kg\/#primaryimage"},"image":{"@id":"https:\/\/www.csj-emballages.com\/es\/produit\/cafe-en-grano-selecao-68-arabica-32-robusta-en-1-kg\/#primaryimage"},"thumbnailUrl":"https:\/\/www.csj-emballages.com\/wp-content\/uploads\/2026\/03\/13002.webp","datePublished":"2026-03-30T06:18:15+00:00","dateModified":"2026-03-31T00:10:52+00:00","description":"Caf\u00e9 en grano Sele\u00e7\u00e3o 1 kg - Mezcla 68% ar\u00e1bica \/ 32% robusta. Caf\u00e9 equilibrado, arom\u00e1tico y ligeramente intenso, ideal para espresso y uso diario.","breadcrumb":{"@id":"https:\/\/www.csj-emballages.com\/es\/produit\/cafe-en-grano-selecao-68-arabica-32-robusta-en-1-kg\/#breadcrumb"},"inLanguage":"es","potentialAction":[{"@type":"ReadAction","target":["https:\/\/www.csj-emballages.com\/es\/produit\/cafe-en-grano-selecao-68-arabica-32-robusta-en-1-kg\/"]}]},{"@type":"ImageObject","inLanguage":"es","@id":"https:\/\/www.csj-emballages.com\/es\/produit\/cafe-en-grano-selecao-68-arabica-32-robusta-en-1-kg\/#primaryimage","url":"https:\/\/www.csj-emballages.com\/wp-content\/uploads\/2026\/03\/13002.webp","contentUrl":"https:\/\/www.csj-emballages.com\/wp-content\/uploads\/2026\/03\/13002.webp","width":799,"height":800,"caption":"Caf\u00e9 en grains"},{"@type":"BreadcrumbList","@id":"https:\/\/www.csj-emballages.com\/es\/produit\/cafe-en-grano-selecao-68-arabica-32-robusta-en-1-kg\/#breadcrumb","itemListElement":[{"@type":"ListItem","position":1,"name":"Accueil","item":"https:\/\/www.csj-emballages.com\/es\/universo-del-envasado-alimentario\/"},{"@type":"ListItem","position":2,"name":"Tienda","item":"https:\/\/www.csj-emballages.com\/tienda\/"},{"@type":"ListItem","position":3,"name":"Caf\u00e9 en grano Sele\u00e7\u00e3o 68% ar\u00e1bica \/ 32% robusta en 1 kg"}]},{"@type":"WebSite","@id":"https:\/\/www.csj-emballages.com\/es\/#website","url":"https:\/\/www.csj-emballages.com\/es\/","name":"CSJ Emballages","description":"","publisher":{"@id":"https:\/\/www.csj-emballages.com\/es\/#organization"},"potentialAction":[{"@type":"SearchAction","target":{"@type":"EntryPoint","urlTemplate":"https:\/\/www.csj-emballages.com\/es\/?s={search_term_string}"},"query-input":{"@type":"PropertyValueSpecification","valueRequired":true,"valueName":"search_term_string"}}],"inLanguage":"es"},{"@type":"Organization","@id":"https:\/\/www.csj-emballages.com\/es\/#Organization\/","name":"CSJ Emballages","url":"https:\/\/www.csj-emballages.com\/es\/","logo":{"@type":"ImageObject","inLanguage":"es","@id":"https:\/\/www.csj-emballages.com\/es\/#\/schema\/logo\/image\/","url":"https:\/\/www.csj-emballages.com\/wp-content\/uploads\/2023\/10\/logo_csj.webp","contentUrl":"https:\/\/www.csj-emballages.com\/wp-content\/uploads\/2023\/10\/logo_csj.webp","width":250,"height":95,"caption":"CSJ Emballages"},"image":{"@id":"https:\/\/www.csj-emballages.com\/es\/#\/schema\/logo\/image\/"},"sameAs":["https:\/\/www.facebook.com\/csjemballages"],"address":{"@type":"PostalAddress","streetAddress":"ZI La Lechere","addressLocality":"Patornay","postalCode":"39130","addressCountry":"FR"},"contactPoint":[{"@type":"ContactPoint","contactType":"Service client","telephone":"0384254272","email":"contact@csj-emballages.com"}]}]}},"df_price":15.18,"df_sale_price":"","df_regular_price":15.18,"df_image_link":"https:\/\/www.csj-emballages.com\/wp-content\/uploads\/2026\/03\/13002-300x300.webp","tiered_pricing_type":"fixed","tiered_pricing_fixed_rules":[],"tiered_pricing_percentage_rules":[],"tiered_pricing_minimum":1,"tiered_pricing_roles_data":[],"_links":{"self":[{"href":"https:\/\/www.csj-emballages.com\/es\/wp-json\/wp\/v2\/product\/275450","targetHints":{"allow":["GET"]}}],"collection":[{"href":"https:\/\/www.csj-emballages.com\/es\/wp-json\/wp\/v2\/product"}],"about":[{"href":"https:\/\/www.csj-emballages.com\/es\/wp-json\/wp\/v2\/types\/product"}],"wp:featuredmedia":[{"embeddable":true,"href":"https:\/\/www.csj-emballages.com\/es\/wp-json\/wp\/v2\/media\/275442"}],"wp:attachment":[{"href":"https:\/\/www.csj-emballages.com\/es\/wp-json\/wp\/v2\/media?parent=275450"}],"wp:term":[{"taxonomy":"product_brand","embeddable":true,"href":"https:\/\/www.csj-emballages.com\/es\/wp-json\/wp\/v2\/product_brand?post=275450"},{"taxonomy":"product_cat","embeddable":true,"href":"https:\/\/www.csj-emballages.com\/es\/wp-json\/wp\/v2\/product_cat?post=275450"},{"taxonomy":"product_tag","embeddable":true,"href":"https:\/\/www.csj-emballages.com\/es\/wp-json\/wp\/v2\/product_tag?post=275450"}],"curies":[{"name":"wp","href":"https:\/\/api.w.org\/{rel}","templated":true}]}}