{"id":275162,"date":"2026-03-13T16:18:19","date_gmt":"2026-03-13T15:18:19","guid":{"rendered":"https:\/\/www.csj-emballages.com\/produit\/bolsa-de-carton-grande-para-patatas-fritas-95-x-145-x-18-cm-por-200\/"},"modified":"2026-04-15T02:15:14","modified_gmt":"2026-04-15T00:15:14","slug":"bolsa-de-carton-grande-para-patatas-fritas-95-x-145-x-18-cm-por-200","status":"publish","type":"product","link":"https:\/\/www.csj-emballages.com\/es\/produit\/bolsa-de-carton-grande-para-patatas-fritas-95-x-145-x-18-cm-por-200\/","title":{"rendered":"Bolsa de cart\u00f3n grande para patatas fritas 9,5 x 14,5 x 18 cm por 200"},"content":{"rendered":"<h2 class=\"p1\">Fichas<\/h2>\n<hr>\n<h3>Descubra nuestra bolsa de cart\u00f3n grande para patatas fritas 9,5 x 14,5 x 18 cm por 200<\/h3>\n<p><!--more--><\/p>\n<p data-start=\"151\" data-end=\"400\">Sirva sus patatas fritas con estilo y practicidad gracias a esta <strong data-start=\"207\" data-end=\"242\">bolsa de cart\u00f3n de gran formato<\/strong>. Dise\u00f1ada para profesionales de la restauraci\u00f3n, permite ofrecer una raci\u00f3n generosa a la vez que asegura un f\u00e1cil manejo para sus clientes. <\/p>\n<p data-start=\"402\" data-end=\"626\">Su <strong data-start=\"406\" data-end=\"435\">formato de 9,5 x 14,5 x 18 cm<\/strong> es ideal para <strong>raciones grandes de patatas fritas<\/strong>, aperitivos o acompa\u00f1amientos. La forma acampanada permite un acceso r\u00e1pido al producto, perfecto para la venta para llevar o el consumo sobre la marcha. <\/p>\n<p data-start=\"628\" data-end=\"866\">Con su <strong data-start=\"637\" data-end=\"664\">dise\u00f1o moderno y depurado<\/strong>, esta bolsa aporta un toque din\u00e1mico a su presentaci\u00f3n a la vez que realza sus productos. Se integra f\u00e1cilmente en todos los entornos: food trucks, cafeter\u00edas, comida r\u00e1pida o eventos. <\/p>\n<p data-start=\"868\" data-end=\"1060\">Fabricada en <strong>cart\u00f3n<\/strong>, ofrece una buena sujeci\u00f3n y resiste el calor de las patatas fritas sin dejar de ser agradable de manipular. Es un elemento indispensable para el d\u00eda a d\u00eda para un servicio r\u00e1pido y eficaz. <\/p>\n<p data-start=\"868\" data-end=\"1060\">\n<p data-start=\"1319\" data-end=\"1651\"><!--more--><\/p>\n<h4 data-start=\"1319\" data-end=\"1651\">Ventajas :<\/h4>\n<ul>\n<li data-section-id=\"vx4gij\" data-start=\"1099\" data-end=\"1161\"><strong data-start=\"1104\" data-end=\"1120\">Gran formato<\/strong>: perfecto para raciones generosas<\/li>\n<li data-section-id=\"kv2og5\" data-start=\"1162\" data-end=\"1231\">Forma acampanada pr\u00e1ctica para el cliente<\/li>\n<li data-section-id=\"x0lixb\" data-start=\"1232\" data-end=\"1304\">Adecuado para patatas fritas y productos calientes<\/li>\n<li data-section-id=\"x0lixb\" data-start=\"1232\" data-end=\"1304\">Ideal para uso profesional<\/li>\n<li data-section-id=\"x0lixb\" data-start=\"1232\" data-end=\"1304\">Realza sus productos y su imagen<\/li>\n<li data-section-id=\"x0lixb\" data-start=\"1232\" data-end=\"1304\">Facilita la venta para llevar<\/li>\n<\/ul>\n<p>&nbsp;<\/p>\n<p><!--more--><\/p>\n<h4>Informaci\u00f3n adicional :<\/h4>\n<ul>\n<li><strong>Embalaje<\/strong>: Por 200 unidades<\/li>\n<li><b>Dimensiones desplegadas <\/b>: 120 x 60 x 160 (L x An x Al en mm)<\/li>\n<li><strong>Color<\/strong>: blanco<\/li>\n<li><strong>Material<\/strong>: Cart\u00f3n<\/li>\n<\/ul>\n<p>&nbsp;<\/p>\n<p><!--more--><\/p>\n<p><a href=\"https:\/\/www.csj-emballages.com\/es\/categorie-produit\/envasado-de-alimentos\/descuentos\/\">Ver el resto de nuestros productos en liquidaci\u00f3n de existencias<\/a><\/p>\n","protected":false},"excerpt":{"rendered":"<p>Fichas Descubra nuestra bolsa de cart\u00f3n grande para patatas fritas 9,5 x 14,5 x 18 cm por 200<\/p>\n","protected":false},"featured_media":275160,"template":"","meta":{"_acf_changed":false},"product_brand":[],"product_cat":[1150,1179,3878,3081,1270],"product_tag":[],"class_list":{"0":"post-275162","1":"product","2":"type-product","3":"status-publish","4":"has-post-thumbnail","6":"product_cat-envasado-de-alimentos","7":"product_cat-catering-es","8":"product_cat-cajas-bandejas-bolsas-conos","9":"product_cat-patatas-fritas-tortitas-tacos-wraps","10":"product_cat-descuentos","12":"first","13":"instock","14":"sale","15":"taxable","16":"shipping-taxable","17":"purchasable","18":"product-type-simple"},"acf":[],"yoast_head":"<!-- This site is optimized with the Yoast SEO Premium plugin v26.6 (Yoast SEO v26.6) - https:\/\/yoast.com\/wordpress\/plugins\/seo\/ -->\n<title>Bolsa de Cart\u00f3n Grande para Patatas Fritas 9,5 x 14,5 x 18 cm por 200<\/title>\n<meta name=\"description\" content=\"Bolsa de cart\u00f3n grande para patatas fritas 9,5 x 14,5 x 18 cm por 200: ideal para raciones grandes, resistente al calor, perfecta para comida r\u00e1pida.\" \/>\n<meta name=\"robots\" content=\"index, follow, max-snippet:-1, max-image-preview:large, max-video-preview:-1\" \/>\n<link rel=\"canonical\" href=\"https:\/\/www.csj-emballages.com\/es\/produit\/bolsa-de-carton-grande-para-patatas-fritas-95-x-145-x-18-cm-por-200\/\" \/>\n<meta property=\"og:locale\" content=\"es_ES\" \/>\n<meta property=\"og:type\" content=\"article\" \/>\n<meta property=\"og:title\" content=\"Bolsa de cart\u00f3n grande para patatas fritas 9,5 x 14,5 x 18 cm por 200\" \/>\n<meta property=\"og:description\" content=\"Bolsa de cart\u00f3n grande para patatas fritas 9,5 x 14,5 x 18 cm por 200: ideal para raciones grandes, resistente al calor, perfecta para comida r\u00e1pida.\" \/>\n<meta property=\"og:url\" content=\"https:\/\/www.csj-emballages.com\/es\/produit\/bolsa-de-carton-grande-para-patatas-fritas-95-x-145-x-18-cm-por-200\/\" \/>\n<meta property=\"og:site_name\" content=\"CSJ Emballages\" \/>\n<meta property=\"article:publisher\" content=\"https:\/\/www.facebook.com\/csjemballages\" \/>\n<meta property=\"article:modified_time\" content=\"2026-04-15T00:15:14+00:00\" \/>\n<meta property=\"og:image\" content=\"https:\/\/www.csj-emballages.com\/wp-content\/uploads\/2026\/03\/PF3DEST.webp\" \/>\n\t<meta property=\"og:image:width\" content=\"800\" \/>\n\t<meta property=\"og:image:height\" content=\"799\" \/>\n\t<meta property=\"og:image:type\" content=\"image\/webp\" \/>\n<meta name=\"twitter:card\" content=\"summary_large_image\" \/>\n<meta name=\"twitter:label1\" content=\"Tiempo de lectura\" \/>\n\t<meta name=\"twitter:data1\" content=\"1 minuto\" \/>\n<script type=\"application\/ld+json\" class=\"yoast-schema-graph\">{\"@context\":\"https:\/\/schema.org\",\"@graph\":[{\"@type\":\"WebPage\",\"@id\":\"https:\/\/www.csj-emballages.com\/es\/produit\/bolsa-de-carton-grande-para-patatas-fritas-95-x-145-x-18-cm-por-200\/\",\"url\":\"https:\/\/www.csj-emballages.com\/es\/produit\/bolsa-de-carton-grande-para-patatas-fritas-95-x-145-x-18-cm-por-200\/\",\"name\":\"Bolsa de Cart\u00f3n Grande para Patatas Fritas 9,5 x 14,5 x 18 cm por 200\",\"isPartOf\":{\"@id\":\"https:\/\/www.csj-emballages.com\/es\/#website\"},\"primaryImageOfPage\":{\"@id\":\"https:\/\/www.csj-emballages.com\/es\/produit\/bolsa-de-carton-grande-para-patatas-fritas-95-x-145-x-18-cm-por-200\/#primaryimage\"},\"image\":{\"@id\":\"https:\/\/www.csj-emballages.com\/es\/produit\/bolsa-de-carton-grande-para-patatas-fritas-95-x-145-x-18-cm-por-200\/#primaryimage\"},\"thumbnailUrl\":\"https:\/\/www.csj-emballages.com\/wp-content\/uploads\/2026\/03\/PF3DEST.webp\",\"datePublished\":\"2026-03-13T15:18:19+00:00\",\"dateModified\":\"2026-04-15T00:15:14+00:00\",\"description\":\"Bolsa de cart\u00f3n grande para patatas fritas 9,5 x 14,5 x 18 cm por 200: ideal para raciones grandes, resistente al calor, perfecta para comida r\u00e1pida.\",\"breadcrumb\":{\"@id\":\"https:\/\/www.csj-emballages.com\/es\/produit\/bolsa-de-carton-grande-para-patatas-fritas-95-x-145-x-18-cm-por-200\/#breadcrumb\"},\"inLanguage\":\"es\",\"potentialAction\":[{\"@type\":\"ReadAction\",\"target\":[\"https:\/\/www.csj-emballages.com\/es\/produit\/bolsa-de-carton-grande-para-patatas-fritas-95-x-145-x-18-cm-por-200\/\"]}]},{\"@type\":\"ImageObject\",\"inLanguage\":\"es\",\"@id\":\"https:\/\/www.csj-emballages.com\/es\/produit\/bolsa-de-carton-grande-para-patatas-fritas-95-x-145-x-18-cm-por-200\/#primaryimage\",\"url\":\"https:\/\/www.csj-emballages.com\/wp-content\/uploads\/2026\/03\/PF3DEST.webp\",\"contentUrl\":\"https:\/\/www.csj-emballages.com\/wp-content\/uploads\/2026\/03\/PF3DEST.webp\",\"width\":800,\"height\":799,\"caption\":\"Pochette frites\"},{\"@type\":\"BreadcrumbList\",\"@id\":\"https:\/\/www.csj-emballages.com\/es\/produit\/bolsa-de-carton-grande-para-patatas-fritas-95-x-145-x-18-cm-por-200\/#breadcrumb\",\"itemListElement\":[{\"@type\":\"ListItem\",\"position\":1,\"name\":\"Accueil\",\"item\":\"https:\/\/www.csj-emballages.com\/es\/universo-del-envasado-alimentario\/\"},{\"@type\":\"ListItem\",\"position\":2,\"name\":\"Tienda\",\"item\":\"https:\/\/www.csj-emballages.com\/tienda\/\"},{\"@type\":\"ListItem\",\"position\":3,\"name\":\"Bolsa de cart\u00f3n grande para patatas fritas 9,5 x 14,5 x 18 cm por 200\"}]},{\"@type\":\"WebSite\",\"@id\":\"https:\/\/www.csj-emballages.com\/es\/#website\",\"url\":\"https:\/\/www.csj-emballages.com\/es\/\",\"name\":\"CSJ Emballages\",\"description\":\"\",\"publisher\":{\"@id\":\"https:\/\/www.csj-emballages.com\/es\/#organization\"},\"potentialAction\":[{\"@type\":\"SearchAction\",\"target\":{\"@type\":\"EntryPoint\",\"urlTemplate\":\"https:\/\/www.csj-emballages.com\/es\/?s={search_term_string}\"},\"query-input\":{\"@type\":\"PropertyValueSpecification\",\"valueRequired\":true,\"valueName\":\"search_term_string\"}}],\"inLanguage\":\"es\"},{\"@type\":\"Organization\",\"@id\":\"https:\/\/www.csj-emballages.com\/es\/#Organization\/\",\"name\":\"CSJ Emballages\",\"url\":\"https:\/\/www.csj-emballages.com\/es\/\",\"logo\":{\"@type\":\"ImageObject\",\"inLanguage\":\"es\",\"@id\":\"https:\/\/www.csj-emballages.com\/es\/#\/schema\/logo\/image\/\",\"url\":\"https:\/\/www.csj-emballages.com\/wp-content\/uploads\/2023\/10\/logo_csj.webp\",\"contentUrl\":\"https:\/\/www.csj-emballages.com\/wp-content\/uploads\/2023\/10\/logo_csj.webp\",\"width\":250,\"height\":95,\"caption\":\"CSJ Emballages\"},\"image\":{\"@id\":\"https:\/\/www.csj-emballages.com\/es\/#\/schema\/logo\/image\/\"},\"sameAs\":[\"https:\/\/www.facebook.com\/csjemballages\"],\"address\":{\"@type\":\"PostalAddress\",\"streetAddress\":\"ZI La Lechere\",\"addressLocality\":\"Patornay\",\"postalCode\":\"39130\",\"addressCountry\":\"FR\"},\"contactPoint\":[{\"@type\":\"ContactPoint\",\"contactType\":\"Service client\",\"telephone\":\"0384254272\",\"email\":\"contact@csj-emballages.com\"}]}]}<\/script>\n<!-- \/ Yoast SEO Premium plugin. -->","yoast_head_json":{"title":"Bolsa de Cart\u00f3n Grande para Patatas Fritas 9,5 x 14,5 x 18 cm por 200","description":"Bolsa de cart\u00f3n grande para patatas fritas 9,5 x 14,5 x 18 cm por 200: ideal para raciones grandes, resistente al calor, perfecta para comida r\u00e1pida.","robots":{"index":"index","follow":"follow","max-snippet":"max-snippet:-1","max-image-preview":"max-image-preview:large","max-video-preview":"max-video-preview:-1"},"canonical":"https:\/\/www.csj-emballages.com\/es\/produit\/bolsa-de-carton-grande-para-patatas-fritas-95-x-145-x-18-cm-por-200\/","og_locale":"es_ES","og_type":"article","og_title":"Bolsa de cart\u00f3n grande para patatas fritas 9,5 x 14,5 x 18 cm por 200","og_description":"Bolsa de cart\u00f3n grande para patatas fritas 9,5 x 14,5 x 18 cm por 200: ideal para raciones grandes, resistente al calor, perfecta para comida r\u00e1pida.","og_url":"https:\/\/www.csj-emballages.com\/es\/produit\/bolsa-de-carton-grande-para-patatas-fritas-95-x-145-x-18-cm-por-200\/","og_site_name":"CSJ Emballages","article_publisher":"https:\/\/www.facebook.com\/csjemballages","article_modified_time":"2026-04-15T00:15:14+00:00","og_image":[{"width":800,"height":799,"url":"https:\/\/www.csj-emballages.com\/wp-content\/uploads\/2026\/03\/PF3DEST.webp","type":"image\/webp"}],"twitter_card":"summary_large_image","twitter_misc":{"Tiempo de lectura":"1 minuto"},"schema":{"@context":"https:\/\/schema.org","@graph":[{"@type":"WebPage","@id":"https:\/\/www.csj-emballages.com\/es\/produit\/bolsa-de-carton-grande-para-patatas-fritas-95-x-145-x-18-cm-por-200\/","url":"https:\/\/www.csj-emballages.com\/es\/produit\/bolsa-de-carton-grande-para-patatas-fritas-95-x-145-x-18-cm-por-200\/","name":"Bolsa de Cart\u00f3n Grande para Patatas Fritas 9,5 x 14,5 x 18 cm por 200","isPartOf":{"@id":"https:\/\/www.csj-emballages.com\/es\/#website"},"primaryImageOfPage":{"@id":"https:\/\/www.csj-emballages.com\/es\/produit\/bolsa-de-carton-grande-para-patatas-fritas-95-x-145-x-18-cm-por-200\/#primaryimage"},"image":{"@id":"https:\/\/www.csj-emballages.com\/es\/produit\/bolsa-de-carton-grande-para-patatas-fritas-95-x-145-x-18-cm-por-200\/#primaryimage"},"thumbnailUrl":"https:\/\/www.csj-emballages.com\/wp-content\/uploads\/2026\/03\/PF3DEST.webp","datePublished":"2026-03-13T15:18:19+00:00","dateModified":"2026-04-15T00:15:14+00:00","description":"Bolsa de cart\u00f3n grande para patatas fritas 9,5 x 14,5 x 18 cm por 200: ideal para raciones grandes, resistente al calor, perfecta para comida r\u00e1pida.","breadcrumb":{"@id":"https:\/\/www.csj-emballages.com\/es\/produit\/bolsa-de-carton-grande-para-patatas-fritas-95-x-145-x-18-cm-por-200\/#breadcrumb"},"inLanguage":"es","potentialAction":[{"@type":"ReadAction","target":["https:\/\/www.csj-emballages.com\/es\/produit\/bolsa-de-carton-grande-para-patatas-fritas-95-x-145-x-18-cm-por-200\/"]}]},{"@type":"ImageObject","inLanguage":"es","@id":"https:\/\/www.csj-emballages.com\/es\/produit\/bolsa-de-carton-grande-para-patatas-fritas-95-x-145-x-18-cm-por-200\/#primaryimage","url":"https:\/\/www.csj-emballages.com\/wp-content\/uploads\/2026\/03\/PF3DEST.webp","contentUrl":"https:\/\/www.csj-emballages.com\/wp-content\/uploads\/2026\/03\/PF3DEST.webp","width":800,"height":799,"caption":"Pochette frites"},{"@type":"BreadcrumbList","@id":"https:\/\/www.csj-emballages.com\/es\/produit\/bolsa-de-carton-grande-para-patatas-fritas-95-x-145-x-18-cm-por-200\/#breadcrumb","itemListElement":[{"@type":"ListItem","position":1,"name":"Accueil","item":"https:\/\/www.csj-emballages.com\/es\/universo-del-envasado-alimentario\/"},{"@type":"ListItem","position":2,"name":"Tienda","item":"https:\/\/www.csj-emballages.com\/tienda\/"},{"@type":"ListItem","position":3,"name":"Bolsa de cart\u00f3n grande para patatas fritas 9,5 x 14,5 x 18 cm por 200"}]},{"@type":"WebSite","@id":"https:\/\/www.csj-emballages.com\/es\/#website","url":"https:\/\/www.csj-emballages.com\/es\/","name":"CSJ Emballages","description":"","publisher":{"@id":"https:\/\/www.csj-emballages.com\/es\/#organization"},"potentialAction":[{"@type":"SearchAction","target":{"@type":"EntryPoint","urlTemplate":"https:\/\/www.csj-emballages.com\/es\/?s={search_term_string}"},"query-input":{"@type":"PropertyValueSpecification","valueRequired":true,"valueName":"search_term_string"}}],"inLanguage":"es"},{"@type":"Organization","@id":"https:\/\/www.csj-emballages.com\/es\/#Organization\/","name":"CSJ Emballages","url":"https:\/\/www.csj-emballages.com\/es\/","logo":{"@type":"ImageObject","inLanguage":"es","@id":"https:\/\/www.csj-emballages.com\/es\/#\/schema\/logo\/image\/","url":"https:\/\/www.csj-emballages.com\/wp-content\/uploads\/2023\/10\/logo_csj.webp","contentUrl":"https:\/\/www.csj-emballages.com\/wp-content\/uploads\/2023\/10\/logo_csj.webp","width":250,"height":95,"caption":"CSJ Emballages"},"image":{"@id":"https:\/\/www.csj-emballages.com\/es\/#\/schema\/logo\/image\/"},"sameAs":["https:\/\/www.facebook.com\/csjemballages"],"address":{"@type":"PostalAddress","streetAddress":"ZI La Lechere","addressLocality":"Patornay","postalCode":"39130","addressCountry":"FR"},"contactPoint":[{"@type":"ContactPoint","contactType":"Service client","telephone":"0384254272","email":"contact@csj-emballages.com"}]}]}},"df_price":13.59,"df_sale_price":13.59,"df_regular_price":16.99,"df_image_link":"https:\/\/www.csj-emballages.com\/wp-content\/uploads\/2026\/03\/PF3DEST-300x300.webp","tiered_pricing_type":"fixed","tiered_pricing_fixed_rules":[],"tiered_pricing_percentage_rules":[],"tiered_pricing_minimum":1,"tiered_pricing_roles_data":[],"_links":{"self":[{"href":"https:\/\/www.csj-emballages.com\/es\/wp-json\/wp\/v2\/product\/275162","targetHints":{"allow":["GET"]}}],"collection":[{"href":"https:\/\/www.csj-emballages.com\/es\/wp-json\/wp\/v2\/product"}],"about":[{"href":"https:\/\/www.csj-emballages.com\/es\/wp-json\/wp\/v2\/types\/product"}],"wp:featuredmedia":[{"embeddable":true,"href":"https:\/\/www.csj-emballages.com\/es\/wp-json\/wp\/v2\/media\/275160"}],"wp:attachment":[{"href":"https:\/\/www.csj-emballages.com\/es\/wp-json\/wp\/v2\/media?parent=275162"}],"wp:term":[{"taxonomy":"product_brand","embeddable":true,"href":"https:\/\/www.csj-emballages.com\/es\/wp-json\/wp\/v2\/product_brand?post=275162"},{"taxonomy":"product_cat","embeddable":true,"href":"https:\/\/www.csj-emballages.com\/es\/wp-json\/wp\/v2\/product_cat?post=275162"},{"taxonomy":"product_tag","embeddable":true,"href":"https:\/\/www.csj-emballages.com\/es\/wp-json\/wp\/v2\/product_tag?post=275162"}],"curies":[{"name":"wp","href":"https:\/\/api.w.org\/{rel}","templated":true}]}}