{"id":275113,"date":"2026-02-17T14:18:29","date_gmt":"2026-02-17T13:18:29","guid":{"rendered":"https:\/\/www.csj-emballages.com\/produit\/bolduc-copos-dorado-10-mm-x-225-m\/"},"modified":"2026-03-28T02:11:20","modified_gmt":"2026-03-28T01:11:20","slug":"bolduc-copos-dorado-10-mm-x-225-m","status":"publish","type":"product","link":"https:\/\/www.csj-emballages.com\/es\/produit\/bolduc-copos-dorado-10-mm-x-225-m\/","title":{"rendered":"Bolduc copos dorado 10 mm x 225 m"},"content":{"rendered":"<h2 class=\"p1\">Bolduc copos dorado<\/h2>\n<hr>\n<h3>Descubra nuestro bolduc copos dorado 10 mm x 225 m<\/h3>\n<p><!--more--><\/p>\n<p data-start=\"122\" data-end=\"341\">\u00bfQuiere realzar sus embalajes sin esfuerzo? Este <strong data-start=\"172\" data-end=\"206\">bolduc dorado con motivos de copos<\/strong> es el detalle que lo cambia todo. A la vez sencillo, elegante y festivo, aporta al instante un acabado cuidado a todos sus paquetes.  <\/p>\n<p data-start=\"343\" data-end=\"668\">Con su <strong data-start=\"351\" data-end=\"381\">bonito color dorado luminoso<\/strong> y sus <strong data-start=\"389\" data-end=\"419\">delicados motivos de copos<\/strong>, evoca a la perfecci\u00f3n el esp\u00edritu de las fiestas de fin de a\u00f1o. Atrae la mirada sin excesos y aporta a sus embalajes un toque c\u00e1lido y profesional. Es ese peque\u00f1o extra que agrada al cliente a primera vista.  <\/p>\n<p data-start=\"670\" data-end=\"963\">Su <strong data-start=\"673\" data-end=\"693\">anchura de 10 mm<\/strong> lo hace muy f\u00e1cil de usar a diario: se anuda r\u00e1pidamente, se corta sin dificultad y se puede rizar en unos segundos para crear bonitos vol\u00famenes. Tanto si desea hacer un lazo sencillo como un efecto m\u00e1s elaborado, se adapta a todo lo que necesite. <\/p>\n<p data-start=\"965\" data-end=\"1255\">Con sus <strong data-start=\"974\" data-end=\"1000\">225 metros de longitud<\/strong>, este bolduc es especialmente adecuado para un uso habitual, ya sea en tienda, en restauraci\u00f3n, en una tienda gourmet o para sus preparaciones en casa. Puede envolver numerosos productos manteniendo una coherencia visual elegante. <\/p>\n<p data-start=\"965\" data-end=\"1255\"><!--more--><\/p>\n<h4 data-start=\"965\" data-end=\"1255\">Ventajas :<\/h4>\n<ul>\n<li data-section-id=\"ugtu4g\" data-start=\"924\" data-end=\"1020\">Motivos de copos elegantes para un ambiente navide\u00f1o perfecto<\/li>\n<li data-section-id=\"19k4iid\" data-start=\"1021\" data-end=\"1091\">Aporta un toque premium a sus embalajes<\/li>\n<li data-section-id=\"1ibpj3i\" data-start=\"1092\" data-end=\"1155\">Se corta y se riza f\u00e1cilmente<\/li>\n<li data-section-id=\"1bttxsb\" data-start=\"1156\" data-end=\"1229\">Ideal para un uso intensivo<\/li>\n<li data-section-id=\"1gweh6a\" data-start=\"1230\" data-end=\"1315\">Perfecto para regalos, cestas de regalo, florister\u00edas y comercios<\/li>\n<li data-section-id=\"o89cew\" data-start=\"1316\" data-end=\"1395\">Mejora de inmediato la percepci\u00f3n de calidad<\/li>\n<\/ul>\n<p>&nbsp;<\/p>\n<p><!--more--><\/p>\n<h4>Informaci\u00f3n adicional :<\/h4>\n<ul>\n<li><strong>Embalaje<\/strong>: Por unidad<\/li>\n<li><strong>Longitud<\/strong>: 225 m<\/li>\n<li><strong>Anchura<\/strong> : 10 mm<\/li>\n<li><strong>Color<\/strong>: dorado<\/li>\n<li><strong>Material: <\/strong>Polipropileno<\/li>\n<\/ul>\n<p>&nbsp;<\/p>\n<p><!--more--><\/p>\n<p>Esta cinta de copos dorados tambi\u00e9n est\u00e1 disponible en color plateado: <span style=\"color: #d12727;\"><a style=\"color: #d12727;\" href=\"https:\/\/www.csj-emballages.com\/es\/produit\/bolduc-copos-de-nieve-plateados-10-mm-x-225-m\/\">BOBREX51<\/a><\/span><\/p>\n<p>&nbsp;<\/p>\n<p><!--more--><\/p>\n<p><a href=\"https:\/\/www.csj-emballages.com\/es\/categorie-produit\/envasado-de-alimentos\/panaderia-y-pasteleria\/accesorios-y-equipamiento\/accesorios-decorativos\/carretes-bolduc\/cinta-copos-de-nieve\/\">Consulte el resto de nuestra gama de cintas \u00abCopos\u00bb<\/a><\/p>\n","protected":false},"excerpt":{"rendered":"<p>Bolduc copos dorado Descubra nuestro bolduc copos dorado 10 mm x 225 m<\/p>\n","protected":false},"featured_media":275079,"template":"","meta":{"_acf_changed":false},"product_brand":[],"product_cat":[1150,1145,3870,1791,1810,11629,1488,3874,1799,2127,11631],"product_tag":[],"class_list":{"0":"post-275113","1":"product","2":"type-product","3":"status-publish","4":"has-post-thumbnail","6":"product_cat-envasado-de-alimentos","7":"product_cat-panaderia-y-pasteleria","8":"product_cat-accesorios-y-equipamiento","9":"product_cat-accesorios-decorativos","10":"product_cat-carretes-bolduc","11":"product_cat-cinta-copos-de-nieve","12":"product_cat-tienda-y-almacen","13":"product_cat-accesorios-y-equipamiento-es","14":"product_cat-accesorios-decorativos-es","15":"product_cat-carretes-bolduc-es","18":"first","19":"instock","20":"taxable","21":"shipping-taxable","22":"purchasable","23":"product-type-simple"},"acf":[],"yoast_head":"<!-- This site is optimized with the Yoast SEO Premium plugin v26.6 (Yoast SEO v26.6) - https:\/\/yoast.com\/wordpress\/plugins\/seo\/ -->\n<title>Bolduc Copos Oro 10 mm x 225 m<\/title>\n<meta name=\"description\" content=\"Bolduc copos oro 10 mm x 225 m: cinta de regalo festiva y brillante, ideal para embalajes de Navidad, cestas gourmet y presentaciones profesionales.\" \/>\n<meta name=\"robots\" content=\"index, follow, max-snippet:-1, max-image-preview:large, max-video-preview:-1\" \/>\n<link rel=\"canonical\" href=\"https:\/\/www.csj-emballages.com\/es\/produit\/bolduc-copos-dorado-10-mm-x-225-m\/\" \/>\n<meta property=\"og:locale\" content=\"es_ES\" \/>\n<meta property=\"og:type\" content=\"article\" \/>\n<meta property=\"og:title\" content=\"Bolduc copos dorado 10 mm x 225 m\" \/>\n<meta property=\"og:description\" content=\"Bolduc copos oro 10 mm x 225 m: cinta de regalo festiva y brillante, ideal para embalajes de Navidad, cestas gourmet y presentaciones profesionales.\" \/>\n<meta property=\"og:url\" content=\"https:\/\/www.csj-emballages.com\/es\/produit\/bolduc-copos-dorado-10-mm-x-225-m\/\" \/>\n<meta property=\"og:site_name\" content=\"CSJ Emballages\" \/>\n<meta property=\"article:publisher\" content=\"https:\/\/www.facebook.com\/csjemballages\" \/>\n<meta property=\"article:modified_time\" content=\"2026-03-28T01:11:20+00:00\" \/>\n<meta property=\"og:image\" content=\"https:\/\/www.csj-emballages.com\/wp-content\/uploads\/2026\/02\/Rex-flocons.webp\" \/>\n\t<meta property=\"og:image:width\" content=\"800\" \/>\n\t<meta property=\"og:image:height\" content=\"800\" \/>\n\t<meta property=\"og:image:type\" content=\"image\/webp\" \/>\n<meta name=\"twitter:card\" content=\"summary_large_image\" \/>\n<meta name=\"twitter:label1\" content=\"Tiempo de lectura\" \/>\n\t<meta name=\"twitter:data1\" content=\"1 minuto\" \/>\n<script type=\"application\/ld+json\" class=\"yoast-schema-graph\">{\"@context\":\"https:\/\/schema.org\",\"@graph\":[{\"@type\":\"WebPage\",\"@id\":\"https:\/\/www.csj-emballages.com\/es\/produit\/bolduc-copos-dorado-10-mm-x-225-m\/\",\"url\":\"https:\/\/www.csj-emballages.com\/es\/produit\/bolduc-copos-dorado-10-mm-x-225-m\/\",\"name\":\"Bolduc Copos Oro 10 mm x 225 m\",\"isPartOf\":{\"@id\":\"https:\/\/www.csj-emballages.com\/es\/#website\"},\"primaryImageOfPage\":{\"@id\":\"https:\/\/www.csj-emballages.com\/es\/produit\/bolduc-copos-dorado-10-mm-x-225-m\/#primaryimage\"},\"image\":{\"@id\":\"https:\/\/www.csj-emballages.com\/es\/produit\/bolduc-copos-dorado-10-mm-x-225-m\/#primaryimage\"},\"thumbnailUrl\":\"https:\/\/www.csj-emballages.com\/wp-content\/uploads\/2026\/02\/Rex-flocons.webp\",\"datePublished\":\"2026-02-17T13:18:29+00:00\",\"dateModified\":\"2026-03-28T01:11:20+00:00\",\"description\":\"Bolduc copos oro 10 mm x 225 m: cinta de regalo festiva y brillante, ideal para embalajes de Navidad, cestas gourmet y presentaciones profesionales.\",\"breadcrumb\":{\"@id\":\"https:\/\/www.csj-emballages.com\/es\/produit\/bolduc-copos-dorado-10-mm-x-225-m\/#breadcrumb\"},\"inLanguage\":\"es\",\"potentialAction\":[{\"@type\":\"ReadAction\",\"target\":[\"https:\/\/www.csj-emballages.com\/es\/produit\/bolduc-copos-dorado-10-mm-x-225-m\/\"]}]},{\"@type\":\"ImageObject\",\"inLanguage\":\"es\",\"@id\":\"https:\/\/www.csj-emballages.com\/es\/produit\/bolduc-copos-dorado-10-mm-x-225-m\/#primaryimage\",\"url\":\"https:\/\/www.csj-emballages.com\/wp-content\/uploads\/2026\/02\/Rex-flocons.webp\",\"contentUrl\":\"https:\/\/www.csj-emballages.com\/wp-content\/uploads\/2026\/02\/Rex-flocons.webp\",\"width\":800,\"height\":800,\"caption\":\"Bolduc flocons or\"},{\"@type\":\"BreadcrumbList\",\"@id\":\"https:\/\/www.csj-emballages.com\/es\/produit\/bolduc-copos-dorado-10-mm-x-225-m\/#breadcrumb\",\"itemListElement\":[{\"@type\":\"ListItem\",\"position\":1,\"name\":\"Accueil\",\"item\":\"https:\/\/www.csj-emballages.com\/es\/universo-del-envasado-alimentario\/\"},{\"@type\":\"ListItem\",\"position\":2,\"name\":\"Tienda\",\"item\":\"https:\/\/www.csj-emballages.com\/tienda\/\"},{\"@type\":\"ListItem\",\"position\":3,\"name\":\"Bolduc copos dorado 10 mm x 225 m\"}]},{\"@type\":\"WebSite\",\"@id\":\"https:\/\/www.csj-emballages.com\/es\/#website\",\"url\":\"https:\/\/www.csj-emballages.com\/es\/\",\"name\":\"CSJ Emballages\",\"description\":\"\",\"publisher\":{\"@id\":\"https:\/\/www.csj-emballages.com\/es\/#organization\"},\"potentialAction\":[{\"@type\":\"SearchAction\",\"target\":{\"@type\":\"EntryPoint\",\"urlTemplate\":\"https:\/\/www.csj-emballages.com\/es\/?s={search_term_string}\"},\"query-input\":{\"@type\":\"PropertyValueSpecification\",\"valueRequired\":true,\"valueName\":\"search_term_string\"}}],\"inLanguage\":\"es\"},{\"@type\":\"Organization\",\"@id\":\"https:\/\/www.csj-emballages.com\/es\/#Organization\/\",\"name\":\"CSJ Emballages\",\"url\":\"https:\/\/www.csj-emballages.com\/es\/\",\"logo\":{\"@type\":\"ImageObject\",\"inLanguage\":\"es\",\"@id\":\"https:\/\/www.csj-emballages.com\/es\/#\/schema\/logo\/image\/\",\"url\":\"https:\/\/www.csj-emballages.com\/wp-content\/uploads\/2023\/10\/logo_csj.webp\",\"contentUrl\":\"https:\/\/www.csj-emballages.com\/wp-content\/uploads\/2023\/10\/logo_csj.webp\",\"width\":250,\"height\":95,\"caption\":\"CSJ Emballages\"},\"image\":{\"@id\":\"https:\/\/www.csj-emballages.com\/es\/#\/schema\/logo\/image\/\"},\"sameAs\":[\"https:\/\/www.facebook.com\/csjemballages\"],\"address\":{\"@type\":\"PostalAddress\",\"streetAddress\":\"ZI La Lechere\",\"addressLocality\":\"Patornay\",\"postalCode\":\"39130\",\"addressCountry\":\"FR\"},\"contactPoint\":[{\"@type\":\"ContactPoint\",\"contactType\":\"Service client\",\"telephone\":\"0384254272\",\"email\":\"contact@csj-emballages.com\"}]}]}<\/script>\n<!-- \/ Yoast SEO Premium plugin. -->","yoast_head_json":{"title":"Bolduc Copos Oro 10 mm x 225 m","description":"Bolduc copos oro 10 mm x 225 m: cinta de regalo festiva y brillante, ideal para embalajes de Navidad, cestas gourmet y presentaciones profesionales.","robots":{"index":"index","follow":"follow","max-snippet":"max-snippet:-1","max-image-preview":"max-image-preview:large","max-video-preview":"max-video-preview:-1"},"canonical":"https:\/\/www.csj-emballages.com\/es\/produit\/bolduc-copos-dorado-10-mm-x-225-m\/","og_locale":"es_ES","og_type":"article","og_title":"Bolduc copos dorado 10 mm x 225 m","og_description":"Bolduc copos oro 10 mm x 225 m: cinta de regalo festiva y brillante, ideal para embalajes de Navidad, cestas gourmet y presentaciones profesionales.","og_url":"https:\/\/www.csj-emballages.com\/es\/produit\/bolduc-copos-dorado-10-mm-x-225-m\/","og_site_name":"CSJ Emballages","article_publisher":"https:\/\/www.facebook.com\/csjemballages","article_modified_time":"2026-03-28T01:11:20+00:00","og_image":[{"width":800,"height":800,"url":"https:\/\/www.csj-emballages.com\/wp-content\/uploads\/2026\/02\/Rex-flocons.webp","type":"image\/webp"}],"twitter_card":"summary_large_image","twitter_misc":{"Tiempo de lectura":"1 minuto"},"schema":{"@context":"https:\/\/schema.org","@graph":[{"@type":"WebPage","@id":"https:\/\/www.csj-emballages.com\/es\/produit\/bolduc-copos-dorado-10-mm-x-225-m\/","url":"https:\/\/www.csj-emballages.com\/es\/produit\/bolduc-copos-dorado-10-mm-x-225-m\/","name":"Bolduc Copos Oro 10 mm x 225 m","isPartOf":{"@id":"https:\/\/www.csj-emballages.com\/es\/#website"},"primaryImageOfPage":{"@id":"https:\/\/www.csj-emballages.com\/es\/produit\/bolduc-copos-dorado-10-mm-x-225-m\/#primaryimage"},"image":{"@id":"https:\/\/www.csj-emballages.com\/es\/produit\/bolduc-copos-dorado-10-mm-x-225-m\/#primaryimage"},"thumbnailUrl":"https:\/\/www.csj-emballages.com\/wp-content\/uploads\/2026\/02\/Rex-flocons.webp","datePublished":"2026-02-17T13:18:29+00:00","dateModified":"2026-03-28T01:11:20+00:00","description":"Bolduc copos oro 10 mm x 225 m: cinta de regalo festiva y brillante, ideal para embalajes de Navidad, cestas gourmet y presentaciones profesionales.","breadcrumb":{"@id":"https:\/\/www.csj-emballages.com\/es\/produit\/bolduc-copos-dorado-10-mm-x-225-m\/#breadcrumb"},"inLanguage":"es","potentialAction":[{"@type":"ReadAction","target":["https:\/\/www.csj-emballages.com\/es\/produit\/bolduc-copos-dorado-10-mm-x-225-m\/"]}]},{"@type":"ImageObject","inLanguage":"es","@id":"https:\/\/www.csj-emballages.com\/es\/produit\/bolduc-copos-dorado-10-mm-x-225-m\/#primaryimage","url":"https:\/\/www.csj-emballages.com\/wp-content\/uploads\/2026\/02\/Rex-flocons.webp","contentUrl":"https:\/\/www.csj-emballages.com\/wp-content\/uploads\/2026\/02\/Rex-flocons.webp","width":800,"height":800,"caption":"Bolduc flocons or"},{"@type":"BreadcrumbList","@id":"https:\/\/www.csj-emballages.com\/es\/produit\/bolduc-copos-dorado-10-mm-x-225-m\/#breadcrumb","itemListElement":[{"@type":"ListItem","position":1,"name":"Accueil","item":"https:\/\/www.csj-emballages.com\/es\/universo-del-envasado-alimentario\/"},{"@type":"ListItem","position":2,"name":"Tienda","item":"https:\/\/www.csj-emballages.com\/tienda\/"},{"@type":"ListItem","position":3,"name":"Bolduc copos dorado 10 mm x 225 m"}]},{"@type":"WebSite","@id":"https:\/\/www.csj-emballages.com\/es\/#website","url":"https:\/\/www.csj-emballages.com\/es\/","name":"CSJ Emballages","description":"","publisher":{"@id":"https:\/\/www.csj-emballages.com\/es\/#organization"},"potentialAction":[{"@type":"SearchAction","target":{"@type":"EntryPoint","urlTemplate":"https:\/\/www.csj-emballages.com\/es\/?s={search_term_string}"},"query-input":{"@type":"PropertyValueSpecification","valueRequired":true,"valueName":"search_term_string"}}],"inLanguage":"es"},{"@type":"Organization","@id":"https:\/\/www.csj-emballages.com\/es\/#Organization\/","name":"CSJ Emballages","url":"https:\/\/www.csj-emballages.com\/es\/","logo":{"@type":"ImageObject","inLanguage":"es","@id":"https:\/\/www.csj-emballages.com\/es\/#\/schema\/logo\/image\/","url":"https:\/\/www.csj-emballages.com\/wp-content\/uploads\/2023\/10\/logo_csj.webp","contentUrl":"https:\/\/www.csj-emballages.com\/wp-content\/uploads\/2023\/10\/logo_csj.webp","width":250,"height":95,"caption":"CSJ Emballages"},"image":{"@id":"https:\/\/www.csj-emballages.com\/es\/#\/schema\/logo\/image\/"},"sameAs":["https:\/\/www.facebook.com\/csjemballages"],"address":{"@type":"PostalAddress","streetAddress":"ZI La Lechere","addressLocality":"Patornay","postalCode":"39130","addressCountry":"FR"},"contactPoint":[{"@type":"ContactPoint","contactType":"Service client","telephone":"0384254272","email":"contact@csj-emballages.com"}]}]}},"df_price":8.35,"df_sale_price":"","df_regular_price":8.35,"df_image_link":"https:\/\/www.csj-emballages.com\/wp-content\/uploads\/2026\/02\/Rex-flocons-300x300.webp","tiered_pricing_type":"fixed","tiered_pricing_fixed_rules":[],"tiered_pricing_percentage_rules":[],"tiered_pricing_minimum":1,"tiered_pricing_roles_data":[],"_links":{"self":[{"href":"https:\/\/www.csj-emballages.com\/es\/wp-json\/wp\/v2\/product\/275113","targetHints":{"allow":["GET"]}}],"collection":[{"href":"https:\/\/www.csj-emballages.com\/es\/wp-json\/wp\/v2\/product"}],"about":[{"href":"https:\/\/www.csj-emballages.com\/es\/wp-json\/wp\/v2\/types\/product"}],"wp:featuredmedia":[{"embeddable":true,"href":"https:\/\/www.csj-emballages.com\/es\/wp-json\/wp\/v2\/media\/275079"}],"wp:attachment":[{"href":"https:\/\/www.csj-emballages.com\/es\/wp-json\/wp\/v2\/media?parent=275113"}],"wp:term":[{"taxonomy":"product_brand","embeddable":true,"href":"https:\/\/www.csj-emballages.com\/es\/wp-json\/wp\/v2\/product_brand?post=275113"},{"taxonomy":"product_cat","embeddable":true,"href":"https:\/\/www.csj-emballages.com\/es\/wp-json\/wp\/v2\/product_cat?post=275113"},{"taxonomy":"product_tag","embeddable":true,"href":"https:\/\/www.csj-emballages.com\/es\/wp-json\/wp\/v2\/product_tag?post=275113"}],"curies":[{"name":"wp","href":"https:\/\/api.w.org\/{rel}","templated":true}]}}