{"id":274998,"date":"2026-02-17T14:18:16","date_gmt":"2026-02-17T13:18:16","guid":{"rendered":"https:\/\/www.csj-emballages.com\/produit\/cinta-bolduc-laponia-rojo-10-mm-x-225-m\/"},"modified":"2026-03-28T02:11:13","modified_gmt":"2026-03-28T01:11:13","slug":"cinta-bolduc-laponia-rojo-10-mm-x-225-m","status":"publish","type":"product","link":"https:\/\/www.csj-emballages.com\/es\/produit\/cinta-bolduc-laponia-rojo-10-mm-x-225-m\/","title":{"rendered":"Cinta bolduc Laponia rojo 10 mm x 225 m"},"content":{"rendered":"<h2 class=\"p1\">Cinta decorativa burdeos<\/h2>\n<hr>\n<h3>Descubra nuestra cinta decorativa burdeos \u00abEl\u00edas\u00bb 225 m x 10 mm<\/h3>\n<p><!--more--><\/p>\n<p data-start=\"42\" data-end=\"423\">La <strong>cinta Laponia roja<\/strong> est\u00e1 especialmente dise\u00f1ada para realzar sus embalajes durante el per\u00edodo festivo. Con sus motivos inspirados en el universo n\u00f3rdico, renos, copos de nieve, abetos y s\u00edmbolos invernales, aporta inmediatamente un ambiente c\u00e1lido y festivo. Su color <strong>rojo dominante, combinado con el blanco<\/strong>, evoca el esp\u00edritu navide\u00f1o y atrae naturalmente la mirada.  <\/p>\n<p data-start=\"425\" data-end=\"739\">Ideal para comercios, pasteler\u00edas o tiendas gourmet, esta cinta permite crear embalajes de gran valor visual, perfectamente adaptados a las fiestas de fin de a\u00f1o. Contribuye a reforzar la experiencia del cliente aportando un toque decorativo cuidado e inmersivo. <\/p>\n<p data-start=\"741\" data-end=\"997\">Con un <strong>ancho de 10 mm<\/strong>, ofrece un resultado equilibrado que realza sus paquetes sin recargarlos. Su <strong>longitud de 225 metros<\/strong> la convierte en una soluci\u00f3n econ\u00f3mica y pr\u00e1ctica para profesionales con un volumen de embalaje importante durante la temporada. <\/p>\n<p data-start=\"999\" data-end=\"1299\">F\u00e1cil de manipular, esta <strong>cinta<\/strong> se corta limpiamente, se anuda f\u00e1cilmente y puede rizarse para a\u00f1adir volumen y un acabado m\u00e1s elaborado. Se adapta tanto a embalajes sencillos como a composiciones m\u00e1s elaboradas, permiti\u00e9ndole personalizar sus presentaciones seg\u00fan sus necesidades. <\/p>\n<p data-start=\"1301\" data-end=\"1567\">Es el aliado ideal para crear embalajes atractivos y sumergir a sus clientes en el esp\u00edritu navide\u00f1o.<\/p>\n<p data-start=\"1319\" data-end=\"1651\"><!--more--><\/p>\n<h4 data-start=\"1319\" data-end=\"1651\">Ventajas :<\/h4>\n<ul>\n<li data-section-id=\"1elt0zf\" data-start=\"1617\" data-end=\"1684\"><strong>Motivos invernales<\/strong> y festivos para un ambiente navide\u00f1o inmediato<\/li>\n<li data-section-id=\"hq3hgj\" data-start=\"1685\" data-end=\"1743\">Colores rojo y blanco atractivos y tradicionales<\/li>\n<li data-section-id=\"192zprn\" data-start=\"1744\" data-end=\"1816\">Ideal para realzar los embalajes durante las fiestas de fin de a\u00f1o<\/li>\n<li data-section-id=\"148hfj2\" data-start=\"1817\" data-end=\"1883\"><strong>Longitud de 225 metros<\/strong>, econ\u00f3mico para uso profesional<\/li>\n<li data-section-id=\"1srwifz\" data-start=\"1884\" data-end=\"1936\"><strong>Anchura de 10 mm<\/strong> para un resultado visual armonioso<\/li>\n<li data-section-id=\"ix2no\" data-start=\"1937\" data-end=\"2001\">F\u00e1cil de usar: se corta, se anuda y se riza f\u00e1cilmente<\/li>\n<li data-section-id=\"122mhx4\" data-start=\"2002\" data-end=\"2091\">Apto para numerosos sectores: comercios, pasteler\u00edas, tiendas gourmet, eventos<\/li>\n<li data-section-id=\"1m8qhyd\" data-start=\"2092\" data-end=\"2156\">Permite crear una experiencia de cliente c\u00e1lida y festiva<\/li>\n<\/ul>\n<p>&nbsp;<\/p>\n<p><!--more--><\/p>\n<h4>Informaci\u00f3n adicional :<\/h4>\n<ul>\n<li><strong>Embalaje<\/strong>: Por unidad<\/li>\n<li><strong>Longitud<\/strong>: 225 m<\/li>\n<li><strong>Anchura<\/strong> : 10 mm<\/li>\n<li><strong>Color<\/strong>: Rojo \/ Blanco<\/li>\n<li><strong>Material<\/strong>: Polipropileno<\/li>\n<\/ul>\n<p>&nbsp;<\/p>\n<p><!--more--><\/p>\n<p><a href=\"https:\/\/www.csj-emballages.com\/es\/categorie-produit\/envasado-de-alimentos\/panaderia-y-pasteleria\/accesorios-y-equipamiento\/accesorios-decorativos\/carretes-bolduc\/cinta-bolduc-laponia\/\">Consulte el resto de nuestra gama de cintas bolduc \u00abLaponia\u00bb<\/a><\/p>\n","protected":false},"excerpt":{"rendered":"<p>Cinta decorativa burdeos Descubra nuestra cinta decorativa burdeos \u00abEl\u00edas\u00bb 225 m x 10 mm<\/p>\n","protected":false},"featured_media":274981,"template":"","meta":{"_acf_changed":false},"product_brand":[],"product_cat":[1150,1145,3870,1791,1810,11623,1488,3874,1799,2127,11639],"product_tag":[],"class_list":{"0":"post-274998","1":"product","2":"type-product","3":"status-publish","4":"has-post-thumbnail","6":"product_cat-envasado-de-alimentos","7":"product_cat-panaderia-y-pasteleria","8":"product_cat-accesorios-y-equipamiento","9":"product_cat-accesorios-decorativos","10":"product_cat-carretes-bolduc","11":"product_cat-cinta-bolduc-laponia","12":"product_cat-tienda-y-almacen","13":"product_cat-accesorios-y-equipamiento-es","14":"product_cat-accesorios-decorativos-es","15":"product_cat-carretes-bolduc-es","18":"first","19":"instock","20":"taxable","21":"shipping-taxable","22":"purchasable","23":"product-type-simple"},"acf":[],"yoast_head":"<!-- This site is optimized with the Yoast SEO Premium plugin v26.6 (Yoast SEO v26.6) - https:\/\/yoast.com\/wordpress\/plugins\/seo\/ -->\n<title>Cinta bolduc Laponia Rojo 10 mm x 225 m<\/title>\n<meta name=\"description\" content=\"Cinta Laponia roja 10 mm x 225 m: lazo de embalaje festivo con motivos navide\u00f1os. Perfecto para realzar sus paquetes de fin de a\u00f1o.\" \/>\n<meta name=\"robots\" content=\"index, follow, max-snippet:-1, max-image-preview:large, max-video-preview:-1\" \/>\n<link rel=\"canonical\" href=\"https:\/\/www.csj-emballages.com\/es\/produit\/cinta-bolduc-laponia-rojo-10-mm-x-225-m\/\" \/>\n<meta property=\"og:locale\" content=\"es_ES\" \/>\n<meta property=\"og:type\" content=\"article\" \/>\n<meta property=\"og:title\" content=\"Cinta bolduc Laponia rojo 10 mm x 225 m\" \/>\n<meta property=\"og:description\" content=\"Cinta Laponia roja 10 mm x 225 m: lazo de embalaje festivo con motivos navide\u00f1os. Perfecto para realzar sus paquetes de fin de a\u00f1o.\" \/>\n<meta property=\"og:url\" content=\"https:\/\/www.csj-emballages.com\/es\/produit\/cinta-bolduc-laponia-rojo-10-mm-x-225-m\/\" \/>\n<meta property=\"og:site_name\" content=\"CSJ Emballages\" \/>\n<meta property=\"article:publisher\" content=\"https:\/\/www.facebook.com\/csjemballages\" \/>\n<meta property=\"article:modified_time\" content=\"2026-03-28T01:11:13+00:00\" \/>\n<meta property=\"og:image\" content=\"https:\/\/www.csj-emballages.com\/wp-content\/uploads\/2026\/02\/Laponie.webp\" \/>\n\t<meta property=\"og:image:width\" content=\"800\" \/>\n\t<meta property=\"og:image:height\" content=\"800\" \/>\n\t<meta property=\"og:image:type\" content=\"image\/webp\" \/>\n<meta name=\"twitter:card\" content=\"summary_large_image\" \/>\n<meta name=\"twitter:label1\" content=\"Tiempo de lectura\" \/>\n\t<meta name=\"twitter:data1\" content=\"2 minutos\" \/>\n<script type=\"application\/ld+json\" class=\"yoast-schema-graph\">{\"@context\":\"https:\/\/schema.org\",\"@graph\":[{\"@type\":\"WebPage\",\"@id\":\"https:\/\/www.csj-emballages.com\/es\/produit\/cinta-bolduc-laponia-rojo-10-mm-x-225-m\/\",\"url\":\"https:\/\/www.csj-emballages.com\/es\/produit\/cinta-bolduc-laponia-rojo-10-mm-x-225-m\/\",\"name\":\"Cinta bolduc Laponia Rojo 10 mm x 225 m\",\"isPartOf\":{\"@id\":\"https:\/\/www.csj-emballages.com\/es\/#website\"},\"primaryImageOfPage\":{\"@id\":\"https:\/\/www.csj-emballages.com\/es\/produit\/cinta-bolduc-laponia-rojo-10-mm-x-225-m\/#primaryimage\"},\"image\":{\"@id\":\"https:\/\/www.csj-emballages.com\/es\/produit\/cinta-bolduc-laponia-rojo-10-mm-x-225-m\/#primaryimage\"},\"thumbnailUrl\":\"https:\/\/www.csj-emballages.com\/wp-content\/uploads\/2026\/02\/Laponie.webp\",\"datePublished\":\"2026-02-17T13:18:16+00:00\",\"dateModified\":\"2026-03-28T01:11:13+00:00\",\"description\":\"Cinta Laponia roja 10 mm x 225 m: lazo de embalaje festivo con motivos navide\u00f1os. Perfecto para realzar sus paquetes de fin de a\u00f1o.\",\"breadcrumb\":{\"@id\":\"https:\/\/www.csj-emballages.com\/es\/produit\/cinta-bolduc-laponia-rojo-10-mm-x-225-m\/#breadcrumb\"},\"inLanguage\":\"es\",\"potentialAction\":[{\"@type\":\"ReadAction\",\"target\":[\"https:\/\/www.csj-emballages.com\/es\/produit\/cinta-bolduc-laponia-rojo-10-mm-x-225-m\/\"]}]},{\"@type\":\"ImageObject\",\"inLanguage\":\"es\",\"@id\":\"https:\/\/www.csj-emballages.com\/es\/produit\/cinta-bolduc-laponia-rojo-10-mm-x-225-m\/#primaryimage\",\"url\":\"https:\/\/www.csj-emballages.com\/wp-content\/uploads\/2026\/02\/Laponie.webp\",\"contentUrl\":\"https:\/\/www.csj-emballages.com\/wp-content\/uploads\/2026\/02\/Laponie.webp\",\"width\":800,\"height\":800,\"caption\":\"Bolduc Laponie\"},{\"@type\":\"BreadcrumbList\",\"@id\":\"https:\/\/www.csj-emballages.com\/es\/produit\/cinta-bolduc-laponia-rojo-10-mm-x-225-m\/#breadcrumb\",\"itemListElement\":[{\"@type\":\"ListItem\",\"position\":1,\"name\":\"Accueil\",\"item\":\"https:\/\/www.csj-emballages.com\/es\/universo-del-envasado-alimentario\/\"},{\"@type\":\"ListItem\",\"position\":2,\"name\":\"Tienda\",\"item\":\"https:\/\/www.csj-emballages.com\/tienda\/\"},{\"@type\":\"ListItem\",\"position\":3,\"name\":\"Cinta bolduc Laponia rojo 10 mm x 225 m\"}]},{\"@type\":\"WebSite\",\"@id\":\"https:\/\/www.csj-emballages.com\/es\/#website\",\"url\":\"https:\/\/www.csj-emballages.com\/es\/\",\"name\":\"CSJ Emballages\",\"description\":\"\",\"publisher\":{\"@id\":\"https:\/\/www.csj-emballages.com\/es\/#organization\"},\"potentialAction\":[{\"@type\":\"SearchAction\",\"target\":{\"@type\":\"EntryPoint\",\"urlTemplate\":\"https:\/\/www.csj-emballages.com\/es\/?s={search_term_string}\"},\"query-input\":{\"@type\":\"PropertyValueSpecification\",\"valueRequired\":true,\"valueName\":\"search_term_string\"}}],\"inLanguage\":\"es\"},{\"@type\":\"Organization\",\"@id\":\"https:\/\/www.csj-emballages.com\/es\/#Organization\/\",\"name\":\"CSJ Emballages\",\"url\":\"https:\/\/www.csj-emballages.com\/es\/\",\"logo\":{\"@type\":\"ImageObject\",\"inLanguage\":\"es\",\"@id\":\"https:\/\/www.csj-emballages.com\/es\/#\/schema\/logo\/image\/\",\"url\":\"https:\/\/www.csj-emballages.com\/wp-content\/uploads\/2023\/10\/logo_csj.webp\",\"contentUrl\":\"https:\/\/www.csj-emballages.com\/wp-content\/uploads\/2023\/10\/logo_csj.webp\",\"width\":250,\"height\":95,\"caption\":\"CSJ Emballages\"},\"image\":{\"@id\":\"https:\/\/www.csj-emballages.com\/es\/#\/schema\/logo\/image\/\"},\"sameAs\":[\"https:\/\/www.facebook.com\/csjemballages\"],\"address\":{\"@type\":\"PostalAddress\",\"streetAddress\":\"ZI La Lechere\",\"addressLocality\":\"Patornay\",\"postalCode\":\"39130\",\"addressCountry\":\"FR\"},\"contactPoint\":[{\"@type\":\"ContactPoint\",\"contactType\":\"Service client\",\"telephone\":\"0384254272\",\"email\":\"contact@csj-emballages.com\"}]}]}<\/script>\n<!-- \/ Yoast SEO Premium plugin. -->","yoast_head_json":{"title":"Cinta bolduc Laponia Rojo 10 mm x 225 m","description":"Cinta Laponia roja 10 mm x 225 m: lazo de embalaje festivo con motivos navide\u00f1os. Perfecto para realzar sus paquetes de fin de a\u00f1o.","robots":{"index":"index","follow":"follow","max-snippet":"max-snippet:-1","max-image-preview":"max-image-preview:large","max-video-preview":"max-video-preview:-1"},"canonical":"https:\/\/www.csj-emballages.com\/es\/produit\/cinta-bolduc-laponia-rojo-10-mm-x-225-m\/","og_locale":"es_ES","og_type":"article","og_title":"Cinta bolduc Laponia rojo 10 mm x 225 m","og_description":"Cinta Laponia roja 10 mm x 225 m: lazo de embalaje festivo con motivos navide\u00f1os. Perfecto para realzar sus paquetes de fin de a\u00f1o.","og_url":"https:\/\/www.csj-emballages.com\/es\/produit\/cinta-bolduc-laponia-rojo-10-mm-x-225-m\/","og_site_name":"CSJ Emballages","article_publisher":"https:\/\/www.facebook.com\/csjemballages","article_modified_time":"2026-03-28T01:11:13+00:00","og_image":[{"width":800,"height":800,"url":"https:\/\/www.csj-emballages.com\/wp-content\/uploads\/2026\/02\/Laponie.webp","type":"image\/webp"}],"twitter_card":"summary_large_image","twitter_misc":{"Tiempo de lectura":"2 minutos"},"schema":{"@context":"https:\/\/schema.org","@graph":[{"@type":"WebPage","@id":"https:\/\/www.csj-emballages.com\/es\/produit\/cinta-bolduc-laponia-rojo-10-mm-x-225-m\/","url":"https:\/\/www.csj-emballages.com\/es\/produit\/cinta-bolduc-laponia-rojo-10-mm-x-225-m\/","name":"Cinta bolduc Laponia Rojo 10 mm x 225 m","isPartOf":{"@id":"https:\/\/www.csj-emballages.com\/es\/#website"},"primaryImageOfPage":{"@id":"https:\/\/www.csj-emballages.com\/es\/produit\/cinta-bolduc-laponia-rojo-10-mm-x-225-m\/#primaryimage"},"image":{"@id":"https:\/\/www.csj-emballages.com\/es\/produit\/cinta-bolduc-laponia-rojo-10-mm-x-225-m\/#primaryimage"},"thumbnailUrl":"https:\/\/www.csj-emballages.com\/wp-content\/uploads\/2026\/02\/Laponie.webp","datePublished":"2026-02-17T13:18:16+00:00","dateModified":"2026-03-28T01:11:13+00:00","description":"Cinta Laponia roja 10 mm x 225 m: lazo de embalaje festivo con motivos navide\u00f1os. Perfecto para realzar sus paquetes de fin de a\u00f1o.","breadcrumb":{"@id":"https:\/\/www.csj-emballages.com\/es\/produit\/cinta-bolduc-laponia-rojo-10-mm-x-225-m\/#breadcrumb"},"inLanguage":"es","potentialAction":[{"@type":"ReadAction","target":["https:\/\/www.csj-emballages.com\/es\/produit\/cinta-bolduc-laponia-rojo-10-mm-x-225-m\/"]}]},{"@type":"ImageObject","inLanguage":"es","@id":"https:\/\/www.csj-emballages.com\/es\/produit\/cinta-bolduc-laponia-rojo-10-mm-x-225-m\/#primaryimage","url":"https:\/\/www.csj-emballages.com\/wp-content\/uploads\/2026\/02\/Laponie.webp","contentUrl":"https:\/\/www.csj-emballages.com\/wp-content\/uploads\/2026\/02\/Laponie.webp","width":800,"height":800,"caption":"Bolduc Laponie"},{"@type":"BreadcrumbList","@id":"https:\/\/www.csj-emballages.com\/es\/produit\/cinta-bolduc-laponia-rojo-10-mm-x-225-m\/#breadcrumb","itemListElement":[{"@type":"ListItem","position":1,"name":"Accueil","item":"https:\/\/www.csj-emballages.com\/es\/universo-del-envasado-alimentario\/"},{"@type":"ListItem","position":2,"name":"Tienda","item":"https:\/\/www.csj-emballages.com\/tienda\/"},{"@type":"ListItem","position":3,"name":"Cinta bolduc Laponia rojo 10 mm x 225 m"}]},{"@type":"WebSite","@id":"https:\/\/www.csj-emballages.com\/es\/#website","url":"https:\/\/www.csj-emballages.com\/es\/","name":"CSJ Emballages","description":"","publisher":{"@id":"https:\/\/www.csj-emballages.com\/es\/#organization"},"potentialAction":[{"@type":"SearchAction","target":{"@type":"EntryPoint","urlTemplate":"https:\/\/www.csj-emballages.com\/es\/?s={search_term_string}"},"query-input":{"@type":"PropertyValueSpecification","valueRequired":true,"valueName":"search_term_string"}}],"inLanguage":"es"},{"@type":"Organization","@id":"https:\/\/www.csj-emballages.com\/es\/#Organization\/","name":"CSJ Emballages","url":"https:\/\/www.csj-emballages.com\/es\/","logo":{"@type":"ImageObject","inLanguage":"es","@id":"https:\/\/www.csj-emballages.com\/es\/#\/schema\/logo\/image\/","url":"https:\/\/www.csj-emballages.com\/wp-content\/uploads\/2023\/10\/logo_csj.webp","contentUrl":"https:\/\/www.csj-emballages.com\/wp-content\/uploads\/2023\/10\/logo_csj.webp","width":250,"height":95,"caption":"CSJ Emballages"},"image":{"@id":"https:\/\/www.csj-emballages.com\/es\/#\/schema\/logo\/image\/"},"sameAs":["https:\/\/www.facebook.com\/csjemballages"],"address":{"@type":"PostalAddress","streetAddress":"ZI La Lechere","addressLocality":"Patornay","postalCode":"39130","addressCountry":"FR"},"contactPoint":[{"@type":"ContactPoint","contactType":"Service client","telephone":"0384254272","email":"contact@csj-emballages.com"}]}]}},"df_price":7.55,"df_sale_price":"","df_regular_price":7.55,"df_image_link":"https:\/\/www.csj-emballages.com\/wp-content\/uploads\/2026\/02\/Laponie-300x300.webp","tiered_pricing_type":"fixed","tiered_pricing_fixed_rules":[],"tiered_pricing_percentage_rules":[],"tiered_pricing_minimum":1,"tiered_pricing_roles_data":[],"_links":{"self":[{"href":"https:\/\/www.csj-emballages.com\/es\/wp-json\/wp\/v2\/product\/274998","targetHints":{"allow":["GET"]}}],"collection":[{"href":"https:\/\/www.csj-emballages.com\/es\/wp-json\/wp\/v2\/product"}],"about":[{"href":"https:\/\/www.csj-emballages.com\/es\/wp-json\/wp\/v2\/types\/product"}],"wp:featuredmedia":[{"embeddable":true,"href":"https:\/\/www.csj-emballages.com\/es\/wp-json\/wp\/v2\/media\/274981"}],"wp:attachment":[{"href":"https:\/\/www.csj-emballages.com\/es\/wp-json\/wp\/v2\/media?parent=274998"}],"wp:term":[{"taxonomy":"product_brand","embeddable":true,"href":"https:\/\/www.csj-emballages.com\/es\/wp-json\/wp\/v2\/product_brand?post=274998"},{"taxonomy":"product_cat","embeddable":true,"href":"https:\/\/www.csj-emballages.com\/es\/wp-json\/wp\/v2\/product_cat?post=274998"},{"taxonomy":"product_tag","embeddable":true,"href":"https:\/\/www.csj-emballages.com\/es\/wp-json\/wp\/v2\/product_tag?post=274998"}],"curies":[{"name":"wp","href":"https:\/\/api.w.org\/{rel}","templated":true}]}}