{"id":273795,"date":"2026-03-13T16:18:16","date_gmt":"2026-03-13T15:18:16","guid":{"rendered":"https:\/\/www.csj-emballages.com\/produit\/cafe-en-grano-las-vegas-70-arabica-30-robusta-en-1-kg\/"},"modified":"2026-04-29T02:10:55","modified_gmt":"2026-04-29T00:10:55","slug":"cafe-en-grano-las-vegas-70-arabica-30-robusta-en-1-kg","status":"publish","type":"product","link":"https:\/\/www.csj-emballages.com\/es\/produit\/cafe-en-grano-las-vegas-70-arabica-30-robusta-en-1-kg\/","title":{"rendered":"Caf\u00e9 en grano Las Vegas 70 % ar\u00e1bica \/ 30 % robusta en 1 kg"},"content":{"rendered":"<h2>Caf\u00e9 en grano<\/h2>\n<hr>\n<h3>Descubra nuestro caf\u00e9 en grano Las Vegas 70 % ar\u00e1bica \/ 30 % robusta en 1 kg<\/h3>\n<p><!--more--><\/p>\n<p data-start=\"211\" data-end=\"488\">El caf\u00e9 en grano <strong data-start=\"229\" data-end=\"270\">Las Vegas 70 % ar\u00e1bica \/ 30 % robusta<\/strong> ofrece un equilibrio armonioso entre dulzor arom\u00e1tico e intensidad. Esta mezcla cuidadosamente elaborada combina la finura de los <strong>granos de ar\u00e1bica con la potencia del robusta<\/strong> para crear un caf\u00e9 rico en sabor y car\u00e1cter. <\/p>\n<p data-start=\"490\" data-end=\"794\">Los <strong>granos de Ar\u00e1bica<\/strong> aportan notas arom\u00e1ticas sutiles y una agradable redondez en boca, mientras que el <strong>Robusta<\/strong> refuerza la estructura del caf\u00e9 y desarrolla una crema generosa, especialmente apreciada para los espressos. Esta mezcla garantiza as\u00ed una taza equilibrada, a la vez arom\u00e1tica y con cuerpo. <\/p>\n<p data-start=\"796\" data-end=\"1088\">Presentado en bolsa de <strong data-start=\"818\" data-end=\"826\">1 kg<\/strong>, es ideal para profesionales de la restauraci\u00f3n, oficinas o para amantes del caf\u00e9 que prefieren la frescura de un caf\u00e9 reci\u00e9n molido. Se adapta perfectamente a m\u00e1quinas autom\u00e1ticas, molinillos y cafeteras expreso. <\/p>\n<p data-start=\"1090\" data-end=\"1511\">Gracias a su perfil arom\u00e1tico equilibrado, el <strong>caf\u00e9 Las Vegas<\/strong> es ideal tanto para las pausas diarias como para momentos de degustaci\u00f3n m\u00e1s intensos. Su tueste controlado permite revelar toda la riqueza de los aromas y ofrecer una taza constante y sabrosa. Cada preparaci\u00f3n libera un aroma agradable que invita a la degustaci\u00f3n y hace que cada pausa sea a\u00fan m\u00e1s placentera.  <\/p>\n<p data-start=\"1090\" data-end=\"1511\">\n<p data-start=\"1090\" data-end=\"1511\"><!--more--><\/p>\n<p data-start=\"1090\" data-end=\"1511\"><span style=\"color: #ff0000;\"><b>*Compatibles con las m\u00e1quinas NESCAFE &amp; DOLCE GUSTO.<\/b><\/span><\/p>\n<p data-start=\"1090\" data-end=\"1511\">\n<p data-start=\"1074\" data-end=\"1229\"><!--more--><\/p>\n<h4 data-start=\"1074\" data-end=\"1229\">Ventajas :<\/h4>\n<ul>\n<li data-start=\"1266\" data-end=\"1317\">Mezcla equilibrada <strong data-start=\"1284\" data-end=\"1315\">70 % Ar\u00e1bica \/ 30 % Robusta<\/strong><\/li>\n<li data-start=\"1320\" data-end=\"1349\">Aromas ricos y sabor intenso<\/li>\n<li data-start=\"1352\" data-end=\"1388\">Excelente crema ideal para espresso<\/li>\n<li data-start=\"1391\" data-end=\"1435\">Granos enteros para una frescura \u00f3ptima<\/li>\n<li data-start=\"1438\" data-end=\"1477\">Apto para cafeteras y molinos<\/li>\n<li data-start=\"1480\" data-end=\"1526\">Formato <strong data-start=\"1487\" data-end=\"1495\">1 kg<\/strong> pr\u00e1ctico para uso regular<\/li>\n<li data-start=\"1529\" data-end=\"1576\">Ideal para profesionales y amantes del caf\u00e9.<\/li>\n<\/ul>\n<p>&nbsp;<\/p>\n<p><!--more--><\/p>\n<h4>Informaci\u00f3n adicional :<\/h4>\n<ul>\n<li><strong>Envase<\/strong>: Envase de 1 kg<\/li>\n<li><strong>Composici\u00f3n<\/strong>: 70 % ar\u00e1bica \/ 30 % robusta<\/li>\n<\/ul>\n<p>&nbsp;<\/p>\n<p><!--more--><\/p>\n<p>Encuentre aqu\u00ed todos nuestros caf\u00e9s en grano: <span style=\"color: #d12727;\"><a style=\"color: #d12727;\" href=\"https:\/\/www.csj-emballages.com\/es\/produit\/cafe-en-grano-chavena-65-arabica-35-robusta-en-1-kg\/\">Caf\u00e9 Chavena<\/a><\/span> \/ <span style=\"color: #d12727;\"><a style=\"color: #d12727;\" href=\"https:\/\/www.csj-emballages.com\/es\/produit\/cafe-en-grano-selecao-68-arabica-32-robusta-en-1-kg\/\">Caf\u00e9 Sele\u00e7\u00e3o<\/a><\/span><\/p>\n<p>&nbsp;<\/p>\n<p><!--more--><\/p>\n<p><a href=\"https:\/\/www.csj-emballages.com\/es\/categorie-produit\/alimentacion-es\/cafes-en-grano\/\">Consulte el resto de nuestra gama de caf\u00e9s en grano<\/a><\/p>\n","protected":false},"excerpt":{"rendered":"<p>Caf\u00e9 en grano Descubra nuestro caf\u00e9 en grano Las Vegas 70 % ar\u00e1bica \/ 30 % robusta en 1 kg<\/p>\n","protected":false},"featured_media":273790,"template":"","meta":{"_acf_changed":false},"product_brand":[],"product_cat":[1162,11603],"product_tag":[],"class_list":{"0":"post-273795","1":"product","2":"type-product","3":"status-publish","4":"has-post-thumbnail","6":"product_cat-alimentacion-es","7":"product_cat-cafes-en-grano","9":"first","10":"instock","11":"featured","12":"taxable","13":"shipping-taxable","14":"purchasable","15":"product-type-simple"},"acf":[],"yoast_head":"<!-- This site is optimized with the Yoast SEO Premium plugin v26.6 (Yoast SEO v26.6) - https:\/\/yoast.com\/wordpress\/plugins\/seo\/ -->\n<title>Caf\u00e9 en grano Las Vegas 70 % ar\u00e1bica \/ 30 % robusta de 1 kg<\/title>\n<meta name=\"description\" content=\"Caf\u00e9 en grano Las Vegas 70 % ar\u00e1bica \/ 30 % robusta de 1 kg. Mezcla equilibrada, aromas intensos y crema perfecta para expreso. Ideal para m\u00e1quinas de caf\u00e9.\" \/>\n<meta name=\"robots\" content=\"index, follow, max-snippet:-1, max-image-preview:large, max-video-preview:-1\" \/>\n<link rel=\"canonical\" href=\"https:\/\/www.csj-emballages.com\/es\/produit\/cafe-en-grano-las-vegas-70-arabica-30-robusta-en-1-kg\/\" \/>\n<meta property=\"og:locale\" content=\"es_ES\" \/>\n<meta property=\"og:type\" content=\"article\" \/>\n<meta property=\"og:title\" content=\"Caf\u00e9 en grano Las Vegas 70 % ar\u00e1bica \/ 30 % robusta en 1 kg\" \/>\n<meta property=\"og:description\" content=\"Caf\u00e9 en grano Las Vegas 70 % ar\u00e1bica \/ 30 % robusta de 1 kg. Mezcla equilibrada, aromas intensos y crema perfecta para expreso. Ideal para m\u00e1quinas de caf\u00e9.\" \/>\n<meta property=\"og:url\" content=\"https:\/\/www.csj-emballages.com\/es\/produit\/cafe-en-grano-las-vegas-70-arabica-30-robusta-en-1-kg\/\" \/>\n<meta property=\"og:site_name\" content=\"CSJ Emballages\" \/>\n<meta property=\"article:publisher\" content=\"https:\/\/www.facebook.com\/csjemballages\" \/>\n<meta property=\"article:modified_time\" content=\"2026-04-29T00:10:55+00:00\" \/>\n<meta property=\"og:image\" content=\"https:\/\/www.csj-emballages.com\/wp-content\/uploads\/2026\/03\/13001.webp\" \/>\n\t<meta property=\"og:image:width\" content=\"800\" \/>\n\t<meta property=\"og:image:height\" content=\"800\" \/>\n\t<meta property=\"og:image:type\" content=\"image\/webp\" \/>\n<meta name=\"twitter:card\" content=\"summary_large_image\" \/>\n<meta name=\"twitter:label1\" content=\"Tiempo de lectura\" \/>\n\t<meta name=\"twitter:data1\" content=\"2 minutos\" \/>\n<script type=\"application\/ld+json\" class=\"yoast-schema-graph\">{\"@context\":\"https:\/\/schema.org\",\"@graph\":[{\"@type\":\"WebPage\",\"@id\":\"https:\/\/www.csj-emballages.com\/es\/produit\/cafe-en-grano-las-vegas-70-arabica-30-robusta-en-1-kg\/\",\"url\":\"https:\/\/www.csj-emballages.com\/es\/produit\/cafe-en-grano-las-vegas-70-arabica-30-robusta-en-1-kg\/\",\"name\":\"Caf\u00e9 en grano Las Vegas 70 % ar\u00e1bica \/ 30 % robusta de 1 kg\",\"isPartOf\":{\"@id\":\"https:\/\/www.csj-emballages.com\/es\/#website\"},\"primaryImageOfPage\":{\"@id\":\"https:\/\/www.csj-emballages.com\/es\/produit\/cafe-en-grano-las-vegas-70-arabica-30-robusta-en-1-kg\/#primaryimage\"},\"image\":{\"@id\":\"https:\/\/www.csj-emballages.com\/es\/produit\/cafe-en-grano-las-vegas-70-arabica-30-robusta-en-1-kg\/#primaryimage\"},\"thumbnailUrl\":\"https:\/\/www.csj-emballages.com\/wp-content\/uploads\/2026\/03\/13001.webp\",\"datePublished\":\"2026-03-13T15:18:16+00:00\",\"dateModified\":\"2026-04-29T00:10:55+00:00\",\"description\":\"Caf\u00e9 en grano Las Vegas 70 % ar\u00e1bica \/ 30 % robusta de 1 kg. Mezcla equilibrada, aromas intensos y crema perfecta para expreso. Ideal para m\u00e1quinas de caf\u00e9.\",\"breadcrumb\":{\"@id\":\"https:\/\/www.csj-emballages.com\/es\/produit\/cafe-en-grano-las-vegas-70-arabica-30-robusta-en-1-kg\/#breadcrumb\"},\"inLanguage\":\"es\",\"potentialAction\":[{\"@type\":\"ReadAction\",\"target\":[\"https:\/\/www.csj-emballages.com\/es\/produit\/cafe-en-grano-las-vegas-70-arabica-30-robusta-en-1-kg\/\"]}]},{\"@type\":\"ImageObject\",\"inLanguage\":\"es\",\"@id\":\"https:\/\/www.csj-emballages.com\/es\/produit\/cafe-en-grano-las-vegas-70-arabica-30-robusta-en-1-kg\/#primaryimage\",\"url\":\"https:\/\/www.csj-emballages.com\/wp-content\/uploads\/2026\/03\/13001.webp\",\"contentUrl\":\"https:\/\/www.csj-emballages.com\/wp-content\/uploads\/2026\/03\/13001.webp\",\"width\":800,\"height\":800,\"caption\":\"Caf\u00e9 en grains\"},{\"@type\":\"BreadcrumbList\",\"@id\":\"https:\/\/www.csj-emballages.com\/es\/produit\/cafe-en-grano-las-vegas-70-arabica-30-robusta-en-1-kg\/#breadcrumb\",\"itemListElement\":[{\"@type\":\"ListItem\",\"position\":1,\"name\":\"Accueil\",\"item\":\"https:\/\/www.csj-emballages.com\/es\/universo-del-envasado-alimentario\/\"},{\"@type\":\"ListItem\",\"position\":2,\"name\":\"Tienda\",\"item\":\"https:\/\/www.csj-emballages.com\/tienda\/\"},{\"@type\":\"ListItem\",\"position\":3,\"name\":\"Caf\u00e9 en grano Las Vegas 70 % ar\u00e1bica \/ 30 % robusta en 1 kg\"}]},{\"@type\":\"WebSite\",\"@id\":\"https:\/\/www.csj-emballages.com\/es\/#website\",\"url\":\"https:\/\/www.csj-emballages.com\/es\/\",\"name\":\"CSJ Emballages\",\"description\":\"\",\"publisher\":{\"@id\":\"https:\/\/www.csj-emballages.com\/es\/#organization\"},\"potentialAction\":[{\"@type\":\"SearchAction\",\"target\":{\"@type\":\"EntryPoint\",\"urlTemplate\":\"https:\/\/www.csj-emballages.com\/es\/?s={search_term_string}\"},\"query-input\":{\"@type\":\"PropertyValueSpecification\",\"valueRequired\":true,\"valueName\":\"search_term_string\"}}],\"inLanguage\":\"es\"},{\"@type\":\"Organization\",\"@id\":\"https:\/\/www.csj-emballages.com\/es\/#Organization\/\",\"name\":\"CSJ Emballages\",\"url\":\"https:\/\/www.csj-emballages.com\/es\/\",\"logo\":{\"@type\":\"ImageObject\",\"inLanguage\":\"es\",\"@id\":\"https:\/\/www.csj-emballages.com\/es\/#\/schema\/logo\/image\/\",\"url\":\"https:\/\/www.csj-emballages.com\/wp-content\/uploads\/2023\/10\/logo_csj.webp\",\"contentUrl\":\"https:\/\/www.csj-emballages.com\/wp-content\/uploads\/2023\/10\/logo_csj.webp\",\"width\":250,\"height\":95,\"caption\":\"CSJ Emballages\"},\"image\":{\"@id\":\"https:\/\/www.csj-emballages.com\/es\/#\/schema\/logo\/image\/\"},\"sameAs\":[\"https:\/\/www.facebook.com\/csjemballages\"],\"address\":{\"@type\":\"PostalAddress\",\"streetAddress\":\"ZI La Lechere\",\"addressLocality\":\"Patornay\",\"postalCode\":\"39130\",\"addressCountry\":\"FR\"},\"contactPoint\":[{\"@type\":\"ContactPoint\",\"contactType\":\"Service client\",\"telephone\":\"0384254272\",\"email\":\"contact@csj-emballages.com\"}]}]}<\/script>\n<!-- \/ Yoast SEO Premium plugin. -->","yoast_head_json":{"title":"Caf\u00e9 en grano Las Vegas 70 % ar\u00e1bica \/ 30 % robusta de 1 kg","description":"Caf\u00e9 en grano Las Vegas 70 % ar\u00e1bica \/ 30 % robusta de 1 kg. Mezcla equilibrada, aromas intensos y crema perfecta para expreso. Ideal para m\u00e1quinas de caf\u00e9.","robots":{"index":"index","follow":"follow","max-snippet":"max-snippet:-1","max-image-preview":"max-image-preview:large","max-video-preview":"max-video-preview:-1"},"canonical":"https:\/\/www.csj-emballages.com\/es\/produit\/cafe-en-grano-las-vegas-70-arabica-30-robusta-en-1-kg\/","og_locale":"es_ES","og_type":"article","og_title":"Caf\u00e9 en grano Las Vegas 70 % ar\u00e1bica \/ 30 % robusta en 1 kg","og_description":"Caf\u00e9 en grano Las Vegas 70 % ar\u00e1bica \/ 30 % robusta de 1 kg. Mezcla equilibrada, aromas intensos y crema perfecta para expreso. Ideal para m\u00e1quinas de caf\u00e9.","og_url":"https:\/\/www.csj-emballages.com\/es\/produit\/cafe-en-grano-las-vegas-70-arabica-30-robusta-en-1-kg\/","og_site_name":"CSJ Emballages","article_publisher":"https:\/\/www.facebook.com\/csjemballages","article_modified_time":"2026-04-29T00:10:55+00:00","og_image":[{"width":800,"height":800,"url":"https:\/\/www.csj-emballages.com\/wp-content\/uploads\/2026\/03\/13001.webp","type":"image\/webp"}],"twitter_card":"summary_large_image","twitter_misc":{"Tiempo de lectura":"2 minutos"},"schema":{"@context":"https:\/\/schema.org","@graph":[{"@type":"WebPage","@id":"https:\/\/www.csj-emballages.com\/es\/produit\/cafe-en-grano-las-vegas-70-arabica-30-robusta-en-1-kg\/","url":"https:\/\/www.csj-emballages.com\/es\/produit\/cafe-en-grano-las-vegas-70-arabica-30-robusta-en-1-kg\/","name":"Caf\u00e9 en grano Las Vegas 70 % ar\u00e1bica \/ 30 % robusta de 1 kg","isPartOf":{"@id":"https:\/\/www.csj-emballages.com\/es\/#website"},"primaryImageOfPage":{"@id":"https:\/\/www.csj-emballages.com\/es\/produit\/cafe-en-grano-las-vegas-70-arabica-30-robusta-en-1-kg\/#primaryimage"},"image":{"@id":"https:\/\/www.csj-emballages.com\/es\/produit\/cafe-en-grano-las-vegas-70-arabica-30-robusta-en-1-kg\/#primaryimage"},"thumbnailUrl":"https:\/\/www.csj-emballages.com\/wp-content\/uploads\/2026\/03\/13001.webp","datePublished":"2026-03-13T15:18:16+00:00","dateModified":"2026-04-29T00:10:55+00:00","description":"Caf\u00e9 en grano Las Vegas 70 % ar\u00e1bica \/ 30 % robusta de 1 kg. Mezcla equilibrada, aromas intensos y crema perfecta para expreso. Ideal para m\u00e1quinas de caf\u00e9.","breadcrumb":{"@id":"https:\/\/www.csj-emballages.com\/es\/produit\/cafe-en-grano-las-vegas-70-arabica-30-robusta-en-1-kg\/#breadcrumb"},"inLanguage":"es","potentialAction":[{"@type":"ReadAction","target":["https:\/\/www.csj-emballages.com\/es\/produit\/cafe-en-grano-las-vegas-70-arabica-30-robusta-en-1-kg\/"]}]},{"@type":"ImageObject","inLanguage":"es","@id":"https:\/\/www.csj-emballages.com\/es\/produit\/cafe-en-grano-las-vegas-70-arabica-30-robusta-en-1-kg\/#primaryimage","url":"https:\/\/www.csj-emballages.com\/wp-content\/uploads\/2026\/03\/13001.webp","contentUrl":"https:\/\/www.csj-emballages.com\/wp-content\/uploads\/2026\/03\/13001.webp","width":800,"height":800,"caption":"Caf\u00e9 en grains"},{"@type":"BreadcrumbList","@id":"https:\/\/www.csj-emballages.com\/es\/produit\/cafe-en-grano-las-vegas-70-arabica-30-robusta-en-1-kg\/#breadcrumb","itemListElement":[{"@type":"ListItem","position":1,"name":"Accueil","item":"https:\/\/www.csj-emballages.com\/es\/universo-del-envasado-alimentario\/"},{"@type":"ListItem","position":2,"name":"Tienda","item":"https:\/\/www.csj-emballages.com\/tienda\/"},{"@type":"ListItem","position":3,"name":"Caf\u00e9 en grano Las Vegas 70 % ar\u00e1bica \/ 30 % robusta en 1 kg"}]},{"@type":"WebSite","@id":"https:\/\/www.csj-emballages.com\/es\/#website","url":"https:\/\/www.csj-emballages.com\/es\/","name":"CSJ Emballages","description":"","publisher":{"@id":"https:\/\/www.csj-emballages.com\/es\/#organization"},"potentialAction":[{"@type":"SearchAction","target":{"@type":"EntryPoint","urlTemplate":"https:\/\/www.csj-emballages.com\/es\/?s={search_term_string}"},"query-input":{"@type":"PropertyValueSpecification","valueRequired":true,"valueName":"search_term_string"}}],"inLanguage":"es"},{"@type":"Organization","@id":"https:\/\/www.csj-emballages.com\/es\/#Organization\/","name":"CSJ Emballages","url":"https:\/\/www.csj-emballages.com\/es\/","logo":{"@type":"ImageObject","inLanguage":"es","@id":"https:\/\/www.csj-emballages.com\/es\/#\/schema\/logo\/image\/","url":"https:\/\/www.csj-emballages.com\/wp-content\/uploads\/2023\/10\/logo_csj.webp","contentUrl":"https:\/\/www.csj-emballages.com\/wp-content\/uploads\/2023\/10\/logo_csj.webp","width":250,"height":95,"caption":"CSJ Emballages"},"image":{"@id":"https:\/\/www.csj-emballages.com\/es\/#\/schema\/logo\/image\/"},"sameAs":["https:\/\/www.facebook.com\/csjemballages"],"address":{"@type":"PostalAddress","streetAddress":"ZI La Lechere","addressLocality":"Patornay","postalCode":"39130","addressCountry":"FR"},"contactPoint":[{"@type":"ContactPoint","contactType":"Service client","telephone":"0384254272","email":"contact@csj-emballages.com"}]}]}},"df_price":14.32,"df_sale_price":"","df_regular_price":14.32,"df_image_link":"https:\/\/www.csj-emballages.com\/wp-content\/uploads\/2026\/03\/13001-300x300.webp","tiered_pricing_type":"fixed","tiered_pricing_fixed_rules":[],"tiered_pricing_percentage_rules":[],"tiered_pricing_minimum":1,"tiered_pricing_roles_data":[],"_links":{"self":[{"href":"https:\/\/www.csj-emballages.com\/es\/wp-json\/wp\/v2\/product\/273795","targetHints":{"allow":["GET"]}}],"collection":[{"href":"https:\/\/www.csj-emballages.com\/es\/wp-json\/wp\/v2\/product"}],"about":[{"href":"https:\/\/www.csj-emballages.com\/es\/wp-json\/wp\/v2\/types\/product"}],"wp:featuredmedia":[{"embeddable":true,"href":"https:\/\/www.csj-emballages.com\/es\/wp-json\/wp\/v2\/media\/273790"}],"wp:attachment":[{"href":"https:\/\/www.csj-emballages.com\/es\/wp-json\/wp\/v2\/media?parent=273795"}],"wp:term":[{"taxonomy":"product_brand","embeddable":true,"href":"https:\/\/www.csj-emballages.com\/es\/wp-json\/wp\/v2\/product_brand?post=273795"},{"taxonomy":"product_cat","embeddable":true,"href":"https:\/\/www.csj-emballages.com\/es\/wp-json\/wp\/v2\/product_cat?post=273795"},{"taxonomy":"product_tag","embeddable":true,"href":"https:\/\/www.csj-emballages.com\/es\/wp-json\/wp\/v2\/product_tag?post=273795"}],"curies":[{"name":"wp","href":"https:\/\/api.w.org\/{rel}","templated":true}]}}