{"id":273507,"date":"2025-12-11T14:18:23","date_gmt":"2025-12-11T13:18:23","guid":{"rendered":"https:\/\/www.csj-emballages.com\/produit\/soporte-cuadrado-de-base-plegada-oro-negro-de-9-cm-pack-de-200\/"},"modified":"2026-03-14T02:12:36","modified_gmt":"2026-03-14T01:12:36","slug":"soporte-cuadrado-de-base-plegada-oro-negro-de-9-cm-pack-de-200","status":"publish","type":"product","link":"https:\/\/www.csj-emballages.com\/es\/produit\/soporte-cuadrado-de-base-plegada-oro-negro-de-9-cm-pack-de-200\/","title":{"rendered":"Soporte cuadrado de base plegada oro \/ negro de 9 cm, pack de 200"},"content":{"rendered":"<h2>Soporte cuadrado<\/h2>\n<hr>\n<h3>Soporte cuadrado de base plegada oro \/ negro de 9 cm, pack de 200<\/h3>\n<p><!--more--><\/p>\n<p data-start=\"178\" data-end=\"484\">El <strong>soporte cuadrado de base plegada oro \/ negro de 9 cm<\/strong> est\u00e1 especialmente dise\u00f1ado para presentar y transportar sus pasteles individuales con elegancia. Ideal para <strong>entremeses, peque\u00f1os pasteles, reposter\u00eda fina o postres individuales<\/strong>, permite realzar cada creaci\u00f3n a la vez que facilita su manipulaci\u00f3n. <\/p>\n<p data-start=\"486\" data-end=\"717\">Gracias a su peque\u00f1o formato de <strong>9 cm<\/strong>, este soporte es perfecto para <strong>porciones individuales<\/strong>. Su estructura garantiza una buena estabilidad del postre al exponerlo en vitrina, preparar pedidos o transportarlo. <\/p>\n<p data-start=\"719\" data-end=\"1031\">Los <strong>bordes plegados<\/strong> proporcionan una mejor sujeci\u00f3n y permiten manipular f\u00e1cilmente el pastel sin da\u00f1arlo. Su dise\u00f1o <strong>reversible oro \/ negro<\/strong> ofrece dos estilos de presentaci\u00f3n: la <strong>cara dorada<\/strong> resalta el aspecto premium y festivo del postre, mientras que la <strong>cara negra<\/strong> aporta un toque moderno y elegante. <\/p>\n<p data-start=\"1033\" data-end=\"1258\">Pr\u00e1ctico y est\u00e9tico, este <strong>soporte<\/strong> es una soluci\u00f3n ideal para pasteler\u00edas, panader\u00edas, caterings o eventos gastron\u00f3micos. Envasado en lotes de <strong>200 unidades<\/strong>, satisface perfectamente las necesidades de los profesionales. <\/p>\n<p data-start=\"1033\" data-end=\"1258\"><!--more--><\/p>\n<p data-start=\"1033\" data-end=\"1258\"><strong>Ventajas<\/strong>:<\/p>\n<ul>\n<li data-start=\"1295\" data-end=\"1345\">Formato de <strong>9 cm<\/strong> ideal para pasteles individuales<\/li>\n<li data-start=\"1394\" data-end=\"1434\"><strong>Bordes plegados<\/strong> que facilitan la manipulaci\u00f3n<\/li>\n<li data-start=\"1437\" data-end=\"1493\"><strong>Reversible oro \/ negro<\/strong> para dos estilos de presentaci\u00f3n<\/li>\n<li data-start=\"1496\" data-end=\"1530\">Realza los postres en vitrina<\/li>\n<li data-start=\"1533\" data-end=\"1563\">Adecuado para la venta para llevar<\/li>\n<li data-start=\"1566\" data-end=\"1605\">Embalaje profesional en <strong>200 unidades<\/strong><\/li>\n<\/ul>\n<p data-start=\"1033\" data-end=\"1258\"><!--more--><\/p>\n<p data-start=\"1033\" data-end=\"1258\"><strong>Informaci\u00f3n adicional<\/strong>:<\/p>\n<ul>\n<li data-start=\"1033\" data-end=\"1258\"><strong>Envase<\/strong>: Paquete de 200<\/li>\n<li data-start=\"1033\" data-end=\"1258\"><strong>Dimensiones<\/strong>: 9 x 9 cm<\/li>\n<li data-start=\"1033\" data-end=\"1258\"><strong>Altura de los lados plegados<\/strong>: 15 mm<\/li>\n<li data-start=\"1033\" data-end=\"1258\"><strong>Color<\/strong>: Oro \/ Negro<\/li>\n<li data-start=\"1033\" data-end=\"1258\"><strong>Material<\/strong>: Cart\u00f3n<\/li>\n<\/ul>\n<p>&nbsp;<\/p>\n<p><!--more--><\/p>\n<p><a href=\"https:\/\/www.csj-emballages.com\/es\/categorie-produit\/envasado-de-alimentos\/panaderia-y-pasteleria\/soportes-de-base-para-tartas\/soportes-cuadrados-de-base-plegada\/\">Consulte el resto de nuestra gama de soportes cuadrados de base plegada<\/a><\/p>\n","protected":false},"excerpt":{"rendered":"<p>Soporte cuadrado Soporte cuadrado de base plegada oro \/ negro de 9 cm, pack de 200<\/p>\n","protected":false},"featured_media":273506,"template":"","meta":{"_acf_changed":false},"product_brand":[],"product_cat":[1150,1145,1911,11596],"product_tag":[],"class_list":{"0":"post-273507","1":"product","2":"type-product","3":"status-publish","4":"has-post-thumbnail","6":"product_cat-envasado-de-alimentos","7":"product_cat-panaderia-y-pasteleria","8":"product_cat-soportes-de-base-para-tartas","9":"product_cat-soportes-cuadrados-de-base-plegada","11":"first","12":"instock","13":"taxable","14":"shipping-taxable","15":"purchasable","16":"product-type-simple"},"acf":[],"yoast_head":"<!-- This site is optimized with the Yoast SEO Premium plugin v26.6 (Yoast SEO v26.6) - https:\/\/yoast.com\/wordpress\/plugins\/seo\/ -->\n<title>Soporte cuadrado con fondo plegado oro\/negro 9 cm (200 uds.)<\/title>\n<meta name=\"description\" content=\"Soporte cuadrado con fondo plegado oro\/negro 9 cm (200 uds.). Ideal para presentar y transportar pasteler\u00eda individual y postres con elegancia.\" \/>\n<meta name=\"robots\" content=\"index, follow, max-snippet:-1, max-image-preview:large, max-video-preview:-1\" \/>\n<link rel=\"canonical\" href=\"https:\/\/www.csj-emballages.com\/es\/produit\/soporte-cuadrado-de-base-plegada-oro-negro-de-9-cm-pack-de-200\/\" \/>\n<meta property=\"og:locale\" content=\"es_ES\" \/>\n<meta property=\"og:type\" content=\"article\" \/>\n<meta property=\"og:title\" content=\"Soporte cuadrado de base plegada oro \/ negro de 9 cm, pack de 200\" \/>\n<meta property=\"og:description\" content=\"Soporte cuadrado con fondo plegado oro\/negro 9 cm (200 uds.). Ideal para presentar y transportar pasteler\u00eda individual y postres con elegancia.\" \/>\n<meta property=\"og:url\" content=\"https:\/\/www.csj-emballages.com\/es\/produit\/soporte-cuadrado-de-base-plegada-oro-negro-de-9-cm-pack-de-200\/\" \/>\n<meta property=\"og:site_name\" content=\"CSJ Emballages\" \/>\n<meta property=\"article:publisher\" content=\"https:\/\/www.facebook.com\/csjemballages\" \/>\n<meta property=\"article:modified_time\" content=\"2026-03-14T01:12:36+00:00\" \/>\n<meta property=\"og:image\" content=\"https:\/\/www.csj-emballages.com\/wp-content\/uploads\/2025\/12\/CP9ORNOIR.webp\" \/>\n\t<meta property=\"og:image:width\" content=\"800\" \/>\n\t<meta property=\"og:image:height\" content=\"800\" \/>\n\t<meta property=\"og:image:type\" content=\"image\/webp\" \/>\n<meta name=\"twitter:card\" content=\"summary_large_image\" \/>\n<meta name=\"twitter:label1\" content=\"Tiempo de lectura\" \/>\n\t<meta name=\"twitter:data1\" content=\"1 minuto\" \/>\n<script type=\"application\/ld+json\" class=\"yoast-schema-graph\">{\"@context\":\"https:\/\/schema.org\",\"@graph\":[{\"@type\":\"WebPage\",\"@id\":\"https:\/\/www.csj-emballages.com\/es\/produit\/soporte-cuadrado-de-base-plegada-oro-negro-de-9-cm-pack-de-200\/\",\"url\":\"https:\/\/www.csj-emballages.com\/es\/produit\/soporte-cuadrado-de-base-plegada-oro-negro-de-9-cm-pack-de-200\/\",\"name\":\"Soporte cuadrado con fondo plegado oro\/negro 9 cm (200 uds.)\",\"isPartOf\":{\"@id\":\"https:\/\/www.csj-emballages.com\/es\/#website\"},\"primaryImageOfPage\":{\"@id\":\"https:\/\/www.csj-emballages.com\/es\/produit\/soporte-cuadrado-de-base-plegada-oro-negro-de-9-cm-pack-de-200\/#primaryimage\"},\"image\":{\"@id\":\"https:\/\/www.csj-emballages.com\/es\/produit\/soporte-cuadrado-de-base-plegada-oro-negro-de-9-cm-pack-de-200\/#primaryimage\"},\"thumbnailUrl\":\"https:\/\/www.csj-emballages.com\/wp-content\/uploads\/2025\/12\/CP9ORNOIR.webp\",\"datePublished\":\"2025-12-11T13:18:23+00:00\",\"dateModified\":\"2026-03-14T01:12:36+00:00\",\"description\":\"Soporte cuadrado con fondo plegado oro\/negro 9 cm (200 uds.). Ideal para presentar y transportar pasteler\u00eda individual y postres con elegancia.\",\"breadcrumb\":{\"@id\":\"https:\/\/www.csj-emballages.com\/es\/produit\/soporte-cuadrado-de-base-plegada-oro-negro-de-9-cm-pack-de-200\/#breadcrumb\"},\"inLanguage\":\"es\",\"potentialAction\":[{\"@type\":\"ReadAction\",\"target\":[\"https:\/\/www.csj-emballages.com\/es\/produit\/soporte-cuadrado-de-base-plegada-oro-negro-de-9-cm-pack-de-200\/\"]}]},{\"@type\":\"ImageObject\",\"inLanguage\":\"es\",\"@id\":\"https:\/\/www.csj-emballages.com\/es\/produit\/soporte-cuadrado-de-base-plegada-oro-negro-de-9-cm-pack-de-200\/#primaryimage\",\"url\":\"https:\/\/www.csj-emballages.com\/wp-content\/uploads\/2025\/12\/CP9ORNOIR.webp\",\"contentUrl\":\"https:\/\/www.csj-emballages.com\/wp-content\/uploads\/2025\/12\/CP9ORNOIR.webp\",\"width\":800,\"height\":800,\"caption\":\"Support carr\u00e9\"},{\"@type\":\"BreadcrumbList\",\"@id\":\"https:\/\/www.csj-emballages.com\/es\/produit\/soporte-cuadrado-de-base-plegada-oro-negro-de-9-cm-pack-de-200\/#breadcrumb\",\"itemListElement\":[{\"@type\":\"ListItem\",\"position\":1,\"name\":\"Accueil\",\"item\":\"https:\/\/www.csj-emballages.com\/es\/universo-del-envasado-alimentario\/\"},{\"@type\":\"ListItem\",\"position\":2,\"name\":\"Tienda\",\"item\":\"https:\/\/www.csj-emballages.com\/tienda\/\"},{\"@type\":\"ListItem\",\"position\":3,\"name\":\"Soporte cuadrado de base plegada oro \/ negro de 9 cm, pack de 200\"}]},{\"@type\":\"WebSite\",\"@id\":\"https:\/\/www.csj-emballages.com\/es\/#website\",\"url\":\"https:\/\/www.csj-emballages.com\/es\/\",\"name\":\"CSJ Emballages\",\"description\":\"\",\"publisher\":{\"@id\":\"https:\/\/www.csj-emballages.com\/es\/#organization\"},\"potentialAction\":[{\"@type\":\"SearchAction\",\"target\":{\"@type\":\"EntryPoint\",\"urlTemplate\":\"https:\/\/www.csj-emballages.com\/es\/?s={search_term_string}\"},\"query-input\":{\"@type\":\"PropertyValueSpecification\",\"valueRequired\":true,\"valueName\":\"search_term_string\"}}],\"inLanguage\":\"es\"},{\"@type\":\"Organization\",\"@id\":\"https:\/\/www.csj-emballages.com\/es\/#Organization\/\",\"name\":\"CSJ Emballages\",\"url\":\"https:\/\/www.csj-emballages.com\/es\/\",\"logo\":{\"@type\":\"ImageObject\",\"inLanguage\":\"es\",\"@id\":\"https:\/\/www.csj-emballages.com\/es\/#\/schema\/logo\/image\/\",\"url\":\"https:\/\/www.csj-emballages.com\/wp-content\/uploads\/2023\/10\/logo_csj.webp\",\"contentUrl\":\"https:\/\/www.csj-emballages.com\/wp-content\/uploads\/2023\/10\/logo_csj.webp\",\"width\":250,\"height\":95,\"caption\":\"CSJ Emballages\"},\"image\":{\"@id\":\"https:\/\/www.csj-emballages.com\/es\/#\/schema\/logo\/image\/\"},\"sameAs\":[\"https:\/\/www.facebook.com\/csjemballages\"],\"address\":{\"@type\":\"PostalAddress\",\"streetAddress\":\"ZI La Lechere\",\"addressLocality\":\"Patornay\",\"postalCode\":\"39130\",\"addressCountry\":\"FR\"},\"contactPoint\":[{\"@type\":\"ContactPoint\",\"contactType\":\"Service client\",\"telephone\":\"0384254272\",\"email\":\"contact@csj-emballages.com\"}]}]}<\/script>\n<!-- \/ Yoast SEO Premium plugin. -->","yoast_head_json":{"title":"Soporte cuadrado con fondo plegado oro\/negro 9 cm (200 uds.)","description":"Soporte cuadrado con fondo plegado oro\/negro 9 cm (200 uds.). Ideal para presentar y transportar pasteler\u00eda individual y postres con elegancia.","robots":{"index":"index","follow":"follow","max-snippet":"max-snippet:-1","max-image-preview":"max-image-preview:large","max-video-preview":"max-video-preview:-1"},"canonical":"https:\/\/www.csj-emballages.com\/es\/produit\/soporte-cuadrado-de-base-plegada-oro-negro-de-9-cm-pack-de-200\/","og_locale":"es_ES","og_type":"article","og_title":"Soporte cuadrado de base plegada oro \/ negro de 9 cm, pack de 200","og_description":"Soporte cuadrado con fondo plegado oro\/negro 9 cm (200 uds.). Ideal para presentar y transportar pasteler\u00eda individual y postres con elegancia.","og_url":"https:\/\/www.csj-emballages.com\/es\/produit\/soporte-cuadrado-de-base-plegada-oro-negro-de-9-cm-pack-de-200\/","og_site_name":"CSJ Emballages","article_publisher":"https:\/\/www.facebook.com\/csjemballages","article_modified_time":"2026-03-14T01:12:36+00:00","og_image":[{"width":800,"height":800,"url":"https:\/\/www.csj-emballages.com\/wp-content\/uploads\/2025\/12\/CP9ORNOIR.webp","type":"image\/webp"}],"twitter_card":"summary_large_image","twitter_misc":{"Tiempo de lectura":"1 minuto"},"schema":{"@context":"https:\/\/schema.org","@graph":[{"@type":"WebPage","@id":"https:\/\/www.csj-emballages.com\/es\/produit\/soporte-cuadrado-de-base-plegada-oro-negro-de-9-cm-pack-de-200\/","url":"https:\/\/www.csj-emballages.com\/es\/produit\/soporte-cuadrado-de-base-plegada-oro-negro-de-9-cm-pack-de-200\/","name":"Soporte cuadrado con fondo plegado oro\/negro 9 cm (200 uds.)","isPartOf":{"@id":"https:\/\/www.csj-emballages.com\/es\/#website"},"primaryImageOfPage":{"@id":"https:\/\/www.csj-emballages.com\/es\/produit\/soporte-cuadrado-de-base-plegada-oro-negro-de-9-cm-pack-de-200\/#primaryimage"},"image":{"@id":"https:\/\/www.csj-emballages.com\/es\/produit\/soporte-cuadrado-de-base-plegada-oro-negro-de-9-cm-pack-de-200\/#primaryimage"},"thumbnailUrl":"https:\/\/www.csj-emballages.com\/wp-content\/uploads\/2025\/12\/CP9ORNOIR.webp","datePublished":"2025-12-11T13:18:23+00:00","dateModified":"2026-03-14T01:12:36+00:00","description":"Soporte cuadrado con fondo plegado oro\/negro 9 cm (200 uds.). Ideal para presentar y transportar pasteler\u00eda individual y postres con elegancia.","breadcrumb":{"@id":"https:\/\/www.csj-emballages.com\/es\/produit\/soporte-cuadrado-de-base-plegada-oro-negro-de-9-cm-pack-de-200\/#breadcrumb"},"inLanguage":"es","potentialAction":[{"@type":"ReadAction","target":["https:\/\/www.csj-emballages.com\/es\/produit\/soporte-cuadrado-de-base-plegada-oro-negro-de-9-cm-pack-de-200\/"]}]},{"@type":"ImageObject","inLanguage":"es","@id":"https:\/\/www.csj-emballages.com\/es\/produit\/soporte-cuadrado-de-base-plegada-oro-negro-de-9-cm-pack-de-200\/#primaryimage","url":"https:\/\/www.csj-emballages.com\/wp-content\/uploads\/2025\/12\/CP9ORNOIR.webp","contentUrl":"https:\/\/www.csj-emballages.com\/wp-content\/uploads\/2025\/12\/CP9ORNOIR.webp","width":800,"height":800,"caption":"Support carr\u00e9"},{"@type":"BreadcrumbList","@id":"https:\/\/www.csj-emballages.com\/es\/produit\/soporte-cuadrado-de-base-plegada-oro-negro-de-9-cm-pack-de-200\/#breadcrumb","itemListElement":[{"@type":"ListItem","position":1,"name":"Accueil","item":"https:\/\/www.csj-emballages.com\/es\/universo-del-envasado-alimentario\/"},{"@type":"ListItem","position":2,"name":"Tienda","item":"https:\/\/www.csj-emballages.com\/tienda\/"},{"@type":"ListItem","position":3,"name":"Soporte cuadrado de base plegada oro \/ negro de 9 cm, pack de 200"}]},{"@type":"WebSite","@id":"https:\/\/www.csj-emballages.com\/es\/#website","url":"https:\/\/www.csj-emballages.com\/es\/","name":"CSJ Emballages","description":"","publisher":{"@id":"https:\/\/www.csj-emballages.com\/es\/#organization"},"potentialAction":[{"@type":"SearchAction","target":{"@type":"EntryPoint","urlTemplate":"https:\/\/www.csj-emballages.com\/es\/?s={search_term_string}"},"query-input":{"@type":"PropertyValueSpecification","valueRequired":true,"valueName":"search_term_string"}}],"inLanguage":"es"},{"@type":"Organization","@id":"https:\/\/www.csj-emballages.com\/es\/#Organization\/","name":"CSJ Emballages","url":"https:\/\/www.csj-emballages.com\/es\/","logo":{"@type":"ImageObject","inLanguage":"es","@id":"https:\/\/www.csj-emballages.com\/es\/#\/schema\/logo\/image\/","url":"https:\/\/www.csj-emballages.com\/wp-content\/uploads\/2023\/10\/logo_csj.webp","contentUrl":"https:\/\/www.csj-emballages.com\/wp-content\/uploads\/2023\/10\/logo_csj.webp","width":250,"height":95,"caption":"CSJ Emballages"},"image":{"@id":"https:\/\/www.csj-emballages.com\/es\/#\/schema\/logo\/image\/"},"sameAs":["https:\/\/www.facebook.com\/csjemballages"],"address":{"@type":"PostalAddress","streetAddress":"ZI La Lechere","addressLocality":"Patornay","postalCode":"39130","addressCountry":"FR"},"contactPoint":[{"@type":"ContactPoint","contactType":"Service client","telephone":"0384254272","email":"contact@csj-emballages.com"}]}]}},"df_price":13.5,"df_sale_price":"","df_regular_price":13.5,"df_image_link":"https:\/\/www.csj-emballages.com\/wp-content\/uploads\/2025\/12\/CP9ORNOIR-300x300.webp","tiered_pricing_type":"fixed","tiered_pricing_fixed_rules":[],"tiered_pricing_percentage_rules":[],"tiered_pricing_minimum":1,"tiered_pricing_roles_data":[],"_links":{"self":[{"href":"https:\/\/www.csj-emballages.com\/es\/wp-json\/wp\/v2\/product\/273507","targetHints":{"allow":["GET"]}}],"collection":[{"href":"https:\/\/www.csj-emballages.com\/es\/wp-json\/wp\/v2\/product"}],"about":[{"href":"https:\/\/www.csj-emballages.com\/es\/wp-json\/wp\/v2\/types\/product"}],"wp:featuredmedia":[{"embeddable":true,"href":"https:\/\/www.csj-emballages.com\/es\/wp-json\/wp\/v2\/media\/273506"}],"wp:attachment":[{"href":"https:\/\/www.csj-emballages.com\/es\/wp-json\/wp\/v2\/media?parent=273507"}],"wp:term":[{"taxonomy":"product_brand","embeddable":true,"href":"https:\/\/www.csj-emballages.com\/es\/wp-json\/wp\/v2\/product_brand?post=273507"},{"taxonomy":"product_cat","embeddable":true,"href":"https:\/\/www.csj-emballages.com\/es\/wp-json\/wp\/v2\/product_cat?post=273507"},{"taxonomy":"product_tag","embeddable":true,"href":"https:\/\/www.csj-emballages.com\/es\/wp-json\/wp\/v2\/product_tag?post=273507"}],"curies":[{"name":"wp","href":"https:\/\/api.w.org\/{rel}","templated":true}]}}