{"id":273394,"date":"2026-03-02T14:18:18","date_gmt":"2026-03-02T13:18:18","guid":{"rendered":"https:\/\/www.csj-emballages.com\/produit\/envase-microondable-tapa-inyectada-plastico-pp-1500-ml-por-50\/"},"modified":"2026-04-17T02:14:05","modified_gmt":"2026-04-17T00:14:05","slug":"envase-microondable-tapa-inyectada-plastico-pp-1500-ml-por-50","status":"publish","type":"product","link":"https:\/\/www.csj-emballages.com\/es\/produit\/envase-microondable-tapa-inyectada-plastico-pp-1500-ml-por-50\/","title":{"rendered":"Envase microondable + tapa inyectada pl\u00e1stico PP 1500 ml por 50"},"content":{"rendered":"<h2>Envase apto para microondas<\/h2>\n<hr>\n<h3>Envase microondable + tapa inyectada pl\u00e1stico PP 1500 ml por 50<\/h3>\n<p><!--more--><\/p>\n<p data-start=\"159\" data-end=\"490\">El <strong>envase microondable 1500 ml<\/strong> con <strong>tapa inyectada de pl\u00e1stico PP<\/strong> es ideal para el envasado y transporte de raciones generosas. Dise\u00f1ado para profesionales de la restauraci\u00f3n, catering y establecimientos de comida para llevar, permite conservar y recalentar f\u00e1cilmente las preparaciones. <\/p>\n<p data-start=\"492\" data-end=\"743\">Asimismo, con su capacidad de <strong>1500 ml<\/strong>, este envase es perfecto para platos completos, comidas individuales abundantes o raciones familiares. Es apto especialmente para <strong>pasta, arroz, platos con salsa, verduras cocinadas, ensaladas combinadas u otros platos<\/strong>. <\/p>\n<p data-start=\"745\" data-end=\"1020\">Adem\u00e1s, fabricada en <strong>polipropileno (PP)<\/strong>, esta tarrina ofrece una excelente resistencia al calor y puede utilizarse en el microondas para recalentar directamente los alimentos. Su tapa inyectada asegura un cierre fiable y protege eficazmente el contenido durante el transporte. <\/p>\n<p data-start=\"1022\" data-end=\"1306\">De hecho, su transparencia permite identificar r\u00e1pidamente las preparaciones, facilitando la organizaci\u00f3n en la cocina, en el expositor o durante la preparaci\u00f3n de pedidos. Robusta y pr\u00e1ctica, representa una soluci\u00f3n eficaz para la venta para llevar, el click &amp; collect o los servicios de catering. <\/p>\n<p data-start=\"1308\" data-end=\"1457\">En resumen, envasada en lotes de <strong>50 unidades<\/strong>, esta <strong>tarrina<\/strong> satisface perfectamente las necesidades de los profesionales que buscan.<\/p>\n<p data-start=\"1111\" data-end=\"1340\"><!--more--><\/p>\n<p data-start=\"1111\" data-end=\"1340\"><strong><span style=\"color: #ff0000;\">*Las tapas est\u00e1n integradas con estas bandejas<\/span><\/strong><\/p>\n<p data-start=\"1111\" data-end=\"1340\"><!--more--><\/p>\n<h4 data-start=\"1111\" data-end=\"1340\">Ventajas :<\/h4>\n<ul>\n<li data-start=\"1494\" data-end=\"1541\">Gran capacidad <strong>1500 ml<\/strong> para platos completos<\/li>\n<li data-start=\"1544\" data-end=\"1581\">Pl\u00e1stico <strong>PP<\/strong> resistente al calor<\/li>\n<li data-start=\"1584\" data-end=\"1608\">Compatible con microondas<\/li>\n<li data-start=\"1611\" data-end=\"1659\">Tapa inyectada que asegura un buen cierre<\/li>\n<li data-start=\"1694\" data-end=\"1742\">Ideal para platos cocinados y comidas para llevar<\/li>\n<li data-start=\"1796\" data-end=\"1834\">Envase profesional por <strong>50<\/strong><\/li>\n<\/ul>\n<p>&nbsp;<\/p>\n<p><!--more--><\/p>\n<h4>Informaci\u00f3n adicional :<\/h4>\n<ul>\n<li><strong>Envase<\/strong>: Paquete de 50<\/li>\n<li><strong>Dimensiones<\/strong>: 204 x 153 (L x an en mm)<\/li>\n<li><strong>Altura<\/strong>: 79 mm<\/li>\n<li><strong>Volumen<\/strong>: 1500 ml<\/li>\n<li><strong>Material<\/strong>: PP<\/li>\n<li><strong>Color<\/strong>: Incoloro<\/li>\n<li><strong>Temperatura de funcionamiento<\/strong>: -20\u00b0C \/ +120\u00b0C<\/li>\n<\/ul>\n<p>&nbsp;<\/p>\n<p><!--more--><\/p>\n<p>Estas cajas y tapas aptas para microondas est\u00e1n disponibles en diferentes tama\u00f1os: <span style=\"color: #d12727;\"><a style=\"color: #d12727;\" href=\"https:\/\/www.csj-emballages.com\/es\/produit\/envase-apto-para-microondas-tapa-inyectada-de-plastico-pp-500-ml-por-50\/\">500 ml<\/a><\/span> \/ <span style=\"color: #d12727;\"><a style=\"color: #d12727;\" href=\"https:\/\/www.csj-emballages.com\/es\/produit\/envase-microondable-tapa-de-plastico-pp-inyectado-650-ml-pack-de-50\/\">650 ml<\/a><\/span> \/ <span style=\"color: #d12727;\"><a style=\"color: #d12727;\" href=\"https:\/\/www.csj-emballages.com\/es\/produit\/caja-apta-para-microondas-tapa-inyectada-de-plastico-pp-750-ml-pack-de-50\/\">750 ml<\/a><\/span> \/ <span style=\"color: #d12727;\"><a style=\"color: #d12727;\" href=\"https:\/\/www.csj-emballages.com\/es\/produit\/envase-apto-para-microondas-tapa-inyectada-de-plastico-pp-1000-ml-por-50\/\">1.000 ml<\/a><\/span><\/p>\n<p>&nbsp;<\/p>\n<p><!--more--><\/p>\n<p><a href=\"https:\/\/www.csj-emballages.com\/es\/categorie-produit\/envasado-de-alimentos\/carniceria-y-charcuteria\/bandejas-latas-y-tarros\/bandejas-latas-tarros-de-comida\/bandejas-para-microondas-con-tapa\/\">Consulte el resto de nuestra gama de barquetas para microondas con tapa<\/a><\/p>\n","protected":false},"excerpt":{"rendered":"<p>Envase apto para microondas Envase microondable + tapa inyectada pl\u00e1stico PP 1500 ml por 50<\/p>\n","protected":false},"featured_media":273393,"template":"","meta":{"_acf_changed":false},"product_brand":[],"product_cat":[1150,1143,2296,1491,2172],"product_tag":[],"class_list":{"0":"post-273394","1":"product","2":"type-product","3":"status-publish","4":"has-post-thumbnail","6":"product_cat-envasado-de-alimentos","7":"product_cat-carniceria-y-charcuteria","8":"product_cat-bandejas-latas-y-tarros","9":"product_cat-bandejas-latas-tarros-de-comida","10":"product_cat-bandejas-para-microondas-con-tapa","12":"first","13":"instock","14":"taxable","15":"shipping-taxable","16":"purchasable","17":"product-type-simple"},"acf":[],"yoast_head":"<!-- This site is optimized with the Yoast SEO Premium plugin v26.6 (Yoast SEO v26.6) - https:\/\/yoast.com\/wordpress\/plugins\/seo\/ -->\n<title>Envase Microondable + Tapa Pl\u00e1stico PP 1500 ml por 50<\/title>\n<meta name=\"description\" content=\"Envase microondable 1500 ml de pl\u00e1stico PP con tapa inyectada por 50. Ideal para platos completos para llevar, resistente y apto para microondas.\" \/>\n<meta name=\"robots\" content=\"index, follow, max-snippet:-1, max-image-preview:large, max-video-preview:-1\" \/>\n<link rel=\"canonical\" href=\"https:\/\/www.csj-emballages.com\/es\/produit\/envase-microondable-tapa-inyectada-plastico-pp-1500-ml-por-50\/\" \/>\n<meta property=\"og:locale\" content=\"es_ES\" \/>\n<meta property=\"og:type\" content=\"article\" \/>\n<meta property=\"og:title\" content=\"Envase microondable + tapa inyectada pl\u00e1stico PP 1500 ml por 50\" \/>\n<meta property=\"og:description\" content=\"Envase microondable 1500 ml de pl\u00e1stico PP con tapa inyectada por 50. Ideal para platos completos para llevar, resistente y apto para microondas.\" \/>\n<meta property=\"og:url\" content=\"https:\/\/www.csj-emballages.com\/es\/produit\/envase-microondable-tapa-inyectada-plastico-pp-1500-ml-por-50\/\" \/>\n<meta property=\"og:site_name\" content=\"CSJ Emballages\" \/>\n<meta property=\"article:publisher\" content=\"https:\/\/www.facebook.com\/csjemballages\" \/>\n<meta property=\"article:modified_time\" content=\"2026-04-17T00:14:05+00:00\" \/>\n<meta property=\"og:image\" content=\"https:\/\/www.csj-emballages.com\/wp-content\/uploads\/2026\/03\/INJ1500.webp\" \/>\n\t<meta property=\"og:image:width\" content=\"800\" \/>\n\t<meta property=\"og:image:height\" content=\"800\" \/>\n\t<meta property=\"og:image:type\" content=\"image\/webp\" \/>\n<meta name=\"twitter:card\" content=\"summary_large_image\" \/>\n<meta name=\"twitter:label1\" content=\"Tiempo de lectura\" \/>\n\t<meta name=\"twitter:data1\" content=\"2 minutos\" \/>\n<script type=\"application\/ld+json\" class=\"yoast-schema-graph\">{\"@context\":\"https:\/\/schema.org\",\"@graph\":[{\"@type\":\"WebPage\",\"@id\":\"https:\/\/www.csj-emballages.com\/es\/produit\/envase-microondable-tapa-inyectada-plastico-pp-1500-ml-por-50\/\",\"url\":\"https:\/\/www.csj-emballages.com\/es\/produit\/envase-microondable-tapa-inyectada-plastico-pp-1500-ml-por-50\/\",\"name\":\"Envase Microondable + Tapa Pl\u00e1stico PP 1500 ml por 50\",\"isPartOf\":{\"@id\":\"https:\/\/www.csj-emballages.com\/es\/#website\"},\"primaryImageOfPage\":{\"@id\":\"https:\/\/www.csj-emballages.com\/es\/produit\/envase-microondable-tapa-inyectada-plastico-pp-1500-ml-por-50\/#primaryimage\"},\"image\":{\"@id\":\"https:\/\/www.csj-emballages.com\/es\/produit\/envase-microondable-tapa-inyectada-plastico-pp-1500-ml-por-50\/#primaryimage\"},\"thumbnailUrl\":\"https:\/\/www.csj-emballages.com\/wp-content\/uploads\/2026\/03\/INJ1500.webp\",\"datePublished\":\"2026-03-02T13:18:18+00:00\",\"dateModified\":\"2026-04-17T00:14:05+00:00\",\"description\":\"Envase microondable 1500 ml de pl\u00e1stico PP con tapa inyectada por 50. Ideal para platos completos para llevar, resistente y apto para microondas.\",\"breadcrumb\":{\"@id\":\"https:\/\/www.csj-emballages.com\/es\/produit\/envase-microondable-tapa-inyectada-plastico-pp-1500-ml-por-50\/#breadcrumb\"},\"inLanguage\":\"es\",\"potentialAction\":[{\"@type\":\"ReadAction\",\"target\":[\"https:\/\/www.csj-emballages.com\/es\/produit\/envase-microondable-tapa-inyectada-plastico-pp-1500-ml-por-50\/\"]}]},{\"@type\":\"ImageObject\",\"inLanguage\":\"es\",\"@id\":\"https:\/\/www.csj-emballages.com\/es\/produit\/envase-microondable-tapa-inyectada-plastico-pp-1500-ml-por-50\/#primaryimage\",\"url\":\"https:\/\/www.csj-emballages.com\/wp-content\/uploads\/2026\/03\/INJ1500.webp\",\"contentUrl\":\"https:\/\/www.csj-emballages.com\/wp-content\/uploads\/2026\/03\/INJ1500.webp\",\"width\":800,\"height\":800,\"caption\":\"Boite micro-ondable\"},{\"@type\":\"BreadcrumbList\",\"@id\":\"https:\/\/www.csj-emballages.com\/es\/produit\/envase-microondable-tapa-inyectada-plastico-pp-1500-ml-por-50\/#breadcrumb\",\"itemListElement\":[{\"@type\":\"ListItem\",\"position\":1,\"name\":\"Accueil\",\"item\":\"https:\/\/www.csj-emballages.com\/es\/universo-del-envasado-alimentario\/\"},{\"@type\":\"ListItem\",\"position\":2,\"name\":\"Tienda\",\"item\":\"https:\/\/www.csj-emballages.com\/tienda\/\"},{\"@type\":\"ListItem\",\"position\":3,\"name\":\"Envase microondable + tapa inyectada pl\u00e1stico PP 1500 ml por 50\"}]},{\"@type\":\"WebSite\",\"@id\":\"https:\/\/www.csj-emballages.com\/es\/#website\",\"url\":\"https:\/\/www.csj-emballages.com\/es\/\",\"name\":\"CSJ Emballages\",\"description\":\"\",\"publisher\":{\"@id\":\"https:\/\/www.csj-emballages.com\/es\/#organization\"},\"potentialAction\":[{\"@type\":\"SearchAction\",\"target\":{\"@type\":\"EntryPoint\",\"urlTemplate\":\"https:\/\/www.csj-emballages.com\/es\/?s={search_term_string}\"},\"query-input\":{\"@type\":\"PropertyValueSpecification\",\"valueRequired\":true,\"valueName\":\"search_term_string\"}}],\"inLanguage\":\"es\"},{\"@type\":\"Organization\",\"@id\":\"https:\/\/www.csj-emballages.com\/es\/#Organization\/\",\"name\":\"CSJ Emballages\",\"url\":\"https:\/\/www.csj-emballages.com\/es\/\",\"logo\":{\"@type\":\"ImageObject\",\"inLanguage\":\"es\",\"@id\":\"https:\/\/www.csj-emballages.com\/es\/#\/schema\/logo\/image\/\",\"url\":\"https:\/\/www.csj-emballages.com\/wp-content\/uploads\/2023\/10\/logo_csj.webp\",\"contentUrl\":\"https:\/\/www.csj-emballages.com\/wp-content\/uploads\/2023\/10\/logo_csj.webp\",\"width\":250,\"height\":95,\"caption\":\"CSJ Emballages\"},\"image\":{\"@id\":\"https:\/\/www.csj-emballages.com\/es\/#\/schema\/logo\/image\/\"},\"sameAs\":[\"https:\/\/www.facebook.com\/csjemballages\"],\"address\":{\"@type\":\"PostalAddress\",\"streetAddress\":\"ZI La Lechere\",\"addressLocality\":\"Patornay\",\"postalCode\":\"39130\",\"addressCountry\":\"FR\"},\"contactPoint\":[{\"@type\":\"ContactPoint\",\"contactType\":\"Service client\",\"telephone\":\"0384254272\",\"email\":\"contact@csj-emballages.com\"}]}]}<\/script>\n<!-- \/ Yoast SEO Premium plugin. -->","yoast_head_json":{"title":"Envase Microondable + Tapa Pl\u00e1stico PP 1500 ml por 50","description":"Envase microondable 1500 ml de pl\u00e1stico PP con tapa inyectada por 50. Ideal para platos completos para llevar, resistente y apto para microondas.","robots":{"index":"index","follow":"follow","max-snippet":"max-snippet:-1","max-image-preview":"max-image-preview:large","max-video-preview":"max-video-preview:-1"},"canonical":"https:\/\/www.csj-emballages.com\/es\/produit\/envase-microondable-tapa-inyectada-plastico-pp-1500-ml-por-50\/","og_locale":"es_ES","og_type":"article","og_title":"Envase microondable + tapa inyectada pl\u00e1stico PP 1500 ml por 50","og_description":"Envase microondable 1500 ml de pl\u00e1stico PP con tapa inyectada por 50. Ideal para platos completos para llevar, resistente y apto para microondas.","og_url":"https:\/\/www.csj-emballages.com\/es\/produit\/envase-microondable-tapa-inyectada-plastico-pp-1500-ml-por-50\/","og_site_name":"CSJ Emballages","article_publisher":"https:\/\/www.facebook.com\/csjemballages","article_modified_time":"2026-04-17T00:14:05+00:00","og_image":[{"width":800,"height":800,"url":"https:\/\/www.csj-emballages.com\/wp-content\/uploads\/2026\/03\/INJ1500.webp","type":"image\/webp"}],"twitter_card":"summary_large_image","twitter_misc":{"Tiempo de lectura":"2 minutos"},"schema":{"@context":"https:\/\/schema.org","@graph":[{"@type":"WebPage","@id":"https:\/\/www.csj-emballages.com\/es\/produit\/envase-microondable-tapa-inyectada-plastico-pp-1500-ml-por-50\/","url":"https:\/\/www.csj-emballages.com\/es\/produit\/envase-microondable-tapa-inyectada-plastico-pp-1500-ml-por-50\/","name":"Envase Microondable + Tapa Pl\u00e1stico PP 1500 ml por 50","isPartOf":{"@id":"https:\/\/www.csj-emballages.com\/es\/#website"},"primaryImageOfPage":{"@id":"https:\/\/www.csj-emballages.com\/es\/produit\/envase-microondable-tapa-inyectada-plastico-pp-1500-ml-por-50\/#primaryimage"},"image":{"@id":"https:\/\/www.csj-emballages.com\/es\/produit\/envase-microondable-tapa-inyectada-plastico-pp-1500-ml-por-50\/#primaryimage"},"thumbnailUrl":"https:\/\/www.csj-emballages.com\/wp-content\/uploads\/2026\/03\/INJ1500.webp","datePublished":"2026-03-02T13:18:18+00:00","dateModified":"2026-04-17T00:14:05+00:00","description":"Envase microondable 1500 ml de pl\u00e1stico PP con tapa inyectada por 50. Ideal para platos completos para llevar, resistente y apto para microondas.","breadcrumb":{"@id":"https:\/\/www.csj-emballages.com\/es\/produit\/envase-microondable-tapa-inyectada-plastico-pp-1500-ml-por-50\/#breadcrumb"},"inLanguage":"es","potentialAction":[{"@type":"ReadAction","target":["https:\/\/www.csj-emballages.com\/es\/produit\/envase-microondable-tapa-inyectada-plastico-pp-1500-ml-por-50\/"]}]},{"@type":"ImageObject","inLanguage":"es","@id":"https:\/\/www.csj-emballages.com\/es\/produit\/envase-microondable-tapa-inyectada-plastico-pp-1500-ml-por-50\/#primaryimage","url":"https:\/\/www.csj-emballages.com\/wp-content\/uploads\/2026\/03\/INJ1500.webp","contentUrl":"https:\/\/www.csj-emballages.com\/wp-content\/uploads\/2026\/03\/INJ1500.webp","width":800,"height":800,"caption":"Boite micro-ondable"},{"@type":"BreadcrumbList","@id":"https:\/\/www.csj-emballages.com\/es\/produit\/envase-microondable-tapa-inyectada-plastico-pp-1500-ml-por-50\/#breadcrumb","itemListElement":[{"@type":"ListItem","position":1,"name":"Accueil","item":"https:\/\/www.csj-emballages.com\/es\/universo-del-envasado-alimentario\/"},{"@type":"ListItem","position":2,"name":"Tienda","item":"https:\/\/www.csj-emballages.com\/tienda\/"},{"@type":"ListItem","position":3,"name":"Envase microondable + tapa inyectada pl\u00e1stico PP 1500 ml por 50"}]},{"@type":"WebSite","@id":"https:\/\/www.csj-emballages.com\/es\/#website","url":"https:\/\/www.csj-emballages.com\/es\/","name":"CSJ Emballages","description":"","publisher":{"@id":"https:\/\/www.csj-emballages.com\/es\/#organization"},"potentialAction":[{"@type":"SearchAction","target":{"@type":"EntryPoint","urlTemplate":"https:\/\/www.csj-emballages.com\/es\/?s={search_term_string}"},"query-input":{"@type":"PropertyValueSpecification","valueRequired":true,"valueName":"search_term_string"}}],"inLanguage":"es"},{"@type":"Organization","@id":"https:\/\/www.csj-emballages.com\/es\/#Organization\/","name":"CSJ Emballages","url":"https:\/\/www.csj-emballages.com\/es\/","logo":{"@type":"ImageObject","inLanguage":"es","@id":"https:\/\/www.csj-emballages.com\/es\/#\/schema\/logo\/image\/","url":"https:\/\/www.csj-emballages.com\/wp-content\/uploads\/2023\/10\/logo_csj.webp","contentUrl":"https:\/\/www.csj-emballages.com\/wp-content\/uploads\/2023\/10\/logo_csj.webp","width":250,"height":95,"caption":"CSJ Emballages"},"image":{"@id":"https:\/\/www.csj-emballages.com\/es\/#\/schema\/logo\/image\/"},"sameAs":["https:\/\/www.facebook.com\/csjemballages"],"address":{"@type":"PostalAddress","streetAddress":"ZI La Lechere","addressLocality":"Patornay","postalCode":"39130","addressCountry":"FR"},"contactPoint":[{"@type":"ContactPoint","contactType":"Service client","telephone":"0384254272","email":"contact@csj-emballages.com"}]}]}},"df_price":14.94,"df_sale_price":"","df_regular_price":14.94,"df_image_link":"https:\/\/www.csj-emballages.com\/wp-content\/uploads\/2026\/03\/INJ1500-300x300.webp","tiered_pricing_type":"fixed","tiered_pricing_fixed_rules":[],"tiered_pricing_percentage_rules":[],"tiered_pricing_minimum":1,"tiered_pricing_roles_data":[],"_links":{"self":[{"href":"https:\/\/www.csj-emballages.com\/es\/wp-json\/wp\/v2\/product\/273394","targetHints":{"allow":["GET"]}}],"collection":[{"href":"https:\/\/www.csj-emballages.com\/es\/wp-json\/wp\/v2\/product"}],"about":[{"href":"https:\/\/www.csj-emballages.com\/es\/wp-json\/wp\/v2\/types\/product"}],"wp:featuredmedia":[{"embeddable":true,"href":"https:\/\/www.csj-emballages.com\/es\/wp-json\/wp\/v2\/media\/273393"}],"wp:attachment":[{"href":"https:\/\/www.csj-emballages.com\/es\/wp-json\/wp\/v2\/media?parent=273394"}],"wp:term":[{"taxonomy":"product_brand","embeddable":true,"href":"https:\/\/www.csj-emballages.com\/es\/wp-json\/wp\/v2\/product_brand?post=273394"},{"taxonomy":"product_cat","embeddable":true,"href":"https:\/\/www.csj-emballages.com\/es\/wp-json\/wp\/v2\/product_cat?post=273394"},{"taxonomy":"product_tag","embeddable":true,"href":"https:\/\/www.csj-emballages.com\/es\/wp-json\/wp\/v2\/product_tag?post=273394"}],"curies":[{"name":"wp","href":"https:\/\/api.w.org\/{rel}","templated":true}]}}