{"id":273207,"date":"2026-03-02T14:18:25","date_gmt":"2026-03-02T13:18:25","guid":{"rendered":"https:\/\/www.csj-emballages.com\/produit\/caja-menu-tapa-marmibox-negra-plastico-1250-ml-por-25\/"},"modified":"2026-04-27T11:02:01","modified_gmt":"2026-04-27T09:02:01","slug":"caja-menu-tapa-marmibox-negra-plastico-1250-ml-por-25","status":"publish","type":"product","link":"https:\/\/www.csj-emballages.com\/es\/produit\/caja-menu-tapa-marmibox-negra-plastico-1250-ml-por-25\/","title":{"rendered":"Caja men\u00fa + tapa MARMI&#8217;BOX negra pl\u00e1stico 1250 ml por 25"},"content":{"rendered":"<div class=\"flex flex-grow flex-col max-w-full\">\n<div class=\"min-h-[20px] text-message flex flex-col items-start whitespace-pre-wrap break-words [.text-message+&amp;]:mt-5 juice:w-full juice:items-end overflow-x-auto gap-2\" dir=\"auto\" data-message-author-role=\"assistant\" data-message-id=\"2034782e-88f9-44ef-b4dc-07dd7bf0115f\">\n<div class=\"flex w-full flex-col gap-1 juice:empty:hidden juice:first:pt-[3px]\">\n<div class=\"markdown prose w-full break-words dark:prose-invert light\">\n<div style=\"font-family: Roboto, sans-serif;\">\n<div style=\"font-family: Roboto, sans-serif;\">\n<div style=\"font-family: Roboto, sans-serif;\">\n<div style=\"font-family: Roboto, sans-serif;\">\n<div style=\"font-family: Roboto, sans-serif;\">\n<div style=\"font-family: Roboto, sans-serif;\">\n<h2 class=\"p1\">Caja de comida<\/h2>\n<div style=\"font-family: Roboto, sans-serif;\">\n<div style=\"font-family: Roboto, sans-serif;\">\n<div style=\"font-family: Roboto, sans-serif;\">\n<div style=\"text-align: center;\">\n<div style=\"font-family: Roboto, sans-serif;\">\n<div style=\"font-family: Roboto, sans-serif;\">\n<div style=\"font-family: Roboto, sans-serif;\">\n<div style=\"font-family: Roboto, sans-serif;\">\n<div style=\"font-family: Roboto, sans-serif;\">\n<div style=\"font-family: Roboto, sans-serif; text-align: left;\">\n<hr>\n<h3 style=\"text-align: left;\">Descripci\u00f3n de nuestra caja men\u00fa + tapa MARMI&#8217;BOX negra pl\u00e1stico 1250 ml por 25<\/h3>\n<h3 style=\"text-align: left;\"><!--more--><\/h3>\n<p data-start=\"194\" data-end=\"503\">La <strong>caja men\u00fa MARMI\u2019BOX negra 1250 ml con tapa<\/strong> es una soluci\u00f3n pr\u00e1ctica y elegante para el envasado y transporte de platos preparados. Dise\u00f1ada para profesionales de la restauraci\u00f3n, catering y comida para llevar, permite presentar y transportar las comidas con total seguridad. <\/p>\n<p data-start=\"505\" data-end=\"792\">Con su <strong>capacidad de 1250 ml<\/strong>, es perfecta para <strong>raciones individuales<\/strong>: <strong>platos preparados, guarniciones, ensaladas, pasta, arroz, verduras o preparaciones de catering<\/strong>. Su <strong>dise\u00f1o en negro<\/strong> aporta un toque moderno y realza las preparaciones destacando su aspecto apetitoso. <\/p>\n<p data-start=\"794\" data-end=\"1099\">Fabricada en pl\u00e1stico resistente, esta <strong>caja<\/strong> asegura una buena estabilidad durante el transporte. Su <strong>tapa transparente<\/strong> permite visualizar r\u00e1pidamente el contenido protegiendo eficazmente los alimentos. El conjunto ofrece un cierre pr\u00e1ctico que limita el riesgo de apertura durante su manipulaci\u00f3n.  <\/p>\n<p data-start=\"1101\" data-end=\"1419\">Ideal para comida para llevar, <strong>click &amp; collect<\/strong> o restauraci\u00f3n r\u00e1pida, la <strong>MARMI\u2019BOX<\/strong> combina practicidad, robustez y una presentaci\u00f3n cuidada. Disponible en <strong>packs de 25 unidades<\/strong>, esta <strong>caja men\u00fa<\/strong> responde perfectamente a las necesidades de los profesionales que desean ofrecer comida para llevar en un envase fiable y est\u00e9tico. <\/p>\n<p data-start=\"1101\" data-end=\"1419\">\n<\/div>\n<\/div>\n<\/div>\n<\/div>\n<\/div>\n<\/div>\n<\/div>\n<\/div>\n<\/div>\n<\/div>\n<\/div>\n<\/div>\n<\/div>\n<\/div>\n<\/div>\n<\/div>\n<\/div>\n<\/div>\n<\/div>\n<\/div>\n<div class=\"flex flex-grow flex-col max-w-full\">\n<div class=\"min-h-[20px] text-message flex flex-col items-start whitespace-pre-wrap break-words [.text-message+&amp;]:mt-5 juice:w-full juice:items-end overflow-x-auto gap-2\" dir=\"auto\" data-message-author-role=\"assistant\" data-message-id=\"2034782e-88f9-44ef-b4dc-07dd7bf0115f\">\n<div class=\"flex w-full flex-col gap-1 juice:empty:hidden juice:first:pt-[3px]\">\n<div class=\"markdown prose w-full break-words dark:prose-invert light\">\n<div style=\"font-family: Roboto, sans-serif;\">\n<div style=\"font-family: Roboto, sans-serif;\">\n<div style=\"font-family: Roboto, sans-serif;\">\n<div style=\"font-family: Roboto, sans-serif;\">\n<div style=\"font-family: Roboto, sans-serif;\">\n<div style=\"font-family: Roboto, sans-serif;\">\n<p><!--more--><\/p>\n<h4 style=\"text-align: left;\"><strong>Ventajas :<\/strong><\/h4>\n<ul>\n<li data-start=\"1456\" data-end=\"1510\"><strong>Capacidad 1250 ml<\/strong> adaptada a raciones individuales.<\/li>\n<li data-start=\"1513\" data-end=\"1556\"><strong>Elegante caja negra<\/strong> que realza los platos.<\/li>\n<li data-start=\"1559\" data-end=\"1608\">Tapa transparente para una buena visibilidad.<\/li>\n<li data-start=\"1611\" data-end=\"1649\">Cierre pr\u00e1ctico para el transporte.<\/li>\n<li data-start=\"1745\" data-end=\"1793\">Apta para comida para llevar y catering.<\/li>\n<li data-start=\"1796\" data-end=\"1836\">Formato pr\u00e1ctico de <strong>25 unidades<\/strong>.<\/li>\n<\/ul>\n<\/div>\n<\/div>\n<p>&nbsp;<\/p>\n<\/div>\n<\/div>\n<\/div>\n<\/div>\n<\/div>\n<\/div>\n<\/div>\n<\/div>\n<p><!--more--><\/p>\n<h4>Informaci\u00f3n adicional :<\/h4>\n<ul>\n<li><strong>Formato<\/strong>: Caja de 25<\/li>\n<li><strong>Dimensiones<\/strong>: 226 x 154 (L x an en mm)<\/li>\n<li><strong>Altura<\/strong>: 92 mm<\/li>\n<li><strong>Volumen<\/strong>: 1250 ml<\/li>\n<li><strong>Material<\/strong>: PP<\/li>\n<li><strong>Color<\/strong>: Negro \/ transparente<\/li>\n<li><strong>Temperatura de funcionamiento<\/strong>: -20\u00b0C \/ +120\u00b0C<\/li>\n<\/ul>\n<p>&nbsp;<\/p>\n<p><!--more--><\/p>\n<p class=\"woocommerce-loop-product__title\">Esta caja men\u00fa MARMI&#8217;BOX est\u00e1 disponible en diferentes tama\u00f1os: <span style=\"color: #d12727;\"><a style=\"color: #d12727;\" href=\"https:\/\/www.csj-emballages.com\/es\/produit\/caja-menu-tapa-marmibox-plastico-negro-600-ml-pack-de-25\/\">600 ml<\/a><\/span> \/ <span style=\"color: #d12727;\"><a style=\"color: #d12727;\" href=\"https:\/\/www.csj-emballages.com\/es\/produit\/tarrina-con-tapa-marmibox-negra-de-plastico-750-ml-pack-de-25\/\">750 ml<\/a><\/span> \/ <span style=\"color: #d12727;\"><a style=\"color: #d12727;\" href=\"https:\/\/www.csj-emballages.com\/es\/produit\/caja-menu-tapa-marmibox-negra-de-plastico-950-ml-pack-de-25\/\">950 ml<\/a><\/span><\/p>\n<p>&nbsp;<\/p>\n<p style=\"text-align: left;\"><!--more--><\/p>\n<p><a href=\"\/?product_cat=barquettes-micro-ondes-marmipack\">Consulte el resto de nuestra gama de bandejas MARMI&#8217;BOX<\/a><\/p>\n","protected":false},"excerpt":{"rendered":"<p>Caja de comida Descripci\u00f3n de nuestra caja men\u00fa + tapa MARMI&#8217;BOX negra pl\u00e1stico 1250 ml por 25<\/p>\n","protected":false},"featured_media":273181,"template":"","meta":{"_acf_changed":false},"product_brand":[],"product_cat":[1150,1143,2296,1491,10070],"product_tag":[],"class_list":{"0":"post-273207","1":"product","2":"type-product","3":"status-publish","4":"has-post-thumbnail","6":"product_cat-envasado-de-alimentos","7":"product_cat-carniceria-y-charcuteria","8":"product_cat-bandejas-latas-y-tarros","9":"product_cat-bandejas-latas-tarros-de-comida","10":"product_cat-bandejas-para-microondas-marmipack","12":"first","13":"instock","14":"taxable","15":"shipping-taxable","16":"purchasable","17":"product-type-simple"},"acf":[],"yoast_head":"<!-- This site is optimized with the Yoast SEO Premium plugin v26.6 (Yoast SEO v26.6) - https:\/\/yoast.com\/wordpress\/plugins\/seo\/ -->\n<title>Caja Men\u00fa + Tapa MARMI&#039;BOX Negra 1250 ml por 25<\/title>\n<meta name=\"description\" content=\"Caja men\u00fa MARMI\u2019BOX negra 1250 ml con tapa por 25. Ideal para platos para llevar, ensaladas y comidas de catering. Embalaje pr\u00e1ctico y resistente.\" \/>\n<meta name=\"robots\" content=\"index, follow, max-snippet:-1, max-image-preview:large, max-video-preview:-1\" \/>\n<link rel=\"canonical\" href=\"https:\/\/www.csj-emballages.com\/es\/produit\/caja-menu-tapa-marmibox-negra-plastico-1250-ml-por-25\/\" \/>\n<meta property=\"og:locale\" content=\"es_ES\" \/>\n<meta property=\"og:type\" content=\"article\" \/>\n<meta property=\"og:title\" content=\"Caja men\u00fa + tapa MARMI&#039;BOX negra pl\u00e1stico 1250 ml por 25\" \/>\n<meta property=\"og:description\" content=\"Caja men\u00fa MARMI\u2019BOX negra 1250 ml con tapa por 25. Ideal para platos para llevar, ensaladas y comidas de catering. Embalaje pr\u00e1ctico y resistente.\" \/>\n<meta property=\"og:url\" content=\"https:\/\/www.csj-emballages.com\/es\/produit\/caja-menu-tapa-marmibox-negra-plastico-1250-ml-por-25\/\" \/>\n<meta property=\"og:site_name\" content=\"CSJ Emballages\" \/>\n<meta property=\"article:publisher\" content=\"https:\/\/www.facebook.com\/csjemballages\" \/>\n<meta property=\"article:modified_time\" content=\"2026-04-27T09:02:01+00:00\" \/>\n<meta property=\"og:image\" content=\"https:\/\/www.csj-emballages.com\/wp-content\/uploads\/2026\/03\/MAB600.webp\" \/>\n\t<meta property=\"og:image:width\" content=\"800\" \/>\n\t<meta property=\"og:image:height\" content=\"800\" \/>\n\t<meta property=\"og:image:type\" content=\"image\/webp\" \/>\n<meta name=\"twitter:card\" content=\"summary_large_image\" \/>\n<meta name=\"twitter:label1\" content=\"Tiempo de lectura\" \/>\n\t<meta name=\"twitter:data1\" content=\"1 minuto\" \/>\n<script type=\"application\/ld+json\" class=\"yoast-schema-graph\">{\"@context\":\"https:\/\/schema.org\",\"@graph\":[{\"@type\":\"WebPage\",\"@id\":\"https:\/\/www.csj-emballages.com\/es\/produit\/caja-menu-tapa-marmibox-negra-plastico-1250-ml-por-25\/\",\"url\":\"https:\/\/www.csj-emballages.com\/es\/produit\/caja-menu-tapa-marmibox-negra-plastico-1250-ml-por-25\/\",\"name\":\"Caja Men\u00fa + Tapa MARMI'BOX Negra 1250 ml por 25\",\"isPartOf\":{\"@id\":\"https:\/\/www.csj-emballages.com\/es\/#website\"},\"primaryImageOfPage\":{\"@id\":\"https:\/\/www.csj-emballages.com\/es\/produit\/caja-menu-tapa-marmibox-negra-plastico-1250-ml-por-25\/#primaryimage\"},\"image\":{\"@id\":\"https:\/\/www.csj-emballages.com\/es\/produit\/caja-menu-tapa-marmibox-negra-plastico-1250-ml-por-25\/#primaryimage\"},\"thumbnailUrl\":\"https:\/\/www.csj-emballages.com\/wp-content\/uploads\/2026\/03\/MAB600.webp\",\"datePublished\":\"2026-03-02T13:18:25+00:00\",\"dateModified\":\"2026-04-27T09:02:01+00:00\",\"description\":\"Caja men\u00fa MARMI\u2019BOX negra 1250 ml con tapa por 25. Ideal para platos para llevar, ensaladas y comidas de catering. Embalaje pr\u00e1ctico y resistente.\",\"breadcrumb\":{\"@id\":\"https:\/\/www.csj-emballages.com\/es\/produit\/caja-menu-tapa-marmibox-negra-plastico-1250-ml-por-25\/#breadcrumb\"},\"inLanguage\":\"es\",\"potentialAction\":[{\"@type\":\"ReadAction\",\"target\":[\"https:\/\/www.csj-emballages.com\/es\/produit\/caja-menu-tapa-marmibox-negra-plastico-1250-ml-por-25\/\"]}]},{\"@type\":\"ImageObject\",\"inLanguage\":\"es\",\"@id\":\"https:\/\/www.csj-emballages.com\/es\/produit\/caja-menu-tapa-marmibox-negra-plastico-1250-ml-por-25\/#primaryimage\",\"url\":\"https:\/\/www.csj-emballages.com\/wp-content\/uploads\/2026\/03\/MAB600.webp\",\"contentUrl\":\"https:\/\/www.csj-emballages.com\/wp-content\/uploads\/2026\/03\/MAB600.webp\",\"width\":800,\"height\":800,\"caption\":\"Boite repas\"},{\"@type\":\"BreadcrumbList\",\"@id\":\"https:\/\/www.csj-emballages.com\/es\/produit\/caja-menu-tapa-marmibox-negra-plastico-1250-ml-por-25\/#breadcrumb\",\"itemListElement\":[{\"@type\":\"ListItem\",\"position\":1,\"name\":\"Accueil\",\"item\":\"https:\/\/www.csj-emballages.com\/es\/universo-del-envasado-alimentario\/\"},{\"@type\":\"ListItem\",\"position\":2,\"name\":\"Tienda\",\"item\":\"https:\/\/www.csj-emballages.com\/tienda\/\"},{\"@type\":\"ListItem\",\"position\":3,\"name\":\"Caja men\u00fa + tapa MARMI&rsquo;BOX negra pl\u00e1stico 1250 ml por 25\"}]},{\"@type\":\"WebSite\",\"@id\":\"https:\/\/www.csj-emballages.com\/es\/#website\",\"url\":\"https:\/\/www.csj-emballages.com\/es\/\",\"name\":\"CSJ Emballages\",\"description\":\"\",\"publisher\":{\"@id\":\"https:\/\/www.csj-emballages.com\/es\/#organization\"},\"potentialAction\":[{\"@type\":\"SearchAction\",\"target\":{\"@type\":\"EntryPoint\",\"urlTemplate\":\"https:\/\/www.csj-emballages.com\/es\/?s={search_term_string}\"},\"query-input\":{\"@type\":\"PropertyValueSpecification\",\"valueRequired\":true,\"valueName\":\"search_term_string\"}}],\"inLanguage\":\"es\"},{\"@type\":\"Organization\",\"@id\":\"https:\/\/www.csj-emballages.com\/es\/#Organization\/\",\"name\":\"CSJ Emballages\",\"url\":\"https:\/\/www.csj-emballages.com\/es\/\",\"logo\":{\"@type\":\"ImageObject\",\"inLanguage\":\"es\",\"@id\":\"https:\/\/www.csj-emballages.com\/es\/#\/schema\/logo\/image\/\",\"url\":\"https:\/\/www.csj-emballages.com\/wp-content\/uploads\/2023\/10\/logo_csj.webp\",\"contentUrl\":\"https:\/\/www.csj-emballages.com\/wp-content\/uploads\/2023\/10\/logo_csj.webp\",\"width\":250,\"height\":95,\"caption\":\"CSJ Emballages\"},\"image\":{\"@id\":\"https:\/\/www.csj-emballages.com\/es\/#\/schema\/logo\/image\/\"},\"sameAs\":[\"https:\/\/www.facebook.com\/csjemballages\"],\"address\":{\"@type\":\"PostalAddress\",\"streetAddress\":\"ZI La Lechere\",\"addressLocality\":\"Patornay\",\"postalCode\":\"39130\",\"addressCountry\":\"FR\"},\"contactPoint\":[{\"@type\":\"ContactPoint\",\"contactType\":\"Service client\",\"telephone\":\"0384254272\",\"email\":\"contact@csj-emballages.com\"}]}]}<\/script>\n<!-- \/ Yoast SEO Premium plugin. -->","yoast_head_json":{"title":"Caja Men\u00fa + Tapa MARMI'BOX Negra 1250 ml por 25","description":"Caja men\u00fa MARMI\u2019BOX negra 1250 ml con tapa por 25. Ideal para platos para llevar, ensaladas y comidas de catering. Embalaje pr\u00e1ctico y resistente.","robots":{"index":"index","follow":"follow","max-snippet":"max-snippet:-1","max-image-preview":"max-image-preview:large","max-video-preview":"max-video-preview:-1"},"canonical":"https:\/\/www.csj-emballages.com\/es\/produit\/caja-menu-tapa-marmibox-negra-plastico-1250-ml-por-25\/","og_locale":"es_ES","og_type":"article","og_title":"Caja men\u00fa + tapa MARMI'BOX negra pl\u00e1stico 1250 ml por 25","og_description":"Caja men\u00fa MARMI\u2019BOX negra 1250 ml con tapa por 25. Ideal para platos para llevar, ensaladas y comidas de catering. Embalaje pr\u00e1ctico y resistente.","og_url":"https:\/\/www.csj-emballages.com\/es\/produit\/caja-menu-tapa-marmibox-negra-plastico-1250-ml-por-25\/","og_site_name":"CSJ Emballages","article_publisher":"https:\/\/www.facebook.com\/csjemballages","article_modified_time":"2026-04-27T09:02:01+00:00","og_image":[{"width":800,"height":800,"url":"https:\/\/www.csj-emballages.com\/wp-content\/uploads\/2026\/03\/MAB600.webp","type":"image\/webp"}],"twitter_card":"summary_large_image","twitter_misc":{"Tiempo de lectura":"1 minuto"},"schema":{"@context":"https:\/\/schema.org","@graph":[{"@type":"WebPage","@id":"https:\/\/www.csj-emballages.com\/es\/produit\/caja-menu-tapa-marmibox-negra-plastico-1250-ml-por-25\/","url":"https:\/\/www.csj-emballages.com\/es\/produit\/caja-menu-tapa-marmibox-negra-plastico-1250-ml-por-25\/","name":"Caja Men\u00fa + Tapa MARMI'BOX Negra 1250 ml por 25","isPartOf":{"@id":"https:\/\/www.csj-emballages.com\/es\/#website"},"primaryImageOfPage":{"@id":"https:\/\/www.csj-emballages.com\/es\/produit\/caja-menu-tapa-marmibox-negra-plastico-1250-ml-por-25\/#primaryimage"},"image":{"@id":"https:\/\/www.csj-emballages.com\/es\/produit\/caja-menu-tapa-marmibox-negra-plastico-1250-ml-por-25\/#primaryimage"},"thumbnailUrl":"https:\/\/www.csj-emballages.com\/wp-content\/uploads\/2026\/03\/MAB600.webp","datePublished":"2026-03-02T13:18:25+00:00","dateModified":"2026-04-27T09:02:01+00:00","description":"Caja men\u00fa MARMI\u2019BOX negra 1250 ml con tapa por 25. Ideal para platos para llevar, ensaladas y comidas de catering. Embalaje pr\u00e1ctico y resistente.","breadcrumb":{"@id":"https:\/\/www.csj-emballages.com\/es\/produit\/caja-menu-tapa-marmibox-negra-plastico-1250-ml-por-25\/#breadcrumb"},"inLanguage":"es","potentialAction":[{"@type":"ReadAction","target":["https:\/\/www.csj-emballages.com\/es\/produit\/caja-menu-tapa-marmibox-negra-plastico-1250-ml-por-25\/"]}]},{"@type":"ImageObject","inLanguage":"es","@id":"https:\/\/www.csj-emballages.com\/es\/produit\/caja-menu-tapa-marmibox-negra-plastico-1250-ml-por-25\/#primaryimage","url":"https:\/\/www.csj-emballages.com\/wp-content\/uploads\/2026\/03\/MAB600.webp","contentUrl":"https:\/\/www.csj-emballages.com\/wp-content\/uploads\/2026\/03\/MAB600.webp","width":800,"height":800,"caption":"Boite repas"},{"@type":"BreadcrumbList","@id":"https:\/\/www.csj-emballages.com\/es\/produit\/caja-menu-tapa-marmibox-negra-plastico-1250-ml-por-25\/#breadcrumb","itemListElement":[{"@type":"ListItem","position":1,"name":"Accueil","item":"https:\/\/www.csj-emballages.com\/es\/universo-del-envasado-alimentario\/"},{"@type":"ListItem","position":2,"name":"Tienda","item":"https:\/\/www.csj-emballages.com\/tienda\/"},{"@type":"ListItem","position":3,"name":"Caja men\u00fa + tapa MARMI&rsquo;BOX negra pl\u00e1stico 1250 ml por 25"}]},{"@type":"WebSite","@id":"https:\/\/www.csj-emballages.com\/es\/#website","url":"https:\/\/www.csj-emballages.com\/es\/","name":"CSJ Emballages","description":"","publisher":{"@id":"https:\/\/www.csj-emballages.com\/es\/#organization"},"potentialAction":[{"@type":"SearchAction","target":{"@type":"EntryPoint","urlTemplate":"https:\/\/www.csj-emballages.com\/es\/?s={search_term_string}"},"query-input":{"@type":"PropertyValueSpecification","valueRequired":true,"valueName":"search_term_string"}}],"inLanguage":"es"},{"@type":"Organization","@id":"https:\/\/www.csj-emballages.com\/es\/#Organization\/","name":"CSJ Emballages","url":"https:\/\/www.csj-emballages.com\/es\/","logo":{"@type":"ImageObject","inLanguage":"es","@id":"https:\/\/www.csj-emballages.com\/es\/#\/schema\/logo\/image\/","url":"https:\/\/www.csj-emballages.com\/wp-content\/uploads\/2023\/10\/logo_csj.webp","contentUrl":"https:\/\/www.csj-emballages.com\/wp-content\/uploads\/2023\/10\/logo_csj.webp","width":250,"height":95,"caption":"CSJ Emballages"},"image":{"@id":"https:\/\/www.csj-emballages.com\/es\/#\/schema\/logo\/image\/"},"sameAs":["https:\/\/www.facebook.com\/csjemballages"],"address":{"@type":"PostalAddress","streetAddress":"ZI La Lechere","addressLocality":"Patornay","postalCode":"39130","addressCountry":"FR"},"contactPoint":[{"@type":"ContactPoint","contactType":"Service client","telephone":"0384254272","email":"contact@csj-emballages.com"}]}]}},"df_price":10.72,"df_sale_price":"","df_regular_price":10.72,"df_image_link":"https:\/\/www.csj-emballages.com\/wp-content\/uploads\/2026\/03\/MAB600-300x300.webp","tiered_pricing_type":"fixed","tiered_pricing_fixed_rules":[],"tiered_pricing_percentage_rules":[],"tiered_pricing_minimum":1,"tiered_pricing_roles_data":[],"_links":{"self":[{"href":"https:\/\/www.csj-emballages.com\/es\/wp-json\/wp\/v2\/product\/273207","targetHints":{"allow":["GET"]}}],"collection":[{"href":"https:\/\/www.csj-emballages.com\/es\/wp-json\/wp\/v2\/product"}],"about":[{"href":"https:\/\/www.csj-emballages.com\/es\/wp-json\/wp\/v2\/types\/product"}],"wp:featuredmedia":[{"embeddable":true,"href":"https:\/\/www.csj-emballages.com\/es\/wp-json\/wp\/v2\/media\/273181"}],"wp:attachment":[{"href":"https:\/\/www.csj-emballages.com\/es\/wp-json\/wp\/v2\/media?parent=273207"}],"wp:term":[{"taxonomy":"product_brand","embeddable":true,"href":"https:\/\/www.csj-emballages.com\/es\/wp-json\/wp\/v2\/product_brand?post=273207"},{"taxonomy":"product_cat","embeddable":true,"href":"https:\/\/www.csj-emballages.com\/es\/wp-json\/wp\/v2\/product_cat?post=273207"},{"taxonomy":"product_tag","embeddable":true,"href":"https:\/\/www.csj-emballages.com\/es\/wp-json\/wp\/v2\/product_tag?post=273207"}],"curies":[{"name":"wp","href":"https:\/\/api.w.org\/{rel}","templated":true}]}}