{"id":265515,"date":"2026-02-19T15:18:18","date_gmt":"2026-02-19T14:18:18","guid":{"rendered":"https:\/\/www.csj-emballages.com\/produit\/ramequin-de-aluminio-redondo-100-ml-pack-de-100\/"},"modified":"2026-04-01T17:49:46","modified_gmt":"2026-04-01T15:49:46","slug":"ramequin-de-aluminio-redondo-100-ml-pack-de-100","status":"publish","type":"product","link":"https:\/\/www.csj-emballages.com\/es\/produit\/ramequin-de-aluminio-redondo-100-ml-pack-de-100\/","title":{"rendered":"Molde de aluminio redondo 84 ml por 100"},"content":{"rendered":"<h2>Montante de aluminio<\/h2>\n<hr>\n<h3>Descubra nuestro molde de aluminio redondo 84 ml por 100<\/h3>\n<p><!--more--><\/p>\n<p data-start=\"168\" data-end=\"469\">El <strong>molde de aluminio redondo 84 ml<\/strong> es una soluci\u00f3n pr\u00e1ctica y polivalente para la cocci\u00f3n, la preparaci\u00f3n y la presentaci\u00f3n de porciones individuales. Gracias a su formato compacto, es perfecto para <strong>salsas, cremas, flanes, sufl\u00e9s, guarniciones o peque\u00f1as preparaciones saladas y dulces<\/strong>. <\/p>\n<p data-start=\"471\" data-end=\"735\">Fabricado en <strong>aluminio<\/strong>, resiste al calor y garantiza una excelente conducci\u00f3n t\u00e9rmica para una cocci\u00f3n homog\u00e9nea. Puede <strong>meterse al horno y tambi\u00e9n soporta el fr\u00edo<\/strong>, lo que lo hace ideal para elaboraciones que requieran conservaci\u00f3n en frigor\u00edfico. <\/p>\n<p data-start=\"737\" data-end=\"922\">Su <strong>estructura r\u00edgida<\/strong> garantiza una buena resistencia durante la manipulaci\u00f3n y el transporte. Ligero y pr\u00e1ctico, permite un servicio r\u00e1pido en restauraci\u00f3n, catering o comida para llevar. <\/p>\n<p data-start=\"924\" data-end=\"1090\">Presentado en <strong>lotes de 100 unidades<\/strong>, este <strong>ramequ\u00edn<\/strong> responde perfectamente a las necesidades de los profesionales que buscan un envase fiable, econ\u00f3mico y f\u00e1cil de usar.<\/p>\n<p data-start=\"1023\" data-end=\"1253\"><!--more--><\/p>\n<h4 data-start=\"1023\" data-end=\"1253\">Ventajas :<\/h4>\n<ul>\n<li data-start=\"1129\" data-end=\"1183\"><strong>Capacidad 84 ml<\/strong> adaptada a las porciones individuales.<\/li>\n<li data-start=\"1186\" data-end=\"1220\"><strong>Aluminio<\/strong> resistente al calor.<\/li>\n<li data-start=\"1223\" data-end=\"1241\">Cocci\u00f3n homog\u00e9nea.<\/li>\n<li data-start=\"1319\" data-end=\"1374\">Ideal para salsas, flanes, postres o guarniciones.<\/li>\n<li data-start=\"1377\" data-end=\"1416\">Acondicionamiento profesional por <strong>100<\/strong>.<\/li>\n<\/ul>\n<p>&nbsp;<\/p>\n<p><!--more--><\/p>\n<h4>Informaci\u00f3n adicional :<\/h4>\n<ul>\n<li><strong>Embalaje<\/strong>: Paquete de 100<\/li>\n<li><strong>Di\u00e1metro exterior<\/strong>: 81 mm<\/li>\n<li><strong>Di\u00e1metro superior<\/strong>: 70 mm<\/li>\n<li><strong>Di\u00e1metro inferior<\/strong>: 64 mm<\/li>\n<li><strong>Altura<\/strong>: 26 mm<\/li>\n<li><strong>Volumen<\/strong>: 84 ml<\/li>\n<li><strong>Color<\/strong>: plata<\/li>\n<li><strong>Material<\/strong>: Aluminio<\/li>\n<\/ul>\n<p>&nbsp;<\/p>\n<p><!--more--><\/p>\n<p>Este ramequ\u00edn de aluminio de 84 ml tambi\u00e9n est\u00e1 disponible en 251 ml: <span style=\"color: #d12727;\"><a style=\"color: #d12727;\" href=\"https:\/\/www.csj-emballages.com\/es\/produit\/100-recipientes-redondos-desechables-de-aluminio-de-251-ml\/\">RA251<\/a><\/span><\/p>\n<p>&nbsp;<\/p>\n<p><!--more--><\/p>\n<p><a href=\"https:\/\/www.csj-emballages.com\/es\/categorie-produit\/envasado-de-alimentos\/carniceria-y-charcuteria\/bandejas-latas-y-tarros\/bandejas-platos-moldes-bandejas-de-comida-tazas-ramequines-pasteles-de-carne-de-aluminio\/ramequines\/\">Consulte el resto de nuestra gama de moldes de aluminio<\/a><\/p>\n","protected":false},"excerpt":{"rendered":"<p>Montante de aluminio Descubra nuestro molde de aluminio redondo 84 ml por 100<\/p>\n","protected":false},"featured_media":265473,"template":"","meta":{"_acf_changed":false},"product_brand":[],"product_cat":[1150,1143,2296,2006,3237],"product_tag":[],"class_list":{"0":"post-265515","1":"product","2":"type-product","3":"status-publish","4":"has-post-thumbnail","6":"product_cat-envasado-de-alimentos","7":"product_cat-carniceria-y-charcuteria","8":"product_cat-bandejas-latas-y-tarros","9":"product_cat-bandejas-platos-moldes-bandejas-de-comida-tazas-ramequines-pasteles-de-carne-de-aluminio","10":"product_cat-ramequines","12":"first","13":"instock","14":"taxable","15":"shipping-taxable","16":"purchasable","17":"product-type-simple"},"acf":[],"yoast_head":"<!-- This site is optimized with the Yoast SEO Premium plugin v26.6 (Yoast SEO v26.6) - https:\/\/yoast.com\/wordpress\/plugins\/seo\/ -->\n<title>Molde de Aluminio Redondo 84 ml por 100<\/title>\n<meta name=\"description\" content=\"Molde de aluminio redondo 84 ml por 100. Ideal para porciones individuales, cocci\u00f3n al horno y presentaci\u00f3n cuidada en restauraci\u00f3n y catering.\" \/>\n<meta name=\"robots\" content=\"index, follow, max-snippet:-1, max-image-preview:large, max-video-preview:-1\" \/>\n<link rel=\"canonical\" href=\"https:\/\/www.csj-emballages.com\/es\/produit\/ramequin-de-aluminio-redondo-100-ml-pack-de-100\/\" \/>\n<meta property=\"og:locale\" content=\"es_ES\" \/>\n<meta property=\"og:type\" content=\"article\" \/>\n<meta property=\"og:title\" content=\"Molde de aluminio redondo 84 ml por 100\" \/>\n<meta property=\"og:description\" content=\"Molde de aluminio redondo 84 ml por 100. Ideal para porciones individuales, cocci\u00f3n al horno y presentaci\u00f3n cuidada en restauraci\u00f3n y catering.\" \/>\n<meta property=\"og:url\" content=\"https:\/\/www.csj-emballages.com\/es\/produit\/ramequin-de-aluminio-redondo-100-ml-pack-de-100\/\" \/>\n<meta property=\"og:site_name\" content=\"CSJ Emballages\" \/>\n<meta property=\"article:publisher\" content=\"https:\/\/www.facebook.com\/csjemballages\" \/>\n<meta property=\"article:modified_time\" content=\"2026-04-01T15:49:46+00:00\" \/>\n<meta property=\"og:image\" content=\"https:\/\/www.csj-emballages.com\/wp-content\/uploads\/2026\/02\/RA100.webp\" \/>\n\t<meta property=\"og:image:width\" content=\"800\" \/>\n\t<meta property=\"og:image:height\" content=\"800\" \/>\n\t<meta property=\"og:image:type\" content=\"image\/webp\" \/>\n<meta name=\"twitter:card\" content=\"summary_large_image\" \/>\n<meta name=\"twitter:label1\" content=\"Tiempo de lectura\" \/>\n\t<meta name=\"twitter:data1\" content=\"1 minuto\" \/>\n<script type=\"application\/ld+json\" class=\"yoast-schema-graph\">{\"@context\":\"https:\/\/schema.org\",\"@graph\":[{\"@type\":\"WebPage\",\"@id\":\"https:\/\/www.csj-emballages.com\/es\/produit\/ramequin-de-aluminio-redondo-100-ml-pack-de-100\/\",\"url\":\"https:\/\/www.csj-emballages.com\/es\/produit\/ramequin-de-aluminio-redondo-100-ml-pack-de-100\/\",\"name\":\"Molde de Aluminio Redondo 84 ml por 100\",\"isPartOf\":{\"@id\":\"https:\/\/www.csj-emballages.com\/es\/#website\"},\"primaryImageOfPage\":{\"@id\":\"https:\/\/www.csj-emballages.com\/es\/produit\/ramequin-de-aluminio-redondo-100-ml-pack-de-100\/#primaryimage\"},\"image\":{\"@id\":\"https:\/\/www.csj-emballages.com\/es\/produit\/ramequin-de-aluminio-redondo-100-ml-pack-de-100\/#primaryimage\"},\"thumbnailUrl\":\"https:\/\/www.csj-emballages.com\/wp-content\/uploads\/2026\/02\/RA100.webp\",\"datePublished\":\"2026-02-19T14:18:18+00:00\",\"dateModified\":\"2026-04-01T15:49:46+00:00\",\"description\":\"Molde de aluminio redondo 84 ml por 100. Ideal para porciones individuales, cocci\u00f3n al horno y presentaci\u00f3n cuidada en restauraci\u00f3n y catering.\",\"breadcrumb\":{\"@id\":\"https:\/\/www.csj-emballages.com\/es\/produit\/ramequin-de-aluminio-redondo-100-ml-pack-de-100\/#breadcrumb\"},\"inLanguage\":\"es\",\"potentialAction\":[{\"@type\":\"ReadAction\",\"target\":[\"https:\/\/www.csj-emballages.com\/es\/produit\/ramequin-de-aluminio-redondo-100-ml-pack-de-100\/\"]}]},{\"@type\":\"ImageObject\",\"inLanguage\":\"es\",\"@id\":\"https:\/\/www.csj-emballages.com\/es\/produit\/ramequin-de-aluminio-redondo-100-ml-pack-de-100\/#primaryimage\",\"url\":\"https:\/\/www.csj-emballages.com\/wp-content\/uploads\/2026\/02\/RA100.webp\",\"contentUrl\":\"https:\/\/www.csj-emballages.com\/wp-content\/uploads\/2026\/02\/RA100.webp\",\"width\":800,\"height\":800,\"caption\":\"Ramequin aluminium\"},{\"@type\":\"BreadcrumbList\",\"@id\":\"https:\/\/www.csj-emballages.com\/es\/produit\/ramequin-de-aluminio-redondo-100-ml-pack-de-100\/#breadcrumb\",\"itemListElement\":[{\"@type\":\"ListItem\",\"position\":1,\"name\":\"Accueil\",\"item\":\"https:\/\/www.csj-emballages.com\/es\/universo-del-envasado-alimentario\/\"},{\"@type\":\"ListItem\",\"position\":2,\"name\":\"Tienda\",\"item\":\"https:\/\/www.csj-emballages.com\/tienda\/\"},{\"@type\":\"ListItem\",\"position\":3,\"name\":\"Molde de aluminio redondo 84 ml por 100\"}]},{\"@type\":\"WebSite\",\"@id\":\"https:\/\/www.csj-emballages.com\/es\/#website\",\"url\":\"https:\/\/www.csj-emballages.com\/es\/\",\"name\":\"CSJ Emballages\",\"description\":\"\",\"publisher\":{\"@id\":\"https:\/\/www.csj-emballages.com\/es\/#organization\"},\"potentialAction\":[{\"@type\":\"SearchAction\",\"target\":{\"@type\":\"EntryPoint\",\"urlTemplate\":\"https:\/\/www.csj-emballages.com\/es\/?s={search_term_string}\"},\"query-input\":{\"@type\":\"PropertyValueSpecification\",\"valueRequired\":true,\"valueName\":\"search_term_string\"}}],\"inLanguage\":\"es\"},{\"@type\":\"Organization\",\"@id\":\"https:\/\/www.csj-emballages.com\/es\/#Organization\/\",\"name\":\"CSJ Emballages\",\"url\":\"https:\/\/www.csj-emballages.com\/es\/\",\"logo\":{\"@type\":\"ImageObject\",\"inLanguage\":\"es\",\"@id\":\"https:\/\/www.csj-emballages.com\/es\/#\/schema\/logo\/image\/\",\"url\":\"https:\/\/www.csj-emballages.com\/wp-content\/uploads\/2023\/10\/logo_csj.webp\",\"contentUrl\":\"https:\/\/www.csj-emballages.com\/wp-content\/uploads\/2023\/10\/logo_csj.webp\",\"width\":250,\"height\":95,\"caption\":\"CSJ Emballages\"},\"image\":{\"@id\":\"https:\/\/www.csj-emballages.com\/es\/#\/schema\/logo\/image\/\"},\"sameAs\":[\"https:\/\/www.facebook.com\/csjemballages\"],\"address\":{\"@type\":\"PostalAddress\",\"streetAddress\":\"ZI La Lechere\",\"addressLocality\":\"Patornay\",\"postalCode\":\"39130\",\"addressCountry\":\"FR\"},\"contactPoint\":[{\"@type\":\"ContactPoint\",\"contactType\":\"Service client\",\"telephone\":\"0384254272\",\"email\":\"contact@csj-emballages.com\"}]}]}<\/script>\n<!-- \/ Yoast SEO Premium plugin. -->","yoast_head_json":{"title":"Molde de Aluminio Redondo 84 ml por 100","description":"Molde de aluminio redondo 84 ml por 100. Ideal para porciones individuales, cocci\u00f3n al horno y presentaci\u00f3n cuidada en restauraci\u00f3n y catering.","robots":{"index":"index","follow":"follow","max-snippet":"max-snippet:-1","max-image-preview":"max-image-preview:large","max-video-preview":"max-video-preview:-1"},"canonical":"https:\/\/www.csj-emballages.com\/es\/produit\/ramequin-de-aluminio-redondo-100-ml-pack-de-100\/","og_locale":"es_ES","og_type":"article","og_title":"Molde de aluminio redondo 84 ml por 100","og_description":"Molde de aluminio redondo 84 ml por 100. Ideal para porciones individuales, cocci\u00f3n al horno y presentaci\u00f3n cuidada en restauraci\u00f3n y catering.","og_url":"https:\/\/www.csj-emballages.com\/es\/produit\/ramequin-de-aluminio-redondo-100-ml-pack-de-100\/","og_site_name":"CSJ Emballages","article_publisher":"https:\/\/www.facebook.com\/csjemballages","article_modified_time":"2026-04-01T15:49:46+00:00","og_image":[{"width":800,"height":800,"url":"https:\/\/www.csj-emballages.com\/wp-content\/uploads\/2026\/02\/RA100.webp","type":"image\/webp"}],"twitter_card":"summary_large_image","twitter_misc":{"Tiempo de lectura":"1 minuto"},"schema":{"@context":"https:\/\/schema.org","@graph":[{"@type":"WebPage","@id":"https:\/\/www.csj-emballages.com\/es\/produit\/ramequin-de-aluminio-redondo-100-ml-pack-de-100\/","url":"https:\/\/www.csj-emballages.com\/es\/produit\/ramequin-de-aluminio-redondo-100-ml-pack-de-100\/","name":"Molde de Aluminio Redondo 84 ml por 100","isPartOf":{"@id":"https:\/\/www.csj-emballages.com\/es\/#website"},"primaryImageOfPage":{"@id":"https:\/\/www.csj-emballages.com\/es\/produit\/ramequin-de-aluminio-redondo-100-ml-pack-de-100\/#primaryimage"},"image":{"@id":"https:\/\/www.csj-emballages.com\/es\/produit\/ramequin-de-aluminio-redondo-100-ml-pack-de-100\/#primaryimage"},"thumbnailUrl":"https:\/\/www.csj-emballages.com\/wp-content\/uploads\/2026\/02\/RA100.webp","datePublished":"2026-02-19T14:18:18+00:00","dateModified":"2026-04-01T15:49:46+00:00","description":"Molde de aluminio redondo 84 ml por 100. Ideal para porciones individuales, cocci\u00f3n al horno y presentaci\u00f3n cuidada en restauraci\u00f3n y catering.","breadcrumb":{"@id":"https:\/\/www.csj-emballages.com\/es\/produit\/ramequin-de-aluminio-redondo-100-ml-pack-de-100\/#breadcrumb"},"inLanguage":"es","potentialAction":[{"@type":"ReadAction","target":["https:\/\/www.csj-emballages.com\/es\/produit\/ramequin-de-aluminio-redondo-100-ml-pack-de-100\/"]}]},{"@type":"ImageObject","inLanguage":"es","@id":"https:\/\/www.csj-emballages.com\/es\/produit\/ramequin-de-aluminio-redondo-100-ml-pack-de-100\/#primaryimage","url":"https:\/\/www.csj-emballages.com\/wp-content\/uploads\/2026\/02\/RA100.webp","contentUrl":"https:\/\/www.csj-emballages.com\/wp-content\/uploads\/2026\/02\/RA100.webp","width":800,"height":800,"caption":"Ramequin aluminium"},{"@type":"BreadcrumbList","@id":"https:\/\/www.csj-emballages.com\/es\/produit\/ramequin-de-aluminio-redondo-100-ml-pack-de-100\/#breadcrumb","itemListElement":[{"@type":"ListItem","position":1,"name":"Accueil","item":"https:\/\/www.csj-emballages.com\/es\/universo-del-envasado-alimentario\/"},{"@type":"ListItem","position":2,"name":"Tienda","item":"https:\/\/www.csj-emballages.com\/tienda\/"},{"@type":"ListItem","position":3,"name":"Molde de aluminio redondo 84 ml por 100"}]},{"@type":"WebSite","@id":"https:\/\/www.csj-emballages.com\/es\/#website","url":"https:\/\/www.csj-emballages.com\/es\/","name":"CSJ Emballages","description":"","publisher":{"@id":"https:\/\/www.csj-emballages.com\/es\/#organization"},"potentialAction":[{"@type":"SearchAction","target":{"@type":"EntryPoint","urlTemplate":"https:\/\/www.csj-emballages.com\/es\/?s={search_term_string}"},"query-input":{"@type":"PropertyValueSpecification","valueRequired":true,"valueName":"search_term_string"}}],"inLanguage":"es"},{"@type":"Organization","@id":"https:\/\/www.csj-emballages.com\/es\/#Organization\/","name":"CSJ Emballages","url":"https:\/\/www.csj-emballages.com\/es\/","logo":{"@type":"ImageObject","inLanguage":"es","@id":"https:\/\/www.csj-emballages.com\/es\/#\/schema\/logo\/image\/","url":"https:\/\/www.csj-emballages.com\/wp-content\/uploads\/2023\/10\/logo_csj.webp","contentUrl":"https:\/\/www.csj-emballages.com\/wp-content\/uploads\/2023\/10\/logo_csj.webp","width":250,"height":95,"caption":"CSJ Emballages"},"image":{"@id":"https:\/\/www.csj-emballages.com\/es\/#\/schema\/logo\/image\/"},"sameAs":["https:\/\/www.facebook.com\/csjemballages"],"address":{"@type":"PostalAddress","streetAddress":"ZI La Lechere","addressLocality":"Patornay","postalCode":"39130","addressCountry":"FR"},"contactPoint":[{"@type":"ContactPoint","contactType":"Service client","telephone":"0384254272","email":"contact@csj-emballages.com"}]}]}},"df_price":10.72,"df_sale_price":"","df_regular_price":10.72,"df_image_link":"https:\/\/www.csj-emballages.com\/wp-content\/uploads\/2026\/02\/RA100-300x300.webp","tiered_pricing_type":"fixed","tiered_pricing_fixed_rules":[],"tiered_pricing_percentage_rules":[],"tiered_pricing_minimum":1,"tiered_pricing_roles_data":[],"_links":{"self":[{"href":"https:\/\/www.csj-emballages.com\/es\/wp-json\/wp\/v2\/product\/265515","targetHints":{"allow":["GET"]}}],"collection":[{"href":"https:\/\/www.csj-emballages.com\/es\/wp-json\/wp\/v2\/product"}],"about":[{"href":"https:\/\/www.csj-emballages.com\/es\/wp-json\/wp\/v2\/types\/product"}],"wp:featuredmedia":[{"embeddable":true,"href":"https:\/\/www.csj-emballages.com\/es\/wp-json\/wp\/v2\/media\/265473"}],"wp:attachment":[{"href":"https:\/\/www.csj-emballages.com\/es\/wp-json\/wp\/v2\/media?parent=265515"}],"wp:term":[{"taxonomy":"product_brand","embeddable":true,"href":"https:\/\/www.csj-emballages.com\/es\/wp-json\/wp\/v2\/product_brand?post=265515"},{"taxonomy":"product_cat","embeddable":true,"href":"https:\/\/www.csj-emballages.com\/es\/wp-json\/wp\/v2\/product_cat?post=265515"},{"taxonomy":"product_tag","embeddable":true,"href":"https:\/\/www.csj-emballages.com\/es\/wp-json\/wp\/v2\/product_tag?post=265515"}],"curies":[{"name":"wp","href":"https:\/\/api.w.org\/{rel}","templated":true}]}}