{"id":265071,"date":"2025-09-24T09:18:32","date_gmt":"2025-09-24T07:18:32","guid":{"rendered":"https:\/\/www.csj-emballages.com\/produit\/bolsa-de-vacio-conservacion-lisa-25-x-70-cm-90-%c2%b5-pack-de-100\/"},"modified":"2026-04-01T17:51:33","modified_gmt":"2026-04-01T15:51:33","slug":"bolsa-de-vacio-conservacion-lisa-25-x-70-cm-90-%c2%b5-pack-de-100","status":"publish","type":"product","link":"https:\/\/www.csj-emballages.com\/es\/produit\/bolsa-de-vacio-conservacion-lisa-25-x-70-cm-90-%c2%b5-pack-de-100\/","title":{"rendered":"Bolsa de vac\u00edo conservaci\u00f3n lisa 25 x 70 cm 90 \u00b5 pack de 100"},"content":{"rendered":"<div class=\"elementor-element elementor-element-6621759 e-no-lazyload e-flex e-con-boxed e-con e-parent e-lazyloaded\" data-id=\"6621759\" data-element_type=\"container\">\n<div class=\"e-con-inner\">\n<div class=\"elementor-element elementor-element-4756e65 e-con-full e-flex e-con e-child\" data-id=\"4756e65\" data-element_type=\"container\">\n<div class=\"elementor-element elementor-element-a25940d elementor-widget elementor-widget-woocommerce-product-data-tabs\" data-id=\"a25940d\" data-element_type=\"widget\" data-widget_type=\"woocommerce-product-data-tabs.default\">\n<div class=\"elementor-widget-container\">\n<div class=\"woocommerce-tabs wc-tabs-wrapper\">\n<div id=\"tab-description\" class=\"woocommerce-Tabs-panel woocommerce-Tabs-panel--description panel entry-content wc-tab\" role=\"tabpanel\" aria-labelledby=\"tab-title-description\">\n<div class=\"flex flex-grow flex-col max-w-full\">\n<div class=\"min-h-[20px] text-message flex flex-col items-start whitespace-pre-wrap break-words [.text-message+&amp;]:mt-5 juice:w-full juice:items-end overflow-x-auto gap-2\" dir=\"auto\" data-message-author-role=\"assistant\" data-message-id=\"2034782e-88f9-44ef-b4dc-07dd7bf0115f\">\n<div class=\"flex w-full flex-col gap-1 juice:empty:hidden juice:first:pt-[3px]\">\n<div class=\"markdown prose w-full break-words dark:prose-invert light\">\n<div>\n<div>\n<h2><strong>Bolsa de vac\u00edo<br \/>\n<\/strong><\/h2>\n<div>\n<div>\n<div>\n<div>\n<div>\n<div>\n<div>\n<div>\n<div>\n<div>\n<hr>\n<h3>Descripci\u00f3n de nuestra bolsa de vac\u00edo conservaci\u00f3n lisa 25 x 70 cm 90 \u00b5 pack de 100<\/h3>\n<p><!--more--><\/p>\n<p data-start=\"195\" data-end=\"515\">Las <strong>bolsas de vac\u00edo conservaci\u00f3n lisas 25 x 70 cm de 90 micras<\/strong> est\u00e1n especialmente dise\u00f1adas para preservar de forma duradera la frescura de los alimentos. En primer lugar, robustas y fiables, permiten prolongar el tiempo de conservaci\u00f3n protegiendo eficazmente los productos contra el aire, la humedad y las contaminaciones exteriores. <\/p>\n<p data-start=\"517\" data-end=\"858\">Gracias a sus dimensiones <strong>generosas de 25 x 70 cm<\/strong>, son perfectas para piezas largas o voluminosas: <strong>pescados enteros, grandes piezas de carne, embutidos, quesos o preparaciones alimentarias<\/strong> envasadas en porciones importantes. De hecho, su <strong>grosor de 90 \u00b5<\/strong> asegura una excelente resistencia a la perforaci\u00f3n y a la manipulaci\u00f3n. <\/p>\n<p data-start=\"860\" data-end=\"1102\">Asimismo, de concepci\u00f3n lisa, estas <strong>bolsas<\/strong> son aptas para m\u00e1quinas de vac\u00edo de campana utilizadas en carnicer\u00eda, charcuter\u00eda, restauraci\u00f3n y oficios de alimentaci\u00f3n. Garantizan un sellado s\u00f3lido y un cierre herm\u00e9tico para una conservaci\u00f3n \u00f3ptima. <\/p>\n<p data-start=\"1104\" data-end=\"1357\">Transparentes, permiten una perfecta visibilidad del producto, facilitando el almacenamiento y la identificaci\u00f3n en c\u00e1mara frigor\u00edfica o congelador. Adem\u00e1s, acondicionadas en lotes de <strong>100 unidades<\/strong>, representan una soluci\u00f3n profesional econ\u00f3mica y eficaz. <\/p>\n<p data-start=\"1104\" data-end=\"1357\">\n<\/div>\n<\/div>\n<\/div>\n<\/div>\n<\/div>\n<\/div>\n<\/div>\n<\/div>\n<\/div>\n<\/div>\n<p><!--more--><\/p>\n<p><strong>Ventajas :<\/strong><\/p>\n<ul>\n<li data-start=\"1396\" data-end=\"1446\">Formato largo <strong>25 x 70 cm<\/strong> adaptado a piezas grandes.<\/li>\n<li data-start=\"1449\" data-end=\"1497\"><strong>Gracias a su grosor de 90 micras,<\/strong> tiene una buena resistencia.<\/li>\n<li data-start=\"1594\" data-end=\"1624\">Sellado fiable y herm\u00e9tico.<\/li>\n<li data-start=\"1672\" data-end=\"1724\">Ideal para carnicer\u00eda, pescader\u00eda y restauraci\u00f3n.<\/li>\n<li data-start=\"1727\" data-end=\"1766\">Acondicionamiento profesional por <strong>100<\/strong>.<\/li>\n<\/ul>\n<\/div>\n<div><\/div>\n<\/div>\n<p><!--more--><\/p>\n<div>\n<div>\n<div>\n<h4>Informaci\u00f3n adicional :<\/h4>\n<ul>\n<li><strong>Embalaje<\/strong>: Paquete de 100<\/li>\n<li><strong>Dimensiones<\/strong>: 25 x 70 cm<\/li>\n<li><strong>Termosellable<\/strong>: S\u00ed<\/li>\n<li><strong>Retr\u00e1ctil<\/strong>: No<\/li>\n<li><strong>Tipo<\/strong>: Liso<\/li>\n<li><strong>Resistencia<\/strong>: 90 micras<\/li>\n<li><strong>Soldadura<\/strong>: 3 lados<\/li>\n<li><strong>Temperatura de uso<\/strong>: -50 \u00b0C \/ +70 \u00b0C<\/li>\n<\/ul>\n<\/div>\n<\/div>\n<div>\n<div>\n<p>&nbsp;<\/p>\n<\/div>\n<p><!--more--><\/p>\n<p>Este producto existe en varios tama\u00f1os: <span style=\"color: #d12727;\"><a style=\"color: #d12727;\" href=\"https:\/\/www.csj-emballages.com\/es\/produit\/100-bolsas-de-vacio-lisas-15-x-20-cm-90-%c2%b5\/\">15 x 20 cm<\/a><\/span> \/ <span style=\"color: #d12727;\"><a style=\"color: #d12727;\" href=\"https:\/\/www.csj-emballages.com\/es\/produit\/100-bolsas-de-vacio-lisas-17-x-25-cm-90-%c2%b5\/\">17 x 25 cm<\/a><\/span> \/ <span style=\"color: #d12727;\"><a style=\"color: #d12727;\" href=\"https:\/\/www.csj-emballages.com\/es\/produit\/100-bolsas-de-vacio-lisas-15-x-27-cm-90-%c2%b5\/\">15 x 27 cm<\/a><\/span> \/ <span style=\"color: #d12727;\"><a style=\"color: #d12727;\" href=\"https:\/\/www.csj-emballages.com\/es\/produit\/100-bolsas-de-vacio-lisas-15-x-30-cm-90-%c2%b5\/\">15 x 30 cm<\/a><\/span> \/ <span style=\"color: #d12727;\"><a style=\"color: #d12727;\" href=\"https:\/\/www.csj-emballages.com\/es\/produit\/100-bolsas-de-vacio-lisas-20-x-20-cm-90-%c2%b5\/\">20 x 20 cm<\/a><\/span> \/ <span style=\"color: #d12727;\"><a style=\"color: #d12727;\" href=\"https:\/\/www.csj-emballages.com\/es\/produit\/100-bolsas-de-vacio-lisas-20-x-25-cm-90-%c2%b5\/\">20 x 25 cm<\/a><\/span> \/        <span style=\"color: #d12727;\"><a style=\"color: #d12727;\" href=\"https:\/\/www.csj-emballages.com\/es\/produit\/100-bolsas-de-vacio-lisas-25-x-25-cm-90-%c2%b5\/\">25 x 25 cm<\/a><span style=\"color: #000000;\"> \/ <\/span><a style=\"color: #d12727;\" href=\"https:\/\/www.csj-emballages.com\/es\/produit\/100-bolsas-de-vacio-lisas-30-x-50-cm-90-%c2%b5\/\">30 x 50 cm<\/a><\/span><\/p>\n<\/div>\n<\/div>\n<div>\n<div>\n<div>\n<p>&nbsp;<\/p>\n<p><!--more--><\/p>\n<p><a href=\"\/?product_cat=sacs-sous-vide-lisses-90-\u03bcm\">Ver el resto de nuestra gama de bolsas de vac\u00edo lisas<\/a><\/p>\n<\/div>\n<\/div>\n<\/div>\n<\/div>\n<\/div>\n<\/div>\n<\/div>\n<\/div>\n<\/div>\n<\/div>\n<\/div>\n<\/div>\n<\/div>\n<\/div>\n<div class=\"elementor-element elementor-element-2fb7445 e-no-lazyload e-flex e-con-boxed e-con e-parent e-lazyloaded\" data-id=\"2fb7445\" data-element_type=\"container\">\n<div class=\"e-con-inner\">\n<div class=\"elementor-element elementor-element-60494d9 elementor-widget elementor-widget-heading\" data-id=\"60494d9\" data-element_type=\"widget\" data-widget_type=\"heading.default\">\n<div class=\"elementor-widget-container\"><\/div>\n<\/div>\n<\/div>\n<\/div>\n","protected":false},"excerpt":{"rendered":"<p>Bolsa de vac\u00edo Descripci\u00f3n de nuestra bolsa de vac\u00edo conservaci\u00f3n lisa 25 x 70 cm 90 \u00b5 pack de 100<\/p>\n","protected":false},"featured_media":227339,"template":"","meta":{"_acf_changed":false},"product_brand":[],"product_cat":[1150,1143,3866,1245,1246,1247],"product_tag":[],"class_list":{"0":"post-265071","1":"product","2":"type-product","3":"status-publish","4":"has-post-thumbnail","6":"product_cat-envasado-de-alimentos","7":"product_cat-carniceria-y-charcuteria","8":"product_cat-bolsas-y-fundas","9":"product_cat-bolsas-de-vacio","10":"product_cat-bolsas-de-vacio-lisas","11":"product_cat-bolsas-de-vacio-lisas-90-m","13":"first","14":"instock","15":"taxable","16":"shipping-taxable","17":"purchasable","18":"product-type-simple"},"acf":[],"yoast_head":"<!-- This site is optimized with the Yoast SEO Premium plugin v26.6 (Yoast SEO v26.6) - https:\/\/yoast.com\/wordpress\/plugins\/seo\/ -->\n<title>Bolsa de Vac\u00edo Conservaci\u00f3n Lisa 25 x 70 cm 90 \u00b5 Pack de 100<\/title>\n<meta name=\"description\" content=\"Bolsa de vac\u00edo lisa 25 x 70 cm 90 \u00b5 pack de 100. Resistente e ideal para conservaci\u00f3n de larga duraci\u00f3n de piezas alimentarias grandes.\" \/>\n<meta name=\"robots\" content=\"index, follow, max-snippet:-1, max-image-preview:large, max-video-preview:-1\" \/>\n<link rel=\"canonical\" href=\"https:\/\/www.csj-emballages.com\/es\/produit\/bolsa-de-vacio-conservacion-lisa-25-x-70-cm-90-%c2%b5-pack-de-100\/\" \/>\n<meta property=\"og:locale\" content=\"es_ES\" \/>\n<meta property=\"og:type\" content=\"article\" \/>\n<meta property=\"og:title\" content=\"Bolsa de vac\u00edo conservaci\u00f3n lisa 25 x 70 cm 90 \u00b5 pack de 100\" \/>\n<meta property=\"og:description\" content=\"Bolsa de vac\u00edo lisa 25 x 70 cm 90 \u00b5 pack de 100. Resistente e ideal para conservaci\u00f3n de larga duraci\u00f3n de piezas alimentarias grandes.\" \/>\n<meta property=\"og:url\" content=\"https:\/\/www.csj-emballages.com\/es\/produit\/bolsa-de-vacio-conservacion-lisa-25-x-70-cm-90-%c2%b5-pack-de-100\/\" \/>\n<meta property=\"og:site_name\" content=\"CSJ Emballages\" \/>\n<meta property=\"article:publisher\" content=\"https:\/\/www.facebook.com\/csjemballages\" \/>\n<meta property=\"article:modified_time\" content=\"2026-04-01T15:51:33+00:00\" \/>\n<meta property=\"og:image\" content=\"https:\/\/www.csj-emballages.com\/wp-content\/uploads\/2024\/03\/sac-cuisson-sous-vide-800x800-viande-2.webp\" \/>\n\t<meta property=\"og:image:width\" content=\"800\" \/>\n\t<meta property=\"og:image:height\" content=\"800\" \/>\n\t<meta property=\"og:image:type\" content=\"image\/jpeg\" \/>\n<meta name=\"twitter:card\" content=\"summary_large_image\" \/>\n<meta name=\"twitter:label1\" content=\"Tiempo de lectura\" \/>\n\t<meta name=\"twitter:data1\" content=\"2 minutos\" \/>\n<script type=\"application\/ld+json\" class=\"yoast-schema-graph\">{\"@context\":\"https:\/\/schema.org\",\"@graph\":[{\"@type\":\"WebPage\",\"@id\":\"https:\/\/www.csj-emballages.com\/es\/produit\/bolsa-de-vacio-conservacion-lisa-25-x-70-cm-90-%c2%b5-pack-de-100\/\",\"url\":\"https:\/\/www.csj-emballages.com\/es\/produit\/bolsa-de-vacio-conservacion-lisa-25-x-70-cm-90-%c2%b5-pack-de-100\/\",\"name\":\"Bolsa de Vac\u00edo Conservaci\u00f3n Lisa 25 x 70 cm 90 \u00b5 Pack de 100\",\"isPartOf\":{\"@id\":\"https:\/\/www.csj-emballages.com\/es\/#website\"},\"primaryImageOfPage\":{\"@id\":\"https:\/\/www.csj-emballages.com\/es\/produit\/bolsa-de-vacio-conservacion-lisa-25-x-70-cm-90-%c2%b5-pack-de-100\/#primaryimage\"},\"image\":{\"@id\":\"https:\/\/www.csj-emballages.com\/es\/produit\/bolsa-de-vacio-conservacion-lisa-25-x-70-cm-90-%c2%b5-pack-de-100\/#primaryimage\"},\"thumbnailUrl\":\"https:\/\/www.csj-emballages.com\/wp-content\/uploads\/2024\/03\/sac-cuisson-sous-vide-800x800-viande-2.webp\",\"datePublished\":\"2025-09-24T07:18:32+00:00\",\"dateModified\":\"2026-04-01T15:51:33+00:00\",\"description\":\"Bolsa de vac\u00edo lisa 25 x 70 cm 90 \u00b5 pack de 100. Resistente e ideal para conservaci\u00f3n de larga duraci\u00f3n de piezas alimentarias grandes.\",\"breadcrumb\":{\"@id\":\"https:\/\/www.csj-emballages.com\/es\/produit\/bolsa-de-vacio-conservacion-lisa-25-x-70-cm-90-%c2%b5-pack-de-100\/#breadcrumb\"},\"inLanguage\":\"es\",\"potentialAction\":[{\"@type\":\"ReadAction\",\"target\":[\"https:\/\/www.csj-emballages.com\/es\/produit\/bolsa-de-vacio-conservacion-lisa-25-x-70-cm-90-%c2%b5-pack-de-100\/\"]}]},{\"@type\":\"ImageObject\",\"inLanguage\":\"es\",\"@id\":\"https:\/\/www.csj-emballages.com\/es\/produit\/bolsa-de-vacio-conservacion-lisa-25-x-70-cm-90-%c2%b5-pack-de-100\/#primaryimage\",\"url\":\"https:\/\/www.csj-emballages.com\/wp-content\/uploads\/2024\/03\/sac-cuisson-sous-vide-800x800-viande-2.webp\",\"contentUrl\":\"https:\/\/www.csj-emballages.com\/wp-content\/uploads\/2024\/03\/sac-cuisson-sous-vide-800x800-viande-2.webp\",\"width\":800,\"height\":800,\"caption\":\"sac sous vide\"},{\"@type\":\"BreadcrumbList\",\"@id\":\"https:\/\/www.csj-emballages.com\/es\/produit\/bolsa-de-vacio-conservacion-lisa-25-x-70-cm-90-%c2%b5-pack-de-100\/#breadcrumb\",\"itemListElement\":[{\"@type\":\"ListItem\",\"position\":1,\"name\":\"Accueil\",\"item\":\"https:\/\/www.csj-emballages.com\/es\/universo-del-envasado-alimentario\/\"},{\"@type\":\"ListItem\",\"position\":2,\"name\":\"Tienda\",\"item\":\"https:\/\/www.csj-emballages.com\/tienda\/\"},{\"@type\":\"ListItem\",\"position\":3,\"name\":\"Bolsa de vac\u00edo conservaci\u00f3n lisa 25 x 70 cm 90 \u00b5 pack de 100\"}]},{\"@type\":\"WebSite\",\"@id\":\"https:\/\/www.csj-emballages.com\/es\/#website\",\"url\":\"https:\/\/www.csj-emballages.com\/es\/\",\"name\":\"CSJ Emballages\",\"description\":\"\",\"publisher\":{\"@id\":\"https:\/\/www.csj-emballages.com\/es\/#organization\"},\"potentialAction\":[{\"@type\":\"SearchAction\",\"target\":{\"@type\":\"EntryPoint\",\"urlTemplate\":\"https:\/\/www.csj-emballages.com\/es\/?s={search_term_string}\"},\"query-input\":{\"@type\":\"PropertyValueSpecification\",\"valueRequired\":true,\"valueName\":\"search_term_string\"}}],\"inLanguage\":\"es\"},{\"@type\":\"Organization\",\"@id\":\"https:\/\/www.csj-emballages.com\/es\/#Organization\/\",\"name\":\"CSJ Emballages\",\"url\":\"https:\/\/www.csj-emballages.com\/es\/\",\"logo\":{\"@type\":\"ImageObject\",\"inLanguage\":\"es\",\"@id\":\"https:\/\/www.csj-emballages.com\/es\/#\/schema\/logo\/image\/\",\"url\":\"https:\/\/www.csj-emballages.com\/wp-content\/uploads\/2023\/10\/logo_csj.webp\",\"contentUrl\":\"https:\/\/www.csj-emballages.com\/wp-content\/uploads\/2023\/10\/logo_csj.webp\",\"width\":250,\"height\":95,\"caption\":\"CSJ Emballages\"},\"image\":{\"@id\":\"https:\/\/www.csj-emballages.com\/es\/#\/schema\/logo\/image\/\"},\"sameAs\":[\"https:\/\/www.facebook.com\/csjemballages\"],\"address\":{\"@type\":\"PostalAddress\",\"streetAddress\":\"ZI La Lechere\",\"addressLocality\":\"Patornay\",\"postalCode\":\"39130\",\"addressCountry\":\"FR\"},\"contactPoint\":[{\"@type\":\"ContactPoint\",\"contactType\":\"Service client\",\"telephone\":\"0384254272\",\"email\":\"contact@csj-emballages.com\"}]}]}<\/script>\n<!-- \/ Yoast SEO Premium plugin. -->","yoast_head_json":{"title":"Bolsa de Vac\u00edo Conservaci\u00f3n Lisa 25 x 70 cm 90 \u00b5 Pack de 100","description":"Bolsa de vac\u00edo lisa 25 x 70 cm 90 \u00b5 pack de 100. Resistente e ideal para conservaci\u00f3n de larga duraci\u00f3n de piezas alimentarias grandes.","robots":{"index":"index","follow":"follow","max-snippet":"max-snippet:-1","max-image-preview":"max-image-preview:large","max-video-preview":"max-video-preview:-1"},"canonical":"https:\/\/www.csj-emballages.com\/es\/produit\/bolsa-de-vacio-conservacion-lisa-25-x-70-cm-90-%c2%b5-pack-de-100\/","og_locale":"es_ES","og_type":"article","og_title":"Bolsa de vac\u00edo conservaci\u00f3n lisa 25 x 70 cm 90 \u00b5 pack de 100","og_description":"Bolsa de vac\u00edo lisa 25 x 70 cm 90 \u00b5 pack de 100. Resistente e ideal para conservaci\u00f3n de larga duraci\u00f3n de piezas alimentarias grandes.","og_url":"https:\/\/www.csj-emballages.com\/es\/produit\/bolsa-de-vacio-conservacion-lisa-25-x-70-cm-90-%c2%b5-pack-de-100\/","og_site_name":"CSJ Emballages","article_publisher":"https:\/\/www.facebook.com\/csjemballages","article_modified_time":"2026-04-01T15:51:33+00:00","og_image":[{"width":800,"height":800,"url":"https:\/\/www.csj-emballages.com\/wp-content\/uploads\/2024\/03\/sac-cuisson-sous-vide-800x800-viande-2.webp","type":"image\/jpeg"}],"twitter_card":"summary_large_image","twitter_misc":{"Tiempo de lectura":"2 minutos"},"schema":{"@context":"https:\/\/schema.org","@graph":[{"@type":"WebPage","@id":"https:\/\/www.csj-emballages.com\/es\/produit\/bolsa-de-vacio-conservacion-lisa-25-x-70-cm-90-%c2%b5-pack-de-100\/","url":"https:\/\/www.csj-emballages.com\/es\/produit\/bolsa-de-vacio-conservacion-lisa-25-x-70-cm-90-%c2%b5-pack-de-100\/","name":"Bolsa de Vac\u00edo Conservaci\u00f3n Lisa 25 x 70 cm 90 \u00b5 Pack de 100","isPartOf":{"@id":"https:\/\/www.csj-emballages.com\/es\/#website"},"primaryImageOfPage":{"@id":"https:\/\/www.csj-emballages.com\/es\/produit\/bolsa-de-vacio-conservacion-lisa-25-x-70-cm-90-%c2%b5-pack-de-100\/#primaryimage"},"image":{"@id":"https:\/\/www.csj-emballages.com\/es\/produit\/bolsa-de-vacio-conservacion-lisa-25-x-70-cm-90-%c2%b5-pack-de-100\/#primaryimage"},"thumbnailUrl":"https:\/\/www.csj-emballages.com\/wp-content\/uploads\/2024\/03\/sac-cuisson-sous-vide-800x800-viande-2.webp","datePublished":"2025-09-24T07:18:32+00:00","dateModified":"2026-04-01T15:51:33+00:00","description":"Bolsa de vac\u00edo lisa 25 x 70 cm 90 \u00b5 pack de 100. Resistente e ideal para conservaci\u00f3n de larga duraci\u00f3n de piezas alimentarias grandes.","breadcrumb":{"@id":"https:\/\/www.csj-emballages.com\/es\/produit\/bolsa-de-vacio-conservacion-lisa-25-x-70-cm-90-%c2%b5-pack-de-100\/#breadcrumb"},"inLanguage":"es","potentialAction":[{"@type":"ReadAction","target":["https:\/\/www.csj-emballages.com\/es\/produit\/bolsa-de-vacio-conservacion-lisa-25-x-70-cm-90-%c2%b5-pack-de-100\/"]}]},{"@type":"ImageObject","inLanguage":"es","@id":"https:\/\/www.csj-emballages.com\/es\/produit\/bolsa-de-vacio-conservacion-lisa-25-x-70-cm-90-%c2%b5-pack-de-100\/#primaryimage","url":"https:\/\/www.csj-emballages.com\/wp-content\/uploads\/2024\/03\/sac-cuisson-sous-vide-800x800-viande-2.webp","contentUrl":"https:\/\/www.csj-emballages.com\/wp-content\/uploads\/2024\/03\/sac-cuisson-sous-vide-800x800-viande-2.webp","width":800,"height":800,"caption":"sac sous vide"},{"@type":"BreadcrumbList","@id":"https:\/\/www.csj-emballages.com\/es\/produit\/bolsa-de-vacio-conservacion-lisa-25-x-70-cm-90-%c2%b5-pack-de-100\/#breadcrumb","itemListElement":[{"@type":"ListItem","position":1,"name":"Accueil","item":"https:\/\/www.csj-emballages.com\/es\/universo-del-envasado-alimentario\/"},{"@type":"ListItem","position":2,"name":"Tienda","item":"https:\/\/www.csj-emballages.com\/tienda\/"},{"@type":"ListItem","position":3,"name":"Bolsa de vac\u00edo conservaci\u00f3n lisa 25 x 70 cm 90 \u00b5 pack de 100"}]},{"@type":"WebSite","@id":"https:\/\/www.csj-emballages.com\/es\/#website","url":"https:\/\/www.csj-emballages.com\/es\/","name":"CSJ Emballages","description":"","publisher":{"@id":"https:\/\/www.csj-emballages.com\/es\/#organization"},"potentialAction":[{"@type":"SearchAction","target":{"@type":"EntryPoint","urlTemplate":"https:\/\/www.csj-emballages.com\/es\/?s={search_term_string}"},"query-input":{"@type":"PropertyValueSpecification","valueRequired":true,"valueName":"search_term_string"}}],"inLanguage":"es"},{"@type":"Organization","@id":"https:\/\/www.csj-emballages.com\/es\/#Organization\/","name":"CSJ Emballages","url":"https:\/\/www.csj-emballages.com\/es\/","logo":{"@type":"ImageObject","inLanguage":"es","@id":"https:\/\/www.csj-emballages.com\/es\/#\/schema\/logo\/image\/","url":"https:\/\/www.csj-emballages.com\/wp-content\/uploads\/2023\/10\/logo_csj.webp","contentUrl":"https:\/\/www.csj-emballages.com\/wp-content\/uploads\/2023\/10\/logo_csj.webp","width":250,"height":95,"caption":"CSJ Emballages"},"image":{"@id":"https:\/\/www.csj-emballages.com\/es\/#\/schema\/logo\/image\/"},"sameAs":["https:\/\/www.facebook.com\/csjemballages"],"address":{"@type":"PostalAddress","streetAddress":"ZI La Lechere","addressLocality":"Patornay","postalCode":"39130","addressCountry":"FR"},"contactPoint":[{"@type":"ContactPoint","contactType":"Service client","telephone":"0384254272","email":"contact@csj-emballages.com"}]}]}},"df_price":18.92,"df_sale_price":"","df_regular_price":18.92,"df_image_link":"https:\/\/www.csj-emballages.com\/wp-content\/uploads\/2024\/03\/sac-cuisson-sous-vide-800x800-viande-2-300x300.webp","tiered_pricing_type":"fixed","tiered_pricing_fixed_rules":[],"tiered_pricing_percentage_rules":[],"tiered_pricing_minimum":1,"tiered_pricing_roles_data":[],"_links":{"self":[{"href":"https:\/\/www.csj-emballages.com\/es\/wp-json\/wp\/v2\/product\/265071","targetHints":{"allow":["GET"]}}],"collection":[{"href":"https:\/\/www.csj-emballages.com\/es\/wp-json\/wp\/v2\/product"}],"about":[{"href":"https:\/\/www.csj-emballages.com\/es\/wp-json\/wp\/v2\/types\/product"}],"wp:featuredmedia":[{"embeddable":true,"href":"https:\/\/www.csj-emballages.com\/es\/wp-json\/wp\/v2\/media\/227339"}],"wp:attachment":[{"href":"https:\/\/www.csj-emballages.com\/es\/wp-json\/wp\/v2\/media?parent=265071"}],"wp:term":[{"taxonomy":"product_brand","embeddable":true,"href":"https:\/\/www.csj-emballages.com\/es\/wp-json\/wp\/v2\/product_brand?post=265071"},{"taxonomy":"product_cat","embeddable":true,"href":"https:\/\/www.csj-emballages.com\/es\/wp-json\/wp\/v2\/product_cat?post=265071"},{"taxonomy":"product_tag","embeddable":true,"href":"https:\/\/www.csj-emballages.com\/es\/wp-json\/wp\/v2\/product_tag?post=265071"}],"curies":[{"name":"wp","href":"https:\/\/api.w.org\/{rel}","templated":true}]}}