{"id":265064,"date":"2026-02-18T12:18:27","date_gmt":"2026-02-18T11:18:27","guid":{"rendered":"https:\/\/www.csj-emballages.com\/produit\/vasos-ecocup-blancos-28-cl-sin-marcar-pack-de-6\/"},"modified":"2026-03-12T16:23:59","modified_gmt":"2026-03-12T15:23:59","slug":"vasos-ecocup-blancos-28-cl-sin-marcar-pack-de-6","status":"publish","type":"product","link":"https:\/\/www.csj-emballages.com\/es\/produit\/vasos-ecocup-blancos-28-cl-sin-marcar-pack-de-6\/","title":{"rendered":"Vasos ecocup blancos 28 cl sin marcar, pack de 6"},"content":{"rendered":"<h2>Vaso ecocup<\/h2>\n<hr>\n<h3>Vaso ecocup blanco 28 cl sin marcar, pack de 6<\/h3>\n<p><!--more--><\/p>\n<p data-start=\"70\" data-end=\"420\">Los <strong>vasos ecocup blancos de 28 cl<\/strong> son un excelente producto para eventos, festivales, bares y establecimientos. Reutilizables y resistentes, sustituyen eficazmente a los <strong>vasos desechables<\/strong> en eventos puntuales o usos regulares. <\/p>\n<p data-start=\"422\" data-end=\"727\">Con su <strong>capacidad de 28 cl<\/strong>, son perfectos para <strong>bebidas fr\u00edas<\/strong> como <strong>refrescos, zumos, cervezas, c\u00f3cteles o aguas aromatizadas<\/strong>. Su acabado <strong>blanco<\/strong> ofrece un resultado sobrio y vers\u00e1til, adaptado a todo tipo de eventos: deportivos, culturales, privados o profesionales. <\/p>\n<p data-start=\"729\" data-end=\"1062\">Asimismo<strong>, sin marcaje<\/strong>, estos <strong>vasos Ecocup<\/strong> ofrecen total libertad de uso y son especialmente adecuados para las estructuras que desean gestionar por s\u00ed mismas sus vol\u00famenes de servicio. Su material robusto permite m\u00faltiples reutilizaciones sin agrietarse ni deformarse, garantizando as\u00ed una excelente relaci\u00f3n calidad\/precio a largo plazo. <\/p>\n<p data-start=\"1064\" data-end=\"1324\">En resumen, f\u00e1ciles de limpiar y almacenar, se integran perfectamente en un <strong>enfoque ecoresponsable<\/strong> al limitar los residuos.<\/p>\n<p data-start=\"1064\" data-end=\"1324\"><!--more--><\/p>\n<h4>Ventajas :<\/h4>\n<ul>\n<li data-start=\"1359\" data-end=\"1392\">Capacidad vers\u00e1til de <strong>28 cl<\/strong>.<\/li>\n<li data-start=\"1395\" data-end=\"1422\">Reutilizable y resistente.<\/li>\n<li data-start=\"1425\" data-end=\"1457\">Alternativa duradera a lo desechable.<\/li>\n<li data-start=\"1460\" data-end=\"1509\">Acabado <strong>blanco<\/strong> sobrio y moderno.<\/li>\n<li data-start=\"1512\" data-end=\"1553\">Sin marcaje para un uso flexible.<\/li>\n<li data-start=\"1556\" data-end=\"1602\">Ideal para eventos, festivales y barras.<\/li>\n<li data-start=\"1605\" data-end=\"1638\">Pr\u00e1ctico formato <strong>de 6 unidades<\/strong>.<\/li>\n<\/ul>\n<p>&nbsp;<\/p>\n<p><!--more--><\/p>\n<h4>Informaci\u00f3n adicional :<\/h4>\n<ul>\n<li><strong>Formato: <\/strong>Paquete de 6<\/li>\n<li><strong>Volumen: <\/strong>28 cl<\/li>\n<li><strong>Di\u00e1metro inferior:<\/strong> 52 mm<\/li>\n<li><strong>Di\u00e1metro superior: <\/strong>70 mm<\/li>\n<li><strong>Altura<\/strong>: 102 mm<\/li>\n<li><strong>Color: <\/strong>Blanco<\/li>\n<li><strong>Material: <\/strong>Polipropileno<\/li>\n<\/ul>\n<p>&nbsp;<\/p>\n<p><!--more--><\/p>\n<p>Estos vasos tambi\u00e9n est\u00e1n disponibles en transparente: <span style=\"color: #d12727;\"><a style=\"color: #d12727;\" href=\"https:\/\/www.csj-emballages.com\/es\/produit\/vaso-ecocup-transparente-28-cl-sin-graduar-pack-de-24\/\">ECO1<\/a><\/span><\/p>\n<p>&nbsp;<\/p>\n<p><!--more--><\/p>\n<p><a href=\"https:\/\/www.csj-emballages.com\/es\/categorie-produit\/envasado-de-alimentos\/platos-reutilizables\/\">Ver el resto de nuestra gama de platos reutilizables<\/a><\/p>\n","protected":false},"excerpt":{"rendered":"<p>Vaso ecocup Vaso ecocup blanco 28 cl sin marcar, pack de 6<\/p>\n","protected":false},"featured_media":265055,"template":"","meta":{"_acf_changed":false},"product_brand":[],"product_cat":[1150,1179,1462,1463,6718],"product_tag":[],"class_list":{"0":"post-265064","1":"product","2":"type-product","3":"status-publish","4":"has-post-thumbnail","6":"product_cat-envasado-de-alimentos","7":"product_cat-catering-es","8":"product_cat-tazas-vasos-cubos-botellas","9":"product_cat-vasos-y-tazas-irrompibles-y-reutilizables","10":"product_cat-platos-reutilizables","12":"first","13":"instock","14":"taxable","15":"shipping-taxable","16":"purchasable","17":"product-type-simple"},"acf":[],"yoast_head":"<!-- This site is optimized with the Yoast SEO Premium plugin v26.6 (Yoast SEO v26.6) - https:\/\/yoast.com\/wordpress\/plugins\/seo\/ -->\n<title>Vasos Ecocup Blancos 28 cl sin Marcar, pack de 6<\/title>\n<meta name=\"description\" content=\"Vaso ecocup blanco 28 cl sin graduar, reutilizable y resistente. Ideal para eventos, festivales y barras. Pack de 6 unidades.\" \/>\n<meta name=\"robots\" content=\"index, follow, max-snippet:-1, max-image-preview:large, max-video-preview:-1\" \/>\n<link rel=\"canonical\" href=\"https:\/\/www.csj-emballages.com\/es\/produit\/vasos-ecocup-blancos-28-cl-sin-marcar-pack-de-6\/\" \/>\n<meta property=\"og:locale\" content=\"es_ES\" \/>\n<meta property=\"og:type\" content=\"article\" \/>\n<meta property=\"og:title\" content=\"Vasos ecocup blancos 28 cl sin marcar, pack de 6\" \/>\n<meta property=\"og:description\" content=\"Vaso ecocup blanco 28 cl sin graduar, reutilizable y resistente. Ideal para eventos, festivales y barras. Pack de 6 unidades.\" \/>\n<meta property=\"og:url\" content=\"https:\/\/www.csj-emballages.com\/es\/produit\/vasos-ecocup-blancos-28-cl-sin-marcar-pack-de-6\/\" \/>\n<meta property=\"og:site_name\" content=\"CSJ Emballages\" \/>\n<meta property=\"article:publisher\" content=\"https:\/\/www.facebook.com\/csjemballages\" \/>\n<meta property=\"article:modified_time\" content=\"2026-03-12T15:23:59+00:00\" \/>\n<meta property=\"og:image\" content=\"https:\/\/www.csj-emballages.com\/wp-content\/uploads\/2026\/02\/ECO2.webp\" \/>\n\t<meta property=\"og:image:width\" content=\"800\" \/>\n\t<meta property=\"og:image:height\" content=\"800\" \/>\n\t<meta property=\"og:image:type\" content=\"image\/webp\" \/>\n<meta name=\"twitter:card\" content=\"summary_large_image\" \/>\n<meta name=\"twitter:label1\" content=\"Tiempo de lectura\" \/>\n\t<meta name=\"twitter:data1\" content=\"1 minuto\" \/>\n<script type=\"application\/ld+json\" class=\"yoast-schema-graph\">{\"@context\":\"https:\/\/schema.org\",\"@graph\":[{\"@type\":\"WebPage\",\"@id\":\"https:\/\/www.csj-emballages.com\/es\/produit\/vasos-ecocup-blancos-28-cl-sin-marcar-pack-de-6\/\",\"url\":\"https:\/\/www.csj-emballages.com\/es\/produit\/vasos-ecocup-blancos-28-cl-sin-marcar-pack-de-6\/\",\"name\":\"Vasos Ecocup Blancos 28 cl sin Marcar, pack de 6\",\"isPartOf\":{\"@id\":\"https:\/\/www.csj-emballages.com\/es\/#website\"},\"primaryImageOfPage\":{\"@id\":\"https:\/\/www.csj-emballages.com\/es\/produit\/vasos-ecocup-blancos-28-cl-sin-marcar-pack-de-6\/#primaryimage\"},\"image\":{\"@id\":\"https:\/\/www.csj-emballages.com\/es\/produit\/vasos-ecocup-blancos-28-cl-sin-marcar-pack-de-6\/#primaryimage\"},\"thumbnailUrl\":\"https:\/\/www.csj-emballages.com\/wp-content\/uploads\/2026\/02\/ECO2.webp\",\"datePublished\":\"2026-02-18T11:18:27+00:00\",\"dateModified\":\"2026-03-12T15:23:59+00:00\",\"description\":\"Vaso ecocup blanco 28 cl sin graduar, reutilizable y resistente. Ideal para eventos, festivales y barras. Pack de 6 unidades.\",\"breadcrumb\":{\"@id\":\"https:\/\/www.csj-emballages.com\/es\/produit\/vasos-ecocup-blancos-28-cl-sin-marcar-pack-de-6\/#breadcrumb\"},\"inLanguage\":\"es\",\"potentialAction\":[{\"@type\":\"ReadAction\",\"target\":[\"https:\/\/www.csj-emballages.com\/es\/produit\/vasos-ecocup-blancos-28-cl-sin-marcar-pack-de-6\/\"]}]},{\"@type\":\"ImageObject\",\"inLanguage\":\"es\",\"@id\":\"https:\/\/www.csj-emballages.com\/es\/produit\/vasos-ecocup-blancos-28-cl-sin-marcar-pack-de-6\/#primaryimage\",\"url\":\"https:\/\/www.csj-emballages.com\/wp-content\/uploads\/2026\/02\/ECO2.webp\",\"contentUrl\":\"https:\/\/www.csj-emballages.com\/wp-content\/uploads\/2026\/02\/ECO2.webp\",\"width\":800,\"height\":800,\"caption\":\"Gobelet \u00e9cocup\"},{\"@type\":\"BreadcrumbList\",\"@id\":\"https:\/\/www.csj-emballages.com\/es\/produit\/vasos-ecocup-blancos-28-cl-sin-marcar-pack-de-6\/#breadcrumb\",\"itemListElement\":[{\"@type\":\"ListItem\",\"position\":1,\"name\":\"Accueil\",\"item\":\"https:\/\/www.csj-emballages.com\/es\/universo-del-envasado-alimentario\/\"},{\"@type\":\"ListItem\",\"position\":2,\"name\":\"Tienda\",\"item\":\"https:\/\/www.csj-emballages.com\/tienda\/\"},{\"@type\":\"ListItem\",\"position\":3,\"name\":\"Vasos ecocup blancos 28 cl sin marcar, pack de 6\"}]},{\"@type\":\"WebSite\",\"@id\":\"https:\/\/www.csj-emballages.com\/es\/#website\",\"url\":\"https:\/\/www.csj-emballages.com\/es\/\",\"name\":\"CSJ Emballages\",\"description\":\"\",\"publisher\":{\"@id\":\"https:\/\/www.csj-emballages.com\/es\/#organization\"},\"potentialAction\":[{\"@type\":\"SearchAction\",\"target\":{\"@type\":\"EntryPoint\",\"urlTemplate\":\"https:\/\/www.csj-emballages.com\/es\/?s={search_term_string}\"},\"query-input\":{\"@type\":\"PropertyValueSpecification\",\"valueRequired\":true,\"valueName\":\"search_term_string\"}}],\"inLanguage\":\"es\"},{\"@type\":\"Organization\",\"@id\":\"https:\/\/www.csj-emballages.com\/es\/#Organization\/\",\"name\":\"CSJ Emballages\",\"url\":\"https:\/\/www.csj-emballages.com\/es\/\",\"logo\":{\"@type\":\"ImageObject\",\"inLanguage\":\"es\",\"@id\":\"https:\/\/www.csj-emballages.com\/es\/#\/schema\/logo\/image\/\",\"url\":\"https:\/\/www.csj-emballages.com\/wp-content\/uploads\/2023\/10\/logo_csj.webp\",\"contentUrl\":\"https:\/\/www.csj-emballages.com\/wp-content\/uploads\/2023\/10\/logo_csj.webp\",\"width\":250,\"height\":95,\"caption\":\"CSJ Emballages\"},\"image\":{\"@id\":\"https:\/\/www.csj-emballages.com\/es\/#\/schema\/logo\/image\/\"},\"sameAs\":[\"https:\/\/www.facebook.com\/csjemballages\"],\"address\":{\"@type\":\"PostalAddress\",\"streetAddress\":\"ZI La Lechere\",\"addressLocality\":\"Patornay\",\"postalCode\":\"39130\",\"addressCountry\":\"FR\"},\"contactPoint\":[{\"@type\":\"ContactPoint\",\"contactType\":\"Service client\",\"telephone\":\"0384254272\",\"email\":\"contact@csj-emballages.com\"}]}]}<\/script>\n<!-- \/ Yoast SEO Premium plugin. -->","yoast_head_json":{"title":"Vasos Ecocup Blancos 28 cl sin Marcar, pack de 6","description":"Vaso ecocup blanco 28 cl sin graduar, reutilizable y resistente. Ideal para eventos, festivales y barras. Pack de 6 unidades.","robots":{"index":"index","follow":"follow","max-snippet":"max-snippet:-1","max-image-preview":"max-image-preview:large","max-video-preview":"max-video-preview:-1"},"canonical":"https:\/\/www.csj-emballages.com\/es\/produit\/vasos-ecocup-blancos-28-cl-sin-marcar-pack-de-6\/","og_locale":"es_ES","og_type":"article","og_title":"Vasos ecocup blancos 28 cl sin marcar, pack de 6","og_description":"Vaso ecocup blanco 28 cl sin graduar, reutilizable y resistente. Ideal para eventos, festivales y barras. Pack de 6 unidades.","og_url":"https:\/\/www.csj-emballages.com\/es\/produit\/vasos-ecocup-blancos-28-cl-sin-marcar-pack-de-6\/","og_site_name":"CSJ Emballages","article_publisher":"https:\/\/www.facebook.com\/csjemballages","article_modified_time":"2026-03-12T15:23:59+00:00","og_image":[{"width":800,"height":800,"url":"https:\/\/www.csj-emballages.com\/wp-content\/uploads\/2026\/02\/ECO2.webp","type":"image\/webp"}],"twitter_card":"summary_large_image","twitter_misc":{"Tiempo de lectura":"1 minuto"},"schema":{"@context":"https:\/\/schema.org","@graph":[{"@type":"WebPage","@id":"https:\/\/www.csj-emballages.com\/es\/produit\/vasos-ecocup-blancos-28-cl-sin-marcar-pack-de-6\/","url":"https:\/\/www.csj-emballages.com\/es\/produit\/vasos-ecocup-blancos-28-cl-sin-marcar-pack-de-6\/","name":"Vasos Ecocup Blancos 28 cl sin Marcar, pack de 6","isPartOf":{"@id":"https:\/\/www.csj-emballages.com\/es\/#website"},"primaryImageOfPage":{"@id":"https:\/\/www.csj-emballages.com\/es\/produit\/vasos-ecocup-blancos-28-cl-sin-marcar-pack-de-6\/#primaryimage"},"image":{"@id":"https:\/\/www.csj-emballages.com\/es\/produit\/vasos-ecocup-blancos-28-cl-sin-marcar-pack-de-6\/#primaryimage"},"thumbnailUrl":"https:\/\/www.csj-emballages.com\/wp-content\/uploads\/2026\/02\/ECO2.webp","datePublished":"2026-02-18T11:18:27+00:00","dateModified":"2026-03-12T15:23:59+00:00","description":"Vaso ecocup blanco 28 cl sin graduar, reutilizable y resistente. Ideal para eventos, festivales y barras. Pack de 6 unidades.","breadcrumb":{"@id":"https:\/\/www.csj-emballages.com\/es\/produit\/vasos-ecocup-blancos-28-cl-sin-marcar-pack-de-6\/#breadcrumb"},"inLanguage":"es","potentialAction":[{"@type":"ReadAction","target":["https:\/\/www.csj-emballages.com\/es\/produit\/vasos-ecocup-blancos-28-cl-sin-marcar-pack-de-6\/"]}]},{"@type":"ImageObject","inLanguage":"es","@id":"https:\/\/www.csj-emballages.com\/es\/produit\/vasos-ecocup-blancos-28-cl-sin-marcar-pack-de-6\/#primaryimage","url":"https:\/\/www.csj-emballages.com\/wp-content\/uploads\/2026\/02\/ECO2.webp","contentUrl":"https:\/\/www.csj-emballages.com\/wp-content\/uploads\/2026\/02\/ECO2.webp","width":800,"height":800,"caption":"Gobelet \u00e9cocup"},{"@type":"BreadcrumbList","@id":"https:\/\/www.csj-emballages.com\/es\/produit\/vasos-ecocup-blancos-28-cl-sin-marcar-pack-de-6\/#breadcrumb","itemListElement":[{"@type":"ListItem","position":1,"name":"Accueil","item":"https:\/\/www.csj-emballages.com\/es\/universo-del-envasado-alimentario\/"},{"@type":"ListItem","position":2,"name":"Tienda","item":"https:\/\/www.csj-emballages.com\/tienda\/"},{"@type":"ListItem","position":3,"name":"Vasos ecocup blancos 28 cl sin marcar, pack de 6"}]},{"@type":"WebSite","@id":"https:\/\/www.csj-emballages.com\/es\/#website","url":"https:\/\/www.csj-emballages.com\/es\/","name":"CSJ Emballages","description":"","publisher":{"@id":"https:\/\/www.csj-emballages.com\/es\/#organization"},"potentialAction":[{"@type":"SearchAction","target":{"@type":"EntryPoint","urlTemplate":"https:\/\/www.csj-emballages.com\/es\/?s={search_term_string}"},"query-input":{"@type":"PropertyValueSpecification","valueRequired":true,"valueName":"search_term_string"}}],"inLanguage":"es"},{"@type":"Organization","@id":"https:\/\/www.csj-emballages.com\/es\/#Organization\/","name":"CSJ Emballages","url":"https:\/\/www.csj-emballages.com\/es\/","logo":{"@type":"ImageObject","inLanguage":"es","@id":"https:\/\/www.csj-emballages.com\/es\/#\/schema\/logo\/image\/","url":"https:\/\/www.csj-emballages.com\/wp-content\/uploads\/2023\/10\/logo_csj.webp","contentUrl":"https:\/\/www.csj-emballages.com\/wp-content\/uploads\/2023\/10\/logo_csj.webp","width":250,"height":95,"caption":"CSJ Emballages"},"image":{"@id":"https:\/\/www.csj-emballages.com\/es\/#\/schema\/logo\/image\/"},"sameAs":["https:\/\/www.facebook.com\/csjemballages"],"address":{"@type":"PostalAddress","streetAddress":"ZI La Lechere","addressLocality":"Patornay","postalCode":"39130","addressCountry":"FR"},"contactPoint":[{"@type":"ContactPoint","contactType":"Service client","telephone":"0384254272","email":"contact@csj-emballages.com"}]}]}},"df_price":1.66,"df_sale_price":"","df_regular_price":1.66,"df_image_link":"https:\/\/www.csj-emballages.com\/wp-content\/uploads\/2026\/02\/ECO2-300x300.webp","tiered_pricing_type":"fixed","tiered_pricing_fixed_rules":[],"tiered_pricing_percentage_rules":[],"tiered_pricing_minimum":1,"tiered_pricing_roles_data":[],"_links":{"self":[{"href":"https:\/\/www.csj-emballages.com\/es\/wp-json\/wp\/v2\/product\/265064","targetHints":{"allow":["GET"]}}],"collection":[{"href":"https:\/\/www.csj-emballages.com\/es\/wp-json\/wp\/v2\/product"}],"about":[{"href":"https:\/\/www.csj-emballages.com\/es\/wp-json\/wp\/v2\/types\/product"}],"wp:featuredmedia":[{"embeddable":true,"href":"https:\/\/www.csj-emballages.com\/es\/wp-json\/wp\/v2\/media\/265055"}],"wp:attachment":[{"href":"https:\/\/www.csj-emballages.com\/es\/wp-json\/wp\/v2\/media?parent=265064"}],"wp:term":[{"taxonomy":"product_brand","embeddable":true,"href":"https:\/\/www.csj-emballages.com\/es\/wp-json\/wp\/v2\/product_brand?post=265064"},{"taxonomy":"product_cat","embeddable":true,"href":"https:\/\/www.csj-emballages.com\/es\/wp-json\/wp\/v2\/product_cat?post=265064"},{"taxonomy":"product_tag","embeddable":true,"href":"https:\/\/www.csj-emballages.com\/es\/wp-json\/wp\/v2\/product_tag?post=265064"}],"curies":[{"name":"wp","href":"https:\/\/api.w.org\/{rel}","templated":true}]}}