{"id":264915,"date":"2026-02-17T16:18:21","date_gmt":"2026-02-17T15:18:21","guid":{"rendered":"https:\/\/www.csj-emballages.com\/produit\/molde-de-madera-para-horno-600-ml-con-papel-pack-de-10\/"},"modified":"2026-04-01T17:45:35","modified_gmt":"2026-04-01T15:45:35","slug":"molde-de-madera-para-horno-600-ml-con-papel-pack-de-10","status":"publish","type":"product","link":"https:\/\/www.csj-emballages.com\/es\/produit\/molde-de-madera-para-horno-600-ml-con-papel-pack-de-10\/","title":{"rendered":"Molde de madera para horno 600 ml con papel pack de 10"},"content":{"rendered":"<h2>Molde de madera<\/h2>\n<hr>\n<h3>Descubra nuestro molde de madera para horno 600 ml con papel pack de 10<\/h3>\n<p><!--more--><\/p>\n<p data-start=\"248\" data-end=\"506\"><strong>El molde de madera para horno 600 ml<\/strong> es la soluci\u00f3n pr\u00e1ctica y est\u00e9tica para preparar y presentar sus recetas con un estilo r\u00fastico y natural. Con sus dimensiones <strong>\u00d814 x 4 cm<\/strong>, ofrece una capacidad ideal para porciones individuales generosas. <\/p>\n<p data-start=\"508\" data-end=\"752\">Fabricado en <strong>madera de \u00e1lamo<\/strong>, incorpora un <strong>molde interior de papel siliconado<\/strong> especialmente <strong>apto para horneado<\/strong>. Este revestimiento evita que los alimentos se peguen y garantiza un desmolde f\u00e1cil y limpio, a la vez que asegura una cocci\u00f3n uniforme. <\/p>\n<p data-start=\"754\" data-end=\"1122\">Resistente al horno, este <strong>cuenco de madera<\/strong> permite <strong>hornear, recalentar y servir<\/strong> directamente en el mismo recipiente. As\u00ed, simplifica la organizaci\u00f3n en el obrador, optimiza el tiempo de preparaci\u00f3n y mejora la presentaci\u00f3n final. Su dise\u00f1o en <strong>madera natural<\/strong> aporta un valor a\u00f1adido real a sus creaciones, reforzando la imagen artesanal y aut\u00e9ntica de sus productos.  <\/p>\n<p data-start=\"1124\" data-end=\"1460\">Ideal para recetas dulces como <strong>panecillos, flanes, bizcochos y postres creativos<\/strong>, tambi\u00e9n es perfecto para preparaciones saladas como <strong>quiches o tartaletas<\/strong>. Muy apreciado en panader\u00eda, pasteler\u00eda, confiter\u00eda y catering, este formato original permite destacar con una presentaci\u00f3n cuidada y duradera. <\/p>\n<p data-start=\"1462\" data-end=\"1547\">Envasado en <strong>lote de 10 unidades<\/strong>, responde a las necesidades de los profesionales m\u00e1s exigentes.<\/p>\n<p data-start=\"1462\" data-end=\"1547\"><!--more--><\/p>\n<h4 data-start=\"1462\" data-end=\"1547\">Ventajas :<\/h4>\n<ul>\n<li data-start=\"1630\" data-end=\"1670\"><strong>Madera de \u00e1lamo<\/strong> natural y est\u00e9tica.<\/li>\n<li data-start=\"1673\" data-end=\"1714\"><strong>Papel siliconado<\/strong> interior antiadherente.<\/li>\n<li data-start=\"1717\" data-end=\"1749\">Resistente al horneado en horno.<\/li>\n<li data-start=\"1752\" data-end=\"1804\">Horneado, recalentado y servicio en el mismo molde.<\/li>\n<li data-start=\"1807\" data-end=\"1856\">Presentaci\u00f3n r\u00fastica y artesanal que realza.<\/li>\n<li data-start=\"1859\" data-end=\"1898\">Apto para <strong>recetas dulces y saladas<\/strong>.<\/li>\n<li data-start=\"1901\" data-end=\"1949\">Ideal para panaderos, pasteleros y servicios de catering.<\/li>\n<\/ul>\n<p>&nbsp;<\/p>\n<p><!--more--><\/p>\n<h4>Informaci\u00f3n adicional :<\/h4>\n<ul>\n<li><strong>Envase<\/strong>: Paquete de 10<\/li>\n<li><strong>Di\u00e1metro<\/strong>: 14 cm<\/li>\n<li><strong>Altura<\/strong>: 4 cm<\/li>\n<li><strong>Volumen<\/strong>: 600 ml<\/li>\n<li><strong>Temperatura de uso<\/strong> : &#8211; 18\u00baC \/ + 220\u00baC<\/li>\n<li><strong>Material<\/strong> : Madera \/ Papel<\/li>\n<\/ul>\n<p>&nbsp;<\/p>\n<p><!--more--><\/p>\n<p>Este molde de madera para hornear est\u00e1 disponible en diferentes tama\u00f1os: <span style=\"color: #d12727;\"><a style=\"color: #d12727;\" href=\"https:\/\/www.csj-emballages.com\/es\/produit\/molde-de-madera-para-hornear-235-ml-con-papel-pack-de-10\/\">235 ml<\/a><\/span> \/ <span style=\"color: #d12727;\"><a style=\"color: #d12727;\" href=\"https:\/\/www.csj-emballages.com\/es\/produit\/molde-de-madera-para-hornear-545-ml-con-papel-pack-de-10\/\">545 ml<\/a><\/span> \/ <span style=\"color: #d12727;\"><a style=\"color: #d12727;\" href=\"https:\/\/www.csj-emballages.com\/es\/produit\/molde-de-madera-para-hornear-700-ml-con-papel-pack-de-10\/\">700 ml<\/a><\/span><\/p>\n<p>&nbsp;<\/p>\n<p><!--more--><\/p>\n<p><a href=\"https:\/\/www.csj-emballages.com\/es\/categorie-produit\/envasado-de-alimentos\/carniceria-y-charcuteria\/bandejas-latas-y-tarros\/moldes-de-madera\/\">Consulte el resto de nuestra gama de moldes de madera<\/a><\/p>\n","protected":false},"excerpt":{"rendered":"<p>Molde de madera Descubra nuestro molde de madera para horno 600 ml con papel pack de 10<\/p>\n","protected":false},"featured_media":264914,"template":"","meta":{"_acf_changed":false},"product_brand":[],"product_cat":[1150,1143,2296,10259,1179,3879,10263],"product_tag":[],"class_list":{"0":"post-264915","1":"product","2":"type-product","3":"status-publish","4":"has-post-thumbnail","6":"product_cat-envasado-de-alimentos","7":"product_cat-carniceria-y-charcuteria","8":"product_cat-bandejas-latas-y-tarros","9":"product_cat-moldes-de-madera","10":"product_cat-catering-es","11":"product_cat-ollas-cuencos-portavasos","14":"first","15":"outofstock","16":"taxable","17":"shipping-taxable","18":"purchasable","19":"product-type-simple"},"acf":[],"yoast_head":"<!-- This site is optimized with the Yoast SEO Premium plugin v26.6 (Yoast SEO v26.6) - https:\/\/yoast.com\/wordpress\/plugins\/seo\/ -->\n<title>Molde de Madera para Horno 600 ml con Papel Pack de 10<\/title>\n<meta name=\"description\" content=\"Molde de madera para horno 600 ml con papel pack de 10. Ideal para bizcochos y brioches, cocci\u00f3n directa y presentaci\u00f3n artesanal.\" \/>\n<meta name=\"robots\" content=\"index, follow, max-snippet:-1, max-image-preview:large, max-video-preview:-1\" \/>\n<link rel=\"canonical\" href=\"https:\/\/www.csj-emballages.com\/es\/produit\/molde-de-madera-para-horno-600-ml-con-papel-pack-de-10\/\" \/>\n<meta property=\"og:locale\" content=\"es_ES\" \/>\n<meta property=\"og:type\" content=\"article\" \/>\n<meta property=\"og:title\" content=\"Molde de madera para horno 600 ml con papel pack de 10\" \/>\n<meta property=\"og:description\" content=\"Molde de madera para horno 600 ml con papel pack de 10. Ideal para bizcochos y brioches, cocci\u00f3n directa y presentaci\u00f3n artesanal.\" \/>\n<meta property=\"og:url\" content=\"https:\/\/www.csj-emballages.com\/es\/produit\/molde-de-madera-para-horno-600-ml-con-papel-pack-de-10\/\" \/>\n<meta property=\"og:site_name\" content=\"CSJ Emballages\" \/>\n<meta property=\"article:publisher\" content=\"https:\/\/www.facebook.com\/csjemballages\" \/>\n<meta property=\"article:modified_time\" content=\"2026-04-01T15:45:35+00:00\" \/>\n<meta property=\"og:image\" content=\"https:\/\/www.csj-emballages.com\/wp-content\/uploads\/2026\/02\/28052.webp\" \/>\n\t<meta property=\"og:image:width\" content=\"800\" \/>\n\t<meta property=\"og:image:height\" content=\"800\" \/>\n\t<meta property=\"og:image:type\" content=\"image\/webp\" \/>\n<meta name=\"twitter:card\" content=\"summary_large_image\" \/>\n<meta name=\"twitter:label1\" content=\"Tiempo de lectura\" \/>\n\t<meta name=\"twitter:data1\" content=\"2 minutos\" \/>\n<script type=\"application\/ld+json\" class=\"yoast-schema-graph\">{\"@context\":\"https:\/\/schema.org\",\"@graph\":[{\"@type\":\"WebPage\",\"@id\":\"https:\/\/www.csj-emballages.com\/es\/produit\/molde-de-madera-para-horno-600-ml-con-papel-pack-de-10\/\",\"url\":\"https:\/\/www.csj-emballages.com\/es\/produit\/molde-de-madera-para-horno-600-ml-con-papel-pack-de-10\/\",\"name\":\"Molde de Madera para Horno 600 ml con Papel Pack de 10\",\"isPartOf\":{\"@id\":\"https:\/\/www.csj-emballages.com\/es\/#website\"},\"primaryImageOfPage\":{\"@id\":\"https:\/\/www.csj-emballages.com\/es\/produit\/molde-de-madera-para-horno-600-ml-con-papel-pack-de-10\/#primaryimage\"},\"image\":{\"@id\":\"https:\/\/www.csj-emballages.com\/es\/produit\/molde-de-madera-para-horno-600-ml-con-papel-pack-de-10\/#primaryimage\"},\"thumbnailUrl\":\"https:\/\/www.csj-emballages.com\/wp-content\/uploads\/2026\/02\/28052.webp\",\"datePublished\":\"2026-02-17T15:18:21+00:00\",\"dateModified\":\"2026-04-01T15:45:35+00:00\",\"description\":\"Molde de madera para horno 600 ml con papel pack de 10. Ideal para bizcochos y brioches, cocci\u00f3n directa y presentaci\u00f3n artesanal.\",\"breadcrumb\":{\"@id\":\"https:\/\/www.csj-emballages.com\/es\/produit\/molde-de-madera-para-horno-600-ml-con-papel-pack-de-10\/#breadcrumb\"},\"inLanguage\":\"es\",\"potentialAction\":[{\"@type\":\"ReadAction\",\"target\":[\"https:\/\/www.csj-emballages.com\/es\/produit\/molde-de-madera-para-horno-600-ml-con-papel-pack-de-10\/\"]}]},{\"@type\":\"ImageObject\",\"inLanguage\":\"es\",\"@id\":\"https:\/\/www.csj-emballages.com\/es\/produit\/molde-de-madera-para-horno-600-ml-con-papel-pack-de-10\/#primaryimage\",\"url\":\"https:\/\/www.csj-emballages.com\/wp-content\/uploads\/2026\/02\/28052.webp\",\"contentUrl\":\"https:\/\/www.csj-emballages.com\/wp-content\/uploads\/2026\/02\/28052.webp\",\"width\":800,\"height\":800,\"caption\":\"Moule en bois\"},{\"@type\":\"BreadcrumbList\",\"@id\":\"https:\/\/www.csj-emballages.com\/es\/produit\/molde-de-madera-para-horno-600-ml-con-papel-pack-de-10\/#breadcrumb\",\"itemListElement\":[{\"@type\":\"ListItem\",\"position\":1,\"name\":\"Accueil\",\"item\":\"https:\/\/www.csj-emballages.com\/es\/universo-del-envasado-alimentario\/\"},{\"@type\":\"ListItem\",\"position\":2,\"name\":\"Tienda\",\"item\":\"https:\/\/www.csj-emballages.com\/tienda\/\"},{\"@type\":\"ListItem\",\"position\":3,\"name\":\"Molde de madera para horno 600 ml con papel pack de 10\"}]},{\"@type\":\"WebSite\",\"@id\":\"https:\/\/www.csj-emballages.com\/es\/#website\",\"url\":\"https:\/\/www.csj-emballages.com\/es\/\",\"name\":\"CSJ Emballages\",\"description\":\"\",\"publisher\":{\"@id\":\"https:\/\/www.csj-emballages.com\/es\/#organization\"},\"potentialAction\":[{\"@type\":\"SearchAction\",\"target\":{\"@type\":\"EntryPoint\",\"urlTemplate\":\"https:\/\/www.csj-emballages.com\/es\/?s={search_term_string}\"},\"query-input\":{\"@type\":\"PropertyValueSpecification\",\"valueRequired\":true,\"valueName\":\"search_term_string\"}}],\"inLanguage\":\"es\"},{\"@type\":\"Organization\",\"@id\":\"https:\/\/www.csj-emballages.com\/es\/#Organization\/\",\"name\":\"CSJ Emballages\",\"url\":\"https:\/\/www.csj-emballages.com\/es\/\",\"logo\":{\"@type\":\"ImageObject\",\"inLanguage\":\"es\",\"@id\":\"https:\/\/www.csj-emballages.com\/es\/#\/schema\/logo\/image\/\",\"url\":\"https:\/\/www.csj-emballages.com\/wp-content\/uploads\/2023\/10\/logo_csj.webp\",\"contentUrl\":\"https:\/\/www.csj-emballages.com\/wp-content\/uploads\/2023\/10\/logo_csj.webp\",\"width\":250,\"height\":95,\"caption\":\"CSJ Emballages\"},\"image\":{\"@id\":\"https:\/\/www.csj-emballages.com\/es\/#\/schema\/logo\/image\/\"},\"sameAs\":[\"https:\/\/www.facebook.com\/csjemballages\"],\"address\":{\"@type\":\"PostalAddress\",\"streetAddress\":\"ZI La Lechere\",\"addressLocality\":\"Patornay\",\"postalCode\":\"39130\",\"addressCountry\":\"FR\"},\"contactPoint\":[{\"@type\":\"ContactPoint\",\"contactType\":\"Service client\",\"telephone\":\"0384254272\",\"email\":\"contact@csj-emballages.com\"}]}]}<\/script>\n<!-- \/ Yoast SEO Premium plugin. -->","yoast_head_json":{"title":"Molde de Madera para Horno 600 ml con Papel Pack de 10","description":"Molde de madera para horno 600 ml con papel pack de 10. Ideal para bizcochos y brioches, cocci\u00f3n directa y presentaci\u00f3n artesanal.","robots":{"index":"index","follow":"follow","max-snippet":"max-snippet:-1","max-image-preview":"max-image-preview:large","max-video-preview":"max-video-preview:-1"},"canonical":"https:\/\/www.csj-emballages.com\/es\/produit\/molde-de-madera-para-horno-600-ml-con-papel-pack-de-10\/","og_locale":"es_ES","og_type":"article","og_title":"Molde de madera para horno 600 ml con papel pack de 10","og_description":"Molde de madera para horno 600 ml con papel pack de 10. Ideal para bizcochos y brioches, cocci\u00f3n directa y presentaci\u00f3n artesanal.","og_url":"https:\/\/www.csj-emballages.com\/es\/produit\/molde-de-madera-para-horno-600-ml-con-papel-pack-de-10\/","og_site_name":"CSJ Emballages","article_publisher":"https:\/\/www.facebook.com\/csjemballages","article_modified_time":"2026-04-01T15:45:35+00:00","og_image":[{"width":800,"height":800,"url":"https:\/\/www.csj-emballages.com\/wp-content\/uploads\/2026\/02\/28052.webp","type":"image\/webp"}],"twitter_card":"summary_large_image","twitter_misc":{"Tiempo de lectura":"2 minutos"},"schema":{"@context":"https:\/\/schema.org","@graph":[{"@type":"WebPage","@id":"https:\/\/www.csj-emballages.com\/es\/produit\/molde-de-madera-para-horno-600-ml-con-papel-pack-de-10\/","url":"https:\/\/www.csj-emballages.com\/es\/produit\/molde-de-madera-para-horno-600-ml-con-papel-pack-de-10\/","name":"Molde de Madera para Horno 600 ml con Papel Pack de 10","isPartOf":{"@id":"https:\/\/www.csj-emballages.com\/es\/#website"},"primaryImageOfPage":{"@id":"https:\/\/www.csj-emballages.com\/es\/produit\/molde-de-madera-para-horno-600-ml-con-papel-pack-de-10\/#primaryimage"},"image":{"@id":"https:\/\/www.csj-emballages.com\/es\/produit\/molde-de-madera-para-horno-600-ml-con-papel-pack-de-10\/#primaryimage"},"thumbnailUrl":"https:\/\/www.csj-emballages.com\/wp-content\/uploads\/2026\/02\/28052.webp","datePublished":"2026-02-17T15:18:21+00:00","dateModified":"2026-04-01T15:45:35+00:00","description":"Molde de madera para horno 600 ml con papel pack de 10. Ideal para bizcochos y brioches, cocci\u00f3n directa y presentaci\u00f3n artesanal.","breadcrumb":{"@id":"https:\/\/www.csj-emballages.com\/es\/produit\/molde-de-madera-para-horno-600-ml-con-papel-pack-de-10\/#breadcrumb"},"inLanguage":"es","potentialAction":[{"@type":"ReadAction","target":["https:\/\/www.csj-emballages.com\/es\/produit\/molde-de-madera-para-horno-600-ml-con-papel-pack-de-10\/"]}]},{"@type":"ImageObject","inLanguage":"es","@id":"https:\/\/www.csj-emballages.com\/es\/produit\/molde-de-madera-para-horno-600-ml-con-papel-pack-de-10\/#primaryimage","url":"https:\/\/www.csj-emballages.com\/wp-content\/uploads\/2026\/02\/28052.webp","contentUrl":"https:\/\/www.csj-emballages.com\/wp-content\/uploads\/2026\/02\/28052.webp","width":800,"height":800,"caption":"Moule en bois"},{"@type":"BreadcrumbList","@id":"https:\/\/www.csj-emballages.com\/es\/produit\/molde-de-madera-para-horno-600-ml-con-papel-pack-de-10\/#breadcrumb","itemListElement":[{"@type":"ListItem","position":1,"name":"Accueil","item":"https:\/\/www.csj-emballages.com\/es\/universo-del-envasado-alimentario\/"},{"@type":"ListItem","position":2,"name":"Tienda","item":"https:\/\/www.csj-emballages.com\/tienda\/"},{"@type":"ListItem","position":3,"name":"Molde de madera para horno 600 ml con papel pack de 10"}]},{"@type":"WebSite","@id":"https:\/\/www.csj-emballages.com\/es\/#website","url":"https:\/\/www.csj-emballages.com\/es\/","name":"CSJ Emballages","description":"","publisher":{"@id":"https:\/\/www.csj-emballages.com\/es\/#organization"},"potentialAction":[{"@type":"SearchAction","target":{"@type":"EntryPoint","urlTemplate":"https:\/\/www.csj-emballages.com\/es\/?s={search_term_string}"},"query-input":{"@type":"PropertyValueSpecification","valueRequired":true,"valueName":"search_term_string"}}],"inLanguage":"es"},{"@type":"Organization","@id":"https:\/\/www.csj-emballages.com\/es\/#Organization\/","name":"CSJ Emballages","url":"https:\/\/www.csj-emballages.com\/es\/","logo":{"@type":"ImageObject","inLanguage":"es","@id":"https:\/\/www.csj-emballages.com\/es\/#\/schema\/logo\/image\/","url":"https:\/\/www.csj-emballages.com\/wp-content\/uploads\/2023\/10\/logo_csj.webp","contentUrl":"https:\/\/www.csj-emballages.com\/wp-content\/uploads\/2023\/10\/logo_csj.webp","width":250,"height":95,"caption":"CSJ Emballages"},"image":{"@id":"https:\/\/www.csj-emballages.com\/es\/#\/schema\/logo\/image\/"},"sameAs":["https:\/\/www.facebook.com\/csjemballages"],"address":{"@type":"PostalAddress","streetAddress":"ZI La Lechere","addressLocality":"Patornay","postalCode":"39130","addressCountry":"FR"},"contactPoint":[{"@type":"ContactPoint","contactType":"Service client","telephone":"0384254272","email":"contact@csj-emballages.com"}]}]}},"df_price":8.74,"df_sale_price":"","df_regular_price":8.74,"df_image_link":"https:\/\/www.csj-emballages.com\/wp-content\/uploads\/2026\/02\/28052-300x300.webp","tiered_pricing_type":"fixed","tiered_pricing_fixed_rules":[],"tiered_pricing_percentage_rules":[],"tiered_pricing_minimum":1,"tiered_pricing_roles_data":[],"_links":{"self":[{"href":"https:\/\/www.csj-emballages.com\/es\/wp-json\/wp\/v2\/product\/264915","targetHints":{"allow":["GET"]}}],"collection":[{"href":"https:\/\/www.csj-emballages.com\/es\/wp-json\/wp\/v2\/product"}],"about":[{"href":"https:\/\/www.csj-emballages.com\/es\/wp-json\/wp\/v2\/types\/product"}],"wp:featuredmedia":[{"embeddable":true,"href":"https:\/\/www.csj-emballages.com\/es\/wp-json\/wp\/v2\/media\/264914"}],"wp:attachment":[{"href":"https:\/\/www.csj-emballages.com\/es\/wp-json\/wp\/v2\/media?parent=264915"}],"wp:term":[{"taxonomy":"product_brand","embeddable":true,"href":"https:\/\/www.csj-emballages.com\/es\/wp-json\/wp\/v2\/product_brand?post=264915"},{"taxonomy":"product_cat","embeddable":true,"href":"https:\/\/www.csj-emballages.com\/es\/wp-json\/wp\/v2\/product_cat?post=264915"},{"taxonomy":"product_tag","embeddable":true,"href":"https:\/\/www.csj-emballages.com\/es\/wp-json\/wp\/v2\/product_tag?post=264915"}],"curies":[{"name":"wp","href":"https:\/\/api.w.org\/{rel}","templated":true}]}}