{"id":264790,"date":"2026-01-23T17:18:33","date_gmt":"2026-01-23T16:18:33","guid":{"rendered":"https:\/\/www.csj-emballages.com\/produit\/boquilla-de-reposteria-decorativa-azul-cielo-de-plastico-pack-de-24\/"},"modified":"2026-03-12T16:08:54","modified_gmt":"2026-03-12T15:08:54","slug":"boquilla-de-reposteria-decorativa-azul-cielo-de-plastico-pack-de-24","status":"publish","type":"product","link":"https:\/\/www.csj-emballages.com\/es\/produit\/boquilla-de-reposteria-decorativa-azul-cielo-de-plastico-pack-de-24\/","title":{"rendered":"Boquilla de reposter\u00eda decorativa azul cielo de pl\u00e1stico, pack de 24"},"content":{"rendered":"<h2>Boquilla de reposter\u00eda<\/h2>\n<hr>\n<h3>Descubra nuestra boquilla de reposter\u00eda decorativa azul cielo de pl\u00e1stico, pack de 24<\/h3>\n<p><!--more--><\/p>\n<p data-start=\"243\" data-end=\"569\">El <strong>pack de 24 boquillas de reposter\u00eda decorativas azul cielo<\/strong> de <strong>pl\u00e1stico<\/strong> es la herramienta ideal para realizar decoraciones variadas y cuidadas en todas sus creaciones dulces y saladas. Dise\u00f1ado tanto para profesionales como para aficionados a la reposter\u00eda, este <strong>set completo<\/strong> permite multiplicar los efectos y las texturas con total facilidad. <\/p>\n<p data-start=\"571\" data-end=\"859\">Fabricadas en <strong>pl\u00e1stico<\/strong> resistente de calidad alimentaria, estas <strong>boquillas<\/strong> aseguran un decorado preciso y uniforme. Su <strong>color azul cielo transl\u00facido<\/strong> permite visualizar f\u00e1cilmente la preparaci\u00f3n dentro de la manga pastelera, facilitando as\u00ed el trabajo en el obrador o en la cocina. <\/p>\n<p data-start=\"861\" data-end=\"1166\">El <strong>estuche incluye 24 formas diferentes<\/strong>: <strong>estrellas abiertas y cerradas, lisas, rizadas, de p\u00e9talo o motivos espec\u00edficos<\/strong>. Son ideales para decorar cupcakes, tartas, \u00e9clairs, lionesas, postres, galletas, pero tambi\u00e9n para trabajar preparaciones saladas como pur\u00e9s o mousses aperitivo. <\/p>\n<p data-start=\"1168\" data-end=\"1370\">Ligeras y f\u00e1ciles de manipular, estas <strong>boquillas<\/strong> son adecuadas tanto para un uso intensivo como ocasional. Un conjunto completo y vers\u00e1til para dar rienda suelta a su creatividad. <\/p>\n<p data-start=\"1168\" data-end=\"1370\"><!--more--><\/p>\n<h4 data-start=\"1168\" data-end=\"1370\">Ventajas :<\/h4>\n<ul>\n<li data-start=\"1408\" data-end=\"1448\">Pack completo de <strong>24 boquillas decorativas<\/strong>.<\/li>\n<li data-start=\"1451\" data-end=\"1500\">Pl\u00e1stico resistente apto para contacto alimentario.<\/li>\n<li data-start=\"1503\" data-end=\"1560\"><strong>Color azul cielo transl\u00facido<\/strong> para una mejor visibilidad.<\/li>\n<li data-start=\"1563\" data-end=\"1609\">Amplia variedad de formas para decoraciones creativas.<\/li>\n<li data-start=\"1612\" data-end=\"1641\">Decorado preciso y uniforme.<\/li>\n<li data-start=\"1692\" data-end=\"1712\">F\u00e1ciles de limpiar.<\/li>\n<\/ul>\n<p>&nbsp;<\/p>\n<p><!--more--><\/p>\n<h4>Informaci\u00f3n adicional :<\/h4>\n<ul>\n<li><strong>Presentaci\u00f3n<\/strong>: Paquete de 24<\/li>\n<li><strong>Color<\/strong>: Azul cielo<\/li>\n<li><strong>Material<\/strong>: Pl\u00e1stico<\/li>\n<\/ul>\n<p>&nbsp;<\/p>\n<p><!--more--><\/p>\n<p>Este juego de 24 boquillas tambi\u00e9n est\u00e1 disponible en un juego de 12 boquillas: <span style=\"color: #d12727;\"><a style=\"color: #d12727;\" href=\"https:\/\/www.csj-emballages.com\/es\/produit\/boquilla-de-reposteria-decorativa-azul-cielo-de-tritan-12-uds\/\">17868<\/a><\/span><\/p>\n<p>&nbsp;<\/p>\n<p><!--more--><\/p>\n<p><a href=\"https:\/\/www.csj-emballages.com\/es\/categorie-produit\/envasado-de-alimentos\/panaderia-y-pasteleria\/accesorios-y-equipamiento\/bolsas-de-enchufe\/\">Consulte el resto de nuestra gama de boquillas \/ mangas<\/a><\/p>\n","protected":false},"excerpt":{"rendered":"<p>Boquilla de reposter\u00eda Descubra nuestra boquilla de reposter\u00eda decorativa azul cielo de pl\u00e1stico, pack de 24<\/p>\n","protected":false},"featured_media":264787,"template":"","meta":{"_acf_changed":false},"product_brand":[],"product_cat":[1150,1145,3870,3158],"product_tag":[],"class_list":{"0":"post-264790","1":"product","2":"type-product","3":"status-publish","4":"has-post-thumbnail","6":"product_cat-envasado-de-alimentos","7":"product_cat-panaderia-y-pasteleria","8":"product_cat-accesorios-y-equipamiento","9":"product_cat-bolsas-de-enchufe","11":"first","12":"instock","13":"taxable","14":"shipping-taxable","15":"purchasable","16":"product-type-simple"},"acf":[],"yoast_head":"<!-- This site is optimized with the Yoast SEO Premium plugin v26.6 (Yoast SEO v26.6) - https:\/\/yoast.com\/wordpress\/plugins\/seo\/ -->\n<title>Boquilla de Reposter\u00eda Decorativa Azul Cielo de Pl\u00e1stico, Pack de 24<\/title>\n<meta name=\"description\" content=\"Boquilla de reposter\u00eda decorativa azul cielo de pl\u00e1stico, pack de 24. Ideales para decorar tartas, cupcakes y postres con precisi\u00f3n.\" \/>\n<meta name=\"robots\" content=\"index, follow, max-snippet:-1, max-image-preview:large, max-video-preview:-1\" \/>\n<link rel=\"canonical\" href=\"https:\/\/www.csj-emballages.com\/es\/produit\/boquilla-de-reposteria-decorativa-azul-cielo-de-plastico-pack-de-24\/\" \/>\n<meta property=\"og:locale\" content=\"es_ES\" \/>\n<meta property=\"og:type\" content=\"article\" \/>\n<meta property=\"og:title\" content=\"Boquilla de reposter\u00eda decorativa azul cielo de pl\u00e1stico, pack de 24\" \/>\n<meta property=\"og:description\" content=\"Boquilla de reposter\u00eda decorativa azul cielo de pl\u00e1stico, pack de 24. Ideales para decorar tartas, cupcakes y postres con precisi\u00f3n.\" \/>\n<meta property=\"og:url\" content=\"https:\/\/www.csj-emballages.com\/es\/produit\/boquilla-de-reposteria-decorativa-azul-cielo-de-plastico-pack-de-24\/\" \/>\n<meta property=\"og:site_name\" content=\"CSJ Emballages\" \/>\n<meta property=\"article:publisher\" content=\"https:\/\/www.facebook.com\/csjemballages\" \/>\n<meta property=\"article:modified_time\" content=\"2026-03-12T15:08:54+00:00\" \/>\n<meta property=\"og:image\" content=\"https:\/\/www.csj-emballages.com\/wp-content\/uploads\/2026\/01\/45468.webp\" \/>\n\t<meta property=\"og:image:width\" content=\"800\" \/>\n\t<meta property=\"og:image:height\" content=\"800\" \/>\n\t<meta property=\"og:image:type\" content=\"image\/jpeg\" \/>\n<meta name=\"twitter:card\" content=\"summary_large_image\" \/>\n<meta name=\"twitter:label1\" content=\"Tiempo de lectura\" \/>\n\t<meta name=\"twitter:data1\" content=\"1 minuto\" \/>\n<script type=\"application\/ld+json\" class=\"yoast-schema-graph\">{\"@context\":\"https:\/\/schema.org\",\"@graph\":[{\"@type\":\"WebPage\",\"@id\":\"https:\/\/www.csj-emballages.com\/es\/produit\/boquilla-de-reposteria-decorativa-azul-cielo-de-plastico-pack-de-24\/\",\"url\":\"https:\/\/www.csj-emballages.com\/es\/produit\/boquilla-de-reposteria-decorativa-azul-cielo-de-plastico-pack-de-24\/\",\"name\":\"Boquilla de Reposter\u00eda Decorativa Azul Cielo de Pl\u00e1stico, Pack de 24\",\"isPartOf\":{\"@id\":\"https:\/\/www.csj-emballages.com\/es\/#website\"},\"primaryImageOfPage\":{\"@id\":\"https:\/\/www.csj-emballages.com\/es\/produit\/boquilla-de-reposteria-decorativa-azul-cielo-de-plastico-pack-de-24\/#primaryimage\"},\"image\":{\"@id\":\"https:\/\/www.csj-emballages.com\/es\/produit\/boquilla-de-reposteria-decorativa-azul-cielo-de-plastico-pack-de-24\/#primaryimage\"},\"thumbnailUrl\":\"https:\/\/www.csj-emballages.com\/wp-content\/uploads\/2026\/01\/45468.webp\",\"datePublished\":\"2026-01-23T16:18:33+00:00\",\"dateModified\":\"2026-03-12T15:08:54+00:00\",\"description\":\"Boquilla de reposter\u00eda decorativa azul cielo de pl\u00e1stico, pack de 24. Ideales para decorar tartas, cupcakes y postres con precisi\u00f3n.\",\"breadcrumb\":{\"@id\":\"https:\/\/www.csj-emballages.com\/es\/produit\/boquilla-de-reposteria-decorativa-azul-cielo-de-plastico-pack-de-24\/#breadcrumb\"},\"inLanguage\":\"es\",\"potentialAction\":[{\"@type\":\"ReadAction\",\"target\":[\"https:\/\/www.csj-emballages.com\/es\/produit\/boquilla-de-reposteria-decorativa-azul-cielo-de-plastico-pack-de-24\/\"]}]},{\"@type\":\"ImageObject\",\"inLanguage\":\"es\",\"@id\":\"https:\/\/www.csj-emballages.com\/es\/produit\/boquilla-de-reposteria-decorativa-azul-cielo-de-plastico-pack-de-24\/#primaryimage\",\"url\":\"https:\/\/www.csj-emballages.com\/wp-content\/uploads\/2026\/01\/45468.webp\",\"contentUrl\":\"https:\/\/www.csj-emballages.com\/wp-content\/uploads\/2026\/01\/45468.webp\",\"width\":800,\"height\":800,\"caption\":\"Douille p\u00e2tisserie\"},{\"@type\":\"BreadcrumbList\",\"@id\":\"https:\/\/www.csj-emballages.com\/es\/produit\/boquilla-de-reposteria-decorativa-azul-cielo-de-plastico-pack-de-24\/#breadcrumb\",\"itemListElement\":[{\"@type\":\"ListItem\",\"position\":1,\"name\":\"Accueil\",\"item\":\"https:\/\/www.csj-emballages.com\/es\/universo-del-envasado-alimentario\/\"},{\"@type\":\"ListItem\",\"position\":2,\"name\":\"Tienda\",\"item\":\"https:\/\/www.csj-emballages.com\/tienda\/\"},{\"@type\":\"ListItem\",\"position\":3,\"name\":\"Boquilla de reposter\u00eda decorativa azul cielo de pl\u00e1stico, pack de 24\"}]},{\"@type\":\"WebSite\",\"@id\":\"https:\/\/www.csj-emballages.com\/es\/#website\",\"url\":\"https:\/\/www.csj-emballages.com\/es\/\",\"name\":\"CSJ Emballages\",\"description\":\"\",\"publisher\":{\"@id\":\"https:\/\/www.csj-emballages.com\/es\/#organization\"},\"potentialAction\":[{\"@type\":\"SearchAction\",\"target\":{\"@type\":\"EntryPoint\",\"urlTemplate\":\"https:\/\/www.csj-emballages.com\/es\/?s={search_term_string}\"},\"query-input\":{\"@type\":\"PropertyValueSpecification\",\"valueRequired\":true,\"valueName\":\"search_term_string\"}}],\"inLanguage\":\"es\"},{\"@type\":\"Organization\",\"@id\":\"https:\/\/www.csj-emballages.com\/es\/#Organization\/\",\"name\":\"CSJ Emballages\",\"url\":\"https:\/\/www.csj-emballages.com\/es\/\",\"logo\":{\"@type\":\"ImageObject\",\"inLanguage\":\"es\",\"@id\":\"https:\/\/www.csj-emballages.com\/es\/#\/schema\/logo\/image\/\",\"url\":\"https:\/\/www.csj-emballages.com\/wp-content\/uploads\/2023\/10\/logo_csj.webp\",\"contentUrl\":\"https:\/\/www.csj-emballages.com\/wp-content\/uploads\/2023\/10\/logo_csj.webp\",\"width\":250,\"height\":95,\"caption\":\"CSJ Emballages\"},\"image\":{\"@id\":\"https:\/\/www.csj-emballages.com\/es\/#\/schema\/logo\/image\/\"},\"sameAs\":[\"https:\/\/www.facebook.com\/csjemballages\"],\"address\":{\"@type\":\"PostalAddress\",\"streetAddress\":\"ZI La Lechere\",\"addressLocality\":\"Patornay\",\"postalCode\":\"39130\",\"addressCountry\":\"FR\"},\"contactPoint\":[{\"@type\":\"ContactPoint\",\"contactType\":\"Service client\",\"telephone\":\"0384254272\",\"email\":\"contact@csj-emballages.com\"}]}]}<\/script>\n<!-- \/ Yoast SEO Premium plugin. -->","yoast_head_json":{"title":"Boquilla de Reposter\u00eda Decorativa Azul Cielo de Pl\u00e1stico, Pack de 24","description":"Boquilla de reposter\u00eda decorativa azul cielo de pl\u00e1stico, pack de 24. Ideales para decorar tartas, cupcakes y postres con precisi\u00f3n.","robots":{"index":"index","follow":"follow","max-snippet":"max-snippet:-1","max-image-preview":"max-image-preview:large","max-video-preview":"max-video-preview:-1"},"canonical":"https:\/\/www.csj-emballages.com\/es\/produit\/boquilla-de-reposteria-decorativa-azul-cielo-de-plastico-pack-de-24\/","og_locale":"es_ES","og_type":"article","og_title":"Boquilla de reposter\u00eda decorativa azul cielo de pl\u00e1stico, pack de 24","og_description":"Boquilla de reposter\u00eda decorativa azul cielo de pl\u00e1stico, pack de 24. Ideales para decorar tartas, cupcakes y postres con precisi\u00f3n.","og_url":"https:\/\/www.csj-emballages.com\/es\/produit\/boquilla-de-reposteria-decorativa-azul-cielo-de-plastico-pack-de-24\/","og_site_name":"CSJ Emballages","article_publisher":"https:\/\/www.facebook.com\/csjemballages","article_modified_time":"2026-03-12T15:08:54+00:00","og_image":[{"width":800,"height":800,"url":"https:\/\/www.csj-emballages.com\/wp-content\/uploads\/2026\/01\/45468.webp","type":"image\/jpeg"}],"twitter_card":"summary_large_image","twitter_misc":{"Tiempo de lectura":"1 minuto"},"schema":{"@context":"https:\/\/schema.org","@graph":[{"@type":"WebPage","@id":"https:\/\/www.csj-emballages.com\/es\/produit\/boquilla-de-reposteria-decorativa-azul-cielo-de-plastico-pack-de-24\/","url":"https:\/\/www.csj-emballages.com\/es\/produit\/boquilla-de-reposteria-decorativa-azul-cielo-de-plastico-pack-de-24\/","name":"Boquilla de Reposter\u00eda Decorativa Azul Cielo de Pl\u00e1stico, Pack de 24","isPartOf":{"@id":"https:\/\/www.csj-emballages.com\/es\/#website"},"primaryImageOfPage":{"@id":"https:\/\/www.csj-emballages.com\/es\/produit\/boquilla-de-reposteria-decorativa-azul-cielo-de-plastico-pack-de-24\/#primaryimage"},"image":{"@id":"https:\/\/www.csj-emballages.com\/es\/produit\/boquilla-de-reposteria-decorativa-azul-cielo-de-plastico-pack-de-24\/#primaryimage"},"thumbnailUrl":"https:\/\/www.csj-emballages.com\/wp-content\/uploads\/2026\/01\/45468.webp","datePublished":"2026-01-23T16:18:33+00:00","dateModified":"2026-03-12T15:08:54+00:00","description":"Boquilla de reposter\u00eda decorativa azul cielo de pl\u00e1stico, pack de 24. Ideales para decorar tartas, cupcakes y postres con precisi\u00f3n.","breadcrumb":{"@id":"https:\/\/www.csj-emballages.com\/es\/produit\/boquilla-de-reposteria-decorativa-azul-cielo-de-plastico-pack-de-24\/#breadcrumb"},"inLanguage":"es","potentialAction":[{"@type":"ReadAction","target":["https:\/\/www.csj-emballages.com\/es\/produit\/boquilla-de-reposteria-decorativa-azul-cielo-de-plastico-pack-de-24\/"]}]},{"@type":"ImageObject","inLanguage":"es","@id":"https:\/\/www.csj-emballages.com\/es\/produit\/boquilla-de-reposteria-decorativa-azul-cielo-de-plastico-pack-de-24\/#primaryimage","url":"https:\/\/www.csj-emballages.com\/wp-content\/uploads\/2026\/01\/45468.webp","contentUrl":"https:\/\/www.csj-emballages.com\/wp-content\/uploads\/2026\/01\/45468.webp","width":800,"height":800,"caption":"Douille p\u00e2tisserie"},{"@type":"BreadcrumbList","@id":"https:\/\/www.csj-emballages.com\/es\/produit\/boquilla-de-reposteria-decorativa-azul-cielo-de-plastico-pack-de-24\/#breadcrumb","itemListElement":[{"@type":"ListItem","position":1,"name":"Accueil","item":"https:\/\/www.csj-emballages.com\/es\/universo-del-envasado-alimentario\/"},{"@type":"ListItem","position":2,"name":"Tienda","item":"https:\/\/www.csj-emballages.com\/tienda\/"},{"@type":"ListItem","position":3,"name":"Boquilla de reposter\u00eda decorativa azul cielo de pl\u00e1stico, pack de 24"}]},{"@type":"WebSite","@id":"https:\/\/www.csj-emballages.com\/es\/#website","url":"https:\/\/www.csj-emballages.com\/es\/","name":"CSJ Emballages","description":"","publisher":{"@id":"https:\/\/www.csj-emballages.com\/es\/#organization"},"potentialAction":[{"@type":"SearchAction","target":{"@type":"EntryPoint","urlTemplate":"https:\/\/www.csj-emballages.com\/es\/?s={search_term_string}"},"query-input":{"@type":"PropertyValueSpecification","valueRequired":true,"valueName":"search_term_string"}}],"inLanguage":"es"},{"@type":"Organization","@id":"https:\/\/www.csj-emballages.com\/es\/#Organization\/","name":"CSJ Emballages","url":"https:\/\/www.csj-emballages.com\/es\/","logo":{"@type":"ImageObject","inLanguage":"es","@id":"https:\/\/www.csj-emballages.com\/es\/#\/schema\/logo\/image\/","url":"https:\/\/www.csj-emballages.com\/wp-content\/uploads\/2023\/10\/logo_csj.webp","contentUrl":"https:\/\/www.csj-emballages.com\/wp-content\/uploads\/2023\/10\/logo_csj.webp","width":250,"height":95,"caption":"CSJ Emballages"},"image":{"@id":"https:\/\/www.csj-emballages.com\/es\/#\/schema\/logo\/image\/"},"sameAs":["https:\/\/www.facebook.com\/csjemballages"],"address":{"@type":"PostalAddress","streetAddress":"ZI La Lechere","addressLocality":"Patornay","postalCode":"39130","addressCountry":"FR"},"contactPoint":[{"@type":"ContactPoint","contactType":"Service client","telephone":"0384254272","email":"contact@csj-emballages.com"}]}]}},"df_price":24.73,"df_sale_price":"","df_regular_price":24.73,"df_image_link":"https:\/\/www.csj-emballages.com\/wp-content\/uploads\/2026\/01\/45468-300x300.webp","tiered_pricing_type":"fixed","tiered_pricing_fixed_rules":[],"tiered_pricing_percentage_rules":[],"tiered_pricing_minimum":1,"tiered_pricing_roles_data":[],"_links":{"self":[{"href":"https:\/\/www.csj-emballages.com\/es\/wp-json\/wp\/v2\/product\/264790","targetHints":{"allow":["GET"]}}],"collection":[{"href":"https:\/\/www.csj-emballages.com\/es\/wp-json\/wp\/v2\/product"}],"about":[{"href":"https:\/\/www.csj-emballages.com\/es\/wp-json\/wp\/v2\/types\/product"}],"wp:featuredmedia":[{"embeddable":true,"href":"https:\/\/www.csj-emballages.com\/es\/wp-json\/wp\/v2\/media\/264787"}],"wp:attachment":[{"href":"https:\/\/www.csj-emballages.com\/es\/wp-json\/wp\/v2\/media?parent=264790"}],"wp:term":[{"taxonomy":"product_brand","embeddable":true,"href":"https:\/\/www.csj-emballages.com\/es\/wp-json\/wp\/v2\/product_brand?post=264790"},{"taxonomy":"product_cat","embeddable":true,"href":"https:\/\/www.csj-emballages.com\/es\/wp-json\/wp\/v2\/product_cat?post=264790"},{"taxonomy":"product_tag","embeddable":true,"href":"https:\/\/www.csj-emballages.com\/es\/wp-json\/wp\/v2\/product_tag?post=264790"}],"curies":[{"name":"wp","href":"https:\/\/api.w.org\/{rel}","templated":true}]}}