{"id":264777,"date":"2026-01-23T17:18:16","date_gmt":"2026-01-23T16:18:16","guid":{"rendered":"https:\/\/www.csj-emballages.com\/produit\/boquilla-de-reposteria-decorativa-azul-cielo-de-tritan-12-uds\/"},"modified":"2026-03-12T16:06:55","modified_gmt":"2026-03-12T15:06:55","slug":"boquilla-de-reposteria-decorativa-azul-cielo-de-tritan-12-uds","status":"publish","type":"product","link":"https:\/\/www.csj-emballages.com\/es\/produit\/boquilla-de-reposteria-decorativa-azul-cielo-de-tritan-12-uds\/","title":{"rendered":"Boquilla de pasteler\u00eda decoraci\u00f3n azul cielo pl\u00e1stico, pack de 12"},"content":{"rendered":"<h2>Boquilla de reposter\u00eda<\/h2>\n<hr>\n<h3>Descubra nuestra boquilla de pasteler\u00eda decoraci\u00f3n azul cielo pl\u00e1stico, pack de 12<\/h3>\n<p><!--more--><\/p>\n<p data-start=\"253\" data-end=\"552\">El <strong>set de 12 boquillas de pasteler\u00eda<\/strong> <strong>decoraci\u00f3n de pl\u00e1stico azul cielo<\/strong> es la herramienta ideal para realizar acabados limpios y creativos en sus elaboraciones. Dise\u00f1ado tanto para profesionales como para aficionados a la reposter\u00eda, este <strong>estuche de boquillas<\/strong> permite variar formas y texturas con total sencillez. <\/p>\n<p data-start=\"554\" data-end=\"905\">Fabricadas en pl\u00e1stico, estas <strong>boquillas<\/strong> ofrecen una excelente durabilidad y una gran precisi\u00f3n de trabajo. <strong>Transparentes con un tono azul cielo<\/strong>, permiten visualizar f\u00e1cilmente la preparaci\u00f3n en el interior de la <strong>manga pastelera<\/strong>. Su dise\u00f1o garantiza un flujo regular para decoraciones n\u00edtidas y controladas. <\/p>\n<p data-start=\"907\" data-end=\"1183\">El <strong>estuche incluye 12 formas diferentes<\/strong>: <strong>estrellas abiertas o cerradas<\/strong>, <strong>lisas, estriadas o especiales<\/strong>, ideales para decorar cupcakes, tartas, \u00e9clairs, profiteroles, postres o galletas. Son aptas tanto para cremas, ganaches, nata montada, pur\u00e9s o preparaciones saladas. <\/p>\n<p data-start=\"1185\" data-end=\"1424\">F\u00e1ciles de limpiar y de manejar, estas <strong>boquillas<\/strong> son aptas para un uso intensivo en obrador, as\u00ed como para un uso ocasional en la cocina dom\u00e9stica. Un imprescindible para dar un toque profesional a todas sus creaciones. <\/p>\n<p data-start=\"1185\" data-end=\"1424\"><!--more--><\/p>\n<h4 data-start=\"1185\" data-end=\"1424\">Ventajas :<\/h4>\n<ul>\n<li data-start=\"1462\" data-end=\"1502\">Lote completo de <strong>12 boquillas decorativas<\/strong>.<\/li>\n<li data-start=\"1550\" data-end=\"1607\"><strong>Color azul cielo transparente<\/strong> para una mejor visibilidad.<\/li>\n<li data-start=\"1610\" data-end=\"1647\">Formas variadas para decoraciones creativas.<\/li>\n<li data-start=\"1650\" data-end=\"1687\">Precisi\u00f3n y regularidad en el escudillado.<\/li>\n<li data-start=\"1713\" data-end=\"1764\">Aptas para uso profesional y dom\u00e9stico.<\/li>\n<\/ul>\n<p>&nbsp;<\/p>\n<p><!--more--><\/p>\n<h4>Informaci\u00f3n adicional :<\/h4>\n<ul>\n<li><strong>Envase<\/strong>: Paquete de 12<\/li>\n<li><strong>Color<\/strong>: Azul cielo<\/li>\n<li><strong>Material<\/strong>: Pl\u00e1stico<\/li>\n<\/ul>\n<p>&nbsp;<\/p>\n<p><!--more--><\/p>\n<p>Este set de 12 boquillas tambi\u00e9n est\u00e1 disponible en set de 24 boquillas: <span style=\"color: #d12727;\"><a style=\"color: #d12727;\" href=\"https:\/\/www.csj-emballages.com\/es\/produit\/boquilla-de-reposteria-decorativa-azul-cielo-de-plastico-pack-de-24\/\">45468<\/a><\/span><\/p>\n<p>&nbsp;<\/p>\n<p><!--more--><\/p>\n<p><a href=\"https:\/\/www.csj-emballages.com\/es\/categorie-produit\/envasado-de-alimentos\/panaderia-y-pasteleria\/accesorios-y-equipamiento\/bolsas-de-enchufe\/\">Consulte el resto de nuestra gama de boquillas \/ mangas<\/a><\/p>\n","protected":false},"excerpt":{"rendered":"<p>Boquilla de reposter\u00eda Descubra nuestra boquilla de pasteler\u00eda decoraci\u00f3n azul cielo pl\u00e1stico, pack de 12<\/p>\n","protected":false},"featured_media":264775,"template":"","meta":{"_acf_changed":false},"product_brand":[],"product_cat":[1150,1145,3870,3158],"product_tag":[],"class_list":{"0":"post-264777","1":"product","2":"type-product","3":"status-publish","4":"has-post-thumbnail","6":"product_cat-envasado-de-alimentos","7":"product_cat-panaderia-y-pasteleria","8":"product_cat-accesorios-y-equipamiento","9":"product_cat-bolsas-de-enchufe","11":"first","12":"instock","13":"taxable","14":"shipping-taxable","15":"purchasable","16":"product-type-simple"},"acf":[],"yoast_head":"<!-- This site is optimized with the Yoast SEO Premium plugin v26.6 (Yoast SEO v26.6) - https:\/\/yoast.com\/wordpress\/plugins\/seo\/ -->\n<title>Boquilla de Pasteler\u00eda Decoraci\u00f3n Azul Cielo Pl\u00e1stico, Pack de 12<\/title>\n<meta name=\"description\" content=\"Set de 12 boquillas de pasteler\u00eda de pl\u00e1stico azul cielo. Ideal para decorar tartas, cupcakes y postres con precisi\u00f3n y creatividad.\" \/>\n<meta name=\"robots\" content=\"index, follow, max-snippet:-1, max-image-preview:large, max-video-preview:-1\" \/>\n<link rel=\"canonical\" href=\"https:\/\/www.csj-emballages.com\/es\/produit\/boquilla-de-reposteria-decorativa-azul-cielo-de-tritan-12-uds\/\" \/>\n<meta property=\"og:locale\" content=\"es_ES\" \/>\n<meta property=\"og:type\" content=\"article\" \/>\n<meta property=\"og:title\" content=\"Boquilla de pasteler\u00eda decoraci\u00f3n azul cielo pl\u00e1stico, pack de 12\" \/>\n<meta property=\"og:description\" content=\"Set de 12 boquillas de pasteler\u00eda de pl\u00e1stico azul cielo. Ideal para decorar tartas, cupcakes y postres con precisi\u00f3n y creatividad.\" \/>\n<meta property=\"og:url\" content=\"https:\/\/www.csj-emballages.com\/es\/produit\/boquilla-de-reposteria-decorativa-azul-cielo-de-tritan-12-uds\/\" \/>\n<meta property=\"og:site_name\" content=\"CSJ Emballages\" \/>\n<meta property=\"article:publisher\" content=\"https:\/\/www.facebook.com\/csjemballages\" \/>\n<meta property=\"article:modified_time\" content=\"2026-03-12T15:06:55+00:00\" \/>\n<meta property=\"og:image\" content=\"https:\/\/www.csj-emballages.com\/wp-content\/uploads\/2026\/01\/17868.webp\" \/>\n\t<meta property=\"og:image:width\" content=\"800\" \/>\n\t<meta property=\"og:image:height\" content=\"800\" \/>\n\t<meta property=\"og:image:type\" content=\"image\/webp\" \/>\n<meta name=\"twitter:card\" content=\"summary_large_image\" \/>\n<meta name=\"twitter:label1\" content=\"Tiempo de lectura\" \/>\n\t<meta name=\"twitter:data1\" content=\"1 minuto\" \/>\n<script type=\"application\/ld+json\" class=\"yoast-schema-graph\">{\"@context\":\"https:\/\/schema.org\",\"@graph\":[{\"@type\":\"WebPage\",\"@id\":\"https:\/\/www.csj-emballages.com\/es\/produit\/boquilla-de-reposteria-decorativa-azul-cielo-de-tritan-12-uds\/\",\"url\":\"https:\/\/www.csj-emballages.com\/es\/produit\/boquilla-de-reposteria-decorativa-azul-cielo-de-tritan-12-uds\/\",\"name\":\"Boquilla de Pasteler\u00eda Decoraci\u00f3n Azul Cielo Pl\u00e1stico, Pack de 12\",\"isPartOf\":{\"@id\":\"https:\/\/www.csj-emballages.com\/es\/#website\"},\"primaryImageOfPage\":{\"@id\":\"https:\/\/www.csj-emballages.com\/es\/produit\/boquilla-de-reposteria-decorativa-azul-cielo-de-tritan-12-uds\/#primaryimage\"},\"image\":{\"@id\":\"https:\/\/www.csj-emballages.com\/es\/produit\/boquilla-de-reposteria-decorativa-azul-cielo-de-tritan-12-uds\/#primaryimage\"},\"thumbnailUrl\":\"https:\/\/www.csj-emballages.com\/wp-content\/uploads\/2026\/01\/17868.webp\",\"datePublished\":\"2026-01-23T16:18:16+00:00\",\"dateModified\":\"2026-03-12T15:06:55+00:00\",\"description\":\"Set de 12 boquillas de pasteler\u00eda de pl\u00e1stico azul cielo. Ideal para decorar tartas, cupcakes y postres con precisi\u00f3n y creatividad.\",\"breadcrumb\":{\"@id\":\"https:\/\/www.csj-emballages.com\/es\/produit\/boquilla-de-reposteria-decorativa-azul-cielo-de-tritan-12-uds\/#breadcrumb\"},\"inLanguage\":\"es\",\"potentialAction\":[{\"@type\":\"ReadAction\",\"target\":[\"https:\/\/www.csj-emballages.com\/es\/produit\/boquilla-de-reposteria-decorativa-azul-cielo-de-tritan-12-uds\/\"]}]},{\"@type\":\"ImageObject\",\"inLanguage\":\"es\",\"@id\":\"https:\/\/www.csj-emballages.com\/es\/produit\/boquilla-de-reposteria-decorativa-azul-cielo-de-tritan-12-uds\/#primaryimage\",\"url\":\"https:\/\/www.csj-emballages.com\/wp-content\/uploads\/2026\/01\/17868.webp\",\"contentUrl\":\"https:\/\/www.csj-emballages.com\/wp-content\/uploads\/2026\/01\/17868.webp\",\"width\":800,\"height\":800,\"caption\":\"Douille p\u00e2tisserie\"},{\"@type\":\"BreadcrumbList\",\"@id\":\"https:\/\/www.csj-emballages.com\/es\/produit\/boquilla-de-reposteria-decorativa-azul-cielo-de-tritan-12-uds\/#breadcrumb\",\"itemListElement\":[{\"@type\":\"ListItem\",\"position\":1,\"name\":\"Accueil\",\"item\":\"https:\/\/www.csj-emballages.com\/es\/universo-del-envasado-alimentario\/\"},{\"@type\":\"ListItem\",\"position\":2,\"name\":\"Tienda\",\"item\":\"https:\/\/www.csj-emballages.com\/tienda\/\"},{\"@type\":\"ListItem\",\"position\":3,\"name\":\"Boquilla de pasteler\u00eda decoraci\u00f3n azul cielo pl\u00e1stico, pack de 12\"}]},{\"@type\":\"WebSite\",\"@id\":\"https:\/\/www.csj-emballages.com\/es\/#website\",\"url\":\"https:\/\/www.csj-emballages.com\/es\/\",\"name\":\"CSJ Emballages\",\"description\":\"\",\"publisher\":{\"@id\":\"https:\/\/www.csj-emballages.com\/es\/#organization\"},\"potentialAction\":[{\"@type\":\"SearchAction\",\"target\":{\"@type\":\"EntryPoint\",\"urlTemplate\":\"https:\/\/www.csj-emballages.com\/es\/?s={search_term_string}\"},\"query-input\":{\"@type\":\"PropertyValueSpecification\",\"valueRequired\":true,\"valueName\":\"search_term_string\"}}],\"inLanguage\":\"es\"},{\"@type\":\"Organization\",\"@id\":\"https:\/\/www.csj-emballages.com\/es\/#Organization\/\",\"name\":\"CSJ Emballages\",\"url\":\"https:\/\/www.csj-emballages.com\/es\/\",\"logo\":{\"@type\":\"ImageObject\",\"inLanguage\":\"es\",\"@id\":\"https:\/\/www.csj-emballages.com\/es\/#\/schema\/logo\/image\/\",\"url\":\"https:\/\/www.csj-emballages.com\/wp-content\/uploads\/2023\/10\/logo_csj.webp\",\"contentUrl\":\"https:\/\/www.csj-emballages.com\/wp-content\/uploads\/2023\/10\/logo_csj.webp\",\"width\":250,\"height\":95,\"caption\":\"CSJ Emballages\"},\"image\":{\"@id\":\"https:\/\/www.csj-emballages.com\/es\/#\/schema\/logo\/image\/\"},\"sameAs\":[\"https:\/\/www.facebook.com\/csjemballages\"],\"address\":{\"@type\":\"PostalAddress\",\"streetAddress\":\"ZI La Lechere\",\"addressLocality\":\"Patornay\",\"postalCode\":\"39130\",\"addressCountry\":\"FR\"},\"contactPoint\":[{\"@type\":\"ContactPoint\",\"contactType\":\"Service client\",\"telephone\":\"0384254272\",\"email\":\"contact@csj-emballages.com\"}]}]}<\/script>\n<!-- \/ Yoast SEO Premium plugin. -->","yoast_head_json":{"title":"Boquilla de Pasteler\u00eda Decoraci\u00f3n Azul Cielo Pl\u00e1stico, Pack de 12","description":"Set de 12 boquillas de pasteler\u00eda de pl\u00e1stico azul cielo. Ideal para decorar tartas, cupcakes y postres con precisi\u00f3n y creatividad.","robots":{"index":"index","follow":"follow","max-snippet":"max-snippet:-1","max-image-preview":"max-image-preview:large","max-video-preview":"max-video-preview:-1"},"canonical":"https:\/\/www.csj-emballages.com\/es\/produit\/boquilla-de-reposteria-decorativa-azul-cielo-de-tritan-12-uds\/","og_locale":"es_ES","og_type":"article","og_title":"Boquilla de pasteler\u00eda decoraci\u00f3n azul cielo pl\u00e1stico, pack de 12","og_description":"Set de 12 boquillas de pasteler\u00eda de pl\u00e1stico azul cielo. Ideal para decorar tartas, cupcakes y postres con precisi\u00f3n y creatividad.","og_url":"https:\/\/www.csj-emballages.com\/es\/produit\/boquilla-de-reposteria-decorativa-azul-cielo-de-tritan-12-uds\/","og_site_name":"CSJ Emballages","article_publisher":"https:\/\/www.facebook.com\/csjemballages","article_modified_time":"2026-03-12T15:06:55+00:00","og_image":[{"width":800,"height":800,"url":"https:\/\/www.csj-emballages.com\/wp-content\/uploads\/2026\/01\/17868.webp","type":"image\/webp"}],"twitter_card":"summary_large_image","twitter_misc":{"Tiempo de lectura":"1 minuto"},"schema":{"@context":"https:\/\/schema.org","@graph":[{"@type":"WebPage","@id":"https:\/\/www.csj-emballages.com\/es\/produit\/boquilla-de-reposteria-decorativa-azul-cielo-de-tritan-12-uds\/","url":"https:\/\/www.csj-emballages.com\/es\/produit\/boquilla-de-reposteria-decorativa-azul-cielo-de-tritan-12-uds\/","name":"Boquilla de Pasteler\u00eda Decoraci\u00f3n Azul Cielo Pl\u00e1stico, Pack de 12","isPartOf":{"@id":"https:\/\/www.csj-emballages.com\/es\/#website"},"primaryImageOfPage":{"@id":"https:\/\/www.csj-emballages.com\/es\/produit\/boquilla-de-reposteria-decorativa-azul-cielo-de-tritan-12-uds\/#primaryimage"},"image":{"@id":"https:\/\/www.csj-emballages.com\/es\/produit\/boquilla-de-reposteria-decorativa-azul-cielo-de-tritan-12-uds\/#primaryimage"},"thumbnailUrl":"https:\/\/www.csj-emballages.com\/wp-content\/uploads\/2026\/01\/17868.webp","datePublished":"2026-01-23T16:18:16+00:00","dateModified":"2026-03-12T15:06:55+00:00","description":"Set de 12 boquillas de pasteler\u00eda de pl\u00e1stico azul cielo. Ideal para decorar tartas, cupcakes y postres con precisi\u00f3n y creatividad.","breadcrumb":{"@id":"https:\/\/www.csj-emballages.com\/es\/produit\/boquilla-de-reposteria-decorativa-azul-cielo-de-tritan-12-uds\/#breadcrumb"},"inLanguage":"es","potentialAction":[{"@type":"ReadAction","target":["https:\/\/www.csj-emballages.com\/es\/produit\/boquilla-de-reposteria-decorativa-azul-cielo-de-tritan-12-uds\/"]}]},{"@type":"ImageObject","inLanguage":"es","@id":"https:\/\/www.csj-emballages.com\/es\/produit\/boquilla-de-reposteria-decorativa-azul-cielo-de-tritan-12-uds\/#primaryimage","url":"https:\/\/www.csj-emballages.com\/wp-content\/uploads\/2026\/01\/17868.webp","contentUrl":"https:\/\/www.csj-emballages.com\/wp-content\/uploads\/2026\/01\/17868.webp","width":800,"height":800,"caption":"Douille p\u00e2tisserie"},{"@type":"BreadcrumbList","@id":"https:\/\/www.csj-emballages.com\/es\/produit\/boquilla-de-reposteria-decorativa-azul-cielo-de-tritan-12-uds\/#breadcrumb","itemListElement":[{"@type":"ListItem","position":1,"name":"Accueil","item":"https:\/\/www.csj-emballages.com\/es\/universo-del-envasado-alimentario\/"},{"@type":"ListItem","position":2,"name":"Tienda","item":"https:\/\/www.csj-emballages.com\/tienda\/"},{"@type":"ListItem","position":3,"name":"Boquilla de pasteler\u00eda decoraci\u00f3n azul cielo pl\u00e1stico, pack de 12"}]},{"@type":"WebSite","@id":"https:\/\/www.csj-emballages.com\/es\/#website","url":"https:\/\/www.csj-emballages.com\/es\/","name":"CSJ Emballages","description":"","publisher":{"@id":"https:\/\/www.csj-emballages.com\/es\/#organization"},"potentialAction":[{"@type":"SearchAction","target":{"@type":"EntryPoint","urlTemplate":"https:\/\/www.csj-emballages.com\/es\/?s={search_term_string}"},"query-input":{"@type":"PropertyValueSpecification","valueRequired":true,"valueName":"search_term_string"}}],"inLanguage":"es"},{"@type":"Organization","@id":"https:\/\/www.csj-emballages.com\/es\/#Organization\/","name":"CSJ Emballages","url":"https:\/\/www.csj-emballages.com\/es\/","logo":{"@type":"ImageObject","inLanguage":"es","@id":"https:\/\/www.csj-emballages.com\/es\/#\/schema\/logo\/image\/","url":"https:\/\/www.csj-emballages.com\/wp-content\/uploads\/2023\/10\/logo_csj.webp","contentUrl":"https:\/\/www.csj-emballages.com\/wp-content\/uploads\/2023\/10\/logo_csj.webp","width":250,"height":95,"caption":"CSJ Emballages"},"image":{"@id":"https:\/\/www.csj-emballages.com\/es\/#\/schema\/logo\/image\/"},"sameAs":["https:\/\/www.facebook.com\/csjemballages"],"address":{"@type":"PostalAddress","streetAddress":"ZI La Lechere","addressLocality":"Patornay","postalCode":"39130","addressCountry":"FR"},"contactPoint":[{"@type":"ContactPoint","contactType":"Service client","telephone":"0384254272","email":"contact@csj-emballages.com"}]}]}},"df_price":17.95,"df_sale_price":"","df_regular_price":17.95,"df_image_link":"https:\/\/www.csj-emballages.com\/wp-content\/uploads\/2026\/01\/17868-300x300.webp","tiered_pricing_type":"fixed","tiered_pricing_fixed_rules":[],"tiered_pricing_percentage_rules":[],"tiered_pricing_minimum":1,"tiered_pricing_roles_data":[],"_links":{"self":[{"href":"https:\/\/www.csj-emballages.com\/es\/wp-json\/wp\/v2\/product\/264777","targetHints":{"allow":["GET"]}}],"collection":[{"href":"https:\/\/www.csj-emballages.com\/es\/wp-json\/wp\/v2\/product"}],"about":[{"href":"https:\/\/www.csj-emballages.com\/es\/wp-json\/wp\/v2\/types\/product"}],"wp:featuredmedia":[{"embeddable":true,"href":"https:\/\/www.csj-emballages.com\/es\/wp-json\/wp\/v2\/media\/264775"}],"wp:attachment":[{"href":"https:\/\/www.csj-emballages.com\/es\/wp-json\/wp\/v2\/media?parent=264777"}],"wp:term":[{"taxonomy":"product_brand","embeddable":true,"href":"https:\/\/www.csj-emballages.com\/es\/wp-json\/wp\/v2\/product_brand?post=264777"},{"taxonomy":"product_cat","embeddable":true,"href":"https:\/\/www.csj-emballages.com\/es\/wp-json\/wp\/v2\/product_cat?post=264777"},{"taxonomy":"product_tag","embeddable":true,"href":"https:\/\/www.csj-emballages.com\/es\/wp-json\/wp\/v2\/product_tag?post=264777"}],"curies":[{"name":"wp","href":"https:\/\/api.w.org\/{rel}","templated":true}]}}