{"id":264760,"date":"2026-01-23T16:18:17","date_gmt":"2026-01-23T15:18:17","guid":{"rendered":"https:\/\/www.csj-emballages.com\/produit\/vela-de-cumpleanos-de-8-cm-pack-de-24-con-12-soportes-surtidos\/"},"modified":"2026-03-12T16:04:08","modified_gmt":"2026-03-12T15:04:08","slug":"vela-de-cumpleanos-de-8-cm-pack-de-24-con-12-soportes-surtidos","status":"publish","type":"product","link":"https:\/\/www.csj-emballages.com\/es\/produit\/vela-de-cumpleanos-de-8-cm-pack-de-24-con-12-soportes-surtidos\/","title":{"rendered":"Vela de cumplea\u00f1os de 8 cm, pack de 24 con 12 soportes surtidos"},"content":{"rendered":"<h2>Vela de cumplea\u00f1os<\/h2>\n<hr>\n<h3>Descubra nuestra vela de cumplea\u00f1os de 8 cm, pack de 24 con 12 soportes surtidos<\/h3>\n<p><!--more--><\/p>\n<p data-start=\"249\" data-end=\"500\">Las <strong>velas de cumplea\u00f1os de 8 cm<\/strong> son ideales para realzar sus tartas y celebrar todos sus eventos festivos. En primer lugar, presentadas en un pack de <strong>24 velas<\/strong> con <strong>12 soportes<\/strong> de <strong>colores surtidos<\/strong>, aportan un toque colorido y alegre a cada celebraci\u00f3n. <\/p>\n<p data-start=\"502\" data-end=\"875\">De hecho, con su altura de <strong>8 cm<\/strong>, estas <strong>velas<\/strong> est\u00e1n perfectamente proporcionadas para adaptarse a todo tipo de tartas: <strong>cumplea\u00f1os infantiles o de adultos, fiestas familiares, fiestas tem\u00e1ticas o eventos profesionales<\/strong>. Adem\u00e1s, los <strong>soportes incluidos<\/strong> permiten una instalaci\u00f3n sencilla y estable, evitando cualquier contacto directo entre la cera y la tarta para un uso m\u00e1s higi\u00e9nico. <\/p>\n<p data-start=\"877\" data-end=\"1099\">Asimismo, los <strong>colores variados<\/strong> aportan un ambiente festivo y agradable, ideal para crear un momento memorable en torno a la tarta. F\u00e1ciles de colocar y encender, estas velas son un elemento indispensable en las mesas de cumplea\u00f1os. <\/p>\n<p data-start=\"1101\" data-end=\"1259\">Pr\u00e1cticas y vers\u00e1tiles, son adecuadas tanto para uso dom\u00e9stico como profesional en panader\u00edas, pasteler\u00edas o eventos.<\/p>\n<p data-start=\"1297\" data-end=\"1544\"><!--more--><\/p>\n<h4 data-start=\"1297\" data-end=\"1544\">Ventajas :<\/h4>\n<ul>\n<li data-start=\"1297\" data-end=\"1343\"><strong>Altura de 8 cm<\/strong> adaptada a todo tipo de tartas.<\/li>\n<li data-start=\"1346\" data-end=\"1365\">Pack de <strong>24 velas<\/strong>.<\/li>\n<li data-start=\"1368\" data-end=\"1426\"><strong>12 soportes<\/strong> surtidos incluidos para una mejor estabilidad.<\/li>\n<li data-start=\"1429\" data-end=\"1475\">Colores variados para una decoraci\u00f3n festiva.<\/li>\n<li data-start=\"1478\" data-end=\"1513\">Instalaci\u00f3n sencilla e higi\u00e9nica.<\/li>\n<li data-start=\"1516\" data-end=\"1556\">Ideal para cumplea\u00f1os y eventos.<\/li>\n<li data-start=\"1559\" data-end=\"1604\">Apta para particulares y profesionales<strong>.<\/strong><\/li>\n<\/ul>\n<p>&nbsp;<\/p>\n<p><!--more--><\/p>\n<h4>Informaci\u00f3n adicional :<\/h4>\n<ul>\n<li><strong>Presentaci\u00f3n<\/strong>: Paquete de 24 velas y 12 soportes<\/li>\n<li><strong>Altura de las velas<\/strong>: 8 cm<\/li>\n<li><strong>Color<\/strong>: Blanco \/ Azul \/ Amarillo \/ Rosa<\/li>\n<\/ul>\n<p>&nbsp;<\/p>\n<p><!--more--><\/p>\n<p><a href=\"https:\/\/www.csj-emballages.com\/es\/categorie-produit\/envases-industriales\/bolsas-de-envio\/\">Consulte el resto de nuestra gama de sobres \/ bolsas de env\u00edo<\/a><\/p>\n","protected":false},"excerpt":{"rendered":"<p>Vela de cumplea\u00f1os Descubra nuestra vela de cumplea\u00f1os de 8 cm, pack de 24 con 12 soportes surtidos<\/p>\n","protected":false},"featured_media":264747,"template":"","meta":{"_acf_changed":false},"product_brand":[],"product_cat":[1150,1145,3870,1791,10254,1488,3874,1799,10253],"product_tag":[],"class_list":{"0":"post-264760","1":"product","2":"type-product","3":"status-publish","4":"has-post-thumbnail","6":"product_cat-envasado-de-alimentos","7":"product_cat-panaderia-y-pasteleria","8":"product_cat-accesorios-y-equipamiento","9":"product_cat-accesorios-decorativos","10":"product_cat-vela","11":"product_cat-tienda-y-almacen","12":"product_cat-accesorios-y-equipamiento-es","13":"product_cat-accesorios-decorativos-es","14":"product_cat-velas","16":"first","17":"instock","18":"taxable","19":"shipping-taxable","20":"purchasable","21":"product-type-simple"},"acf":[],"yoast_head":"<!-- This site is optimized with the Yoast SEO Premium plugin v26.6 (Yoast SEO v26.6) - https:\/\/yoast.com\/wordpress\/plugins\/seo\/ -->\n<title>Vela de Cumplea\u00f1os de 8 cm, pack de 24 con 12 Soportes Surtidos<\/title>\n<meta name=\"description\" content=\"Vela de cumplea\u00f1os de 8 cm en pack de 24 con 12 soportes de colores surtidos. Ideales para decorar tartas y fiestas.\" \/>\n<meta name=\"robots\" content=\"index, follow, max-snippet:-1, max-image-preview:large, max-video-preview:-1\" \/>\n<link rel=\"canonical\" href=\"https:\/\/www.csj-emballages.com\/es\/produit\/vela-de-cumpleanos-de-8-cm-pack-de-24-con-12-soportes-surtidos\/\" \/>\n<meta property=\"og:locale\" content=\"es_ES\" \/>\n<meta property=\"og:type\" content=\"article\" \/>\n<meta property=\"og:title\" content=\"Vela de cumplea\u00f1os de 8 cm, pack de 24 con 12 soportes surtidos\" \/>\n<meta property=\"og:description\" content=\"Vela de cumplea\u00f1os de 8 cm en pack de 24 con 12 soportes de colores surtidos. Ideales para decorar tartas y fiestas.\" \/>\n<meta property=\"og:url\" content=\"https:\/\/www.csj-emballages.com\/es\/produit\/vela-de-cumpleanos-de-8-cm-pack-de-24-con-12-soportes-surtidos\/\" \/>\n<meta property=\"og:site_name\" content=\"CSJ Emballages\" \/>\n<meta property=\"article:publisher\" content=\"https:\/\/www.facebook.com\/csjemballages\" \/>\n<meta property=\"article:modified_time\" content=\"2026-03-12T15:04:08+00:00\" \/>\n<meta property=\"og:image\" content=\"https:\/\/www.csj-emballages.com\/wp-content\/uploads\/2026\/01\/11345.webp\" \/>\n\t<meta property=\"og:image:width\" content=\"800\" \/>\n\t<meta property=\"og:image:height\" content=\"800\" \/>\n\t<meta property=\"og:image:type\" content=\"image\/webp\" \/>\n<meta name=\"twitter:card\" content=\"summary_large_image\" \/>\n<meta name=\"twitter:label1\" content=\"Tiempo de lectura\" \/>\n\t<meta name=\"twitter:data1\" content=\"1 minuto\" \/>\n<script type=\"application\/ld+json\" class=\"yoast-schema-graph\">{\"@context\":\"https:\/\/schema.org\",\"@graph\":[{\"@type\":\"WebPage\",\"@id\":\"https:\/\/www.csj-emballages.com\/es\/produit\/vela-de-cumpleanos-de-8-cm-pack-de-24-con-12-soportes-surtidos\/\",\"url\":\"https:\/\/www.csj-emballages.com\/es\/produit\/vela-de-cumpleanos-de-8-cm-pack-de-24-con-12-soportes-surtidos\/\",\"name\":\"Vela de Cumplea\u00f1os de 8 cm, pack de 24 con 12 Soportes Surtidos\",\"isPartOf\":{\"@id\":\"https:\/\/www.csj-emballages.com\/es\/#website\"},\"primaryImageOfPage\":{\"@id\":\"https:\/\/www.csj-emballages.com\/es\/produit\/vela-de-cumpleanos-de-8-cm-pack-de-24-con-12-soportes-surtidos\/#primaryimage\"},\"image\":{\"@id\":\"https:\/\/www.csj-emballages.com\/es\/produit\/vela-de-cumpleanos-de-8-cm-pack-de-24-con-12-soportes-surtidos\/#primaryimage\"},\"thumbnailUrl\":\"https:\/\/www.csj-emballages.com\/wp-content\/uploads\/2026\/01\/11345.webp\",\"datePublished\":\"2026-01-23T15:18:17+00:00\",\"dateModified\":\"2026-03-12T15:04:08+00:00\",\"description\":\"Vela de cumplea\u00f1os de 8 cm en pack de 24 con 12 soportes de colores surtidos. Ideales para decorar tartas y fiestas.\",\"breadcrumb\":{\"@id\":\"https:\/\/www.csj-emballages.com\/es\/produit\/vela-de-cumpleanos-de-8-cm-pack-de-24-con-12-soportes-surtidos\/#breadcrumb\"},\"inLanguage\":\"es\",\"potentialAction\":[{\"@type\":\"ReadAction\",\"target\":[\"https:\/\/www.csj-emballages.com\/es\/produit\/vela-de-cumpleanos-de-8-cm-pack-de-24-con-12-soportes-surtidos\/\"]}]},{\"@type\":\"ImageObject\",\"inLanguage\":\"es\",\"@id\":\"https:\/\/www.csj-emballages.com\/es\/produit\/vela-de-cumpleanos-de-8-cm-pack-de-24-con-12-soportes-surtidos\/#primaryimage\",\"url\":\"https:\/\/www.csj-emballages.com\/wp-content\/uploads\/2026\/01\/11345.webp\",\"contentUrl\":\"https:\/\/www.csj-emballages.com\/wp-content\/uploads\/2026\/01\/11345.webp\",\"width\":800,\"height\":800,\"caption\":\"Bougie d\u2019anniversaire\"},{\"@type\":\"BreadcrumbList\",\"@id\":\"https:\/\/www.csj-emballages.com\/es\/produit\/vela-de-cumpleanos-de-8-cm-pack-de-24-con-12-soportes-surtidos\/#breadcrumb\",\"itemListElement\":[{\"@type\":\"ListItem\",\"position\":1,\"name\":\"Accueil\",\"item\":\"https:\/\/www.csj-emballages.com\/es\/universo-del-envasado-alimentario\/\"},{\"@type\":\"ListItem\",\"position\":2,\"name\":\"Tienda\",\"item\":\"https:\/\/www.csj-emballages.com\/tienda\/\"},{\"@type\":\"ListItem\",\"position\":3,\"name\":\"Vela de cumplea\u00f1os de 8 cm, pack de 24 con 12 soportes surtidos\"}]},{\"@type\":\"WebSite\",\"@id\":\"https:\/\/www.csj-emballages.com\/es\/#website\",\"url\":\"https:\/\/www.csj-emballages.com\/es\/\",\"name\":\"CSJ Emballages\",\"description\":\"\",\"publisher\":{\"@id\":\"https:\/\/www.csj-emballages.com\/es\/#organization\"},\"potentialAction\":[{\"@type\":\"SearchAction\",\"target\":{\"@type\":\"EntryPoint\",\"urlTemplate\":\"https:\/\/www.csj-emballages.com\/es\/?s={search_term_string}\"},\"query-input\":{\"@type\":\"PropertyValueSpecification\",\"valueRequired\":true,\"valueName\":\"search_term_string\"}}],\"inLanguage\":\"es\"},{\"@type\":\"Organization\",\"@id\":\"https:\/\/www.csj-emballages.com\/es\/#Organization\/\",\"name\":\"CSJ Emballages\",\"url\":\"https:\/\/www.csj-emballages.com\/es\/\",\"logo\":{\"@type\":\"ImageObject\",\"inLanguage\":\"es\",\"@id\":\"https:\/\/www.csj-emballages.com\/es\/#\/schema\/logo\/image\/\",\"url\":\"https:\/\/www.csj-emballages.com\/wp-content\/uploads\/2023\/10\/logo_csj.webp\",\"contentUrl\":\"https:\/\/www.csj-emballages.com\/wp-content\/uploads\/2023\/10\/logo_csj.webp\",\"width\":250,\"height\":95,\"caption\":\"CSJ Emballages\"},\"image\":{\"@id\":\"https:\/\/www.csj-emballages.com\/es\/#\/schema\/logo\/image\/\"},\"sameAs\":[\"https:\/\/www.facebook.com\/csjemballages\"],\"address\":{\"@type\":\"PostalAddress\",\"streetAddress\":\"ZI La Lechere\",\"addressLocality\":\"Patornay\",\"postalCode\":\"39130\",\"addressCountry\":\"FR\"},\"contactPoint\":[{\"@type\":\"ContactPoint\",\"contactType\":\"Service client\",\"telephone\":\"0384254272\",\"email\":\"contact@csj-emballages.com\"}]}]}<\/script>\n<!-- \/ Yoast SEO Premium plugin. -->","yoast_head_json":{"title":"Vela de Cumplea\u00f1os de 8 cm, pack de 24 con 12 Soportes Surtidos","description":"Vela de cumplea\u00f1os de 8 cm en pack de 24 con 12 soportes de colores surtidos. Ideales para decorar tartas y fiestas.","robots":{"index":"index","follow":"follow","max-snippet":"max-snippet:-1","max-image-preview":"max-image-preview:large","max-video-preview":"max-video-preview:-1"},"canonical":"https:\/\/www.csj-emballages.com\/es\/produit\/vela-de-cumpleanos-de-8-cm-pack-de-24-con-12-soportes-surtidos\/","og_locale":"es_ES","og_type":"article","og_title":"Vela de cumplea\u00f1os de 8 cm, pack de 24 con 12 soportes surtidos","og_description":"Vela de cumplea\u00f1os de 8 cm en pack de 24 con 12 soportes de colores surtidos. Ideales para decorar tartas y fiestas.","og_url":"https:\/\/www.csj-emballages.com\/es\/produit\/vela-de-cumpleanos-de-8-cm-pack-de-24-con-12-soportes-surtidos\/","og_site_name":"CSJ Emballages","article_publisher":"https:\/\/www.facebook.com\/csjemballages","article_modified_time":"2026-03-12T15:04:08+00:00","og_image":[{"width":800,"height":800,"url":"https:\/\/www.csj-emballages.com\/wp-content\/uploads\/2026\/01\/11345.webp","type":"image\/webp"}],"twitter_card":"summary_large_image","twitter_misc":{"Tiempo de lectura":"1 minuto"},"schema":{"@context":"https:\/\/schema.org","@graph":[{"@type":"WebPage","@id":"https:\/\/www.csj-emballages.com\/es\/produit\/vela-de-cumpleanos-de-8-cm-pack-de-24-con-12-soportes-surtidos\/","url":"https:\/\/www.csj-emballages.com\/es\/produit\/vela-de-cumpleanos-de-8-cm-pack-de-24-con-12-soportes-surtidos\/","name":"Vela de Cumplea\u00f1os de 8 cm, pack de 24 con 12 Soportes Surtidos","isPartOf":{"@id":"https:\/\/www.csj-emballages.com\/es\/#website"},"primaryImageOfPage":{"@id":"https:\/\/www.csj-emballages.com\/es\/produit\/vela-de-cumpleanos-de-8-cm-pack-de-24-con-12-soportes-surtidos\/#primaryimage"},"image":{"@id":"https:\/\/www.csj-emballages.com\/es\/produit\/vela-de-cumpleanos-de-8-cm-pack-de-24-con-12-soportes-surtidos\/#primaryimage"},"thumbnailUrl":"https:\/\/www.csj-emballages.com\/wp-content\/uploads\/2026\/01\/11345.webp","datePublished":"2026-01-23T15:18:17+00:00","dateModified":"2026-03-12T15:04:08+00:00","description":"Vela de cumplea\u00f1os de 8 cm en pack de 24 con 12 soportes de colores surtidos. Ideales para decorar tartas y fiestas.","breadcrumb":{"@id":"https:\/\/www.csj-emballages.com\/es\/produit\/vela-de-cumpleanos-de-8-cm-pack-de-24-con-12-soportes-surtidos\/#breadcrumb"},"inLanguage":"es","potentialAction":[{"@type":"ReadAction","target":["https:\/\/www.csj-emballages.com\/es\/produit\/vela-de-cumpleanos-de-8-cm-pack-de-24-con-12-soportes-surtidos\/"]}]},{"@type":"ImageObject","inLanguage":"es","@id":"https:\/\/www.csj-emballages.com\/es\/produit\/vela-de-cumpleanos-de-8-cm-pack-de-24-con-12-soportes-surtidos\/#primaryimage","url":"https:\/\/www.csj-emballages.com\/wp-content\/uploads\/2026\/01\/11345.webp","contentUrl":"https:\/\/www.csj-emballages.com\/wp-content\/uploads\/2026\/01\/11345.webp","width":800,"height":800,"caption":"Bougie d\u2019anniversaire"},{"@type":"BreadcrumbList","@id":"https:\/\/www.csj-emballages.com\/es\/produit\/vela-de-cumpleanos-de-8-cm-pack-de-24-con-12-soportes-surtidos\/#breadcrumb","itemListElement":[{"@type":"ListItem","position":1,"name":"Accueil","item":"https:\/\/www.csj-emballages.com\/es\/universo-del-envasado-alimentario\/"},{"@type":"ListItem","position":2,"name":"Tienda","item":"https:\/\/www.csj-emballages.com\/tienda\/"},{"@type":"ListItem","position":3,"name":"Vela de cumplea\u00f1os de 8 cm, pack de 24 con 12 soportes surtidos"}]},{"@type":"WebSite","@id":"https:\/\/www.csj-emballages.com\/es\/#website","url":"https:\/\/www.csj-emballages.com\/es\/","name":"CSJ Emballages","description":"","publisher":{"@id":"https:\/\/www.csj-emballages.com\/es\/#organization"},"potentialAction":[{"@type":"SearchAction","target":{"@type":"EntryPoint","urlTemplate":"https:\/\/www.csj-emballages.com\/es\/?s={search_term_string}"},"query-input":{"@type":"PropertyValueSpecification","valueRequired":true,"valueName":"search_term_string"}}],"inLanguage":"es"},{"@type":"Organization","@id":"https:\/\/www.csj-emballages.com\/es\/#Organization\/","name":"CSJ Emballages","url":"https:\/\/www.csj-emballages.com\/es\/","logo":{"@type":"ImageObject","inLanguage":"es","@id":"https:\/\/www.csj-emballages.com\/es\/#\/schema\/logo\/image\/","url":"https:\/\/www.csj-emballages.com\/wp-content\/uploads\/2023\/10\/logo_csj.webp","contentUrl":"https:\/\/www.csj-emballages.com\/wp-content\/uploads\/2023\/10\/logo_csj.webp","width":250,"height":95,"caption":"CSJ Emballages"},"image":{"@id":"https:\/\/www.csj-emballages.com\/es\/#\/schema\/logo\/image\/"},"sameAs":["https:\/\/www.facebook.com\/csjemballages"],"address":{"@type":"PostalAddress","streetAddress":"ZI La Lechere","addressLocality":"Patornay","postalCode":"39130","addressCountry":"FR"},"contactPoint":[{"@type":"ContactPoint","contactType":"Service client","telephone":"0384254272","email":"contact@csj-emballages.com"}]}]}},"df_price":1.43,"df_sale_price":"","df_regular_price":1.43,"df_image_link":"https:\/\/www.csj-emballages.com\/wp-content\/uploads\/2026\/01\/11345-300x300.webp","tiered_pricing_type":"fixed","tiered_pricing_fixed_rules":[],"tiered_pricing_percentage_rules":[],"tiered_pricing_minimum":1,"tiered_pricing_roles_data":[],"_links":{"self":[{"href":"https:\/\/www.csj-emballages.com\/es\/wp-json\/wp\/v2\/product\/264760","targetHints":{"allow":["GET"]}}],"collection":[{"href":"https:\/\/www.csj-emballages.com\/es\/wp-json\/wp\/v2\/product"}],"about":[{"href":"https:\/\/www.csj-emballages.com\/es\/wp-json\/wp\/v2\/types\/product"}],"wp:featuredmedia":[{"embeddable":true,"href":"https:\/\/www.csj-emballages.com\/es\/wp-json\/wp\/v2\/media\/264747"}],"wp:attachment":[{"href":"https:\/\/www.csj-emballages.com\/es\/wp-json\/wp\/v2\/media?parent=264760"}],"wp:term":[{"taxonomy":"product_brand","embeddable":true,"href":"https:\/\/www.csj-emballages.com\/es\/wp-json\/wp\/v2\/product_brand?post=264760"},{"taxonomy":"product_cat","embeddable":true,"href":"https:\/\/www.csj-emballages.com\/es\/wp-json\/wp\/v2\/product_cat?post=264760"},{"taxonomy":"product_tag","embeddable":true,"href":"https:\/\/www.csj-emballages.com\/es\/wp-json\/wp\/v2\/product_tag?post=264760"}],"curies":[{"name":"wp","href":"https:\/\/api.w.org\/{rel}","templated":true}]}}