{"id":264725,"date":"2026-01-23T17:18:20","date_gmt":"2026-01-23T16:18:20","guid":{"rendered":"https:\/\/www.csj-emballages.com\/produit\/sobre-de-carton-con-apertura-superior-235-x-32-cm-390-g-m%c2%b2-pack-de-100\/"},"modified":"2026-04-03T02:12:17","modified_gmt":"2026-04-03T00:12:17","slug":"sobre-de-carton-con-apertura-superior-235-x-32-cm-390-g-m%c2%b2-pack-de-100","status":"publish","type":"product","link":"https:\/\/www.csj-emballages.com\/es\/produit\/sobre-de-carton-con-apertura-superior-235-x-32-cm-390-g-m%c2%b2-pack-de-100\/","title":{"rendered":"Sobre de cart\u00f3n con apertura superior 23,5 x 32 cm 390 g\/m\u00b2 pack de 100"},"content":{"rendered":"<h2>Sobre de cart\u00f3n<\/h2>\n<hr>\n<h3>descubra nuestro sobre de cart\u00f3n con apertura superior 23,5 x 32 cm 390 g\/m\u00b2 pack de 100<\/h3>\n<p><!--more--><\/p>\n<p data-start=\"275\" data-end=\"679\"><strong>El sobre de cart\u00f3n con apertura superior 23,5 x 32 cm 390 g\/m\u00b2<\/strong> es una soluci\u00f3n de embalaje robusta y fiable, ideal para el env\u00edo de <strong>documentos gruesos, cat\u00e1logos, folletos, piezas peque\u00f1as planas u objetos ligeros<\/strong> que requieren una protecci\u00f3n reforzada. En primer lugar, su dise\u00f1o en cart\u00f3n <strong>microcanal de alta densidad (390 g\/m\u00b2)<\/strong> garantiza una rigidez y resistencia a toda prueba, incluso en env\u00edos repetidos. <\/p>\n<p data-start=\"681\" data-end=\"1015\">De hecho, dise\u00f1ado para profesionales del e-commerce, servicios administrativos o env\u00edos sensibles, este sobre garantiza una excelente protecci\u00f3n contra impactos, dobleces y manipulaciones durante el transporte. <strong>La apertura superior<\/strong> permite un llenado r\u00e1pido y pr\u00e1ctico, facilitando la preparaci\u00f3n de env\u00edos en serie.<\/p>\n<p data-start=\"1017\" data-end=\"1295\">Asimismo, el <strong>cierre adhesivo<\/strong> integrado garantiza un cierre limpio y seguro, sin necesidad de cinta o adhesivo adicional. Gracias a su formato est\u00e1ndar <strong>23,5 x 32 cm<\/strong>, es adecuado para formatos <strong>A4 plegados<\/strong>, cat\u00e1logos y una variedad de contenidos planos sin deterioro. <\/p>\n<p data-start=\"1297\" data-end=\"1544\">En resumen, presentado en packs de <strong>100 sobres<\/strong>, constituye una soluci\u00f3n econ\u00f3mica y eficaz para empresas, colectividades o particulares que deseen optimizar la protecci\u00f3n de sus env\u00edos simplificando sus operaciones log\u00edsticas.<\/p>\n<p data-start=\"1297\" data-end=\"1544\"><!--more--><\/p>\n<h4 data-start=\"1297\" data-end=\"1544\">Ventajas :<\/h4>\n<ul>\n<li data-start=\"1582\" data-end=\"1639\"><strong data-start=\"1582\" data-end=\"1607\">Cart\u00f3n grueso 390 g\/m\u00b2<\/strong> para una protecci\u00f3n reforzada.<\/li>\n<li data-start=\"1642\" data-end=\"1715\"><strong data-start=\"1642\" data-end=\"1667\">Gracias a su formato de 22,5 x 28,9 cm,<\/strong> es apto para documentos A4 doblados y objetos planos.<\/li>\n<li data-start=\"1718\" data-end=\"1770\"><strong data-start=\"1718\" data-end=\"1742\">Apertura superior<\/strong> que facilita el llenado.<\/li>\n<li data-start=\"1773\" data-end=\"1826\"><strong data-start=\"1773\" data-end=\"1804\">Cierre adhesivo integrado<\/strong> r\u00e1pido y seguro.<\/li>\n<li data-start=\"1829\" data-end=\"1882\">Excelente resistencia a la deformaci\u00f3n y a los impactos.<\/li>\n<li data-start=\"1885\" data-end=\"1954\">Perfecto para e-commerce, correo administrativo y env\u00edos sensibles.<\/li>\n<li data-start=\"1957\" data-end=\"2000\">Presentado en packs de <strong data-start=\"1980\" data-end=\"1998\">100 sobres.<\/strong><\/li>\n<\/ul>\n<p>&nbsp;<\/p>\n<p><!--more--><\/p>\n<h4>Informaci\u00f3n adicional :<\/h4>\n<ul>\n<li><strong>Embalaje<\/strong>: Caja de 100<\/li>\n<li><strong>Dimensiones<\/strong>: 23,5 x 32 cm<\/li>\n<li><strong>Gramaje<\/strong>: 390 g\/m2<\/li>\n<li><strong>Color<\/strong>: Marr\u00f3n<\/li>\n<li><strong>Material<\/strong> : Cart\u00f3n microcanal<\/li>\n<\/ul>\n<p>&nbsp;<\/p>\n<p><!--more--><\/p>\n<p>Este sobre acolchado est\u00e1 disponible en diferentes tama\u00f1os: <span style=\"color: #d12727;\"><a style=\"color: #d12727;\" href=\"https:\/\/www.csj-emballages.com\/es\/produit\/sobre-de-carton-apertura-superior-225-x-289-cm-390-g-m2-en-pack-de-100\/\">22,5 x 28,9 cm<\/a> <span style=\"color: #000000;\">\/<\/span> <a style=\"color: #d12727;\" href=\"https:\/\/www.csj-emballages.com\/es\/produit\/sobre-de-carton-apertura-superior-275-x-352-cm-390-g-m2-por-100\/\">27,5 x 35,2 cm<\/a> <span style=\"color: #000000;\">\/<\/span> <a style=\"color: #d12727;\" href=\"https:\/\/www.csj-emballages.com\/es\/produit\/sobre-de-carton-apertura-superior-32-x-382-cm-390-g-m2-pack-de-100\/\">32 x 38,2 cm<\/a><\/span><\/p>\n<p>&nbsp;<\/p>\n<p><!--more--><\/p>\n<p><a href=\"https:\/\/www.csj-emballages.com\/es\/categorie-produit\/envases-industriales\/bolsas-de-envio\/\">Consulte el resto de nuestra gama de bolsas \/ sobres de env\u00edo<\/a><\/p>\n","protected":false},"excerpt":{"rendered":"<p>Sobre de cart\u00f3n descubra nuestro sobre de cart\u00f3n con apertura superior 23,5 x 32 cm 390 g\/m\u00b2 pack de 100<\/p>\n","protected":false},"featured_media":264719,"template":"","meta":{"_acf_changed":false},"product_brand":[],"product_cat":[1150,8636,1212,1213],"product_tag":[],"class_list":{"0":"post-264725","1":"product","2":"type-product","3":"status-publish","4":"has-post-thumbnail","6":"product_cat-envasado-de-alimentos","7":"product_cat-buenos-planes","8":"product_cat-envases-industriales","9":"product_cat-bolsas-de-envio","11":"first","12":"outofstock","13":"sale","14":"taxable","15":"shipping-taxable","16":"purchasable","17":"product-type-simple"},"acf":[],"yoast_head":"<!-- This site is optimized with the Yoast SEO Premium plugin v26.6 (Yoast SEO v26.6) - https:\/\/yoast.com\/wordpress\/plugins\/seo\/ -->\n<title>Sobre de Cart\u00f3n con Apertura Superior 23,5 x 32 cm 390 g\/m\u00b2<\/title>\n<meta name=\"description\" content=\"Sobre de cart\u00f3n 23,5 x 32 cm 390 g\/m\u00b2 pack de 100 \u2013 resistente y adhesivo, ideal para env\u00edos seguros de documentos y piezas peque\u00f1as.\" \/>\n<meta name=\"robots\" content=\"index, follow, max-snippet:-1, max-image-preview:large, max-video-preview:-1\" \/>\n<link rel=\"canonical\" href=\"https:\/\/www.csj-emballages.com\/es\/produit\/sobre-de-carton-con-apertura-superior-235-x-32-cm-390-g-m%c2%b2-pack-de-100\/\" \/>\n<meta property=\"og:locale\" content=\"es_ES\" \/>\n<meta property=\"og:type\" content=\"article\" \/>\n<meta property=\"og:title\" content=\"Sobre de cart\u00f3n con apertura superior 23,5 x 32 cm 390 g\/m\u00b2 pack de 100\" \/>\n<meta property=\"og:description\" content=\"Sobre de cart\u00f3n 23,5 x 32 cm 390 g\/m\u00b2 pack de 100 \u2013 resistente y adhesivo, ideal para env\u00edos seguros de documentos y piezas peque\u00f1as.\" \/>\n<meta property=\"og:url\" content=\"https:\/\/www.csj-emballages.com\/es\/produit\/sobre-de-carton-con-apertura-superior-235-x-32-cm-390-g-m%c2%b2-pack-de-100\/\" \/>\n<meta property=\"og:site_name\" content=\"CSJ Emballages\" \/>\n<meta property=\"article:publisher\" content=\"https:\/\/www.facebook.com\/csjemballages\" \/>\n<meta property=\"article:modified_time\" content=\"2026-04-03T00:12:17+00:00\" \/>\n<meta property=\"og:image\" content=\"https:\/\/www.csj-emballages.com\/wp-content\/uploads\/2026\/01\/27262.webp\" \/>\n\t<meta property=\"og:image:width\" content=\"800\" \/>\n\t<meta property=\"og:image:height\" content=\"800\" \/>\n\t<meta property=\"og:image:type\" content=\"image\/webp\" \/>\n<meta name=\"twitter:card\" content=\"summary_large_image\" \/>\n<meta name=\"twitter:label1\" content=\"Tiempo de lectura\" \/>\n\t<meta name=\"twitter:data1\" content=\"2 minutos\" \/>\n<script type=\"application\/ld+json\" class=\"yoast-schema-graph\">{\"@context\":\"https:\/\/schema.org\",\"@graph\":[{\"@type\":\"WebPage\",\"@id\":\"https:\/\/www.csj-emballages.com\/es\/produit\/sobre-de-carton-con-apertura-superior-235-x-32-cm-390-g-m%c2%b2-pack-de-100\/\",\"url\":\"https:\/\/www.csj-emballages.com\/es\/produit\/sobre-de-carton-con-apertura-superior-235-x-32-cm-390-g-m%c2%b2-pack-de-100\/\",\"name\":\"Sobre de Cart\u00f3n con Apertura Superior 23,5 x 32 cm 390 g\/m\u00b2\",\"isPartOf\":{\"@id\":\"https:\/\/www.csj-emballages.com\/es\/#website\"},\"primaryImageOfPage\":{\"@id\":\"https:\/\/www.csj-emballages.com\/es\/produit\/sobre-de-carton-con-apertura-superior-235-x-32-cm-390-g-m%c2%b2-pack-de-100\/#primaryimage\"},\"image\":{\"@id\":\"https:\/\/www.csj-emballages.com\/es\/produit\/sobre-de-carton-con-apertura-superior-235-x-32-cm-390-g-m%c2%b2-pack-de-100\/#primaryimage\"},\"thumbnailUrl\":\"https:\/\/www.csj-emballages.com\/wp-content\/uploads\/2026\/01\/27262.webp\",\"datePublished\":\"2026-01-23T16:18:20+00:00\",\"dateModified\":\"2026-04-03T00:12:17+00:00\",\"description\":\"Sobre de cart\u00f3n 23,5 x 32 cm 390 g\/m\u00b2 pack de 100 \u2013 resistente y adhesivo, ideal para env\u00edos seguros de documentos y piezas peque\u00f1as.\",\"breadcrumb\":{\"@id\":\"https:\/\/www.csj-emballages.com\/es\/produit\/sobre-de-carton-con-apertura-superior-235-x-32-cm-390-g-m%c2%b2-pack-de-100\/#breadcrumb\"},\"inLanguage\":\"es\",\"potentialAction\":[{\"@type\":\"ReadAction\",\"target\":[\"https:\/\/www.csj-emballages.com\/es\/produit\/sobre-de-carton-con-apertura-superior-235-x-32-cm-390-g-m%c2%b2-pack-de-100\/\"]}]},{\"@type\":\"ImageObject\",\"inLanguage\":\"es\",\"@id\":\"https:\/\/www.csj-emballages.com\/es\/produit\/sobre-de-carton-con-apertura-superior-235-x-32-cm-390-g-m%c2%b2-pack-de-100\/#primaryimage\",\"url\":\"https:\/\/www.csj-emballages.com\/wp-content\/uploads\/2026\/01\/27262.webp\",\"contentUrl\":\"https:\/\/www.csj-emballages.com\/wp-content\/uploads\/2026\/01\/27262.webp\",\"width\":800,\"height\":800,\"caption\":\"Enveloppe carton\"},{\"@type\":\"BreadcrumbList\",\"@id\":\"https:\/\/www.csj-emballages.com\/es\/produit\/sobre-de-carton-con-apertura-superior-235-x-32-cm-390-g-m%c2%b2-pack-de-100\/#breadcrumb\",\"itemListElement\":[{\"@type\":\"ListItem\",\"position\":1,\"name\":\"Accueil\",\"item\":\"https:\/\/www.csj-emballages.com\/es\/universo-del-envasado-alimentario\/\"},{\"@type\":\"ListItem\",\"position\":2,\"name\":\"Tienda\",\"item\":\"https:\/\/www.csj-emballages.com\/tienda\/\"},{\"@type\":\"ListItem\",\"position\":3,\"name\":\"Sobre de cart\u00f3n con apertura superior 23,5 x 32 cm 390 g\/m\u00b2 pack de 100\"}]},{\"@type\":\"WebSite\",\"@id\":\"https:\/\/www.csj-emballages.com\/es\/#website\",\"url\":\"https:\/\/www.csj-emballages.com\/es\/\",\"name\":\"CSJ Emballages\",\"description\":\"\",\"publisher\":{\"@id\":\"https:\/\/www.csj-emballages.com\/es\/#organization\"},\"potentialAction\":[{\"@type\":\"SearchAction\",\"target\":{\"@type\":\"EntryPoint\",\"urlTemplate\":\"https:\/\/www.csj-emballages.com\/es\/?s={search_term_string}\"},\"query-input\":{\"@type\":\"PropertyValueSpecification\",\"valueRequired\":true,\"valueName\":\"search_term_string\"}}],\"inLanguage\":\"es\"},{\"@type\":\"Organization\",\"@id\":\"https:\/\/www.csj-emballages.com\/es\/#Organization\/\",\"name\":\"CSJ Emballages\",\"url\":\"https:\/\/www.csj-emballages.com\/es\/\",\"logo\":{\"@type\":\"ImageObject\",\"inLanguage\":\"es\",\"@id\":\"https:\/\/www.csj-emballages.com\/es\/#\/schema\/logo\/image\/\",\"url\":\"https:\/\/www.csj-emballages.com\/wp-content\/uploads\/2023\/10\/logo_csj.webp\",\"contentUrl\":\"https:\/\/www.csj-emballages.com\/wp-content\/uploads\/2023\/10\/logo_csj.webp\",\"width\":250,\"height\":95,\"caption\":\"CSJ Emballages\"},\"image\":{\"@id\":\"https:\/\/www.csj-emballages.com\/es\/#\/schema\/logo\/image\/\"},\"sameAs\":[\"https:\/\/www.facebook.com\/csjemballages\"],\"address\":{\"@type\":\"PostalAddress\",\"streetAddress\":\"ZI La Lechere\",\"addressLocality\":\"Patornay\",\"postalCode\":\"39130\",\"addressCountry\":\"FR\"},\"contactPoint\":[{\"@type\":\"ContactPoint\",\"contactType\":\"Service client\",\"telephone\":\"0384254272\",\"email\":\"contact@csj-emballages.com\"}]}]}<\/script>\n<!-- \/ Yoast SEO Premium plugin. -->","yoast_head_json":{"title":"Sobre de Cart\u00f3n con Apertura Superior 23,5 x 32 cm 390 g\/m\u00b2","description":"Sobre de cart\u00f3n 23,5 x 32 cm 390 g\/m\u00b2 pack de 100 \u2013 resistente y adhesivo, ideal para env\u00edos seguros de documentos y piezas peque\u00f1as.","robots":{"index":"index","follow":"follow","max-snippet":"max-snippet:-1","max-image-preview":"max-image-preview:large","max-video-preview":"max-video-preview:-1"},"canonical":"https:\/\/www.csj-emballages.com\/es\/produit\/sobre-de-carton-con-apertura-superior-235-x-32-cm-390-g-m%c2%b2-pack-de-100\/","og_locale":"es_ES","og_type":"article","og_title":"Sobre de cart\u00f3n con apertura superior 23,5 x 32 cm 390 g\/m\u00b2 pack de 100","og_description":"Sobre de cart\u00f3n 23,5 x 32 cm 390 g\/m\u00b2 pack de 100 \u2013 resistente y adhesivo, ideal para env\u00edos seguros de documentos y piezas peque\u00f1as.","og_url":"https:\/\/www.csj-emballages.com\/es\/produit\/sobre-de-carton-con-apertura-superior-235-x-32-cm-390-g-m%c2%b2-pack-de-100\/","og_site_name":"CSJ Emballages","article_publisher":"https:\/\/www.facebook.com\/csjemballages","article_modified_time":"2026-04-03T00:12:17+00:00","og_image":[{"width":800,"height":800,"url":"https:\/\/www.csj-emballages.com\/wp-content\/uploads\/2026\/01\/27262.webp","type":"image\/webp"}],"twitter_card":"summary_large_image","twitter_misc":{"Tiempo de lectura":"2 minutos"},"schema":{"@context":"https:\/\/schema.org","@graph":[{"@type":"WebPage","@id":"https:\/\/www.csj-emballages.com\/es\/produit\/sobre-de-carton-con-apertura-superior-235-x-32-cm-390-g-m%c2%b2-pack-de-100\/","url":"https:\/\/www.csj-emballages.com\/es\/produit\/sobre-de-carton-con-apertura-superior-235-x-32-cm-390-g-m%c2%b2-pack-de-100\/","name":"Sobre de Cart\u00f3n con Apertura Superior 23,5 x 32 cm 390 g\/m\u00b2","isPartOf":{"@id":"https:\/\/www.csj-emballages.com\/es\/#website"},"primaryImageOfPage":{"@id":"https:\/\/www.csj-emballages.com\/es\/produit\/sobre-de-carton-con-apertura-superior-235-x-32-cm-390-g-m%c2%b2-pack-de-100\/#primaryimage"},"image":{"@id":"https:\/\/www.csj-emballages.com\/es\/produit\/sobre-de-carton-con-apertura-superior-235-x-32-cm-390-g-m%c2%b2-pack-de-100\/#primaryimage"},"thumbnailUrl":"https:\/\/www.csj-emballages.com\/wp-content\/uploads\/2026\/01\/27262.webp","datePublished":"2026-01-23T16:18:20+00:00","dateModified":"2026-04-03T00:12:17+00:00","description":"Sobre de cart\u00f3n 23,5 x 32 cm 390 g\/m\u00b2 pack de 100 \u2013 resistente y adhesivo, ideal para env\u00edos seguros de documentos y piezas peque\u00f1as.","breadcrumb":{"@id":"https:\/\/www.csj-emballages.com\/es\/produit\/sobre-de-carton-con-apertura-superior-235-x-32-cm-390-g-m%c2%b2-pack-de-100\/#breadcrumb"},"inLanguage":"es","potentialAction":[{"@type":"ReadAction","target":["https:\/\/www.csj-emballages.com\/es\/produit\/sobre-de-carton-con-apertura-superior-235-x-32-cm-390-g-m%c2%b2-pack-de-100\/"]}]},{"@type":"ImageObject","inLanguage":"es","@id":"https:\/\/www.csj-emballages.com\/es\/produit\/sobre-de-carton-con-apertura-superior-235-x-32-cm-390-g-m%c2%b2-pack-de-100\/#primaryimage","url":"https:\/\/www.csj-emballages.com\/wp-content\/uploads\/2026\/01\/27262.webp","contentUrl":"https:\/\/www.csj-emballages.com\/wp-content\/uploads\/2026\/01\/27262.webp","width":800,"height":800,"caption":"Enveloppe carton"},{"@type":"BreadcrumbList","@id":"https:\/\/www.csj-emballages.com\/es\/produit\/sobre-de-carton-con-apertura-superior-235-x-32-cm-390-g-m%c2%b2-pack-de-100\/#breadcrumb","itemListElement":[{"@type":"ListItem","position":1,"name":"Accueil","item":"https:\/\/www.csj-emballages.com\/es\/universo-del-envasado-alimentario\/"},{"@type":"ListItem","position":2,"name":"Tienda","item":"https:\/\/www.csj-emballages.com\/tienda\/"},{"@type":"ListItem","position":3,"name":"Sobre de cart\u00f3n con apertura superior 23,5 x 32 cm 390 g\/m\u00b2 pack de 100"}]},{"@type":"WebSite","@id":"https:\/\/www.csj-emballages.com\/es\/#website","url":"https:\/\/www.csj-emballages.com\/es\/","name":"CSJ Emballages","description":"","publisher":{"@id":"https:\/\/www.csj-emballages.com\/es\/#organization"},"potentialAction":[{"@type":"SearchAction","target":{"@type":"EntryPoint","urlTemplate":"https:\/\/www.csj-emballages.com\/es\/?s={search_term_string}"},"query-input":{"@type":"PropertyValueSpecification","valueRequired":true,"valueName":"search_term_string"}}],"inLanguage":"es"},{"@type":"Organization","@id":"https:\/\/www.csj-emballages.com\/es\/#Organization\/","name":"CSJ Emballages","url":"https:\/\/www.csj-emballages.com\/es\/","logo":{"@type":"ImageObject","inLanguage":"es","@id":"https:\/\/www.csj-emballages.com\/es\/#\/schema\/logo\/image\/","url":"https:\/\/www.csj-emballages.com\/wp-content\/uploads\/2023\/10\/logo_csj.webp","contentUrl":"https:\/\/www.csj-emballages.com\/wp-content\/uploads\/2023\/10\/logo_csj.webp","width":250,"height":95,"caption":"CSJ Emballages"},"image":{"@id":"https:\/\/www.csj-emballages.com\/es\/#\/schema\/logo\/image\/"},"sameAs":["https:\/\/www.facebook.com\/csjemballages"],"address":{"@type":"PostalAddress","streetAddress":"ZI La Lechere","addressLocality":"Patornay","postalCode":"39130","addressCountry":"FR"},"contactPoint":[{"@type":"ContactPoint","contactType":"Service client","telephone":"0384254272","email":"contact@csj-emballages.com"}]}]}},"df_price":39.48,"df_sale_price":39.48,"df_regular_price":43.87,"df_image_link":"https:\/\/www.csj-emballages.com\/wp-content\/uploads\/2026\/01\/27262-300x300.webp","tiered_pricing_type":"fixed","tiered_pricing_fixed_rules":[],"tiered_pricing_percentage_rules":[],"tiered_pricing_minimum":1,"tiered_pricing_roles_data":[],"_links":{"self":[{"href":"https:\/\/www.csj-emballages.com\/es\/wp-json\/wp\/v2\/product\/264725","targetHints":{"allow":["GET"]}}],"collection":[{"href":"https:\/\/www.csj-emballages.com\/es\/wp-json\/wp\/v2\/product"}],"about":[{"href":"https:\/\/www.csj-emballages.com\/es\/wp-json\/wp\/v2\/types\/product"}],"wp:featuredmedia":[{"embeddable":true,"href":"https:\/\/www.csj-emballages.com\/es\/wp-json\/wp\/v2\/media\/264719"}],"wp:attachment":[{"href":"https:\/\/www.csj-emballages.com\/es\/wp-json\/wp\/v2\/media?parent=264725"}],"wp:term":[{"taxonomy":"product_brand","embeddable":true,"href":"https:\/\/www.csj-emballages.com\/es\/wp-json\/wp\/v2\/product_brand?post=264725"},{"taxonomy":"product_cat","embeddable":true,"href":"https:\/\/www.csj-emballages.com\/es\/wp-json\/wp\/v2\/product_cat?post=264725"},{"taxonomy":"product_tag","embeddable":true,"href":"https:\/\/www.csj-emballages.com\/es\/wp-json\/wp\/v2\/product_tag?post=264725"}],"curies":[{"name":"wp","href":"https:\/\/api.w.org\/{rel}","templated":true}]}}