{"id":264694,"date":"2026-01-23T17:18:25","date_gmt":"2026-01-23T16:18:25","guid":{"rendered":"https:\/\/www.csj-emballages.com\/produit\/sobre-acolchado-con-apertura-superior-15-x-215-cm-pack-de-100\/"},"modified":"2026-04-03T02:12:19","modified_gmt":"2026-04-03T00:12:19","slug":"sobre-acolchado-con-apertura-superior-15-x-215-cm-pack-de-100","status":"publish","type":"product","link":"https:\/\/www.csj-emballages.com\/es\/produit\/sobre-acolchado-con-apertura-superior-15-x-215-cm-pack-de-100\/","title":{"rendered":"Sobre acolchado con apertura superior 15 x 21,5 cm, pack de 100"},"content":{"rendered":"<h2>Sobre acolchado<\/h2>\n<hr>\n<h3>Descubra nuestro sobre acolchado con apertura superior 15 x 21,5 cm, pack de 100<\/h3>\n<p><!--more--><\/p>\n<p data-start=\"290\" data-end=\"689\"><strong>El sobre acolchado<\/strong> con <strong>apertura superior 15 x 21,5 cm<\/strong> es una soluci\u00f3n de embalaje robusta y segura, ideal para el env\u00edo de peque\u00f1os objetos fr\u00e1giles en el \u00e1mbito del <strong>e-commerce, env\u00edos administrativos o entregas de precisi\u00f3n<\/strong>. De hecho, gracias a su <strong>forro interior acolchado<\/strong>, protege eficazmente el contenido contra impactos, roces o ca\u00eddas leves durante el transporte. <\/p>\n<p data-start=\"691\" data-end=\"998\">Asimismo, su tama\u00f1o (<strong>15 x 21,5 cm<\/strong>) se adapta perfectamente al <strong>env\u00edo de libros, CD\/DVD, peque\u00f1os objetos electr\u00f3nicos, accesorios delicados, joyas o documentos que requieran una protecci\u00f3n reforzada<\/strong>. Adem\u00e1s, la <strong>apertura superior<\/strong> ofrece una manipulaci\u00f3n sencilla y r\u00e1pida, facilitando el llenado y la preparaci\u00f3n de los env\u00edos. <\/p>\n<p data-start=\"1000\" data-end=\"1274\">Gracias a su <strong>cierre adhesivo autoprotector<\/strong>, <strong>el sobre<\/strong> se sella en un solo gesto, sin necesidad de pegamento adicional ni cinta adhesiva. Esto garantiza una barrera fiable contra aperturas accidentales, ahorrando tiempo en la preparaci\u00f3n de pedidos. <\/p>\n<p data-start=\"1276\" data-end=\"1579\">Fabricado con materiales resistentes y duraderos, este <strong>sobre acolchado<\/strong> est\u00e1 dise\u00f1ado tanto para profesionales como para particulares preocupados por la seguridad de sus env\u00edos. Disponible en packs de <strong>100 sobres<\/strong>, constituye una soluci\u00f3n econ\u00f3mica para una gesti\u00f3n optimizada del embalaje. <\/p>\n<p data-start=\"1276\" data-end=\"1579\"><!--more--><\/p>\n<h4 data-start=\"1276\" data-end=\"1579\">Ventajas :<\/h4>\n<ul>\n<li data-start=\"1617\" data-end=\"1680\"><strong data-start=\"1617\" data-end=\"1641\">Protecci\u00f3n reforzada<\/strong> con acolchado interior.<\/li>\n<li data-start=\"1683\" data-end=\"1727\"><strong data-start=\"1683\" data-end=\"1705\">Cierre adhesivo<\/strong> r\u00e1pido y seguro.<\/li>\n<li data-start=\"1730\" data-end=\"1794\">Tama\u00f1o vers\u00e1til <strong data-start=\"1749\" data-end=\"1765\">15 x 21,5 cm<\/strong>, apto para objetos peque\u00f1os.<\/li>\n<li data-start=\"1797\" data-end=\"1855\">Apertura superior que facilita la preparaci\u00f3n de los paquetes.<\/li>\n<li data-start=\"1858\" data-end=\"1893\">Material <strong data-start=\"1867\" data-end=\"1891\">resistente y duradero.<\/strong><\/li>\n<li data-start=\"1896\" data-end=\"1966\">Ideal para e-commerce, env\u00edos profesionales y documentos sensibles.<\/li>\n<\/ul>\n<p>&nbsp;<\/p>\n<p><!--more--><\/p>\n<h4>Informaci\u00f3n adicional :<\/h4>\n<ul>\n<li><strong>Embalaje<\/strong>: Caja de 100<\/li>\n<li><strong>Dimensiones<\/strong>: 15 x 21,5 cm<\/li>\n<li><strong>Color<\/strong>: Marr\u00f3n<\/li>\n<li><strong>Material<\/strong>: Kraft<\/li>\n<\/ul>\n<p>&nbsp;<\/p>\n<p><!--more--><\/p>\n<p>Este sobre acolchado est\u00e1 disponible en diferentes tama\u00f1os: <span style=\"color: #d12727;\"><a style=\"color: #d12727;\" href=\"https:\/\/www.csj-emballages.com\/es\/produit\/sobre-acolchado-apertura-superior-18-x-265-cm-por-100\/\">18 x 26,5 cm<\/a><\/span> \/ <span style=\"color: #d12727;\"><a style=\"color: #d12727;\" href=\"https:\/\/www.csj-emballages.com\/es\/produit\/sobre-acolchado-de-apertura-superior-24-x-34-cm-por-100\/\">24 x 34 cm<\/a><\/span> \/ <span style=\"color: #d12727;\"><a style=\"color: #d12727;\" href=\"https:\/\/www.csj-emballages.com\/es\/produit\/sobre-acolchado-apertura-superior-27-x-36-cm-pack-de-100\/\">27 x 36 cm<\/a><\/span><\/p>\n<p>&nbsp;<\/p>\n<p><!--more--><\/p>\n<p><a href=\"https:\/\/www.csj-emballages.com\/es\/categorie-produit\/envases-industriales\/bolsas-de-envio\/\">Consulte el resto de nuestra gama de sobres y bolsas de env\u00edo<\/a><\/p>\n<p data-start=\"1276\" data-end=\"1579\">\n","protected":false},"excerpt":{"rendered":"<p>Sobre acolchado Descubra nuestro sobre acolchado con apertura superior 15 x 21,5 cm, pack de 100<\/p>\n","protected":false},"featured_media":264674,"template":"","meta":{"_acf_changed":false},"product_brand":[],"product_cat":[1150,8636,1212,1213],"product_tag":[],"class_list":{"0":"post-264694","1":"product","2":"type-product","3":"status-publish","4":"has-post-thumbnail","6":"product_cat-envasado-de-alimentos","7":"product_cat-buenos-planes","8":"product_cat-envases-industriales","9":"product_cat-bolsas-de-envio","11":"first","12":"instock","13":"sale","14":"taxable","15":"shipping-taxable","16":"purchasable","17":"product-type-simple"},"acf":[],"yoast_head":"<!-- This site is optimized with the Yoast SEO Premium plugin v26.6 (Yoast SEO v26.6) - https:\/\/yoast.com\/wordpress\/plugins\/seo\/ -->\n<title>Sobre Acolchado con Apertura Superior 15 x 21,5 cm, Pack de 100<\/title>\n<meta name=\"description\" content=\"Sobre acolchado con apertura superior 15 x 21,5 cm, pack de 100 \u2013 protecci\u00f3n reforzada, cierre adhesivo f\u00e1cil para env\u00edos seguros.\" \/>\n<meta name=\"robots\" content=\"index, follow, max-snippet:-1, max-image-preview:large, max-video-preview:-1\" \/>\n<link rel=\"canonical\" href=\"https:\/\/www.csj-emballages.com\/es\/produit\/sobre-acolchado-con-apertura-superior-15-x-215-cm-pack-de-100\/\" \/>\n<meta property=\"og:locale\" content=\"es_ES\" \/>\n<meta property=\"og:type\" content=\"article\" \/>\n<meta property=\"og:title\" content=\"Sobre acolchado con apertura superior 15 x 21,5 cm, pack de 100\" \/>\n<meta property=\"og:description\" content=\"Sobre acolchado con apertura superior 15 x 21,5 cm, pack de 100 \u2013 protecci\u00f3n reforzada, cierre adhesivo f\u00e1cil para env\u00edos seguros.\" \/>\n<meta property=\"og:url\" content=\"https:\/\/www.csj-emballages.com\/es\/produit\/sobre-acolchado-con-apertura-superior-15-x-215-cm-pack-de-100\/\" \/>\n<meta property=\"og:site_name\" content=\"CSJ Emballages\" \/>\n<meta property=\"article:publisher\" content=\"https:\/\/www.facebook.com\/csjemballages\" \/>\n<meta property=\"article:modified_time\" content=\"2026-04-03T00:12:19+00:00\" \/>\n<meta property=\"og:image\" content=\"https:\/\/www.csj-emballages.com\/wp-content\/uploads\/2026\/01\/27507.webp\" \/>\n\t<meta property=\"og:image:width\" content=\"800\" \/>\n\t<meta property=\"og:image:height\" content=\"800\" \/>\n\t<meta property=\"og:image:type\" content=\"image\/webp\" \/>\n<meta name=\"twitter:card\" content=\"summary_large_image\" \/>\n<meta name=\"twitter:label1\" content=\"Tiempo de lectura\" \/>\n\t<meta name=\"twitter:data1\" content=\"2 minutos\" \/>\n<script type=\"application\/ld+json\" class=\"yoast-schema-graph\">{\"@context\":\"https:\/\/schema.org\",\"@graph\":[{\"@type\":\"WebPage\",\"@id\":\"https:\/\/www.csj-emballages.com\/es\/produit\/sobre-acolchado-con-apertura-superior-15-x-215-cm-pack-de-100\/\",\"url\":\"https:\/\/www.csj-emballages.com\/es\/produit\/sobre-acolchado-con-apertura-superior-15-x-215-cm-pack-de-100\/\",\"name\":\"Sobre Acolchado con Apertura Superior 15 x 21,5 cm, Pack de 100\",\"isPartOf\":{\"@id\":\"https:\/\/www.csj-emballages.com\/es\/#website\"},\"primaryImageOfPage\":{\"@id\":\"https:\/\/www.csj-emballages.com\/es\/produit\/sobre-acolchado-con-apertura-superior-15-x-215-cm-pack-de-100\/#primaryimage\"},\"image\":{\"@id\":\"https:\/\/www.csj-emballages.com\/es\/produit\/sobre-acolchado-con-apertura-superior-15-x-215-cm-pack-de-100\/#primaryimage\"},\"thumbnailUrl\":\"https:\/\/www.csj-emballages.com\/wp-content\/uploads\/2026\/01\/27507.webp\",\"datePublished\":\"2026-01-23T16:18:25+00:00\",\"dateModified\":\"2026-04-03T00:12:19+00:00\",\"description\":\"Sobre acolchado con apertura superior 15 x 21,5 cm, pack de 100 \u2013 protecci\u00f3n reforzada, cierre adhesivo f\u00e1cil para env\u00edos seguros.\",\"breadcrumb\":{\"@id\":\"https:\/\/www.csj-emballages.com\/es\/produit\/sobre-acolchado-con-apertura-superior-15-x-215-cm-pack-de-100\/#breadcrumb\"},\"inLanguage\":\"es\",\"potentialAction\":[{\"@type\":\"ReadAction\",\"target\":[\"https:\/\/www.csj-emballages.com\/es\/produit\/sobre-acolchado-con-apertura-superior-15-x-215-cm-pack-de-100\/\"]}]},{\"@type\":\"ImageObject\",\"inLanguage\":\"es\",\"@id\":\"https:\/\/www.csj-emballages.com\/es\/produit\/sobre-acolchado-con-apertura-superior-15-x-215-cm-pack-de-100\/#primaryimage\",\"url\":\"https:\/\/www.csj-emballages.com\/wp-content\/uploads\/2026\/01\/27507.webp\",\"contentUrl\":\"https:\/\/www.csj-emballages.com\/wp-content\/uploads\/2026\/01\/27507.webp\",\"width\":800,\"height\":800,\"caption\":\"Enveloppe matelass\u00e9e\"},{\"@type\":\"BreadcrumbList\",\"@id\":\"https:\/\/www.csj-emballages.com\/es\/produit\/sobre-acolchado-con-apertura-superior-15-x-215-cm-pack-de-100\/#breadcrumb\",\"itemListElement\":[{\"@type\":\"ListItem\",\"position\":1,\"name\":\"Accueil\",\"item\":\"https:\/\/www.csj-emballages.com\/es\/universo-del-envasado-alimentario\/\"},{\"@type\":\"ListItem\",\"position\":2,\"name\":\"Tienda\",\"item\":\"https:\/\/www.csj-emballages.com\/tienda\/\"},{\"@type\":\"ListItem\",\"position\":3,\"name\":\"Sobre acolchado con apertura superior 15 x 21,5 cm, pack de 100\"}]},{\"@type\":\"WebSite\",\"@id\":\"https:\/\/www.csj-emballages.com\/es\/#website\",\"url\":\"https:\/\/www.csj-emballages.com\/es\/\",\"name\":\"CSJ Emballages\",\"description\":\"\",\"publisher\":{\"@id\":\"https:\/\/www.csj-emballages.com\/es\/#organization\"},\"potentialAction\":[{\"@type\":\"SearchAction\",\"target\":{\"@type\":\"EntryPoint\",\"urlTemplate\":\"https:\/\/www.csj-emballages.com\/es\/?s={search_term_string}\"},\"query-input\":{\"@type\":\"PropertyValueSpecification\",\"valueRequired\":true,\"valueName\":\"search_term_string\"}}],\"inLanguage\":\"es\"},{\"@type\":\"Organization\",\"@id\":\"https:\/\/www.csj-emballages.com\/es\/#Organization\/\",\"name\":\"CSJ Emballages\",\"url\":\"https:\/\/www.csj-emballages.com\/es\/\",\"logo\":{\"@type\":\"ImageObject\",\"inLanguage\":\"es\",\"@id\":\"https:\/\/www.csj-emballages.com\/es\/#\/schema\/logo\/image\/\",\"url\":\"https:\/\/www.csj-emballages.com\/wp-content\/uploads\/2023\/10\/logo_csj.webp\",\"contentUrl\":\"https:\/\/www.csj-emballages.com\/wp-content\/uploads\/2023\/10\/logo_csj.webp\",\"width\":250,\"height\":95,\"caption\":\"CSJ Emballages\"},\"image\":{\"@id\":\"https:\/\/www.csj-emballages.com\/es\/#\/schema\/logo\/image\/\"},\"sameAs\":[\"https:\/\/www.facebook.com\/csjemballages\"],\"address\":{\"@type\":\"PostalAddress\",\"streetAddress\":\"ZI La Lechere\",\"addressLocality\":\"Patornay\",\"postalCode\":\"39130\",\"addressCountry\":\"FR\"},\"contactPoint\":[{\"@type\":\"ContactPoint\",\"contactType\":\"Service client\",\"telephone\":\"0384254272\",\"email\":\"contact@csj-emballages.com\"}]}]}<\/script>\n<!-- \/ Yoast SEO Premium plugin. -->","yoast_head_json":{"title":"Sobre Acolchado con Apertura Superior 15 x 21,5 cm, Pack de 100","description":"Sobre acolchado con apertura superior 15 x 21,5 cm, pack de 100 \u2013 protecci\u00f3n reforzada, cierre adhesivo f\u00e1cil para env\u00edos seguros.","robots":{"index":"index","follow":"follow","max-snippet":"max-snippet:-1","max-image-preview":"max-image-preview:large","max-video-preview":"max-video-preview:-1"},"canonical":"https:\/\/www.csj-emballages.com\/es\/produit\/sobre-acolchado-con-apertura-superior-15-x-215-cm-pack-de-100\/","og_locale":"es_ES","og_type":"article","og_title":"Sobre acolchado con apertura superior 15 x 21,5 cm, pack de 100","og_description":"Sobre acolchado con apertura superior 15 x 21,5 cm, pack de 100 \u2013 protecci\u00f3n reforzada, cierre adhesivo f\u00e1cil para env\u00edos seguros.","og_url":"https:\/\/www.csj-emballages.com\/es\/produit\/sobre-acolchado-con-apertura-superior-15-x-215-cm-pack-de-100\/","og_site_name":"CSJ Emballages","article_publisher":"https:\/\/www.facebook.com\/csjemballages","article_modified_time":"2026-04-03T00:12:19+00:00","og_image":[{"width":800,"height":800,"url":"https:\/\/www.csj-emballages.com\/wp-content\/uploads\/2026\/01\/27507.webp","type":"image\/webp"}],"twitter_card":"summary_large_image","twitter_misc":{"Tiempo de lectura":"2 minutos"},"schema":{"@context":"https:\/\/schema.org","@graph":[{"@type":"WebPage","@id":"https:\/\/www.csj-emballages.com\/es\/produit\/sobre-acolchado-con-apertura-superior-15-x-215-cm-pack-de-100\/","url":"https:\/\/www.csj-emballages.com\/es\/produit\/sobre-acolchado-con-apertura-superior-15-x-215-cm-pack-de-100\/","name":"Sobre Acolchado con Apertura Superior 15 x 21,5 cm, Pack de 100","isPartOf":{"@id":"https:\/\/www.csj-emballages.com\/es\/#website"},"primaryImageOfPage":{"@id":"https:\/\/www.csj-emballages.com\/es\/produit\/sobre-acolchado-con-apertura-superior-15-x-215-cm-pack-de-100\/#primaryimage"},"image":{"@id":"https:\/\/www.csj-emballages.com\/es\/produit\/sobre-acolchado-con-apertura-superior-15-x-215-cm-pack-de-100\/#primaryimage"},"thumbnailUrl":"https:\/\/www.csj-emballages.com\/wp-content\/uploads\/2026\/01\/27507.webp","datePublished":"2026-01-23T16:18:25+00:00","dateModified":"2026-04-03T00:12:19+00:00","description":"Sobre acolchado con apertura superior 15 x 21,5 cm, pack de 100 \u2013 protecci\u00f3n reforzada, cierre adhesivo f\u00e1cil para env\u00edos seguros.","breadcrumb":{"@id":"https:\/\/www.csj-emballages.com\/es\/produit\/sobre-acolchado-con-apertura-superior-15-x-215-cm-pack-de-100\/#breadcrumb"},"inLanguage":"es","potentialAction":[{"@type":"ReadAction","target":["https:\/\/www.csj-emballages.com\/es\/produit\/sobre-acolchado-con-apertura-superior-15-x-215-cm-pack-de-100\/"]}]},{"@type":"ImageObject","inLanguage":"es","@id":"https:\/\/www.csj-emballages.com\/es\/produit\/sobre-acolchado-con-apertura-superior-15-x-215-cm-pack-de-100\/#primaryimage","url":"https:\/\/www.csj-emballages.com\/wp-content\/uploads\/2026\/01\/27507.webp","contentUrl":"https:\/\/www.csj-emballages.com\/wp-content\/uploads\/2026\/01\/27507.webp","width":800,"height":800,"caption":"Enveloppe matelass\u00e9e"},{"@type":"BreadcrumbList","@id":"https:\/\/www.csj-emballages.com\/es\/produit\/sobre-acolchado-con-apertura-superior-15-x-215-cm-pack-de-100\/#breadcrumb","itemListElement":[{"@type":"ListItem","position":1,"name":"Accueil","item":"https:\/\/www.csj-emballages.com\/es\/universo-del-envasado-alimentario\/"},{"@type":"ListItem","position":2,"name":"Tienda","item":"https:\/\/www.csj-emballages.com\/tienda\/"},{"@type":"ListItem","position":3,"name":"Sobre acolchado con apertura superior 15 x 21,5 cm, pack de 100"}]},{"@type":"WebSite","@id":"https:\/\/www.csj-emballages.com\/es\/#website","url":"https:\/\/www.csj-emballages.com\/es\/","name":"CSJ Emballages","description":"","publisher":{"@id":"https:\/\/www.csj-emballages.com\/es\/#organization"},"potentialAction":[{"@type":"SearchAction","target":{"@type":"EntryPoint","urlTemplate":"https:\/\/www.csj-emballages.com\/es\/?s={search_term_string}"},"query-input":{"@type":"PropertyValueSpecification","valueRequired":true,"valueName":"search_term_string"}}],"inLanguage":"es"},{"@type":"Organization","@id":"https:\/\/www.csj-emballages.com\/es\/#Organization\/","name":"CSJ Emballages","url":"https:\/\/www.csj-emballages.com\/es\/","logo":{"@type":"ImageObject","inLanguage":"es","@id":"https:\/\/www.csj-emballages.com\/es\/#\/schema\/logo\/image\/","url":"https:\/\/www.csj-emballages.com\/wp-content\/uploads\/2023\/10\/logo_csj.webp","contentUrl":"https:\/\/www.csj-emballages.com\/wp-content\/uploads\/2023\/10\/logo_csj.webp","width":250,"height":95,"caption":"CSJ Emballages"},"image":{"@id":"https:\/\/www.csj-emballages.com\/es\/#\/schema\/logo\/image\/"},"sameAs":["https:\/\/www.facebook.com\/csjemballages"],"address":{"@type":"PostalAddress","streetAddress":"ZI La Lechere","addressLocality":"Patornay","postalCode":"39130","addressCountry":"FR"},"contactPoint":[{"@type":"ContactPoint","contactType":"Service client","telephone":"0384254272","email":"contact@csj-emballages.com"}]}]}},"df_price":25.03,"df_sale_price":25.03,"df_regular_price":27.82,"df_image_link":"https:\/\/www.csj-emballages.com\/wp-content\/uploads\/2026\/01\/27507-300x300.webp","tiered_pricing_type":"fixed","tiered_pricing_fixed_rules":[],"tiered_pricing_percentage_rules":[],"tiered_pricing_minimum":1,"tiered_pricing_roles_data":[],"_links":{"self":[{"href":"https:\/\/www.csj-emballages.com\/es\/wp-json\/wp\/v2\/product\/264694","targetHints":{"allow":["GET"]}}],"collection":[{"href":"https:\/\/www.csj-emballages.com\/es\/wp-json\/wp\/v2\/product"}],"about":[{"href":"https:\/\/www.csj-emballages.com\/es\/wp-json\/wp\/v2\/types\/product"}],"wp:featuredmedia":[{"embeddable":true,"href":"https:\/\/www.csj-emballages.com\/es\/wp-json\/wp\/v2\/media\/264674"}],"wp:attachment":[{"href":"https:\/\/www.csj-emballages.com\/es\/wp-json\/wp\/v2\/media?parent=264694"}],"wp:term":[{"taxonomy":"product_brand","embeddable":true,"href":"https:\/\/www.csj-emballages.com\/es\/wp-json\/wp\/v2\/product_brand?post=264694"},{"taxonomy":"product_cat","embeddable":true,"href":"https:\/\/www.csj-emballages.com\/es\/wp-json\/wp\/v2\/product_cat?post=264694"},{"taxonomy":"product_tag","embeddable":true,"href":"https:\/\/www.csj-emballages.com\/es\/wp-json\/wp\/v2\/product_tag?post=264694"}],"curies":[{"name":"wp","href":"https:\/\/api.w.org\/{rel}","templated":true}]}}