{"id":263677,"date":"2026-02-05T11:18:17","date_gmt":"2026-02-05T10:18:17","guid":{"rendered":"https:\/\/www.csj-emballages.com\/produit\/mopa-de-microfibra-azul-de-40-cm-con-lengueta\/"},"modified":"2026-04-29T02:11:13","modified_gmt":"2026-04-29T00:11:13","slug":"mopa-de-microfibra-azul-de-40-cm-con-lengueta","status":"publish","type":"product","link":"https:\/\/www.csj-emballages.com\/es\/produit\/mopa-de-microfibra-azul-de-40-cm-con-lengueta\/","title":{"rendered":"Mopa de microfibra azul de 40 cm con leng\u00fceta"},"content":{"rendered":"<h2>Flecos de microfibra<\/h2>\n<hr>\n<h3>Descubra nuestra mopa de microfibra azul de 40 cm con leng\u00fceta<\/h3>\n<p><!--more--><\/p>\n<p data-start=\"219\" data-end=\"573\">La <strong>mopa de microfibra azul de 40 cm con leng\u00fceta<\/strong> est\u00e1 especialmente dise\u00f1ada para la limpieza eficaz e higi\u00e9nica de suelos en entornos profesionales. Gracias a su composici\u00f3n en <strong>microfibra<\/strong> de alta calidad, asegura una excelente capacidad de absorci\u00f3n y de captura de suciedad, polvo y residuos, limitando al mismo tiempo el uso de productos qu\u00edmicos. <\/p>\n<p data-start=\"575\" data-end=\"887\">Con una <strong>anchura de 40 cm<\/strong>, esta <strong>mopa<\/strong> permite cubrir r\u00e1pidamente grandes superficies, optimizando as\u00ed el tiempo de trabajo durante las operaciones de limpieza. De hecho, es ideal para <strong>oficinas, comercios, centros de salud, colectividades<\/strong> o zonas de mucho tr\u00e1nsito que requieran un mantenimiento regular y riguroso. <\/p>\n<p data-start=\"889\" data-end=\"1162\">Equipada con <strong>leng\u00fcetas de fijaci\u00f3n<\/strong>, la <strong>mopa<\/strong> se instala f\u00e1cilmente en una montura compatible, garantizando una sujeci\u00f3n fiable durante el uso. Este sistema de fijaci\u00f3n tambi\u00e9n permite una retirada sencilla y r\u00e1pida, mejorando la ergonom\u00eda y la comodidad del usuario. <\/p>\n<p data-start=\"1164\" data-end=\"1546\">El <strong>color azul<\/strong> facilita la identificaci\u00f3n de la mopa dentro de los protocolos de limpieza por codificaci\u00f3n de colores, contribuyendo a prevenir los riesgos de contaminaci\u00f3n cruzada. Resistente y duradera, la <strong>mopa de microfibra<\/strong> conserva sus propiedades incluso despu\u00e9s de numerosos ciclos de lavado, lo que la convierte en una soluci\u00f3n econ\u00f3mica y fiable para un uso profesional intensivo. <\/p>\n<p data-start=\"1164\" data-end=\"1546\"><!--more--><\/p>\n<h4 data-start=\"1164\" data-end=\"1546\">Ventajas :<\/h4>\n<ul>\n<li data-start=\"1584\" data-end=\"1641\"><strong>Microfibra<\/strong> de alto rendimiento para una limpieza eficaz.<\/li>\n<li data-start=\"1644\" data-end=\"1698\">Excelente absorci\u00f3n de l\u00edquidos y suciedad.<\/li>\n<li data-start=\"1701\" data-end=\"1754\"><strong>Anchura de 40 cm<\/strong> para una limpieza r\u00e1pida de las superficies.<\/li>\n<li data-start=\"1757\" data-end=\"1803\">Fijaci\u00f3n por leng\u00fcetas, sencilla y segura.<\/li>\n<li data-start=\"1806\" data-end=\"1841\"><strong>Compatible<\/strong> con monturas adaptadas.<\/li>\n<li data-start=\"1844\" data-end=\"1890\"><strong>Color azul<\/strong> para la codificaci\u00f3n de las zonas.<\/li>\n<li data-start=\"1893\" data-end=\"1952\">Resistente y lavable para una larga vida \u00fatil.<\/li>\n<\/ul>\n<p>&nbsp;<\/p>\n<p><!--more--><\/p>\n<h4>Informaci\u00f3n adicional :<\/h4>\n<ul>\n<li><strong>Embalaje<\/strong>: Por unidad<\/li>\n<li><strong>Longitud<\/strong>: 40 cm<\/li>\n<li><strong>Color<\/strong>: Azul<\/li>\n<\/ul>\n<p>&nbsp;<\/p>\n<p><!--more--><\/p>\n<p>Encuentre aqu\u00ed nuestra mopa de microfibra con leng\u00fceta y bolsillo: <span style=\"color: #d12727;\"><a style=\"color: #d12727;\" href=\"https:\/\/www.csj-emballages.com\/es\/produit\/flecos-de-microfibra-azul-de-40-cm-con-bolsillos-y-lengueta-con-agujero\/\">6363<\/a><\/span><\/p>\n<p>&nbsp;<\/p>\n<p><!--more--><\/p>\n<p><a href=\"https:\/\/www.csj-emballages.com\/es\/categorie-produit\/higiene-y-mantenimiento\/cepillos-y-escobas\/escoba-cepillo-plumero\/gama-speedy-es\/\">Consulte el resto de nuestra gama Speedy<\/a><\/p>\n<p>&nbsp;<\/p>\n","protected":false},"excerpt":{"rendered":"<p>Flecos de microfibra Descubra nuestra mopa de microfibra azul de 40 cm con leng\u00fceta<\/p>\n","protected":false},"featured_media":221429,"template":"","meta":{"_acf_changed":false},"product_brand":[],"product_cat":[1150,1226,1716,1420,1832,1908,10272],"product_tag":[],"class_list":{"0":"post-263677","1":"product","2":"type-product","3":"status-publish","4":"has-post-thumbnail","6":"product_cat-envasado-de-alimentos","7":"product_cat-higiene-y-mantenimiento","8":"product_cat-accesorios","9":"product_cat-cepillos-y-escobas","10":"product_cat-escoba-cepillo-plumero","11":"product_cat-gama-speedy-es","12":"product_cat-liquidacion","14":"first","15":"outofstock","16":"sale","17":"taxable","18":"shipping-taxable","19":"purchasable","20":"product-type-simple"},"acf":[],"yoast_head":"<!-- This site is optimized with the Yoast SEO Premium plugin v26.6 (Yoast SEO v26.6) - https:\/\/yoast.com\/wordpress\/plugins\/seo\/ -->\n<title>Mopa de microfibra azul de 40 cm con leng\u00fceta<\/title>\n<meta name=\"description\" content=\"Mopa de microfibra azul de 40 cm con leng\u00fceta. Alta absorci\u00f3n, fijaci\u00f3n f\u00e1cil e ideal para la limpieza profesional de suelos.\" \/>\n<meta name=\"robots\" content=\"index, follow, max-snippet:-1, max-image-preview:large, max-video-preview:-1\" \/>\n<link rel=\"canonical\" href=\"https:\/\/www.csj-emballages.com\/es\/produit\/mopa-de-microfibra-azul-de-40-cm-con-lengueta\/\" \/>\n<meta property=\"og:locale\" content=\"es_ES\" \/>\n<meta property=\"og:type\" content=\"article\" \/>\n<meta property=\"og:title\" content=\"Mopa de microfibra azul de 40 cm con leng\u00fceta\" \/>\n<meta property=\"og:description\" content=\"Mopa de microfibra azul de 40 cm con leng\u00fceta. Alta absorci\u00f3n, fijaci\u00f3n f\u00e1cil e ideal para la limpieza profesional de suelos.\" \/>\n<meta property=\"og:url\" content=\"https:\/\/www.csj-emballages.com\/es\/produit\/mopa-de-microfibra-azul-de-40-cm-con-lengueta\/\" \/>\n<meta property=\"og:site_name\" content=\"CSJ Emballages\" \/>\n<meta property=\"article:publisher\" content=\"https:\/\/www.facebook.com\/csjemballages\" \/>\n<meta property=\"article:modified_time\" content=\"2026-04-29T00:11:13+00:00\" \/>\n<meta property=\"og:image\" content=\"https:\/\/www.csj-emballages.com\/wp-content\/uploads\/2024\/03\/6363.webp\" \/>\n\t<meta property=\"og:image:width\" content=\"800\" \/>\n\t<meta property=\"og:image:height\" content=\"800\" \/>\n\t<meta property=\"og:image:type\" content=\"image\/webp\" \/>\n<meta name=\"twitter:card\" content=\"summary_large_image\" \/>\n<meta name=\"twitter:label1\" content=\"Tiempo de lectura\" \/>\n\t<meta name=\"twitter:data1\" content=\"2 minutos\" \/>\n<script type=\"application\/ld+json\" class=\"yoast-schema-graph\">{\"@context\":\"https:\/\/schema.org\",\"@graph\":[{\"@type\":\"WebPage\",\"@id\":\"https:\/\/www.csj-emballages.com\/es\/produit\/mopa-de-microfibra-azul-de-40-cm-con-lengueta\/\",\"url\":\"https:\/\/www.csj-emballages.com\/es\/produit\/mopa-de-microfibra-azul-de-40-cm-con-lengueta\/\",\"name\":\"Mopa de microfibra azul de 40 cm con leng\u00fceta\",\"isPartOf\":{\"@id\":\"https:\/\/www.csj-emballages.com\/es\/#website\"},\"primaryImageOfPage\":{\"@id\":\"https:\/\/www.csj-emballages.com\/es\/produit\/mopa-de-microfibra-azul-de-40-cm-con-lengueta\/#primaryimage\"},\"image\":{\"@id\":\"https:\/\/www.csj-emballages.com\/es\/produit\/mopa-de-microfibra-azul-de-40-cm-con-lengueta\/#primaryimage\"},\"thumbnailUrl\":\"https:\/\/www.csj-emballages.com\/wp-content\/uploads\/2024\/03\/6363.webp\",\"datePublished\":\"2026-02-05T10:18:17+00:00\",\"dateModified\":\"2026-04-29T00:11:13+00:00\",\"description\":\"Mopa de microfibra azul de 40 cm con leng\u00fceta. Alta absorci\u00f3n, fijaci\u00f3n f\u00e1cil e ideal para la limpieza profesional de suelos.\",\"breadcrumb\":{\"@id\":\"https:\/\/www.csj-emballages.com\/es\/produit\/mopa-de-microfibra-azul-de-40-cm-con-lengueta\/#breadcrumb\"},\"inLanguage\":\"es\",\"potentialAction\":[{\"@type\":\"ReadAction\",\"target\":[\"https:\/\/www.csj-emballages.com\/es\/produit\/mopa-de-microfibra-azul-de-40-cm-con-lengueta\/\"]}]},{\"@type\":\"ImageObject\",\"inLanguage\":\"es\",\"@id\":\"https:\/\/www.csj-emballages.com\/es\/produit\/mopa-de-microfibra-azul-de-40-cm-con-lengueta\/#primaryimage\",\"url\":\"https:\/\/www.csj-emballages.com\/wp-content\/uploads\/2024\/03\/6363.webp\",\"contentUrl\":\"https:\/\/www.csj-emballages.com\/wp-content\/uploads\/2024\/03\/6363.webp\",\"width\":800,\"height\":800,\"caption\":\"Frange microfibre\"},{\"@type\":\"BreadcrumbList\",\"@id\":\"https:\/\/www.csj-emballages.com\/es\/produit\/mopa-de-microfibra-azul-de-40-cm-con-lengueta\/#breadcrumb\",\"itemListElement\":[{\"@type\":\"ListItem\",\"position\":1,\"name\":\"Accueil\",\"item\":\"https:\/\/www.csj-emballages.com\/es\/universo-del-envasado-alimentario\/\"},{\"@type\":\"ListItem\",\"position\":2,\"name\":\"Tienda\",\"item\":\"https:\/\/www.csj-emballages.com\/tienda\/\"},{\"@type\":\"ListItem\",\"position\":3,\"name\":\"Mopa de microfibra azul de 40 cm con leng\u00fceta\"}]},{\"@type\":\"WebSite\",\"@id\":\"https:\/\/www.csj-emballages.com\/es\/#website\",\"url\":\"https:\/\/www.csj-emballages.com\/es\/\",\"name\":\"CSJ Emballages\",\"description\":\"\",\"publisher\":{\"@id\":\"https:\/\/www.csj-emballages.com\/es\/#organization\"},\"potentialAction\":[{\"@type\":\"SearchAction\",\"target\":{\"@type\":\"EntryPoint\",\"urlTemplate\":\"https:\/\/www.csj-emballages.com\/es\/?s={search_term_string}\"},\"query-input\":{\"@type\":\"PropertyValueSpecification\",\"valueRequired\":true,\"valueName\":\"search_term_string\"}}],\"inLanguage\":\"es\"},{\"@type\":\"Organization\",\"@id\":\"https:\/\/www.csj-emballages.com\/es\/#Organization\/\",\"name\":\"CSJ Emballages\",\"url\":\"https:\/\/www.csj-emballages.com\/es\/\",\"logo\":{\"@type\":\"ImageObject\",\"inLanguage\":\"es\",\"@id\":\"https:\/\/www.csj-emballages.com\/es\/#\/schema\/logo\/image\/\",\"url\":\"https:\/\/www.csj-emballages.com\/wp-content\/uploads\/2023\/10\/logo_csj.webp\",\"contentUrl\":\"https:\/\/www.csj-emballages.com\/wp-content\/uploads\/2023\/10\/logo_csj.webp\",\"width\":250,\"height\":95,\"caption\":\"CSJ Emballages\"},\"image\":{\"@id\":\"https:\/\/www.csj-emballages.com\/es\/#\/schema\/logo\/image\/\"},\"sameAs\":[\"https:\/\/www.facebook.com\/csjemballages\"],\"address\":{\"@type\":\"PostalAddress\",\"streetAddress\":\"ZI La Lechere\",\"addressLocality\":\"Patornay\",\"postalCode\":\"39130\",\"addressCountry\":\"FR\"},\"contactPoint\":[{\"@type\":\"ContactPoint\",\"contactType\":\"Service client\",\"telephone\":\"0384254272\",\"email\":\"contact@csj-emballages.com\"}]}]}<\/script>\n<!-- \/ Yoast SEO Premium plugin. -->","yoast_head_json":{"title":"Mopa de microfibra azul de 40 cm con leng\u00fceta","description":"Mopa de microfibra azul de 40 cm con leng\u00fceta. Alta absorci\u00f3n, fijaci\u00f3n f\u00e1cil e ideal para la limpieza profesional de suelos.","robots":{"index":"index","follow":"follow","max-snippet":"max-snippet:-1","max-image-preview":"max-image-preview:large","max-video-preview":"max-video-preview:-1"},"canonical":"https:\/\/www.csj-emballages.com\/es\/produit\/mopa-de-microfibra-azul-de-40-cm-con-lengueta\/","og_locale":"es_ES","og_type":"article","og_title":"Mopa de microfibra azul de 40 cm con leng\u00fceta","og_description":"Mopa de microfibra azul de 40 cm con leng\u00fceta. Alta absorci\u00f3n, fijaci\u00f3n f\u00e1cil e ideal para la limpieza profesional de suelos.","og_url":"https:\/\/www.csj-emballages.com\/es\/produit\/mopa-de-microfibra-azul-de-40-cm-con-lengueta\/","og_site_name":"CSJ Emballages","article_publisher":"https:\/\/www.facebook.com\/csjemballages","article_modified_time":"2026-04-29T00:11:13+00:00","og_image":[{"width":800,"height":800,"url":"https:\/\/www.csj-emballages.com\/wp-content\/uploads\/2024\/03\/6363.webp","type":"image\/webp"}],"twitter_card":"summary_large_image","twitter_misc":{"Tiempo de lectura":"2 minutos"},"schema":{"@context":"https:\/\/schema.org","@graph":[{"@type":"WebPage","@id":"https:\/\/www.csj-emballages.com\/es\/produit\/mopa-de-microfibra-azul-de-40-cm-con-lengueta\/","url":"https:\/\/www.csj-emballages.com\/es\/produit\/mopa-de-microfibra-azul-de-40-cm-con-lengueta\/","name":"Mopa de microfibra azul de 40 cm con leng\u00fceta","isPartOf":{"@id":"https:\/\/www.csj-emballages.com\/es\/#website"},"primaryImageOfPage":{"@id":"https:\/\/www.csj-emballages.com\/es\/produit\/mopa-de-microfibra-azul-de-40-cm-con-lengueta\/#primaryimage"},"image":{"@id":"https:\/\/www.csj-emballages.com\/es\/produit\/mopa-de-microfibra-azul-de-40-cm-con-lengueta\/#primaryimage"},"thumbnailUrl":"https:\/\/www.csj-emballages.com\/wp-content\/uploads\/2024\/03\/6363.webp","datePublished":"2026-02-05T10:18:17+00:00","dateModified":"2026-04-29T00:11:13+00:00","description":"Mopa de microfibra azul de 40 cm con leng\u00fceta. Alta absorci\u00f3n, fijaci\u00f3n f\u00e1cil e ideal para la limpieza profesional de suelos.","breadcrumb":{"@id":"https:\/\/www.csj-emballages.com\/es\/produit\/mopa-de-microfibra-azul-de-40-cm-con-lengueta\/#breadcrumb"},"inLanguage":"es","potentialAction":[{"@type":"ReadAction","target":["https:\/\/www.csj-emballages.com\/es\/produit\/mopa-de-microfibra-azul-de-40-cm-con-lengueta\/"]}]},{"@type":"ImageObject","inLanguage":"es","@id":"https:\/\/www.csj-emballages.com\/es\/produit\/mopa-de-microfibra-azul-de-40-cm-con-lengueta\/#primaryimage","url":"https:\/\/www.csj-emballages.com\/wp-content\/uploads\/2024\/03\/6363.webp","contentUrl":"https:\/\/www.csj-emballages.com\/wp-content\/uploads\/2024\/03\/6363.webp","width":800,"height":800,"caption":"Frange microfibre"},{"@type":"BreadcrumbList","@id":"https:\/\/www.csj-emballages.com\/es\/produit\/mopa-de-microfibra-azul-de-40-cm-con-lengueta\/#breadcrumb","itemListElement":[{"@type":"ListItem","position":1,"name":"Accueil","item":"https:\/\/www.csj-emballages.com\/es\/universo-del-envasado-alimentario\/"},{"@type":"ListItem","position":2,"name":"Tienda","item":"https:\/\/www.csj-emballages.com\/tienda\/"},{"@type":"ListItem","position":3,"name":"Mopa de microfibra azul de 40 cm con leng\u00fceta"}]},{"@type":"WebSite","@id":"https:\/\/www.csj-emballages.com\/es\/#website","url":"https:\/\/www.csj-emballages.com\/es\/","name":"CSJ Emballages","description":"","publisher":{"@id":"https:\/\/www.csj-emballages.com\/es\/#organization"},"potentialAction":[{"@type":"SearchAction","target":{"@type":"EntryPoint","urlTemplate":"https:\/\/www.csj-emballages.com\/es\/?s={search_term_string}"},"query-input":{"@type":"PropertyValueSpecification","valueRequired":true,"valueName":"search_term_string"}}],"inLanguage":"es"},{"@type":"Organization","@id":"https:\/\/www.csj-emballages.com\/es\/#Organization\/","name":"CSJ Emballages","url":"https:\/\/www.csj-emballages.com\/es\/","logo":{"@type":"ImageObject","inLanguage":"es","@id":"https:\/\/www.csj-emballages.com\/es\/#\/schema\/logo\/image\/","url":"https:\/\/www.csj-emballages.com\/wp-content\/uploads\/2023\/10\/logo_csj.webp","contentUrl":"https:\/\/www.csj-emballages.com\/wp-content\/uploads\/2023\/10\/logo_csj.webp","width":250,"height":95,"caption":"CSJ Emballages"},"image":{"@id":"https:\/\/www.csj-emballages.com\/es\/#\/schema\/logo\/image\/"},"sameAs":["https:\/\/www.facebook.com\/csjemballages"],"address":{"@type":"PostalAddress","streetAddress":"ZI La Lechere","addressLocality":"Patornay","postalCode":"39130","addressCountry":"FR"},"contactPoint":[{"@type":"ContactPoint","contactType":"Service client","telephone":"0384254272","email":"contact@csj-emballages.com"}]}]}},"df_price":1.7,"df_sale_price":1.7,"df_regular_price":2.12,"df_image_link":"https:\/\/www.csj-emballages.com\/wp-content\/uploads\/2024\/03\/6363-300x300.webp","tiered_pricing_type":"fixed","tiered_pricing_fixed_rules":[],"tiered_pricing_percentage_rules":[],"tiered_pricing_minimum":1,"tiered_pricing_roles_data":[],"_links":{"self":[{"href":"https:\/\/www.csj-emballages.com\/es\/wp-json\/wp\/v2\/product\/263677","targetHints":{"allow":["GET"]}}],"collection":[{"href":"https:\/\/www.csj-emballages.com\/es\/wp-json\/wp\/v2\/product"}],"about":[{"href":"https:\/\/www.csj-emballages.com\/es\/wp-json\/wp\/v2\/types\/product"}],"wp:featuredmedia":[{"embeddable":true,"href":"https:\/\/www.csj-emballages.com\/es\/wp-json\/wp\/v2\/media\/221429"}],"wp:attachment":[{"href":"https:\/\/www.csj-emballages.com\/es\/wp-json\/wp\/v2\/media?parent=263677"}],"wp:term":[{"taxonomy":"product_brand","embeddable":true,"href":"https:\/\/www.csj-emballages.com\/es\/wp-json\/wp\/v2\/product_brand?post=263677"},{"taxonomy":"product_cat","embeddable":true,"href":"https:\/\/www.csj-emballages.com\/es\/wp-json\/wp\/v2\/product_cat?post=263677"},{"taxonomy":"product_tag","embeddable":true,"href":"https:\/\/www.csj-emballages.com\/es\/wp-json\/wp\/v2\/product_tag?post=263677"}],"curies":[{"name":"wp","href":"https:\/\/api.w.org\/{rel}","templated":true}]}}