{"id":263632,"date":"2026-01-30T11:18:15","date_gmt":"2026-01-30T10:18:15","guid":{"rendered":"https:\/\/www.csj-emballages.com\/produit\/tapa-de-plastico-pet-para-tarrina-de-helado-pga120-por-50\/"},"modified":"2026-05-16T02:12:45","modified_gmt":"2026-05-16T00:12:45","slug":"tapa-de-plastico-pet-para-tarrina-de-helado-pga120-por-50","status":"publish","type":"product","link":"https:\/\/www.csj-emballages.com\/es\/produit\/tapa-de-plastico-pet-para-tarrina-de-helado-pga120-por-50\/","title":{"rendered":"Tapa de pl\u00e1stico PET para tarrina de helado PGA120 por 50"},"content":{"rendered":"<h2 data-start=\"255\" data-end=\"576\">Tapa de pl\u00e1stico PET<\/h2>\n<hr>\n<h3 data-start=\"255\" data-end=\"576\">Descubra nuestra tapa de pl\u00e1stico PET para tarrina de helado PGA120 por 50<\/h3>\n<p data-start=\"255\" data-end=\"576\"><!--more--><\/p>\n<p data-start=\"255\" data-end=\"576\">La <strong>tapa de pl\u00e1stico PET para tarrina de helado PGA120<\/strong> est\u00e1 dise\u00f1ada para garantizar un cierre fiable e higi\u00e9nico de las <strong>tarrinas de helado<\/strong>, <strong>sorbetes y postres fr\u00edos<\/strong>. Especialmente adaptada a la <strong>tarrina de helado <span style=\"color: #d12727;\"><a style=\"color: #d12727;\" href=\"https:\/\/www.csj-emballages.com\/es\/produit\/tarrina-de-helado-de-carton-blanco-120-ml-por-50\/\">PGA120<\/a><\/span><\/strong>, garantiza una compatibilidad perfecta y una sujeci\u00f3n segura durante el almacenamiento, el transporte o la venta para llevar. <\/p>\n<p data-start=\"578\" data-end=\"989\">Fabricada en <strong>pl\u00e1stico PET transparente<\/strong> de calidad alimentaria, esta <strong>tapa PET<\/strong> ofrece una excelente rigidez manteni\u00e9ndose ligera. Su <strong>transparencia<\/strong> permite visualizar f\u00e1cilmente el contenido de la tarrina, realzando las preparaciones y tranquilizando al cliente sobre la calidad y frescura del producto. Es ideal para <strong>helader\u00edas, pasteleros, caterings, restauradores y profesionales de la venta para llevar<\/strong>.  <\/p>\n<p data-start=\"991\" data-end=\"1289\">El <strong>sistema de encaje<\/strong> preciso garantiza un cierre eficaz, limitando los riesgos de fugas, derrames o contaminaci\u00f3n exterior. Tambi\u00e9n contribuye a preservar la textura y frescura de los postres fr\u00edos, especialmente durante el transporte o la conservaci\u00f3n en vitrina refrigerada. <\/p>\n<p data-start=\"1291\" data-end=\"1620\">Pr\u00e1ctica y simple de usar, la <strong>tapa PET<\/strong> para <strong>tarrina de helado <span style=\"color: #d12727;\"><a style=\"color: #d12727;\" href=\"https:\/\/www.csj-emballages.com\/es\/produit\/tarrina-de-helado-de-carton-blanco-120-ml-por-50\/\">PGA120<\/a><\/span><\/strong> permite ahorrar tiempo durante el servicio y mejora la organizaci\u00f3n en el punto de venta. Acondicionada por <strong>lote de 50 unidades<\/strong>, est\u00e1 perfectamente adaptada a las necesidades de peque\u00f1as y medianas estructuras o para uso puntual durante picos de actividad estacionales. <\/p>\n<p data-start=\"1291\" data-end=\"1620\"><!--more--><\/p>\n<h4 data-start=\"1291\" data-end=\"1620\">Ventajas :<\/h4>\n<ul>\n<li data-start=\"1658\" data-end=\"1710\">Compatibilidad perfecta con la <strong>tarrina de helado PGA120<\/strong>.<\/li>\n<li data-start=\"1713\" data-end=\"1756\"><strong>Pl\u00e1stico PET<\/strong> apto para contacto alimentario.<\/li>\n<li data-start=\"1759\" data-end=\"1814\"><strong>Transparencia<\/strong> para realzar las preparaciones.<\/li>\n<li data-start=\"1817\" data-end=\"1857\">Cierre seguro y sujeci\u00f3n fiable.<\/li>\n<li data-start=\"1860\" data-end=\"1900\">Limita las fugas y los derrames.<\/li>\n<li data-start=\"1903\" data-end=\"1940\">Ligera, r\u00edgida y f\u00e1cil de manipular.<\/li>\n<li data-start=\"1943\" data-end=\"1988\">Adaptada para venta para llevar y almacenamiento.<\/li>\n<li data-start=\"1991\" data-end=\"2035\">Acondicionamiento pr\u00e1ctico por <strong>50 tapas<\/strong>.<\/li>\n<\/ul>\n<p>&nbsp;<\/p>\n<p><!--more--><\/p>\n<h4>Informaci\u00f3n adicional :<\/h4>\n<ul>\n<li><strong>Envase<\/strong>: Paquete de 50<\/li>\n<li><strong>Di\u00e1metro<\/strong>: 76 mm<\/li>\n<li><strong>Color<\/strong>: Transparente<\/li>\n<li><strong>Material<\/strong>: Polietileno (PET)<\/li>\n<\/ul>\n<p>&nbsp;<\/p>\n<p><!--more--><\/p>\n<p>Encuentre aqu\u00ed nuestra tarrina de helado compatible con esta tapa de pl\u00e1stico PET: <span style=\"color: #d12727;\"><a style=\"color: #d12727;\" href=\"https:\/\/www.csj-emballages.com\/es\/produit\/tarrina-de-helado-de-carton-blanco-120-ml-por-50\/\">PGA120<\/a><\/span><\/p>\n<p>&nbsp;<\/p>\n<p><!--more--><\/p>\n<p><a href=\"https:\/\/www.csj-emballages.com\/es\/categorie-produit\/envasado-de-alimentos\/catering-es\/ollas-cuencos-portavasos\/ollas-kraft\/tarrinas-de-helado\/\">Ver el resto de nuestra gama de tarrinas para helado<\/a><\/p>\n","protected":false},"excerpt":{"rendered":"<p>Tapa de pl\u00e1stico PET Descubra nuestra tapa de pl\u00e1stico PET para tarrina de helado PGA120 por 50<\/p>\n","protected":false},"featured_media":263630,"template":"","meta":{"_acf_changed":false},"product_brand":[],"product_cat":[1150,1179,3879,1277,9208],"product_tag":[],"class_list":{"0":"post-263632","1":"product","2":"type-product","3":"status-publish","4":"has-post-thumbnail","6":"product_cat-envasado-de-alimentos","7":"product_cat-catering-es","8":"product_cat-ollas-cuencos-portavasos","9":"product_cat-ollas-kraft","10":"product_cat-tarrinas-de-helado","12":"first","13":"instock","14":"taxable","15":"shipping-taxable","16":"purchasable","17":"product-type-simple"},"acf":[],"yoast_head":"<!-- This site is optimized with the Yoast SEO Premium plugin v26.6 (Yoast SEO v26.6) - https:\/\/yoast.com\/wordpress\/plugins\/seo\/ -->\n<title>Tapa de Pl\u00e1stico PET para Tarrina de Helado PGA120 por 50<\/title>\n<meta name=\"description\" content=\"Tapa de pl\u00e1stico PET para tarrina de helado PGA120 por 50. Cierre seguro, transparente e ideal para helados y postres fr\u00edos.\" \/>\n<meta name=\"robots\" content=\"index, follow, max-snippet:-1, max-image-preview:large, max-video-preview:-1\" \/>\n<link rel=\"canonical\" href=\"https:\/\/www.csj-emballages.com\/es\/produit\/tapa-de-plastico-pet-para-tarrina-de-helado-pga120-por-50\/\" \/>\n<meta property=\"og:locale\" content=\"es_ES\" \/>\n<meta property=\"og:type\" content=\"article\" \/>\n<meta property=\"og:title\" content=\"Tapa de pl\u00e1stico PET para tarrina de helado PGA120 por 50\" \/>\n<meta property=\"og:description\" content=\"Tapa de pl\u00e1stico PET para tarrina de helado PGA120 por 50. Cierre seguro, transparente e ideal para helados y postres fr\u00edos.\" \/>\n<meta property=\"og:url\" content=\"https:\/\/www.csj-emballages.com\/es\/produit\/tapa-de-plastico-pet-para-tarrina-de-helado-pga120-por-50\/\" \/>\n<meta property=\"og:site_name\" content=\"CSJ Emballages\" \/>\n<meta property=\"article:publisher\" content=\"https:\/\/www.facebook.com\/csjemballages\" \/>\n<meta property=\"article:modified_time\" content=\"2026-05-16T00:12:45+00:00\" \/>\n<meta property=\"og:image\" content=\"https:\/\/www.csj-emballages.com\/wp-content\/uploads\/2026\/01\/COUVPGA120.webp\" \/>\n\t<meta property=\"og:image:width\" content=\"800\" \/>\n\t<meta property=\"og:image:height\" content=\"800\" \/>\n\t<meta property=\"og:image:type\" content=\"image\/webp\" \/>\n<meta name=\"twitter:card\" content=\"summary_large_image\" \/>\n<meta name=\"twitter:label1\" content=\"Tiempo de lectura\" \/>\n\t<meta name=\"twitter:data1\" content=\"2 minutos\" \/>\n<script type=\"application\/ld+json\" class=\"yoast-schema-graph\">{\"@context\":\"https:\/\/schema.org\",\"@graph\":[{\"@type\":\"WebPage\",\"@id\":\"https:\/\/www.csj-emballages.com\/es\/produit\/tapa-de-plastico-pet-para-tarrina-de-helado-pga120-por-50\/\",\"url\":\"https:\/\/www.csj-emballages.com\/es\/produit\/tapa-de-plastico-pet-para-tarrina-de-helado-pga120-por-50\/\",\"name\":\"Tapa de Pl\u00e1stico PET para Tarrina de Helado PGA120 por 50\",\"isPartOf\":{\"@id\":\"https:\/\/www.csj-emballages.com\/es\/#website\"},\"primaryImageOfPage\":{\"@id\":\"https:\/\/www.csj-emballages.com\/es\/produit\/tapa-de-plastico-pet-para-tarrina-de-helado-pga120-por-50\/#primaryimage\"},\"image\":{\"@id\":\"https:\/\/www.csj-emballages.com\/es\/produit\/tapa-de-plastico-pet-para-tarrina-de-helado-pga120-por-50\/#primaryimage\"},\"thumbnailUrl\":\"https:\/\/www.csj-emballages.com\/wp-content\/uploads\/2026\/01\/COUVPGA120.webp\",\"datePublished\":\"2026-01-30T10:18:15+00:00\",\"dateModified\":\"2026-05-16T00:12:45+00:00\",\"description\":\"Tapa de pl\u00e1stico PET para tarrina de helado PGA120 por 50. Cierre seguro, transparente e ideal para helados y postres fr\u00edos.\",\"breadcrumb\":{\"@id\":\"https:\/\/www.csj-emballages.com\/es\/produit\/tapa-de-plastico-pet-para-tarrina-de-helado-pga120-por-50\/#breadcrumb\"},\"inLanguage\":\"es\",\"potentialAction\":[{\"@type\":\"ReadAction\",\"target\":[\"https:\/\/www.csj-emballages.com\/es\/produit\/tapa-de-plastico-pet-para-tarrina-de-helado-pga120-por-50\/\"]}]},{\"@type\":\"ImageObject\",\"inLanguage\":\"es\",\"@id\":\"https:\/\/www.csj-emballages.com\/es\/produit\/tapa-de-plastico-pet-para-tarrina-de-helado-pga120-por-50\/#primaryimage\",\"url\":\"https:\/\/www.csj-emballages.com\/wp-content\/uploads\/2026\/01\/COUVPGA120.webp\",\"contentUrl\":\"https:\/\/www.csj-emballages.com\/wp-content\/uploads\/2026\/01\/COUVPGA120.webp\",\"width\":800,\"height\":800,\"caption\":\"Couvercle plastique PET\"},{\"@type\":\"BreadcrumbList\",\"@id\":\"https:\/\/www.csj-emballages.com\/es\/produit\/tapa-de-plastico-pet-para-tarrina-de-helado-pga120-por-50\/#breadcrumb\",\"itemListElement\":[{\"@type\":\"ListItem\",\"position\":1,\"name\":\"Accueil\",\"item\":\"https:\/\/www.csj-emballages.com\/es\/universo-del-envasado-alimentario\/\"},{\"@type\":\"ListItem\",\"position\":2,\"name\":\"Tienda\",\"item\":\"https:\/\/www.csj-emballages.com\/tienda\/\"},{\"@type\":\"ListItem\",\"position\":3,\"name\":\"Tapa de pl\u00e1stico PET para tarrina de helado PGA120 por 50\"}]},{\"@type\":\"WebSite\",\"@id\":\"https:\/\/www.csj-emballages.com\/es\/#website\",\"url\":\"https:\/\/www.csj-emballages.com\/es\/\",\"name\":\"CSJ Emballages\",\"description\":\"\",\"publisher\":{\"@id\":\"https:\/\/www.csj-emballages.com\/es\/#organization\"},\"potentialAction\":[{\"@type\":\"SearchAction\",\"target\":{\"@type\":\"EntryPoint\",\"urlTemplate\":\"https:\/\/www.csj-emballages.com\/es\/?s={search_term_string}\"},\"query-input\":{\"@type\":\"PropertyValueSpecification\",\"valueRequired\":true,\"valueName\":\"search_term_string\"}}],\"inLanguage\":\"es\"},{\"@type\":\"Organization\",\"@id\":\"https:\/\/www.csj-emballages.com\/es\/#Organization\/\",\"name\":\"CSJ Emballages\",\"url\":\"https:\/\/www.csj-emballages.com\/es\/\",\"logo\":{\"@type\":\"ImageObject\",\"inLanguage\":\"es\",\"@id\":\"https:\/\/www.csj-emballages.com\/es\/#\/schema\/logo\/image\/\",\"url\":\"https:\/\/www.csj-emballages.com\/wp-content\/uploads\/2023\/10\/logo_csj.webp\",\"contentUrl\":\"https:\/\/www.csj-emballages.com\/wp-content\/uploads\/2023\/10\/logo_csj.webp\",\"width\":250,\"height\":95,\"caption\":\"CSJ Emballages\"},\"image\":{\"@id\":\"https:\/\/www.csj-emballages.com\/es\/#\/schema\/logo\/image\/\"},\"sameAs\":[\"https:\/\/www.facebook.com\/csjemballages\"],\"address\":{\"@type\":\"PostalAddress\",\"streetAddress\":\"ZI La Lechere\",\"addressLocality\":\"Patornay\",\"postalCode\":\"39130\",\"addressCountry\":\"FR\"},\"contactPoint\":[{\"@type\":\"ContactPoint\",\"contactType\":\"Service client\",\"telephone\":\"0384254272\",\"email\":\"contact@csj-emballages.com\"}]}]}<\/script>\n<!-- \/ Yoast SEO Premium plugin. -->","yoast_head_json":{"title":"Tapa de Pl\u00e1stico PET para Tarrina de Helado PGA120 por 50","description":"Tapa de pl\u00e1stico PET para tarrina de helado PGA120 por 50. Cierre seguro, transparente e ideal para helados y postres fr\u00edos.","robots":{"index":"index","follow":"follow","max-snippet":"max-snippet:-1","max-image-preview":"max-image-preview:large","max-video-preview":"max-video-preview:-1"},"canonical":"https:\/\/www.csj-emballages.com\/es\/produit\/tapa-de-plastico-pet-para-tarrina-de-helado-pga120-por-50\/","og_locale":"es_ES","og_type":"article","og_title":"Tapa de pl\u00e1stico PET para tarrina de helado PGA120 por 50","og_description":"Tapa de pl\u00e1stico PET para tarrina de helado PGA120 por 50. Cierre seguro, transparente e ideal para helados y postres fr\u00edos.","og_url":"https:\/\/www.csj-emballages.com\/es\/produit\/tapa-de-plastico-pet-para-tarrina-de-helado-pga120-por-50\/","og_site_name":"CSJ Emballages","article_publisher":"https:\/\/www.facebook.com\/csjemballages","article_modified_time":"2026-05-16T00:12:45+00:00","og_image":[{"width":800,"height":800,"url":"https:\/\/www.csj-emballages.com\/wp-content\/uploads\/2026\/01\/COUVPGA120.webp","type":"image\/webp"}],"twitter_card":"summary_large_image","twitter_misc":{"Tiempo de lectura":"2 minutos"},"schema":{"@context":"https:\/\/schema.org","@graph":[{"@type":"WebPage","@id":"https:\/\/www.csj-emballages.com\/es\/produit\/tapa-de-plastico-pet-para-tarrina-de-helado-pga120-por-50\/","url":"https:\/\/www.csj-emballages.com\/es\/produit\/tapa-de-plastico-pet-para-tarrina-de-helado-pga120-por-50\/","name":"Tapa de Pl\u00e1stico PET para Tarrina de Helado PGA120 por 50","isPartOf":{"@id":"https:\/\/www.csj-emballages.com\/es\/#website"},"primaryImageOfPage":{"@id":"https:\/\/www.csj-emballages.com\/es\/produit\/tapa-de-plastico-pet-para-tarrina-de-helado-pga120-por-50\/#primaryimage"},"image":{"@id":"https:\/\/www.csj-emballages.com\/es\/produit\/tapa-de-plastico-pet-para-tarrina-de-helado-pga120-por-50\/#primaryimage"},"thumbnailUrl":"https:\/\/www.csj-emballages.com\/wp-content\/uploads\/2026\/01\/COUVPGA120.webp","datePublished":"2026-01-30T10:18:15+00:00","dateModified":"2026-05-16T00:12:45+00:00","description":"Tapa de pl\u00e1stico PET para tarrina de helado PGA120 por 50. Cierre seguro, transparente e ideal para helados y postres fr\u00edos.","breadcrumb":{"@id":"https:\/\/www.csj-emballages.com\/es\/produit\/tapa-de-plastico-pet-para-tarrina-de-helado-pga120-por-50\/#breadcrumb"},"inLanguage":"es","potentialAction":[{"@type":"ReadAction","target":["https:\/\/www.csj-emballages.com\/es\/produit\/tapa-de-plastico-pet-para-tarrina-de-helado-pga120-por-50\/"]}]},{"@type":"ImageObject","inLanguage":"es","@id":"https:\/\/www.csj-emballages.com\/es\/produit\/tapa-de-plastico-pet-para-tarrina-de-helado-pga120-por-50\/#primaryimage","url":"https:\/\/www.csj-emballages.com\/wp-content\/uploads\/2026\/01\/COUVPGA120.webp","contentUrl":"https:\/\/www.csj-emballages.com\/wp-content\/uploads\/2026\/01\/COUVPGA120.webp","width":800,"height":800,"caption":"Couvercle plastique PET"},{"@type":"BreadcrumbList","@id":"https:\/\/www.csj-emballages.com\/es\/produit\/tapa-de-plastico-pet-para-tarrina-de-helado-pga120-por-50\/#breadcrumb","itemListElement":[{"@type":"ListItem","position":1,"name":"Accueil","item":"https:\/\/www.csj-emballages.com\/es\/universo-del-envasado-alimentario\/"},{"@type":"ListItem","position":2,"name":"Tienda","item":"https:\/\/www.csj-emballages.com\/tienda\/"},{"@type":"ListItem","position":3,"name":"Tapa de pl\u00e1stico PET para tarrina de helado PGA120 por 50"}]},{"@type":"WebSite","@id":"https:\/\/www.csj-emballages.com\/es\/#website","url":"https:\/\/www.csj-emballages.com\/es\/","name":"CSJ Emballages","description":"","publisher":{"@id":"https:\/\/www.csj-emballages.com\/es\/#organization"},"potentialAction":[{"@type":"SearchAction","target":{"@type":"EntryPoint","urlTemplate":"https:\/\/www.csj-emballages.com\/es\/?s={search_term_string}"},"query-input":{"@type":"PropertyValueSpecification","valueRequired":true,"valueName":"search_term_string"}}],"inLanguage":"es"},{"@type":"Organization","@id":"https:\/\/www.csj-emballages.com\/es\/#Organization\/","name":"CSJ Emballages","url":"https:\/\/www.csj-emballages.com\/es\/","logo":{"@type":"ImageObject","inLanguage":"es","@id":"https:\/\/www.csj-emballages.com\/es\/#\/schema\/logo\/image\/","url":"https:\/\/www.csj-emballages.com\/wp-content\/uploads\/2023\/10\/logo_csj.webp","contentUrl":"https:\/\/www.csj-emballages.com\/wp-content\/uploads\/2023\/10\/logo_csj.webp","width":250,"height":95,"caption":"CSJ Emballages"},"image":{"@id":"https:\/\/www.csj-emballages.com\/es\/#\/schema\/logo\/image\/"},"sameAs":["https:\/\/www.facebook.com\/csjemballages"],"address":{"@type":"PostalAddress","streetAddress":"ZI La Lechere","addressLocality":"Patornay","postalCode":"39130","addressCountry":"FR"},"contactPoint":[{"@type":"ContactPoint","contactType":"Service client","telephone":"0384254272","email":"contact@csj-emballages.com"}]}]}},"df_price":2.66,"df_sale_price":"","df_regular_price":2.66,"df_image_link":"https:\/\/www.csj-emballages.com\/wp-content\/uploads\/2026\/01\/COUVPGA120-300x300.webp","tiered_pricing_type":"fixed","tiered_pricing_fixed_rules":[],"tiered_pricing_percentage_rules":[],"tiered_pricing_minimum":1,"tiered_pricing_roles_data":[],"_links":{"self":[{"href":"https:\/\/www.csj-emballages.com\/es\/wp-json\/wp\/v2\/product\/263632","targetHints":{"allow":["GET"]}}],"collection":[{"href":"https:\/\/www.csj-emballages.com\/es\/wp-json\/wp\/v2\/product"}],"about":[{"href":"https:\/\/www.csj-emballages.com\/es\/wp-json\/wp\/v2\/types\/product"}],"wp:featuredmedia":[{"embeddable":true,"href":"https:\/\/www.csj-emballages.com\/es\/wp-json\/wp\/v2\/media\/263630"}],"wp:attachment":[{"href":"https:\/\/www.csj-emballages.com\/es\/wp-json\/wp\/v2\/media?parent=263632"}],"wp:term":[{"taxonomy":"product_brand","embeddable":true,"href":"https:\/\/www.csj-emballages.com\/es\/wp-json\/wp\/v2\/product_brand?post=263632"},{"taxonomy":"product_cat","embeddable":true,"href":"https:\/\/www.csj-emballages.com\/es\/wp-json\/wp\/v2\/product_cat?post=263632"},{"taxonomy":"product_tag","embeddable":true,"href":"https:\/\/www.csj-emballages.com\/es\/wp-json\/wp\/v2\/product_tag?post=263632"}],"curies":[{"name":"wp","href":"https:\/\/api.w.org\/{rel}","templated":true}]}}