{"id":263178,"date":"2026-01-22T15:18:19","date_gmt":"2026-01-22T14:18:19","guid":{"rendered":"https:\/\/www.csj-emballages.com\/produit\/detergente-en-polvo-concentrado-profesional-superactivo-20-kg\/"},"modified":"2026-03-12T16:00:38","modified_gmt":"2026-03-12T15:00:38","slug":"detergente-en-polvo-concentrado-profesional-superactivo-20-kg","status":"publish","type":"product","link":"https:\/\/www.csj-emballages.com\/es\/produit\/detergente-en-polvo-concentrado-profesional-superactivo-20-kg\/","title":{"rendered":"Detergente en polvo concentrado profesional superactivo 20 kg"},"content":{"rendered":"<h2 data-start=\"209\" data-end=\"521\">Detergente en polvo<\/h2>\n<hr>\n<h3 data-start=\"209\" data-end=\"521\">Descubra nuestro detergente en polvo concentrado profesional superactivo 20 kg<\/h3>\n<p><!--more--><\/p>\n<p data-start=\"308\" data-end=\"621\">El <strong data-start=\"311\" data-end=\"333\">detergente Pro Activ\u2019<\/strong> ha sido dise\u00f1ado para simplificar el lavado de la <strong>ropa en entornos profesionales<\/strong>. \u00bfSu verdadero punto fuerte? Permite gestionarlo todo con <strong data-start=\"460\" data-end=\"481\">un solo detergente<\/strong>, sea cual sea el tipo de tejido. <strong>Blanco, color, algod\u00f3n o fibras sint\u00e9ticas<\/strong>: todo puede lavarse en la misma lavadora, sin complicaciones.  <\/p>\n<p data-start=\"623\" data-end=\"930\">A partir de <strong data-start=\"627\" data-end=\"635\">30 \u00b0C<\/strong>, <strong>Pro Activ<\/strong>\u2019 act\u00faa eficazmente y limpia la ropa en profundidad. Elimina la suciedad diaria y las manchas m\u00e1s dif\u00edciles, respetando las fibras. Esto permite conservar una <strong>ropa limpia<\/strong>, impecable y agradable, lavado tras lavado, incluso cuando las lavadoras funcionan continuamente.  <\/p>\n<p data-start=\"932\" data-end=\"1299\">Gracias a su f\u00f3rmula <strong data-start=\"951\" data-end=\"967\">superactiva<\/strong>, este <strong>detergente en polvo<\/strong> ofrece resultados fiables, incluso en los entornos m\u00e1s exigentes. Es perfecto para hoteles, restaurantes, lavander\u00edas, colectividades, centros de salud o empresas de limpieza. Se adapta f\u00e1cilmente a los ritmos intensivos y a los grandes vol\u00famenes de ropa, sin perder eficacia.  <\/p>\n<p data-start=\"1301\" data-end=\"1587\">Su formato de <strong data-start=\"1312\" data-end=\"1321\">20 kg<\/strong> es ideal para un uso profesional. Garantiza una buena autonom\u00eda y limita las reposiciones frecuentes, lo que ahorra tiempo y simplifica la gesti\u00f3n de las existencias. Adem\u00e1s, el formato <strong>concentrado permite optimizar las dosis<\/strong> y controlar los costes.  <\/p>\n<p data-start=\"1589\" data-end=\"1812\">En resumen, <strong>Pro Activ\u2019 es un detergente polivalente<\/strong>, pr\u00e1ctico y eficaz. Facilita el d\u00eda a d\u00eda de los profesionales al ofrecer una soluci\u00f3n \u00fanica, eficaz y adaptada a todos los tejidos, incluso a bajas temperaturas. <\/p>\n<p data-start=\"1482\" data-end=\"1673\"><!--more--><\/p>\n<h4 data-start=\"1482\" data-end=\"1673\">Ventajas :<\/h4>\n<ul>\n<li data-start=\"1840\" data-end=\"1883\">Un <strong>solo detergente<\/strong> para todos los tejidos.<\/li>\n<li data-start=\"1886\" data-end=\"1906\">Eficaz a partir de <strong>30 \u00b0C<\/strong>.<\/li>\n<li data-start=\"1909\" data-end=\"1946\">Apto para ropa blanca y de color.<\/li>\n<li data-start=\"1949\" data-end=\"1995\">Adaptado a usos profesionales intensivos.<\/li>\n<li data-start=\"1998\" data-end=\"2036\"><strong>Formato de 20 kg<\/strong> econ\u00f3mico y pr\u00e1ctico.<\/li>\n<\/ul>\n<p>&nbsp;<\/p>\n<p><!--more--><\/p>\n<h4>Informaci\u00f3n adicional :<\/h4>\n<ul style=\"margin-top: 0; margin-bottom: 0;\">\n<li><strong>Presentaci\u00f3n<\/strong>: Paquete de 20 kg<\/li>\n<li><strong>Aspecto<\/strong>: polvo<\/li>\n<li><strong>Color<\/strong>: Incoloro<\/li>\n<li><strong>pH<\/strong>: 11 +\/- 0,5<\/li>\n<li><strong>Olor<\/strong>: Fresco<\/li>\n<\/ul>\n<p>&nbsp;<\/p>\n<p><!--more--><\/p>\n<p>Encuentre aqu\u00ed nuestro detergente en polvo desinfectante superactivo profesional: <span style=\"color: #d12727;\"><a style=\"color: #d12727;\" href=\"https:\/\/www.csj-emballages.com\/produit\/lessive-professionnel-en-poudre-super-active-20kg\/?_gl=1*12iyamq*_up*MQ..*_ga*Nzg2NjU1ODM3LjE3NzAwMzkxMDY.*_ga_YNVJLRSSZT*czE3NzAwMzkxMDUkbzEkZzAkdDE3NzAwMzk2MTckajYwJGwwJGgxMDA1MjQxNTkw\">0107<\/a><\/span><\/p>\n<p>&nbsp;<\/p>\n<p><!--more--><\/p>\n<p><a href=\"https:\/\/www.csj-emballages.com\/categorie-produit\/hygiene-et-entretiens\/produits-dentretiens\/linge\/?_gl=1*1lvhw76*_up*MQ..*_ga*Nzg2NjU1ODM3LjE3NzAwMzkxMDY.*_ga_YNVJLRSSZT*czE3NzAwMzkxMDUkbzEkZzAkdDE3NzAwMzkxMDUkajYwJGwwJGgxMDA1MjQxNTkw\">Ver el resto de nuestra gama de productos para el cuidado de la ropa<\/a><\/p>\n","protected":false},"excerpt":{"rendered":"<p>Detergente en polvo Descubra nuestro detergente en polvo concentrado profesional superactivo 20 kg<\/p>\n","protected":false},"featured_media":263176,"template":"","meta":{"_acf_changed":false},"product_brand":[],"product_cat":[1226,1227,1353],"product_tag":[],"class_list":{"0":"post-263178","1":"product","2":"type-product","3":"status-publish","4":"has-post-thumbnail","6":"product_cat-higiene-y-mantenimiento","7":"product_cat-productos-de-limpieza","8":"product_cat-lino","10":"first","11":"instock","12":"taxable","13":"shipping-taxable","14":"purchasable","15":"product-type-simple"},"acf":[],"yoast_head":"<!-- This site is optimized with the Yoast SEO Premium plugin v26.6 (Yoast SEO v26.6) - https:\/\/yoast.com\/wordpress\/plugins\/seo\/ -->\n<title>Detergente en Polvo Concentrado Profesional Super Activo 20 kg<\/title>\n<meta name=\"description\" content=\"Detergente en polvo profesional Pro Activ\u2019 20 kg, eficaz a partir de 30 \u00b0C. Ideal para el lavado intensivo en entornos profesionales\" \/>\n<meta name=\"robots\" content=\"index, follow, max-snippet:-1, max-image-preview:large, max-video-preview:-1\" \/>\n<link rel=\"canonical\" href=\"https:\/\/www.csj-emballages.com\/es\/produit\/detergente-en-polvo-concentrado-profesional-superactivo-20-kg\/\" \/>\n<meta property=\"og:locale\" content=\"es_ES\" \/>\n<meta property=\"og:type\" content=\"article\" \/>\n<meta property=\"og:title\" content=\"Detergente en polvo concentrado profesional superactivo 20 kg\" \/>\n<meta property=\"og:description\" content=\"Detergente en polvo profesional Pro Activ\u2019 20 kg, eficaz a partir de 30 \u00b0C. Ideal para el lavado intensivo en entornos profesionales\" \/>\n<meta property=\"og:url\" content=\"https:\/\/www.csj-emballages.com\/es\/produit\/detergente-en-polvo-concentrado-profesional-superactivo-20-kg\/\" \/>\n<meta property=\"og:site_name\" content=\"CSJ Emballages\" \/>\n<meta property=\"article:publisher\" content=\"https:\/\/www.facebook.com\/csjemballages\" \/>\n<meta property=\"article:modified_time\" content=\"2026-03-12T15:00:38+00:00\" \/>\n<meta property=\"og:image\" content=\"https:\/\/www.csj-emballages.com\/wp-content\/uploads\/2026\/01\/0108.webp\" \/>\n\t<meta property=\"og:image:width\" content=\"800\" \/>\n\t<meta property=\"og:image:height\" content=\"800\" \/>\n\t<meta property=\"og:image:type\" content=\"image\/webp\" \/>\n<meta name=\"twitter:card\" content=\"summary_large_image\" \/>\n<meta name=\"twitter:label1\" content=\"Tiempo de lectura\" \/>\n\t<meta name=\"twitter:data1\" content=\"2 minutos\" \/>\n<script type=\"application\/ld+json\" class=\"yoast-schema-graph\">{\"@context\":\"https:\/\/schema.org\",\"@graph\":[{\"@type\":\"WebPage\",\"@id\":\"https:\/\/www.csj-emballages.com\/es\/produit\/detergente-en-polvo-concentrado-profesional-superactivo-20-kg\/\",\"url\":\"https:\/\/www.csj-emballages.com\/es\/produit\/detergente-en-polvo-concentrado-profesional-superactivo-20-kg\/\",\"name\":\"Detergente en Polvo Concentrado Profesional Super Activo 20 kg\",\"isPartOf\":{\"@id\":\"https:\/\/www.csj-emballages.com\/es\/#website\"},\"primaryImageOfPage\":{\"@id\":\"https:\/\/www.csj-emballages.com\/es\/produit\/detergente-en-polvo-concentrado-profesional-superactivo-20-kg\/#primaryimage\"},\"image\":{\"@id\":\"https:\/\/www.csj-emballages.com\/es\/produit\/detergente-en-polvo-concentrado-profesional-superactivo-20-kg\/#primaryimage\"},\"thumbnailUrl\":\"https:\/\/www.csj-emballages.com\/wp-content\/uploads\/2026\/01\/0108.webp\",\"datePublished\":\"2026-01-22T14:18:19+00:00\",\"dateModified\":\"2026-03-12T15:00:38+00:00\",\"description\":\"Detergente en polvo profesional Pro Activ\u2019 20 kg, eficaz a partir de 30 \u00b0C. Ideal para el lavado intensivo en entornos profesionales\",\"breadcrumb\":{\"@id\":\"https:\/\/www.csj-emballages.com\/es\/produit\/detergente-en-polvo-concentrado-profesional-superactivo-20-kg\/#breadcrumb\"},\"inLanguage\":\"es\",\"potentialAction\":[{\"@type\":\"ReadAction\",\"target\":[\"https:\/\/www.csj-emballages.com\/es\/produit\/detergente-en-polvo-concentrado-profesional-superactivo-20-kg\/\"]}]},{\"@type\":\"ImageObject\",\"inLanguage\":\"es\",\"@id\":\"https:\/\/www.csj-emballages.com\/es\/produit\/detergente-en-polvo-concentrado-profesional-superactivo-20-kg\/#primaryimage\",\"url\":\"https:\/\/www.csj-emballages.com\/wp-content\/uploads\/2026\/01\/0108.webp\",\"contentUrl\":\"https:\/\/www.csj-emballages.com\/wp-content\/uploads\/2026\/01\/0108.webp\",\"width\":800,\"height\":800,\"caption\":\"Lessive en poudre\"},{\"@type\":\"BreadcrumbList\",\"@id\":\"https:\/\/www.csj-emballages.com\/es\/produit\/detergente-en-polvo-concentrado-profesional-superactivo-20-kg\/#breadcrumb\",\"itemListElement\":[{\"@type\":\"ListItem\",\"position\":1,\"name\":\"Accueil\",\"item\":\"https:\/\/www.csj-emballages.com\/es\/universo-del-envasado-alimentario\/\"},{\"@type\":\"ListItem\",\"position\":2,\"name\":\"Tienda\",\"item\":\"https:\/\/www.csj-emballages.com\/tienda\/\"},{\"@type\":\"ListItem\",\"position\":3,\"name\":\"Detergente en polvo concentrado profesional superactivo 20 kg\"}]},{\"@type\":\"WebSite\",\"@id\":\"https:\/\/www.csj-emballages.com\/es\/#website\",\"url\":\"https:\/\/www.csj-emballages.com\/es\/\",\"name\":\"CSJ Emballages\",\"description\":\"\",\"publisher\":{\"@id\":\"https:\/\/www.csj-emballages.com\/es\/#organization\"},\"potentialAction\":[{\"@type\":\"SearchAction\",\"target\":{\"@type\":\"EntryPoint\",\"urlTemplate\":\"https:\/\/www.csj-emballages.com\/es\/?s={search_term_string}\"},\"query-input\":{\"@type\":\"PropertyValueSpecification\",\"valueRequired\":true,\"valueName\":\"search_term_string\"}}],\"inLanguage\":\"es\"},{\"@type\":\"Organization\",\"@id\":\"https:\/\/www.csj-emballages.com\/es\/#Organization\/\",\"name\":\"CSJ Emballages\",\"url\":\"https:\/\/www.csj-emballages.com\/es\/\",\"logo\":{\"@type\":\"ImageObject\",\"inLanguage\":\"es\",\"@id\":\"https:\/\/www.csj-emballages.com\/es\/#\/schema\/logo\/image\/\",\"url\":\"https:\/\/www.csj-emballages.com\/wp-content\/uploads\/2023\/10\/logo_csj.webp\",\"contentUrl\":\"https:\/\/www.csj-emballages.com\/wp-content\/uploads\/2023\/10\/logo_csj.webp\",\"width\":250,\"height\":95,\"caption\":\"CSJ Emballages\"},\"image\":{\"@id\":\"https:\/\/www.csj-emballages.com\/es\/#\/schema\/logo\/image\/\"},\"sameAs\":[\"https:\/\/www.facebook.com\/csjemballages\"],\"address\":{\"@type\":\"PostalAddress\",\"streetAddress\":\"ZI La Lechere\",\"addressLocality\":\"Patornay\",\"postalCode\":\"39130\",\"addressCountry\":\"FR\"},\"contactPoint\":[{\"@type\":\"ContactPoint\",\"contactType\":\"Service client\",\"telephone\":\"0384254272\",\"email\":\"contact@csj-emballages.com\"}]}]}<\/script>\n<!-- \/ Yoast SEO Premium plugin. -->","yoast_head_json":{"title":"Detergente en Polvo Concentrado Profesional Super Activo 20 kg","description":"Detergente en polvo profesional Pro Activ\u2019 20 kg, eficaz a partir de 30 \u00b0C. Ideal para el lavado intensivo en entornos profesionales","robots":{"index":"index","follow":"follow","max-snippet":"max-snippet:-1","max-image-preview":"max-image-preview:large","max-video-preview":"max-video-preview:-1"},"canonical":"https:\/\/www.csj-emballages.com\/es\/produit\/detergente-en-polvo-concentrado-profesional-superactivo-20-kg\/","og_locale":"es_ES","og_type":"article","og_title":"Detergente en polvo concentrado profesional superactivo 20 kg","og_description":"Detergente en polvo profesional Pro Activ\u2019 20 kg, eficaz a partir de 30 \u00b0C. Ideal para el lavado intensivo en entornos profesionales","og_url":"https:\/\/www.csj-emballages.com\/es\/produit\/detergente-en-polvo-concentrado-profesional-superactivo-20-kg\/","og_site_name":"CSJ Emballages","article_publisher":"https:\/\/www.facebook.com\/csjemballages","article_modified_time":"2026-03-12T15:00:38+00:00","og_image":[{"width":800,"height":800,"url":"https:\/\/www.csj-emballages.com\/wp-content\/uploads\/2026\/01\/0108.webp","type":"image\/webp"}],"twitter_card":"summary_large_image","twitter_misc":{"Tiempo de lectura":"2 minutos"},"schema":{"@context":"https:\/\/schema.org","@graph":[{"@type":"WebPage","@id":"https:\/\/www.csj-emballages.com\/es\/produit\/detergente-en-polvo-concentrado-profesional-superactivo-20-kg\/","url":"https:\/\/www.csj-emballages.com\/es\/produit\/detergente-en-polvo-concentrado-profesional-superactivo-20-kg\/","name":"Detergente en Polvo Concentrado Profesional Super Activo 20 kg","isPartOf":{"@id":"https:\/\/www.csj-emballages.com\/es\/#website"},"primaryImageOfPage":{"@id":"https:\/\/www.csj-emballages.com\/es\/produit\/detergente-en-polvo-concentrado-profesional-superactivo-20-kg\/#primaryimage"},"image":{"@id":"https:\/\/www.csj-emballages.com\/es\/produit\/detergente-en-polvo-concentrado-profesional-superactivo-20-kg\/#primaryimage"},"thumbnailUrl":"https:\/\/www.csj-emballages.com\/wp-content\/uploads\/2026\/01\/0108.webp","datePublished":"2026-01-22T14:18:19+00:00","dateModified":"2026-03-12T15:00:38+00:00","description":"Detergente en polvo profesional Pro Activ\u2019 20 kg, eficaz a partir de 30 \u00b0C. Ideal para el lavado intensivo en entornos profesionales","breadcrumb":{"@id":"https:\/\/www.csj-emballages.com\/es\/produit\/detergente-en-polvo-concentrado-profesional-superactivo-20-kg\/#breadcrumb"},"inLanguage":"es","potentialAction":[{"@type":"ReadAction","target":["https:\/\/www.csj-emballages.com\/es\/produit\/detergente-en-polvo-concentrado-profesional-superactivo-20-kg\/"]}]},{"@type":"ImageObject","inLanguage":"es","@id":"https:\/\/www.csj-emballages.com\/es\/produit\/detergente-en-polvo-concentrado-profesional-superactivo-20-kg\/#primaryimage","url":"https:\/\/www.csj-emballages.com\/wp-content\/uploads\/2026\/01\/0108.webp","contentUrl":"https:\/\/www.csj-emballages.com\/wp-content\/uploads\/2026\/01\/0108.webp","width":800,"height":800,"caption":"Lessive en poudre"},{"@type":"BreadcrumbList","@id":"https:\/\/www.csj-emballages.com\/es\/produit\/detergente-en-polvo-concentrado-profesional-superactivo-20-kg\/#breadcrumb","itemListElement":[{"@type":"ListItem","position":1,"name":"Accueil","item":"https:\/\/www.csj-emballages.com\/es\/universo-del-envasado-alimentario\/"},{"@type":"ListItem","position":2,"name":"Tienda","item":"https:\/\/www.csj-emballages.com\/tienda\/"},{"@type":"ListItem","position":3,"name":"Detergente en polvo concentrado profesional superactivo 20 kg"}]},{"@type":"WebSite","@id":"https:\/\/www.csj-emballages.com\/es\/#website","url":"https:\/\/www.csj-emballages.com\/es\/","name":"CSJ Emballages","description":"","publisher":{"@id":"https:\/\/www.csj-emballages.com\/es\/#organization"},"potentialAction":[{"@type":"SearchAction","target":{"@type":"EntryPoint","urlTemplate":"https:\/\/www.csj-emballages.com\/es\/?s={search_term_string}"},"query-input":{"@type":"PropertyValueSpecification","valueRequired":true,"valueName":"search_term_string"}}],"inLanguage":"es"},{"@type":"Organization","@id":"https:\/\/www.csj-emballages.com\/es\/#Organization\/","name":"CSJ Emballages","url":"https:\/\/www.csj-emballages.com\/es\/","logo":{"@type":"ImageObject","inLanguage":"es","@id":"https:\/\/www.csj-emballages.com\/es\/#\/schema\/logo\/image\/","url":"https:\/\/www.csj-emballages.com\/wp-content\/uploads\/2023\/10\/logo_csj.webp","contentUrl":"https:\/\/www.csj-emballages.com\/wp-content\/uploads\/2023\/10\/logo_csj.webp","width":250,"height":95,"caption":"CSJ Emballages"},"image":{"@id":"https:\/\/www.csj-emballages.com\/es\/#\/schema\/logo\/image\/"},"sameAs":["https:\/\/www.facebook.com\/csjemballages"],"address":{"@type":"PostalAddress","streetAddress":"ZI La Lechere","addressLocality":"Patornay","postalCode":"39130","addressCountry":"FR"},"contactPoint":[{"@type":"ContactPoint","contactType":"Service client","telephone":"0384254272","email":"contact@csj-emballages.com"}]}]}},"df_price":50.21,"df_sale_price":"","df_regular_price":50.21,"df_image_link":"https:\/\/www.csj-emballages.com\/wp-content\/uploads\/2026\/01\/0108-300x300.webp","tiered_pricing_type":"fixed","tiered_pricing_fixed_rules":[],"tiered_pricing_percentage_rules":[],"tiered_pricing_minimum":1,"tiered_pricing_roles_data":[],"_links":{"self":[{"href":"https:\/\/www.csj-emballages.com\/es\/wp-json\/wp\/v2\/product\/263178","targetHints":{"allow":["GET"]}}],"collection":[{"href":"https:\/\/www.csj-emballages.com\/es\/wp-json\/wp\/v2\/product"}],"about":[{"href":"https:\/\/www.csj-emballages.com\/es\/wp-json\/wp\/v2\/types\/product"}],"wp:featuredmedia":[{"embeddable":true,"href":"https:\/\/www.csj-emballages.com\/es\/wp-json\/wp\/v2\/media\/263176"}],"wp:attachment":[{"href":"https:\/\/www.csj-emballages.com\/es\/wp-json\/wp\/v2\/media?parent=263178"}],"wp:term":[{"taxonomy":"product_brand","embeddable":true,"href":"https:\/\/www.csj-emballages.com\/es\/wp-json\/wp\/v2\/product_brand?post=263178"},{"taxonomy":"product_cat","embeddable":true,"href":"https:\/\/www.csj-emballages.com\/es\/wp-json\/wp\/v2\/product_cat?post=263178"},{"taxonomy":"product_tag","embeddable":true,"href":"https:\/\/www.csj-emballages.com\/es\/wp-json\/wp\/v2\/product_tag?post=263178"}],"curies":[{"name":"wp","href":"https:\/\/api.w.org\/{rel}","templated":true}]}}