{"id":262902,"date":"2026-01-19T14:18:16","date_gmt":"2026-01-19T13:18:16","guid":{"rendered":"https:\/\/www.csj-emballages.com\/produit\/rollo-de-bolsa-de-vacio-para-conservacion-gofrado-020-x-6-m-90-%c2%b5-por-2\/"},"modified":"2026-04-29T02:18:53","modified_gmt":"2026-04-29T00:18:53","slug":"rollo-de-bolsa-de-vacio-para-conservacion-gofrado-020-x-6-m-90-%c2%b5-por-2","status":"publish","type":"product","link":"https:\/\/www.csj-emballages.com\/es\/produit\/rollo-de-bolsa-de-vacio-para-conservacion-gofrado-020-x-6-m-90-%c2%b5-por-2\/","title":{"rendered":"Rollo de bolsa de vac\u00edo para conservaci\u00f3n gofrado 0,20 x 6 m 90 \u00b5 por 2"},"content":{"rendered":"<h2>Rollo de bolsa de vac\u00edo<\/h2>\n<hr>\n<h3>Descubra nuestro rollo de bolsa de vac\u00edo para conservaci\u00f3n gofrado 0,20 x 6 m 90 \u00b5 por 2<\/h3>\n<p><!--more--><\/p>\n<p data-start=\"228\" data-end=\"604\">Estos <strong data-start=\"232\" data-end=\"270\">rollos de bolsas de vac\u00edo gofradas<\/strong> son perfectos para aquellos que quieren conservar sus alimentos m\u00e1s tiempo, sin complicarse la vida. Con una anchura de <strong data-start=\"395\" data-end=\"404\">20 cm<\/strong> y una longitud de <strong data-start=\"424\" data-end=\"436\">6 metros<\/strong>, ofrecen una verdadera libertad: usted corta exactamente el tama\u00f1o que necesita, seg\u00fan el tipo de alimento a envasar. No m\u00e1s desperdicio, todo es a medida.  <\/p>\n<p data-start=\"606\" data-end=\"958\">Gracias a su <strong data-start=\"619\" data-end=\"640\">estructura gofrada<\/strong>, la aspiraci\u00f3n del aire se realiza de manera eficaz y homog\u00e9nea. El vac\u00edo se realiza correctamente, lo que permite preservar la frescura, los sabores y la textura de los alimentos. <strong>Carnes, pescados, verduras, platos preparados o quesos<\/strong>: todo se conserva mejor y m\u00e1s tiempo, ya sea en el frigor\u00edfico o en el congelador. <\/p>\n<p data-start=\"960\" data-end=\"1330\">Con un <strong>grosor<\/strong> de <strong data-start=\"982\" data-end=\"996\">90 micras<\/strong>, estos rollos ofrecen una buena resistencia. Soportan el <strong>fr\u00edo, la manipulaci\u00f3n y los usos regulares<\/strong> sin perforarse f\u00e1cilmente. Adem\u00e1s, son <strong>compatibles con la mayor\u00eda de las m\u00e1quinas de vac\u00edo de aspiraci\u00f3n externa<\/strong>, lo que los hace f\u00e1ciles de integrar en su rutina, tanto en casa como en el \u00e1mbito profesional.  <\/p>\n<p data-start=\"1332\" data-end=\"1587\">Vendidos <strong data-start=\"1339\" data-end=\"1364\">en lote de 2 rollos<\/strong>, permiten constituir un stock pr\u00e1ctico, siempre listo para usar. Tanto si es restaurador, proveedor de catering o simplemente se preocupa por organizar mejor su cocina, estos rollos se convierten r\u00e1pidamente en un aliado indispensable. <\/p>\n<p data-start=\"1589\" data-end=\"1731\">En resumen, estas <strong>bolsas de vac\u00edo en rollo<\/strong> combinan flexibilidad, eficacia y robustez para una conservaci\u00f3n optimizada, sin esfuerzo in\u00fatil.<\/p>\n<p data-start=\"1589\" data-end=\"1731\">\n<p data-start=\"1589\" data-end=\"1731\"><!--more--><\/p>\n<p data-start=\"1589\" data-end=\"1731\"><strong><span style=\"color: #ff0000;\">Rollos sin BPA (Bisfenol A) <\/span><\/strong><\/p>\n<p data-start=\"1589\" data-end=\"1731\">\n<p data-start=\"1478\" data-end=\"1604\"><!--more--><\/p>\n<h4 data-start=\"1478\" data-end=\"1604\">Ventajas :<\/h4>\n<ul>\n<li data-start=\"1759\" data-end=\"1805\">Formato <strong>rollo para cortar<\/strong> seg\u00fan sus necesidades.<\/li>\n<li data-start=\"1808\" data-end=\"1857\">Estructura gofrada para una aspiraci\u00f3n eficaz.<\/li>\n<li data-start=\"1860\" data-end=\"1888\"><strong>Grosor de 90 \u00b5<\/strong> resistente.<\/li>\n<li data-start=\"1891\" data-end=\"1943\">Compatible con la mayor\u00eda de las m\u00e1quinas de vac\u00edo.<\/li>\n<li data-start=\"1946\" data-end=\"1988\">Ideal para refrigeraci\u00f3n y congelaci\u00f3n.<\/li>\n<li data-start=\"1991\" data-end=\"2018\">Lote pr\u00e1ctico de <strong>2 rollos<\/strong>.<\/li>\n<\/ul>\n<p>&nbsp;<\/p>\n<p><!--more--><\/p>\n<h4>Informaci\u00f3n adicional :<\/h4>\n<ul>\n<li><strong>Presentaci\u00f3n<\/strong>: Lote de 2 rollos<\/li>\n<li><strong>Dimensiones<\/strong>: 0,20 x 6 m<\/li>\n<li><strong>Tipo<\/strong>: Gofre<\/li>\n<li><strong>Grosor<\/strong>: 90 \u00b5<\/li>\n<li><strong>Material<\/strong>: PA\/PE (20\/70)<\/li>\n<li><strong>Termosellable<\/strong>: S\u00cd<\/li>\n<li><strong>Retr\u00e1ctil<\/strong>: NO<\/li>\n<li><strong>Soldadura<\/strong>: 3 lados<\/li>\n<\/ul>\n<p>&nbsp;<\/p>\n<p><!--more--><\/p>\n<p>Estos rollos de bolsa de vac\u00edo de 0,20 x 6 m est\u00e1n disponibles en diferentes tama\u00f1os: <span style=\"color: #d12727;\"><a style=\"color: #d12727;\" href=\"https:\/\/www.csj-emballages.com\/produit\/2-rouleaux-sacs-sous-vides-conservation-gaufres-0-22-x-6-m-90-%c2%b5\/?_gl=1*yua810*_up*MQ..*_ga*MTY5MTcyOTMzNC4xNzY5NzY0NzQ1*_ga_YNVJLRSSZT*czE3Njk3NjQ3NDQkbzEkZzAkdDE3Njk3NjY1MzgkajQ4JGwwJGg0ODA4MzU3MzQ.\">0,22 x 6 m<\/a><\/span> \/ <span style=\"color: #d12727;\"><a style=\"color: #d12727;\" href=\"https:\/\/www.csj-emballages.com\/produit\/2-rouleaux-sacs-sous-vides-conservation-gaufres-0-28-x-6-m-90-%c2%b5\/?_gl=1*yua810*_up*MQ..*_ga*MTY5MTcyOTMzNC4xNzY5NzY0NzQ1*_ga_YNVJLRSSZT*czE3Njk3NjQ3NDQkbzEkZzAkdDE3Njk3NjY1MzgkajQ4JGwwJGg0ODA4MzU3MzQ.\">0,28 x 6 m<\/a><\/span><\/p>\n<p>&nbsp;<\/p>\n<p><!--more--><\/p>\n<p><a href=\"https:\/\/www.csj-emballages.com\/categorie-produit\/hygiene-et-entretiens\/essuyages\/essuie-mains\/essuies-mains-rouleaux\/?_gl=1*1qf72uz*_up*MQ..*_ga*NzE5OTExNjQuMTc2OTc1OTIwNw..*_ga_YNVJLRSSZT*czE3Njk3NjM1ODMkbzIkZzAkdDE3Njk3NjQ1MzUkajQ2JGwwJGgxMDI3NDM2Mzcx\">Consulte el resto de nuestra gama de toallas de mano en rollo<\/a><\/p>\n","protected":false},"excerpt":{"rendered":"<p>Rollo de bolsa de vac\u00edo Descubra nuestro rollo de bolsa de vac\u00edo para conservaci\u00f3n gofrado 0,20 x 6 m 90 \u00b5 por 2<\/p>\n","protected":false},"featured_media":12353,"template":"","meta":{"_acf_changed":false},"product_brand":[],"product_cat":[1150,1143,3866,1245,1631],"product_tag":[],"class_list":{"0":"post-262902","1":"product","2":"type-product","3":"status-publish","4":"has-post-thumbnail","6":"product_cat-envasado-de-alimentos","7":"product_cat-carniceria-y-charcuteria","8":"product_cat-bolsas-y-fundas","9":"product_cat-bolsas-de-vacio","10":"product_cat-bolsas-de-vacio-gofradas-en-rollos","12":"first","13":"instock","14":"taxable","15":"shipping-taxable","16":"purchasable","17":"product-type-simple"},"acf":[],"yoast_head":"<!-- This site is optimized with the Yoast SEO Premium plugin v26.6 (Yoast SEO v26.6) - https:\/\/yoast.com\/wordpress\/plugins\/seo\/ -->\n<title>Rollo de Bolsa de Vac\u00edo para Conservaci\u00f3n Gofrado 0,20 x 6 m 90 \u00b5 por 2<\/title>\n<meta name=\"description\" content=\"Rollo de bolsa de vac\u00edo para conservaci\u00f3n gofrado de 20 cm x 6 m en 90 micras, vendidos por 2. Ideales para conservar los alimentos m\u00e1s tiempo y sin desperdicio.\" \/>\n<meta name=\"robots\" content=\"index, follow, max-snippet:-1, max-image-preview:large, max-video-preview:-1\" \/>\n<link rel=\"canonical\" href=\"https:\/\/www.csj-emballages.com\/es\/produit\/rollo-de-bolsa-de-vacio-para-conservacion-gofrado-020-x-6-m-90-%c2%b5-por-2\/\" \/>\n<meta property=\"og:locale\" content=\"es_ES\" \/>\n<meta property=\"og:type\" content=\"article\" \/>\n<meta property=\"og:title\" content=\"Rollo de bolsa de vac\u00edo para conservaci\u00f3n gofrado 0,20 x 6 m 90 \u00b5 por 2\" \/>\n<meta property=\"og:description\" content=\"Rollo de bolsa de vac\u00edo para conservaci\u00f3n gofrado de 20 cm x 6 m en 90 micras, vendidos por 2. Ideales para conservar los alimentos m\u00e1s tiempo y sin desperdicio.\" \/>\n<meta property=\"og:url\" content=\"https:\/\/www.csj-emballages.com\/es\/produit\/rollo-de-bolsa-de-vacio-para-conservacion-gofrado-020-x-6-m-90-%c2%b5-por-2\/\" \/>\n<meta property=\"og:site_name\" content=\"CSJ Emballages\" \/>\n<meta property=\"article:publisher\" content=\"https:\/\/www.facebook.com\/csjemballages\" \/>\n<meta property=\"article:modified_time\" content=\"2026-04-29T00:18:53+00:00\" \/>\n<meta property=\"og:image\" content=\"https:\/\/www.csj-emballages.com\/wp-content\/uploads\/2024\/03\/ItemSVIDEGAUF40600.png\" \/>\n\t<meta property=\"og:image:width\" content=\"300\" \/>\n\t<meta property=\"og:image:height\" content=\"300\" \/>\n\t<meta property=\"og:image:type\" content=\"image\/png\" \/>\n<meta name=\"twitter:card\" content=\"summary_large_image\" \/>\n<meta name=\"twitter:label1\" content=\"Tiempo de lectura\" \/>\n\t<meta name=\"twitter:data1\" content=\"2 minutos\" \/>\n<script type=\"application\/ld+json\" class=\"yoast-schema-graph\">{\"@context\":\"https:\/\/schema.org\",\"@graph\":[{\"@type\":\"WebPage\",\"@id\":\"https:\/\/www.csj-emballages.com\/es\/produit\/rollo-de-bolsa-de-vacio-para-conservacion-gofrado-020-x-6-m-90-%c2%b5-por-2\/\",\"url\":\"https:\/\/www.csj-emballages.com\/es\/produit\/rollo-de-bolsa-de-vacio-para-conservacion-gofrado-020-x-6-m-90-%c2%b5-por-2\/\",\"name\":\"Rollo de Bolsa de Vac\u00edo para Conservaci\u00f3n Gofrado 0,20 x 6 m 90 \u00b5 por 2\",\"isPartOf\":{\"@id\":\"https:\/\/www.csj-emballages.com\/es\/#website\"},\"primaryImageOfPage\":{\"@id\":\"https:\/\/www.csj-emballages.com\/es\/produit\/rollo-de-bolsa-de-vacio-para-conservacion-gofrado-020-x-6-m-90-%c2%b5-por-2\/#primaryimage\"},\"image\":{\"@id\":\"https:\/\/www.csj-emballages.com\/es\/produit\/rollo-de-bolsa-de-vacio-para-conservacion-gofrado-020-x-6-m-90-%c2%b5-por-2\/#primaryimage\"},\"thumbnailUrl\":\"https:\/\/www.csj-emballages.com\/wp-content\/uploads\/2024\/03\/ItemSVIDEGAUF40600.png\",\"datePublished\":\"2026-01-19T13:18:16+00:00\",\"dateModified\":\"2026-04-29T00:18:53+00:00\",\"description\":\"Rollo de bolsa de vac\u00edo para conservaci\u00f3n gofrado de 20 cm x 6 m en 90 micras, vendidos por 2. Ideales para conservar los alimentos m\u00e1s tiempo y sin desperdicio.\",\"breadcrumb\":{\"@id\":\"https:\/\/www.csj-emballages.com\/es\/produit\/rollo-de-bolsa-de-vacio-para-conservacion-gofrado-020-x-6-m-90-%c2%b5-por-2\/#breadcrumb\"},\"inLanguage\":\"es\",\"potentialAction\":[{\"@type\":\"ReadAction\",\"target\":[\"https:\/\/www.csj-emballages.com\/es\/produit\/rollo-de-bolsa-de-vacio-para-conservacion-gofrado-020-x-6-m-90-%c2%b5-por-2\/\"]}]},{\"@type\":\"ImageObject\",\"inLanguage\":\"es\",\"@id\":\"https:\/\/www.csj-emballages.com\/es\/produit\/rollo-de-bolsa-de-vacio-para-conservacion-gofrado-020-x-6-m-90-%c2%b5-por-2\/#primaryimage\",\"url\":\"https:\/\/www.csj-emballages.com\/wp-content\/uploads\/2024\/03\/ItemSVIDEGAUF40600.png\",\"contentUrl\":\"https:\/\/www.csj-emballages.com\/wp-content\/uploads\/2024\/03\/ItemSVIDEGAUF40600.png\",\"width\":300,\"height\":300,\"caption\":\"Rouleaux sacs sous vide\"},{\"@type\":\"BreadcrumbList\",\"@id\":\"https:\/\/www.csj-emballages.com\/es\/produit\/rollo-de-bolsa-de-vacio-para-conservacion-gofrado-020-x-6-m-90-%c2%b5-por-2\/#breadcrumb\",\"itemListElement\":[{\"@type\":\"ListItem\",\"position\":1,\"name\":\"Accueil\",\"item\":\"https:\/\/www.csj-emballages.com\/es\/universo-del-envasado-alimentario\/\"},{\"@type\":\"ListItem\",\"position\":2,\"name\":\"Tienda\",\"item\":\"https:\/\/www.csj-emballages.com\/tienda\/\"},{\"@type\":\"ListItem\",\"position\":3,\"name\":\"Rollo de bolsa de vac\u00edo para conservaci\u00f3n gofrado 0,20 x 6 m 90 \u00b5 por 2\"}]},{\"@type\":\"WebSite\",\"@id\":\"https:\/\/www.csj-emballages.com\/es\/#website\",\"url\":\"https:\/\/www.csj-emballages.com\/es\/\",\"name\":\"CSJ Emballages\",\"description\":\"\",\"publisher\":{\"@id\":\"https:\/\/www.csj-emballages.com\/es\/#organization\"},\"potentialAction\":[{\"@type\":\"SearchAction\",\"target\":{\"@type\":\"EntryPoint\",\"urlTemplate\":\"https:\/\/www.csj-emballages.com\/es\/?s={search_term_string}\"},\"query-input\":{\"@type\":\"PropertyValueSpecification\",\"valueRequired\":true,\"valueName\":\"search_term_string\"}}],\"inLanguage\":\"es\"},{\"@type\":\"Organization\",\"@id\":\"https:\/\/www.csj-emballages.com\/es\/#Organization\/\",\"name\":\"CSJ Emballages\",\"url\":\"https:\/\/www.csj-emballages.com\/es\/\",\"logo\":{\"@type\":\"ImageObject\",\"inLanguage\":\"es\",\"@id\":\"https:\/\/www.csj-emballages.com\/es\/#\/schema\/logo\/image\/\",\"url\":\"https:\/\/www.csj-emballages.com\/wp-content\/uploads\/2023\/10\/logo_csj.webp\",\"contentUrl\":\"https:\/\/www.csj-emballages.com\/wp-content\/uploads\/2023\/10\/logo_csj.webp\",\"width\":250,\"height\":95,\"caption\":\"CSJ Emballages\"},\"image\":{\"@id\":\"https:\/\/www.csj-emballages.com\/es\/#\/schema\/logo\/image\/\"},\"sameAs\":[\"https:\/\/www.facebook.com\/csjemballages\"],\"address\":{\"@type\":\"PostalAddress\",\"streetAddress\":\"ZI La Lechere\",\"addressLocality\":\"Patornay\",\"postalCode\":\"39130\",\"addressCountry\":\"FR\"},\"contactPoint\":[{\"@type\":\"ContactPoint\",\"contactType\":\"Service client\",\"telephone\":\"0384254272\",\"email\":\"contact@csj-emballages.com\"}]}]}<\/script>\n<!-- \/ Yoast SEO Premium plugin. -->","yoast_head_json":{"title":"Rollo de Bolsa de Vac\u00edo para Conservaci\u00f3n Gofrado 0,20 x 6 m 90 \u00b5 por 2","description":"Rollo de bolsa de vac\u00edo para conservaci\u00f3n gofrado de 20 cm x 6 m en 90 micras, vendidos por 2. Ideales para conservar los alimentos m\u00e1s tiempo y sin desperdicio.","robots":{"index":"index","follow":"follow","max-snippet":"max-snippet:-1","max-image-preview":"max-image-preview:large","max-video-preview":"max-video-preview:-1"},"canonical":"https:\/\/www.csj-emballages.com\/es\/produit\/rollo-de-bolsa-de-vacio-para-conservacion-gofrado-020-x-6-m-90-%c2%b5-por-2\/","og_locale":"es_ES","og_type":"article","og_title":"Rollo de bolsa de vac\u00edo para conservaci\u00f3n gofrado 0,20 x 6 m 90 \u00b5 por 2","og_description":"Rollo de bolsa de vac\u00edo para conservaci\u00f3n gofrado de 20 cm x 6 m en 90 micras, vendidos por 2. Ideales para conservar los alimentos m\u00e1s tiempo y sin desperdicio.","og_url":"https:\/\/www.csj-emballages.com\/es\/produit\/rollo-de-bolsa-de-vacio-para-conservacion-gofrado-020-x-6-m-90-%c2%b5-por-2\/","og_site_name":"CSJ Emballages","article_publisher":"https:\/\/www.facebook.com\/csjemballages","article_modified_time":"2026-04-29T00:18:53+00:00","og_image":[{"width":300,"height":300,"url":"https:\/\/www.csj-emballages.com\/wp-content\/uploads\/2024\/03\/ItemSVIDEGAUF40600.png","type":"image\/png"}],"twitter_card":"summary_large_image","twitter_misc":{"Tiempo de lectura":"2 minutos"},"schema":{"@context":"https:\/\/schema.org","@graph":[{"@type":"WebPage","@id":"https:\/\/www.csj-emballages.com\/es\/produit\/rollo-de-bolsa-de-vacio-para-conservacion-gofrado-020-x-6-m-90-%c2%b5-por-2\/","url":"https:\/\/www.csj-emballages.com\/es\/produit\/rollo-de-bolsa-de-vacio-para-conservacion-gofrado-020-x-6-m-90-%c2%b5-por-2\/","name":"Rollo de Bolsa de Vac\u00edo para Conservaci\u00f3n Gofrado 0,20 x 6 m 90 \u00b5 por 2","isPartOf":{"@id":"https:\/\/www.csj-emballages.com\/es\/#website"},"primaryImageOfPage":{"@id":"https:\/\/www.csj-emballages.com\/es\/produit\/rollo-de-bolsa-de-vacio-para-conservacion-gofrado-020-x-6-m-90-%c2%b5-por-2\/#primaryimage"},"image":{"@id":"https:\/\/www.csj-emballages.com\/es\/produit\/rollo-de-bolsa-de-vacio-para-conservacion-gofrado-020-x-6-m-90-%c2%b5-por-2\/#primaryimage"},"thumbnailUrl":"https:\/\/www.csj-emballages.com\/wp-content\/uploads\/2024\/03\/ItemSVIDEGAUF40600.png","datePublished":"2026-01-19T13:18:16+00:00","dateModified":"2026-04-29T00:18:53+00:00","description":"Rollo de bolsa de vac\u00edo para conservaci\u00f3n gofrado de 20 cm x 6 m en 90 micras, vendidos por 2. Ideales para conservar los alimentos m\u00e1s tiempo y sin desperdicio.","breadcrumb":{"@id":"https:\/\/www.csj-emballages.com\/es\/produit\/rollo-de-bolsa-de-vacio-para-conservacion-gofrado-020-x-6-m-90-%c2%b5-por-2\/#breadcrumb"},"inLanguage":"es","potentialAction":[{"@type":"ReadAction","target":["https:\/\/www.csj-emballages.com\/es\/produit\/rollo-de-bolsa-de-vacio-para-conservacion-gofrado-020-x-6-m-90-%c2%b5-por-2\/"]}]},{"@type":"ImageObject","inLanguage":"es","@id":"https:\/\/www.csj-emballages.com\/es\/produit\/rollo-de-bolsa-de-vacio-para-conservacion-gofrado-020-x-6-m-90-%c2%b5-por-2\/#primaryimage","url":"https:\/\/www.csj-emballages.com\/wp-content\/uploads\/2024\/03\/ItemSVIDEGAUF40600.png","contentUrl":"https:\/\/www.csj-emballages.com\/wp-content\/uploads\/2024\/03\/ItemSVIDEGAUF40600.png","width":300,"height":300,"caption":"Rouleaux sacs sous vide"},{"@type":"BreadcrumbList","@id":"https:\/\/www.csj-emballages.com\/es\/produit\/rollo-de-bolsa-de-vacio-para-conservacion-gofrado-020-x-6-m-90-%c2%b5-por-2\/#breadcrumb","itemListElement":[{"@type":"ListItem","position":1,"name":"Accueil","item":"https:\/\/www.csj-emballages.com\/es\/universo-del-envasado-alimentario\/"},{"@type":"ListItem","position":2,"name":"Tienda","item":"https:\/\/www.csj-emballages.com\/tienda\/"},{"@type":"ListItem","position":3,"name":"Rollo de bolsa de vac\u00edo para conservaci\u00f3n gofrado 0,20 x 6 m 90 \u00b5 por 2"}]},{"@type":"WebSite","@id":"https:\/\/www.csj-emballages.com\/es\/#website","url":"https:\/\/www.csj-emballages.com\/es\/","name":"CSJ Emballages","description":"","publisher":{"@id":"https:\/\/www.csj-emballages.com\/es\/#organization"},"potentialAction":[{"@type":"SearchAction","target":{"@type":"EntryPoint","urlTemplate":"https:\/\/www.csj-emballages.com\/es\/?s={search_term_string}"},"query-input":{"@type":"PropertyValueSpecification","valueRequired":true,"valueName":"search_term_string"}}],"inLanguage":"es"},{"@type":"Organization","@id":"https:\/\/www.csj-emballages.com\/es\/#Organization\/","name":"CSJ Emballages","url":"https:\/\/www.csj-emballages.com\/es\/","logo":{"@type":"ImageObject","inLanguage":"es","@id":"https:\/\/www.csj-emballages.com\/es\/#\/schema\/logo\/image\/","url":"https:\/\/www.csj-emballages.com\/wp-content\/uploads\/2023\/10\/logo_csj.webp","contentUrl":"https:\/\/www.csj-emballages.com\/wp-content\/uploads\/2023\/10\/logo_csj.webp","width":250,"height":95,"caption":"CSJ Emballages"},"image":{"@id":"https:\/\/www.csj-emballages.com\/es\/#\/schema\/logo\/image\/"},"sameAs":["https:\/\/www.facebook.com\/csjemballages"],"address":{"@type":"PostalAddress","streetAddress":"ZI La Lechere","addressLocality":"Patornay","postalCode":"39130","addressCountry":"FR"},"contactPoint":[{"@type":"ContactPoint","contactType":"Service client","telephone":"0384254272","email":"contact@csj-emballages.com"}]}]}},"df_price":7.52,"df_sale_price":"","df_regular_price":7.52,"df_image_link":"https:\/\/www.csj-emballages.com\/wp-content\/uploads\/2024\/03\/ItemSVIDEGAUF40600.png","tiered_pricing_type":"fixed","tiered_pricing_fixed_rules":[],"tiered_pricing_percentage_rules":[],"tiered_pricing_minimum":1,"tiered_pricing_roles_data":[],"_links":{"self":[{"href":"https:\/\/www.csj-emballages.com\/es\/wp-json\/wp\/v2\/product\/262902","targetHints":{"allow":["GET"]}}],"collection":[{"href":"https:\/\/www.csj-emballages.com\/es\/wp-json\/wp\/v2\/product"}],"about":[{"href":"https:\/\/www.csj-emballages.com\/es\/wp-json\/wp\/v2\/types\/product"}],"wp:featuredmedia":[{"embeddable":true,"href":"https:\/\/www.csj-emballages.com\/es\/wp-json\/wp\/v2\/media\/12353"}],"wp:attachment":[{"href":"https:\/\/www.csj-emballages.com\/es\/wp-json\/wp\/v2\/media?parent=262902"}],"wp:term":[{"taxonomy":"product_brand","embeddable":true,"href":"https:\/\/www.csj-emballages.com\/es\/wp-json\/wp\/v2\/product_brand?post=262902"},{"taxonomy":"product_cat","embeddable":true,"href":"https:\/\/www.csj-emballages.com\/es\/wp-json\/wp\/v2\/product_cat?post=262902"},{"taxonomy":"product_tag","embeddable":true,"href":"https:\/\/www.csj-emballages.com\/es\/wp-json\/wp\/v2\/product_tag?post=262902"}],"curies":[{"name":"wp","href":"https:\/\/api.w.org\/{rel}","templated":true}]}}