{"id":261959,"date":"2026-01-21T15:18:20","date_gmt":"2026-01-21T14:18:20","guid":{"rendered":"https:\/\/www.csj-emballages.com\/produit\/vaso-de-carton-blanco-de-27-cl-pack-de-50\/"},"modified":"2026-04-27T08:00:35","modified_gmt":"2026-04-27T06:00:35","slug":"vaso-de-carton-blanco-de-27-cl-pack-de-50","status":"publish","type":"product","link":"https:\/\/www.csj-emballages.com\/es\/produit\/vaso-de-carton-blanco-de-27-cl-pack-de-50\/","title":{"rendered":"Vaso de cart\u00f3n blanco de 27 cl, pack de 50"},"content":{"rendered":"<h2>Vaso de cart\u00f3n<\/h2>\n<hr>\n<h3>Descubra nuestro vaso de cart\u00f3n blanco de 27 cl, paquete de 50<\/h3>\n<p><!--more--><\/p>\n<p data-start=\"256\" data-end=\"584\">Cuando se necesita un <strong>vaso<\/strong> fiable, vers\u00e1til y f\u00e1cil de usar, este <strong data-start=\"334\" data-end=\"364\">vaso de cart\u00f3n blanco de 27 cl<\/strong> cumple claramente su funci\u00f3n. No es ni demasiado peque\u00f1o ni demasiado grande, y es adecuado tanto para un <strong>caf\u00e9 largo, un t\u00e9, una bebida fr\u00eda o incluso agua<\/strong>. Es el formato ideal para el uso diario, sin complicaciones.  <\/p>\n<p data-start=\"586\" data-end=\"925\">Su dise\u00f1o <strong>blanco<\/strong>, sobrio y limpio, se integra en cualquier lugar. Ya sea en una oficina, durante un evento, en un snack bar, una asociaci\u00f3n o un punto de venta para llevar, se mantiene discreto a la vez que transmite seriedad. Adem\u00e1s, esta sencillez es una verdadera ventaja: sin im\u00e1genes impuestas, sin sobrecarga, solo un <strong>vaso<\/strong> que va a lo esencial.  <\/p>\n<p data-start=\"927\" data-end=\"1278\">En cuanto a su uso, es agradable al tacto y lo suficientemente r\u00edgido como para evitar sorpresas desagradables. Puede llenarlo r\u00e1pidamente, colocarlo, transportarlo&#8230; se mantiene estable y pr\u00e1ctico. Y como se vende en <strong data-start=\"1141\" data-end=\"1158\">lotes de 50<\/strong>, es perfecto para gestionar un peque\u00f1o evento, equipar una sala de descanso o completar un stock sin ocupar demasiado espacio.  <\/p>\n<p data-start=\"1280\" data-end=\"1565\">Otro punto destacable: este <strong>vaso de cart\u00f3n blanco<\/strong> cumple con las normas vigentes gracias a su marcado visible, lo que le permite utilizarlo con tranquilidad en un entorno profesional. De este modo, gana en tranquilidad, a la vez que ofrece una soluci\u00f3n sencilla y eficaz a sus clientes o colaboradores. <\/p>\n<p data-start=\"1567\" data-end=\"1753\">En resumen, este <strong>vaso de cart\u00f3n blanco de 27 cl<\/strong> es un elemento esencial para el d\u00eda a d\u00eda. No pretende ser demasiado, pero responde a cada uso con eficacia y sencillez. <\/p>\n<p data-start=\"1567\" data-end=\"1753\"><!--more--><\/p>\n<h4 data-start=\"1567\" data-end=\"1753\">Ventajas :<\/h4>\n<ul>\n<li data-start=\"1782\" data-end=\"1825\">Formato pr\u00e1ctico de <strong>27 cl<\/strong>, muy vers\u00e1til<\/li>\n<li data-start=\"1828\" data-end=\"1866\">Dise\u00f1o blanco neutro y vers\u00e1til<\/li>\n<li data-start=\"1869\" data-end=\"1890\">Buen agarre<\/li>\n<li data-start=\"1893\" data-end=\"1933\">Apto para bebidas fr\u00edas y calientes<\/li>\n<li data-start=\"1936\" data-end=\"1988\">Lote de <strong>50<\/strong>, ideal para peque\u00f1as necesidades o eventos.<\/li>\n<\/ul>\n<p>&nbsp;<\/p>\n<p><!--more--><\/p>\n<h4>Informaci\u00f3n adicional :<\/h4>\n<ul>\n<li><strong>Envase<\/strong>: Paquete de 50<\/li>\n<li><strong>Di\u00e1metro superior<\/strong>: 78 mm<\/li>\n<li><strong>Di\u00e1metro inferior<\/strong>: 55 mm<\/li>\n<li><strong>Altura<\/strong>: 87 mm<\/li>\n<li><strong>Volumen<\/strong>: 27 cl<\/li>\n<li><strong>Material<\/strong>: Cart\u00f3n<\/li>\n<li><strong>Color<\/strong>: blanco<\/li>\n<li>Contiene pel\u00edcula de PE en el interior<\/li>\n<\/ul>\n<p>&nbsp;<\/p>\n<p><!--more--><\/p>\n<p>Encuentre aqu\u00ed las tapas dise\u00f1adas para estos vasos : <span style=\"color: #d12727;\"><a style=\"color: #d12727;\" href=\"https:\/\/www.csj-emballages.com\/produit\/50-couvercles-papier-pour-gobelets-24-cl-378bla-378geb-378ge-378bio-378k\/\">C378P<\/a><\/span><\/p>\n<p>&nbsp;<\/p>\n<p><!--more--><\/p>\n<p><a href=\"https:\/\/www.csj-emballages.com\/es\/categorie-produit\/envasado-de-alimentos\/descuentos\/\">Consulte el resto de nuestra gama de liquidaci\u00f3n<\/a><\/p>\n","protected":false},"excerpt":{"rendered":"<p>Vaso de cart\u00f3n Descubra nuestro vaso de cart\u00f3n blanco de 27 cl, paquete de 50<\/p>\n","protected":false},"featured_media":261956,"template":"","meta":{"_acf_changed":false},"product_brand":[],"product_cat":[1150,1270],"product_tag":[],"class_list":{"0":"post-261959","1":"product","2":"type-product","3":"status-publish","4":"has-post-thumbnail","6":"product_cat-envasado-de-alimentos","7":"product_cat-descuentos","9":"first","10":"instock","11":"sale","12":"taxable","13":"shipping-taxable","14":"purchasable","15":"product-type-simple"},"acf":[],"yoast_head":"<!-- This site is optimized with the Yoast SEO Premium plugin v26.6 (Yoast SEO v26.6) - https:\/\/yoast.com\/wordpress\/plugins\/seo\/ -->\n<title>Vaso de cart\u00f3n blanco de 27 cl, paquete de 50<\/title>\n<meta name=\"description\" content=\"Vaso de cart\u00f3n blanco de 27 cl, se vende en paquetes de 50. Formato pr\u00e1ctico, dise\u00f1o sobrio y f\u00e1cil de usar para bebidas fr\u00edas o calientes en entornos profesionales o eventos.\" \/>\n<meta name=\"robots\" content=\"index, follow, max-snippet:-1, max-image-preview:large, max-video-preview:-1\" \/>\n<link rel=\"canonical\" href=\"https:\/\/www.csj-emballages.com\/es\/produit\/vaso-de-carton-blanco-de-27-cl-pack-de-50\/\" \/>\n<meta property=\"og:locale\" content=\"es_ES\" \/>\n<meta property=\"og:type\" content=\"article\" \/>\n<meta property=\"og:title\" content=\"Vaso de cart\u00f3n blanco de 27 cl, pack de 50\" \/>\n<meta property=\"og:description\" content=\"Vaso de cart\u00f3n blanco de 27 cl, se vende en paquetes de 50. Formato pr\u00e1ctico, dise\u00f1o sobrio y f\u00e1cil de usar para bebidas fr\u00edas o calientes en entornos profesionales o eventos.\" \/>\n<meta property=\"og:url\" content=\"https:\/\/www.csj-emballages.com\/es\/produit\/vaso-de-carton-blanco-de-27-cl-pack-de-50\/\" \/>\n<meta property=\"og:site_name\" content=\"CSJ Emballages\" \/>\n<meta property=\"article:publisher\" content=\"https:\/\/www.facebook.com\/csjemballages\" \/>\n<meta property=\"article:modified_time\" content=\"2026-04-27T06:00:35+00:00\" \/>\n<meta property=\"og:image\" content=\"https:\/\/www.csj-emballages.com\/wp-content\/uploads\/2026\/01\/378DES.webp\" \/>\n\t<meta property=\"og:image:width\" content=\"800\" \/>\n\t<meta property=\"og:image:height\" content=\"800\" \/>\n\t<meta property=\"og:image:type\" content=\"image\/webp\" \/>\n<meta name=\"twitter:card\" content=\"summary_large_image\" \/>\n<meta name=\"twitter:label1\" content=\"Tiempo de lectura\" \/>\n\t<meta name=\"twitter:data1\" content=\"2 minutos\" \/>\n<script type=\"application\/ld+json\" class=\"yoast-schema-graph\">{\"@context\":\"https:\/\/schema.org\",\"@graph\":[{\"@type\":\"WebPage\",\"@id\":\"https:\/\/www.csj-emballages.com\/es\/produit\/vaso-de-carton-blanco-de-27-cl-pack-de-50\/\",\"url\":\"https:\/\/www.csj-emballages.com\/es\/produit\/vaso-de-carton-blanco-de-27-cl-pack-de-50\/\",\"name\":\"Vaso de cart\u00f3n blanco de 27 cl, paquete de 50\",\"isPartOf\":{\"@id\":\"https:\/\/www.csj-emballages.com\/es\/#website\"},\"primaryImageOfPage\":{\"@id\":\"https:\/\/www.csj-emballages.com\/es\/produit\/vaso-de-carton-blanco-de-27-cl-pack-de-50\/#primaryimage\"},\"image\":{\"@id\":\"https:\/\/www.csj-emballages.com\/es\/produit\/vaso-de-carton-blanco-de-27-cl-pack-de-50\/#primaryimage\"},\"thumbnailUrl\":\"https:\/\/www.csj-emballages.com\/wp-content\/uploads\/2026\/01\/378DES.webp\",\"datePublished\":\"2026-01-21T14:18:20+00:00\",\"dateModified\":\"2026-04-27T06:00:35+00:00\",\"description\":\"Vaso de cart\u00f3n blanco de 27 cl, se vende en paquetes de 50. Formato pr\u00e1ctico, dise\u00f1o sobrio y f\u00e1cil de usar para bebidas fr\u00edas o calientes en entornos profesionales o eventos.\",\"breadcrumb\":{\"@id\":\"https:\/\/www.csj-emballages.com\/es\/produit\/vaso-de-carton-blanco-de-27-cl-pack-de-50\/#breadcrumb\"},\"inLanguage\":\"es\",\"potentialAction\":[{\"@type\":\"ReadAction\",\"target\":[\"https:\/\/www.csj-emballages.com\/es\/produit\/vaso-de-carton-blanco-de-27-cl-pack-de-50\/\"]}]},{\"@type\":\"ImageObject\",\"inLanguage\":\"es\",\"@id\":\"https:\/\/www.csj-emballages.com\/es\/produit\/vaso-de-carton-blanco-de-27-cl-pack-de-50\/#primaryimage\",\"url\":\"https:\/\/www.csj-emballages.com\/wp-content\/uploads\/2026\/01\/378DES.webp\",\"contentUrl\":\"https:\/\/www.csj-emballages.com\/wp-content\/uploads\/2026\/01\/378DES.webp\",\"width\":800,\"height\":800,\"caption\":\"Gobelet carton\"},{\"@type\":\"BreadcrumbList\",\"@id\":\"https:\/\/www.csj-emballages.com\/es\/produit\/vaso-de-carton-blanco-de-27-cl-pack-de-50\/#breadcrumb\",\"itemListElement\":[{\"@type\":\"ListItem\",\"position\":1,\"name\":\"Accueil\",\"item\":\"https:\/\/www.csj-emballages.com\/es\/universo-del-envasado-alimentario\/\"},{\"@type\":\"ListItem\",\"position\":2,\"name\":\"Tienda\",\"item\":\"https:\/\/www.csj-emballages.com\/tienda\/\"},{\"@type\":\"ListItem\",\"position\":3,\"name\":\"Vaso de cart\u00f3n blanco de 27 cl, pack de 50\"}]},{\"@type\":\"WebSite\",\"@id\":\"https:\/\/www.csj-emballages.com\/es\/#website\",\"url\":\"https:\/\/www.csj-emballages.com\/es\/\",\"name\":\"CSJ Emballages\",\"description\":\"\",\"publisher\":{\"@id\":\"https:\/\/www.csj-emballages.com\/es\/#organization\"},\"potentialAction\":[{\"@type\":\"SearchAction\",\"target\":{\"@type\":\"EntryPoint\",\"urlTemplate\":\"https:\/\/www.csj-emballages.com\/es\/?s={search_term_string}\"},\"query-input\":{\"@type\":\"PropertyValueSpecification\",\"valueRequired\":true,\"valueName\":\"search_term_string\"}}],\"inLanguage\":\"es\"},{\"@type\":\"Organization\",\"@id\":\"https:\/\/www.csj-emballages.com\/es\/#Organization\/\",\"name\":\"CSJ Emballages\",\"url\":\"https:\/\/www.csj-emballages.com\/es\/\",\"logo\":{\"@type\":\"ImageObject\",\"inLanguage\":\"es\",\"@id\":\"https:\/\/www.csj-emballages.com\/es\/#\/schema\/logo\/image\/\",\"url\":\"https:\/\/www.csj-emballages.com\/wp-content\/uploads\/2023\/10\/logo_csj.webp\",\"contentUrl\":\"https:\/\/www.csj-emballages.com\/wp-content\/uploads\/2023\/10\/logo_csj.webp\",\"width\":250,\"height\":95,\"caption\":\"CSJ Emballages\"},\"image\":{\"@id\":\"https:\/\/www.csj-emballages.com\/es\/#\/schema\/logo\/image\/\"},\"sameAs\":[\"https:\/\/www.facebook.com\/csjemballages\"],\"address\":{\"@type\":\"PostalAddress\",\"streetAddress\":\"ZI La Lechere\",\"addressLocality\":\"Patornay\",\"postalCode\":\"39130\",\"addressCountry\":\"FR\"},\"contactPoint\":[{\"@type\":\"ContactPoint\",\"contactType\":\"Service client\",\"telephone\":\"0384254272\",\"email\":\"contact@csj-emballages.com\"}]}]}<\/script>\n<!-- \/ Yoast SEO Premium plugin. -->","yoast_head_json":{"title":"Vaso de cart\u00f3n blanco de 27 cl, paquete de 50","description":"Vaso de cart\u00f3n blanco de 27 cl, se vende en paquetes de 50. Formato pr\u00e1ctico, dise\u00f1o sobrio y f\u00e1cil de usar para bebidas fr\u00edas o calientes en entornos profesionales o eventos.","robots":{"index":"index","follow":"follow","max-snippet":"max-snippet:-1","max-image-preview":"max-image-preview:large","max-video-preview":"max-video-preview:-1"},"canonical":"https:\/\/www.csj-emballages.com\/es\/produit\/vaso-de-carton-blanco-de-27-cl-pack-de-50\/","og_locale":"es_ES","og_type":"article","og_title":"Vaso de cart\u00f3n blanco de 27 cl, pack de 50","og_description":"Vaso de cart\u00f3n blanco de 27 cl, se vende en paquetes de 50. Formato pr\u00e1ctico, dise\u00f1o sobrio y f\u00e1cil de usar para bebidas fr\u00edas o calientes en entornos profesionales o eventos.","og_url":"https:\/\/www.csj-emballages.com\/es\/produit\/vaso-de-carton-blanco-de-27-cl-pack-de-50\/","og_site_name":"CSJ Emballages","article_publisher":"https:\/\/www.facebook.com\/csjemballages","article_modified_time":"2026-04-27T06:00:35+00:00","og_image":[{"width":800,"height":800,"url":"https:\/\/www.csj-emballages.com\/wp-content\/uploads\/2026\/01\/378DES.webp","type":"image\/webp"}],"twitter_card":"summary_large_image","twitter_misc":{"Tiempo de lectura":"2 minutos"},"schema":{"@context":"https:\/\/schema.org","@graph":[{"@type":"WebPage","@id":"https:\/\/www.csj-emballages.com\/es\/produit\/vaso-de-carton-blanco-de-27-cl-pack-de-50\/","url":"https:\/\/www.csj-emballages.com\/es\/produit\/vaso-de-carton-blanco-de-27-cl-pack-de-50\/","name":"Vaso de cart\u00f3n blanco de 27 cl, paquete de 50","isPartOf":{"@id":"https:\/\/www.csj-emballages.com\/es\/#website"},"primaryImageOfPage":{"@id":"https:\/\/www.csj-emballages.com\/es\/produit\/vaso-de-carton-blanco-de-27-cl-pack-de-50\/#primaryimage"},"image":{"@id":"https:\/\/www.csj-emballages.com\/es\/produit\/vaso-de-carton-blanco-de-27-cl-pack-de-50\/#primaryimage"},"thumbnailUrl":"https:\/\/www.csj-emballages.com\/wp-content\/uploads\/2026\/01\/378DES.webp","datePublished":"2026-01-21T14:18:20+00:00","dateModified":"2026-04-27T06:00:35+00:00","description":"Vaso de cart\u00f3n blanco de 27 cl, se vende en paquetes de 50. Formato pr\u00e1ctico, dise\u00f1o sobrio y f\u00e1cil de usar para bebidas fr\u00edas o calientes en entornos profesionales o eventos.","breadcrumb":{"@id":"https:\/\/www.csj-emballages.com\/es\/produit\/vaso-de-carton-blanco-de-27-cl-pack-de-50\/#breadcrumb"},"inLanguage":"es","potentialAction":[{"@type":"ReadAction","target":["https:\/\/www.csj-emballages.com\/es\/produit\/vaso-de-carton-blanco-de-27-cl-pack-de-50\/"]}]},{"@type":"ImageObject","inLanguage":"es","@id":"https:\/\/www.csj-emballages.com\/es\/produit\/vaso-de-carton-blanco-de-27-cl-pack-de-50\/#primaryimage","url":"https:\/\/www.csj-emballages.com\/wp-content\/uploads\/2026\/01\/378DES.webp","contentUrl":"https:\/\/www.csj-emballages.com\/wp-content\/uploads\/2026\/01\/378DES.webp","width":800,"height":800,"caption":"Gobelet carton"},{"@type":"BreadcrumbList","@id":"https:\/\/www.csj-emballages.com\/es\/produit\/vaso-de-carton-blanco-de-27-cl-pack-de-50\/#breadcrumb","itemListElement":[{"@type":"ListItem","position":1,"name":"Accueil","item":"https:\/\/www.csj-emballages.com\/es\/universo-del-envasado-alimentario\/"},{"@type":"ListItem","position":2,"name":"Tienda","item":"https:\/\/www.csj-emballages.com\/tienda\/"},{"@type":"ListItem","position":3,"name":"Vaso de cart\u00f3n blanco de 27 cl, pack de 50"}]},{"@type":"WebSite","@id":"https:\/\/www.csj-emballages.com\/es\/#website","url":"https:\/\/www.csj-emballages.com\/es\/","name":"CSJ Emballages","description":"","publisher":{"@id":"https:\/\/www.csj-emballages.com\/es\/#organization"},"potentialAction":[{"@type":"SearchAction","target":{"@type":"EntryPoint","urlTemplate":"https:\/\/www.csj-emballages.com\/es\/?s={search_term_string}"},"query-input":{"@type":"PropertyValueSpecification","valueRequired":true,"valueName":"search_term_string"}}],"inLanguage":"es"},{"@type":"Organization","@id":"https:\/\/www.csj-emballages.com\/es\/#Organization\/","name":"CSJ Emballages","url":"https:\/\/www.csj-emballages.com\/es\/","logo":{"@type":"ImageObject","inLanguage":"es","@id":"https:\/\/www.csj-emballages.com\/es\/#\/schema\/logo\/image\/","url":"https:\/\/www.csj-emballages.com\/wp-content\/uploads\/2023\/10\/logo_csj.webp","contentUrl":"https:\/\/www.csj-emballages.com\/wp-content\/uploads\/2023\/10\/logo_csj.webp","width":250,"height":95,"caption":"CSJ Emballages"},"image":{"@id":"https:\/\/www.csj-emballages.com\/es\/#\/schema\/logo\/image\/"},"sameAs":["https:\/\/www.facebook.com\/csjemballages"],"address":{"@type":"PostalAddress","streetAddress":"ZI La Lechere","addressLocality":"Patornay","postalCode":"39130","addressCountry":"FR"},"contactPoint":[{"@type":"ContactPoint","contactType":"Service client","telephone":"0384254272","email":"contact@csj-emballages.com"}]}]}},"df_price":1.27,"df_sale_price":1.27,"df_regular_price":1.81,"df_image_link":"https:\/\/www.csj-emballages.com\/wp-content\/uploads\/2026\/01\/378DES-300x300.webp","tiered_pricing_type":"fixed","tiered_pricing_fixed_rules":[],"tiered_pricing_percentage_rules":[],"tiered_pricing_minimum":1,"tiered_pricing_roles_data":[],"_links":{"self":[{"href":"https:\/\/www.csj-emballages.com\/es\/wp-json\/wp\/v2\/product\/261959","targetHints":{"allow":["GET"]}}],"collection":[{"href":"https:\/\/www.csj-emballages.com\/es\/wp-json\/wp\/v2\/product"}],"about":[{"href":"https:\/\/www.csj-emballages.com\/es\/wp-json\/wp\/v2\/types\/product"}],"wp:featuredmedia":[{"embeddable":true,"href":"https:\/\/www.csj-emballages.com\/es\/wp-json\/wp\/v2\/media\/261956"}],"wp:attachment":[{"href":"https:\/\/www.csj-emballages.com\/es\/wp-json\/wp\/v2\/media?parent=261959"}],"wp:term":[{"taxonomy":"product_brand","embeddable":true,"href":"https:\/\/www.csj-emballages.com\/es\/wp-json\/wp\/v2\/product_brand?post=261959"},{"taxonomy":"product_cat","embeddable":true,"href":"https:\/\/www.csj-emballages.com\/es\/wp-json\/wp\/v2\/product_cat?post=261959"},{"taxonomy":"product_tag","embeddable":true,"href":"https:\/\/www.csj-emballages.com\/es\/wp-json\/wp\/v2\/product_tag?post=261959"}],"curies":[{"name":"wp","href":"https:\/\/api.w.org\/{rel}","templated":true}]}}