{"id":261506,"date":"2025-11-05T14:18:18","date_gmt":"2025-11-05T13:18:18","guid":{"rendered":"https:\/\/www.csj-emballages.com\/produit\/mantel-damascado-de-papel-vichy-en-rollo-120-x-25-m\/"},"modified":"2026-05-04T14:01:06","modified_gmt":"2026-05-04T12:01:06","slug":"mantel-damascado-de-papel-vichy-en-rollo-120-x-25-m","status":"publish","type":"product","link":"https:\/\/www.csj-emballages.com\/es\/produit\/mantel-damascado-de-papel-vichy-en-rollo-120-x-25-m\/","title":{"rendered":"Mantel damascado de papel vichy en rollo 1,20 x 25 m"},"content":{"rendered":"<h2>Mantel damascado vichy<\/h2>\n<hr>\n<h3>Descubra nuestro mantel damascado de papel vichy en rollo 1,20 x 25 m<\/h3>\n<p><!--more--><\/p>\n<p data-start=\"249\" data-end=\"565\">Este <strong data-start=\"255\" data-end=\"289\">mantel damascado de papel vichy<\/strong> aporta de inmediato un ambiente <strong>agradable y c\u00e1lido<\/strong> a sus mesas. Con su motivo de <strong>cuadros rojos y blancos<\/strong>, recuerda a los bistr\u00f3s, las verbenas y las comidas sencillas pero generosas. En cuanto se desenrolla, da el tono: aqu\u00ed se comparte un buen momento.  <\/p>\n<p data-start=\"567\" data-end=\"973\">Su formato en <strong data-start=\"581\" data-end=\"612\">rollo de 1,20 x 25 metros<\/strong> es particularmente pr\u00e1ctico. Puede cortar exactamente la longitud que necesita, sin desperdicio. Ya sea para una mesa larga, varias mesas peque\u00f1as o un servicio continuo, se adapta f\u00e1cilmente a su organizaci\u00f3n. Es una soluci\u00f3n ideal para restaurantes, cervecer\u00edas, pizzer\u00edas, eventos o comidas asociativas.   <\/p>\n<p data-start=\"975\" data-end=\"1247\">El <strong>papel damascado<\/strong> ofrece una buena resistencia durante todo el servicio. Protege la mesa de las salpicaduras y se reemplaza en un abrir y cerrar de ojos una vez terminada la comida. No necesita lej\u00eda, ni almacenamiento engorroso: ahorra tiempo antes, durante y despu\u00e9s del servicio.  <\/p>\n<p data-start=\"1249\" data-end=\"1501\">Adem\u00e1s, su <strong>estampado<\/strong> de <strong>cuadros vichy<\/strong> es atemporal. Funciona tanto en interiores como en terrazas, para un almuerzo r\u00e1pido o para una gran mesa. Sencillo, eficaz y visualmente agradable, este <strong>mantel de papel de cuadros vichy<\/strong> es el equilibrio perfecto entre practicidad y estilo.  <\/p>\n<p data-start=\"1503\" data-end=\"1642\">En resumen, es la elecci\u00f3n inteligente para vestir sus mesas sin limitaciones, creando al mismo tiempo un ambiente acogedor que seguro gustar\u00e1.<\/p>\n<p data-start=\"1503\" data-end=\"1642\"><!--more--><\/p>\n<h4 data-start=\"1503\" data-end=\"1642\">Ventajas :<\/h4>\n<ul>\n<li data-start=\"1670\" data-end=\"1710\"><strong>Motivo vichy rojo y blanco<\/strong> acogedor.<\/li>\n<li data-start=\"1713\" data-end=\"1753\">Formato en rollo pr\u00e1ctico y econ\u00f3mico.<\/li>\n<li data-start=\"1756\" data-end=\"1790\"><strong>Corte a la longitud<\/strong> deseada.<\/li>\n<li data-start=\"1793\" data-end=\"1824\">Buena resistencia durante la comida.<\/li>\n<li data-start=\"1827\" data-end=\"1878\">Ideal para restaurantes, eventos y terrazas.<\/li>\n<\/ul>\n<p>&nbsp;<\/p>\n<p><!--more--><\/p>\n<h4>Informaci\u00f3n adicional :<\/h4>\n<ul>\n<li><strong>Embalaje<\/strong>: Por unidad<\/li>\n<li><strong>Ancho<\/strong>: 1,20<\/li>\n<li><strong>Longitud<\/strong>: 25 m<\/li>\n<li><strong>Color<\/strong>: Vichy<\/li>\n<li><strong>Material<\/strong>: Papel damascado<\/li>\n<\/ul>\n<p>&nbsp;<\/p>\n<p><!--more--><\/p>\n<p><a href=\"https:\/\/www.csj-emballages.com\/es\/categorie-produit\/envasado-de-alimentos\/catering-es\/servilletas-manteles-individuales-manteles\/manteles\/manteles-de-damasco\/\">Ver el resto de nuestra gama de manteles adamascados<\/a><\/p>\n","protected":false},"excerpt":{"rendered":"<p>Mantel damascado vichy Descubra nuestro mantel damascado de papel vichy en rollo 1,20 x 25 m<\/p>\n","protected":false},"featured_media":261511,"template":"","meta":{"_acf_changed":false},"product_brand":[],"product_cat":[1150,1179,1182,2910,2913],"product_tag":[],"class_list":{"0":"post-261506","1":"product","2":"type-product","3":"status-publish","4":"has-post-thumbnail","6":"product_cat-envasado-de-alimentos","7":"product_cat-catering-es","8":"product_cat-servilletas-manteles-individuales-manteles","9":"product_cat-manteles","10":"product_cat-manteles-de-damasco","11":"product_shipping_class-no-permitido-en-reles","13":"first","14":"instock","15":"taxable","16":"shipping-taxable","17":"purchasable","18":"product-type-simple"},"acf":[],"yoast_head":"<!-- This site is optimized with the Yoast SEO Premium plugin v26.6 (Yoast SEO v26.6) - https:\/\/yoast.com\/wordpress\/plugins\/seo\/ -->\n<title>Mantel damascado de papel vichy en rollo 1,20 x 25 m<\/title>\n<meta name=\"description\" content=\"Mantel damascado de papel vichy en rollo 1,20 x 25 m. Pr\u00e1ctico, decorativo y f\u00e1cil de cortar, ideal para restaurantes y eventos.\" \/>\n<meta name=\"robots\" content=\"index, follow, max-snippet:-1, max-image-preview:large, max-video-preview:-1\" \/>\n<link rel=\"canonical\" href=\"https:\/\/www.csj-emballages.com\/es\/produit\/mantel-damascado-de-papel-vichy-en-rollo-120-x-25-m\/\" \/>\n<meta property=\"og:locale\" content=\"es_ES\" \/>\n<meta property=\"og:type\" content=\"article\" \/>\n<meta property=\"og:title\" content=\"Mantel damascado de papel vichy en rollo 1,20 x 25 m\" \/>\n<meta property=\"og:description\" content=\"Mantel damascado de papel vichy en rollo 1,20 x 25 m. Pr\u00e1ctico, decorativo y f\u00e1cil de cortar, ideal para restaurantes y eventos.\" \/>\n<meta property=\"og:url\" content=\"https:\/\/www.csj-emballages.com\/es\/produit\/mantel-damascado-de-papel-vichy-en-rollo-120-x-25-m\/\" \/>\n<meta property=\"og:site_name\" content=\"CSJ Emballages\" \/>\n<meta property=\"article:publisher\" content=\"https:\/\/www.facebook.com\/csjemballages\" \/>\n<meta property=\"article:modified_time\" content=\"2026-05-04T12:01:06+00:00\" \/>\n<meta property=\"og:image\" content=\"https:\/\/www.csj-emballages.com\/wp-content\/uploads\/2025\/11\/Nappe-damassee-vichy.webp\" \/>\n\t<meta property=\"og:image:width\" content=\"800\" \/>\n\t<meta property=\"og:image:height\" content=\"800\" \/>\n\t<meta property=\"og:image:type\" content=\"image\/webp\" \/>\n<meta name=\"twitter:card\" content=\"summary_large_image\" \/>\n<meta name=\"twitter:label1\" content=\"Tiempo de lectura\" \/>\n\t<meta name=\"twitter:data1\" content=\"1 minuto\" \/>\n<script type=\"application\/ld+json\" class=\"yoast-schema-graph\">{\"@context\":\"https:\/\/schema.org\",\"@graph\":[{\"@type\":\"WebPage\",\"@id\":\"https:\/\/www.csj-emballages.com\/es\/produit\/mantel-damascado-de-papel-vichy-en-rollo-120-x-25-m\/\",\"url\":\"https:\/\/www.csj-emballages.com\/es\/produit\/mantel-damascado-de-papel-vichy-en-rollo-120-x-25-m\/\",\"name\":\"Mantel damascado de papel vichy en rollo 1,20 x 25 m\",\"isPartOf\":{\"@id\":\"https:\/\/www.csj-emballages.com\/es\/#website\"},\"primaryImageOfPage\":{\"@id\":\"https:\/\/www.csj-emballages.com\/es\/produit\/mantel-damascado-de-papel-vichy-en-rollo-120-x-25-m\/#primaryimage\"},\"image\":{\"@id\":\"https:\/\/www.csj-emballages.com\/es\/produit\/mantel-damascado-de-papel-vichy-en-rollo-120-x-25-m\/#primaryimage\"},\"thumbnailUrl\":\"https:\/\/www.csj-emballages.com\/wp-content\/uploads\/2025\/11\/Nappe-damassee-vichy.webp\",\"datePublished\":\"2025-11-05T13:18:18+00:00\",\"dateModified\":\"2026-05-04T12:01:06+00:00\",\"description\":\"Mantel damascado de papel vichy en rollo 1,20 x 25 m. Pr\u00e1ctico, decorativo y f\u00e1cil de cortar, ideal para restaurantes y eventos.\",\"breadcrumb\":{\"@id\":\"https:\/\/www.csj-emballages.com\/es\/produit\/mantel-damascado-de-papel-vichy-en-rollo-120-x-25-m\/#breadcrumb\"},\"inLanguage\":\"es\",\"potentialAction\":[{\"@type\":\"ReadAction\",\"target\":[\"https:\/\/www.csj-emballages.com\/es\/produit\/mantel-damascado-de-papel-vichy-en-rollo-120-x-25-m\/\"]}]},{\"@type\":\"ImageObject\",\"inLanguage\":\"es\",\"@id\":\"https:\/\/www.csj-emballages.com\/es\/produit\/mantel-damascado-de-papel-vichy-en-rollo-120-x-25-m\/#primaryimage\",\"url\":\"https:\/\/www.csj-emballages.com\/wp-content\/uploads\/2025\/11\/Nappe-damassee-vichy.webp\",\"contentUrl\":\"https:\/\/www.csj-emballages.com\/wp-content\/uploads\/2025\/11\/Nappe-damassee-vichy.webp\",\"width\":800,\"height\":800,\"caption\":\"Nappe damass\u00e9e vichy\"},{\"@type\":\"BreadcrumbList\",\"@id\":\"https:\/\/www.csj-emballages.com\/es\/produit\/mantel-damascado-de-papel-vichy-en-rollo-120-x-25-m\/#breadcrumb\",\"itemListElement\":[{\"@type\":\"ListItem\",\"position\":1,\"name\":\"Accueil\",\"item\":\"https:\/\/www.csj-emballages.com\/es\/universo-del-envasado-alimentario\/\"},{\"@type\":\"ListItem\",\"position\":2,\"name\":\"Tienda\",\"item\":\"https:\/\/www.csj-emballages.com\/tienda\/\"},{\"@type\":\"ListItem\",\"position\":3,\"name\":\"Mantel damascado de papel vichy en rollo 1,20 x 25 m\"}]},{\"@type\":\"WebSite\",\"@id\":\"https:\/\/www.csj-emballages.com\/es\/#website\",\"url\":\"https:\/\/www.csj-emballages.com\/es\/\",\"name\":\"CSJ Emballages\",\"description\":\"\",\"publisher\":{\"@id\":\"https:\/\/www.csj-emballages.com\/es\/#organization\"},\"potentialAction\":[{\"@type\":\"SearchAction\",\"target\":{\"@type\":\"EntryPoint\",\"urlTemplate\":\"https:\/\/www.csj-emballages.com\/es\/?s={search_term_string}\"},\"query-input\":{\"@type\":\"PropertyValueSpecification\",\"valueRequired\":true,\"valueName\":\"search_term_string\"}}],\"inLanguage\":\"es\"},{\"@type\":\"Organization\",\"@id\":\"https:\/\/www.csj-emballages.com\/es\/#Organization\/\",\"name\":\"CSJ Emballages\",\"url\":\"https:\/\/www.csj-emballages.com\/es\/\",\"logo\":{\"@type\":\"ImageObject\",\"inLanguage\":\"es\",\"@id\":\"https:\/\/www.csj-emballages.com\/es\/#\/schema\/logo\/image\/\",\"url\":\"https:\/\/www.csj-emballages.com\/wp-content\/uploads\/2023\/10\/logo_csj.webp\",\"contentUrl\":\"https:\/\/www.csj-emballages.com\/wp-content\/uploads\/2023\/10\/logo_csj.webp\",\"width\":250,\"height\":95,\"caption\":\"CSJ Emballages\"},\"image\":{\"@id\":\"https:\/\/www.csj-emballages.com\/es\/#\/schema\/logo\/image\/\"},\"sameAs\":[\"https:\/\/www.facebook.com\/csjemballages\"],\"address\":{\"@type\":\"PostalAddress\",\"streetAddress\":\"ZI La Lechere\",\"addressLocality\":\"Patornay\",\"postalCode\":\"39130\",\"addressCountry\":\"FR\"},\"contactPoint\":[{\"@type\":\"ContactPoint\",\"contactType\":\"Service client\",\"telephone\":\"0384254272\",\"email\":\"contact@csj-emballages.com\"}]}]}<\/script>\n<!-- \/ Yoast SEO Premium plugin. -->","yoast_head_json":{"title":"Mantel damascado de papel vichy en rollo 1,20 x 25 m","description":"Mantel damascado de papel vichy en rollo 1,20 x 25 m. Pr\u00e1ctico, decorativo y f\u00e1cil de cortar, ideal para restaurantes y eventos.","robots":{"index":"index","follow":"follow","max-snippet":"max-snippet:-1","max-image-preview":"max-image-preview:large","max-video-preview":"max-video-preview:-1"},"canonical":"https:\/\/www.csj-emballages.com\/es\/produit\/mantel-damascado-de-papel-vichy-en-rollo-120-x-25-m\/","og_locale":"es_ES","og_type":"article","og_title":"Mantel damascado de papel vichy en rollo 1,20 x 25 m","og_description":"Mantel damascado de papel vichy en rollo 1,20 x 25 m. Pr\u00e1ctico, decorativo y f\u00e1cil de cortar, ideal para restaurantes y eventos.","og_url":"https:\/\/www.csj-emballages.com\/es\/produit\/mantel-damascado-de-papel-vichy-en-rollo-120-x-25-m\/","og_site_name":"CSJ Emballages","article_publisher":"https:\/\/www.facebook.com\/csjemballages","article_modified_time":"2026-05-04T12:01:06+00:00","og_image":[{"width":800,"height":800,"url":"https:\/\/www.csj-emballages.com\/wp-content\/uploads\/2025\/11\/Nappe-damassee-vichy.webp","type":"image\/webp"}],"twitter_card":"summary_large_image","twitter_misc":{"Tiempo de lectura":"1 minuto"},"schema":{"@context":"https:\/\/schema.org","@graph":[{"@type":"WebPage","@id":"https:\/\/www.csj-emballages.com\/es\/produit\/mantel-damascado-de-papel-vichy-en-rollo-120-x-25-m\/","url":"https:\/\/www.csj-emballages.com\/es\/produit\/mantel-damascado-de-papel-vichy-en-rollo-120-x-25-m\/","name":"Mantel damascado de papel vichy en rollo 1,20 x 25 m","isPartOf":{"@id":"https:\/\/www.csj-emballages.com\/es\/#website"},"primaryImageOfPage":{"@id":"https:\/\/www.csj-emballages.com\/es\/produit\/mantel-damascado-de-papel-vichy-en-rollo-120-x-25-m\/#primaryimage"},"image":{"@id":"https:\/\/www.csj-emballages.com\/es\/produit\/mantel-damascado-de-papel-vichy-en-rollo-120-x-25-m\/#primaryimage"},"thumbnailUrl":"https:\/\/www.csj-emballages.com\/wp-content\/uploads\/2025\/11\/Nappe-damassee-vichy.webp","datePublished":"2025-11-05T13:18:18+00:00","dateModified":"2026-05-04T12:01:06+00:00","description":"Mantel damascado de papel vichy en rollo 1,20 x 25 m. Pr\u00e1ctico, decorativo y f\u00e1cil de cortar, ideal para restaurantes y eventos.","breadcrumb":{"@id":"https:\/\/www.csj-emballages.com\/es\/produit\/mantel-damascado-de-papel-vichy-en-rollo-120-x-25-m\/#breadcrumb"},"inLanguage":"es","potentialAction":[{"@type":"ReadAction","target":["https:\/\/www.csj-emballages.com\/es\/produit\/mantel-damascado-de-papel-vichy-en-rollo-120-x-25-m\/"]}]},{"@type":"ImageObject","inLanguage":"es","@id":"https:\/\/www.csj-emballages.com\/es\/produit\/mantel-damascado-de-papel-vichy-en-rollo-120-x-25-m\/#primaryimage","url":"https:\/\/www.csj-emballages.com\/wp-content\/uploads\/2025\/11\/Nappe-damassee-vichy.webp","contentUrl":"https:\/\/www.csj-emballages.com\/wp-content\/uploads\/2025\/11\/Nappe-damassee-vichy.webp","width":800,"height":800,"caption":"Nappe damass\u00e9e vichy"},{"@type":"BreadcrumbList","@id":"https:\/\/www.csj-emballages.com\/es\/produit\/mantel-damascado-de-papel-vichy-en-rollo-120-x-25-m\/#breadcrumb","itemListElement":[{"@type":"ListItem","position":1,"name":"Accueil","item":"https:\/\/www.csj-emballages.com\/es\/universo-del-envasado-alimentario\/"},{"@type":"ListItem","position":2,"name":"Tienda","item":"https:\/\/www.csj-emballages.com\/tienda\/"},{"@type":"ListItem","position":3,"name":"Mantel damascado de papel vichy en rollo 1,20 x 25 m"}]},{"@type":"WebSite","@id":"https:\/\/www.csj-emballages.com\/es\/#website","url":"https:\/\/www.csj-emballages.com\/es\/","name":"CSJ Emballages","description":"","publisher":{"@id":"https:\/\/www.csj-emballages.com\/es\/#organization"},"potentialAction":[{"@type":"SearchAction","target":{"@type":"EntryPoint","urlTemplate":"https:\/\/www.csj-emballages.com\/es\/?s={search_term_string}"},"query-input":{"@type":"PropertyValueSpecification","valueRequired":true,"valueName":"search_term_string"}}],"inLanguage":"es"},{"@type":"Organization","@id":"https:\/\/www.csj-emballages.com\/es\/#Organization\/","name":"CSJ Emballages","url":"https:\/\/www.csj-emballages.com\/es\/","logo":{"@type":"ImageObject","inLanguage":"es","@id":"https:\/\/www.csj-emballages.com\/es\/#\/schema\/logo\/image\/","url":"https:\/\/www.csj-emballages.com\/wp-content\/uploads\/2023\/10\/logo_csj.webp","contentUrl":"https:\/\/www.csj-emballages.com\/wp-content\/uploads\/2023\/10\/logo_csj.webp","width":250,"height":95,"caption":"CSJ Emballages"},"image":{"@id":"https:\/\/www.csj-emballages.com\/es\/#\/schema\/logo\/image\/"},"sameAs":["https:\/\/www.facebook.com\/csjemballages"],"address":{"@type":"PostalAddress","streetAddress":"ZI La Lechere","addressLocality":"Patornay","postalCode":"39130","addressCountry":"FR"},"contactPoint":[{"@type":"ContactPoint","contactType":"Service client","telephone":"0384254272","email":"contact@csj-emballages.com"}]}]}},"df_price":14.38,"df_sale_price":"","df_regular_price":14.38,"df_image_link":"https:\/\/www.csj-emballages.com\/wp-content\/uploads\/2025\/11\/Nappe-damassee-vichy-300x300.webp","tiered_pricing_type":"fixed","tiered_pricing_fixed_rules":[],"tiered_pricing_percentage_rules":[],"tiered_pricing_minimum":1,"tiered_pricing_roles_data":[],"_links":{"self":[{"href":"https:\/\/www.csj-emballages.com\/es\/wp-json\/wp\/v2\/product\/261506","targetHints":{"allow":["GET"]}}],"collection":[{"href":"https:\/\/www.csj-emballages.com\/es\/wp-json\/wp\/v2\/product"}],"about":[{"href":"https:\/\/www.csj-emballages.com\/es\/wp-json\/wp\/v2\/types\/product"}],"wp:featuredmedia":[{"embeddable":true,"href":"https:\/\/www.csj-emballages.com\/es\/wp-json\/wp\/v2\/media\/261511"}],"wp:attachment":[{"href":"https:\/\/www.csj-emballages.com\/es\/wp-json\/wp\/v2\/media?parent=261506"}],"wp:term":[{"taxonomy":"product_brand","embeddable":true,"href":"https:\/\/www.csj-emballages.com\/es\/wp-json\/wp\/v2\/product_brand?post=261506"},{"taxonomy":"product_cat","embeddable":true,"href":"https:\/\/www.csj-emballages.com\/es\/wp-json\/wp\/v2\/product_cat?post=261506"},{"taxonomy":"product_tag","embeddable":true,"href":"https:\/\/www.csj-emballages.com\/es\/wp-json\/wp\/v2\/product_tag?post=261506"}],"curies":[{"name":"wp","href":"https:\/\/api.w.org\/{rel}","templated":true}]}}