{"id":260005,"date":"2025-12-15T15:18:23","date_gmt":"2025-12-15T14:18:23","guid":{"rendered":"https:\/\/www.csj-emballages.com\/produit\/vaso-de-tubo-de-plastico-de-30-cl-pack-de-10\/"},"modified":"2026-04-01T02:20:12","modified_gmt":"2026-04-01T00:20:12","slug":"vaso-de-tubo-de-plastico-de-30-cl-pack-de-10","status":"publish","type":"product","link":"https:\/\/www.csj-emballages.com\/es\/produit\/vaso-de-tubo-de-plastico-de-30-cl-pack-de-10\/","title":{"rendered":"Vaso de tubo de pl\u00e1stico de 30 cl, pack de 10"},"content":{"rendered":"<h2>Vaso de tubo<\/h2>\n<hr>\n<h3>Descubra nuestro vaso de tubo de pl\u00e1stico de 30 cl, pack de 10<\/h3>\n<p><!--more--><\/p>\n<p data-start=\"240\" data-end=\"613\">Cuando se necesita un <strong>vaso<\/strong> <strong>pr\u00e1ctico<\/strong>, vers\u00e1til y f\u00e1cil de usar, este <strong data-start=\"318\" data-end=\"354\">vaso de tubo de pl\u00e1stico de 30 cl<\/strong> cumple su funci\u00f3n a la perfecci\u00f3n. Su formato estilizado se adapta bien a la mano y es adecuado para todos los usos cotidianos: <strong>bebidas fr\u00edas<\/strong>, <strong>refrescos<\/strong>, <strong>zumos<\/strong>, <strong>c\u00f3cteles<\/strong> sencillos o incluso agua aromatizada. Se integra tanto en un entorno profesional como en un evento m\u00e1s relajado.  <\/p>\n<p data-start=\"615\" data-end=\"973\">Su <strong>aspecto transparente<\/strong> proporciona un resultado limpio y cuidado, similar al del <strong>vidrio<\/strong> cl\u00e1sico, sin los inconvenientes de la rotura. Se sirve, se coloca, se circula&#8230; sin estr\u00e9s. Esto es precisamente lo que lo hace ideal para bares, food trucks, recepciones, fiestas o eventos al aire libre. Gana en tranquilidad al tiempo que mantiene una presentaci\u00f3n impecable.   <\/p>\n<p data-start=\"975\" data-end=\"1279\">Con su capacidad de <strong>30 cl<\/strong>, este <strong>vaso de c\u00f3ctel<\/strong> permite dosificar f\u00e1cilmente las bebidas, evitando el desperdicio. Asimismo, su <strong>forma recta<\/strong> facilita el almacenamiento: los <strong>vasos<\/strong> se apilan f\u00e1cilmente y ocupan poco espacio. Una verdadera ventaja cuando se carece de espacio o se prepara un servicio r\u00e1pido.  <\/p>\n<p data-start=\"1281\" data-end=\"1552\">Vendido <strong data-start=\"1287\" data-end=\"1304\">en lotes de 10<\/strong>, este formato es perfecto para completar un stock, equipar una peque\u00f1a recepci\u00f3n o probar una nueva necesidad sin sobrecargar las reservas. Sencillo, eficaz y vers\u00e1til, este <strong>vaso de tubo<\/strong> se adapta a todas las situaciones sin complicar nunca la organizaci\u00f3n. <\/p>\n<p data-start=\"1554\" data-end=\"1652\">En resumen, es una soluci\u00f3n fiable para servir de forma r\u00e1pida, limpia y sin sorpresas.<\/p>\n<p data-start=\"1554\" data-end=\"1652\"><!--more--><\/p>\n<h4 data-start=\"1554\" data-end=\"1652\">Ventajas :<\/h4>\n<ul>\n<li data-start=\"1680\" data-end=\"1724\">Formato <strong>de tubo<\/strong> moderno y vers\u00e1til.<\/li>\n<li data-start=\"1727\" data-end=\"1770\">Pl\u00e1stico resistente, sin riesgo de rotura.<\/li>\n<li data-start=\"1773\" data-end=\"1801\">Capacidad ideal de <strong>30 cl<\/strong>.<\/li>\n<li data-start=\"1804\" data-end=\"1847\">Transparente para una presentaci\u00f3n cuidada.<\/li>\n<li data-start=\"1850\" data-end=\"1881\">Apilable y f\u00e1cil de almacenar.<\/li>\n<li data-start=\"1884\" data-end=\"1911\">Pr\u00e1ctico envase de <strong>10 unidades<\/strong>.<\/li>\n<\/ul>\n<p>&nbsp;<\/p>\n<p><!--more--><\/p>\n<h4>Informaci\u00f3n adicional :<\/h4>\n<ul>\n<li><strong>Envase<\/strong>: Paquete de 10<\/li>\n<li><strong>Di\u00e1metro<\/strong>: 61 mm<\/li>\n<li><strong>Altura<\/strong>: 140 mm<\/li>\n<li><strong>Volumen<\/strong>: 30 cl<\/li>\n<li><strong>Color<\/strong>: Incoloro<\/li>\n<li><strong>Material<\/strong>: PS (Poliestireno)<\/li>\n<\/ul>\n<p>&nbsp;<\/p>\n<p><!--more--><\/p>\n<p>Este vaso de tubo tambi\u00e9n est\u00e1 disponible en 20 cl: <span style=\"color: #d12727;\"><a style=\"color: #d12727;\" href=\"https:\/\/www.csj-emballages.com\/es\/produit\/vaso-de-tubo-de-plastico-de-20-cl-paquete-de-10\/\">VL20<\/a><\/span><\/p>\n<p>&nbsp;<\/p>\n<p><!--more--><\/p>\n<p><a href=\"https:\/\/www.csj-emballages.com\/es\/categorie-produit\/envasado-de-alimentos\/platos-reutilizables\/\">Ver el resto de nuestra gama de platos reutilizables<\/a><\/p>\n","protected":false},"excerpt":{"rendered":"<p>Vaso de tubo Descubra nuestro vaso de tubo de pl\u00e1stico de 30 cl, pack de 10<\/p>\n","protected":false},"featured_media":259998,"template":"","meta":{"_acf_changed":false},"product_brand":[],"product_cat":[1150,6718],"product_tag":[],"class_list":{"0":"post-260005","1":"product","2":"type-product","3":"status-publish","4":"has-post-thumbnail","6":"product_cat-envasado-de-alimentos","7":"product_cat-platos-reutilizables","9":"first","10":"instock","11":"featured","12":"taxable","13":"shipping-taxable","14":"purchasable","15":"product-type-simple"},"acf":[],"yoast_head":"<!-- This site is optimized with the Yoast SEO Premium plugin v26.6 (Yoast SEO v26.6) - https:\/\/yoast.com\/wordpress\/plugins\/seo\/ -->\n<title>Vaso de tubo de pl\u00e1stico de 30 cl, pack de 10<\/title>\n<meta name=\"description\" content=\"Vaso de tubo de pl\u00e1stico de 30 cl, se vende en packs de 10. Transparente, resistente y pr\u00e1ctico, ideal para bebidas fr\u00edas, eventos y servicio r\u00e1pido.\" \/>\n<meta name=\"robots\" content=\"index, follow, max-snippet:-1, max-image-preview:large, max-video-preview:-1\" \/>\n<link rel=\"canonical\" href=\"https:\/\/www.csj-emballages.com\/es\/produit\/vaso-de-tubo-de-plastico-de-30-cl-pack-de-10\/\" \/>\n<meta property=\"og:locale\" content=\"es_ES\" \/>\n<meta property=\"og:type\" content=\"article\" \/>\n<meta property=\"og:title\" content=\"Vaso de tubo de pl\u00e1stico de 30 cl, pack de 10\" \/>\n<meta property=\"og:description\" content=\"Vaso de tubo de pl\u00e1stico de 30 cl, se vende en packs de 10. Transparente, resistente y pr\u00e1ctico, ideal para bebidas fr\u00edas, eventos y servicio r\u00e1pido.\" \/>\n<meta property=\"og:url\" content=\"https:\/\/www.csj-emballages.com\/es\/produit\/vaso-de-tubo-de-plastico-de-30-cl-pack-de-10\/\" \/>\n<meta property=\"og:site_name\" content=\"CSJ Emballages\" \/>\n<meta property=\"article:publisher\" content=\"https:\/\/www.facebook.com\/csjemballages\" \/>\n<meta property=\"article:modified_time\" content=\"2026-04-01T00:20:12+00:00\" \/>\n<meta property=\"og:image\" content=\"https:\/\/www.csj-emballages.com\/wp-content\/uploads\/2025\/12\/VL30.webp\" \/>\n\t<meta property=\"og:image:width\" content=\"800\" \/>\n\t<meta property=\"og:image:height\" content=\"800\" \/>\n\t<meta property=\"og:image:type\" content=\"image\/webp\" \/>\n<meta name=\"twitter:card\" content=\"summary_large_image\" \/>\n<meta name=\"twitter:label1\" content=\"Tiempo de lectura\" \/>\n\t<meta name=\"twitter:data1\" content=\"2 minutos\" \/>\n<script type=\"application\/ld+json\" class=\"yoast-schema-graph\">{\"@context\":\"https:\/\/schema.org\",\"@graph\":[{\"@type\":\"WebPage\",\"@id\":\"https:\/\/www.csj-emballages.com\/es\/produit\/vaso-de-tubo-de-plastico-de-30-cl-pack-de-10\/\",\"url\":\"https:\/\/www.csj-emballages.com\/es\/produit\/vaso-de-tubo-de-plastico-de-30-cl-pack-de-10\/\",\"name\":\"Vaso de tubo de pl\u00e1stico de 30 cl, pack de 10\",\"isPartOf\":{\"@id\":\"https:\/\/www.csj-emballages.com\/es\/#website\"},\"primaryImageOfPage\":{\"@id\":\"https:\/\/www.csj-emballages.com\/es\/produit\/vaso-de-tubo-de-plastico-de-30-cl-pack-de-10\/#primaryimage\"},\"image\":{\"@id\":\"https:\/\/www.csj-emballages.com\/es\/produit\/vaso-de-tubo-de-plastico-de-30-cl-pack-de-10\/#primaryimage\"},\"thumbnailUrl\":\"https:\/\/www.csj-emballages.com\/wp-content\/uploads\/2025\/12\/VL30.webp\",\"datePublished\":\"2025-12-15T14:18:23+00:00\",\"dateModified\":\"2026-04-01T00:20:12+00:00\",\"description\":\"Vaso de tubo de pl\u00e1stico de 30 cl, se vende en packs de 10. Transparente, resistente y pr\u00e1ctico, ideal para bebidas fr\u00edas, eventos y servicio r\u00e1pido.\",\"breadcrumb\":{\"@id\":\"https:\/\/www.csj-emballages.com\/es\/produit\/vaso-de-tubo-de-plastico-de-30-cl-pack-de-10\/#breadcrumb\"},\"inLanguage\":\"es\",\"potentialAction\":[{\"@type\":\"ReadAction\",\"target\":[\"https:\/\/www.csj-emballages.com\/es\/produit\/vaso-de-tubo-de-plastico-de-30-cl-pack-de-10\/\"]}]},{\"@type\":\"ImageObject\",\"inLanguage\":\"es\",\"@id\":\"https:\/\/www.csj-emballages.com\/es\/produit\/vaso-de-tubo-de-plastico-de-30-cl-pack-de-10\/#primaryimage\",\"url\":\"https:\/\/www.csj-emballages.com\/wp-content\/uploads\/2025\/12\/VL30.webp\",\"contentUrl\":\"https:\/\/www.csj-emballages.com\/wp-content\/uploads\/2025\/12\/VL30.webp\",\"width\":800,\"height\":800,\"caption\":\"Verre long drink\"},{\"@type\":\"BreadcrumbList\",\"@id\":\"https:\/\/www.csj-emballages.com\/es\/produit\/vaso-de-tubo-de-plastico-de-30-cl-pack-de-10\/#breadcrumb\",\"itemListElement\":[{\"@type\":\"ListItem\",\"position\":1,\"name\":\"Accueil\",\"item\":\"https:\/\/www.csj-emballages.com\/es\/universo-del-envasado-alimentario\/\"},{\"@type\":\"ListItem\",\"position\":2,\"name\":\"Tienda\",\"item\":\"https:\/\/www.csj-emballages.com\/tienda\/\"},{\"@type\":\"ListItem\",\"position\":3,\"name\":\"Vaso de tubo de pl\u00e1stico de 30 cl, pack de 10\"}]},{\"@type\":\"WebSite\",\"@id\":\"https:\/\/www.csj-emballages.com\/es\/#website\",\"url\":\"https:\/\/www.csj-emballages.com\/es\/\",\"name\":\"CSJ Emballages\",\"description\":\"\",\"publisher\":{\"@id\":\"https:\/\/www.csj-emballages.com\/es\/#organization\"},\"potentialAction\":[{\"@type\":\"SearchAction\",\"target\":{\"@type\":\"EntryPoint\",\"urlTemplate\":\"https:\/\/www.csj-emballages.com\/es\/?s={search_term_string}\"},\"query-input\":{\"@type\":\"PropertyValueSpecification\",\"valueRequired\":true,\"valueName\":\"search_term_string\"}}],\"inLanguage\":\"es\"},{\"@type\":\"Organization\",\"@id\":\"https:\/\/www.csj-emballages.com\/es\/#Organization\/\",\"name\":\"CSJ Emballages\",\"url\":\"https:\/\/www.csj-emballages.com\/es\/\",\"logo\":{\"@type\":\"ImageObject\",\"inLanguage\":\"es\",\"@id\":\"https:\/\/www.csj-emballages.com\/es\/#\/schema\/logo\/image\/\",\"url\":\"https:\/\/www.csj-emballages.com\/wp-content\/uploads\/2023\/10\/logo_csj.webp\",\"contentUrl\":\"https:\/\/www.csj-emballages.com\/wp-content\/uploads\/2023\/10\/logo_csj.webp\",\"width\":250,\"height\":95,\"caption\":\"CSJ Emballages\"},\"image\":{\"@id\":\"https:\/\/www.csj-emballages.com\/es\/#\/schema\/logo\/image\/\"},\"sameAs\":[\"https:\/\/www.facebook.com\/csjemballages\"],\"address\":{\"@type\":\"PostalAddress\",\"streetAddress\":\"ZI La Lechere\",\"addressLocality\":\"Patornay\",\"postalCode\":\"39130\",\"addressCountry\":\"FR\"},\"contactPoint\":[{\"@type\":\"ContactPoint\",\"contactType\":\"Service client\",\"telephone\":\"0384254272\",\"email\":\"contact@csj-emballages.com\"}]}]}<\/script>\n<!-- \/ Yoast SEO Premium plugin. -->","yoast_head_json":{"title":"Vaso de tubo de pl\u00e1stico de 30 cl, pack de 10","description":"Vaso de tubo de pl\u00e1stico de 30 cl, se vende en packs de 10. Transparente, resistente y pr\u00e1ctico, ideal para bebidas fr\u00edas, eventos y servicio r\u00e1pido.","robots":{"index":"index","follow":"follow","max-snippet":"max-snippet:-1","max-image-preview":"max-image-preview:large","max-video-preview":"max-video-preview:-1"},"canonical":"https:\/\/www.csj-emballages.com\/es\/produit\/vaso-de-tubo-de-plastico-de-30-cl-pack-de-10\/","og_locale":"es_ES","og_type":"article","og_title":"Vaso de tubo de pl\u00e1stico de 30 cl, pack de 10","og_description":"Vaso de tubo de pl\u00e1stico de 30 cl, se vende en packs de 10. Transparente, resistente y pr\u00e1ctico, ideal para bebidas fr\u00edas, eventos y servicio r\u00e1pido.","og_url":"https:\/\/www.csj-emballages.com\/es\/produit\/vaso-de-tubo-de-plastico-de-30-cl-pack-de-10\/","og_site_name":"CSJ Emballages","article_publisher":"https:\/\/www.facebook.com\/csjemballages","article_modified_time":"2026-04-01T00:20:12+00:00","og_image":[{"width":800,"height":800,"url":"https:\/\/www.csj-emballages.com\/wp-content\/uploads\/2025\/12\/VL30.webp","type":"image\/webp"}],"twitter_card":"summary_large_image","twitter_misc":{"Tiempo de lectura":"2 minutos"},"schema":{"@context":"https:\/\/schema.org","@graph":[{"@type":"WebPage","@id":"https:\/\/www.csj-emballages.com\/es\/produit\/vaso-de-tubo-de-plastico-de-30-cl-pack-de-10\/","url":"https:\/\/www.csj-emballages.com\/es\/produit\/vaso-de-tubo-de-plastico-de-30-cl-pack-de-10\/","name":"Vaso de tubo de pl\u00e1stico de 30 cl, pack de 10","isPartOf":{"@id":"https:\/\/www.csj-emballages.com\/es\/#website"},"primaryImageOfPage":{"@id":"https:\/\/www.csj-emballages.com\/es\/produit\/vaso-de-tubo-de-plastico-de-30-cl-pack-de-10\/#primaryimage"},"image":{"@id":"https:\/\/www.csj-emballages.com\/es\/produit\/vaso-de-tubo-de-plastico-de-30-cl-pack-de-10\/#primaryimage"},"thumbnailUrl":"https:\/\/www.csj-emballages.com\/wp-content\/uploads\/2025\/12\/VL30.webp","datePublished":"2025-12-15T14:18:23+00:00","dateModified":"2026-04-01T00:20:12+00:00","description":"Vaso de tubo de pl\u00e1stico de 30 cl, se vende en packs de 10. Transparente, resistente y pr\u00e1ctico, ideal para bebidas fr\u00edas, eventos y servicio r\u00e1pido.","breadcrumb":{"@id":"https:\/\/www.csj-emballages.com\/es\/produit\/vaso-de-tubo-de-plastico-de-30-cl-pack-de-10\/#breadcrumb"},"inLanguage":"es","potentialAction":[{"@type":"ReadAction","target":["https:\/\/www.csj-emballages.com\/es\/produit\/vaso-de-tubo-de-plastico-de-30-cl-pack-de-10\/"]}]},{"@type":"ImageObject","inLanguage":"es","@id":"https:\/\/www.csj-emballages.com\/es\/produit\/vaso-de-tubo-de-plastico-de-30-cl-pack-de-10\/#primaryimage","url":"https:\/\/www.csj-emballages.com\/wp-content\/uploads\/2025\/12\/VL30.webp","contentUrl":"https:\/\/www.csj-emballages.com\/wp-content\/uploads\/2025\/12\/VL30.webp","width":800,"height":800,"caption":"Verre long drink"},{"@type":"BreadcrumbList","@id":"https:\/\/www.csj-emballages.com\/es\/produit\/vaso-de-tubo-de-plastico-de-30-cl-pack-de-10\/#breadcrumb","itemListElement":[{"@type":"ListItem","position":1,"name":"Accueil","item":"https:\/\/www.csj-emballages.com\/es\/universo-del-envasado-alimentario\/"},{"@type":"ListItem","position":2,"name":"Tienda","item":"https:\/\/www.csj-emballages.com\/tienda\/"},{"@type":"ListItem","position":3,"name":"Vaso de tubo de pl\u00e1stico de 30 cl, pack de 10"}]},{"@type":"WebSite","@id":"https:\/\/www.csj-emballages.com\/es\/#website","url":"https:\/\/www.csj-emballages.com\/es\/","name":"CSJ Emballages","description":"","publisher":{"@id":"https:\/\/www.csj-emballages.com\/es\/#organization"},"potentialAction":[{"@type":"SearchAction","target":{"@type":"EntryPoint","urlTemplate":"https:\/\/www.csj-emballages.com\/es\/?s={search_term_string}"},"query-input":{"@type":"PropertyValueSpecification","valueRequired":true,"valueName":"search_term_string"}}],"inLanguage":"es"},{"@type":"Organization","@id":"https:\/\/www.csj-emballages.com\/es\/#Organization\/","name":"CSJ Emballages","url":"https:\/\/www.csj-emballages.com\/es\/","logo":{"@type":"ImageObject","inLanguage":"es","@id":"https:\/\/www.csj-emballages.com\/es\/#\/schema\/logo\/image\/","url":"https:\/\/www.csj-emballages.com\/wp-content\/uploads\/2023\/10\/logo_csj.webp","contentUrl":"https:\/\/www.csj-emballages.com\/wp-content\/uploads\/2023\/10\/logo_csj.webp","width":250,"height":95,"caption":"CSJ Emballages"},"image":{"@id":"https:\/\/www.csj-emballages.com\/es\/#\/schema\/logo\/image\/"},"sameAs":["https:\/\/www.facebook.com\/csjemballages"],"address":{"@type":"PostalAddress","streetAddress":"ZI La Lechere","addressLocality":"Patornay","postalCode":"39130","addressCountry":"FR"},"contactPoint":[{"@type":"ContactPoint","contactType":"Service client","telephone":"0384254272","email":"contact@csj-emballages.com"}]}]}},"df_price":2.12,"df_sale_price":"","df_regular_price":2.12,"df_image_link":"https:\/\/www.csj-emballages.com\/wp-content\/uploads\/2025\/12\/VL30-300x300.webp","tiered_pricing_type":"fixed","tiered_pricing_fixed_rules":[],"tiered_pricing_percentage_rules":[],"tiered_pricing_minimum":1,"tiered_pricing_roles_data":[],"_links":{"self":[{"href":"https:\/\/www.csj-emballages.com\/es\/wp-json\/wp\/v2\/product\/260005","targetHints":{"allow":["GET"]}}],"collection":[{"href":"https:\/\/www.csj-emballages.com\/es\/wp-json\/wp\/v2\/product"}],"about":[{"href":"https:\/\/www.csj-emballages.com\/es\/wp-json\/wp\/v2\/types\/product"}],"wp:featuredmedia":[{"embeddable":true,"href":"https:\/\/www.csj-emballages.com\/es\/wp-json\/wp\/v2\/media\/259998"}],"wp:attachment":[{"href":"https:\/\/www.csj-emballages.com\/es\/wp-json\/wp\/v2\/media?parent=260005"}],"wp:term":[{"taxonomy":"product_brand","embeddable":true,"href":"https:\/\/www.csj-emballages.com\/es\/wp-json\/wp\/v2\/product_brand?post=260005"},{"taxonomy":"product_cat","embeddable":true,"href":"https:\/\/www.csj-emballages.com\/es\/wp-json\/wp\/v2\/product_cat?post=260005"},{"taxonomy":"product_tag","embeddable":true,"href":"https:\/\/www.csj-emballages.com\/es\/wp-json\/wp\/v2\/product_tag?post=260005"}],"curies":[{"name":"wp","href":"https:\/\/api.w.org\/{rel}","templated":true}]}}