{"id":259589,"date":"2025-12-04T16:18:22","date_gmt":"2025-12-04T15:18:22","guid":{"rendered":"https:\/\/www.csj-emballages.com\/produit\/gorro-blanco-con-visera-de-tela-no-tejida-por-100-unidades\/"},"modified":"2026-03-12T16:19:59","modified_gmt":"2026-03-12T15:19:59","slug":"gorro-blanco-con-visera-de-tela-no-tejida-por-100-unidades","status":"publish","type":"product","link":"https:\/\/www.csj-emballages.com\/es\/produit\/gorro-blanco-con-visera-de-tela-no-tejida-por-100-unidades\/","title":{"rendered":"Gorro blanco con visera de tela no tejida, por 100 unidades"},"content":{"rendered":"<h2>Gorro blanco con visera<\/h2>\n<hr>\n<h3>Descubra nuestro gorro blanco con visera de tela no tejida, por 100 unidades<\/h3>\n<p><!--more--><\/p>\n<p data-start=\"238\" data-end=\"600\">Simple, discreto y eficaz, este <strong data-start=\"274\" data-end=\"305\">gorro blanco con visera<\/strong> responde perfectamente a las exigencias de higiene del d\u00eda a d\u00eda. Cubre \u00edntegramente el cabello, a la vez que a\u00f1ade una visera frontal que aporta un plus en materia de protecci\u00f3n. Resultado: menos proyecciones, menos contactos involuntarios y un entorno de trabajo m\u00e1s limpio.  <\/p>\n<p data-start=\"602\" data-end=\"947\">Fabricado en <strong data-start=\"615\" data-end=\"634\">tela no tejida ligera<\/strong>, se puede llevar f\u00e1cilmente durante varias horas sin molestias. El material deja respirar el cuero cabelludo, lo que evita la incomodidad, incluso en caso de gran actividad. Asimismo, su el\u00e1stico flexible se adapta a todas las morfolog\u00edas sin apretar, lo que permite pon\u00e9rselo r\u00e1pidamente y olvidarse de \u00e9l casi de inmediato.  <\/p>\n<p data-start=\"1285\" data-end=\"1627\">Gracias a su <strong>color blanco<\/strong>, este <strong>gorro con visera<\/strong> transmite una imagen n\u00edtida y profesional. Se integra f\u00e1cilmente en todos los c\u00f3digos de higiene y permite identificar r\u00e1pidamente al personal equipado. Vendido <strong data-start=\"1488\" data-end=\"1506\">en lote de 100 unidades<\/strong>, es perfecto para estructuras que necesitan un uso regular sin necesidad de reabastecimiento demasiado frecuente.  <\/p>\n<p data-start=\"1629\" data-end=\"1900\">En resumen, este <strong>gorro con visera blanca<\/strong> es un equipo sencillo pero esencial, pensado para facilitar el trabajo respetando unos est\u00e1ndares de higiene elevados. Pr\u00e1ctico, c\u00f3modo y r\u00e1pido de usar, cumple todos los requisitos para un uso profesional diario. <\/p>\n<p data-start=\"1529\" data-end=\"1716\"><!--more--><\/p>\n<h4 data-start=\"1529\" data-end=\"1716\">Ventajas :<\/h4>\n<ul>\n<li data-start=\"141\" data-end=\"200\">Cubre totalmente el cabello para una higiene \u00f3ptima.<\/li>\n<li data-start=\"274\" data-end=\"316\">Material <strong>no tejido<\/strong> ligero y transpirable.<\/li>\n<li data-start=\"319\" data-end=\"382\"><strong>El\u00e1stico flexible<\/strong> que se adapta a todas las cabezas sin apretar.<\/li>\n<li data-start=\"385\" data-end=\"421\">C\u00f3modo para un uso prolongado.<\/li>\n<li data-start=\"482\" data-end=\"539\">Color blanco para una imagen limpia y profesional.<\/li>\n<li data-start=\"542\" data-end=\"586\"><strong>Lote de 100 unidades<\/strong>, pr\u00e1ctico para un uso regular.<\/li>\n<\/ul>\n<p>&nbsp;<\/p>\n<p><!--more--><\/p>\n<h4>Informaci\u00f3n adicional :<\/h4>\n<ul>\n<li><strong>Embalaje<\/strong>: Paquete de 100<\/li>\n<li><strong>Dimensiones<\/strong>: Talla \u00fanica<\/li>\n<li><strong>Color<\/strong>: blanco<\/li>\n<li><strong>Grosor<\/strong>: Gorro: 12 gr\/m\u00b2 &#8211; Visera: 60 gr\/m\u00b2<\/li>\n<\/ul>\n<p>&nbsp;<\/p>\n<p><!--more--><\/p>\n<p>Este gorro tambi\u00e9n est\u00e1 disponible sin visera: <span style=\"color: #d12727;\"><a style=\"color: #d12727;\" href=\"https:\/\/www.csj-emballages.com\/es\/produit\/100-charlottes-negros-tipo-acordeon-48-cm-o-no-tejidos\/\">Negro<\/a><\/span> \/ <span style=\"color: #d12727;\"><a style=\"color: #d12727;\" href=\"https:\/\/www.csj-emballages.com\/es\/produit\/100-charlottes-blancos-tipo-acordeon-48-cm-o-no-tejidos\/\">Blanco<\/a><\/span><\/p>\n<p>&nbsp;<\/p>\n<p><!--more--><\/p>\n<p><a href=\"https:\/\/www.csj-emballages.com\/es\/categorie-produit\/higiene-y-mantenimiento\/equipamiento-individual\/charlottes-es\/\">Consulte el resto de nuestra gama de gorros<\/a><\/p>\n","protected":false},"excerpt":{"rendered":"<p>Gorro blanco con visera Descubra nuestro gorro blanco con visera de tela no tejida, por 100 unidades<\/p>\n","protected":false},"featured_media":259578,"template":"","meta":{"_acf_changed":false},"product_brand":[],"product_cat":[1226,2325,3846],"product_tag":[],"class_list":{"0":"post-259589","1":"product","2":"type-product","3":"status-publish","4":"has-post-thumbnail","6":"product_cat-higiene-y-mantenimiento","7":"product_cat-equipamiento-individual","8":"product_cat-charlottes-es","10":"first","11":"instock","12":"taxable","13":"shipping-taxable","14":"purchasable","15":"product-type-simple"},"acf":[],"yoast_head":"<!-- This site is optimized with the Yoast SEO Premium plugin v26.6 (Yoast SEO v26.6) - https:\/\/yoast.com\/wordpress\/plugins\/seo\/ -->\n<title>Gorro blanco con visera de tela no tejida, por 100 unidades<\/title>\n<meta name=\"description\" content=\"Gorro blanco con visera de tela no tejida, vendido por 100 unidades. Ligero, c\u00f3modo e ideal para garantizar la higiene en restauraci\u00f3n y la industria agroalimentaria.\" \/>\n<meta name=\"robots\" content=\"index, follow, max-snippet:-1, max-image-preview:large, max-video-preview:-1\" \/>\n<link rel=\"canonical\" href=\"https:\/\/www.csj-emballages.com\/es\/produit\/gorro-blanco-con-visera-de-tela-no-tejida-por-100-unidades\/\" \/>\n<meta property=\"og:locale\" content=\"es_ES\" \/>\n<meta property=\"og:type\" content=\"article\" \/>\n<meta property=\"og:title\" content=\"Gorro blanco con visera de tela no tejida, por 100 unidades\" \/>\n<meta property=\"og:description\" content=\"Gorro blanco con visera de tela no tejida, vendido por 100 unidades. Ligero, c\u00f3modo e ideal para garantizar la higiene en restauraci\u00f3n y la industria agroalimentaria.\" \/>\n<meta property=\"og:url\" content=\"https:\/\/www.csj-emballages.com\/es\/produit\/gorro-blanco-con-visera-de-tela-no-tejida-por-100-unidades\/\" \/>\n<meta property=\"og:site_name\" content=\"CSJ Emballages\" \/>\n<meta property=\"article:publisher\" content=\"https:\/\/www.facebook.com\/csjemballages\" \/>\n<meta property=\"article:modified_time\" content=\"2026-03-12T15:19:59+00:00\" \/>\n<meta property=\"og:image\" content=\"https:\/\/www.csj-emballages.com\/wp-content\/uploads\/2025\/12\/CHARLVIS.webp\" \/>\n\t<meta property=\"og:image:width\" content=\"800\" \/>\n\t<meta property=\"og:image:height\" content=\"800\" \/>\n\t<meta property=\"og:image:type\" content=\"image\/webp\" \/>\n<meta name=\"twitter:card\" content=\"summary_large_image\" \/>\n<meta name=\"twitter:label1\" content=\"Tiempo de lectura\" \/>\n\t<meta name=\"twitter:data1\" content=\"2 minutos\" \/>\n<script type=\"application\/ld+json\" class=\"yoast-schema-graph\">{\"@context\":\"https:\/\/schema.org\",\"@graph\":[{\"@type\":\"WebPage\",\"@id\":\"https:\/\/www.csj-emballages.com\/es\/produit\/gorro-blanco-con-visera-de-tela-no-tejida-por-100-unidades\/\",\"url\":\"https:\/\/www.csj-emballages.com\/es\/produit\/gorro-blanco-con-visera-de-tela-no-tejida-por-100-unidades\/\",\"name\":\"Gorro blanco con visera de tela no tejida, por 100 unidades\",\"isPartOf\":{\"@id\":\"https:\/\/www.csj-emballages.com\/es\/#website\"},\"primaryImageOfPage\":{\"@id\":\"https:\/\/www.csj-emballages.com\/es\/produit\/gorro-blanco-con-visera-de-tela-no-tejida-por-100-unidades\/#primaryimage\"},\"image\":{\"@id\":\"https:\/\/www.csj-emballages.com\/es\/produit\/gorro-blanco-con-visera-de-tela-no-tejida-por-100-unidades\/#primaryimage\"},\"thumbnailUrl\":\"https:\/\/www.csj-emballages.com\/wp-content\/uploads\/2025\/12\/CHARLVIS.webp\",\"datePublished\":\"2025-12-04T15:18:22+00:00\",\"dateModified\":\"2026-03-12T15:19:59+00:00\",\"description\":\"Gorro blanco con visera de tela no tejida, vendido por 100 unidades. Ligero, c\u00f3modo e ideal para garantizar la higiene en restauraci\u00f3n y la industria agroalimentaria.\",\"breadcrumb\":{\"@id\":\"https:\/\/www.csj-emballages.com\/es\/produit\/gorro-blanco-con-visera-de-tela-no-tejida-por-100-unidades\/#breadcrumb\"},\"inLanguage\":\"es\",\"potentialAction\":[{\"@type\":\"ReadAction\",\"target\":[\"https:\/\/www.csj-emballages.com\/es\/produit\/gorro-blanco-con-visera-de-tela-no-tejida-por-100-unidades\/\"]}]},{\"@type\":\"ImageObject\",\"inLanguage\":\"es\",\"@id\":\"https:\/\/www.csj-emballages.com\/es\/produit\/gorro-blanco-con-visera-de-tela-no-tejida-por-100-unidades\/#primaryimage\",\"url\":\"https:\/\/www.csj-emballages.com\/wp-content\/uploads\/2025\/12\/CHARLVIS.webp\",\"contentUrl\":\"https:\/\/www.csj-emballages.com\/wp-content\/uploads\/2025\/12\/CHARLVIS.webp\",\"width\":800,\"height\":800,\"caption\":\"Charlotte blanche \u00e0 visi\u00e8re\"},{\"@type\":\"BreadcrumbList\",\"@id\":\"https:\/\/www.csj-emballages.com\/es\/produit\/gorro-blanco-con-visera-de-tela-no-tejida-por-100-unidades\/#breadcrumb\",\"itemListElement\":[{\"@type\":\"ListItem\",\"position\":1,\"name\":\"Accueil\",\"item\":\"https:\/\/www.csj-emballages.com\/es\/universo-del-envasado-alimentario\/\"},{\"@type\":\"ListItem\",\"position\":2,\"name\":\"Tienda\",\"item\":\"https:\/\/www.csj-emballages.com\/tienda\/\"},{\"@type\":\"ListItem\",\"position\":3,\"name\":\"Gorro blanco con visera de tela no tejida, por 100 unidades\"}]},{\"@type\":\"WebSite\",\"@id\":\"https:\/\/www.csj-emballages.com\/es\/#website\",\"url\":\"https:\/\/www.csj-emballages.com\/es\/\",\"name\":\"CSJ Emballages\",\"description\":\"\",\"publisher\":{\"@id\":\"https:\/\/www.csj-emballages.com\/es\/#organization\"},\"potentialAction\":[{\"@type\":\"SearchAction\",\"target\":{\"@type\":\"EntryPoint\",\"urlTemplate\":\"https:\/\/www.csj-emballages.com\/es\/?s={search_term_string}\"},\"query-input\":{\"@type\":\"PropertyValueSpecification\",\"valueRequired\":true,\"valueName\":\"search_term_string\"}}],\"inLanguage\":\"es\"},{\"@type\":\"Organization\",\"@id\":\"https:\/\/www.csj-emballages.com\/es\/#Organization\/\",\"name\":\"CSJ Emballages\",\"url\":\"https:\/\/www.csj-emballages.com\/es\/\",\"logo\":{\"@type\":\"ImageObject\",\"inLanguage\":\"es\",\"@id\":\"https:\/\/www.csj-emballages.com\/es\/#\/schema\/logo\/image\/\",\"url\":\"https:\/\/www.csj-emballages.com\/wp-content\/uploads\/2023\/10\/logo_csj.webp\",\"contentUrl\":\"https:\/\/www.csj-emballages.com\/wp-content\/uploads\/2023\/10\/logo_csj.webp\",\"width\":250,\"height\":95,\"caption\":\"CSJ Emballages\"},\"image\":{\"@id\":\"https:\/\/www.csj-emballages.com\/es\/#\/schema\/logo\/image\/\"},\"sameAs\":[\"https:\/\/www.facebook.com\/csjemballages\"],\"address\":{\"@type\":\"PostalAddress\",\"streetAddress\":\"ZI La Lechere\",\"addressLocality\":\"Patornay\",\"postalCode\":\"39130\",\"addressCountry\":\"FR\"},\"contactPoint\":[{\"@type\":\"ContactPoint\",\"contactType\":\"Service client\",\"telephone\":\"0384254272\",\"email\":\"contact@csj-emballages.com\"}]}]}<\/script>\n<!-- \/ Yoast SEO Premium plugin. -->","yoast_head_json":{"title":"Gorro blanco con visera de tela no tejida, por 100 unidades","description":"Gorro blanco con visera de tela no tejida, vendido por 100 unidades. Ligero, c\u00f3modo e ideal para garantizar la higiene en restauraci\u00f3n y la industria agroalimentaria.","robots":{"index":"index","follow":"follow","max-snippet":"max-snippet:-1","max-image-preview":"max-image-preview:large","max-video-preview":"max-video-preview:-1"},"canonical":"https:\/\/www.csj-emballages.com\/es\/produit\/gorro-blanco-con-visera-de-tela-no-tejida-por-100-unidades\/","og_locale":"es_ES","og_type":"article","og_title":"Gorro blanco con visera de tela no tejida, por 100 unidades","og_description":"Gorro blanco con visera de tela no tejida, vendido por 100 unidades. Ligero, c\u00f3modo e ideal para garantizar la higiene en restauraci\u00f3n y la industria agroalimentaria.","og_url":"https:\/\/www.csj-emballages.com\/es\/produit\/gorro-blanco-con-visera-de-tela-no-tejida-por-100-unidades\/","og_site_name":"CSJ Emballages","article_publisher":"https:\/\/www.facebook.com\/csjemballages","article_modified_time":"2026-03-12T15:19:59+00:00","og_image":[{"width":800,"height":800,"url":"https:\/\/www.csj-emballages.com\/wp-content\/uploads\/2025\/12\/CHARLVIS.webp","type":"image\/webp"}],"twitter_card":"summary_large_image","twitter_misc":{"Tiempo de lectura":"2 minutos"},"schema":{"@context":"https:\/\/schema.org","@graph":[{"@type":"WebPage","@id":"https:\/\/www.csj-emballages.com\/es\/produit\/gorro-blanco-con-visera-de-tela-no-tejida-por-100-unidades\/","url":"https:\/\/www.csj-emballages.com\/es\/produit\/gorro-blanco-con-visera-de-tela-no-tejida-por-100-unidades\/","name":"Gorro blanco con visera de tela no tejida, por 100 unidades","isPartOf":{"@id":"https:\/\/www.csj-emballages.com\/es\/#website"},"primaryImageOfPage":{"@id":"https:\/\/www.csj-emballages.com\/es\/produit\/gorro-blanco-con-visera-de-tela-no-tejida-por-100-unidades\/#primaryimage"},"image":{"@id":"https:\/\/www.csj-emballages.com\/es\/produit\/gorro-blanco-con-visera-de-tela-no-tejida-por-100-unidades\/#primaryimage"},"thumbnailUrl":"https:\/\/www.csj-emballages.com\/wp-content\/uploads\/2025\/12\/CHARLVIS.webp","datePublished":"2025-12-04T15:18:22+00:00","dateModified":"2026-03-12T15:19:59+00:00","description":"Gorro blanco con visera de tela no tejida, vendido por 100 unidades. Ligero, c\u00f3modo e ideal para garantizar la higiene en restauraci\u00f3n y la industria agroalimentaria.","breadcrumb":{"@id":"https:\/\/www.csj-emballages.com\/es\/produit\/gorro-blanco-con-visera-de-tela-no-tejida-por-100-unidades\/#breadcrumb"},"inLanguage":"es","potentialAction":[{"@type":"ReadAction","target":["https:\/\/www.csj-emballages.com\/es\/produit\/gorro-blanco-con-visera-de-tela-no-tejida-por-100-unidades\/"]}]},{"@type":"ImageObject","inLanguage":"es","@id":"https:\/\/www.csj-emballages.com\/es\/produit\/gorro-blanco-con-visera-de-tela-no-tejida-por-100-unidades\/#primaryimage","url":"https:\/\/www.csj-emballages.com\/wp-content\/uploads\/2025\/12\/CHARLVIS.webp","contentUrl":"https:\/\/www.csj-emballages.com\/wp-content\/uploads\/2025\/12\/CHARLVIS.webp","width":800,"height":800,"caption":"Charlotte blanche \u00e0 visi\u00e8re"},{"@type":"BreadcrumbList","@id":"https:\/\/www.csj-emballages.com\/es\/produit\/gorro-blanco-con-visera-de-tela-no-tejida-por-100-unidades\/#breadcrumb","itemListElement":[{"@type":"ListItem","position":1,"name":"Accueil","item":"https:\/\/www.csj-emballages.com\/es\/universo-del-envasado-alimentario\/"},{"@type":"ListItem","position":2,"name":"Tienda","item":"https:\/\/www.csj-emballages.com\/tienda\/"},{"@type":"ListItem","position":3,"name":"Gorro blanco con visera de tela no tejida, por 100 unidades"}]},{"@type":"WebSite","@id":"https:\/\/www.csj-emballages.com\/es\/#website","url":"https:\/\/www.csj-emballages.com\/es\/","name":"CSJ Emballages","description":"","publisher":{"@id":"https:\/\/www.csj-emballages.com\/es\/#organization"},"potentialAction":[{"@type":"SearchAction","target":{"@type":"EntryPoint","urlTemplate":"https:\/\/www.csj-emballages.com\/es\/?s={search_term_string}"},"query-input":{"@type":"PropertyValueSpecification","valueRequired":true,"valueName":"search_term_string"}}],"inLanguage":"es"},{"@type":"Organization","@id":"https:\/\/www.csj-emballages.com\/es\/#Organization\/","name":"CSJ Emballages","url":"https:\/\/www.csj-emballages.com\/es\/","logo":{"@type":"ImageObject","inLanguage":"es","@id":"https:\/\/www.csj-emballages.com\/es\/#\/schema\/logo\/image\/","url":"https:\/\/www.csj-emballages.com\/wp-content\/uploads\/2023\/10\/logo_csj.webp","contentUrl":"https:\/\/www.csj-emballages.com\/wp-content\/uploads\/2023\/10\/logo_csj.webp","width":250,"height":95,"caption":"CSJ Emballages"},"image":{"@id":"https:\/\/www.csj-emballages.com\/es\/#\/schema\/logo\/image\/"},"sameAs":["https:\/\/www.facebook.com\/csjemballages"],"address":{"@type":"PostalAddress","streetAddress":"ZI La Lechere","addressLocality":"Patornay","postalCode":"39130","addressCountry":"FR"},"contactPoint":[{"@type":"ContactPoint","contactType":"Service client","telephone":"0384254272","email":"contact@csj-emballages.com"}]}]}},"df_price":6.62,"df_sale_price":"","df_regular_price":6.62,"df_image_link":"https:\/\/www.csj-emballages.com\/wp-content\/uploads\/2025\/12\/CHARLVIS-300x300.webp","tiered_pricing_type":"fixed","tiered_pricing_fixed_rules":[],"tiered_pricing_percentage_rules":[],"tiered_pricing_minimum":1,"tiered_pricing_roles_data":[],"_links":{"self":[{"href":"https:\/\/www.csj-emballages.com\/es\/wp-json\/wp\/v2\/product\/259589","targetHints":{"allow":["GET"]}}],"collection":[{"href":"https:\/\/www.csj-emballages.com\/es\/wp-json\/wp\/v2\/product"}],"about":[{"href":"https:\/\/www.csj-emballages.com\/es\/wp-json\/wp\/v2\/types\/product"}],"wp:featuredmedia":[{"embeddable":true,"href":"https:\/\/www.csj-emballages.com\/es\/wp-json\/wp\/v2\/media\/259578"}],"wp:attachment":[{"href":"https:\/\/www.csj-emballages.com\/es\/wp-json\/wp\/v2\/media?parent=259589"}],"wp:term":[{"taxonomy":"product_brand","embeddable":true,"href":"https:\/\/www.csj-emballages.com\/es\/wp-json\/wp\/v2\/product_brand?post=259589"},{"taxonomy":"product_cat","embeddable":true,"href":"https:\/\/www.csj-emballages.com\/es\/wp-json\/wp\/v2\/product_cat?post=259589"},{"taxonomy":"product_tag","embeddable":true,"href":"https:\/\/www.csj-emballages.com\/es\/wp-json\/wp\/v2\/product_tag?post=259589"}],"curies":[{"name":"wp","href":"https:\/\/api.w.org\/{rel}","templated":true}]}}