{"id":259567,"date":"2025-12-22T14:55:07","date_gmt":"2025-12-22T13:55:07","guid":{"rendered":"https:\/\/www.csj-emballages.com\/produit\/caja-para-tronco-navideno-sapin-40-x-115-x-105-cm-por-25-unidades\/"},"modified":"2026-04-29T02:11:37","modified_gmt":"2026-04-29T00:11:37","slug":"caja-para-tronco-navideno-sapin-40-x-115-x-105-cm-por-25-unidades","status":"publish","type":"product","link":"https:\/\/www.csj-emballages.com\/es\/produit\/caja-para-tronco-navideno-sapin-40-x-115-x-105-cm-por-25-unidades\/","title":{"rendered":"Caja para tronco navide\u00f1o \u00abSapin\u00bb 40 x 11,5 x 10,5 cm por 25 unidades"},"content":{"rendered":"<h2>Caja de registro<\/h2>\n<hr>\n<h3>Descubra nuestra caja para tronco navide\u00f1o \u00abSapin\u00bb de 40 x 11,5 x 10,5 cm por 25 unidades<\/h3>\n<p><!--more--><\/p>\n<p data-start=\"231\" data-end=\"647\">A medida que se acercan las fiestas, el embalaje se vuelve casi tan importante como el propio postre. Con la <strong data-start=\"332\" data-end=\"357\">caja para tronco navide\u00f1o \u201cAbeto\u201d<\/strong>, sus creaciones adquieren de inmediato otra dimensi\u00f3n. Su dise\u00f1o gr\u00e1fico, compuesto por <strong>abetos estilizados<\/strong> en tonos <strong>rojos<\/strong> y <strong>dorados<\/strong>, aporta un ambiente festivo moderno, sin caer en lo demasiado cl\u00e1sico. Desde el primer vistazo, evoca la <strong>Navidad<\/strong>, el compartir y los momentos deliciosos.   <\/p>\n<p data-start=\"649\" data-end=\"964\">Su formato <strong>40 x 11,5 x 10,5 cm<\/strong> es perfecto para los <strong>troncos navide\u00f1os familiares<\/strong> para compartir. La estructura de cart\u00f3n r\u00edgido mantiene la pasteler\u00eda en su sitio y limita los riesgos durante el transporte. As\u00ed, sus clientes se van con la tranquilidad de llevarse un postre protegido y presentado con esmero.  <\/p>\n<p data-start=\"966\" data-end=\"1247\">Adem\u00e1s de su cuidada est\u00e9tica, esta <strong data-start=\"332\" data-end=\"357\">caja para tronco navide\u00f1o<\/strong> est\u00e1 pensada para un uso pr\u00e1ctico diario. Se monta r\u00e1pidamente, lo cual es una gran ventaja durante los per\u00edodos de mayor actividad, especialmente en diciembre. Ahorrar\u00e1 tiempo manteniendo una presentaci\u00f3n impecable.<\/p>\n<p data-start=\"1249\" data-end=\"1527\">Se vende <strong data-start=\"1256\" data-end=\"1273\">en lotes de 25<\/strong>, lo que permite gestionar f\u00e1cilmente sus vol\u00famenes sin sobrecargar su espacio de almacenamiento. Tanto si es pastelero, panadero o proveedor de catering, esta caja se integra de forma natural en su oferta de fin de a\u00f1o y realza sus productos sin esfuerzo adicional.<\/p>\n<p data-start=\"1529\" data-end=\"1716\">En resumen, la <strong data-start=\"332\" data-end=\"357\">caja<\/strong> <strong>para tronco navide\u00f1o \u00abSapin\u00bb<\/strong> es mucho m\u00e1s que un simple embalaje. Prolonga la experiencia festiva hasta el momento de la degustaci\u00f3n y ofrece a sus troncos navide\u00f1os el estuche que se merecen.<\/p>\n<p data-start=\"1529\" data-end=\"1716\"><!--more--><\/p>\n<h4 data-start=\"1529\" data-end=\"1716\">Ventajas :<\/h4>\n<ul>\n<li data-start=\"1744\" data-end=\"1779\">Dise\u00f1o festivo moderno y elegante.<\/li>\n<li data-start=\"1782\" data-end=\"1841\">Formato ideal para troncos individuales o troncos peque\u00f1os.<\/li>\n<li data-start=\"1844\" data-end=\"1876\">Buenas propiedades de transporte.<\/li>\n<li data-start=\"1879\" data-end=\"1906\">Montaje r\u00e1pido y sencillo.<\/li>\n<li data-start=\"1909\" data-end=\"1961\">Lote pr\u00e1ctico de <strong>25 unidades<\/strong> para la temporada navide\u00f1a.<\/li>\n<\/ul>\n<p>&nbsp;<\/p>\n<p><!--more--><\/p>\n<h4>Informaci\u00f3n adicional :<\/h4>\n<ul>\n<li><strong>Envase<\/strong>: Paquete de 25<\/li>\n<li><strong>Dimensiones<\/strong>: 40 x 11,5 x 10,5 cm<\/li>\n<li><strong>Color<\/strong>: Blanco \/ Rojo \/ Dorado<\/li>\n<li><strong>Material<\/strong>: Cart\u00f3n<\/li>\n<\/ul>\n<p>&nbsp;<\/p>\n<p><!--more--><\/p>\n<p>Esta caja para tronco est\u00e1 disponible en diferentes tama\u00f1os: <span style=\"color: #d12727;\"><a style=\"color: #d12727;\" href=\"https:\/\/www.csj-emballages.com\/es\/produit\/caja-para-tronco-navideno-abeto-20-x-115-x-105-cm-por-25-unidades\/\">20 x 11,5 x 10,5 cm<\/a><\/span> \/ <span style=\"color: #d12727;\"><a style=\"color: #d12727;\" href=\"https:\/\/www.csj-emballages.com\/de\/produit\/buche-box-tanne-25-x-115-x-105-cm-im-25er-pack\/\">25 x 11,5 x 10,5 cm<\/a><\/span><\/p>\n<p>&nbsp;<\/p>\n<p><!--more--><\/p>\n<p><a href=\"https:\/\/www.csj-emballages.com\/es\/categorie-produit\/envasado-de-alimentos\/panaderia-y-pasteleria\/cajas-y-estuches\/cajas-de-troncos\/cajas-para-tronco-navideno-abeto\/\">Consulte el resto de nuestra gama de cajas para tronco navide\u00f1o &#8216;Abeto&#8217;<\/a><\/p>\n","protected":false},"excerpt":{"rendered":"<p>Caja de registro Descubra nuestra caja para tronco navide\u00f1o \u00abSapin\u00bb de 40 x 11,5 x 10,5 cm por 25 unidades<\/p>\n","protected":false},"featured_media":259556,"template":"","meta":{"_acf_changed":false},"product_brand":[],"product_cat":[1150,1145,3868,2085,10202,1270],"product_tag":[],"class_list":{"0":"post-259567","1":"product","2":"type-product","3":"status-publish","4":"has-post-thumbnail","6":"product_cat-envasado-de-alimentos","7":"product_cat-panaderia-y-pasteleria","8":"product_cat-cajas-y-estuches","9":"product_cat-cajas-de-troncos","10":"product_cat-cajas-para-tronco-navideno-abeto","11":"product_cat-descuentos","13":"first","14":"instock","15":"sale","16":"taxable","17":"shipping-taxable","18":"purchasable","19":"product-type-simple"},"acf":[],"yoast_head":"<!-- This site is optimized with the Yoast SEO Premium plugin v26.6 (Yoast SEO v26.6) - https:\/\/yoast.com\/wordpress\/plugins\/seo\/ -->\n<title>Caja para tronco navide\u00f1o &quot;Sapin&quot; 40 x 11,5 x 10,5 cm por 25 unidades<\/title>\n<meta name=\"description\" content=\"Caja para tronco navide\u00f1o \u201cSapin\u201d de 40 x 11,5 x 10,5 cm, se vende por 25 unidades. Dise\u00f1o festivo moderno, cart\u00f3n r\u00edgido e ideal para realzar sus postres navide\u00f1os.\" \/>\n<meta name=\"robots\" content=\"index, follow, max-snippet:-1, max-image-preview:large, max-video-preview:-1\" \/>\n<link rel=\"canonical\" href=\"https:\/\/www.csj-emballages.com\/es\/produit\/caja-para-tronco-navideno-sapin-40-x-115-x-105-cm-por-25-unidades\/\" \/>\n<meta property=\"og:locale\" content=\"es_ES\" \/>\n<meta property=\"og:type\" content=\"article\" \/>\n<meta property=\"og:title\" content=\"Caja para tronco navide\u00f1o &quot;Sapin&quot; 40 x 11,5 x 10,5 cm por 25 unidades\" \/>\n<meta property=\"og:description\" content=\"Caja para tronco navide\u00f1o \u201cSapin\u201d de 40 x 11,5 x 10,5 cm, se vende por 25 unidades. Dise\u00f1o festivo moderno, cart\u00f3n r\u00edgido e ideal para realzar sus postres navide\u00f1os.\" \/>\n<meta property=\"og:url\" content=\"https:\/\/www.csj-emballages.com\/es\/produit\/caja-para-tronco-navideno-sapin-40-x-115-x-105-cm-por-25-unidades\/\" \/>\n<meta property=\"og:site_name\" content=\"CSJ Emballages\" \/>\n<meta property=\"article:publisher\" content=\"https:\/\/www.facebook.com\/csjemballages\" \/>\n<meta property=\"article:modified_time\" content=\"2026-04-29T00:11:37+00:00\" \/>\n<meta property=\"og:image\" content=\"https:\/\/www.csj-emballages.com\/wp-content\/uploads\/2025\/12\/Boite-a-buche-Sapin-1.webp\" \/>\n\t<meta property=\"og:image:width\" content=\"800\" \/>\n\t<meta property=\"og:image:height\" content=\"799\" \/>\n\t<meta property=\"og:image:type\" content=\"image\/webp\" \/>\n<meta name=\"twitter:card\" content=\"summary_large_image\" \/>\n<meta name=\"twitter:label1\" content=\"Tiempo de lectura\" \/>\n\t<meta name=\"twitter:data1\" content=\"2 minutos\" \/>\n<script type=\"application\/ld+json\" class=\"yoast-schema-graph\">{\"@context\":\"https:\/\/schema.org\",\"@graph\":[{\"@type\":\"WebPage\",\"@id\":\"https:\/\/www.csj-emballages.com\/es\/produit\/caja-para-tronco-navideno-sapin-40-x-115-x-105-cm-por-25-unidades\/\",\"url\":\"https:\/\/www.csj-emballages.com\/es\/produit\/caja-para-tronco-navideno-sapin-40-x-115-x-105-cm-por-25-unidades\/\",\"name\":\"Caja para tronco navide\u00f1o \\\"Sapin\\\" 40 x 11,5 x 10,5 cm por 25 unidades\",\"isPartOf\":{\"@id\":\"https:\/\/www.csj-emballages.com\/es\/#website\"},\"primaryImageOfPage\":{\"@id\":\"https:\/\/www.csj-emballages.com\/es\/produit\/caja-para-tronco-navideno-sapin-40-x-115-x-105-cm-por-25-unidades\/#primaryimage\"},\"image\":{\"@id\":\"https:\/\/www.csj-emballages.com\/es\/produit\/caja-para-tronco-navideno-sapin-40-x-115-x-105-cm-por-25-unidades\/#primaryimage\"},\"thumbnailUrl\":\"https:\/\/www.csj-emballages.com\/wp-content\/uploads\/2025\/12\/Boite-a-buche-Sapin-1.webp\",\"datePublished\":\"2025-12-22T13:55:07+00:00\",\"dateModified\":\"2026-04-29T00:11:37+00:00\",\"description\":\"Caja para tronco navide\u00f1o \u201cSapin\u201d de 40 x 11,5 x 10,5 cm, se vende por 25 unidades. Dise\u00f1o festivo moderno, cart\u00f3n r\u00edgido e ideal para realzar sus postres navide\u00f1os.\",\"breadcrumb\":{\"@id\":\"https:\/\/www.csj-emballages.com\/es\/produit\/caja-para-tronco-navideno-sapin-40-x-115-x-105-cm-por-25-unidades\/#breadcrumb\"},\"inLanguage\":\"es\",\"potentialAction\":[{\"@type\":\"ReadAction\",\"target\":[\"https:\/\/www.csj-emballages.com\/es\/produit\/caja-para-tronco-navideno-sapin-40-x-115-x-105-cm-por-25-unidades\/\"]}]},{\"@type\":\"ImageObject\",\"inLanguage\":\"es\",\"@id\":\"https:\/\/www.csj-emballages.com\/es\/produit\/caja-para-tronco-navideno-sapin-40-x-115-x-105-cm-por-25-unidades\/#primaryimage\",\"url\":\"https:\/\/www.csj-emballages.com\/wp-content\/uploads\/2025\/12\/Boite-a-buche-Sapin-1.webp\",\"contentUrl\":\"https:\/\/www.csj-emballages.com\/wp-content\/uploads\/2025\/12\/Boite-a-buche-Sapin-1.webp\",\"width\":800,\"height\":799,\"caption\":\"Boite \u00e0 b\u00fbche\"},{\"@type\":\"BreadcrumbList\",\"@id\":\"https:\/\/www.csj-emballages.com\/es\/produit\/caja-para-tronco-navideno-sapin-40-x-115-x-105-cm-por-25-unidades\/#breadcrumb\",\"itemListElement\":[{\"@type\":\"ListItem\",\"position\":1,\"name\":\"Accueil\",\"item\":\"https:\/\/www.csj-emballages.com\/es\/universo-del-envasado-alimentario\/\"},{\"@type\":\"ListItem\",\"position\":2,\"name\":\"Tienda\",\"item\":\"https:\/\/www.csj-emballages.com\/tienda\/\"},{\"@type\":\"ListItem\",\"position\":3,\"name\":\"Caja para tronco navide\u00f1o \u00ab\u00a0Sapin\u00a0\u00bb 40 x 11,5 x 10,5 cm por 25 unidades\"}]},{\"@type\":\"WebSite\",\"@id\":\"https:\/\/www.csj-emballages.com\/es\/#website\",\"url\":\"https:\/\/www.csj-emballages.com\/es\/\",\"name\":\"CSJ Emballages\",\"description\":\"\",\"publisher\":{\"@id\":\"https:\/\/www.csj-emballages.com\/es\/#organization\"},\"potentialAction\":[{\"@type\":\"SearchAction\",\"target\":{\"@type\":\"EntryPoint\",\"urlTemplate\":\"https:\/\/www.csj-emballages.com\/es\/?s={search_term_string}\"},\"query-input\":{\"@type\":\"PropertyValueSpecification\",\"valueRequired\":true,\"valueName\":\"search_term_string\"}}],\"inLanguage\":\"es\"},{\"@type\":\"Organization\",\"@id\":\"https:\/\/www.csj-emballages.com\/es\/#Organization\/\",\"name\":\"CSJ Emballages\",\"url\":\"https:\/\/www.csj-emballages.com\/es\/\",\"logo\":{\"@type\":\"ImageObject\",\"inLanguage\":\"es\",\"@id\":\"https:\/\/www.csj-emballages.com\/es\/#\/schema\/logo\/image\/\",\"url\":\"https:\/\/www.csj-emballages.com\/wp-content\/uploads\/2023\/10\/logo_csj.webp\",\"contentUrl\":\"https:\/\/www.csj-emballages.com\/wp-content\/uploads\/2023\/10\/logo_csj.webp\",\"width\":250,\"height\":95,\"caption\":\"CSJ Emballages\"},\"image\":{\"@id\":\"https:\/\/www.csj-emballages.com\/es\/#\/schema\/logo\/image\/\"},\"sameAs\":[\"https:\/\/www.facebook.com\/csjemballages\"],\"address\":{\"@type\":\"PostalAddress\",\"streetAddress\":\"ZI La Lechere\",\"addressLocality\":\"Patornay\",\"postalCode\":\"39130\",\"addressCountry\":\"FR\"},\"contactPoint\":[{\"@type\":\"ContactPoint\",\"contactType\":\"Service client\",\"telephone\":\"0384254272\",\"email\":\"contact@csj-emballages.com\"}]}]}<\/script>\n<!-- \/ Yoast SEO Premium plugin. -->","yoast_head_json":{"title":"Caja para tronco navide\u00f1o \"Sapin\" 40 x 11,5 x 10,5 cm por 25 unidades","description":"Caja para tronco navide\u00f1o \u201cSapin\u201d de 40 x 11,5 x 10,5 cm, se vende por 25 unidades. Dise\u00f1o festivo moderno, cart\u00f3n r\u00edgido e ideal para realzar sus postres navide\u00f1os.","robots":{"index":"index","follow":"follow","max-snippet":"max-snippet:-1","max-image-preview":"max-image-preview:large","max-video-preview":"max-video-preview:-1"},"canonical":"https:\/\/www.csj-emballages.com\/es\/produit\/caja-para-tronco-navideno-sapin-40-x-115-x-105-cm-por-25-unidades\/","og_locale":"es_ES","og_type":"article","og_title":"Caja para tronco navide\u00f1o \"Sapin\" 40 x 11,5 x 10,5 cm por 25 unidades","og_description":"Caja para tronco navide\u00f1o \u201cSapin\u201d de 40 x 11,5 x 10,5 cm, se vende por 25 unidades. Dise\u00f1o festivo moderno, cart\u00f3n r\u00edgido e ideal para realzar sus postres navide\u00f1os.","og_url":"https:\/\/www.csj-emballages.com\/es\/produit\/caja-para-tronco-navideno-sapin-40-x-115-x-105-cm-por-25-unidades\/","og_site_name":"CSJ Emballages","article_publisher":"https:\/\/www.facebook.com\/csjemballages","article_modified_time":"2026-04-29T00:11:37+00:00","og_image":[{"width":800,"height":799,"url":"https:\/\/www.csj-emballages.com\/wp-content\/uploads\/2025\/12\/Boite-a-buche-Sapin-1.webp","type":"image\/webp"}],"twitter_card":"summary_large_image","twitter_misc":{"Tiempo de lectura":"2 minutos"},"schema":{"@context":"https:\/\/schema.org","@graph":[{"@type":"WebPage","@id":"https:\/\/www.csj-emballages.com\/es\/produit\/caja-para-tronco-navideno-sapin-40-x-115-x-105-cm-por-25-unidades\/","url":"https:\/\/www.csj-emballages.com\/es\/produit\/caja-para-tronco-navideno-sapin-40-x-115-x-105-cm-por-25-unidades\/","name":"Caja para tronco navide\u00f1o \"Sapin\" 40 x 11,5 x 10,5 cm por 25 unidades","isPartOf":{"@id":"https:\/\/www.csj-emballages.com\/es\/#website"},"primaryImageOfPage":{"@id":"https:\/\/www.csj-emballages.com\/es\/produit\/caja-para-tronco-navideno-sapin-40-x-115-x-105-cm-por-25-unidades\/#primaryimage"},"image":{"@id":"https:\/\/www.csj-emballages.com\/es\/produit\/caja-para-tronco-navideno-sapin-40-x-115-x-105-cm-por-25-unidades\/#primaryimage"},"thumbnailUrl":"https:\/\/www.csj-emballages.com\/wp-content\/uploads\/2025\/12\/Boite-a-buche-Sapin-1.webp","datePublished":"2025-12-22T13:55:07+00:00","dateModified":"2026-04-29T00:11:37+00:00","description":"Caja para tronco navide\u00f1o \u201cSapin\u201d de 40 x 11,5 x 10,5 cm, se vende por 25 unidades. Dise\u00f1o festivo moderno, cart\u00f3n r\u00edgido e ideal para realzar sus postres navide\u00f1os.","breadcrumb":{"@id":"https:\/\/www.csj-emballages.com\/es\/produit\/caja-para-tronco-navideno-sapin-40-x-115-x-105-cm-por-25-unidades\/#breadcrumb"},"inLanguage":"es","potentialAction":[{"@type":"ReadAction","target":["https:\/\/www.csj-emballages.com\/es\/produit\/caja-para-tronco-navideno-sapin-40-x-115-x-105-cm-por-25-unidades\/"]}]},{"@type":"ImageObject","inLanguage":"es","@id":"https:\/\/www.csj-emballages.com\/es\/produit\/caja-para-tronco-navideno-sapin-40-x-115-x-105-cm-por-25-unidades\/#primaryimage","url":"https:\/\/www.csj-emballages.com\/wp-content\/uploads\/2025\/12\/Boite-a-buche-Sapin-1.webp","contentUrl":"https:\/\/www.csj-emballages.com\/wp-content\/uploads\/2025\/12\/Boite-a-buche-Sapin-1.webp","width":800,"height":799,"caption":"Boite \u00e0 b\u00fbche"},{"@type":"BreadcrumbList","@id":"https:\/\/www.csj-emballages.com\/es\/produit\/caja-para-tronco-navideno-sapin-40-x-115-x-105-cm-por-25-unidades\/#breadcrumb","itemListElement":[{"@type":"ListItem","position":1,"name":"Accueil","item":"https:\/\/www.csj-emballages.com\/es\/universo-del-envasado-alimentario\/"},{"@type":"ListItem","position":2,"name":"Tienda","item":"https:\/\/www.csj-emballages.com\/tienda\/"},{"@type":"ListItem","position":3,"name":"Caja para tronco navide\u00f1o \u00ab\u00a0Sapin\u00a0\u00bb 40 x 11,5 x 10,5 cm por 25 unidades"}]},{"@type":"WebSite","@id":"https:\/\/www.csj-emballages.com\/es\/#website","url":"https:\/\/www.csj-emballages.com\/es\/","name":"CSJ Emballages","description":"","publisher":{"@id":"https:\/\/www.csj-emballages.com\/es\/#organization"},"potentialAction":[{"@type":"SearchAction","target":{"@type":"EntryPoint","urlTemplate":"https:\/\/www.csj-emballages.com\/es\/?s={search_term_string}"},"query-input":{"@type":"PropertyValueSpecification","valueRequired":true,"valueName":"search_term_string"}}],"inLanguage":"es"},{"@type":"Organization","@id":"https:\/\/www.csj-emballages.com\/es\/#Organization\/","name":"CSJ Emballages","url":"https:\/\/www.csj-emballages.com\/es\/","logo":{"@type":"ImageObject","inLanguage":"es","@id":"https:\/\/www.csj-emballages.com\/es\/#\/schema\/logo\/image\/","url":"https:\/\/www.csj-emballages.com\/wp-content\/uploads\/2023\/10\/logo_csj.webp","contentUrl":"https:\/\/www.csj-emballages.com\/wp-content\/uploads\/2023\/10\/logo_csj.webp","width":250,"height":95,"caption":"CSJ Emballages"},"image":{"@id":"https:\/\/www.csj-emballages.com\/es\/#\/schema\/logo\/image\/"},"sameAs":["https:\/\/www.facebook.com\/csjemballages"],"address":{"@type":"PostalAddress","streetAddress":"ZI La Lechere","addressLocality":"Patornay","postalCode":"39130","addressCountry":"FR"},"contactPoint":[{"@type":"ContactPoint","contactType":"Service client","telephone":"0384254272","email":"contact@csj-emballages.com"}]}]}},"df_price":13.42,"df_sale_price":13.42,"df_regular_price":14.92,"df_image_link":"https:\/\/www.csj-emballages.com\/wp-content\/uploads\/2025\/12\/Boite-a-buche-Sapin-1-300x300.webp","tiered_pricing_type":"fixed","tiered_pricing_fixed_rules":[],"tiered_pricing_percentage_rules":[],"tiered_pricing_minimum":1,"tiered_pricing_roles_data":[],"_links":{"self":[{"href":"https:\/\/www.csj-emballages.com\/es\/wp-json\/wp\/v2\/product\/259567","targetHints":{"allow":["GET"]}}],"collection":[{"href":"https:\/\/www.csj-emballages.com\/es\/wp-json\/wp\/v2\/product"}],"about":[{"href":"https:\/\/www.csj-emballages.com\/es\/wp-json\/wp\/v2\/types\/product"}],"wp:featuredmedia":[{"embeddable":true,"href":"https:\/\/www.csj-emballages.com\/es\/wp-json\/wp\/v2\/media\/259556"}],"wp:attachment":[{"href":"https:\/\/www.csj-emballages.com\/es\/wp-json\/wp\/v2\/media?parent=259567"}],"wp:term":[{"taxonomy":"product_brand","embeddable":true,"href":"https:\/\/www.csj-emballages.com\/es\/wp-json\/wp\/v2\/product_brand?post=259567"},{"taxonomy":"product_cat","embeddable":true,"href":"https:\/\/www.csj-emballages.com\/es\/wp-json\/wp\/v2\/product_cat?post=259567"},{"taxonomy":"product_tag","embeddable":true,"href":"https:\/\/www.csj-emballages.com\/es\/wp-json\/wp\/v2\/product_tag?post=259567"}],"curies":[{"name":"wp","href":"https:\/\/api.w.org\/{rel}","templated":true}]}}