{"id":259451,"date":"2025-11-05T15:18:26","date_gmt":"2025-11-05T14:18:26","guid":{"rendered":"https:\/\/www.csj-emballages.com\/produit\/servilleta-marfil-microgofre-38-x-38-cm-en-paquetes-de-40\/"},"modified":"2026-03-21T02:14:39","modified_gmt":"2026-03-21T01:14:39","slug":"servilleta-marfil-microgofre-38-x-38-cm-en-paquetes-de-40","status":"publish","type":"product","link":"https:\/\/www.csj-emballages.com\/es\/produit\/servilleta-marfil-microgofre-38-x-38-cm-en-paquetes-de-40\/","title":{"rendered":"Servilleta marfil microgofre 38 x 38 cm en paquetes de 40"},"content":{"rendered":"<h2 class=\"p1\">Servilleta marfil<\/h2>\n<hr>\n<h3>Descripci\u00f3n de nuestra servilleta marfil microgofre de 38 x 38 cm en paquetes de 40<\/h3>\n<p><!--more--><\/p>\n<p data-start=\"308\" data-end=\"704\">Discreta, elegante y agradable de usar, esta <strong>servilleta<\/strong> <strong>marfil microgofre de 38 x 38 cm<\/strong> aporta un toque de suavidad a sus mesas. De hecho, su tono <g id=\"gid_2\">claro<\/g> y <g id=\"gid_3\">c\u00e1lido<\/g> se integra f\u00e1cilmente en todos los ambientes, ya sea para una comida diaria, un evento profesional o una recepci\u00f3n m\u00e1s cuidada. No busca destacar demasiado, y esa es precisamente su fuerza.  <\/p>\n<p data-start=\"706\" data-end=\"1077\">Gracias a su textura <strong>micro-gofre<\/strong>, ofrece un buen agarre a la vez que se mantiene flexible. Absorbe eficazmente sin volverse pesada o \u00e1spera, lo que la hace agradable para los comensales desde el principio hasta el final de la comida. Su formato <strong>cuadrado<\/strong> de <strong>38 x 38 cm<\/strong> permite un plegado limpio y ordenado, ya sea colocado simplemente sobre una mesa o integrado en una puesta en escena m\u00e1s elaborada.  <\/p>\n<p data-start=\"1079\" data-end=\"1391\">Adem\u00e1s, esta <strong>servilleta<\/strong> es tan pr\u00e1ctica como est\u00e9tica. Es adecuada tanto para restaurantes, empresas de catering, caf\u00e9s o eventos privados como para recepciones familiares. Adem\u00e1s, el <strong data-start=\"1262\" data-end=\"1275\">lote de 40<\/strong> es ideal para gestionar las necesidades sin desperdicio, a la vez que se mantiene una reserva suficiente para los servicios futuros.  <\/p>\n<p data-start=\"1393\" data-end=\"1658\">En resumen, esta <strong>servilleta marfil<\/strong> apuesta por el equilibrio: un color <strong>suave<\/strong>, una textura agradable y un formato vers\u00e1til. Acompa\u00f1a sus mesas con sencillez y eficacia, aportando ese peque\u00f1o detalle que marca la diferencia en la experiencia del cliente. <\/p>\n<p><!--more--><\/p>\n<h4>Ventajas :<\/h4>\n<ul>\n<li data-start=\"1686\" data-end=\"1721\"><strong>Color marfil<\/strong> suave y elegante.<\/li>\n<li data-start=\"1724\" data-end=\"1767\">Textura <strong>micro-gofre<\/strong> agradable al tacto.<\/li>\n<li data-start=\"1770\" data-end=\"1799\">Buena capacidad de absorci\u00f3n.<\/li>\n<li data-start=\"1802\" data-end=\"1832\">Formato <strong>38 x 38 cm<\/strong> polivalente.<\/li>\n<li data-start=\"1835\" data-end=\"1878\">Lote de <strong>40<\/strong> pr\u00e1ctico para un uso controlado.<\/li>\n<\/ul>\n<p>&nbsp;<\/p>\n<p><!--more--><\/p>\n<h4>Informaci\u00f3n adicional :<\/h4>\n<ul>\n<li><strong>Envase<\/strong>: Paquete de 40<\/li>\n<li><strong>Dimensiones<\/strong>: 38 x 38 cm<\/li>\n<li><strong>Material<\/strong>: Guata micro gofrada<\/li>\n<li><strong>Color<\/strong>: marfil<\/li>\n<\/ul>\n<p>&nbsp;<\/p>\n<p><!--more--><\/p>\n<p>Este producto est\u00e1 disponible en diferentes colores: <span style=\"color: #d12727;\"><a style=\"color: #d12727;\" href=\"https:\/\/www.csj-emballages.com\/es\/produit\/servilleta-azul-pastel-microgofreada-de-38-x-38-cm-en-paquetes-de-40\/\">Azul pastel<\/a><\/span> \/ <span style=\"color: #d12727;\"><a style=\"color: #d12727;\" href=\"https:\/\/www.csj-emballages.com\/es\/produit\/servilleta-lila-microgofre-38-x-38-cm-pack-de-40\/\">Lila<\/a><\/span> \/ <span style=\"color: #d12727;\"><a style=\"color: #d12727;\" href=\"https:\/\/www.csj-emballages.com\/es\/produit\/servilleta-rosa-pastel-microgofre-de-38-x-38-cm-pack-de-40\/\">Rosa pastel<\/a><\/span> \/ <span style=\"color: #d12727;\"><a style=\"color: #d12727;\" href=\"https:\/\/www.csj-emballages.com\/es\/produit\/servilleta-color-champan-micro-gofrada-de-38-x-38-cm-pack-de-40\/\">Champ\u00e1n<\/a><\/span> \/ <span style=\"color: #d12727;\"><a style=\"color: #d12727;\" href=\"https:\/\/www.csj-emballages.com\/es\/produit\/toalla-amarilla-micro-gofrada-de-38-x-38-cm-pack-de-40\/\">Amarillo<\/a><\/span> \/ <span style=\"color: #d12727;\"><a style=\"color: #d12727;\" href=\"https:\/\/www.csj-emballages.com\/es\/produit\/servilleta-naranja-microgofre-de-38-x-38-cm-pack-de-40\/\">Naranja<\/a><\/span> \/ <span style=\"color: #d12727;\"><a style=\"color: #d12727;\" href=\"https:\/\/www.csj-emballages.com\/es\/produit\/servilleta-azul-marino-microgofre-de-38-x-38-cm-pack-de-40\/\">Azul marino<\/a><\/span><\/p>\n<p>&nbsp;<\/p>\n<p><!--more--><\/p>\n<p><a href=\"\/?product_cat=serviettes-2-plis-micro-gaufrees\">Ver el resto de nuestra gama de toallas gofradas de 2 capas<\/a><\/p>\n","protected":false},"excerpt":{"rendered":"<p>Servilleta marfil Descripci\u00f3n de nuestra servilleta marfil microgofre de 38 x 38 cm en paquetes de 40<\/p>\n","protected":false},"featured_media":259447,"template":"","meta":{"_acf_changed":false},"product_brand":[],"product_cat":[1150,1179,1182,1285,1289],"product_tag":[],"class_list":{"0":"post-259451","1":"product","2":"type-product","3":"status-publish","4":"has-post-thumbnail","6":"product_cat-envasado-de-alimentos","7":"product_cat-catering-es","8":"product_cat-servilletas-manteles-individuales-manteles","9":"product_cat-toallas","10":"product_cat-toallas-microgofradas-de-2-capas","12":"first","13":"instock","14":"taxable","15":"shipping-taxable","16":"purchasable","17":"product-type-simple"},"acf":[],"yoast_head":"<!-- This site is optimized with the Yoast SEO Premium plugin v26.6 (Yoast SEO v26.6) - https:\/\/yoast.com\/wordpress\/plugins\/seo\/ -->\n<title>Servilleta marfil microgofre 38 x 38 cm en paquetes de 40<\/title>\n<meta name=\"description\" content=\"Servilleta marfil microgofre de 38 x 38 cm, se vende en paquetes de 40. Elegante, suave y absorbente, ideal para restaurantes, eventos y recepciones.\" \/>\n<meta name=\"robots\" content=\"index, follow, max-snippet:-1, max-image-preview:large, max-video-preview:-1\" \/>\n<link rel=\"canonical\" href=\"https:\/\/www.csj-emballages.com\/es\/produit\/servilleta-marfil-microgofre-38-x-38-cm-en-paquetes-de-40\/\" \/>\n<meta property=\"og:locale\" content=\"es_ES\" \/>\n<meta property=\"og:type\" content=\"article\" \/>\n<meta property=\"og:title\" content=\"Servilleta marfil microgofre 38 x 38 cm en paquetes de 40\" \/>\n<meta property=\"og:description\" content=\"Servilleta marfil microgofre de 38 x 38 cm, se vende en paquetes de 40. Elegante, suave y absorbente, ideal para restaurantes, eventos y recepciones.\" \/>\n<meta property=\"og:url\" content=\"https:\/\/www.csj-emballages.com\/es\/produit\/servilleta-marfil-microgofre-38-x-38-cm-en-paquetes-de-40\/\" \/>\n<meta property=\"og:site_name\" content=\"CSJ Emballages\" \/>\n<meta property=\"article:publisher\" content=\"https:\/\/www.facebook.com\/csjemballages\" \/>\n<meta property=\"article:modified_time\" content=\"2026-03-21T01:14:39+00:00\" \/>\n<meta property=\"og:image\" content=\"https:\/\/www.csj-emballages.com\/wp-content\/uploads\/2025\/11\/SR40MGIV.webp\" \/>\n\t<meta property=\"og:image:width\" content=\"800\" \/>\n\t<meta property=\"og:image:height\" content=\"800\" \/>\n\t<meta property=\"og:image:type\" content=\"image\/webp\" \/>\n<meta name=\"twitter:card\" content=\"summary_large_image\" \/>\n<meta name=\"twitter:label1\" content=\"Tiempo de lectura\" \/>\n\t<meta name=\"twitter:data1\" content=\"2 minutos\" \/>\n<script type=\"application\/ld+json\" class=\"yoast-schema-graph\">{\"@context\":\"https:\/\/schema.org\",\"@graph\":[{\"@type\":\"WebPage\",\"@id\":\"https:\/\/www.csj-emballages.com\/es\/produit\/servilleta-marfil-microgofre-38-x-38-cm-en-paquetes-de-40\/\",\"url\":\"https:\/\/www.csj-emballages.com\/es\/produit\/servilleta-marfil-microgofre-38-x-38-cm-en-paquetes-de-40\/\",\"name\":\"Servilleta marfil microgofre 38 x 38 cm en paquetes de 40\",\"isPartOf\":{\"@id\":\"https:\/\/www.csj-emballages.com\/es\/#website\"},\"primaryImageOfPage\":{\"@id\":\"https:\/\/www.csj-emballages.com\/es\/produit\/servilleta-marfil-microgofre-38-x-38-cm-en-paquetes-de-40\/#primaryimage\"},\"image\":{\"@id\":\"https:\/\/www.csj-emballages.com\/es\/produit\/servilleta-marfil-microgofre-38-x-38-cm-en-paquetes-de-40\/#primaryimage\"},\"thumbnailUrl\":\"https:\/\/www.csj-emballages.com\/wp-content\/uploads\/2025\/11\/SR40MGIV.webp\",\"datePublished\":\"2025-11-05T14:18:26+00:00\",\"dateModified\":\"2026-03-21T01:14:39+00:00\",\"description\":\"Servilleta marfil microgofre de 38 x 38 cm, se vende en paquetes de 40. Elegante, suave y absorbente, ideal para restaurantes, eventos y recepciones.\",\"breadcrumb\":{\"@id\":\"https:\/\/www.csj-emballages.com\/es\/produit\/servilleta-marfil-microgofre-38-x-38-cm-en-paquetes-de-40\/#breadcrumb\"},\"inLanguage\":\"es\",\"potentialAction\":[{\"@type\":\"ReadAction\",\"target\":[\"https:\/\/www.csj-emballages.com\/es\/produit\/servilleta-marfil-microgofre-38-x-38-cm-en-paquetes-de-40\/\"]}]},{\"@type\":\"ImageObject\",\"inLanguage\":\"es\",\"@id\":\"https:\/\/www.csj-emballages.com\/es\/produit\/servilleta-marfil-microgofre-38-x-38-cm-en-paquetes-de-40\/#primaryimage\",\"url\":\"https:\/\/www.csj-emballages.com\/wp-content\/uploads\/2025\/11\/SR40MGIV.webp\",\"contentUrl\":\"https:\/\/www.csj-emballages.com\/wp-content\/uploads\/2025\/11\/SR40MGIV.webp\",\"width\":800,\"height\":800,\"caption\":\"Serviette ivoire\"},{\"@type\":\"BreadcrumbList\",\"@id\":\"https:\/\/www.csj-emballages.com\/es\/produit\/servilleta-marfil-microgofre-38-x-38-cm-en-paquetes-de-40\/#breadcrumb\",\"itemListElement\":[{\"@type\":\"ListItem\",\"position\":1,\"name\":\"Accueil\",\"item\":\"https:\/\/www.csj-emballages.com\/es\/universo-del-envasado-alimentario\/\"},{\"@type\":\"ListItem\",\"position\":2,\"name\":\"Tienda\",\"item\":\"https:\/\/www.csj-emballages.com\/tienda\/\"},{\"@type\":\"ListItem\",\"position\":3,\"name\":\"Servilleta marfil microgofre 38 x 38 cm en paquetes de 40\"}]},{\"@type\":\"WebSite\",\"@id\":\"https:\/\/www.csj-emballages.com\/es\/#website\",\"url\":\"https:\/\/www.csj-emballages.com\/es\/\",\"name\":\"CSJ Emballages\",\"description\":\"\",\"publisher\":{\"@id\":\"https:\/\/www.csj-emballages.com\/es\/#organization\"},\"potentialAction\":[{\"@type\":\"SearchAction\",\"target\":{\"@type\":\"EntryPoint\",\"urlTemplate\":\"https:\/\/www.csj-emballages.com\/es\/?s={search_term_string}\"},\"query-input\":{\"@type\":\"PropertyValueSpecification\",\"valueRequired\":true,\"valueName\":\"search_term_string\"}}],\"inLanguage\":\"es\"},{\"@type\":\"Organization\",\"@id\":\"https:\/\/www.csj-emballages.com\/es\/#Organization\/\",\"name\":\"CSJ Emballages\",\"url\":\"https:\/\/www.csj-emballages.com\/es\/\",\"logo\":{\"@type\":\"ImageObject\",\"inLanguage\":\"es\",\"@id\":\"https:\/\/www.csj-emballages.com\/es\/#\/schema\/logo\/image\/\",\"url\":\"https:\/\/www.csj-emballages.com\/wp-content\/uploads\/2023\/10\/logo_csj.webp\",\"contentUrl\":\"https:\/\/www.csj-emballages.com\/wp-content\/uploads\/2023\/10\/logo_csj.webp\",\"width\":250,\"height\":95,\"caption\":\"CSJ Emballages\"},\"image\":{\"@id\":\"https:\/\/www.csj-emballages.com\/es\/#\/schema\/logo\/image\/\"},\"sameAs\":[\"https:\/\/www.facebook.com\/csjemballages\"],\"address\":{\"@type\":\"PostalAddress\",\"streetAddress\":\"ZI La Lechere\",\"addressLocality\":\"Patornay\",\"postalCode\":\"39130\",\"addressCountry\":\"FR\"},\"contactPoint\":[{\"@type\":\"ContactPoint\",\"contactType\":\"Service client\",\"telephone\":\"0384254272\",\"email\":\"contact@csj-emballages.com\"}]}]}<\/script>\n<!-- \/ Yoast SEO Premium plugin. -->","yoast_head_json":{"title":"Servilleta marfil microgofre 38 x 38 cm en paquetes de 40","description":"Servilleta marfil microgofre de 38 x 38 cm, se vende en paquetes de 40. Elegante, suave y absorbente, ideal para restaurantes, eventos y recepciones.","robots":{"index":"index","follow":"follow","max-snippet":"max-snippet:-1","max-image-preview":"max-image-preview:large","max-video-preview":"max-video-preview:-1"},"canonical":"https:\/\/www.csj-emballages.com\/es\/produit\/servilleta-marfil-microgofre-38-x-38-cm-en-paquetes-de-40\/","og_locale":"es_ES","og_type":"article","og_title":"Servilleta marfil microgofre 38 x 38 cm en paquetes de 40","og_description":"Servilleta marfil microgofre de 38 x 38 cm, se vende en paquetes de 40. Elegante, suave y absorbente, ideal para restaurantes, eventos y recepciones.","og_url":"https:\/\/www.csj-emballages.com\/es\/produit\/servilleta-marfil-microgofre-38-x-38-cm-en-paquetes-de-40\/","og_site_name":"CSJ Emballages","article_publisher":"https:\/\/www.facebook.com\/csjemballages","article_modified_time":"2026-03-21T01:14:39+00:00","og_image":[{"width":800,"height":800,"url":"https:\/\/www.csj-emballages.com\/wp-content\/uploads\/2025\/11\/SR40MGIV.webp","type":"image\/webp"}],"twitter_card":"summary_large_image","twitter_misc":{"Tiempo de lectura":"2 minutos"},"schema":{"@context":"https:\/\/schema.org","@graph":[{"@type":"WebPage","@id":"https:\/\/www.csj-emballages.com\/es\/produit\/servilleta-marfil-microgofre-38-x-38-cm-en-paquetes-de-40\/","url":"https:\/\/www.csj-emballages.com\/es\/produit\/servilleta-marfil-microgofre-38-x-38-cm-en-paquetes-de-40\/","name":"Servilleta marfil microgofre 38 x 38 cm en paquetes de 40","isPartOf":{"@id":"https:\/\/www.csj-emballages.com\/es\/#website"},"primaryImageOfPage":{"@id":"https:\/\/www.csj-emballages.com\/es\/produit\/servilleta-marfil-microgofre-38-x-38-cm-en-paquetes-de-40\/#primaryimage"},"image":{"@id":"https:\/\/www.csj-emballages.com\/es\/produit\/servilleta-marfil-microgofre-38-x-38-cm-en-paquetes-de-40\/#primaryimage"},"thumbnailUrl":"https:\/\/www.csj-emballages.com\/wp-content\/uploads\/2025\/11\/SR40MGIV.webp","datePublished":"2025-11-05T14:18:26+00:00","dateModified":"2026-03-21T01:14:39+00:00","description":"Servilleta marfil microgofre de 38 x 38 cm, se vende en paquetes de 40. Elegante, suave y absorbente, ideal para restaurantes, eventos y recepciones.","breadcrumb":{"@id":"https:\/\/www.csj-emballages.com\/es\/produit\/servilleta-marfil-microgofre-38-x-38-cm-en-paquetes-de-40\/#breadcrumb"},"inLanguage":"es","potentialAction":[{"@type":"ReadAction","target":["https:\/\/www.csj-emballages.com\/es\/produit\/servilleta-marfil-microgofre-38-x-38-cm-en-paquetes-de-40\/"]}]},{"@type":"ImageObject","inLanguage":"es","@id":"https:\/\/www.csj-emballages.com\/es\/produit\/servilleta-marfil-microgofre-38-x-38-cm-en-paquetes-de-40\/#primaryimage","url":"https:\/\/www.csj-emballages.com\/wp-content\/uploads\/2025\/11\/SR40MGIV.webp","contentUrl":"https:\/\/www.csj-emballages.com\/wp-content\/uploads\/2025\/11\/SR40MGIV.webp","width":800,"height":800,"caption":"Serviette ivoire"},{"@type":"BreadcrumbList","@id":"https:\/\/www.csj-emballages.com\/es\/produit\/servilleta-marfil-microgofre-38-x-38-cm-en-paquetes-de-40\/#breadcrumb","itemListElement":[{"@type":"ListItem","position":1,"name":"Accueil","item":"https:\/\/www.csj-emballages.com\/es\/universo-del-envasado-alimentario\/"},{"@type":"ListItem","position":2,"name":"Tienda","item":"https:\/\/www.csj-emballages.com\/tienda\/"},{"@type":"ListItem","position":3,"name":"Servilleta marfil microgofre 38 x 38 cm en paquetes de 40"}]},{"@type":"WebSite","@id":"https:\/\/www.csj-emballages.com\/es\/#website","url":"https:\/\/www.csj-emballages.com\/es\/","name":"CSJ Emballages","description":"","publisher":{"@id":"https:\/\/www.csj-emballages.com\/es\/#organization"},"potentialAction":[{"@type":"SearchAction","target":{"@type":"EntryPoint","urlTemplate":"https:\/\/www.csj-emballages.com\/es\/?s={search_term_string}"},"query-input":{"@type":"PropertyValueSpecification","valueRequired":true,"valueName":"search_term_string"}}],"inLanguage":"es"},{"@type":"Organization","@id":"https:\/\/www.csj-emballages.com\/es\/#Organization\/","name":"CSJ Emballages","url":"https:\/\/www.csj-emballages.com\/es\/","logo":{"@type":"ImageObject","inLanguage":"es","@id":"https:\/\/www.csj-emballages.com\/es\/#\/schema\/logo\/image\/","url":"https:\/\/www.csj-emballages.com\/wp-content\/uploads\/2023\/10\/logo_csj.webp","contentUrl":"https:\/\/www.csj-emballages.com\/wp-content\/uploads\/2023\/10\/logo_csj.webp","width":250,"height":95,"caption":"CSJ Emballages"},"image":{"@id":"https:\/\/www.csj-emballages.com\/es\/#\/schema\/logo\/image\/"},"sameAs":["https:\/\/www.facebook.com\/csjemballages"],"address":{"@type":"PostalAddress","streetAddress":"ZI La Lechere","addressLocality":"Patornay","postalCode":"39130","addressCountry":"FR"},"contactPoint":[{"@type":"ContactPoint","contactType":"Service client","telephone":"0384254272","email":"contact@csj-emballages.com"}]}]}},"df_price":1.38,"df_sale_price":"","df_regular_price":1.38,"df_image_link":"https:\/\/www.csj-emballages.com\/wp-content\/uploads\/2025\/11\/SR40MGIV-300x300.webp","tiered_pricing_type":"fixed","tiered_pricing_fixed_rules":[],"tiered_pricing_percentage_rules":[],"tiered_pricing_minimum":1,"tiered_pricing_roles_data":[],"_links":{"self":[{"href":"https:\/\/www.csj-emballages.com\/es\/wp-json\/wp\/v2\/product\/259451","targetHints":{"allow":["GET"]}}],"collection":[{"href":"https:\/\/www.csj-emballages.com\/es\/wp-json\/wp\/v2\/product"}],"about":[{"href":"https:\/\/www.csj-emballages.com\/es\/wp-json\/wp\/v2\/types\/product"}],"wp:featuredmedia":[{"embeddable":true,"href":"https:\/\/www.csj-emballages.com\/es\/wp-json\/wp\/v2\/media\/259447"}],"wp:attachment":[{"href":"https:\/\/www.csj-emballages.com\/es\/wp-json\/wp\/v2\/media?parent=259451"}],"wp:term":[{"taxonomy":"product_brand","embeddable":true,"href":"https:\/\/www.csj-emballages.com\/es\/wp-json\/wp\/v2\/product_brand?post=259451"},{"taxonomy":"product_cat","embeddable":true,"href":"https:\/\/www.csj-emballages.com\/es\/wp-json\/wp\/v2\/product_cat?post=259451"},{"taxonomy":"product_tag","embeddable":true,"href":"https:\/\/www.csj-emballages.com\/es\/wp-json\/wp\/v2\/product_tag?post=259451"}],"curies":[{"name":"wp","href":"https:\/\/api.w.org\/{rel}","templated":true}]}}