{"id":259284,"date":"2025-09-15T09:55:59","date_gmt":"2025-09-15T07:55:59","guid":{"rendered":"https:\/\/www.csj-emballages.com\/produit\/servilleta-lila-microgofre-38-x-38-cm-pack-de-40\/"},"modified":"2026-04-05T02:11:27","modified_gmt":"2026-04-05T00:11:27","slug":"servilleta-lila-microgofre-38-x-38-cm-pack-de-40","status":"publish","type":"product","link":"https:\/\/www.csj-emballages.com\/es\/produit\/servilleta-lila-microgofre-38-x-38-cm-pack-de-40\/","title":{"rendered":"Servilleta lila microgofre 38 x 38 cm, pack de 40"},"content":{"rendered":"<h2 class=\"p1\">Servilleta lila<\/h2>\n<hr>\n<h3>Descripci\u00f3n de nuestra servilleta lila microgofre de 38 x 38 cm, pack de 40<\/h3>\n<p><!--more--><\/p>\n<p data-start=\"261\" data-end=\"652\">Esta <strong data-start=\"267\" data-end=\"310\">servilleta lila microgofre de 38 x 38 cm<\/strong> aporta instant\u00e1neamente un toque <strong>suave<\/strong> y <strong>elegante<\/strong> a sus mesas. Su delicado color se sale de los tonos cl\u00e1sicos, pero sigue siendo f\u00e1cil de combinar, ya sea para un evento, un servicio de catering, un restaurante o incluso una recepci\u00f3n m\u00e1s informal. Atrae la atenci\u00f3n sin exagerar y crea un ambiente cuidado desde el principio.  <\/p>\n<p data-start=\"654\" data-end=\"1013\">Gracias a su textura <strong>microgofre<\/strong>, la servilleta ofrece un buen agarre y una absorci\u00f3n eficaz. No se limita a ser bonita, sino que tambi\u00e9n es agradable de usar. Los discretos relieves le dan un tacto m\u00e1s cualitativo y evitan el efecto \u00abpapel demasiado liso\u00bb. As\u00ed, sus clientes disfrutan de una verdadera comodidad en la mesa, de principio a fin de la comida.   <\/p>\n<p data-start=\"1015\" data-end=\"1304\">Su formato de <strong data-start=\"1026\" data-end=\"1040\">38 x 38 cm<\/strong> es perfecto para muchos usos. Se puede plegar de diferentes maneras para vestir una mesa o simplemente colocarla para un servicio r\u00e1pido. Del mismo modo, mantiene una buena resistencia durante toda la comida, incluso durante los servicios m\u00e1s animados.  <\/p>\n<p data-start=\"1306\" data-end=\"1526\">El <strong data-start=\"1309\" data-end=\"1333\">lote de 40 servilletas<\/strong> permite gestionar f\u00e1cilmente las necesidades puntuales o regulares, sin excedentes innecesarios. Es una soluci\u00f3n pr\u00e1ctica para quienes desean combinar est\u00e9tica, eficacia y sencillez en el d\u00eda a d\u00eda. <\/p>\n<p data-start=\"1528\" data-end=\"1707\">En resumen, esta <strong>servilleta lila microgofre<\/strong> combina suavidad visual, comodidad de uso y practicidad. Un peque\u00f1o detalle que marca la diferencia en una mesa bien pensada. <\/p>\n<p><!--more--><\/p>\n<h4>Ventajas :<\/h4>\n<ul>\n<li><strong data-start=\"948\" data-end=\"973\">Elegantes y modernas<\/strong>: Color lila suave y elegante, ideal para todas las ocasiones<\/li>\n<li><strong data-start=\"1041\" data-end=\"1064\">Absorci\u00f3n \u00f3ptima<\/strong>: textura en relieve para una mayor eficacia<\/li>\n<li><strong data-start=\"1118\" data-end=\"1147\">C\u00f3modo y duradero<\/strong>: Suave al tacto y ajuste perfecto durante las comidas<\/li>\n<li><strong data-start=\"1209\" data-end=\"1228\">Formato pr\u00e1ctico<\/strong>: dimensiones generosas para un uso vers\u00e1til<\/li>\n<li><strong data-start=\"1291\" data-end=\"1309\">Paquete econ\u00f3mico<\/strong>: estas servilletas con relieve se<span class=\"Apple-converted-space\"> venden<\/span>en paquetes de 40 unidades, ideales para uso profesional o personal.<\/li>\n<\/ul>\n<p>&nbsp;<\/p>\n<p><!--more--><\/p>\n<h4>Informaci\u00f3n adicional :<\/h4>\n<ul>\n<li><strong>Envase<\/strong>: Paquete de 40<\/li>\n<li><strong>Dimensiones<\/strong>: 38 x 38 cm<\/li>\n<li><strong>Material<\/strong>: Microgofre<\/li>\n<li><strong>Color<\/strong>: Lila<\/li>\n<\/ul>\n<p>&nbsp;<\/p>\n<p><!--more--><\/p>\n<p>Este producto est\u00e1 disponible en diferentes colores: <span style=\"color: #d12727;\"><a style=\"color: #d12727;\" href=\"https:\/\/www.csj-emballages.com\/es\/produit\/servilleta-azul-pastel-microgofreada-de-38-x-38-cm-en-paquetes-de-40\/\">Azul pastel<\/a><\/span> \/ <span style=\"color: #d12727;\"><a style=\"color: #d12727;\" href=\"https:\/\/www.csj-emballages.com\/es\/produit\/servilleta-rosa-pastel-microgofre-de-38-x-38-cm-pack-de-40\/\">Rosa pastel<\/a><\/span> \/ <span style=\"color: #d12727;\"><a style=\"color: #d12727;\" href=\"https:\/\/www.csj-emballages.com\/es\/produit\/servilleta-naranja-microgofre-de-38-x-38-cm-pack-de-40\/\">Naranja<\/a><\/span> \/ <span style=\"color: #d12727;\"><a style=\"color: #d12727;\" href=\"https:\/\/www.csj-emballages.com\/es\/produit\/servilleta-marfil-microgofre-38-x-38-cm-en-paquetes-de-40\/\">Marfil<\/a><\/span> \/ <span style=\"color: #d12727;\"><a style=\"color: #d12727;\" href=\"https:\/\/www.csj-emballages.com\/es\/produit\/servilleta-color-champan-micro-gofrada-de-38-x-38-cm-pack-de-40\/\">Champ\u00e1n<\/a><\/span> \/ <span style=\"color: #d12727;\"><a style=\"color: #d12727;\" href=\"https:\/\/www.csj-emballages.com\/es\/produit\/toalla-amarilla-micro-gofrada-de-38-x-38-cm-pack-de-40\/\">Amarillo<\/a><\/span> \/ <span style=\"color: #d12727;\"><a style=\"color: #d12727;\" href=\"https:\/\/www.csj-emballages.com\/es\/produit\/servilleta-azul-marino-microgofre-de-38-x-38-cm-pack-de-40\/\">Azul marino<\/a><\/span><\/p>\n<p>&nbsp;<\/p>\n<p><!--more--><\/p>\n<p><a href=\"\/?product_cat=serviettes-2-plis-micro-gaufrees\">Ver el resto de nuestra gama de toallas gofradas de 2 capas<\/a><\/p>\n","protected":false},"excerpt":{"rendered":"<p>Servilleta lila Descripci\u00f3n de nuestra servilleta lila microgofre de 38 x 38 cm, pack de 40<\/p>\n","protected":false},"featured_media":259283,"template":"","meta":{"_acf_changed":false},"product_brand":[],"product_cat":[1150,1179,1182,1285,1289],"product_tag":[],"class_list":{"0":"post-259284","1":"product","2":"type-product","3":"status-publish","4":"has-post-thumbnail","6":"product_cat-envasado-de-alimentos","7":"product_cat-catering-es","8":"product_cat-servilletas-manteles-individuales-manteles","9":"product_cat-toallas","10":"product_cat-toallas-microgofradas-de-2-capas","12":"first","13":"instock","14":"taxable","15":"shipping-taxable","16":"purchasable","17":"product-type-simple"},"acf":[],"yoast_head":"<!-- This site is optimized with the Yoast SEO Premium plugin v26.6 (Yoast SEO v26.6) - https:\/\/yoast.com\/wordpress\/plugins\/seo\/ -->\n<title>Servilleta Lila Microgofre 38 x 38 cm, pack de 40<\/title>\n<meta name=\"description\" content=\"Servilleta lila microgofre de 38 x 38 cm, se vende en packs de 40. Elegante, absorbente y agradable al tacto, ideal para mesas, eventos y restauraci\u00f3n.\" \/>\n<meta name=\"robots\" content=\"index, follow, max-snippet:-1, max-image-preview:large, max-video-preview:-1\" \/>\n<link rel=\"canonical\" href=\"https:\/\/www.csj-emballages.com\/es\/produit\/servilleta-lila-microgofre-38-x-38-cm-pack-de-40\/\" \/>\n<meta property=\"og:locale\" content=\"es_ES\" \/>\n<meta property=\"og:type\" content=\"article\" \/>\n<meta property=\"og:title\" content=\"Servilleta lila microgofre 38 x 38 cm, pack de 40\" \/>\n<meta property=\"og:description\" content=\"Servilleta lila microgofre de 38 x 38 cm, se vende en packs de 40. Elegante, absorbente y agradable al tacto, ideal para mesas, eventos y restauraci\u00f3n.\" \/>\n<meta property=\"og:url\" content=\"https:\/\/www.csj-emballages.com\/es\/produit\/servilleta-lila-microgofre-38-x-38-cm-pack-de-40\/\" \/>\n<meta property=\"og:site_name\" content=\"CSJ Emballages\" \/>\n<meta property=\"article:publisher\" content=\"https:\/\/www.facebook.com\/csjemballages\" \/>\n<meta property=\"article:modified_time\" content=\"2026-04-05T00:11:27+00:00\" \/>\n<meta property=\"og:image\" content=\"https:\/\/www.csj-emballages.com\/wp-content\/uploads\/2025\/09\/SR40MGLILA.webp\" \/>\n\t<meta property=\"og:image:width\" content=\"800\" \/>\n\t<meta property=\"og:image:height\" content=\"800\" \/>\n\t<meta property=\"og:image:type\" content=\"image\/jpeg\" \/>\n<meta name=\"twitter:card\" content=\"summary_large_image\" \/>\n<meta name=\"twitter:label1\" content=\"Tiempo de lectura\" \/>\n\t<meta name=\"twitter:data1\" content=\"2 minutos\" \/>\n<script type=\"application\/ld+json\" class=\"yoast-schema-graph\">{\"@context\":\"https:\/\/schema.org\",\"@graph\":[{\"@type\":\"WebPage\",\"@id\":\"https:\/\/www.csj-emballages.com\/es\/produit\/servilleta-lila-microgofre-38-x-38-cm-pack-de-40\/\",\"url\":\"https:\/\/www.csj-emballages.com\/es\/produit\/servilleta-lila-microgofre-38-x-38-cm-pack-de-40\/\",\"name\":\"Servilleta Lila Microgofre 38 x 38 cm, pack de 40\",\"isPartOf\":{\"@id\":\"https:\/\/www.csj-emballages.com\/es\/#website\"},\"primaryImageOfPage\":{\"@id\":\"https:\/\/www.csj-emballages.com\/es\/produit\/servilleta-lila-microgofre-38-x-38-cm-pack-de-40\/#primaryimage\"},\"image\":{\"@id\":\"https:\/\/www.csj-emballages.com\/es\/produit\/servilleta-lila-microgofre-38-x-38-cm-pack-de-40\/#primaryimage\"},\"thumbnailUrl\":\"https:\/\/www.csj-emballages.com\/wp-content\/uploads\/2025\/09\/SR40MGLILA.webp\",\"datePublished\":\"2025-09-15T07:55:59+00:00\",\"dateModified\":\"2026-04-05T00:11:27+00:00\",\"description\":\"Servilleta lila microgofre de 38 x 38 cm, se vende en packs de 40. Elegante, absorbente y agradable al tacto, ideal para mesas, eventos y restauraci\u00f3n.\",\"breadcrumb\":{\"@id\":\"https:\/\/www.csj-emballages.com\/es\/produit\/servilleta-lila-microgofre-38-x-38-cm-pack-de-40\/#breadcrumb\"},\"inLanguage\":\"es\",\"potentialAction\":[{\"@type\":\"ReadAction\",\"target\":[\"https:\/\/www.csj-emballages.com\/es\/produit\/servilleta-lila-microgofre-38-x-38-cm-pack-de-40\/\"]}]},{\"@type\":\"ImageObject\",\"inLanguage\":\"es\",\"@id\":\"https:\/\/www.csj-emballages.com\/es\/produit\/servilleta-lila-microgofre-38-x-38-cm-pack-de-40\/#primaryimage\",\"url\":\"https:\/\/www.csj-emballages.com\/wp-content\/uploads\/2025\/09\/SR40MGLILA.webp\",\"contentUrl\":\"https:\/\/www.csj-emballages.com\/wp-content\/uploads\/2025\/09\/SR40MGLILA.webp\",\"width\":800,\"height\":800,\"caption\":\"Serviette lila\"},{\"@type\":\"BreadcrumbList\",\"@id\":\"https:\/\/www.csj-emballages.com\/es\/produit\/servilleta-lila-microgofre-38-x-38-cm-pack-de-40\/#breadcrumb\",\"itemListElement\":[{\"@type\":\"ListItem\",\"position\":1,\"name\":\"Accueil\",\"item\":\"https:\/\/www.csj-emballages.com\/es\/universo-del-envasado-alimentario\/\"},{\"@type\":\"ListItem\",\"position\":2,\"name\":\"Tienda\",\"item\":\"https:\/\/www.csj-emballages.com\/tienda\/\"},{\"@type\":\"ListItem\",\"position\":3,\"name\":\"Servilleta lila microgofre 38 x 38 cm, pack de 40\"}]},{\"@type\":\"WebSite\",\"@id\":\"https:\/\/www.csj-emballages.com\/es\/#website\",\"url\":\"https:\/\/www.csj-emballages.com\/es\/\",\"name\":\"CSJ Emballages\",\"description\":\"\",\"publisher\":{\"@id\":\"https:\/\/www.csj-emballages.com\/es\/#organization\"},\"potentialAction\":[{\"@type\":\"SearchAction\",\"target\":{\"@type\":\"EntryPoint\",\"urlTemplate\":\"https:\/\/www.csj-emballages.com\/es\/?s={search_term_string}\"},\"query-input\":{\"@type\":\"PropertyValueSpecification\",\"valueRequired\":true,\"valueName\":\"search_term_string\"}}],\"inLanguage\":\"es\"},{\"@type\":\"Organization\",\"@id\":\"https:\/\/www.csj-emballages.com\/es\/#Organization\/\",\"name\":\"CSJ Emballages\",\"url\":\"https:\/\/www.csj-emballages.com\/es\/\",\"logo\":{\"@type\":\"ImageObject\",\"inLanguage\":\"es\",\"@id\":\"https:\/\/www.csj-emballages.com\/es\/#\/schema\/logo\/image\/\",\"url\":\"https:\/\/www.csj-emballages.com\/wp-content\/uploads\/2023\/10\/logo_csj.webp\",\"contentUrl\":\"https:\/\/www.csj-emballages.com\/wp-content\/uploads\/2023\/10\/logo_csj.webp\",\"width\":250,\"height\":95,\"caption\":\"CSJ Emballages\"},\"image\":{\"@id\":\"https:\/\/www.csj-emballages.com\/es\/#\/schema\/logo\/image\/\"},\"sameAs\":[\"https:\/\/www.facebook.com\/csjemballages\"],\"address\":{\"@type\":\"PostalAddress\",\"streetAddress\":\"ZI La Lechere\",\"addressLocality\":\"Patornay\",\"postalCode\":\"39130\",\"addressCountry\":\"FR\"},\"contactPoint\":[{\"@type\":\"ContactPoint\",\"contactType\":\"Service client\",\"telephone\":\"0384254272\",\"email\":\"contact@csj-emballages.com\"}]}]}<\/script>\n<!-- \/ Yoast SEO Premium plugin. -->","yoast_head_json":{"title":"Servilleta Lila Microgofre 38 x 38 cm, pack de 40","description":"Servilleta lila microgofre de 38 x 38 cm, se vende en packs de 40. Elegante, absorbente y agradable al tacto, ideal para mesas, eventos y restauraci\u00f3n.","robots":{"index":"index","follow":"follow","max-snippet":"max-snippet:-1","max-image-preview":"max-image-preview:large","max-video-preview":"max-video-preview:-1"},"canonical":"https:\/\/www.csj-emballages.com\/es\/produit\/servilleta-lila-microgofre-38-x-38-cm-pack-de-40\/","og_locale":"es_ES","og_type":"article","og_title":"Servilleta lila microgofre 38 x 38 cm, pack de 40","og_description":"Servilleta lila microgofre de 38 x 38 cm, se vende en packs de 40. Elegante, absorbente y agradable al tacto, ideal para mesas, eventos y restauraci\u00f3n.","og_url":"https:\/\/www.csj-emballages.com\/es\/produit\/servilleta-lila-microgofre-38-x-38-cm-pack-de-40\/","og_site_name":"CSJ Emballages","article_publisher":"https:\/\/www.facebook.com\/csjemballages","article_modified_time":"2026-04-05T00:11:27+00:00","og_image":[{"width":800,"height":800,"url":"https:\/\/www.csj-emballages.com\/wp-content\/uploads\/2025\/09\/SR40MGLILA.webp","type":"image\/jpeg"}],"twitter_card":"summary_large_image","twitter_misc":{"Tiempo de lectura":"2 minutos"},"schema":{"@context":"https:\/\/schema.org","@graph":[{"@type":"WebPage","@id":"https:\/\/www.csj-emballages.com\/es\/produit\/servilleta-lila-microgofre-38-x-38-cm-pack-de-40\/","url":"https:\/\/www.csj-emballages.com\/es\/produit\/servilleta-lila-microgofre-38-x-38-cm-pack-de-40\/","name":"Servilleta Lila Microgofre 38 x 38 cm, pack de 40","isPartOf":{"@id":"https:\/\/www.csj-emballages.com\/es\/#website"},"primaryImageOfPage":{"@id":"https:\/\/www.csj-emballages.com\/es\/produit\/servilleta-lila-microgofre-38-x-38-cm-pack-de-40\/#primaryimage"},"image":{"@id":"https:\/\/www.csj-emballages.com\/es\/produit\/servilleta-lila-microgofre-38-x-38-cm-pack-de-40\/#primaryimage"},"thumbnailUrl":"https:\/\/www.csj-emballages.com\/wp-content\/uploads\/2025\/09\/SR40MGLILA.webp","datePublished":"2025-09-15T07:55:59+00:00","dateModified":"2026-04-05T00:11:27+00:00","description":"Servilleta lila microgofre de 38 x 38 cm, se vende en packs de 40. Elegante, absorbente y agradable al tacto, ideal para mesas, eventos y restauraci\u00f3n.","breadcrumb":{"@id":"https:\/\/www.csj-emballages.com\/es\/produit\/servilleta-lila-microgofre-38-x-38-cm-pack-de-40\/#breadcrumb"},"inLanguage":"es","potentialAction":[{"@type":"ReadAction","target":["https:\/\/www.csj-emballages.com\/es\/produit\/servilleta-lila-microgofre-38-x-38-cm-pack-de-40\/"]}]},{"@type":"ImageObject","inLanguage":"es","@id":"https:\/\/www.csj-emballages.com\/es\/produit\/servilleta-lila-microgofre-38-x-38-cm-pack-de-40\/#primaryimage","url":"https:\/\/www.csj-emballages.com\/wp-content\/uploads\/2025\/09\/SR40MGLILA.webp","contentUrl":"https:\/\/www.csj-emballages.com\/wp-content\/uploads\/2025\/09\/SR40MGLILA.webp","width":800,"height":800,"caption":"Serviette lila"},{"@type":"BreadcrumbList","@id":"https:\/\/www.csj-emballages.com\/es\/produit\/servilleta-lila-microgofre-38-x-38-cm-pack-de-40\/#breadcrumb","itemListElement":[{"@type":"ListItem","position":1,"name":"Accueil","item":"https:\/\/www.csj-emballages.com\/es\/universo-del-envasado-alimentario\/"},{"@type":"ListItem","position":2,"name":"Tienda","item":"https:\/\/www.csj-emballages.com\/tienda\/"},{"@type":"ListItem","position":3,"name":"Servilleta lila microgofre 38 x 38 cm, pack de 40"}]},{"@type":"WebSite","@id":"https:\/\/www.csj-emballages.com\/es\/#website","url":"https:\/\/www.csj-emballages.com\/es\/","name":"CSJ Emballages","description":"","publisher":{"@id":"https:\/\/www.csj-emballages.com\/es\/#organization"},"potentialAction":[{"@type":"SearchAction","target":{"@type":"EntryPoint","urlTemplate":"https:\/\/www.csj-emballages.com\/es\/?s={search_term_string}"},"query-input":{"@type":"PropertyValueSpecification","valueRequired":true,"valueName":"search_term_string"}}],"inLanguage":"es"},{"@type":"Organization","@id":"https:\/\/www.csj-emballages.com\/es\/#Organization\/","name":"CSJ Emballages","url":"https:\/\/www.csj-emballages.com\/es\/","logo":{"@type":"ImageObject","inLanguage":"es","@id":"https:\/\/www.csj-emballages.com\/es\/#\/schema\/logo\/image\/","url":"https:\/\/www.csj-emballages.com\/wp-content\/uploads\/2023\/10\/logo_csj.webp","contentUrl":"https:\/\/www.csj-emballages.com\/wp-content\/uploads\/2023\/10\/logo_csj.webp","width":250,"height":95,"caption":"CSJ Emballages"},"image":{"@id":"https:\/\/www.csj-emballages.com\/es\/#\/schema\/logo\/image\/"},"sameAs":["https:\/\/www.facebook.com\/csjemballages"],"address":{"@type":"PostalAddress","streetAddress":"ZI La Lechere","addressLocality":"Patornay","postalCode":"39130","addressCountry":"FR"},"contactPoint":[{"@type":"ContactPoint","contactType":"Service client","telephone":"0384254272","email":"contact@csj-emballages.com"}]}]}},"df_price":1.72,"df_sale_price":"","df_regular_price":1.72,"df_image_link":"https:\/\/www.csj-emballages.com\/wp-content\/uploads\/2025\/09\/SR40MGLILA-300x300.webp","tiered_pricing_type":"fixed","tiered_pricing_fixed_rules":[],"tiered_pricing_percentage_rules":[],"tiered_pricing_minimum":1,"tiered_pricing_roles_data":[],"_links":{"self":[{"href":"https:\/\/www.csj-emballages.com\/es\/wp-json\/wp\/v2\/product\/259284","targetHints":{"allow":["GET"]}}],"collection":[{"href":"https:\/\/www.csj-emballages.com\/es\/wp-json\/wp\/v2\/product"}],"about":[{"href":"https:\/\/www.csj-emballages.com\/es\/wp-json\/wp\/v2\/types\/product"}],"wp:featuredmedia":[{"embeddable":true,"href":"https:\/\/www.csj-emballages.com\/es\/wp-json\/wp\/v2\/media\/259283"}],"wp:attachment":[{"href":"https:\/\/www.csj-emballages.com\/es\/wp-json\/wp\/v2\/media?parent=259284"}],"wp:term":[{"taxonomy":"product_brand","embeddable":true,"href":"https:\/\/www.csj-emballages.com\/es\/wp-json\/wp\/v2\/product_brand?post=259284"},{"taxonomy":"product_cat","embeddable":true,"href":"https:\/\/www.csj-emballages.com\/es\/wp-json\/wp\/v2\/product_cat?post=259284"},{"taxonomy":"product_tag","embeddable":true,"href":"https:\/\/www.csj-emballages.com\/es\/wp-json\/wp\/v2\/product_tag?post=259284"}],"curies":[{"name":"wp","href":"https:\/\/api.w.org\/{rel}","templated":true}]}}