{"id":259022,"date":"2025-12-15T14:18:23","date_gmt":"2025-12-15T13:18:23","guid":{"rendered":"https:\/\/www.csj-emballages.com\/produit\/vaina-de-detergente-desinfectante-con-aroma-floral-20ml-250pcs\/"},"modified":"2026-04-03T02:11:39","modified_gmt":"2026-04-03T00:11:39","slug":"vaina-de-detergente-desinfectante-con-aroma-floral-20ml-250pcs","status":"publish","type":"product","link":"https:\/\/www.csj-emballages.com\/es\/produit\/vaina-de-detergente-desinfectante-con-aroma-floral-20ml-250pcs\/","title":{"rendered":"Vaina de detergente desinfectante con aroma floral 20ml 250pcs"},"content":{"rendered":"<div class=\"flex flex-grow flex-col max-w-full\">\n<div class=\"min-h-[20px] text-message flex flex-col items-start whitespace-pre-wrap break-words [.text-message+&amp;]:mt-5 juice:w-full juice:items-end overflow-x-auto gap-2\" dir=\"auto\" data-message-author-role=\"assistant\" data-message-id=\"2034782e-88f9-44ef-b4dc-07dd7bf0115f\">\n<div class=\"flex w-full flex-col gap-1 juice:empty:hidden juice:first:pt-[3px]\">\n<div class=\"markdown prose w-full break-words dark:prose-invert light\">\n<div style=\"font-family: Roboto, sans-serif;\">\n<div style=\"font-family: Roboto, sans-serif;\">\n<div style=\"font-family: Roboto, sans-serif;\">\n<div style=\"font-family: Roboto, sans-serif;\">\n<div style=\"font-family: Roboto, sans-serif;\">\n<div style=\"font-family: Roboto, sans-serif;\">\n<h2 class=\"p1\">C\u00e1psula de detergente<\/h2>\n<div style=\"font-family: Roboto, sans-serif;\">\n<div style=\"font-family: Roboto, sans-serif;\">\n<div style=\"font-family: Roboto, sans-serif;\">\n<div style=\"text-align: center;\">\n<div style=\"font-family: Roboto, sans-serif;\">\n<div style=\"font-family: Roboto, sans-serif;\">\n<div style=\"font-family: Roboto, sans-serif;\">\n<div style=\"font-family: Roboto, sans-serif;\">\n<div style=\"font-family: Roboto, sans-serif;\">\n<div style=\"font-family: Roboto, sans-serif; text-align: left;\">\n<hr>\n<h3 style=\"text-align: left;\">Descripci\u00f3n de nuestro desodorante desinfectante detergente en bolsitas con fragancia ambiental 20ml envase de 250<\/h3>\n<h3 style=\"text-align: left;\"><!--more--><\/h3>\n<p data-start=\"248\" data-end=\"651\">Cuando necesite limpiar eficazmente dejando una verdadera sensaci\u00f3n de frescor, este <strong data-start=\"341\" data-end=\"405\">detergente desodorizante y desinfectante Freshysol<\/strong> 3D marca una clara diferencia. Dise\u00f1ado para la <strong>higiene de suelos<\/strong>, combina <strong>limpieza<\/strong>, <strong>desinfecci\u00f3n<\/strong> y <strong>desodorizaci\u00f3n<\/strong> en un solo paso. No hay necesidad de utilizar varios productos: una c\u00e1psula es todo lo que necesita para obtener un resultado limpio, saludable y agradable.  <\/p>\n<p data-start=\"653\" data-end=\"1012\">Su formato <strong data-start=\"664\" data-end=\"689\">de 20 ml listo para usar<\/strong> facilita el d\u00eda a d\u00eda. Se vierte la <strong>c\u00e1psula<\/strong>, se <strong>limpia<\/strong> y la dosis es siempre la correcta. As\u00ed se evitan los errores, el despilfarro y el consumo excesivo, especialmente en entornos profesionales donde la eficacia y la regularidad son esenciales. Cada uso garantiza el mismo rendimiento, d\u00eda tras d\u00eda.   <\/p>\n<p data-start=\"1014\" data-end=\"1422\">Desde su aplicaci\u00f3n, el producto act\u00faa sobre <strong>la suciedad<\/strong> neutralizando los malos olores. Lo mejor de todo es que deja una <strong data-start=\"1146\" data-end=\"1182\">fragancia floral suave y duradera<\/strong> que supone un verdadero cambio con respecto al cl\u00e1sico aroma de los productos de limpieza. El espacio adquiere inmediatamente un aspecto m\u00e1s limpio, fresco y acogedor, ya sea en oficinas, tiendas, aseos o zonas muy transitadas.  <\/p>\n<p data-start=\"1424\" data-end=\"1671\">Su acci\u00f3n <strong>desinfectante<\/strong> tambi\u00e9n contribuye a mantener un entorno m\u00e1s saludable, al eliminar las bacterias responsables de los malos olores. Por tanto, es una soluci\u00f3n ideal para combinar higiene y confort olfativo sin ning\u00fan esfuerzo adicional. <\/p>\n<p data-start=\"1673\" data-end=\"1894\">Envasada <strong data-start=\"1686\" data-end=\"1713\">en paquetes de 250 c\u00e1psulas<\/strong>, esta referencia se adapta perfectamente a un uso intensivo. Simplifica la gesti\u00f3n de las existencias, ahorra tiempo a los equipos y facilita la limpieza diaria. <\/p>\n<p data-start=\"1896\" data-end=\"2025\">En resumen, esta <strong>c\u00e1psula Freshysol 3D con aroma<\/strong> floral convierte el cuidado de los suelos en una rutina sencilla, eficaz y mucho m\u00e1s agradable.<\/p>\n<p data-start=\"1896\" data-end=\"2025\">\n<\/div>\n<\/div>\n<\/div>\n<\/div>\n<\/div>\n<\/div>\n<\/div>\n<\/div>\n<\/div>\n<\/div>\n<\/div>\n<\/div>\n<\/div>\n<\/div>\n<\/div>\n<\/div>\n<\/div>\n<\/div>\n<\/div>\n<\/div>\n<div class=\"flex flex-grow flex-col max-w-full\">\n<div class=\"min-h-[20px] text-message flex flex-col items-start whitespace-pre-wrap break-words [.text-message+&amp;]:mt-5 juice:w-full juice:items-end overflow-x-auto gap-2\" dir=\"auto\" data-message-author-role=\"assistant\" data-message-id=\"2034782e-88f9-44ef-b4dc-07dd7bf0115f\">\n<div class=\"flex w-full flex-col gap-1 juice:empty:hidden juice:first:pt-[3px]\">\n<div class=\"markdown prose w-full break-words dark:prose-invert light\">\n<div style=\"font-family: Roboto, sans-serif;\">\n<div style=\"font-family: Roboto, sans-serif;\">\n<div style=\"font-family: Roboto, sans-serif;\">\n<div style=\"font-family: Roboto, sans-serif;\">\n<div style=\"font-family: Roboto, sans-serif;\">\n<div style=\"font-family: Roboto, sans-serif;\">\n<p><!--more--><\/p>\n<h4 style=\"text-align: left;\"><strong>Ventajas :<\/strong><\/h4>\n<ul>\n<li data-start=\"2053\" data-end=\"2105\">Limpia, desinfecta y desodoriza en un solo paso.<\/li>\n<li data-start=\"2108\" data-end=\"2144\">Fragancia floral agradable y duradera.<\/li>\n<li data-start=\"2147\" data-end=\"2187\">Dosificaci\u00f3n precisa con c\u00e1psulas de <strong>20 ml<\/strong>.<\/li>\n<li data-start=\"2190\" data-end=\"2224\">Ahorro de tiempo y cero residuos.<\/li>\n<li data-start=\"2227\" data-end=\"2272\">Ideal para un uso profesional intensivo.<\/li>\n<li data-start=\"2275\" data-end=\"2294\">Fabricado en Francia.<\/li>\n<\/ul>\n<\/div>\n<\/div>\n<p>&nbsp;<\/p>\n<\/div>\n<\/div>\n<\/div>\n<\/div>\n<\/div>\n<\/div>\n<\/div>\n<\/div>\n<p><!--more--><\/p>\n<h4>Informaci\u00f3n adicional :<\/h4>\n<ul>\n<li><strong>Embalaje<\/strong>: Caja de 250<\/li>\n<li><strong>Uso<\/strong>: Vaina de detergente<\/li>\n<li><strong>Volumen<\/strong>: 20 ml<\/li>\n<li><strong>Aspecto<\/strong>: l\u00edquido<\/li>\n<li><strong>Fragancia<\/strong>: Floral<\/li>\n<li><strong>Bactericida<\/strong>: EN13697, EN1276, EN1650<\/li>\n<li><strong>pH<\/strong>: 4,5 +\/- 0,5<\/li>\n<\/ul>\n<p>&nbsp;<\/p>\n<p><!--more--><\/p>\n<p class=\"woocommerce-loop-product__title\">Tambi\u00e9n puede encontrar nuestro limpiador neutro de 5 litros con aroma de lim\u00f3n: <span style=\"color: #d12727;\"><a style=\"color: #d12727;\" href=\"https:\/\/www.csj-emballages.com\/es\/produit\/250-bolsitas-de-detergente-desinfectante-con-fragancia-ambiental-20-ml\/\">01095<\/a><\/span><\/p>\n<p>&nbsp;<\/p>\n<p><!--more--><\/p>\n<p>Este ambientador en c\u00e1psula tambi\u00e9n est\u00e1 disponible en fragancia para habitaciones: <span style=\"color: #d12727;\"><a style=\"color: #d12727;\" href=\"https:\/\/www.csj-emballages.com\/es\/produit\/250-bolsitas-de-detergente-desinfectante-con-fragancia-ambiental-20-ml\/\">A50020<\/a><\/span><\/p>\n<p>&nbsp;<\/p>\n<p style=\"text-align: left;\"><!--more--><\/p>\n<p><a href=\"https:\/\/www.csj-emballages.com\/es\/categorie-produit\/higiene-y-mantenimiento\/productos-de-limpieza\/suelo\/\">Ver el resto de nuestra gama de productos para el cuidado de los suelos<\/a><\/p>\n","protected":false},"excerpt":{"rendered":"<p>C\u00e1psula de detergente Descripci\u00f3n de nuestro desodorante desinfectante detergente en bolsitas con fragancia ambiental 20ml envase de 250<\/p>\n","protected":false},"featured_media":259012,"template":"","meta":{"_acf_changed":false},"product_brand":[],"product_cat":[1150,1226,1227,9725,1379],"product_tag":[],"class_list":{"0":"post-259022","1":"product","2":"type-product","3":"status-publish","4":"has-post-thumbnail","6":"product_cat-envasado-de-alimentos","7":"product_cat-higiene-y-mantenimiento","8":"product_cat-productos-de-limpieza","9":"product_cat-ambientadores-perfumes-es-2","10":"product_cat-suelo","12":"first","13":"instock","14":"taxable","15":"shipping-taxable","16":"purchasable","17":"product-type-simple"},"acf":[],"yoast_head":"<!-- This site is optimized with the Yoast SEO Premium plugin v26.6 (Yoast SEO v26.6) - https:\/\/yoast.com\/wordpress\/plugins\/seo\/ -->\n<title>Dosificador Detergente Desinfectante Fragancia Floral 20ml \u00e0 250<\/title>\n<meta name=\"description\" content=\"Freshysol 3D fragancia floral detergente desinfectante vaina 20 ml por 250. Limpia, neutraliza los olores y deja un frescor duradero.\" \/>\n<meta name=\"robots\" content=\"index, follow, max-snippet:-1, max-image-preview:large, max-video-preview:-1\" \/>\n<link rel=\"canonical\" href=\"https:\/\/www.csj-emballages.com\/es\/produit\/vaina-de-detergente-desinfectante-con-aroma-floral-20ml-250pcs\/\" \/>\n<meta property=\"og:locale\" content=\"es_ES\" \/>\n<meta property=\"og:type\" content=\"article\" \/>\n<meta property=\"og:title\" content=\"Vaina de detergente desinfectante con aroma floral 20ml 250pcs\" \/>\n<meta property=\"og:description\" content=\"Freshysol 3D fragancia floral detergente desinfectante vaina 20 ml por 250. Limpia, neutraliza los olores y deja un frescor duradero.\" \/>\n<meta property=\"og:url\" content=\"https:\/\/www.csj-emballages.com\/es\/produit\/vaina-de-detergente-desinfectante-con-aroma-floral-20ml-250pcs\/\" \/>\n<meta property=\"og:site_name\" content=\"CSJ Emballages\" \/>\n<meta property=\"article:publisher\" content=\"https:\/\/www.facebook.com\/csjemballages\" \/>\n<meta property=\"article:modified_time\" content=\"2026-04-03T00:11:39+00:00\" \/>\n<meta property=\"og:image\" content=\"https:\/\/www.csj-emballages.com\/wp-content\/uploads\/2025\/12\/136410.webp\" \/>\n\t<meta property=\"og:image:width\" content=\"800\" \/>\n\t<meta property=\"og:image:height\" content=\"800\" \/>\n\t<meta property=\"og:image:type\" content=\"image\/webp\" \/>\n<meta name=\"twitter:card\" content=\"summary_large_image\" \/>\n<meta name=\"twitter:label1\" content=\"Tiempo de lectura\" \/>\n\t<meta name=\"twitter:data1\" content=\"2 minutos\" \/>\n<script type=\"application\/ld+json\" class=\"yoast-schema-graph\">{\"@context\":\"https:\/\/schema.org\",\"@graph\":[{\"@type\":\"WebPage\",\"@id\":\"https:\/\/www.csj-emballages.com\/es\/produit\/vaina-de-detergente-desinfectante-con-aroma-floral-20ml-250pcs\/\",\"url\":\"https:\/\/www.csj-emballages.com\/es\/produit\/vaina-de-detergente-desinfectante-con-aroma-floral-20ml-250pcs\/\",\"name\":\"Dosificador Detergente Desinfectante Fragancia Floral 20ml \u00e0 250\",\"isPartOf\":{\"@id\":\"https:\/\/www.csj-emballages.com\/es\/#website\"},\"primaryImageOfPage\":{\"@id\":\"https:\/\/www.csj-emballages.com\/es\/produit\/vaina-de-detergente-desinfectante-con-aroma-floral-20ml-250pcs\/#primaryimage\"},\"image\":{\"@id\":\"https:\/\/www.csj-emballages.com\/es\/produit\/vaina-de-detergente-desinfectante-con-aroma-floral-20ml-250pcs\/#primaryimage\"},\"thumbnailUrl\":\"https:\/\/www.csj-emballages.com\/wp-content\/uploads\/2025\/12\/136410.webp\",\"datePublished\":\"2025-12-15T13:18:23+00:00\",\"dateModified\":\"2026-04-03T00:11:39+00:00\",\"description\":\"Freshysol 3D fragancia floral detergente desinfectante vaina 20 ml por 250. Limpia, neutraliza los olores y deja un frescor duradero.\",\"breadcrumb\":{\"@id\":\"https:\/\/www.csj-emballages.com\/es\/produit\/vaina-de-detergente-desinfectante-con-aroma-floral-20ml-250pcs\/#breadcrumb\"},\"inLanguage\":\"es\",\"potentialAction\":[{\"@type\":\"ReadAction\",\"target\":[\"https:\/\/www.csj-emballages.com\/es\/produit\/vaina-de-detergente-desinfectante-con-aroma-floral-20ml-250pcs\/\"]}]},{\"@type\":\"ImageObject\",\"inLanguage\":\"es\",\"@id\":\"https:\/\/www.csj-emballages.com\/es\/produit\/vaina-de-detergente-desinfectante-con-aroma-floral-20ml-250pcs\/#primaryimage\",\"url\":\"https:\/\/www.csj-emballages.com\/wp-content\/uploads\/2025\/12\/136410.webp\",\"contentUrl\":\"https:\/\/www.csj-emballages.com\/wp-content\/uploads\/2025\/12\/136410.webp\",\"width\":800,\"height\":800,\"caption\":\"Dosette d\u00e9tergente\"},{\"@type\":\"BreadcrumbList\",\"@id\":\"https:\/\/www.csj-emballages.com\/es\/produit\/vaina-de-detergente-desinfectante-con-aroma-floral-20ml-250pcs\/#breadcrumb\",\"itemListElement\":[{\"@type\":\"ListItem\",\"position\":1,\"name\":\"Accueil\",\"item\":\"https:\/\/www.csj-emballages.com\/es\/universo-del-envasado-alimentario\/\"},{\"@type\":\"ListItem\",\"position\":2,\"name\":\"Tienda\",\"item\":\"https:\/\/www.csj-emballages.com\/tienda\/\"},{\"@type\":\"ListItem\",\"position\":3,\"name\":\"Vaina de detergente desinfectante con aroma floral 20ml 250pcs\"}]},{\"@type\":\"WebSite\",\"@id\":\"https:\/\/www.csj-emballages.com\/es\/#website\",\"url\":\"https:\/\/www.csj-emballages.com\/es\/\",\"name\":\"CSJ Emballages\",\"description\":\"\",\"publisher\":{\"@id\":\"https:\/\/www.csj-emballages.com\/es\/#organization\"},\"potentialAction\":[{\"@type\":\"SearchAction\",\"target\":{\"@type\":\"EntryPoint\",\"urlTemplate\":\"https:\/\/www.csj-emballages.com\/es\/?s={search_term_string}\"},\"query-input\":{\"@type\":\"PropertyValueSpecification\",\"valueRequired\":true,\"valueName\":\"search_term_string\"}}],\"inLanguage\":\"es\"},{\"@type\":\"Organization\",\"@id\":\"https:\/\/www.csj-emballages.com\/es\/#Organization\/\",\"name\":\"CSJ Emballages\",\"url\":\"https:\/\/www.csj-emballages.com\/es\/\",\"logo\":{\"@type\":\"ImageObject\",\"inLanguage\":\"es\",\"@id\":\"https:\/\/www.csj-emballages.com\/es\/#\/schema\/logo\/image\/\",\"url\":\"https:\/\/www.csj-emballages.com\/wp-content\/uploads\/2023\/10\/logo_csj.webp\",\"contentUrl\":\"https:\/\/www.csj-emballages.com\/wp-content\/uploads\/2023\/10\/logo_csj.webp\",\"width\":250,\"height\":95,\"caption\":\"CSJ Emballages\"},\"image\":{\"@id\":\"https:\/\/www.csj-emballages.com\/es\/#\/schema\/logo\/image\/\"},\"sameAs\":[\"https:\/\/www.facebook.com\/csjemballages\"],\"address\":{\"@type\":\"PostalAddress\",\"streetAddress\":\"ZI La Lechere\",\"addressLocality\":\"Patornay\",\"postalCode\":\"39130\",\"addressCountry\":\"FR\"},\"contactPoint\":[{\"@type\":\"ContactPoint\",\"contactType\":\"Service client\",\"telephone\":\"0384254272\",\"email\":\"contact@csj-emballages.com\"}]}]}<\/script>\n<!-- \/ Yoast SEO Premium plugin. -->","yoast_head_json":{"title":"Dosificador Detergente Desinfectante Fragancia Floral 20ml \u00e0 250","description":"Freshysol 3D fragancia floral detergente desinfectante vaina 20 ml por 250. Limpia, neutraliza los olores y deja un frescor duradero.","robots":{"index":"index","follow":"follow","max-snippet":"max-snippet:-1","max-image-preview":"max-image-preview:large","max-video-preview":"max-video-preview:-1"},"canonical":"https:\/\/www.csj-emballages.com\/es\/produit\/vaina-de-detergente-desinfectante-con-aroma-floral-20ml-250pcs\/","og_locale":"es_ES","og_type":"article","og_title":"Vaina de detergente desinfectante con aroma floral 20ml 250pcs","og_description":"Freshysol 3D fragancia floral detergente desinfectante vaina 20 ml por 250. Limpia, neutraliza los olores y deja un frescor duradero.","og_url":"https:\/\/www.csj-emballages.com\/es\/produit\/vaina-de-detergente-desinfectante-con-aroma-floral-20ml-250pcs\/","og_site_name":"CSJ Emballages","article_publisher":"https:\/\/www.facebook.com\/csjemballages","article_modified_time":"2026-04-03T00:11:39+00:00","og_image":[{"width":800,"height":800,"url":"https:\/\/www.csj-emballages.com\/wp-content\/uploads\/2025\/12\/136410.webp","type":"image\/webp"}],"twitter_card":"summary_large_image","twitter_misc":{"Tiempo de lectura":"2 minutos"},"schema":{"@context":"https:\/\/schema.org","@graph":[{"@type":"WebPage","@id":"https:\/\/www.csj-emballages.com\/es\/produit\/vaina-de-detergente-desinfectante-con-aroma-floral-20ml-250pcs\/","url":"https:\/\/www.csj-emballages.com\/es\/produit\/vaina-de-detergente-desinfectante-con-aroma-floral-20ml-250pcs\/","name":"Dosificador Detergente Desinfectante Fragancia Floral 20ml \u00e0 250","isPartOf":{"@id":"https:\/\/www.csj-emballages.com\/es\/#website"},"primaryImageOfPage":{"@id":"https:\/\/www.csj-emballages.com\/es\/produit\/vaina-de-detergente-desinfectante-con-aroma-floral-20ml-250pcs\/#primaryimage"},"image":{"@id":"https:\/\/www.csj-emballages.com\/es\/produit\/vaina-de-detergente-desinfectante-con-aroma-floral-20ml-250pcs\/#primaryimage"},"thumbnailUrl":"https:\/\/www.csj-emballages.com\/wp-content\/uploads\/2025\/12\/136410.webp","datePublished":"2025-12-15T13:18:23+00:00","dateModified":"2026-04-03T00:11:39+00:00","description":"Freshysol 3D fragancia floral detergente desinfectante vaina 20 ml por 250. Limpia, neutraliza los olores y deja un frescor duradero.","breadcrumb":{"@id":"https:\/\/www.csj-emballages.com\/es\/produit\/vaina-de-detergente-desinfectante-con-aroma-floral-20ml-250pcs\/#breadcrumb"},"inLanguage":"es","potentialAction":[{"@type":"ReadAction","target":["https:\/\/www.csj-emballages.com\/es\/produit\/vaina-de-detergente-desinfectante-con-aroma-floral-20ml-250pcs\/"]}]},{"@type":"ImageObject","inLanguage":"es","@id":"https:\/\/www.csj-emballages.com\/es\/produit\/vaina-de-detergente-desinfectante-con-aroma-floral-20ml-250pcs\/#primaryimage","url":"https:\/\/www.csj-emballages.com\/wp-content\/uploads\/2025\/12\/136410.webp","contentUrl":"https:\/\/www.csj-emballages.com\/wp-content\/uploads\/2025\/12\/136410.webp","width":800,"height":800,"caption":"Dosette d\u00e9tergente"},{"@type":"BreadcrumbList","@id":"https:\/\/www.csj-emballages.com\/es\/produit\/vaina-de-detergente-desinfectante-con-aroma-floral-20ml-250pcs\/#breadcrumb","itemListElement":[{"@type":"ListItem","position":1,"name":"Accueil","item":"https:\/\/www.csj-emballages.com\/es\/universo-del-envasado-alimentario\/"},{"@type":"ListItem","position":2,"name":"Tienda","item":"https:\/\/www.csj-emballages.com\/tienda\/"},{"@type":"ListItem","position":3,"name":"Vaina de detergente desinfectante con aroma floral 20ml 250pcs"}]},{"@type":"WebSite","@id":"https:\/\/www.csj-emballages.com\/es\/#website","url":"https:\/\/www.csj-emballages.com\/es\/","name":"CSJ Emballages","description":"","publisher":{"@id":"https:\/\/www.csj-emballages.com\/es\/#organization"},"potentialAction":[{"@type":"SearchAction","target":{"@type":"EntryPoint","urlTemplate":"https:\/\/www.csj-emballages.com\/es\/?s={search_term_string}"},"query-input":{"@type":"PropertyValueSpecification","valueRequired":true,"valueName":"search_term_string"}}],"inLanguage":"es"},{"@type":"Organization","@id":"https:\/\/www.csj-emballages.com\/es\/#Organization\/","name":"CSJ Emballages","url":"https:\/\/www.csj-emballages.com\/es\/","logo":{"@type":"ImageObject","inLanguage":"es","@id":"https:\/\/www.csj-emballages.com\/es\/#\/schema\/logo\/image\/","url":"https:\/\/www.csj-emballages.com\/wp-content\/uploads\/2023\/10\/logo_csj.webp","contentUrl":"https:\/\/www.csj-emballages.com\/wp-content\/uploads\/2023\/10\/logo_csj.webp","width":250,"height":95,"caption":"CSJ Emballages"},"image":{"@id":"https:\/\/www.csj-emballages.com\/es\/#\/schema\/logo\/image\/"},"sameAs":["https:\/\/www.facebook.com\/csjemballages"],"address":{"@type":"PostalAddress","streetAddress":"ZI La Lechere","addressLocality":"Patornay","postalCode":"39130","addressCountry":"FR"},"contactPoint":[{"@type":"ContactPoint","contactType":"Service client","telephone":"0384254272","email":"contact@csj-emballages.com"}]}]}},"df_price":37.55,"df_sale_price":"","df_regular_price":37.55,"df_image_link":"https:\/\/www.csj-emballages.com\/wp-content\/uploads\/2025\/12\/136410-300x300.webp","tiered_pricing_type":"fixed","tiered_pricing_fixed_rules":[],"tiered_pricing_percentage_rules":[],"tiered_pricing_minimum":1,"tiered_pricing_roles_data":[],"_links":{"self":[{"href":"https:\/\/www.csj-emballages.com\/es\/wp-json\/wp\/v2\/product\/259022","targetHints":{"allow":["GET"]}}],"collection":[{"href":"https:\/\/www.csj-emballages.com\/es\/wp-json\/wp\/v2\/product"}],"about":[{"href":"https:\/\/www.csj-emballages.com\/es\/wp-json\/wp\/v2\/types\/product"}],"wp:featuredmedia":[{"embeddable":true,"href":"https:\/\/www.csj-emballages.com\/es\/wp-json\/wp\/v2\/media\/259012"}],"wp:attachment":[{"href":"https:\/\/www.csj-emballages.com\/es\/wp-json\/wp\/v2\/media?parent=259022"}],"wp:term":[{"taxonomy":"product_brand","embeddable":true,"href":"https:\/\/www.csj-emballages.com\/es\/wp-json\/wp\/v2\/product_brand?post=259022"},{"taxonomy":"product_cat","embeddable":true,"href":"https:\/\/www.csj-emballages.com\/es\/wp-json\/wp\/v2\/product_cat?post=259022"},{"taxonomy":"product_tag","embeddable":true,"href":"https:\/\/www.csj-emballages.com\/es\/wp-json\/wp\/v2\/product_tag?post=259022"}],"curies":[{"name":"wp","href":"https:\/\/api.w.org\/{rel}","templated":true}]}}