{"id":259004,"date":"2025-12-11T14:18:20","date_gmt":"2025-12-11T13:18:20","guid":{"rendered":"https:\/\/www.csj-emballages.com\/produit\/tapa-de-papel-para-vaso-374bla-50-uds\/"},"modified":"2026-05-06T02:12:20","modified_gmt":"2026-05-06T00:12:20","slug":"tapa-de-papel-para-vaso-374bla-50-uds","status":"publish","type":"product","link":"https:\/\/www.csj-emballages.com\/es\/produit\/tapa-de-papel-para-vaso-374bla-50-uds\/","title":{"rendered":"Tapa de papel para vaso 374BLA, 50 uds."},"content":{"rendered":"<h2>Tapa de papel<\/h2>\n<hr>\n<h3>Descubra nuestra tapa de papel para vasos 374BLA, paquete de 50<\/h3>\n<p><!--more--><\/p>\n<p data-start=\"227\" data-end=\"612\">Esta <strong>tapa de<\/strong> <strong>vaso de<\/strong> <strong>papel<\/strong> <span style=\"color: #d12727;\"><a style=\"color: #d12727;\" href=\"https:\/\/www.csj-emballages.com\/es\/produit\/50-vasos-de-carton-blanco-de-12-cl\/\"><strong data-start=\"263\" data-end=\"273\">374BLA<\/strong><\/a><\/span> es el peque\u00f1o detalle que marca la diferencia a la hora de servir bebidas para llevar. Sencilla, discreta y eficaz, asegura el contenido del <strong>vaso<\/strong> a la vez que mantiene la presentaci\u00f3n limpia y ordenada. Una vez colocada, se sujeta firmemente y no resbala, para que pueda llevar su bebida sin estr\u00e9s, incluso en plena hora punta.  <\/p>\n<p data-start=\"614\" data-end=\"993\">Su <strong data-start=\"618\" data-end=\"635\">color blanco<\/strong> le confiere un aspecto neutro y discreto, perfecto para todo tipo de establecimientos. Tanto si sirve <strong>caf\u00e9<\/strong>, <strong>t\u00e9<\/strong> o cualquier otra bebida caliente, esta tapa se integrar\u00e1 f\u00e1cilmente en su servicio sin restar protagonismo a su imagen. <\/p>\n<p data-start=\"995\" data-end=\"1352\">Fabricada en <strong>papel<\/strong>, tambi\u00e9n responde a las expectativas actuales de soluciones m\u00e1s responsables. Ofrece una alternativa pr\u00e1ctica a las tapas de pl\u00e1stico, sin dejar de ser agradable de usar a diario. Adem\u00e1s, su sencillo dise\u00f1o permite colocarla r\u00e1pidamente, ahorr\u00e1ndole tiempo en cada servicio, sobre todo cuando se trata de un pedido tras otro.  <\/p>\n<p data-start=\"1354\" data-end=\"1706\">Esta <strong>tapa de papel<\/strong>, que se vende <strong data-start=\"1360\" data-end=\"1377\">en paquetes de 50<\/strong> unidades, es ideal para cafeter\u00edas, bares, food-trucks, oficinas o eventos puntuales. Tiene el tama\u00f1o justo para gestionar sus existencias sin ocupar demasiado espacio. En resumen, es un accesorio discreto pero esencial, dise\u00f1ado para facilitar la venta de comida para llevar y mejorar la experiencia del cliente hasta el \u00faltimo sorbo.  <\/p>\n<p data-start=\"1573\" data-end=\"1705\"><!--more--><\/p>\n<h4>Ventajas :<\/h4>\n<ul>\n<li data-start=\"1734\" data-end=\"1768\">Sujeci\u00f3n eficaz de la <strong>copa<\/strong>.<\/li>\n<li data-start=\"1816\" data-end=\"1841\">Aspecto limpio y neutro.<\/li>\n<li data-start=\"1844\" data-end=\"1866\">Instalaci\u00f3n r\u00e1pida.<\/li>\n<li data-start=\"1869\" data-end=\"1902\">Paquete de <strong>50<\/strong> para uso profesional.<\/li>\n<\/ul>\n<p>&nbsp;<\/p>\n<p><!--more--><\/p>\n<h4>Informaci\u00f3n adicional :<\/h4>\n<ul>\n<li><strong>Envase<\/strong>: Paquete de 50<\/li>\n<li><strong>Dimensiones<\/strong>: \u00d864 x 11 mm (di\u00e1metro x altura)<\/li>\n<li><strong>Color<\/strong>: blanco<\/li>\n<li><strong>Material<\/strong>: Papel<\/li>\n<\/ul>\n<p>&nbsp;<\/p>\n<p><!--more--><\/p>\n<p>Encuentre aqu\u00ed los vasos compatibles con esta tapa de papel : <span style=\"color: #d12727;\"><a style=\"color: #d12727;\" href=\"https:\/\/www.csj-emballages.com\/es\/produit\/50-vasos-de-carton-blanco-de-12-cl\/\">374BLA<\/a><\/span><\/p>\n<p>&nbsp;<\/p>\n<p><!--more--><\/p>\n<p><a href=\"https:\/\/www.csj-emballages.com\/es\/categorie-produit\/envasado-de-alimentos\/catering-es\/tazas-vasos-cubos-botellas\/vasos-de-carton\/tazas-blancas\/\">Ver el resto de nuestra gama de vasos de papel<\/a><\/p>\n","protected":false},"excerpt":{"rendered":"<p>Tapa de papel Descubra nuestra tapa de papel para vasos 374BLA, paquete de 50<\/p>\n","protected":false},"featured_media":258998,"template":"","meta":{"_acf_changed":false},"product_brand":[],"product_cat":[1150,1179,1462,9240,9241,3545,1270],"product_tag":[],"class_list":{"0":"post-259004","1":"product","2":"type-product","3":"status-publish","4":"has-post-thumbnail","6":"product_cat-envasado-de-alimentos","7":"product_cat-catering-es","8":"product_cat-tazas-vasos-cubos-botellas","9":"product_cat-vasos-de-carton","10":"product_cat-tazas-blancas","11":"product_cat-accesorios-es","12":"product_cat-descuentos","14":"first","15":"instock","16":"sale","17":"taxable","18":"shipping-taxable","19":"purchasable","20":"product-type-simple"},"acf":[],"yoast_head":"<!-- This site is optimized with the Yoast SEO Premium plugin v26.6 (Yoast SEO v26.6) - https:\/\/yoast.com\/wordpress\/plugins\/seo\/ -->\n<title>Tapa de papel para vaso 374BLA 50 unid.<\/title>\n<meta name=\"description\" content=\"Tapa de papel blanco para vaso 374BLA, se vende en paquetes de 50 unidades. Pr\u00e1ctico, estable e ideal para bebidas calientes para llevar.\" \/>\n<meta name=\"robots\" content=\"index, follow, max-snippet:-1, max-image-preview:large, max-video-preview:-1\" \/>\n<link rel=\"canonical\" href=\"https:\/\/www.csj-emballages.com\/es\/produit\/tapa-de-papel-para-vaso-374bla-50-uds\/\" \/>\n<meta property=\"og:locale\" content=\"es_ES\" \/>\n<meta property=\"og:type\" content=\"article\" \/>\n<meta property=\"og:title\" content=\"Tapa de papel para vaso 374BLA, 50 uds.\" \/>\n<meta property=\"og:description\" content=\"Tapa de papel blanco para vaso 374BLA, se vende en paquetes de 50 unidades. Pr\u00e1ctico, estable e ideal para bebidas calientes para llevar.\" \/>\n<meta property=\"og:url\" content=\"https:\/\/www.csj-emballages.com\/es\/produit\/tapa-de-papel-para-vaso-374bla-50-uds\/\" \/>\n<meta property=\"og:site_name\" content=\"CSJ Emballages\" \/>\n<meta property=\"article:publisher\" content=\"https:\/\/www.facebook.com\/csjemballages\" \/>\n<meta property=\"article:modified_time\" content=\"2026-05-06T00:12:20+00:00\" \/>\n<meta property=\"og:image\" content=\"https:\/\/www.csj-emballages.com\/wp-content\/uploads\/2025\/12\/C374PDEST.webp\" \/>\n\t<meta property=\"og:image:width\" content=\"800\" \/>\n\t<meta property=\"og:image:height\" content=\"799\" \/>\n\t<meta property=\"og:image:type\" content=\"image\/webp\" \/>\n<meta name=\"twitter:card\" content=\"summary_large_image\" \/>\n<meta name=\"twitter:label1\" content=\"Tiempo de lectura\" \/>\n\t<meta name=\"twitter:data1\" content=\"2 minutos\" \/>\n<script type=\"application\/ld+json\" class=\"yoast-schema-graph\">{\"@context\":\"https:\/\/schema.org\",\"@graph\":[{\"@type\":\"WebPage\",\"@id\":\"https:\/\/www.csj-emballages.com\/es\/produit\/tapa-de-papel-para-vaso-374bla-50-uds\/\",\"url\":\"https:\/\/www.csj-emballages.com\/es\/produit\/tapa-de-papel-para-vaso-374bla-50-uds\/\",\"name\":\"Tapa de papel para vaso 374BLA 50 unid.\",\"isPartOf\":{\"@id\":\"https:\/\/www.csj-emballages.com\/es\/#website\"},\"primaryImageOfPage\":{\"@id\":\"https:\/\/www.csj-emballages.com\/es\/produit\/tapa-de-papel-para-vaso-374bla-50-uds\/#primaryimage\"},\"image\":{\"@id\":\"https:\/\/www.csj-emballages.com\/es\/produit\/tapa-de-papel-para-vaso-374bla-50-uds\/#primaryimage\"},\"thumbnailUrl\":\"https:\/\/www.csj-emballages.com\/wp-content\/uploads\/2025\/12\/C374PDEST.webp\",\"datePublished\":\"2025-12-11T13:18:20+00:00\",\"dateModified\":\"2026-05-06T00:12:20+00:00\",\"description\":\"Tapa de papel blanco para vaso 374BLA, se vende en paquetes de 50 unidades. Pr\u00e1ctico, estable e ideal para bebidas calientes para llevar.\",\"breadcrumb\":{\"@id\":\"https:\/\/www.csj-emballages.com\/es\/produit\/tapa-de-papel-para-vaso-374bla-50-uds\/#breadcrumb\"},\"inLanguage\":\"es\",\"potentialAction\":[{\"@type\":\"ReadAction\",\"target\":[\"https:\/\/www.csj-emballages.com\/es\/produit\/tapa-de-papel-para-vaso-374bla-50-uds\/\"]}]},{\"@type\":\"ImageObject\",\"inLanguage\":\"es\",\"@id\":\"https:\/\/www.csj-emballages.com\/es\/produit\/tapa-de-papel-para-vaso-374bla-50-uds\/#primaryimage\",\"url\":\"https:\/\/www.csj-emballages.com\/wp-content\/uploads\/2025\/12\/C374PDEST.webp\",\"contentUrl\":\"https:\/\/www.csj-emballages.com\/wp-content\/uploads\/2025\/12\/C374PDEST.webp\",\"width\":800,\"height\":799,\"caption\":\"Couvercle en papier\"},{\"@type\":\"BreadcrumbList\",\"@id\":\"https:\/\/www.csj-emballages.com\/es\/produit\/tapa-de-papel-para-vaso-374bla-50-uds\/#breadcrumb\",\"itemListElement\":[{\"@type\":\"ListItem\",\"position\":1,\"name\":\"Accueil\",\"item\":\"https:\/\/www.csj-emballages.com\/es\/universo-del-envasado-alimentario\/\"},{\"@type\":\"ListItem\",\"position\":2,\"name\":\"Tienda\",\"item\":\"https:\/\/www.csj-emballages.com\/tienda\/\"},{\"@type\":\"ListItem\",\"position\":3,\"name\":\"Tapa de papel para vaso 374BLA, 50 uds.\"}]},{\"@type\":\"WebSite\",\"@id\":\"https:\/\/www.csj-emballages.com\/es\/#website\",\"url\":\"https:\/\/www.csj-emballages.com\/es\/\",\"name\":\"CSJ Emballages\",\"description\":\"\",\"publisher\":{\"@id\":\"https:\/\/www.csj-emballages.com\/es\/#organization\"},\"potentialAction\":[{\"@type\":\"SearchAction\",\"target\":{\"@type\":\"EntryPoint\",\"urlTemplate\":\"https:\/\/www.csj-emballages.com\/es\/?s={search_term_string}\"},\"query-input\":{\"@type\":\"PropertyValueSpecification\",\"valueRequired\":true,\"valueName\":\"search_term_string\"}}],\"inLanguage\":\"es\"},{\"@type\":\"Organization\",\"@id\":\"https:\/\/www.csj-emballages.com\/es\/#Organization\/\",\"name\":\"CSJ Emballages\",\"url\":\"https:\/\/www.csj-emballages.com\/es\/\",\"logo\":{\"@type\":\"ImageObject\",\"inLanguage\":\"es\",\"@id\":\"https:\/\/www.csj-emballages.com\/es\/#\/schema\/logo\/image\/\",\"url\":\"https:\/\/www.csj-emballages.com\/wp-content\/uploads\/2023\/10\/logo_csj.webp\",\"contentUrl\":\"https:\/\/www.csj-emballages.com\/wp-content\/uploads\/2023\/10\/logo_csj.webp\",\"width\":250,\"height\":95,\"caption\":\"CSJ Emballages\"},\"image\":{\"@id\":\"https:\/\/www.csj-emballages.com\/es\/#\/schema\/logo\/image\/\"},\"sameAs\":[\"https:\/\/www.facebook.com\/csjemballages\"],\"address\":{\"@type\":\"PostalAddress\",\"streetAddress\":\"ZI La Lechere\",\"addressLocality\":\"Patornay\",\"postalCode\":\"39130\",\"addressCountry\":\"FR\"},\"contactPoint\":[{\"@type\":\"ContactPoint\",\"contactType\":\"Service client\",\"telephone\":\"0384254272\",\"email\":\"contact@csj-emballages.com\"}]}]}<\/script>\n<!-- \/ Yoast SEO Premium plugin. -->","yoast_head_json":{"title":"Tapa de papel para vaso 374BLA 50 unid.","description":"Tapa de papel blanco para vaso 374BLA, se vende en paquetes de 50 unidades. Pr\u00e1ctico, estable e ideal para bebidas calientes para llevar.","robots":{"index":"index","follow":"follow","max-snippet":"max-snippet:-1","max-image-preview":"max-image-preview:large","max-video-preview":"max-video-preview:-1"},"canonical":"https:\/\/www.csj-emballages.com\/es\/produit\/tapa-de-papel-para-vaso-374bla-50-uds\/","og_locale":"es_ES","og_type":"article","og_title":"Tapa de papel para vaso 374BLA, 50 uds.","og_description":"Tapa de papel blanco para vaso 374BLA, se vende en paquetes de 50 unidades. Pr\u00e1ctico, estable e ideal para bebidas calientes para llevar.","og_url":"https:\/\/www.csj-emballages.com\/es\/produit\/tapa-de-papel-para-vaso-374bla-50-uds\/","og_site_name":"CSJ Emballages","article_publisher":"https:\/\/www.facebook.com\/csjemballages","article_modified_time":"2026-05-06T00:12:20+00:00","og_image":[{"width":800,"height":799,"url":"https:\/\/www.csj-emballages.com\/wp-content\/uploads\/2025\/12\/C374PDEST.webp","type":"image\/webp"}],"twitter_card":"summary_large_image","twitter_misc":{"Tiempo de lectura":"2 minutos"},"schema":{"@context":"https:\/\/schema.org","@graph":[{"@type":"WebPage","@id":"https:\/\/www.csj-emballages.com\/es\/produit\/tapa-de-papel-para-vaso-374bla-50-uds\/","url":"https:\/\/www.csj-emballages.com\/es\/produit\/tapa-de-papel-para-vaso-374bla-50-uds\/","name":"Tapa de papel para vaso 374BLA 50 unid.","isPartOf":{"@id":"https:\/\/www.csj-emballages.com\/es\/#website"},"primaryImageOfPage":{"@id":"https:\/\/www.csj-emballages.com\/es\/produit\/tapa-de-papel-para-vaso-374bla-50-uds\/#primaryimage"},"image":{"@id":"https:\/\/www.csj-emballages.com\/es\/produit\/tapa-de-papel-para-vaso-374bla-50-uds\/#primaryimage"},"thumbnailUrl":"https:\/\/www.csj-emballages.com\/wp-content\/uploads\/2025\/12\/C374PDEST.webp","datePublished":"2025-12-11T13:18:20+00:00","dateModified":"2026-05-06T00:12:20+00:00","description":"Tapa de papel blanco para vaso 374BLA, se vende en paquetes de 50 unidades. Pr\u00e1ctico, estable e ideal para bebidas calientes para llevar.","breadcrumb":{"@id":"https:\/\/www.csj-emballages.com\/es\/produit\/tapa-de-papel-para-vaso-374bla-50-uds\/#breadcrumb"},"inLanguage":"es","potentialAction":[{"@type":"ReadAction","target":["https:\/\/www.csj-emballages.com\/es\/produit\/tapa-de-papel-para-vaso-374bla-50-uds\/"]}]},{"@type":"ImageObject","inLanguage":"es","@id":"https:\/\/www.csj-emballages.com\/es\/produit\/tapa-de-papel-para-vaso-374bla-50-uds\/#primaryimage","url":"https:\/\/www.csj-emballages.com\/wp-content\/uploads\/2025\/12\/C374PDEST.webp","contentUrl":"https:\/\/www.csj-emballages.com\/wp-content\/uploads\/2025\/12\/C374PDEST.webp","width":800,"height":799,"caption":"Couvercle en papier"},{"@type":"BreadcrumbList","@id":"https:\/\/www.csj-emballages.com\/es\/produit\/tapa-de-papel-para-vaso-374bla-50-uds\/#breadcrumb","itemListElement":[{"@type":"ListItem","position":1,"name":"Accueil","item":"https:\/\/www.csj-emballages.com\/es\/universo-del-envasado-alimentario\/"},{"@type":"ListItem","position":2,"name":"Tienda","item":"https:\/\/www.csj-emballages.com\/tienda\/"},{"@type":"ListItem","position":3,"name":"Tapa de papel para vaso 374BLA, 50 uds."}]},{"@type":"WebSite","@id":"https:\/\/www.csj-emballages.com\/es\/#website","url":"https:\/\/www.csj-emballages.com\/es\/","name":"CSJ Emballages","description":"","publisher":{"@id":"https:\/\/www.csj-emballages.com\/es\/#organization"},"potentialAction":[{"@type":"SearchAction","target":{"@type":"EntryPoint","urlTemplate":"https:\/\/www.csj-emballages.com\/es\/?s={search_term_string}"},"query-input":{"@type":"PropertyValueSpecification","valueRequired":true,"valueName":"search_term_string"}}],"inLanguage":"es"},{"@type":"Organization","@id":"https:\/\/www.csj-emballages.com\/es\/#Organization\/","name":"CSJ Emballages","url":"https:\/\/www.csj-emballages.com\/es\/","logo":{"@type":"ImageObject","inLanguage":"es","@id":"https:\/\/www.csj-emballages.com\/es\/#\/schema\/logo\/image\/","url":"https:\/\/www.csj-emballages.com\/wp-content\/uploads\/2023\/10\/logo_csj.webp","contentUrl":"https:\/\/www.csj-emballages.com\/wp-content\/uploads\/2023\/10\/logo_csj.webp","width":250,"height":95,"caption":"CSJ Emballages"},"image":{"@id":"https:\/\/www.csj-emballages.com\/es\/#\/schema\/logo\/image\/"},"sameAs":["https:\/\/www.facebook.com\/csjemballages"],"address":{"@type":"PostalAddress","streetAddress":"ZI La Lechere","addressLocality":"Patornay","postalCode":"39130","addressCountry":"FR"},"contactPoint":[{"@type":"ContactPoint","contactType":"Service client","telephone":"0384254272","email":"contact@csj-emballages.com"}]}]}},"df_price":1.34,"df_sale_price":1.34,"df_regular_price":1.68,"df_image_link":"https:\/\/www.csj-emballages.com\/wp-content\/uploads\/2025\/12\/C374PDEST-300x300.webp","tiered_pricing_type":"fixed","tiered_pricing_fixed_rules":[],"tiered_pricing_percentage_rules":[],"tiered_pricing_minimum":1,"tiered_pricing_roles_data":[],"_links":{"self":[{"href":"https:\/\/www.csj-emballages.com\/es\/wp-json\/wp\/v2\/product\/259004","targetHints":{"allow":["GET"]}}],"collection":[{"href":"https:\/\/www.csj-emballages.com\/es\/wp-json\/wp\/v2\/product"}],"about":[{"href":"https:\/\/www.csj-emballages.com\/es\/wp-json\/wp\/v2\/types\/product"}],"wp:featuredmedia":[{"embeddable":true,"href":"https:\/\/www.csj-emballages.com\/es\/wp-json\/wp\/v2\/media\/258998"}],"wp:attachment":[{"href":"https:\/\/www.csj-emballages.com\/es\/wp-json\/wp\/v2\/media?parent=259004"}],"wp:term":[{"taxonomy":"product_brand","embeddable":true,"href":"https:\/\/www.csj-emballages.com\/es\/wp-json\/wp\/v2\/product_brand?post=259004"},{"taxonomy":"product_cat","embeddable":true,"href":"https:\/\/www.csj-emballages.com\/es\/wp-json\/wp\/v2\/product_cat?post=259004"},{"taxonomy":"product_tag","embeddable":true,"href":"https:\/\/www.csj-emballages.com\/es\/wp-json\/wp\/v2\/product_tag?post=259004"}],"curies":[{"name":"wp","href":"https:\/\/api.w.org\/{rel}","templated":true}]}}